{"id":47141,"date":"2019-08-08T11:49:33","date_gmt":"2019-08-08T09:49:33","guid":{"rendered":"http:\/\/136.144.181.85\/~nedzink\/?page_id=47141"},"modified":"2019-09-17T13:42:16","modified_gmt":"2019-09-17T11:42:16","slug":"abonnez-vous-a-la-newsletter","status":"publish","type":"page","link":"https:\/\/www.nedzink.com\/fr-be\/abonnez-vous-a-la-newsletter\/","title":{"rendered":"Abonnez-vous \u00e0 la newsletter"},"content":{"rendered":"[vc_row][vc_column][mk_padding_divider size=\u00a0\u00bb75&Prime; visibility=\u00a0\u00bbhidden-sm\u00a0\u00bb][\/vc_column][\/vc_row][vc_row equal_columns=\u00a0\u00bbtrue\u00a0\u00bb attached=\u00a0\u00bbtrue\u00a0\u00bb column_padding=\u00a0\u00bb3&Prime; el_class=\u00a0\u00bbrij-wit-schaduw\u00a0\u00bb][vc_column][vc_column_text css=\u00a0\u00bb.vc_custom_1567494291329{margin-bottom: 0px !important;}\u00a0\u00bb]\n<h1>Abonnez-vous \u00e0 la newsletter<\/h1>\n<p>Gr\u00e2ce \u00e0 notre newsletter, vous restez inform\u00e9 de nos produits, applications et projets.[\/vc_column_text][vc_column_text css=\u00a0\u00bb.vc_custom_1560861341089{margin-bottom: 0px !important;}\u00a0\u00bb]\n<div class=\"caldera-grid\" id=\"caldera_form_1\" data-cf-ver=\"1.9.6\" data-cf-form-id=\"CF5d80c614ce535\"><div id=\"caldera_notices_1\" data-spinner=\"https:\/\/www.nedzink.com\/wp-admin\/images\/spinner.gif\"><\/div><form data-instance=\"1\" class=\"CF5d80c614ce535 caldera_forms_form cfajax-trigger\" method=\"POST\" enctype=\"multipart\/form-data\" id=\"CF5d80c614ce535_1\" data-form-id=\"CF5d80c614ce535\" aria-label=\"Nieuwsbrief Inschrijving FR-BE\" data-target=\"#caldera_notices_1\" data-template=\"#cfajax_CF5d80c614ce535-tmpl\" data-cfajax=\"CF5d80c614ce535\" data-load-element=\"_parent\" data-load-class=\"cf_processing\" data-post-disable=\"0\" data-action=\"cf_process_ajax_submit\" data-request=\"https:\/\/www.nedzink.com\/fr-be\/\/cf-api\/CF5d80c614ce535\" data-custom-callback=\"formSubmitCaldera\" data-hiderows=\"true\">\r\n<input type=\"hidden\" id=\"_cf_verify_CF5d80c614ce535\" name=\"_cf_verify\" value=\"76625bdacb\"  data-nonce-time=\"1775740094\" \/><input type=\"hidden\" name=\"_wp_http_referer\" value=\"\/fr-be\/wp-json\/wp\/v2\/pages\/47141\" \/><div id=\"cf2-CF5d80c614ce535_1\"><\/div><input type=\"hidden\" name=\"_cf_frm_id\" value=\"CF5d80c614ce535\">\r\n<input type=\"hidden\" name=\"_cf_frm_ct\" value=\"1\">\r\n<input type=\"hidden\" name=\"cfajax\" value=\"CF5d80c614ce535\">\r\n<input type=\"hidden\" name=\"_cf_cr_pst\" value=\"47141\">\r\n<div class=\"hide\" style=\"display:none; overflow:hidden;height:0;width:0;\">\r\n<label>Twitter<\/label><input type=\"text\" name=\"twitter\" value=\"\" autocomplete=\"off\">\r\n<\/div><div id=\"CF5d80c614ce535_1-row-1\"  class=\"row  single\"><div  class=\"col-sm-12  single\"><div data-field-wrapper=\"fld_5647657\" class=\"form-group\" id=\"fld_5647657_1-wrap\">\r\n<label id=\"fld_5647657Label\" for=\"fld_5647657_1\" class=\"control-label\">Titre<\/label>\r\n<div class=\"\">\r\n\t\t\t\t\t<div class=\"radio\">\n\t\t\t\t<label data-label=\"Monsieur\" for=\"fld_5647657_1_opt1535178\"><input type=\"radio\" id=\"fld_5647657_1_opt1535178\" data-field=\"fld_5647657\" class=\"fld_5647657_1\" name=\"fld_5647657\" value=\"Monsieur\"    data-radio-field=\"fld_5647657_1\" data-type=\"radio\" data-calc-value=\"Monsieur\" \/>\n\t\t\tMonsieur\t\t<\/label>\n\t\t\t\t\t<\/div>\n\t\t\t\t\t\t\t\t\t<div class=\"radio\">\n\t\t\t\t<label data-label=\"Madame\" for=\"fld_5647657_1_opt1676741\"><input type=\"radio\" id=\"fld_5647657_1_opt1676741\" data-field=\"fld_5647657\" class=\"fld_5647657_1\" name=\"fld_5647657\" value=\"Madame\"    data-radio-field=\"fld_5647657_1\" data-type=\"radio\" data-calc-value=\"Madame\" \/>\n\t\t\tMadame\t\t<\/label>\n\t\t\t\t\t<\/div>\n\t\t\t\t<\/div>\r\n<\/div>\r\n<div data-field-wrapper=\"fld_9970286\" class=\"form-group\" id=\"fld_9970286_1-wrap\">\r\n\t<label id=\"fld_9970286Label\" for=\"fld_9970286_1\" class=\"control-label\">Nom <span aria-hidden=\"true\" role=\"presentation\" class=\"field_required\" style=\"color:#ee0000;\">*<\/span><\/label>\r\n\t<div class=\"\">\r\n\t\t<input   required type=\"text\" data-field=\"fld_9970286\" class=\" form-control\" id=\"fld_9970286_1\" name=\"fld_9970286\" value=\"\" data-type=\"text\" aria-required=\"true\"   aria-labelledby=\"fld_9970286Label\" >\t\t\t<\/div>\r\n<\/div>\r\n<div data-field-wrapper=\"fld_8768091\" class=\"form-group\" id=\"fld_8768091_1-wrap\">\r\n\t<label id=\"fld_8768091Label\" for=\"fld_8768091_1\" class=\"control-label\">Pr\u00e9nom <span aria-hidden=\"true\" role=\"presentation\" class=\"field_required\" style=\"color:#ee0000;\">*<\/span><\/label>\r\n\t<div class=\"\">\r\n\t\t<input   required type=\"text\" data-field=\"fld_8768091\" class=\" form-control\" id=\"fld_8768091_1\" name=\"fld_8768091\" value=\"\" data-type=\"text\" aria-required=\"true\"   aria-labelledby=\"fld_8768091Label\" >\t\t\t<\/div>\r\n<\/div>\r\n<div data-field-wrapper=\"fld_1024919\" class=\"form-group\" id=\"fld_1024919_1-wrap\">\r\n\t<label id=\"fld_1024919Label\" for=\"fld_1024919_1\" class=\"control-label\">Nom d'enterprise<\/label>\r\n\t<div class=\"\">\r\n\t\t<input    type=\"text\" data-field=\"fld_1024919\" class=\" form-control\" id=\"fld_1024919_1\" name=\"fld_1024919\" value=\"\" data-type=\"text\"   aria-labelledby=\"fld_1024919Label\" >\t\t\t<\/div>\r\n<\/div>\r\n<span class=\"caldera-forms-conditional-field\" role=\"region\" aria-live=\"polite\" id=\"conditional_fld_8072286_1\" data-field-id=\"fld_8072286_1\"><\/span><span class=\"caldera-forms-conditional-field\" role=\"region\" aria-live=\"polite\" id=\"conditional_fld_3015761_1\" data-field-id=\"fld_3015761_1\"><\/span><span class=\"caldera-forms-conditional-field\" role=\"region\" aria-live=\"polite\" id=\"conditional_fld_1120046_1\" data-field-id=\"fld_1120046_1\"><\/span><div data-field-wrapper=\"fld_6503439\" class=\"form-group\" id=\"fld_6503439_1-wrap\">\r\n\t<label id=\"fld_6503439Label\" for=\"fld_6503439_1\" class=\"control-label\">Pays<\/label>\r\n\t<div class=\"\">\r\n\t\t<input    type=\"text\" data-field=\"fld_6503439\" class=\" form-control\" id=\"fld_6503439_1\" name=\"fld_6503439\" value=\"\" data-type=\"text\"   aria-labelledby=\"fld_6503439Label\" >\t\t\t<\/div>\r\n<\/div>\r\n<div data-field-wrapper=\"fld_7706217\" class=\"form-group\" id=\"fld_7706217_1-wrap\">\r\n\t<label id=\"fld_7706217Label\" for=\"fld_7706217_1\" class=\"control-label\">T\u00e9l\u00e9phone<\/label>\r\n\t<div class=\"\">\r\n\t\t<input    type=\"tel\" data-field=\"fld_7706217\" class=\" form-control\" id=\"fld_7706217_1\" name=\"fld_7706217\" value=\"\" data-type=\"phone_better\"   aria-labelledby=\"fld_7706217Label\" >\t\t\t<\/div>\r\n<\/div>\r\n<div data-field-wrapper=\"fld_6009157\" class=\"form-group\" id=\"fld_6009157_1-wrap\">\r\n\t<label id=\"fld_6009157Label\" for=\"fld_6009157_1\" class=\"control-label\">Email <span aria-hidden=\"true\" role=\"presentation\" class=\"field_required\" style=\"color:#ee0000;\">*<\/span><\/label>\r\n\t<div class=\"\">\r\n\t\t<input   required type=\"email\" data-field=\"fld_6009157\" class=\" form-control\" id=\"fld_6009157_1\" name=\"fld_6009157\" value=\"\" data-type=\"email\" aria-required=\"true\"   aria-labelledby=\"fld_6009157Label\" >\t\t\t<\/div>\r\n<\/div>\r\n<div data-field-wrapper=\"fld_2169860\" class=\"form-group\" id=\"fld_2169860_1-wrap\">\r\n\t<label id=\"fld_2169860Label\" for=\"fld_2169860_1\" class=\"control-label\">Site internet<\/label>\r\n\t<div class=\"\">\r\n\t\t<input    type=\"text\" data-field=\"fld_2169860\" class=\" form-control\" id=\"fld_2169860_1\" name=\"fld_2169860\" value=\"\" data-type=\"text\"   aria-labelledby=\"fld_2169860Label\" >\t\t\t<\/div>\r\n<\/div>\r\n<div data-field-wrapper=\"fld_8972151\" class=\"form-group\" id=\"fld_8972151_1-wrap\">\r\n\n\n<div class=\"\">\r\n\n<input placeholder=\"captcha\"  required type=\"hidden\" data-field=\"fld_8972151\" class=\" form-control\" id=\"fld_8972151_1\" name=\"fld_8972151\" value=\"\" data-type=\"recaptcha\" aria-required=\"true\"   aria-labelledby=\"fld_8972151Label\" >\n\t<div id=\"capfld_8972151_1\"><\/div>\n\n\n<\/div>\r\n\n<\/div>\r\n<div data-field-wrapper=\"fld_7908577\" class=\"form-group\" id=\"fld_7908577_1-wrap\">\r\n<div class=\"\">\r\n\t<input  class=\"btn btn-default\" type=\"submit\" name=\"fld_7908577\" id=\"fld_7908577_1\" value=\"S&#039;inscrire\" data-field=\"fld_7908577\"  >\n<\/div>\r\n<\/div>\r\n\t<input class=\"button_trigger_1\" type=\"hidden\" name=\"fld_7908577\" id=\"fld_7908577_1_btn\" value=\"\" data-field=\"fld_7908577\"  \/>\n<\/div><\/div><\/form>\r\n<\/div>\r\n<script type=\"text\/javascript\">\r\nif( typeof caldera_conditionals === \"undefined\" ){ var caldera_conditionals = {}; }caldera_conditionals.CF5d80c614ce535_1 = {\"fld_8072286_1\":{\"type\":\"show\",\"group\":{\"rw6620689084263763\":{\"cl5603772618491990\":{\"parent\":\"rw6620689084263763\",\"field\":\"fld_9840722\",\"compare\":\"is\",\"value\":\"opt1980173\"}}}},\"fld_3015761_1\":{\"type\":\"show\",\"group\":{\"rw6620689084263763\":{\"cl5603772618491990\":{\"parent\":\"rw6620689084263763\",\"field\":\"fld_9840722\",\"compare\":\"is\",\"value\":\"opt1980173\"}}}},\"fld_1120046_1\":{\"type\":\"show\",\"group\":{\"rw6620689084263763\":{\"cl5603772618491990\":{\"parent\":\"rw6620689084263763\",\"field\":\"fld_9840722\",\"compare\":\"is\",\"value\":\"opt1980173\"}}}}};\r\n<\/script>\r\n<script type=\"text\/html\" id=\"conditional-fld_8072286_1-tmpl\">\r\n<div data-field-wrapper=\"fld_8072286\" class=\"form-group\" id=\"fld_8072286_1-wrap\">\r\n\t<label id=\"fld_8072286Label\" for=\"fld_8072286_1\" class=\"control-label\">Rue<\/label>\r\n\t<div class=\"\">\r\n\t\t<input    type=\"text\" data-field=\"fld_8072286\" class=\" form-control\" id=\"fld_8072286_1\" name=\"fld_8072286\" value=\"\" data-type=\"text\"   aria-labelledby=\"fld_8072286Label\" >\t\t\t<\/div>\r\n<\/div>\r\n<\/script>\r\n\r\n<script type=\"text\/html\" id=\"conditional-fld_3015761_1-tmpl\">\r\n<div data-field-wrapper=\"fld_3015761\" class=\"form-group\" id=\"fld_3015761_1-wrap\">\r\n\t<label id=\"fld_3015761Label\" for=\"fld_3015761_1\" class=\"control-label\">code postal<\/label>\r\n\t<div class=\"\">\r\n\t\t<input    type=\"text\" data-field=\"fld_3015761\" class=\" form-control\" id=\"fld_3015761_1\" name=\"fld_3015761\" value=\"\" data-type=\"text\"   aria-labelledby=\"fld_3015761Label\" >\t\t\t<\/div>\r\n<\/div>\r\n<\/script>\r\n\r\n<script type=\"text\/html\" id=\"conditional-fld_1120046_1-tmpl\">\r\n<div data-field-wrapper=\"fld_1120046\" class=\"form-group\" id=\"fld_1120046_1-wrap\">\r\n\t<label id=\"fld_1120046Label\" for=\"fld_1120046_1\" class=\"control-label\">Localit\u00e9<\/label>\r\n\t<div class=\"\">\r\n\t\t<input    type=\"text\" data-field=\"fld_1120046\" class=\" form-control\" id=\"fld_1120046_1\" name=\"fld_1120046\" value=\"\" data-type=\"text\"   aria-labelledby=\"fld_1120046Label\" >\t\t\t<\/div>\r\n<\/div>\r\n<\/script>\r\n\n[\/vc_column_text][\/vc_column][\/vc_row][vc_row][vc_column][mk_padding_divider size=\u00a0\u00bb50&Prime;][\/vc_column][\/vc_row]\n","protected":false},"excerpt":{"rendered":"<p>[vc_row][vc_column][mk_padding_divider size=\u00a0\u00bb75&Prime; visibility=\u00a0\u00bbhidden-sm\u00a0\u00bb][\/vc_column][\/vc_row][vc_row equal_columns=\u00a0\u00bbtrue\u00a0\u00bb attached=\u00a0\u00bbtrue\u00a0\u00bb column_padding=\u00a0\u00bb3&Prime; el_class=\u00a0\u00bbrij-wit-schaduw\u00a0\u00bb][vc_column][vc_column_text css=\u00a0\u00bb.vc_custom_1567494291329{margin-bottom: 0px !important;}\u00a0\u00bb] Abonnez-vous \u00e0 la newsletter Gr\u00e2ce \u00e0 notre newsletter, vous restez inform\u00e9 de nos produits, applications et projets.[\/vc_column_text][vc_column_text css=\u00a0\u00bb.vc_custom_1560861341089{margin-bottom: 0px !important;}\u00a0\u00bb] [\/vc_column_text][\/vc_column][\/vc_row][vc_row][vc_column][mk_padding_divider size=\u00a0\u00bb50&Prime;][\/vc_column][\/vc_row]<\/p>\n","protected":false},"author":4,"featured_media":0,"parent":0,"menu_order":0,"comment_status":"closed","ping_status":"closed","template":"","meta":{"_acf_changed":false,"footnotes":""},"class_list":["post-47141","page","type-page","status-publish","hentry"],"acf":[],"yoast_head":"<!-- This site is optimized with the Yoast SEO plugin v26.8 - https:\/\/yoast.com\/product\/yoast-seo-wordpress\/ -->\n<title>Abonnez-vous \u00e0 la newsletter \u2013 NedZink<\/title>\n<meta name=\"robots\" content=\"index, follow, max-snippet:-1, max-image-preview:large, max-video-preview:-1\" \/>\n<link rel=\"canonical\" href=\"https:\/\/www.nedzink.com\/fr-be\/abonnez-vous-a-la-newsletter\/\" \/>\n<meta property=\"og:locale\" content=\"fr_FR\" \/>\n<meta property=\"og:type\" content=\"article\" \/>\n<meta property=\"og:title\" content=\"Abonnez-vous \u00e0 la newsletter \u2013 NedZink\" \/>\n<meta property=\"og:description\" content=\"[vc_row][vc_column][mk_padding_divider size=\u00a0\u00bb75&Prime; visibility=\u00a0\u00bbhidden-sm\u00a0\u00bb][\/vc_column][\/vc_row][vc_row equal_columns=\u00a0\u00bbtrue\u00a0\u00bb attached=\u00a0\u00bbtrue\u00a0\u00bb column_padding=\u00a0\u00bb3&Prime; el_class=\u00a0\u00bbrij-wit-schaduw\u00a0\u00bb][vc_column][vc_column_text css=\u00a0\u00bb.vc_custom_1567494291329{margin-bottom: 0px !important;}\u00a0\u00bb] Abonnez-vous \u00e0 la newsletter Gr\u00e2ce \u00e0 notre newsletter, vous restez inform\u00e9 de nos produits, applications et projets.[\/vc_column_text][vc_column_text css=\u00a0\u00bb.vc_custom_1560861341089{margin-bottom: 0px !important;}\u00a0\u00bb] [\/vc_column_text][\/vc_column][\/vc_row][vc_row][vc_column][mk_padding_divider size=\u00a0\u00bb50&Prime;][\/vc_column][\/vc_row]\" \/>\n<meta property=\"og:url\" content=\"https:\/\/www.nedzink.com\/fr-be\/abonnez-vous-a-la-newsletter\/\" \/>\n<meta property=\"og:site_name\" content=\"NedZink\" \/>\n<meta property=\"article:modified_time\" content=\"2019-09-17T11:42:16+00:00\" \/>\n<meta name=\"twitter:card\" content=\"summary_large_image\" \/>\n<script type=\"application\/ld+json\" class=\"yoast-schema-graph\">{\"@context\":\"https:\/\/schema.org\",\"@graph\":[{\"@type\":\"WebPage\",\"@id\":\"https:\/\/www.nedzink.com\/fr-be\/abonnez-vous-a-la-newsletter\/\",\"url\":\"https:\/\/www.nedzink.com\/fr-be\/abonnez-vous-a-la-newsletter\/\",\"name\":\"Abonnez-vous \u00e0 la newsletter \u2013 NedZink\",\"isPartOf\":{\"@id\":\"https:\/\/www.nedzink.com\/fr-be\/#website\"},\"datePublished\":\"2019-08-08T09:49:33+00:00\",\"dateModified\":\"2019-09-17T11:42:16+00:00\",\"breadcrumb\":{\"@id\":\"https:\/\/www.nedzink.com\/fr-be\/abonnez-vous-a-la-newsletter\/#breadcrumb\"},\"inLanguage\":\"fr-BE\",\"potentialAction\":[{\"@type\":\"ReadAction\",\"target\":[\"https:\/\/www.nedzink.com\/fr-be\/abonnez-vous-a-la-newsletter\/\"]}]},{\"@type\":\"BreadcrumbList\",\"@id\":\"https:\/\/www.nedzink.com\/fr-be\/abonnez-vous-a-la-newsletter\/#breadcrumb\",\"itemListElement\":[{\"@type\":\"ListItem\",\"position\":1,\"name\":\"Home\",\"item\":\"https:\/\/www.nedzink.com\/fr-be\/\"},{\"@type\":\"ListItem\",\"position\":2,\"name\":\"Abonnez-vous \u00e0 la newsletter\"}]},{\"@type\":\"WebSite\",\"@id\":\"https:\/\/www.nedzink.com\/fr-be\/#website\",\"url\":\"https:\/\/www.nedzink.com\/fr-be\/\",\"name\":\"NedZink\",\"description\":\"Zink fabrikant\",\"publisher\":{\"@id\":\"https:\/\/www.nedzink.com\/fr-be\/#organization\"},\"potentialAction\":[{\"@type\":\"SearchAction\",\"target\":{\"@type\":\"EntryPoint\",\"urlTemplate\":\"https:\/\/www.nedzink.com\/fr-be\/?s={search_term_string}\"},\"query-input\":{\"@type\":\"PropertyValueSpecification\",\"valueRequired\":true,\"valueName\":\"search_term_string\"}}],\"inLanguage\":\"fr-BE\"},{\"@type\":\"Organization\",\"@id\":\"https:\/\/www.nedzink.com\/fr-be\/#organization\",\"name\":\"NedZink\",\"url\":\"https:\/\/www.nedzink.com\/fr-be\/\",\"logo\":{\"@type\":\"ImageObject\",\"inLanguage\":\"fr-BE\",\"@id\":\"https:\/\/www.nedzink.com\/fr-be\/#\/schema\/logo\/image\/\",\"url\":\"https:\/\/www.nedzink.com\/wp-content\/uploads\/2019\/08\/logo-nedzink_fc_zk.jpg\",\"contentUrl\":\"https:\/\/www.nedzink.com\/wp-content\/uploads\/2019\/08\/logo-nedzink_fc_zk.jpg\",\"width\":2160,\"height\":688,\"caption\":\"NedZink\"},\"image\":{\"@id\":\"https:\/\/www.nedzink.com\/fr-be\/#\/schema\/logo\/image\/\"}}]}<\/script>\n<!-- \/ Yoast SEO plugin. -->","yoast_head_json":{"title":"Abonnez-vous \u00e0 la newsletter \u2013 NedZink","robots":{"index":"index","follow":"follow","max-snippet":"max-snippet:-1","max-image-preview":"max-image-preview:large","max-video-preview":"max-video-preview:-1"},"canonical":"https:\/\/www.nedzink.com\/fr-be\/abonnez-vous-a-la-newsletter\/","og_locale":"fr_FR","og_type":"article","og_title":"Abonnez-vous \u00e0 la newsletter \u2013 NedZink","og_description":"[vc_row][vc_column][mk_padding_divider size=\u00a0\u00bb75&Prime; visibility=\u00a0\u00bbhidden-sm\u00a0\u00bb][\/vc_column][\/vc_row][vc_row equal_columns=\u00a0\u00bbtrue\u00a0\u00bb attached=\u00a0\u00bbtrue\u00a0\u00bb column_padding=\u00a0\u00bb3&Prime; el_class=\u00a0\u00bbrij-wit-schaduw\u00a0\u00bb][vc_column][vc_column_text css=\u00a0\u00bb.vc_custom_1567494291329{margin-bottom: 0px !important;}\u00a0\u00bb] Abonnez-vous \u00e0 la newsletter Gr\u00e2ce \u00e0 notre newsletter, vous restez inform\u00e9 de nos produits, applications et projets.[\/vc_column_text][vc_column_text css=\u00a0\u00bb.vc_custom_1560861341089{margin-bottom: 0px !important;}\u00a0\u00bb] [\/vc_column_text][\/vc_column][\/vc_row][vc_row][vc_column][mk_padding_divider size=\u00a0\u00bb50&Prime;][\/vc_column][\/vc_row]","og_url":"https:\/\/www.nedzink.com\/fr-be\/abonnez-vous-a-la-newsletter\/","og_site_name":"NedZink","article_modified_time":"2019-09-17T11:42:16+00:00","twitter_card":"summary_large_image","schema":{"@context":"https:\/\/schema.org","@graph":[{"@type":"WebPage","@id":"https:\/\/www.nedzink.com\/fr-be\/abonnez-vous-a-la-newsletter\/","url":"https:\/\/www.nedzink.com\/fr-be\/abonnez-vous-a-la-newsletter\/","name":"Abonnez-vous \u00e0 la newsletter \u2013 NedZink","isPartOf":{"@id":"https:\/\/www.nedzink.com\/fr-be\/#website"},"datePublished":"2019-08-08T09:49:33+00:00","dateModified":"2019-09-17T11:42:16+00:00","breadcrumb":{"@id":"https:\/\/www.nedzink.com\/fr-be\/abonnez-vous-a-la-newsletter\/#breadcrumb"},"inLanguage":"fr-BE","potentialAction":[{"@type":"ReadAction","target":["https:\/\/www.nedzink.com\/fr-be\/abonnez-vous-a-la-newsletter\/"]}]},{"@type":"BreadcrumbList","@id":"https:\/\/www.nedzink.com\/fr-be\/abonnez-vous-a-la-newsletter\/#breadcrumb","itemListElement":[{"@type":"ListItem","position":1,"name":"Home","item":"https:\/\/www.nedzink.com\/fr-be\/"},{"@type":"ListItem","position":2,"name":"Abonnez-vous \u00e0 la newsletter"}]},{"@type":"WebSite","@id":"https:\/\/www.nedzink.com\/fr-be\/#website","url":"https:\/\/www.nedzink.com\/fr-be\/","name":"NedZink","description":"Zink fabrikant","publisher":{"@id":"https:\/\/www.nedzink.com\/fr-be\/#organization"},"potentialAction":[{"@type":"SearchAction","target":{"@type":"EntryPoint","urlTemplate":"https:\/\/www.nedzink.com\/fr-be\/?s={search_term_string}"},"query-input":{"@type":"PropertyValueSpecification","valueRequired":true,"valueName":"search_term_string"}}],"inLanguage":"fr-BE"},{"@type":"Organization","@id":"https:\/\/www.nedzink.com\/fr-be\/#organization","name":"NedZink","url":"https:\/\/www.nedzink.com\/fr-be\/","logo":{"@type":"ImageObject","inLanguage":"fr-BE","@id":"https:\/\/www.nedzink.com\/fr-be\/#\/schema\/logo\/image\/","url":"https:\/\/www.nedzink.com\/wp-content\/uploads\/2019\/08\/logo-nedzink_fc_zk.jpg","contentUrl":"https:\/\/www.nedzink.com\/wp-content\/uploads\/2019\/08\/logo-nedzink_fc_zk.jpg","width":2160,"height":688,"caption":"NedZink"},"image":{"@id":"https:\/\/www.nedzink.com\/fr-be\/#\/schema\/logo\/image\/"}}]}},"_links":{"self":[{"href":"https:\/\/www.nedzink.com\/fr-be\/wp-json\/wp\/v2\/pages\/47141","targetHints":{"allow":["GET"]}}],"collection":[{"href":"https:\/\/www.nedzink.com\/fr-be\/wp-json\/wp\/v2\/pages"}],"about":[{"href":"https:\/\/www.nedzink.com\/fr-be\/wp-json\/wp\/v2\/types\/page"}],"author":[{"embeddable":true,"href":"https:\/\/www.nedzink.com\/fr-be\/wp-json\/wp\/v2\/users\/4"}],"replies":[{"embeddable":true,"href":"https:\/\/www.nedzink.com\/fr-be\/wp-json\/wp\/v2\/comments?post=47141"}],"version-history":[{"count":0,"href":"https:\/\/www.nedzink.com\/fr-be\/wp-json\/wp\/v2\/pages\/47141\/revisions"}],"wp:attachment":[{"href":"https:\/\/www.nedzink.com\/fr-be\/wp-json\/wp\/v2\/media?parent=47141"}],"curies":[{"name":"wp","href":"https:\/\/api.w.org\/{rel}","templated":true}]}}