{"id":47,"date":"2019-02-27T15:34:07","date_gmt":"2019-02-27T14:34:07","guid":{"rendered":"http:\/\/136.144.181.85\/~nedzink\/home\/"},"modified":"2026-04-16T08:53:02","modified_gmt":"2026-04-16T06:53:02","slug":"home","status":"publish","type":"page","link":"https:\/\/www.nedzink.com\/fr-be\/","title":{"rendered":"Home"},"content":{"rendered":"[vc_row fullwidth=\u00a0\u00bbtrue\u00a0\u00bb][vc_column][vc_column_text css=\u00a0\u00bb.vc_custom_1670319173427{margin-bottom: 0px !important;}\u00a0\u00bb][\/vc_column_text][\/vc_column][\/vc_row][vc_row][vc_column][mk_padding_divider size=\u00a0\u00bb50&Prime;][\/vc_column][\/vc_row][vc_row attached=\u00a0\u00bbtrue\u00a0\u00bb el_class=\u00a0\u00bbhome-branches-blokken\u00a0\u00bb][vc_column width=\u00a0\u00bb1\/3&Prime;][vc_column_text align=\u00a0\u00bbcenter\u00a0\u00bb el_class=\u00a0\u00bbconsumenten\u00a0\u00bb css=\u00a0\u00bb.vc_custom_1568882748729{margin-bottom: 0px !important;}\u00a0\u00bb]\n<h3><a href=\"https:\/\/www.nedzink.com\/fr-be\/consumenten\/\">Particuliers<\/a><\/h3>\n[\/vc_column_text][\/vc_column][vc_column width=\u00a0\u00bb1\/3&Prime; el_class=\u00a0\u00bbarchitecten\u00a0\u00bb][vc_column_text align=\u00a0\u00bbcenter\u00a0\u00bb css=\u00a0\u00bb.vc_custom_1568882729943{margin-bottom: 0px !important;}\u00a0\u00bb]\n<h3><a href=\"https:\/\/www.nedzink.com\/fr-be\/architecten\/\">Architectes<\/a><\/h3>\n[\/vc_column_text][\/vc_column][vc_column width=\u00a0\u00bb1\/3&Prime;][vc_column_text align=\u00a0\u00bbcenter\u00a0\u00bb el_class=\u00a0\u00bbinstallateurs\u00a0\u00bb css=\u00a0\u00bb.vc_custom_1568882766270{margin-bottom: 0px !important;}\u00a0\u00bb]\n<h3><a href=\"https:\/\/www.nedzink.com\/fr-be\/installateurs\/\">Installateurs<\/a><\/h3>\n[\/vc_column_text][\/vc_column][\/vc_row][vc_row][vc_column][mk_padding_divider size=\u00a0\u00bb50&Prime;][\/vc_column][\/vc_row][vc_row attached=\u00a0\u00bbtrue\u00a0\u00bb column_padding=\u00a0\u00bb3&Prime; el_class=\u00a0\u00bbhome-intro rij-wit-schaduw\u00a0\u00bb][vc_column width=\u00a0\u00bb1\/2&Prime; offset=\u00a0\u00bbvc_col-lg-4 vc_col-md-4 vc_col-xs-12&Prime;][vc_column_text css=\u00a0\u00bb.vc_custom_1562312525870{margin-bottom: 0px !important;}\u00a0\u00bb]\n<h1>Du zinc n\u00e9erlandais de qualit\u00e9 optimale, produit avec une exp\u00e9rience de plus de 125 ans. Voil\u00e0 la d\u00e9finition de NedZink.<\/h1>\n[\/vc_column_text][\/vc_column][vc_column width=\u00a0\u00bb1\/2&Prime; el_class=\u00a0\u00bbintrotekst\u00a0\u00bb offset=\u00a0\u00bbvc_col-lg-4 vc_col-md-4 vc_col-xs-12&Prime;][vc_column_text css=\u00a0\u00bb.vc_custom_1742911840815{margin-bottom: 0px !important;}\u00a0\u00bb]NedZink est le fabricant n\u00e9erlandais de zinc-titane lamin\u00e9 destin\u00e9 aux rev\u00eatements de fa\u00e7ade, couvertures de toitures, ch\u00e9neaux et syst\u00e8mes d\u2019\u00e9vacuation des eaux pluviales par excellence. Depuis plus de 125 ans d\u00e9j\u00e0, NedZink fabrique des produits \u00e0 base de zinc d\u2019un niveau de qualit\u00e9 in\u00e9gal\u00e9, qui sont appliqu\u00e9s mondialement dans les projets les plus diversifi\u00e9s, du plus gigantesque au plus modeste.<\/p>\n<p>En sa qualit\u00e9 de leader du march\u00e9 aux Pays-Bas, NedZink est un v\u00e9ritable promoteur de possibilit\u00e9s cr\u00e9atives en zinc. Zinc lamin\u00e9 naturel (NATUREL), zinc pr\u00e9patin\u00e9 gris min\u00e9ral (NEO), zinc pr\u00e9patin\u00e9 gris (NOVA), zinc pr\u00e9patin\u00e9 noir (NOIR) : c\u2019est l\u00e0 un \u00e9chantillonnage des diff\u00e9rentes possibilit\u00e9s. C\u2019est en choisissant sans cesse de nouvelles m\u00e9thodes et de nouvelles formes d\u2019application d\u2019un produit existant que NedZink veille \u00e0 ce que le zinc reste un produit fascinant, une source d\u2019inspiration constamment renouvel\u00e9e. Ces efforts ont d\u00e9bouch\u00e9 \u00e0 leur tour sur le d\u00e9veloppement de produits tels que NedZink Pro-Tec et NedZink NUANCE.<\/p>\n<p><em>NedZink trademarks: NedZink<sup>\u00ae<\/sup> NATUREL, NedZink<sup>\u00ae<\/sup> NEO, NedZink<sup>\u00ae<\/sup> NOVA, NedZink<sup>\u00ae<\/sup> NOIR, NedZink<sup>\u00ae<\/sup> NUANCE,\u00a0NedZink<sup>\u00ae<\/sup> Pro-Tec.<\/em>[\/vc_column_text][\/vc_column][vc_column offset=\u00a0\u00bbvc_col-lg-4 vc_col-md-4 vc_col-xs-12&Prime;][vc_row_inner css=\u00a0\u00bb.vc_custom_1551707105796{padding-right: 36px !important;padding-left: 36px !important;}\u00a0\u00bb][vc_column_inner][vc_single_image image=\u00a0\u00bb473&Prime; img_size=\u00a0\u00bbfull\u00a0\u00bb alignment=\u00a0\u00bbcenter\u00a0\u00bb][mk_padding_divider size=\u00a0\u00bb20&Prime;][vc_column_text align=\u00a0\u00bbcenter\u00a0\u00bb css=\u00a0\u00bb.vc_custom_1562312914834{margin-bottom: 0px !important;}\u00a0\u00bb]\n<h2>\u201cSaviez-vous que le zinc-titane est le m\u00e9tal de construction le plus durable existant sur le march\u00e9?\u201d<\/h2>\n[\/vc_column_text][vc_column_text align=\u00a0\u00bbcenter\u00a0\u00bb css=\u00a0\u00bb.vc_custom_1562313109065{margin-bottom: 0px !important;}\u00a0\u00bb]<span style=\"color: #009ad8;\">Le mat\u00e9riau s&rsquo;applique avec une tr\u00e8s grande simplicit\u00e9 gr\u00e2ce \u00e0 ses excellentes propri\u00e9t\u00e9s de transformation et il est en outre 100% recyclable.<\/span>[\/vc_column_text][\/vc_column_inner][\/vc_row_inner][\/vc_column][\/vc_row][vc_row][vc_column][mk_padding_divider size=\u00a0\u00bb50&Prime;][\/vc_column][\/vc_row][vc_row attached=\u00a0\u00bbtrue\u00a0\u00bb column_padding=\u00a0\u00bb1&Prime; el_class=\u00a0\u00bbhome-projecten-nieuws rij-wit-schaduw\u00a0\u00bb][vc_column width=\u00a0\u00bb3\/4&Prime; el_class=\u00a0\u00bbprojecten\u00a0\u00bb][vc_column_text css=\u00a0\u00bb.vc_custom_1562313132087{margin-bottom: 0px !important;}\u00a0\u00bb]\n<h2>Projets<\/h2>\n[\/vc_column_text][mk_blog_carousel count=\u00a0\u00bb-1&Prime; cat=\u00a0\u00bb41, 43, 42&Prime;][\/vc_column][vc_column width=\u00a0\u00bb1\/4&Prime; el_class=\u00a0\u00bbnieuws\u00a0\u00bb][vc_column_text css=\u00a0\u00bb.vc_custom_1562313167398{margin-bottom: 0px !important;}\u00a0\u00bb]\n<h2>Nouvelles<\/h2>\n[\/vc_column_text][mk_blog style=\u00a0\u00bbthumbnail\u00a0\u00bb image_size=\u00a0\u00bbfull\u00a0\u00bb post_count=\u00a0\u00bb3&Prime; excerpt_length=\u00a0\u00bb0&Prime; pagination=\u00a0\u00bbfalse\u00a0\u00bb cat=\u00a0\u00bb103&Prime;][\/vc_column][\/vc_row][vc_row][vc_column][mk_padding_divider size=\u00a0\u00bb50&Prime;][\/vc_column][\/vc_row][vc_row equal_columns=\u00a0\u00bbtrue\u00a0\u00bb attached=\u00a0\u00bbtrue\u00a0\u00bb el_class=\u00a0\u00bbhome-waarom-nedzink rij-wit-schaduw\u00a0\u00bb][vc_column][mk_padding_divider size=\u00a0\u00bb30&Prime;][vc_column_text align=\u00a0\u00bbcenter\u00a0\u00bb css=\u00a0\u00bb.vc_custom_1562313188238{margin-bottom: 0px !important;}\u00a0\u00bb]\n<h2>Pourquoi NedZink<\/h2>\n[\/vc_column_text][vc_row_inner attached=\u00a0\u00bbtrue\u00a0\u00bb column_padding=\u00a0\u00bb1&Prime;][vc_column_inner el_class=\u00a0\u00bbwaaromnedzink\u00a0\u00bb width=\u00a0\u00bb1\/3&Prime; offset=\u00a0\u00bbvc_col-lg-2 vc_col-md-4 vc_col-xs-12&Prime;][vc_single_image image=\u00a0\u00bb890&Prime; img_size=\u00a0\u00bbfull\u00a0\u00bb alignment=\u00a0\u00bbcenter\u00a0\u00bb][vc_column_text align=\u00a0\u00bbcenter\u00a0\u00bb el_class=\u00a0\u00bbtitel\u00a0\u00bb css=\u00a0\u00bb.vc_custom_1562313216607{margin-bottom: 0px !important;}\u00a0\u00bb]\n<h3>Livraisons rapides<\/h3>\n[\/vc_column_text][vc_column_text align=\u00a0\u00bbcenter\u00a0\u00bb css=\u00a0\u00bb.vc_custom_1562313234024{margin-bottom: 0px !important;}\u00a0\u00bb]La majorit\u00e9 des produits fait l\u2019objet d\u2019un stock standard dans l\u2019un de nos magasins ou aupr\u00e8s de l\u2019un de nos distributeurs mondiaux.[\/vc_column_text][\/vc_column_inner][vc_column_inner el_class=\u00a0\u00bbwaaromnedzink\u00a0\u00bb width=\u00a0\u00bb1\/3&Prime; offset=\u00a0\u00bbvc_col-lg-2 vc_col-md-4 vc_col-xs-12&Prime;][vc_single_image image=\u00a0\u00bb850&Prime; img_size=\u00a0\u00bbfull\u00a0\u00bb alignment=\u00a0\u00bbcenter\u00a0\u00bb][vc_column_text align=\u00a0\u00bbcenter\u00a0\u00bb el_class=\u00a0\u00bbtitel\u00a0\u00bb css=\u00a0\u00bb.vc_custom_1562313247880{margin-bottom: 0px !important;}\u00a0\u00bb]\n<h3>Plus de 125 ann\u00e9es d\u2019exp\u00e9rience<\/h3>\n[\/vc_column_text][vc_column_text align=\u00a0\u00bbcenter\u00a0\u00bb css=\u00a0\u00bb.vc_custom_1562313261593{margin-bottom: 0px !important;}\u00a0\u00bb]Une exp\u00e9rience de plus de 125 ans a permis \u00e0 NedZink de se constituer un r\u00e9seau important, tant interne qu\u2019externe, o\u00f9 les partages de connaissances et d\u2019exp\u00e9rience sont permanents.[\/vc_column_text][\/vc_column_inner][vc_column_inner el_class=\u00a0\u00bbwaaromnedzink\u00a0\u00bb width=\u00a0\u00bb1\/3&Prime; offset=\u00a0\u00bbvc_col-lg-2 vc_col-md-4 vc_col-xs-12&Prime;][vc_single_image image=\u00a0\u00bb870&Prime; img_size=\u00a0\u00bbfull\u00a0\u00bb alignment=\u00a0\u00bbcenter\u00a0\u00bb][vc_column_text align=\u00a0\u00bbcenter\u00a0\u00bb el_class=\u00a0\u00bbtitel\u00a0\u00bb css=\u00a0\u00bb.vc_custom_1562313274518{margin-bottom: 0px !important;}\u00a0\u00bb]\n<h3>Qualit\u00e9 garantie<\/h3>\n[\/vc_column_text][vc_column_text align=\u00a0\u00bbcenter\u00a0\u00bb css=\u00a0\u00bb.vc_custom_1562313327713{margin-bottom: 0px !important;}\u00a0\u00bb]Avec une garantie de qualit\u00e9 bas\u00e9e sur la norme NEN-EN-ISO 9001:2015, NedZink est un v\u00e9ritable stimulateur d\u2019applications durables et techniquement qualitatives de ce merveilleux mat\u00e9riau qu\u2019est le zinc.[\/vc_column_text][\/vc_column_inner][vc_column_inner el_class=\u00a0\u00bbwaaromnedzink\u00a0\u00bb width=\u00a0\u00bb1\/3&Prime; offset=\u00a0\u00bbvc_col-lg-2 vc_col-md-4 vc_col-xs-12&Prime;][vc_single_image image=\u00a0\u00bb900&Prime; img_size=\u00a0\u00bbfull\u00a0\u00bb alignment=\u00a0\u00bbcenter\u00a0\u00bb][vc_column_text align=\u00a0\u00bbcenter\u00a0\u00bb el_class=\u00a0\u00bbtitel\u00a0\u00bb css=\u00a0\u00bb.vc_custom_1562313285582{margin-bottom: 0px !important;}\u00a0\u00bb]\n<h3>Acteur mondial<\/h3>\n[\/vc_column_text][vc_column_text align=\u00a0\u00bbcenter\u00a0\u00bb css=\u00a0\u00bb.vc_custom_1562313345656{margin-bottom: 0px !important;}\u00a0\u00bb]NedZink est partout ! Gr\u00e2ce \u00e0 un r\u00e9seau de distribution consid\u00e9rable, les produits NedZink sont utilis\u00e9s de fa\u00e7on innovante et cr\u00e9ative dans le monde entier.[\/vc_column_text][\/vc_column_inner][vc_column_inner el_class=\u00a0\u00bbwaaromnedzink\u00a0\u00bb width=\u00a0\u00bb1\/3&Prime; offset=\u00a0\u00bbvc_col-lg-2 vc_col-md-4 vc_col-xs-12&Prime;][vc_single_image image=\u00a0\u00bb880&Prime; img_size=\u00a0\u00bbfull\u00a0\u00bb alignment=\u00a0\u00bbcenter\u00a0\u00bb][vc_column_text align=\u00a0\u00bbcenter\u00a0\u00bb el_class=\u00a0\u00bbtitel\u00a0\u00bb css=\u00a0\u00bb.vc_custom_1562313297013{margin-bottom: 0px !important;}\u00a0\u00bb]\n<h3>Connaissance in\u00e9gal\u00e9e du march\u00e9<\/h3>\n[\/vc_column_text][vc_column_text align=\u00a0\u00bbcenter\u00a0\u00bb css=\u00a0\u00bb.vc_custom_1562313357014{margin-bottom: 0px !important;}\u00a0\u00bb]Un acteur mondial pouvant arguer de plus de 125 ann\u00e9es d\u2019exp\u00e9rience. Rien d\u2019\u00e9tonnant \u00e0 ce que nous soyons le partenaire privil\u00e9gi\u00e9 de l\u2019industrie.[\/vc_column_text][\/vc_column_inner][vc_column_inner el_class=\u00a0\u00bbwaaromnedzink\u00a0\u00bb width=\u00a0\u00bb1\/3&Prime; offset=\u00a0\u00bbvc_col-lg-2 vc_col-md-4 vc_col-xs-12&Prime;][vc_single_image image=\u00a0\u00bb860&Prime; img_size=\u00a0\u00bbfull\u00a0\u00bb alignment=\u00a0\u00bbcenter\u00a0\u00bb][vc_column_text align=\u00a0\u00bbcenter\u00a0\u00bb el_class=\u00a0\u00bbtitel\u00a0\u00bb css=\u00a0\u00bb.vc_custom_1562313308336{margin-bottom: 0px !important;}\u00a0\u00bb]\n<h3>Un accord = un accord<\/h3>\n[\/vc_column_text][vc_column_text align=\u00a0\u00bbcenter\u00a0\u00bb css=\u00a0\u00bb.vc_custom_1562313371341{margin-bottom: 0px !important;}\u00a0\u00bb]Fiabilit\u00e9 des connaissances, de la qualit\u00e9 et de la prestation des services : ce sont l\u00e0 les fondements m\u00eames de votre partenariat privil\u00e9gi\u00e9 avec NedZink.[\/vc_column_text][\/vc_column_inner][\/vc_row_inner][mk_padding_divider size=\u00a0\u00bb30&Prime;][\/vc_column][\/vc_row][vc_row css=\u00a0\u00bb.vc_custom_1556890547379{padding-top: 0px !important;padding-right: 0px !important;padding-bottom: 0px !important;padding-left: 0px !important;}\u00a0\u00bb][vc_column][mk_padding_divider size=\u00a0\u00bb50&Prime;][\/vc_column][\/vc_row][vc_row el_class=\u00a0\u00bbhome-logos-keurmerken\u00a0\u00bb][vc_column][vc_column_text align=\u00a0\u00bbcenter\u00a0\u00bb css=\u00a0\u00bb.vc_custom_1562313397436{margin-bottom: 0px !important;}\u00a0\u00bb]\n<h2>NedZink, un choix intelligent!<\/h2>\n[\/vc_column_text][mk_padding_divider size=\u00a0\u00bb20&Prime;][vc_column_text align=\u00a0\u00bbcenter\u00a0\u00bb css=\u00a0\u00bb.vc_custom_1776322372533{margin-bottom: 0px !important;}\u00a0\u00bb]<a href=\"https:\/\/www.nedzink.com\/fr-be\/downloads\/#lloyd\"><img loading=\"lazy\" decoding=\"async\" class=\"alignnone wp-image-106804\" src=\"https:\/\/www.nedzink.com\/wp-content\/uploads\/2022\/03\/rva-and-iso-9001-cmyk.jpg\" alt=\"\" width=\"110\" height=\"69\" srcset=\"https:\/\/www.nedzink.com\/wp-content\/uploads\/2022\/03\/rva-and-iso-9001-cmyk.jpg 1881w, https:\/\/www.nedzink.com\/wp-content\/uploads\/2022\/03\/rva-and-iso-9001-cmyk-300x188.jpg 300w, https:\/\/www.nedzink.com\/wp-content\/uploads\/2022\/03\/rva-and-iso-9001-cmyk-1024x643.jpg 1024w, https:\/\/www.nedzink.com\/wp-content\/uploads\/2022\/03\/rva-and-iso-9001-cmyk-1536x964.jpg 1536w, https:\/\/www.nedzink.com\/wp-content\/uploads\/2022\/03\/rva-and-iso-9001-cmyk-139x87.jpg 139w, https:\/\/www.nedzink.com\/wp-content\/uploads\/2022\/03\/rva-and-iso-9001-cmyk-56x36.jpg 56w, https:\/\/www.nedzink.com\/wp-content\/uploads\/2022\/03\/rva-and-iso-9001-cmyk-212x133.jpg 212w\" sizes=\"auto, (max-width: 110px) 100vw, 110px\" \/><\/a><a href=\"https:\/\/www.komoquality.com\/\" target=\"_blank\" rel=\"noopener noreferrer\"><img loading=\"lazy\" decoding=\"async\" class=\"logohomeonder\" src=\"https:\/\/www.nedzink.com\/wp-content\/uploads\/2019\/03\/komo.png\" alt=\"\" width=\"89\" height=\"78\" \/><\/a><a href=\"https:\/\/www.kiwaregister.nl\/\"><img loading=\"lazy\" decoding=\"async\" class=\"logohomeonder\" src=\"https:\/\/www.nedzink.com\/wp-content\/uploads\/2019\/10\/kiwa.png\" alt=\"\" width=\"141\" height=\"50\" \/><\/a><a href=\"https:\/\/www.nedzink.com\/fr-be\/environnement\/certification-environnementale-dep\/\"><img loading=\"lazy\" decoding=\"async\" class=\"logohomeonder\" src=\"https:\/\/www.nedzink.com\/wp-content\/uploads\/2019\/03\/epd.png\" alt=\"\" width=\"165\" height=\"79\" \/><\/a>[\/vc_column_text][mk_padding_divider size=\u00a0\u00bb20&Prime;][\/vc_column][\/vc_row]\n","protected":false},"excerpt":{"rendered":"<p>[vc_row fullwidth=\u00a0\u00bbtrue\u00a0\u00bb][vc_column][vc_column_text css=\u00a0\u00bb.vc_custom_1670319173427{margin-bottom: 0px !important;}\u00a0\u00bb][\/vc_column_text][\/vc_column][\/vc_row][vc_row][vc_column][mk_padding_divider size=\u00a0\u00bb50&Prime;][\/vc_column][\/vc_row][vc_row attached=\u00a0\u00bbtrue\u00a0\u00bb el_class=\u00a0\u00bbhome-branches-blokken\u00a0\u00bb][vc_column width=\u00a0\u00bb1\/3&Prime;][vc_column_text align=\u00a0\u00bbcenter\u00a0\u00bb el_class=\u00a0\u00bbconsumenten\u00a0\u00bb css=\u00a0\u00bb.vc_custom_1568882748729{margin-bottom: 0px !important;}\u00a0\u00bb] Particuliers [\/vc_column_text][\/vc_column][vc_column width=\u00a0\u00bb1\/3&Prime; el_class=\u00a0\u00bbarchitecten\u00a0\u00bb][vc_column_text align=\u00a0\u00bbcenter\u00a0\u00bb css=\u00a0\u00bb.vc_custom_1568882729943{margin-bottom: 0px !important;}\u00a0\u00bb] Architectes [\/vc_column_text][\/vc_column][vc_column width=\u00a0\u00bb1\/3&Prime;][vc_column_text align=\u00a0\u00bbcenter\u00a0\u00bb el_class=\u00a0\u00bbinstallateurs\u00a0\u00bb css=\u00a0\u00bb.vc_custom_1568882766270{margin-bottom: 0px !important;}\u00a0\u00bb] Installateurs [\/vc_column_text][\/vc_column][\/vc_row][vc_row][vc_column][mk_padding_divider size=\u00a0\u00bb50&Prime;][\/vc_column][\/vc_row][vc_row attached=\u00a0\u00bbtrue\u00a0\u00bb column_padding=\u00a0\u00bb3&Prime; el_class=\u00a0\u00bbhome-intro rij-wit-schaduw\u00a0\u00bb][vc_column width=\u00a0\u00bb1\/2&Prime; offset=\u00a0\u00bbvc_col-lg-4 vc_col-md-4 vc_col-xs-12&Prime;][vc_column_text css=\u00a0\u00bb.vc_custom_1562312525870{margin-bottom: 0px !important;}\u00a0\u00bb] Du zinc n\u00e9erlandais de qualit\u00e9 optimale, produit avec une exp\u00e9rience de [&hellip;]<\/p>\n","protected":false},"author":9,"featured_media":0,"parent":0,"menu_order":0,"comment_status":"closed","ping_status":"closed","template":"","meta":{"_acf_changed":false,"footnotes":""},"class_list":["post-47","page","type-page","status-publish","hentry"],"acf":[],"yoast_head":"<!-- This site is optimized with the Yoast SEO plugin v26.8 - https:\/\/yoast.com\/product\/yoast-seo-wordpress\/ -->\n<title>Home \u2013 NedZink<\/title>\n<meta name=\"description\" content=\"NedZink is d\u00e9 Nederlandse zinkfabrikant van gewalst titaanzink voor toepassingen in gevelbekleding, dakbedekking, dakgoten en hemelwaterafvoersystemen.\" \/>\n<meta name=\"robots\" content=\"index, follow, max-snippet:-1, max-image-preview:large, max-video-preview:-1\" \/>\n<link rel=\"canonical\" href=\"https:\/\/www.nedzink.com\/fr-be\/\" \/>\n<meta property=\"og:locale\" content=\"fr_FR\" \/>\n<meta property=\"og:type\" content=\"article\" \/>\n<meta property=\"og:title\" content=\"Home \u2013 NedZink\" \/>\n<meta property=\"og:description\" content=\"NedZink is d\u00e9 Nederlandse zinkfabrikant van gewalst titaanzink voor toepassingen in gevelbekleding, dakbedekking, dakgoten en hemelwaterafvoersystemen.\" \/>\n<meta property=\"og:url\" content=\"https:\/\/www.nedzink.com\/fr-be\/\" \/>\n<meta property=\"og:site_name\" content=\"NedZink\" \/>\n<meta property=\"article:modified_time\" content=\"2026-04-16T06:53:02+00:00\" \/>\n<meta property=\"og:image\" content=\"https:\/\/www.nedzink.com\/wp-content\/uploads\/2022\/03\/rva-and-iso-9001-cmyk.jpg\" \/>\n<meta name=\"twitter:card\" content=\"summary_large_image\" \/>\n<meta name=\"twitter:label1\" content=\"Dur\u00e9e de lecture est.\" \/>\n\t<meta name=\"twitter:data1\" content=\"5 minutes\" \/>\n<script type=\"application\/ld+json\" class=\"yoast-schema-graph\">{\"@context\":\"https:\/\/schema.org\",\"@graph\":[{\"@type\":\"WebPage\",\"@id\":\"https:\/\/www.nedzink.com\/fr-be\/\",\"url\":\"https:\/\/www.nedzink.com\/fr-be\/\",\"name\":\"Home \u2013 NedZink\",\"isPartOf\":{\"@id\":\"https:\/\/www.nedzink.com\/fr-be\/#website\"},\"primaryImageOfPage\":{\"@id\":\"https:\/\/www.nedzink.com\/fr-be\/#primaryimage\"},\"image\":{\"@id\":\"https:\/\/www.nedzink.com\/fr-be\/#primaryimage\"},\"thumbnailUrl\":\"https:\/\/www.nedzink.com\/wp-content\/uploads\/2022\/03\/rva-and-iso-9001-cmyk.jpg\",\"datePublished\":\"2019-02-27T14:34:07+00:00\",\"dateModified\":\"2026-04-16T06:53:02+00:00\",\"description\":\"NedZink is d\u00e9 Nederlandse zinkfabrikant van gewalst titaanzink voor toepassingen in gevelbekleding, dakbedekking, dakgoten en hemelwaterafvoersystemen.\",\"breadcrumb\":{\"@id\":\"https:\/\/www.nedzink.com\/fr-be\/#breadcrumb\"},\"inLanguage\":\"fr-BE\",\"potentialAction\":[{\"@type\":\"ReadAction\",\"target\":[\"https:\/\/www.nedzink.com\/fr-be\/\"]}]},{\"@type\":\"ImageObject\",\"inLanguage\":\"fr-BE\",\"@id\":\"https:\/\/www.nedzink.com\/fr-be\/#primaryimage\",\"url\":\"https:\/\/www.nedzink.com\/wp-content\/uploads\/2022\/03\/rva-and-iso-9001-cmyk.jpg\",\"contentUrl\":\"https:\/\/www.nedzink.com\/wp-content\/uploads\/2022\/03\/rva-and-iso-9001-cmyk.jpg\"},{\"@type\":\"BreadcrumbList\",\"@id\":\"https:\/\/www.nedzink.com\/fr-be\/#breadcrumb\",\"itemListElement\":[{\"@type\":\"ListItem\",\"position\":1,\"name\":\"Home\",\"item\":\"https:\/\/www.nedzink.com\/fr-be\/\"},{\"@type\":\"ListItem\",\"position\":2,\"name\":\"Home\"}]},{\"@type\":\"WebSite\",\"@id\":\"https:\/\/www.nedzink.com\/fr-be\/#website\",\"url\":\"https:\/\/www.nedzink.com\/fr-be\/\",\"name\":\"NedZink\",\"description\":\"Zink fabrikant\",\"publisher\":{\"@id\":\"https:\/\/www.nedzink.com\/fr-be\/#organization\"},\"potentialAction\":[{\"@type\":\"SearchAction\",\"target\":{\"@type\":\"EntryPoint\",\"urlTemplate\":\"https:\/\/www.nedzink.com\/fr-be\/?s={search_term_string}\"},\"query-input\":{\"@type\":\"PropertyValueSpecification\",\"valueRequired\":true,\"valueName\":\"search_term_string\"}}],\"inLanguage\":\"fr-BE\"},{\"@type\":\"Organization\",\"@id\":\"https:\/\/www.nedzink.com\/fr-be\/#organization\",\"name\":\"NedZink\",\"url\":\"https:\/\/www.nedzink.com\/fr-be\/\",\"logo\":{\"@type\":\"ImageObject\",\"inLanguage\":\"fr-BE\",\"@id\":\"https:\/\/www.nedzink.com\/fr-be\/#\/schema\/logo\/image\/\",\"url\":\"https:\/\/www.nedzink.com\/wp-content\/uploads\/2019\/08\/logo-nedzink_fc_zk.jpg\",\"contentUrl\":\"https:\/\/www.nedzink.com\/wp-content\/uploads\/2019\/08\/logo-nedzink_fc_zk.jpg\",\"width\":2160,\"height\":688,\"caption\":\"NedZink\"},\"image\":{\"@id\":\"https:\/\/www.nedzink.com\/fr-be\/#\/schema\/logo\/image\/\"}}]}<\/script>\n<!-- \/ Yoast SEO plugin. -->","yoast_head_json":{"title":"Home \u2013 NedZink","description":"NedZink is d\u00e9 Nederlandse zinkfabrikant van gewalst titaanzink voor toepassingen in gevelbekleding, dakbedekking, dakgoten en hemelwaterafvoersystemen.","robots":{"index":"index","follow":"follow","max-snippet":"max-snippet:-1","max-image-preview":"max-image-preview:large","max-video-preview":"max-video-preview:-1"},"canonical":"https:\/\/www.nedzink.com\/fr-be\/","og_locale":"fr_FR","og_type":"article","og_title":"Home \u2013 NedZink","og_description":"NedZink is d\u00e9 Nederlandse zinkfabrikant van gewalst titaanzink voor toepassingen in gevelbekleding, dakbedekking, dakgoten en hemelwaterafvoersystemen.","og_url":"https:\/\/www.nedzink.com\/fr-be\/","og_site_name":"NedZink","article_modified_time":"2026-04-16T06:53:02+00:00","og_image":[{"url":"https:\/\/www.nedzink.com\/wp-content\/uploads\/2022\/03\/rva-and-iso-9001-cmyk.jpg","type":"","width":"","height":""}],"twitter_card":"summary_large_image","twitter_misc":{"Dur\u00e9e de lecture est.":"5 minutes"},"schema":{"@context":"https:\/\/schema.org","@graph":[{"@type":"WebPage","@id":"https:\/\/www.nedzink.com\/fr-be\/","url":"https:\/\/www.nedzink.com\/fr-be\/","name":"Home \u2013 NedZink","isPartOf":{"@id":"https:\/\/www.nedzink.com\/fr-be\/#website"},"primaryImageOfPage":{"@id":"https:\/\/www.nedzink.com\/fr-be\/#primaryimage"},"image":{"@id":"https:\/\/www.nedzink.com\/fr-be\/#primaryimage"},"thumbnailUrl":"https:\/\/www.nedzink.com\/wp-content\/uploads\/2022\/03\/rva-and-iso-9001-cmyk.jpg","datePublished":"2019-02-27T14:34:07+00:00","dateModified":"2026-04-16T06:53:02+00:00","description":"NedZink is d\u00e9 Nederlandse zinkfabrikant van gewalst titaanzink voor toepassingen in gevelbekleding, dakbedekking, dakgoten en hemelwaterafvoersystemen.","breadcrumb":{"@id":"https:\/\/www.nedzink.com\/fr-be\/#breadcrumb"},"inLanguage":"fr-BE","potentialAction":[{"@type":"ReadAction","target":["https:\/\/www.nedzink.com\/fr-be\/"]}]},{"@type":"ImageObject","inLanguage":"fr-BE","@id":"https:\/\/www.nedzink.com\/fr-be\/#primaryimage","url":"https:\/\/www.nedzink.com\/wp-content\/uploads\/2022\/03\/rva-and-iso-9001-cmyk.jpg","contentUrl":"https:\/\/www.nedzink.com\/wp-content\/uploads\/2022\/03\/rva-and-iso-9001-cmyk.jpg"},{"@type":"BreadcrumbList","@id":"https:\/\/www.nedzink.com\/fr-be\/#breadcrumb","itemListElement":[{"@type":"ListItem","position":1,"name":"Home","item":"https:\/\/www.nedzink.com\/fr-be\/"},{"@type":"ListItem","position":2,"name":"Home"}]},{"@type":"WebSite","@id":"https:\/\/www.nedzink.com\/fr-be\/#website","url":"https:\/\/www.nedzink.com\/fr-be\/","name":"NedZink","description":"Zink fabrikant","publisher":{"@id":"https:\/\/www.nedzink.com\/fr-be\/#organization"},"potentialAction":[{"@type":"SearchAction","target":{"@type":"EntryPoint","urlTemplate":"https:\/\/www.nedzink.com\/fr-be\/?s={search_term_string}"},"query-input":{"@type":"PropertyValueSpecification","valueRequired":true,"valueName":"search_term_string"}}],"inLanguage":"fr-BE"},{"@type":"Organization","@id":"https:\/\/www.nedzink.com\/fr-be\/#organization","name":"NedZink","url":"https:\/\/www.nedzink.com\/fr-be\/","logo":{"@type":"ImageObject","inLanguage":"fr-BE","@id":"https:\/\/www.nedzink.com\/fr-be\/#\/schema\/logo\/image\/","url":"https:\/\/www.nedzink.com\/wp-content\/uploads\/2019\/08\/logo-nedzink_fc_zk.jpg","contentUrl":"https:\/\/www.nedzink.com\/wp-content\/uploads\/2019\/08\/logo-nedzink_fc_zk.jpg","width":2160,"height":688,"caption":"NedZink"},"image":{"@id":"https:\/\/www.nedzink.com\/fr-be\/#\/schema\/logo\/image\/"}}]}},"_links":{"self":[{"href":"https:\/\/www.nedzink.com\/fr-be\/wp-json\/wp\/v2\/pages\/47","targetHints":{"allow":["GET"]}}],"collection":[{"href":"https:\/\/www.nedzink.com\/fr-be\/wp-json\/wp\/v2\/pages"}],"about":[{"href":"https:\/\/www.nedzink.com\/fr-be\/wp-json\/wp\/v2\/types\/page"}],"author":[{"embeddable":true,"href":"https:\/\/www.nedzink.com\/fr-be\/wp-json\/wp\/v2\/users\/9"}],"replies":[{"embeddable":true,"href":"https:\/\/www.nedzink.com\/fr-be\/wp-json\/wp\/v2\/comments?post=47"}],"version-history":[{"count":7,"href":"https:\/\/www.nedzink.com\/fr-be\/wp-json\/wp\/v2\/pages\/47\/revisions"}],"predecessor-version":[{"id":140425,"href":"https:\/\/www.nedzink.com\/fr-be\/wp-json\/wp\/v2\/pages\/47\/revisions\/140425"}],"wp:attachment":[{"href":"https:\/\/www.nedzink.com\/fr-be\/wp-json\/wp\/v2\/media?parent=47"}],"curies":[{"name":"wp","href":"https:\/\/api.w.org\/{rel}","templated":true}]}}