{"id":40329,"date":"2019-07-30T11:01:43","date_gmt":"2019-07-30T09:01:43","guid":{"rendered":"http:\/\/136.144.181.85\/~nedzink\/?page_id=40329"},"modified":"2025-04-10T08:47:22","modified_gmt":"2025-04-10T06:47:22","slug":"downloads","status":"publish","type":"page","link":"https:\/\/www.nedzink.com\/fr-be\/downloads\/","title":{"rendered":"Downloads"},"content":{"rendered":"[vc_row][vc_column][mk_padding_divider size=\u00a0\u00bb80&Prime;][\/vc_column][\/vc_row][vc_row][vc_column][vc_row_inner attached=\u00a0\u00bbtrue\u00a0\u00bb is_fullwidth_content=\u00a0\u00bbfalse\u00a0\u00bb column_padding=\u00a0\u00bb2&Prime; el_class=\u00a0\u00bbrij-wit-schaduw\u00a0\u00bb el_id=\u00a0\u00bbcorporatebrochure\u00a0\u00bb][vc_column_inner][vc_column_text css=\u00a0\u00bb.vc_custom_1560857813259{margin-bottom: 0px !important;}\u00a0\u00bb]\n<h1>Downloads<\/h1>\n[\/vc_column_text][\/vc_column_inner][vc_column_inner width=\u00a0\u00bb1\/4&Prime; offset=\u00a0\u00bbvc_col-xs-12&Prime;][vc_column_text css=\u00a0\u00bb.vc_custom_1633610602006{margin-bottom: 15px !important;}\u00a0\u00bb]\n<h3>Company Brochure<\/h3>\n[\/vc_column_text][vc_single_image image=\u00a0\u00bb131193&Prime; img_size=\u00a0\u00bbfull\u00a0\u00bb onclick=\u00a0\u00bbcustom_link\u00a0\u00bb img_link_target=\u00a0\u00bb_blank\u00a0\u00bb el_class=\u00a0\u00bbdownloadspagina\u00a0\u00bb link=\u00a0\u00bbhttps:\/\/www.nedzink.com\/wp-content\/uploads\/2024\/07\/44501-nz-totaalbrochure-2024-fr-be-a4_web.pdf\u00a0\u00bb][\/vc_column_inner][vc_column_inner width=\u00a0\u00bb1\/4&Prime;][vc_column_text css=\u00a0\u00bb.vc_custom_1677507356953{margin-bottom: 15px !important;}\u00a0\u00bb]\n<h3>NedZink Training<\/h3>\n[\/vc_column_text][vc_single_image image=\u00a0\u00bb124530&Prime; img_size=\u00a0\u00bbfull\u00a0\u00bb onclick=\u00a0\u00bbcustom_link\u00a0\u00bb img_link_target=\u00a0\u00bb_blank\u00a0\u00bb el_class=\u00a0\u00bbdownloadspagina\u00a0\u00bb link=\u00a0\u00bbhttps:\/\/www.nedzink.com\/wp-content\/uploads\/2023\/03\/40275-nz-opleidingsbrochure_fr_web_mrt23.pdf\u00a0\u00bb][\/vc_column_inner][vc_column_inner width=\u00a0\u00bb1\/4&Prime;][vc_column_text css=\u00a0\u00bb.vc_custom_1564476108738{margin-bottom: 15px !important;}\u00a0\u00bb]\n<h3>Cahier technique<\/h3>\n[\/vc_column_text][vc_single_image image=\u00a0\u00bb38957&Prime; img_size=\u00a0\u00bb150&#215;202&Prime; onclick=\u00a0\u00bbcustom_link\u00a0\u00bb img_link_target=\u00a0\u00bb_blank\u00a0\u00bb el_class=\u00a0\u00bbdownloadspagina\u00a0\u00bb link=\u00a0\u00bbhttps:\/\/www.nedzink.com\/wp-content\/uploads\/2019\/07\/13426-fr-v1-techn-advboek-volledig.pdf\u00a0\u00bb][\/vc_column_inner][vc_column_inner width=\u00a0\u00bb1\/4&Prime;][vc_column_text css=\u00a0\u00bb.vc_custom_1564478186323{margin-bottom: 15px !important;}\u00a0\u00bb]\n<h3>Catalogue produits<\/h3>\n[\/vc_column_text][vc_single_image image=\u00a0\u00bb136268&Prime; img_size=\u00a0\u00bbfull\u00a0\u00bb onclick=\u00a0\u00bbcustom_link\u00a0\u00bb img_link_target=\u00a0\u00bb_blank\u00a0\u00bb el_class=\u00a0\u00bbdownloadspagina\u00a0\u00bb link=\u00a0\u00bbhttps:\/\/www.nedzink.com\/wp-content\/uploads\/2025\/04\/46871-nz-catalogus-2025-befr_web.pdf\u00a0\u00bb][\/vc_column_inner][\/vc_row_inner][mk_padding_divider size=\u00a0\u00bb50&Prime;][vc_row_inner attached=\u00a0\u00bbtrue\u00a0\u00bb is_fullwidth_content=\u00a0\u00bbfalse\u00a0\u00bb column_padding=\u00a0\u00bb2&Prime; el_class=\u00a0\u00bbrij-wit-schaduw\u00a0\u00bb el_id=\u00a0\u00bbdatasheet\u00a0\u00bb][vc_column_inner width=\u00a0\u00bb1\/4&Prime; offset=\u00a0\u00bbvc_col-xs-12&Prime;][vc_column_text css=\u00a0\u00bb.vc_custom_1718365680873{margin-bottom: 15px !important;}\u00a0\u00bb]\n<h3>Inspiration book<\/h3>\n[\/vc_column_text][vc_single_image image=\u00a0\u00bb131024&Prime; img_size=\u00a0\u00bbfull\u00a0\u00bb onclick=\u00a0\u00bbcustom_link\u00a0\u00bb img_link_target=\u00a0\u00bb_blank\u00a0\u00bb el_class=\u00a0\u00bbdownloadspagina\u00a0\u00bb link=\u00a0\u00bbhttps:\/\/www.nedzink.com\/wp-content\/uploads\/2024\/06\/nedzink-inspiration-book_web.pdf\u00a0\u00bb][\/vc_column_inner][vc_column_inner width=\u00a0\u00bb1\/4&Prime;][vc_column_text css=\u00a0\u00bb.vc_custom_1705396689179{margin-bottom: 15px !important;}\u00a0\u00bb]\n<h3>Zinc-titane pr\u00e9patin\u00e9 NedZink<\/h3>\n[\/vc_column_text][vc_single_image image=\u00a0\u00bb128936&Prime; img_size=\u00a0\u00bbfull\u00a0\u00bb onclick=\u00a0\u00bbcustom_link\u00a0\u00bb img_link_target=\u00a0\u00bb_blank\u00a0\u00bb el_class=\u00a0\u00bbdownloadspagina\u00a0\u00bb link=\u00a0\u00bbhttps:\/\/www.nedzink.com\/wp-content\/uploads\/2024\/07\/43042-nz-prepat-brochure-befr_web.pdf\u00a0\u00bb][\/vc_column_inner][vc_column_inner width=\u00a0\u00bb1\/4&Prime;][vc_column_text css=\u00a0\u00bb.vc_custom_1708606812935{margin-bottom: 15px !important;}\u00a0\u00bb]\n<h3>Datasheet brochure<\/h3>\n[\/vc_column_text][vc_single_image image=\u00a0\u00bb129512&Prime; img_size=\u00a0\u00bbfull\u00a0\u00bb onclick=\u00a0\u00bbcustom_link\u00a0\u00bb img_link_target=\u00a0\u00bb_blank\u00a0\u00bb el_class=\u00a0\u00bbdownloadspagina\u00a0\u00bb link=\u00a0\u00bbhttps:\/\/www.nedzink.com\/wp-content\/uploads\/2024\/07\/41839-nz-datasheet-portfolio-3-luik-be-fr_web.pdf\u00a0\u00bb][\/vc_column_inner][vc_column_inner width=\u00a0\u00bb1\/4&Prime;][vc_column_text css=\u00a0\u00bb.vc_custom_1740144635638{margin-bottom: 15px !important;}\u00a0\u00bb]\n<h3>Timeline book<\/h3>\n[\/vc_column_text][vc_single_image image=\u00a0\u00bb135112&Prime; img_size=\u00a0\u00bbfull\u00a0\u00bb onclick=\u00a0\u00bbcustom_link\u00a0\u00bb img_link_target=\u00a0\u00bb_blank\u00a0\u00bb el_class=\u00a0\u00bbdownloadspagina\u00a0\u00bb link=\u00a0\u00bbhttps:\/\/www.nedzink.com\/wp-content\/uploads\/2025\/02\/37612-nz-timeline-book_fr_lr.pdf\u00a0\u00bb][\/vc_column_inner][\/vc_row_inner][mk_padding_divider size=\u00a0\u00bb50&Prime;][vc_row_inner attached=\u00a0\u00bbtrue\u00a0\u00bb is_fullwidth_content=\u00a0\u00bbfalse\u00a0\u00bb column_padding=\u00a0\u00bb2&Prime; el_class=\u00a0\u00bbrij-wit-schaduw\u00a0\u00bb el_id=\u00a0\u00bbalgemeneverkoopvoorwaarden\u00a0\u00bb][vc_column_inner width=\u00a0\u00bb1\/4&Prime; offset=\u00a0\u00bbvc_col-xs-12&Prime;][vc_column_text css=\u00a0\u00bb.vc_custom_1562058344322{margin-bottom: 15px !important;}\u00a0\u00bb]\n<h3>EPD NATUREL<\/h3>\n[\/vc_column_text][vc_single_image image=\u00a0\u00bb64005&Prime; img_size=\u00a0\u00bb150&#215;198&Prime; onclick=\u00a0\u00bbcustom_link\u00a0\u00bb img_link_target=\u00a0\u00bb_blank\u00a0\u00bb el_class=\u00a0\u00bbdownloadspagina\u00a0\u00bb link=\u00a0\u00bbhttps:\/\/www.nedzink.com\/wp-content\/uploads\/2025\/02\/nedzink-naturel-a2.pdf\u00a0\u00bb][\/vc_column_inner][vc_column_inner width=\u00a0\u00bb1\/4&Prime;][vc_column_text css=\u00a0\u00bb.vc_custom_1623846873011{margin-bottom: 15px !important;}\u00a0\u00bb]\n<h3>EPD NOVA \/ NEO \/ NOIR<\/h3>\n[\/vc_column_text][vc_single_image image=\u00a0\u00bb64016&Prime; img_size=\u00a0\u00bb150&#215;198&Prime; onclick=\u00a0\u00bbcustom_link\u00a0\u00bb img_link_target=\u00a0\u00bb_blank\u00a0\u00bb el_class=\u00a0\u00bbdownloadspagina\u00a0\u00bb link=\u00a0\u00bbhttps:\/\/www.nedzink.com\/wp-content\/uploads\/2025\/02\/nedzink-nova-nedzink-neo-nedzink-noir-a2.pdf\u00a0\u00bb][\/vc_column_inner][vc_column_inner width=\u00a0\u00bb1\/4&Prime;][\/vc_column_inner][vc_column_inner width=\u00a0\u00bb1\/4&Prime;][\/vc_column_inner][\/vc_row_inner][mk_padding_divider size=\u00a0\u00bb50&Prime;][vc_row_inner attached=\u00a0\u00bbtrue\u00a0\u00bb is_fullwidth_content=\u00a0\u00bbfalse\u00a0\u00bb column_padding=\u00a0\u00bb2&Prime; el_class=\u00a0\u00bbrij-wit-schaduw\u00a0\u00bb][vc_column_inner width=\u00a0\u00bb1\/4&Prime; offset=\u00a0\u00bbvc_col-xs-12&Prime;][vc_column_text css=\u00a0\u00bb.vc_custom_1614594572749{margin-bottom: 15px !important;}\u00a0\u00bb]\n<h3>Fiche de Donn\u00e9es de S\u00e9curit\u00e9 Top Fenix \u2013 D\u00e9capant pour souder<\/h3>\n[\/vc_column_text][vc_single_image image=\u00a0\u00bb60125&Prime; img_size=\u00a0\u00bb150&#215;211&Prime; onclick=\u00a0\u00bbcustom_link\u00a0\u00bb img_link_target=\u00a0\u00bb_blank\u00a0\u00bb el_class=\u00a0\u00bbdownloadspagina\u00a0\u00bb link=\u00a0\u00bbhttps:\/\/www.nedzink.com\/wp-content\/uploads\/2021\/02\/20-sds-flux-e-rev.-1_16092020_fr-1.pdf\u00a0\u00bb][\/vc_column_inner][vc_column_inner width=\u00a0\u00bb1\/4&Prime;][vc_column_text css=\u00a0\u00bb.vc_custom_1562760297045{margin-bottom: 15px !important;}\u00a0\u00bb]\n<h3>Lloyd&rsquo;s Register Certificate ISO:9001:2015<\/h3>\n[\/vc_column_text][vc_single_image image=\u00a0\u00bb108035&Prime; img_size=\u00a0\u00bb150&#215;198&Prime; onclick=\u00a0\u00bbcustom_link\u00a0\u00bb img_link_target=\u00a0\u00bb_blank\u00a0\u00bb el_class=\u00a0\u00bbdownloadspagina\u00a0\u00bb link=\u00a0\u00bbhttps:\/\/www.nedzink.com\/wp-content\/uploads\/2025\/03\/25-0023998-qms-frafr-rva.pdf\u00a0\u00bb][\/vc_column_inner][vc_column_inner width=\u00a0\u00bb1\/4&Prime;][vc_column_text css=\u00a0\u00bb.vc_custom_1564476676275{margin-bottom: 15px !important;}\u00a0\u00bb]\n<h3>D\u00e9claration des performances NedZink BV (DOP)<\/h3>\n[\/vc_column_text][vc_single_image image=\u00a0\u00bb38510&Prime; img_size=\u00a0\u00bb150&#215;198&Prime; onclick=\u00a0\u00bbcustom_link\u00a0\u00bb img_link_target=\u00a0\u00bb_blank\u00a0\u00bb el_class=\u00a0\u00bbdownloadspagina\u00a0\u00bb link=\u00a0\u00bbhttps:\/\/www.nedzink.com\/wp-content\/uploads\/2023\/02\/dop-14783-13fxx003.pdf\u00a0\u00bb][\/vc_column_inner][vc_column_inner width=\u00a0\u00bb1\/4&Prime;][vc_column_text css=\u00a0\u00bb.vc_custom_1610612295156{margin-bottom: 15px !important;}\u00a0\u00bb]\n<h3>Conditions g\u00e9n\u00e9rales de vente<\/h3>\n[\/vc_column_text][vc_single_image image=\u00a0\u00bb38958&Prime; img_size=\u00a0\u00bb150&#215;202&Prime; onclick=\u00a0\u00bbcustom_link\u00a0\u00bb img_link_target=\u00a0\u00bb_blank\u00a0\u00bb el_class=\u00a0\u00bbdownloadspagina\u00a0\u00bb link=\u00a0\u00bbhttps:\/\/www.nedzink.com\/wp-content\/uploads\/2021\/01\/92425-nz-verkoopvoorwaarden-fr.pdf\u00a0\u00bb][\/vc_column_inner][\/vc_row_inner][mk_padding_divider size=\u00a0\u00bb50&Prime;][\/vc_column][\/vc_row][vc_row][vc_column width=\u00a0\u00bb1\/4&Prime;][vc_column_text css=\u00a0\u00bb.vc_custom_1589964297550{margin-bottom: 15px !important;}\u00a0\u00bb]\n<h3>Infographic: Les 7 avantages de NedZink<\/h3>\n[\/vc_column_text][vc_single_image image=\u00a0\u00bb55576&Prime; img_size=\u00a0\u00bb150&#215;198&Prime; onclick=\u00a0\u00bbcustom_link\u00a0\u00bb img_link_target=\u00a0\u00bb_blank\u00a0\u00bb el_class=\u00a0\u00bbdownloadspagina\u00a0\u00bb link=\u00a0\u00bbhttps:\/\/www.nedzink.com\/wp-content\/uploads\/2020\/05\/28507-nz-infographic-zeven-zink-zekerheden-fr-1.pdf\u00a0\u00bb][\/vc_column][vc_column width=\u00a0\u00bb1\/4&Prime;][vc_column_text css=\u00a0\u00bb.vc_custom_1589964449082{margin-bottom: 15px !important;}\u00a0\u00bb]\n<h3>Infographic: Construire durablement avec NedZink<\/h3>\n[\/vc_column_text][vc_single_image image=\u00a0\u00bb55596&Prime; img_size=\u00a0\u00bb150&#215;198&Prime; onclick=\u00a0\u00bbcustom_link\u00a0\u00bb img_link_target=\u00a0\u00bb_blank\u00a0\u00bb el_class=\u00a0\u00bbdownloadspagina\u00a0\u00bb link=\u00a0\u00bbhttps:\/\/www.nedzink.com\/wp-content\/uploads\/2020\/05\/29265-nz-infographic-duurzaamheid-fr.pdf\u00a0\u00bb][\/vc_column][vc_column width=\u00a0\u00bb1\/4&Prime;][vc_column_text css=\u00a0\u00bb.vc_custom_1591343662522{margin-bottom: 15px !important;}\u00a0\u00bb]\n<h3>Infographic: Naturellement! NedZink NOIR<\/h3>\n[\/vc_column_text][vc_single_image image=\u00a0\u00bb56038&Prime; img_size=\u00a0\u00bb150&#215;198&Prime; onclick=\u00a0\u00bbcustom_link\u00a0\u00bb img_link_target=\u00a0\u00bb_blank\u00a0\u00bb el_class=\u00a0\u00bbdownloadspagina\u00a0\u00bb link=\u00a0\u00bbhttps:\/\/www.nedzink.com\/wp-content\/uploads\/2020\/06\/29432-nz-infographic-nedzink-noir-fr-wo-garanty.pdf\u00a0\u00bb][\/vc_column][vc_column width=\u00a0\u00bb1\/4&Prime;][\/vc_column][\/vc_row]\n","protected":false},"excerpt":{"rendered":"<p>[vc_row][vc_column][mk_padding_divider size=\u00a0\u00bb80&Prime;][\/vc_column][\/vc_row][vc_row][vc_column][vc_row_inner attached=\u00a0\u00bbtrue\u00a0\u00bb is_fullwidth_content=\u00a0\u00bbfalse\u00a0\u00bb column_padding=\u00a0\u00bb2&Prime; el_class=\u00a0\u00bbrij-wit-schaduw\u00a0\u00bb el_id=\u00a0\u00bbcorporatebrochure\u00a0\u00bb][vc_column_inner][vc_column_text css=\u00a0\u00bb.vc_custom_1560857813259{margin-bottom: 0px !important;}\u00a0\u00bb] Downloads [\/vc_column_text][\/vc_column_inner][vc_column_inner width=\u00a0\u00bb1\/4&Prime; offset=\u00a0\u00bbvc_col-xs-12&Prime;][vc_column_text css=\u00a0\u00bb.vc_custom_1633610602006{margin-bottom: 15px !important;}\u00a0\u00bb] Company Brochure [\/vc_column_text][vc_single_image image=\u00a0\u00bb131193&Prime; img_size=\u00a0\u00bbfull\u00a0\u00bb onclick=\u00a0\u00bbcustom_link\u00a0\u00bb img_link_target=\u00a0\u00bb_blank\u00a0\u00bb el_class=\u00a0\u00bbdownloadspagina\u00a0\u00bb link=\u00a0\u00bbhttps:\/\/www.nedzink.com\/wp-content\/uploads\/2024\/07\/44501-nz-totaalbrochure-2024-fr-be-a4_web.pdf\u00a0\u00bb][\/vc_column_inner][vc_column_inner width=\u00a0\u00bb1\/4&Prime;][vc_column_text css=\u00a0\u00bb.vc_custom_1677507356953{margin-bottom: 15px !important;}\u00a0\u00bb] NedZink Training [\/vc_column_text][vc_single_image image=\u00a0\u00bb124530&Prime; img_size=\u00a0\u00bbfull\u00a0\u00bb onclick=\u00a0\u00bbcustom_link\u00a0\u00bb img_link_target=\u00a0\u00bb_blank\u00a0\u00bb el_class=\u00a0\u00bbdownloadspagina\u00a0\u00bb link=\u00a0\u00bbhttps:\/\/www.nedzink.com\/wp-content\/uploads\/2023\/03\/40275-nz-opleidingsbrochure_fr_web_mrt23.pdf\u00a0\u00bb][\/vc_column_inner][vc_column_inner width=\u00a0\u00bb1\/4&Prime;][vc_column_text css=\u00a0\u00bb.vc_custom_1564476108738{margin-bottom: 15px !important;}\u00a0\u00bb] Cahier technique [\/vc_column_text][vc_single_image image=\u00a0\u00bb38957&Prime; img_size=\u00a0\u00bb150&#215;202&Prime; onclick=\u00a0\u00bbcustom_link\u00a0\u00bb img_link_target=\u00a0\u00bb_blank\u00a0\u00bb el_class=\u00a0\u00bbdownloadspagina\u00a0\u00bb link=\u00a0\u00bbhttps:\/\/www.nedzink.com\/wp-content\/uploads\/2019\/07\/13426-fr-v1-techn-advboek-volledig.pdf\u00a0\u00bb][\/vc_column_inner][vc_column_inner width=\u00a0\u00bb1\/4&Prime;][vc_column_text css=\u00a0\u00bb.vc_custom_1564478186323{margin-bottom: 15px [&hellip;]<\/p>\n","protected":false},"author":4,"featured_media":0,"parent":0,"menu_order":0,"comment_status":"closed","ping_status":"closed","template":"","meta":{"_acf_changed":false,"footnotes":""},"class_list":["post-40329","page","type-page","status-publish","hentry"],"acf":[],"yoast_head":"<!-- This site is optimized with the Yoast SEO plugin v26.8 - https:\/\/yoast.com\/product\/yoast-seo-wordpress\/ -->\n<title>Downloads \u2013 NedZink<\/title>\n<meta name=\"description\" content=\"Download diverse documentatie zoals brochures, datasheets, certificaat informatie, leveringsprogramma, technisch adviesboek en algemene verkoopwaarden\" \/>\n<meta name=\"robots\" content=\"index, follow, max-snippet:-1, max-image-preview:large, max-video-preview:-1\" \/>\n<link rel=\"canonical\" href=\"https:\/\/www.nedzink.com\/fr-be\/downloads\/\" \/>\n<meta property=\"og:locale\" content=\"fr_FR\" \/>\n<meta property=\"og:type\" content=\"article\" \/>\n<meta property=\"og:title\" content=\"Downloads \u2013 NedZink\" \/>\n<meta property=\"og:description\" content=\"Download diverse documentatie zoals brochures, datasheets, certificaat informatie, leveringsprogramma, technisch adviesboek en algemene verkoopwaarden\" \/>\n<meta property=\"og:url\" content=\"https:\/\/www.nedzink.com\/fr-be\/downloads\/\" \/>\n<meta property=\"og:site_name\" content=\"NedZink\" \/>\n<meta property=\"article:modified_time\" content=\"2025-04-10T06:47:22+00:00\" \/>\n<meta name=\"twitter:card\" content=\"summary_large_image\" \/>\n<meta name=\"twitter:label1\" content=\"Dur\u00e9e de lecture est.\" \/>\n\t<meta name=\"twitter:data1\" content=\"2 minutes\" \/>\n<script type=\"application\/ld+json\" class=\"yoast-schema-graph\">{\"@context\":\"https:\/\/schema.org\",\"@graph\":[{\"@type\":\"WebPage\",\"@id\":\"https:\/\/www.nedzink.com\/fr-be\/downloads\/\",\"url\":\"https:\/\/www.nedzink.com\/fr-be\/downloads\/\",\"name\":\"Downloads \u2013 NedZink\",\"isPartOf\":{\"@id\":\"https:\/\/www.nedzink.com\/fr-be\/#website\"},\"datePublished\":\"2019-07-30T09:01:43+00:00\",\"dateModified\":\"2025-04-10T06:47:22+00:00\",\"description\":\"Download diverse documentatie zoals brochures, datasheets, certificaat informatie, leveringsprogramma, technisch adviesboek en algemene verkoopwaarden\",\"breadcrumb\":{\"@id\":\"https:\/\/www.nedzink.com\/fr-be\/downloads\/#breadcrumb\"},\"inLanguage\":\"fr-BE\",\"potentialAction\":[{\"@type\":\"ReadAction\",\"target\":[\"https:\/\/www.nedzink.com\/fr-be\/downloads\/\"]}]},{\"@type\":\"BreadcrumbList\",\"@id\":\"https:\/\/www.nedzink.com\/fr-be\/downloads\/#breadcrumb\",\"itemListElement\":[{\"@type\":\"ListItem\",\"position\":1,\"name\":\"Home\",\"item\":\"https:\/\/www.nedzink.com\/fr-be\/\"},{\"@type\":\"ListItem\",\"position\":2,\"name\":\"Downloads\"}]},{\"@type\":\"WebSite\",\"@id\":\"https:\/\/www.nedzink.com\/fr-be\/#website\",\"url\":\"https:\/\/www.nedzink.com\/fr-be\/\",\"name\":\"NedZink\",\"description\":\"Zink fabrikant\",\"publisher\":{\"@id\":\"https:\/\/www.nedzink.com\/fr-be\/#organization\"},\"potentialAction\":[{\"@type\":\"SearchAction\",\"target\":{\"@type\":\"EntryPoint\",\"urlTemplate\":\"https:\/\/www.nedzink.com\/fr-be\/?s={search_term_string}\"},\"query-input\":{\"@type\":\"PropertyValueSpecification\",\"valueRequired\":true,\"valueName\":\"search_term_string\"}}],\"inLanguage\":\"fr-BE\"},{\"@type\":\"Organization\",\"@id\":\"https:\/\/www.nedzink.com\/fr-be\/#organization\",\"name\":\"NedZink\",\"url\":\"https:\/\/www.nedzink.com\/fr-be\/\",\"logo\":{\"@type\":\"ImageObject\",\"inLanguage\":\"fr-BE\",\"@id\":\"https:\/\/www.nedzink.com\/fr-be\/#\/schema\/logo\/image\/\",\"url\":\"https:\/\/www.nedzink.com\/wp-content\/uploads\/2019\/08\/logo-nedzink_fc_zk.jpg\",\"contentUrl\":\"https:\/\/www.nedzink.com\/wp-content\/uploads\/2019\/08\/logo-nedzink_fc_zk.jpg\",\"width\":2160,\"height\":688,\"caption\":\"NedZink\"},\"image\":{\"@id\":\"https:\/\/www.nedzink.com\/fr-be\/#\/schema\/logo\/image\/\"}}]}<\/script>\n<!-- \/ Yoast SEO plugin. -->","yoast_head_json":{"title":"Downloads \u2013 NedZink","description":"Download diverse documentatie zoals brochures, datasheets, certificaat informatie, leveringsprogramma, technisch adviesboek en algemene verkoopwaarden","robots":{"index":"index","follow":"follow","max-snippet":"max-snippet:-1","max-image-preview":"max-image-preview:large","max-video-preview":"max-video-preview:-1"},"canonical":"https:\/\/www.nedzink.com\/fr-be\/downloads\/","og_locale":"fr_FR","og_type":"article","og_title":"Downloads \u2013 NedZink","og_description":"Download diverse documentatie zoals brochures, datasheets, certificaat informatie, leveringsprogramma, technisch adviesboek en algemene verkoopwaarden","og_url":"https:\/\/www.nedzink.com\/fr-be\/downloads\/","og_site_name":"NedZink","article_modified_time":"2025-04-10T06:47:22+00:00","twitter_card":"summary_large_image","twitter_misc":{"Dur\u00e9e de lecture est.":"2 minutes"},"schema":{"@context":"https:\/\/schema.org","@graph":[{"@type":"WebPage","@id":"https:\/\/www.nedzink.com\/fr-be\/downloads\/","url":"https:\/\/www.nedzink.com\/fr-be\/downloads\/","name":"Downloads \u2013 NedZink","isPartOf":{"@id":"https:\/\/www.nedzink.com\/fr-be\/#website"},"datePublished":"2019-07-30T09:01:43+00:00","dateModified":"2025-04-10T06:47:22+00:00","description":"Download diverse documentatie zoals brochures, datasheets, certificaat informatie, leveringsprogramma, technisch adviesboek en algemene verkoopwaarden","breadcrumb":{"@id":"https:\/\/www.nedzink.com\/fr-be\/downloads\/#breadcrumb"},"inLanguage":"fr-BE","potentialAction":[{"@type":"ReadAction","target":["https:\/\/www.nedzink.com\/fr-be\/downloads\/"]}]},{"@type":"BreadcrumbList","@id":"https:\/\/www.nedzink.com\/fr-be\/downloads\/#breadcrumb","itemListElement":[{"@type":"ListItem","position":1,"name":"Home","item":"https:\/\/www.nedzink.com\/fr-be\/"},{"@type":"ListItem","position":2,"name":"Downloads"}]},{"@type":"WebSite","@id":"https:\/\/www.nedzink.com\/fr-be\/#website","url":"https:\/\/www.nedzink.com\/fr-be\/","name":"NedZink","description":"Zink fabrikant","publisher":{"@id":"https:\/\/www.nedzink.com\/fr-be\/#organization"},"potentialAction":[{"@type":"SearchAction","target":{"@type":"EntryPoint","urlTemplate":"https:\/\/www.nedzink.com\/fr-be\/?s={search_term_string}"},"query-input":{"@type":"PropertyValueSpecification","valueRequired":true,"valueName":"search_term_string"}}],"inLanguage":"fr-BE"},{"@type":"Organization","@id":"https:\/\/www.nedzink.com\/fr-be\/#organization","name":"NedZink","url":"https:\/\/www.nedzink.com\/fr-be\/","logo":{"@type":"ImageObject","inLanguage":"fr-BE","@id":"https:\/\/www.nedzink.com\/fr-be\/#\/schema\/logo\/image\/","url":"https:\/\/www.nedzink.com\/wp-content\/uploads\/2019\/08\/logo-nedzink_fc_zk.jpg","contentUrl":"https:\/\/www.nedzink.com\/wp-content\/uploads\/2019\/08\/logo-nedzink_fc_zk.jpg","width":2160,"height":688,"caption":"NedZink"},"image":{"@id":"https:\/\/www.nedzink.com\/fr-be\/#\/schema\/logo\/image\/"}}]}},"_links":{"self":[{"href":"https:\/\/www.nedzink.com\/fr-be\/wp-json\/wp\/v2\/pages\/40329","targetHints":{"allow":["GET"]}}],"collection":[{"href":"https:\/\/www.nedzink.com\/fr-be\/wp-json\/wp\/v2\/pages"}],"about":[{"href":"https:\/\/www.nedzink.com\/fr-be\/wp-json\/wp\/v2\/types\/page"}],"author":[{"embeddable":true,"href":"https:\/\/www.nedzink.com\/fr-be\/wp-json\/wp\/v2\/users\/4"}],"replies":[{"embeddable":true,"href":"https:\/\/www.nedzink.com\/fr-be\/wp-json\/wp\/v2\/comments?post=40329"}],"version-history":[{"count":22,"href":"https:\/\/www.nedzink.com\/fr-be\/wp-json\/wp\/v2\/pages\/40329\/revisions"}],"predecessor-version":[{"id":136279,"href":"https:\/\/www.nedzink.com\/fr-be\/wp-json\/wp\/v2\/pages\/40329\/revisions\/136279"}],"wp:attachment":[{"href":"https:\/\/www.nedzink.com\/fr-be\/wp-json\/wp\/v2\/media?parent=40329"}],"curies":[{"name":"wp","href":"https:\/\/api.w.org\/{rel}","templated":true}]}}