{"id":38842,"date":"2019-07-09T09:56:20","date_gmt":"2019-07-09T07:56:20","guid":{"rendered":"http:\/\/136.144.181.85\/~nedzink\/?page_id=38842"},"modified":"2024-09-19T20:24:33","modified_gmt":"2024-09-19T18:24:33","slug":"materiaux-coloris","status":"publish","type":"page","link":"https:\/\/www.nedzink.com\/fr-be\/materiaux-coloris\/","title":{"rendered":"Mat\u00e9riaux &#038; coloris"},"content":{"rendered":"[vc_row fullwidth=\u00a0\u00bbtrue\u00a0\u00bb][vc_column] AAAAAAAAAA\n<div id=\"rev_slider_19_1_wrapper\" class=\"rev_slider_wrapper fullwidthbanner-container\" data-source=\"gallery\" style=\"margin:0px auto;background:transparent;padding:0px;margin-top:0px;margin-bottom:0px;\">\n<!-- START REVOLUTION SLIDER 5.4.8 auto mode -->\n\t<div id=\"rev_slider_19_1\" class=\"rev_slider fullwidthabanner tp-overflow-hidden\" style=\"display:none;\" data-version=\"5.4.8\">\n<ul>\t<!-- SLIDE  -->\n\t<li data-index=\"rs-75\" data-transition=\"fade\" data-slotamount=\"default\" data-hideafterloop=\"0\" data-hideslideonmobile=\"off\"  data-easein=\"default\" data-easeout=\"default\" data-masterspeed=\"300\"  data-rotate=\"0\"  data-saveperformance=\"off\"  data-title=\"Slide\" data-param1=\"\" data-param2=\"\" data-param3=\"\" data-param4=\"\" data-param5=\"\" data-param6=\"\" data-param7=\"\" data-param8=\"\" data-param9=\"\" data-param10=\"\" data-description=\"\">\n\t\t<!-- MAIN IMAGE -->\n\t\t<img loading=\"lazy\" decoding=\"async\" src=\"https:\/\/www.nedzink.com\/wp-content\/uploads\/2019\/04\/mg_5177-edit-min.jpg\"  alt=\"\" title=\"mg_5177-edit-min\"  width=\"1920\" height=\"610\" data-bgposition=\"center center\" data-bgfit=\"cover\" data-bgrepeat=\"no-repeat\" class=\"rev-slidebg\" data-no-retina>\n\t\t<!-- LAYERS -->\n\t<\/li>\n<\/ul>\n<div style=\"\" class=\"tp-static-layers\">\n\n\t\t<!-- LAYER NR. 1 -->\n\t\t<div class=\"tp-caption tp-shape tp-shapewrapper tp-layer-selectable  tp-resizeme tp-static-layer\" \n\t\t\t id=\"slider-19-layer-12\" \n\t\t\t data-x=\"1492\" \n\t\t\t data-y=\"271\" \n\t\t\t\t\t\tdata-width=\"['383']\"\n\t\t\tdata-height=\"['72']\"\n \n\t\t\tdata-type=\"shape\" \n\t\t\tdata-responsive_offset=\"on\" \n\n\t\t\tdata-startslide=\"0\" \n\t\t\tdata-endslide=\"0\" \n\t\t\tdata-frames='[{\"delay\":10,\"speed\":300,\"frame\":\"0\",\"from\":\"opacity:0;\",\"to\":\"o:1;\",\"ease\":\"Power3.easeInOut\"},{\"delay\":\"+3190\",\"speed\":300,\"frame\":\"999\",\"to\":\"opacity:0;\",\"ease\":\"Power3.easeInOut\"}]'\n\t\t\tdata-textAlign=\"['inherit','inherit','inherit','inherit']\"\n\t\t\tdata-paddingtop=\"[0,0,0,0]\"\n\t\t\tdata-paddingright=\"[0,0,0,0]\"\n\t\t\tdata-paddingbottom=\"[0,0,0,0]\"\n\t\t\tdata-paddingleft=\"[0,0,0,0]\"\n\n\t\t\tstyle=\"z-index: 5;background-color:rgba(0,0,0,0);border-color:rgb(255,255,255);border-style:solid;border-width:4px 4px 4px 4px;\"> <\/div>\n\n\t\t<!-- LAYER NR. 2 -->\n\t\t<div class=\"tp-caption tp-layer-selectable  tp-resizeme tp-static-layer\" \n\t\t\t id=\"slider-19-layer-13\" \n\t\t\t data-x=\"1511\" \n\t\t\t data-y=\"286\" \n\t\t\t\t\t\tdata-width=\"['auto']\"\n\t\t\tdata-height=\"['auto']\"\n \n\t\t\tdata-type=\"text\" \n\t\t\tdata-responsive_offset=\"on\" \n\n\t\t\tdata-startslide=\"0\" \n\t\t\tdata-endslide=\"0\" \n\t\t\tdata-frames='[{\"delay\":360,\"speed\":300,\"frame\":\"0\",\"from\":\"opacity:0;\",\"to\":\"o:1;\",\"ease\":\"Power3.easeInOut\"},{\"delay\":\"+2840\",\"speed\":300,\"frame\":\"999\",\"to\":\"opacity:0;\",\"ease\":\"Power3.easeInOut\"}]'\n\t\t\tdata-textAlign=\"['inherit','inherit','inherit','inherit']\"\n\t\t\tdata-paddingtop=\"[0,0,0,0]\"\n\t\t\tdata-paddingright=\"[0,0,0,0]\"\n\t\t\tdata-paddingbottom=\"[0,0,0,0]\"\n\t\t\tdata-paddingleft=\"[0,0,0,0]\"\n\n\t\t\tstyle=\"z-index: 6; white-space: nowrap; font-size: 36px; line-height: 36px; font-weight: 600; color: #ffffff; letter-spacing: 0px;font-family:Arial;text-shadow:0px 1px 4px rgba(79, 79, 79, 0.75);\">Mat\u00e9riaux & Coloris <\/div>\n\n\t\t<!-- LAYER NR. 3 -->\n\t\t<div class=\"tp-caption tp-shape tp-shapewrapper tp-layer-selectable  tp-resizeme tp-static-layer\" \n\t\t\t id=\"slider-19-layer-14\" \n\t\t\t data-x=\"right\" data-hoffset=\"-3\" \n\t\t\t data-y=\"18\" \n\t\t\t\t\t\tdata-width=\"['490']\"\n\t\t\tdata-height=\"['610']\"\n \n\t\t\tdata-type=\"shape\" \n\t\t\tdata-responsive_offset=\"on\" \n\n\t\t\tdata-startslide=\"0\" \n\t\t\tdata-endslide=\"0\" \n\t\t\tdata-frames='[{\"delay\":10,\"speed\":300,\"frame\":\"0\",\"from\":\"opacity:0;\",\"to\":\"o:1;\",\"ease\":\"Power3.easeInOut\"},{\"delay\":\"+3190\",\"speed\":300,\"frame\":\"999\",\"to\":\"opacity:0;\",\"ease\":\"Power3.easeInOut\"}]'\n\t\t\tdata-textAlign=\"['inherit','inherit','inherit','inherit']\"\n\t\t\tdata-paddingtop=\"[0,0,0,0]\"\n\t\t\tdata-paddingright=\"[0,0,0,0]\"\n\t\t\tdata-paddingbottom=\"[0,0,0,0]\"\n\t\t\tdata-paddingleft=\"[0,0,0,0]\"\n\n\t\t\tstyle=\"z-index: 7;font-family:Arial;background-color:rgba(255,255,255,0.26);\"> <\/div>\n<\/div>\n<div class=\"tp-bannertimer tp-bottom\" style=\"visibility: hidden !important;\"><\/div>\t<\/div>\n<script>\n\t\t\t\t\tvar htmlDivCss = ' #rev_slider_19_1_wrapper .tp-loader.spinner2{ background-color: #b0b0b0 !important; } ';\n\t\t\t\t\tvar htmlDiv = document.getElementById('rs-plugin-settings-inline-css');\n\t\t\t\t\tif(htmlDiv) {\n\t\t\t\t\t\thtmlDiv.innerHTML = htmlDiv.innerHTML + htmlDivCss;\n\t\t\t\t\t}\n\t\t\t\t\telse{\n\t\t\t\t\t\tvar htmlDiv = document.createElement('div');\n\t\t\t\t\t\thtmlDiv.innerHTML = '<style>' + htmlDivCss + '<\/style>';\n\t\t\t\t\t\tdocument.getElementsByTagName('head')[0].appendChild(htmlDiv.childNodes[0]);\n\t\t\t\t\t}\n\t\t\t\t\t<\/script>\n\t\t\t\t\t<\/div><!-- END REVOLUTION SLIDER -->[\/vc_column][\/vc_row][vc_row][vc_column][mk_padding_divider size=\u00a0\u00bb50&Prime;][\/vc_column][\/vc_row][mk_page_section el_class=\u00a0\u00bbmaterialenkleurenpadding\u00a0\u00bb sidebar=\u00a0\u00bbsidebar-1&Prime;][vc_column][vc_row_inner css=\u00a0\u00bb.vc_custom_1556546889255{margin-bottom: 50px !important;padding-bottom: 35px !important;background-color: #ffffff !important;}\u00a0\u00bb el_class=\u00a0\u00bbrij-wit-schaduw architecten-materialen2&Prime; el_id=\u00a0\u00bbnaturel\u00a0\u00bb][vc_column_inner el_class=\u00a0\u00bbmateriaalkolom\u00a0\u00bb width=\u00a0\u00bb3\/4&Prime;][mk_padding_divider size=\u00a0\u00bb30&Prime;][vc_column_text el_class=\u00a0\u00bbkleurenm\u00a0\u00bb css=\u00a0\u00bb.vc_custom_1558514633011{margin-bottom: 0px !important;}\u00a0\u00bb]\n<h2 id=\"naturel\">NedZink NATUREL<\/h2>\n[\/vc_column_text][vc_single_image image=\u00a0\u00bb32978&Prime; img_size=\u00a0\u00bbfull\u00a0\u00bb css=\u00a0\u00bb.vc_custom_1559909092531{padding-top: 0px !important;padding-bottom: 30px !important;}\u00a0\u00bb el_class=\u00a0\u00bbkleurenm\u00a0\u00bb][vc_column_text el_class=\u00a0\u00bbkleurenm\u00a0\u00bb css=\u00a0\u00bb.vc_custom_1562657282538{margin-bottom: 0px !important;}\u00a0\u00bb]<strong>NedZink NATUREL<\/strong> est un zinc-titane lamin\u00e9. C\u2019est un mat\u00e9riau esth\u00e9tique, durable et ne n\u00e9cessitant aucun entretien qui devient au fil des ans de plus en plus beau sous l&rsquo;action des conditions atmosph\u00e9riques. Une patine de zinc naturelle se forme en effet \u00e0 sa surface. Gr\u00e2ce \u00e0 ces propri\u00e9t\u00e9s, <strong>NedZink NATUREL<\/strong> est essentiellement utilis\u00e9 dans des applications n\u00e9cessitant un \u00e9clat naturel et vivant, une r\u00e9sistance \u00e9lev\u00e9e et une dur\u00e9e de vie allong\u00e9e.[\/vc_column_text][\/vc_column_inner][vc_column_inner width=\u00a0\u00bb1\/4&Prime;][mk_padding_divider size=\u00a0\u00bb75&Prime; visibility=\u00a0\u00bbhidden-sm\u00a0\u00bb][vc_single_image image=\u00a0\u00bb53713&Prime; img_size=\u00a0\u00bb275&#215;275&Prime; alignment=\u00a0\u00bbcenter\u00a0\u00bb css=\u00a0\u00bb.vc_custom_1584108061101{margin-top: 1px !important;}\u00a0\u00bb][\/vc_column_inner][\/vc_row_inner][vc_row_inner css=\u00a0\u00bb.vc_custom_1575964420470{margin-bottom: 50px !important;padding-bottom: 35px !important;background-color: #ffffff !important;}\u00a0\u00bb el_class=\u00a0\u00bbrij-wit-schaduw architecten-materialen2&Prime; el_id=\u00a0\u00bbneo\u00a0\u00bb][vc_column_inner el_class=\u00a0\u00bbmateriaalkolom\u00a0\u00bb width=\u00a0\u00bb3\/4&Prime;][mk_padding_divider size=\u00a0\u00bb30&Prime;][vc_column_text el_class=\u00a0\u00bbkleurenm\u00a0\u00bb css=\u00a0\u00bb.vc_custom_1575963976955{margin-bottom: 0px !important;}\u00a0\u00bb]\n<h2 id=\"naturel\">NedZink NEO<\/h2>\n[\/vc_column_text][vc_single_image image=\u00a0\u00bb51906&Prime; img_size=\u00a0\u00bbfull\u00a0\u00bb css=\u00a0\u00bb.vc_custom_1575964050089{padding-top: 0px !important;padding-bottom: 30px !important;}\u00a0\u00bb el_class=\u00a0\u00bbkleurenm\u00a0\u00bb][vc_column_text el_class=\u00a0\u00bbkleurenm\u00a0\u00bb css=\u00a0\u00bb.vc_custom_1575964029421{margin-bottom: 0px !important;}\u00a0\u00bb]<strong>NedZink NEO<\/strong> est un zinc-titane pr\u00e9patin\u00e9, de couleur gris <span style=\"text-decoration: underline;\">min\u00e9ral<\/span>, dont la surface est mate et subtilement bross\u00e9e.<\/p>\n<p>L\u2019aspect uniforme gris min\u00e9ral de <strong>NedZink NEO<\/strong> est obtenu par un traitement chimique apr\u00e8s le laminage. Aucun coating ou aucune peinture n\u2019est appliqu\u00e9. Cependant, la composition de la couche se formant normalement sous l\u2019action des \u00e9l\u00e9ments naturels est stimul\u00e9e, tandis que les propri\u00e9t\u00e9s naturelles du zinc-titane sont enti\u00e8rement pr\u00e9serv\u00e9es.<\/p>\n<p>Si vous pr\u00e9f\u00e9rez une surface grise min\u00e9rale d\u00e8s le d\u00e9part, nous vous recommandons <strong>NedZink NEO<\/strong>.[\/vc_column_text][\/vc_column_inner][vc_column_inner width=\u00a0\u00bb1\/4&Prime;][mk_padding_divider size=\u00a0\u00bb75&Prime; visibility=\u00a0\u00bbhidden-sm\u00a0\u00bb][vc_single_image image=\u00a0\u00bb53633&Prime; img_size=\u00a0\u00bb275&#215;275&Prime; alignment=\u00a0\u00bbcenter\u00a0\u00bb css=\u00a0\u00bb.vc_custom_1584108079651{margin-top: 1px !important;}\u00a0\u00bb][\/vc_column_inner][\/vc_row_inner][vc_row_inner css=\u00a0\u00bb.vc_custom_1556546898239{margin-bottom: 50px !important;padding-bottom: 35px !important;background-color: #ffffff !important;}\u00a0\u00bb el_class=\u00a0\u00bbrij-wit-schaduw architecten-materialen2&Prime; el_id=\u00a0\u00bbnova\u00a0\u00bb][vc_column_inner el_class=\u00a0\u00bbmateriaalkolom\u00a0\u00bb width=\u00a0\u00bb3\/4&Prime;][mk_padding_divider size=\u00a0\u00bb30&Prime;][vc_column_text css=\u00a0\u00bb.vc_custom_1558514699602{margin-bottom: 0px !important;}\u00a0\u00bb]\n<h2>NedZink NOVA<\/h2>\n[\/vc_column_text][vc_single_image image=\u00a0\u00bb32968&Prime; img_size=\u00a0\u00bbfull\u00a0\u00bb css=\u00a0\u00bb.vc_custom_1559909191304{padding-top: 0px !important;padding-bottom: 30px !important;}\u00a0\u00bb][vc_column_text css=\u00a0\u00bb.vc_custom_1562657330663{margin-bottom: 0px !important;}\u00a0\u00bb]<strong>NedZink NOVA<\/strong> est un zinc-titane pr\u00e9patin\u00e9, de couleur gris naturel, dont la surface est mate et subtilement bross\u00e9e.<\/p>\n<p>L\u2019aspect uniforme gris moyen de <strong>NedZink NOVA<\/strong> est obtenu par un traitement chimique apr\u00e8s le laminage. Aucun coating ou aucune peinture n&rsquo;est appliqu\u00e9. Cependant, la composition de la couche se formant normalement sous l&rsquo;action des \u00e9l\u00e9ments naturels est stimul\u00e9e, tandis que les propri\u00e9t\u00e9s naturelles du zinc-titane sont enti\u00e8rement pr\u00e9serv\u00e9es.<\/p>\n<p>Si vous pr\u00e9f\u00e9rez une surface grise naturelle d\u00e8s le d\u00e9part, nous vous recommandons <strong>NedZink NOVA<\/strong>.[\/vc_column_text][\/vc_column_inner][vc_column_inner width=\u00a0\u00bb1\/4&Prime;][mk_padding_divider size=\u00a0\u00bb75&Prime; visibility=\u00a0\u00bbhidden-sm\u00a0\u00bb][vc_single_image image=\u00a0\u00bb53653&Prime; img_size=\u00a0\u00bb275&#215;275&Prime; alignment=\u00a0\u00bbcenter\u00a0\u00bb css=\u00a0\u00bb.vc_custom_1584108095440{margin-top: 1px !important;}\u00a0\u00bb][\/vc_column_inner][\/vc_row_inner][vc_row_inner css=\u00a0\u00bb.vc_custom_1556546906671{margin-bottom: 50px !important;padding-bottom: 35px !important;background-color: #ffffff !important;}\u00a0\u00bb el_class=\u00a0\u00bbrij-wit-schaduw architecten-materialen2&Prime; el_id=\u00a0\u00bbnoir\u00a0\u00bb][vc_column_inner el_class=\u00a0\u00bbmateriaalkolom\u00a0\u00bb width=\u00a0\u00bb3\/4&Prime;][mk_padding_divider size=\u00a0\u00bb30&Prime;][vc_column_text css=\u00a0\u00bb.vc_custom_1558514723874{margin-bottom: 0px !important;}\u00a0\u00bb]\n<h2>NedZink NOIR<\/h2>\n[\/vc_column_text][vc_single_image image=\u00a0\u00bb33620&Prime; img_size=\u00a0\u00bbfull\u00a0\u00bb css=\u00a0\u00bb.vc_custom_1560320259455{padding-top: 0px !important;padding-bottom: 30px !important;}\u00a0\u00bb][vc_column_text css=\u00a0\u00bb.vc_custom_1562657375391{margin-bottom: 0px !important;}\u00a0\u00bb]<strong>NedZink NOIR<\/strong> est une deuxi\u00e8me variante de couleur du zinc-titane pr\u00e9patin\u00e9.<\/p>\n<p><strong>NedZink NOIR<\/strong> a une surface uniforme anthracite noire. L&rsquo;aspect de surface uniforme anthracite noire est obtenue par un traitement chimique apr\u00e8s le laminage. Les propri\u00e9t\u00e9s naturelles du zinc-titane sont enti\u00e8rement pr\u00e9serv\u00e9es.<\/p>\n<p>Si vous souhaitez une surface uniforme fonc\u00e9e, nous recommandons d&rsquo;utiliser <strong>NedZink NOIR<\/strong>.[\/vc_column_text][\/vc_column_inner][vc_column_inner width=\u00a0\u00bb1\/4&Prime;][mk_padding_divider size=\u00a0\u00bb76&Prime; visibility=\u00a0\u00bbhidden-sm\u00a0\u00bb][vc_single_image image=\u00a0\u00bb53643&Prime; img_size=\u00a0\u00bb275&#215;275&Prime; alignment=\u00a0\u00bbcenter\u00a0\u00bb][\/vc_column_inner][\/vc_row_inner][vc_row_inner css=\u00a0\u00bb.vc_custom_1556548069799{margin-bottom: 50px !important;padding-bottom: 35px !important;background-color: #ffffff !important;}\u00a0\u00bb el_class=\u00a0\u00bbrij-wit-schaduw architecten-materialen2&Prime; el_id=\u00a0\u00bbnuance\u00a0\u00bb][vc_column_inner el_class=\u00a0\u00bbmateriaalkolom\u00a0\u00bb width=\u00a0\u00bb3\/4&Prime;][mk_padding_divider size=\u00a0\u00bb30&Prime;][vc_column_text css=\u00a0\u00bb.vc_custom_1558514805794{margin-bottom: 0px !important;}\u00a0\u00bb]\n<h2>NedZink NUANCE<\/h2>\n[\/vc_column_text][vc_single_image image=\u00a0\u00bb32958&Prime; img_size=\u00a0\u00bbfull\u00a0\u00bb css=\u00a0\u00bb.vc_custom_1559909219123{padding-top: 0px !important;padding-bottom: 30px !important;}\u00a0\u00bb][vc_column_text css=\u00a0\u00bb.vc_custom_1647262430834{margin-bottom: 0px !important;}\u00a0\u00bb]<strong>NedZink NUANCE<\/strong> est un zinc-titane pr\u00e9patin\u00e9 muni de pigments. Le r\u00e9sultat est selon le pigment s\u00e9lectionn\u00e9 un zinc-titane pr\u00e9patin\u00e9 avec une nuance de couleur bleue, rouge, marron ou verte.<\/p>\n<p>Les propri\u00e9t\u00e9s naturelles du zinc-titane qui sont; une dur\u00e9e de vie \u00e9lev\u00e9e, d&rsquo;excellentes propri\u00e9t\u00e9s de d\u00e9formation et l&rsquo;absence d&rsquo;entretien, sont enti\u00e8rement pr\u00e9serv\u00e9es. Les pigments fournissent \u00e9galement une protection suppl\u00e9mentaire au zinc pr\u00e9patin\u00e9.<\/p>\n<p><strong>NedZink NUANCE<\/strong> est principalement utilis\u00e9 pour des applications haut de gamme \u00e0 l&rsquo;ext\u00e9rieur pour des toitures et des fa\u00e7ades et \u00e0 l&rsquo;int\u00e9rieur pour diverses applications design.[\/vc_column_text][\/vc_column_inner][vc_column_inner width=\u00a0\u00bb1\/4&Prime;][mk_padding_divider size=\u00a0\u00bb76&Prime; visibility=\u00a0\u00bbhidden-sm\u00a0\u00bb][vc_single_image image=\u00a0\u00bb106832&Prime; img_size=\u00a0\u00bb275&#215;275&Prime; alignment=\u00a0\u00bbcenter\u00a0\u00bb][\/vc_column_inner][\/vc_row_inner][vc_row_inner css=\u00a0\u00bb.vc_custom_1555674404577{padding-bottom: 35px !important;background-color: #ffffff !important;}\u00a0\u00bb el_class=\u00a0\u00bbrij-wit-schaduw architecten-materialen2&Prime; el_id=\u00a0\u00bbprotec\u00a0\u00bb][vc_column_inner el_class=\u00a0\u00bbmateriaalkolom\u00a0\u00bb width=\u00a0\u00bb3\/4&Prime;][mk_padding_divider size=\u00a0\u00bb30&Prime;][vc_column_text css=\u00a0\u00bb.vc_custom_1559026275810{margin-bottom: 0px !important;}\u00a0\u00bb]\n<h2>NedZink Pro-Tec<\/h2>\n[\/vc_column_text][vc_single_image image=\u00a0\u00bb28513&Prime; img_size=\u00a0\u00bbfull\u00a0\u00bb css=\u00a0\u00bb.vc_custom_1557309395889{padding-top: 0px !important;padding-bottom: 30px !important;}\u00a0\u00bb][vc_column_text css=\u00a0\u00bb.vc_custom_1587386226942{margin-bottom: 0px !important;}\u00a0\u00bb]<strong>NedZink Pro-Tec<\/strong> est du zinc-titane produit par NedZink pourvu \u00e0 l\u2019arri\u00e8re, d\u2019une couche de protection pour des applications sur des toitures \u00e0 la fois froides et chaudes. La couche de protection \u00e0 l\u2019arri\u00e8re prot\u00e8ge le zinc contre les d\u00e9g\u00e2ts provoqu\u00e9s par l\u2019eau et d\u2019autres mat\u00e9riaux. Les propri\u00e9t\u00e9s de traitement du mat\u00e9riau zinc-titane sont \u00e9videmment conserv\u00e9es.<\/p>\n<p><strong>NedZink Pro-Tec<\/strong> peut s\u2019appliquer comme rev\u00eatements fa\u00e7ade, pour les constructions \u00e0 toitures chaudes ainsi que pour les supports non compatible.<\/p>\n<p><strong>NedZink Pro-Tec<\/strong> est disponible dans les versions suivantes:<br \/>\n&#8211; NedZink NATUREL Pro-Tec<br \/>\n&#8211; NedZink NEO Pro-Tec<br \/>\n&#8211; NedZink NOVA Pro-Tec<br \/>\n&#8211; NedZink NOIR Pro-Tec<br \/>\n&#8211; NedZink NUANCE Pro-Tec[\/vc_column_text][\/vc_column_inner][vc_column_inner width=\u00a0\u00bb1\/4&Prime;][mk_padding_divider size=\u00a0\u00bb76&Prime; visibility=\u00a0\u00bbhidden-sm\u00a0\u00bb][vc_single_image image=\u00a0\u00bb53703&Prime; img_size=\u00a0\u00bb275&#215;275&Prime; alignment=\u00a0\u00bbcenter\u00a0\u00bb][\/vc_column_inner][\/vc_row_inner][\/vc_column][\/mk_page_section]\n","protected":false},"excerpt":{"rendered":"<p>[vc_row fullwidth=\u00a0\u00bbtrue\u00a0\u00bb][vc_column][\/vc_column][\/vc_row][vc_row][vc_column][mk_padding_divider size=\u00a0\u00bb50&Prime;][\/vc_column][\/vc_row][mk_page_section el_class=\u00a0\u00bbmaterialenkleurenpadding\u00a0\u00bb sidebar=\u00a0\u00bbsidebar-1&Prime;][vc_column][vc_row_inner css=\u00a0\u00bb.vc_custom_1556546889255{margin-bottom: 50px !important;padding-bottom: 35px !important;background-color: #ffffff !important;}\u00a0\u00bb el_class=\u00a0\u00bbrij-wit-schaduw architecten-materialen2&Prime; el_id=\u00a0\u00bbnaturel\u00a0\u00bb][vc_column_inner el_class=\u00a0\u00bbmateriaalkolom\u00a0\u00bb width=\u00a0\u00bb3\/4&Prime;][mk_padding_divider size=\u00a0\u00bb30&Prime;][vc_column_text el_class=\u00a0\u00bbkleurenm\u00a0\u00bb css=\u00a0\u00bb.vc_custom_1558514633011{margin-bottom: 0px !important;}\u00a0\u00bb] NedZink NATUREL [\/vc_column_text][vc_single_image image=\u00a0\u00bb32978&Prime; img_size=\u00a0\u00bbfull\u00a0\u00bb css=\u00a0\u00bb.vc_custom_1559909092531{padding-top: 0px !important;padding-bottom: 30px !important;}\u00a0\u00bb el_class=\u00a0\u00bbkleurenm\u00a0\u00bb][vc_column_text el_class=\u00a0\u00bbkleurenm\u00a0\u00bb css=\u00a0\u00bb.vc_custom_1562657282538{margin-bottom: 0px !important;}\u00a0\u00bb]NedZink NATUREL est un zinc-titane lamin\u00e9. C\u2019est un mat\u00e9riau esth\u00e9tique, durable et ne n\u00e9cessitant aucun entretien qui devient au [&hellip;]<\/p>\n","protected":false},"author":4,"featured_media":0,"parent":0,"menu_order":0,"comment_status":"closed","ping_status":"closed","template":"","meta":{"_acf_changed":false,"footnotes":""},"class_list":["post-38842","page","type-page","status-publish","hentry"],"acf":[],"yoast_head":"<!-- This site is optimized with the Yoast SEO plugin v26.8 - https:\/\/yoast.com\/product\/yoast-seo-wordpress\/ -->\n<title>Mat\u00e9riaux &amp; coloris \u2013 NedZink<\/title>\n<meta name=\"description\" content=\"Titaanzink is verkrijgbaar in de kleuren Naturel, Nova, Noir, Composite en Nuance. Ontdek de kleuren, materialen en toepassingen van titaanzink bij NedZink.\" \/>\n<meta name=\"robots\" content=\"index, follow, max-snippet:-1, max-image-preview:large, max-video-preview:-1\" \/>\n<link rel=\"canonical\" href=\"https:\/\/www.nedzink.com\/fr-be\/materiaux-coloris\/\" \/>\n<meta property=\"og:locale\" content=\"fr_FR\" \/>\n<meta property=\"og:type\" content=\"article\" \/>\n<meta property=\"og:title\" content=\"Mat\u00e9riaux &amp; coloris \u2013 NedZink\" \/>\n<meta property=\"og:description\" content=\"Titaanzink is verkrijgbaar in de kleuren Naturel, Nova, Noir, Composite en Nuance. Ontdek de kleuren, materialen en toepassingen van titaanzink bij NedZink.\" \/>\n<meta property=\"og:url\" content=\"https:\/\/www.nedzink.com\/fr-be\/materiaux-coloris\/\" \/>\n<meta property=\"og:site_name\" content=\"NedZink\" \/>\n<meta property=\"article:modified_time\" content=\"2024-09-19T18:24:33+00:00\" \/>\n<meta name=\"twitter:card\" content=\"summary_large_image\" \/>\n<meta name=\"twitter:label1\" content=\"Dur\u00e9e de lecture est.\" \/>\n\t<meta name=\"twitter:data1\" content=\"5 minutes\" \/>\n<script type=\"application\/ld+json\" class=\"yoast-schema-graph\">{\"@context\":\"https:\/\/schema.org\",\"@graph\":[{\"@type\":\"WebPage\",\"@id\":\"https:\/\/www.nedzink.com\/fr-be\/materiaux-coloris\/\",\"url\":\"https:\/\/www.nedzink.com\/fr-be\/materiaux-coloris\/\",\"name\":\"Mat\u00e9riaux & coloris \u2013 NedZink\",\"isPartOf\":{\"@id\":\"https:\/\/www.nedzink.com\/fr-be\/#website\"},\"datePublished\":\"2019-07-09T07:56:20+00:00\",\"dateModified\":\"2024-09-19T18:24:33+00:00\",\"description\":\"Titaanzink is verkrijgbaar in de kleuren Naturel, Nova, Noir, Composite en Nuance. Ontdek de kleuren, materialen en toepassingen van titaanzink bij NedZink.\",\"breadcrumb\":{\"@id\":\"https:\/\/www.nedzink.com\/fr-be\/materiaux-coloris\/#breadcrumb\"},\"inLanguage\":\"fr-BE\",\"potentialAction\":[{\"@type\":\"ReadAction\",\"target\":[\"https:\/\/www.nedzink.com\/fr-be\/materiaux-coloris\/\"]}]},{\"@type\":\"BreadcrumbList\",\"@id\":\"https:\/\/www.nedzink.com\/fr-be\/materiaux-coloris\/#breadcrumb\",\"itemListElement\":[{\"@type\":\"ListItem\",\"position\":1,\"name\":\"Home\",\"item\":\"https:\/\/www.nedzink.com\/fr-be\/\"},{\"@type\":\"ListItem\",\"position\":2,\"name\":\"Mat\u00e9riaux &#038; coloris\"}]},{\"@type\":\"WebSite\",\"@id\":\"https:\/\/www.nedzink.com\/fr-be\/#website\",\"url\":\"https:\/\/www.nedzink.com\/fr-be\/\",\"name\":\"NedZink\",\"description\":\"Zink fabrikant\",\"publisher\":{\"@id\":\"https:\/\/www.nedzink.com\/fr-be\/#organization\"},\"potentialAction\":[{\"@type\":\"SearchAction\",\"target\":{\"@type\":\"EntryPoint\",\"urlTemplate\":\"https:\/\/www.nedzink.com\/fr-be\/?s={search_term_string}\"},\"query-input\":{\"@type\":\"PropertyValueSpecification\",\"valueRequired\":true,\"valueName\":\"search_term_string\"}}],\"inLanguage\":\"fr-BE\"},{\"@type\":\"Organization\",\"@id\":\"https:\/\/www.nedzink.com\/fr-be\/#organization\",\"name\":\"NedZink\",\"url\":\"https:\/\/www.nedzink.com\/fr-be\/\",\"logo\":{\"@type\":\"ImageObject\",\"inLanguage\":\"fr-BE\",\"@id\":\"https:\/\/www.nedzink.com\/fr-be\/#\/schema\/logo\/image\/\",\"url\":\"https:\/\/www.nedzink.com\/wp-content\/uploads\/2019\/08\/logo-nedzink_fc_zk.jpg\",\"contentUrl\":\"https:\/\/www.nedzink.com\/wp-content\/uploads\/2019\/08\/logo-nedzink_fc_zk.jpg\",\"width\":2160,\"height\":688,\"caption\":\"NedZink\"},\"image\":{\"@id\":\"https:\/\/www.nedzink.com\/fr-be\/#\/schema\/logo\/image\/\"}}]}<\/script>\n<!-- \/ Yoast SEO plugin. -->","yoast_head_json":{"title":"Mat\u00e9riaux & coloris \u2013 NedZink","description":"Titaanzink is verkrijgbaar in de kleuren Naturel, Nova, Noir, Composite en Nuance. Ontdek de kleuren, materialen en toepassingen van titaanzink bij NedZink.","robots":{"index":"index","follow":"follow","max-snippet":"max-snippet:-1","max-image-preview":"max-image-preview:large","max-video-preview":"max-video-preview:-1"},"canonical":"https:\/\/www.nedzink.com\/fr-be\/materiaux-coloris\/","og_locale":"fr_FR","og_type":"article","og_title":"Mat\u00e9riaux & coloris \u2013 NedZink","og_description":"Titaanzink is verkrijgbaar in de kleuren Naturel, Nova, Noir, Composite en Nuance. Ontdek de kleuren, materialen en toepassingen van titaanzink bij NedZink.","og_url":"https:\/\/www.nedzink.com\/fr-be\/materiaux-coloris\/","og_site_name":"NedZink","article_modified_time":"2024-09-19T18:24:33+00:00","twitter_card":"summary_large_image","twitter_misc":{"Dur\u00e9e de lecture est.":"5 minutes"},"schema":{"@context":"https:\/\/schema.org","@graph":[{"@type":"WebPage","@id":"https:\/\/www.nedzink.com\/fr-be\/materiaux-coloris\/","url":"https:\/\/www.nedzink.com\/fr-be\/materiaux-coloris\/","name":"Mat\u00e9riaux & coloris \u2013 NedZink","isPartOf":{"@id":"https:\/\/www.nedzink.com\/fr-be\/#website"},"datePublished":"2019-07-09T07:56:20+00:00","dateModified":"2024-09-19T18:24:33+00:00","description":"Titaanzink is verkrijgbaar in de kleuren Naturel, Nova, Noir, Composite en Nuance. Ontdek de kleuren, materialen en toepassingen van titaanzink bij NedZink.","breadcrumb":{"@id":"https:\/\/www.nedzink.com\/fr-be\/materiaux-coloris\/#breadcrumb"},"inLanguage":"fr-BE","potentialAction":[{"@type":"ReadAction","target":["https:\/\/www.nedzink.com\/fr-be\/materiaux-coloris\/"]}]},{"@type":"BreadcrumbList","@id":"https:\/\/www.nedzink.com\/fr-be\/materiaux-coloris\/#breadcrumb","itemListElement":[{"@type":"ListItem","position":1,"name":"Home","item":"https:\/\/www.nedzink.com\/fr-be\/"},{"@type":"ListItem","position":2,"name":"Mat\u00e9riaux &#038; coloris"}]},{"@type":"WebSite","@id":"https:\/\/www.nedzink.com\/fr-be\/#website","url":"https:\/\/www.nedzink.com\/fr-be\/","name":"NedZink","description":"Zink fabrikant","publisher":{"@id":"https:\/\/www.nedzink.com\/fr-be\/#organization"},"potentialAction":[{"@type":"SearchAction","target":{"@type":"EntryPoint","urlTemplate":"https:\/\/www.nedzink.com\/fr-be\/?s={search_term_string}"},"query-input":{"@type":"PropertyValueSpecification","valueRequired":true,"valueName":"search_term_string"}}],"inLanguage":"fr-BE"},{"@type":"Organization","@id":"https:\/\/www.nedzink.com\/fr-be\/#organization","name":"NedZink","url":"https:\/\/www.nedzink.com\/fr-be\/","logo":{"@type":"ImageObject","inLanguage":"fr-BE","@id":"https:\/\/www.nedzink.com\/fr-be\/#\/schema\/logo\/image\/","url":"https:\/\/www.nedzink.com\/wp-content\/uploads\/2019\/08\/logo-nedzink_fc_zk.jpg","contentUrl":"https:\/\/www.nedzink.com\/wp-content\/uploads\/2019\/08\/logo-nedzink_fc_zk.jpg","width":2160,"height":688,"caption":"NedZink"},"image":{"@id":"https:\/\/www.nedzink.com\/fr-be\/#\/schema\/logo\/image\/"}}]}},"_links":{"self":[{"href":"https:\/\/www.nedzink.com\/fr-be\/wp-json\/wp\/v2\/pages\/38842","targetHints":{"allow":["GET"]}}],"collection":[{"href":"https:\/\/www.nedzink.com\/fr-be\/wp-json\/wp\/v2\/pages"}],"about":[{"href":"https:\/\/www.nedzink.com\/fr-be\/wp-json\/wp\/v2\/types\/page"}],"author":[{"embeddable":true,"href":"https:\/\/www.nedzink.com\/fr-be\/wp-json\/wp\/v2\/users\/4"}],"replies":[{"embeddable":true,"href":"https:\/\/www.nedzink.com\/fr-be\/wp-json\/wp\/v2\/comments?post=38842"}],"version-history":[{"count":1,"href":"https:\/\/www.nedzink.com\/fr-be\/wp-json\/wp\/v2\/pages\/38842\/revisions"}],"predecessor-version":[{"id":131929,"href":"https:\/\/www.nedzink.com\/fr-be\/wp-json\/wp\/v2\/pages\/38842\/revisions\/131929"}],"wp:attachment":[{"href":"https:\/\/www.nedzink.com\/fr-be\/wp-json\/wp\/v2\/media?parent=38842"}],"curies":[{"name":"wp","href":"https:\/\/api.w.org\/{rel}","templated":true}]}}