{"id":31874,"date":"2019-04-23T13:47:10","date_gmt":"2019-04-23T11:47:10","guid":{"rendered":"http:\/\/136.144.181.85\/~nedzink\/privacy-statement\/"},"modified":"2019-07-16T10:09:58","modified_gmt":"2019-07-16T08:09:58","slug":"declaration-de-respect-de-la-vie-privee","status":"publish","type":"page","link":"https:\/\/www.nedzink.com\/fr-be\/declaration-de-respect-de-la-vie-privee\/","title":{"rendered":"D\u00e9claration de respect de la vie priv\u00e9e"},"content":{"rendered":"[vc_row equal_columns=\u00a0\u00bbtrue\u00a0\u00bb attached=\u00a0\u00bbtrue\u00a0\u00bb column_padding=\u00a0\u00bb2&Prime; el_class=\u00a0\u00bbrij-wit-schaduw\u00a0\u00bb][vc_column][vc_row_inner is_fullwidth_content=\u00a0\u00bbfalse\u00a0\u00bb][vc_column_inner][mk_padding_divider size=\u00a0\u00bb30&Prime;][vc_column_text css=\u00a0\u00bb.vc_custom_1556021177549{margin-bottom: 0px !important;}\u00a0\u00bb]\n<h1>Privacy Statement<\/h1>\n[\/vc_column_text][mk_padding_divider size=\u00a0\u00bb30&Prime;][vc_column_text css=\u00a0\u00bb.vc_custom_1563261937425{margin-bottom: 0px !important;}\u00a0\u00bb]NedZink et ses soci\u00e9t\u00e9s s\u0153urs attachent une grande importance \u00e0 une bonne gestion des donn\u00e9es personnelles. C\u2019est pourquoi nous voulons profiter de cette d\u00e9claration de respect de la vie priv\u00e9e pour vous fournir des informations claires et transparentes sur la fa\u00e7on dont NedZink traite les donn\u00e9es personnelles de ses relations, clients et fournisseurs, ainsi que des visiteurs de son site web.<\/p>\n<p>Il va de soi que ces donn\u00e9es personnelles sont trait\u00e9es et s\u00e9curis\u00e9es avec le plus grand soin possible. Dans ce cadre, NedZink respecte le R\u00e8glement g\u00e9n\u00e9ral sur la protection des donn\u00e9es (RGPD), ainsi que la loi d\u2019application RGPD.<br \/>\n<strong><br \/>\nCeci signifie que nous:<\/strong><br \/>\n\u2022 traitons vos donn\u00e9es personnelles en application de nos objectifs d\u2019exploitation et vous demandons votre autorisation chaque fois que celle-ci est requise ;<br \/>\n\u2022 nous limitons la collecte des donn\u00e9es personnelles aux seules donn\u00e9es personnelles n\u00e9cessaires \u00e0 ces fins ;<br \/>\n\u2022 prenons les mesures de s\u00e9curisation appropri\u00e9es pour prot\u00e9ger vos donn\u00e9es personnelles et exigeons la m\u00eame chose des parties qui traitent des donn\u00e9es personnelles pour notre compte;<br \/>\n\u2022 mentionnons clairement &#8211; dans la pr\u00e9sente d\u00e9claration de respect de la vie priv\u00e9e &#8211; les buts dans lesquels nous traitons vos donn\u00e9es personnelles ;<br \/>\n\u2022 respectons votre droit de consulter vos donn\u00e9es personnelles, sur simple demande de votre part, de les corriger ou de les supprimer. Le responsable pour le traitement des donn\u00e9es personnelles est NedZink, Hoofdstraat 1, 6024 AA Budel-Dorplein.<br \/>\n<strong><br \/>\nDans quel but traitons-nous vos donn\u00e9es personnelles?<\/strong><br \/>\nIl existe diff\u00e9rentes fins pour lesquelles NedZink collecte et traite vos donn\u00e9es personnelles. NedZink collecte, traite et conserve vos coordonn\u00e9es, parmi lesquelles votre nom, votre fonction, vos centres d\u2019int\u00e9r\u00eat commerciaux et\/ou professionnels, votre num\u00e9ro de t\u00e9l\u00e9phone mobile professionnel et votre adresse e-mail professionnelle :<\/p>\n<p>\u2022\u00a0\u00a0\u00a0Lorsque vous faites l\u2019acquisition de produits et\/ou services de NedZink ;<br \/>\n\u2022 \u00a0\u00a0Lorsque vous avez des contacts avec NedZink. Il peut s&rsquo;agir d&rsquo;un contact t\u00e9l\u00e9phonique, mais \u00e9galement lorsque vous nous contactez par e-mail, compl\u00e9tez le formulaire de contact, participez \u00e0 des enqu\u00eates ou \u00e9tudes, vous inscrivez \u00e0 des r\u00e9unions d\u2019information, avez recours \u00e0 nos sites web, ouvrez une session sur votre compte, vous enregistrez pour des lettres d\u2019information ou nous contactez sur les r\u00e9seaux sociaux ;<br \/>\n\u2022 \u00a0\u00a0\u00a0Pour des analyses internes visant l\u2019am\u00e9lioration des processus, le d\u00e9veloppement de produits et services et les \u00e9tudes de march\u00e9 ;<br \/>\n\u2022 \u00a0\u00a0\u00a0Pour informer nos relations et leurs collaborateurs de nos (nouveaux) produits et services, en direct, mais par exemple aussi par le biais de campagnes sur les r\u00e9seaux sociaux, une d\u00e9marche o\u00f9 NedZink tente de tenir compte des pr\u00e9f\u00e9rences sur la base des produits et\/ou services acquis sur la base d\u2019un usage de nos sites web, enregistr\u00e9 moyennant votre autorisation.<br \/>\n<strong><br \/>\nLettre d\u2019information et formulaire de contact<\/strong><br \/>\nNous vous proposons une lettre d\u2019information dans laquelle nous informons les personnes int\u00e9ress\u00e9es \u00e0 propos de nos produits et\/ou services. Votre adresse e-mail n\u2019est ajout\u00e9e \u00e0 la liste des abonn\u00e9s qu\u2019apr\u00e8s votre autorisation pr\u00e9alable dans ce sens. Chaque lettre d\u2019information contient une r\u00e9f\u00e9rence vers une fonction de d\u00e9sinscription. Si vous compl\u00e9tez un formulaire de contact sur le site web ou si vous nous transmettez un e-mail, les donn\u00e9es que vous nous transmettez ne sont conserv\u00e9es que le temps n\u00e9cessaire pour la r\u00e9ponse et le traitement complets en fonction de la nature du formulaire ou du contenu de votre e-mail. Votre adresse e-mail est utilis\u00e9e en outre pour la transmission d\u2019informations concernant de (nouveaux) produits et services par NedZink si vous avez donn\u00e9 une autorisation dans ce sens. Vous pouvez \u00e0 tout moment abroger cette autorisation en utilisant le lien de d\u00e9sinscription dans l\u2019e-mail envoy\u00e9 ou en transmettant un e-mail \u00e0 info@nedzink.nl, avec la mention RGPD.<br \/>\n<strong><br \/>\nPublication<\/strong><br \/>\nNous g\u00e9rons vos donn\u00e9es en toute confidentialit\u00e9 et nous ne les publions pas.<br \/>\n<strong><br \/>\nTransmission des donn\u00e9es personnelles \u00e0 des tierces parties<\/strong><br \/>\nNous ne transmettons vos donn\u00e9es \u00e0 une tierce partie que si cette d\u00e9marche s\u2019av\u00e8re indispensable \u00e0 l\u2019ex\u00e9cution d\u2019un produit ou service convenu avec vous-m\u00eame ou avec votre entreprise. \u00c0 des fins de protection de vos droits, nous concluons une convention de traitement avec ces tierces parties (partenaires). Notre site web comprend des instruments de mesure d\u2019autres parties, tels les cookies de Google Analytics. Les donn\u00e9es sont partag\u00e9es automatiquement avec cette entreprise, une d\u00e9marche que nous entreprenons pour enregistrer la fa\u00e7on dont les visiteurs utilisent notre site web. Nous utilisons ces connaissances pour optimaliser notre site web \u00e0 l\u2019intention de nos visiteurs. NedZink n\u2019a pas autoris\u00e9 Google \u00e0 utiliser les informations analytiques obtenues via NedZink pour d\u2019autres services Google. Consultez la politique de respect de la vie priv\u00e9e de Google et Google Analytics pour de plus amples informations.<br \/>\n<strong><br \/>\nS\u00e9curisation<\/strong><br \/>\nNedZink a recours \u00e0 des proc\u00e9dures de s\u00e9curisation techniques et organisationnelles pour \u00e9viter que des personnes non autoris\u00e9es aient acc\u00e8s \u00e0 vos donn\u00e9es personnelles. Ces proc\u00e9dures garantissent un niveau de s\u00e9curisation appropri\u00e9, compte tenu des types de traitements et de la nature des donn\u00e9es personnelles \u00e0 s\u00e9curiser.<br \/>\n<strong><br \/>\nModifications au niveau de la pr\u00e9sente d\u00e9claration de respect de la vie priv\u00e9e<\/strong><br \/>\nNedZink se r\u00e9serve le droit d\u2019apporter des modifications \u00e0 la politique en mati\u00e8re de respect de la vie priv\u00e9e et de cookies. Nous vous recommandons donc de consulter r\u00e9guli\u00e8rement cette page afin de v\u00e9rifier la pr\u00e9sence \u00e9ventuelle de modifications. Si NedZink devait apporter une modification importante, qui aurait des cons\u00e9quences sur la fa\u00e7on dont NedZink traite vos donn\u00e9es personnelles, nous vous le communiquerons par des messages sur notre (nos) site(s) web et dans nos lettres d\u2019information.<br \/>\n<strong><br \/>\nQuestions, consultation ou demande de modification de vos donn\u00e9es<\/strong><br \/>\nSi vous deviez avoir des questions ou des remarques concernant notre politique de respect de la vie priv\u00e9e ou si vous souhaitiez faire usage de votre droit de consultation, de correction ou de suppression de vos donn\u00e9es personnelles, vous pourrez les adresser \u00e0 : NedZink, \u00e0 l\u2019att. du d\u00e9partement du Marketing, Postbus 2135, 6020 AC Budel ou e-mail : info@nedzink.nl avec la mention RGPD.<\/p>\n<p>Budel-Dorplein, Mai 2018.[\/vc_column_text][\/vc_column_inner][\/vc_row_inner][\/vc_column][\/vc_row]\n","protected":false},"excerpt":{"rendered":"<p>[vc_row equal_columns=\u00a0\u00bbtrue\u00a0\u00bb attached=\u00a0\u00bbtrue\u00a0\u00bb column_padding=\u00a0\u00bb2&Prime; el_class=\u00a0\u00bbrij-wit-schaduw\u00a0\u00bb][vc_column][vc_row_inner is_fullwidth_content=\u00a0\u00bbfalse\u00a0\u00bb][vc_column_inner][mk_padding_divider size=\u00a0\u00bb30&Prime;][vc_column_text css=\u00a0\u00bb.vc_custom_1556021177549{margin-bottom: 0px !important;}\u00a0\u00bb] Privacy Statement [\/vc_column_text][mk_padding_divider size=\u00a0\u00bb30&Prime;][vc_column_text css=\u00a0\u00bb.vc_custom_1563261937425{margin-bottom: 0px !important;}\u00a0\u00bb]NedZink et ses soci\u00e9t\u00e9s s\u0153urs attachent une grande importance \u00e0 une bonne gestion des donn\u00e9es personnelles. C\u2019est pourquoi nous voulons profiter de cette d\u00e9claration de respect de la vie priv\u00e9e pour vous fournir des informations claires et transparentes sur [&hellip;]<\/p>\n","protected":false},"author":9,"featured_media":0,"parent":0,"menu_order":0,"comment_status":"closed","ping_status":"closed","template":"","meta":{"_acf_changed":false,"footnotes":""},"class_list":["post-31874","page","type-page","status-publish","hentry"],"acf":[],"yoast_head":"<!-- This site is optimized with the Yoast SEO plugin v26.8 - https:\/\/yoast.com\/product\/yoast-seo-wordpress\/ -->\n<title>D\u00e9claration de respect de la vie priv\u00e9e \u2013 NedZink<\/title>\n<meta name=\"robots\" content=\"index, follow, max-snippet:-1, max-image-preview:large, max-video-preview:-1\" \/>\n<link rel=\"canonical\" href=\"https:\/\/www.nedzink.com\/fr-be\/declaration-de-respect-de-la-vie-privee\/\" \/>\n<meta property=\"og:locale\" content=\"fr_FR\" \/>\n<meta property=\"og:type\" content=\"article\" \/>\n<meta property=\"og:title\" content=\"D\u00e9claration de respect de la vie priv\u00e9e \u2013 NedZink\" \/>\n<meta property=\"og:description\" content=\"[vc_row equal_columns=\u00a0\u00bbtrue\u00a0\u00bb attached=\u00a0\u00bbtrue\u00a0\u00bb column_padding=\u00a0\u00bb2&Prime; el_class=\u00a0\u00bbrij-wit-schaduw\u00a0\u00bb][vc_column][vc_row_inner is_fullwidth_content=\u00a0\u00bbfalse\u00a0\u00bb][vc_column_inner][mk_padding_divider size=\u00a0\u00bb30&Prime;][vc_column_text css=\u00a0\u00bb.vc_custom_1556021177549{margin-bottom: 0px !important;}\u00a0\u00bb] Privacy Statement [\/vc_column_text][mk_padding_divider size=\u00a0\u00bb30&Prime;][vc_column_text css=\u00a0\u00bb.vc_custom_1563261937425{margin-bottom: 0px !important;}\u00a0\u00bb]NedZink et ses soci\u00e9t\u00e9s s\u0153urs attachent une grande importance \u00e0 une bonne gestion des donn\u00e9es personnelles. C\u2019est pourquoi nous voulons profiter de cette d\u00e9claration de respect de la vie priv\u00e9e pour vous fournir des informations claires et transparentes sur [&hellip;]\" \/>\n<meta property=\"og:url\" content=\"https:\/\/www.nedzink.com\/fr-be\/declaration-de-respect-de-la-vie-privee\/\" \/>\n<meta property=\"og:site_name\" content=\"NedZink\" \/>\n<meta property=\"article:modified_time\" content=\"2019-07-16T08:09:58+00:00\" \/>\n<meta name=\"twitter:card\" content=\"summary_large_image\" \/>\n<meta name=\"twitter:label1\" content=\"Dur\u00e9e de lecture est.\" \/>\n\t<meta name=\"twitter:data1\" content=\"6 minutes\" \/>\n<script type=\"application\/ld+json\" class=\"yoast-schema-graph\">{\"@context\":\"https:\/\/schema.org\",\"@graph\":[{\"@type\":\"WebPage\",\"@id\":\"https:\/\/www.nedzink.com\/fr-be\/declaration-de-respect-de-la-vie-privee\/\",\"url\":\"https:\/\/www.nedzink.com\/fr-be\/declaration-de-respect-de-la-vie-privee\/\",\"name\":\"D\u00e9claration de respect de la vie priv\u00e9e \u2013 NedZink\",\"isPartOf\":{\"@id\":\"https:\/\/www.nedzink.com\/fr-be\/#website\"},\"datePublished\":\"2019-04-23T11:47:10+00:00\",\"dateModified\":\"2019-07-16T08:09:58+00:00\",\"breadcrumb\":{\"@id\":\"https:\/\/www.nedzink.com\/fr-be\/declaration-de-respect-de-la-vie-privee\/#breadcrumb\"},\"inLanguage\":\"fr-BE\",\"potentialAction\":[{\"@type\":\"ReadAction\",\"target\":[\"https:\/\/www.nedzink.com\/fr-be\/declaration-de-respect-de-la-vie-privee\/\"]}]},{\"@type\":\"BreadcrumbList\",\"@id\":\"https:\/\/www.nedzink.com\/fr-be\/declaration-de-respect-de-la-vie-privee\/#breadcrumb\",\"itemListElement\":[{\"@type\":\"ListItem\",\"position\":1,\"name\":\"Home\",\"item\":\"https:\/\/www.nedzink.com\/fr-be\/\"},{\"@type\":\"ListItem\",\"position\":2,\"name\":\"D\u00e9claration de respect de la vie priv\u00e9e\"}]},{\"@type\":\"WebSite\",\"@id\":\"https:\/\/www.nedzink.com\/fr-be\/#website\",\"url\":\"https:\/\/www.nedzink.com\/fr-be\/\",\"name\":\"NedZink\",\"description\":\"Zink fabrikant\",\"publisher\":{\"@id\":\"https:\/\/www.nedzink.com\/fr-be\/#organization\"},\"potentialAction\":[{\"@type\":\"SearchAction\",\"target\":{\"@type\":\"EntryPoint\",\"urlTemplate\":\"https:\/\/www.nedzink.com\/fr-be\/?s={search_term_string}\"},\"query-input\":{\"@type\":\"PropertyValueSpecification\",\"valueRequired\":true,\"valueName\":\"search_term_string\"}}],\"inLanguage\":\"fr-BE\"},{\"@type\":\"Organization\",\"@id\":\"https:\/\/www.nedzink.com\/fr-be\/#organization\",\"name\":\"NedZink\",\"url\":\"https:\/\/www.nedzink.com\/fr-be\/\",\"logo\":{\"@type\":\"ImageObject\",\"inLanguage\":\"fr-BE\",\"@id\":\"https:\/\/www.nedzink.com\/fr-be\/#\/schema\/logo\/image\/\",\"url\":\"https:\/\/www.nedzink.com\/wp-content\/uploads\/2019\/08\/logo-nedzink_fc_zk.jpg\",\"contentUrl\":\"https:\/\/www.nedzink.com\/wp-content\/uploads\/2019\/08\/logo-nedzink_fc_zk.jpg\",\"width\":2160,\"height\":688,\"caption\":\"NedZink\"},\"image\":{\"@id\":\"https:\/\/www.nedzink.com\/fr-be\/#\/schema\/logo\/image\/\"}}]}<\/script>\n<!-- \/ Yoast SEO plugin. -->","yoast_head_json":{"title":"D\u00e9claration de respect de la vie priv\u00e9e \u2013 NedZink","robots":{"index":"index","follow":"follow","max-snippet":"max-snippet:-1","max-image-preview":"max-image-preview:large","max-video-preview":"max-video-preview:-1"},"canonical":"https:\/\/www.nedzink.com\/fr-be\/declaration-de-respect-de-la-vie-privee\/","og_locale":"fr_FR","og_type":"article","og_title":"D\u00e9claration de respect de la vie priv\u00e9e \u2013 NedZink","og_description":"[vc_row equal_columns=\u00a0\u00bbtrue\u00a0\u00bb attached=\u00a0\u00bbtrue\u00a0\u00bb column_padding=\u00a0\u00bb2&Prime; el_class=\u00a0\u00bbrij-wit-schaduw\u00a0\u00bb][vc_column][vc_row_inner is_fullwidth_content=\u00a0\u00bbfalse\u00a0\u00bb][vc_column_inner][mk_padding_divider size=\u00a0\u00bb30&Prime;][vc_column_text css=\u00a0\u00bb.vc_custom_1556021177549{margin-bottom: 0px !important;}\u00a0\u00bb] Privacy Statement [\/vc_column_text][mk_padding_divider size=\u00a0\u00bb30&Prime;][vc_column_text css=\u00a0\u00bb.vc_custom_1563261937425{margin-bottom: 0px !important;}\u00a0\u00bb]NedZink et ses soci\u00e9t\u00e9s s\u0153urs attachent une grande importance \u00e0 une bonne gestion des donn\u00e9es personnelles. C\u2019est pourquoi nous voulons profiter de cette d\u00e9claration de respect de la vie priv\u00e9e pour vous fournir des informations claires et transparentes sur [&hellip;]","og_url":"https:\/\/www.nedzink.com\/fr-be\/declaration-de-respect-de-la-vie-privee\/","og_site_name":"NedZink","article_modified_time":"2019-07-16T08:09:58+00:00","twitter_card":"summary_large_image","twitter_misc":{"Dur\u00e9e de lecture est.":"6 minutes"},"schema":{"@context":"https:\/\/schema.org","@graph":[{"@type":"WebPage","@id":"https:\/\/www.nedzink.com\/fr-be\/declaration-de-respect-de-la-vie-privee\/","url":"https:\/\/www.nedzink.com\/fr-be\/declaration-de-respect-de-la-vie-privee\/","name":"D\u00e9claration de respect de la vie priv\u00e9e \u2013 NedZink","isPartOf":{"@id":"https:\/\/www.nedzink.com\/fr-be\/#website"},"datePublished":"2019-04-23T11:47:10+00:00","dateModified":"2019-07-16T08:09:58+00:00","breadcrumb":{"@id":"https:\/\/www.nedzink.com\/fr-be\/declaration-de-respect-de-la-vie-privee\/#breadcrumb"},"inLanguage":"fr-BE","potentialAction":[{"@type":"ReadAction","target":["https:\/\/www.nedzink.com\/fr-be\/declaration-de-respect-de-la-vie-privee\/"]}]},{"@type":"BreadcrumbList","@id":"https:\/\/www.nedzink.com\/fr-be\/declaration-de-respect-de-la-vie-privee\/#breadcrumb","itemListElement":[{"@type":"ListItem","position":1,"name":"Home","item":"https:\/\/www.nedzink.com\/fr-be\/"},{"@type":"ListItem","position":2,"name":"D\u00e9claration de respect de la vie priv\u00e9e"}]},{"@type":"WebSite","@id":"https:\/\/www.nedzink.com\/fr-be\/#website","url":"https:\/\/www.nedzink.com\/fr-be\/","name":"NedZink","description":"Zink fabrikant","publisher":{"@id":"https:\/\/www.nedzink.com\/fr-be\/#organization"},"potentialAction":[{"@type":"SearchAction","target":{"@type":"EntryPoint","urlTemplate":"https:\/\/www.nedzink.com\/fr-be\/?s={search_term_string}"},"query-input":{"@type":"PropertyValueSpecification","valueRequired":true,"valueName":"search_term_string"}}],"inLanguage":"fr-BE"},{"@type":"Organization","@id":"https:\/\/www.nedzink.com\/fr-be\/#organization","name":"NedZink","url":"https:\/\/www.nedzink.com\/fr-be\/","logo":{"@type":"ImageObject","inLanguage":"fr-BE","@id":"https:\/\/www.nedzink.com\/fr-be\/#\/schema\/logo\/image\/","url":"https:\/\/www.nedzink.com\/wp-content\/uploads\/2019\/08\/logo-nedzink_fc_zk.jpg","contentUrl":"https:\/\/www.nedzink.com\/wp-content\/uploads\/2019\/08\/logo-nedzink_fc_zk.jpg","width":2160,"height":688,"caption":"NedZink"},"image":{"@id":"https:\/\/www.nedzink.com\/fr-be\/#\/schema\/logo\/image\/"}}]}},"_links":{"self":[{"href":"https:\/\/www.nedzink.com\/fr-be\/wp-json\/wp\/v2\/pages\/31874","targetHints":{"allow":["GET"]}}],"collection":[{"href":"https:\/\/www.nedzink.com\/fr-be\/wp-json\/wp\/v2\/pages"}],"about":[{"href":"https:\/\/www.nedzink.com\/fr-be\/wp-json\/wp\/v2\/types\/page"}],"author":[{"embeddable":true,"href":"https:\/\/www.nedzink.com\/fr-be\/wp-json\/wp\/v2\/users\/9"}],"replies":[{"embeddable":true,"href":"https:\/\/www.nedzink.com\/fr-be\/wp-json\/wp\/v2\/comments?post=31874"}],"version-history":[{"count":0,"href":"https:\/\/www.nedzink.com\/fr-be\/wp-json\/wp\/v2\/pages\/31874\/revisions"}],"wp:attachment":[{"href":"https:\/\/www.nedzink.com\/fr-be\/wp-json\/wp\/v2\/media?parent=31874"}],"curies":[{"name":"wp","href":"https:\/\/api.w.org\/{rel}","templated":true}]}}