{"id":31075,"date":"2019-06-04T14:56:18","date_gmt":"2019-06-04T12:56:18","guid":{"rendered":"http:\/\/136.144.181.85\/~nedzink\/infos-conseils\/accessoires-de-toitures\/lucarnes\/"},"modified":"2019-08-09T11:29:54","modified_gmt":"2019-08-09T09:29:54","slug":"lucarnes-2","status":"publish","type":"page","link":"https:\/\/www.nedzink.com\/fr-be\/accessoires-de-toitures\/lucarnes-2\/","title":{"rendered":"Lucarnes"},"content":{"rendered":"<p>Le zinc peut facilement \u00eatre utilis\u00e9 pour les rev\u00eatements d\u2019encadrements de fen\u00eatre et la fabrication d\u2019encadrements de r\u00e9glage. Dans le cadre d\u2019un tel montage, il faut veiller \u00e0 ce que les surfaces en zinc qui entrent en contact avec de la ma\u00e7onnerie et du b\u00e9ton soient trait\u00e9es ou prot\u00e9g\u00e9es \u00e0 l\u2019aide d\u2019un film de verre.<\/p>\n<p>Des seuils en zinc peuvent \u00e9galement \u00eatre utilis\u00e9es. Elles ont une longue dur\u00e9e de vie et offrent l\u2019avantage d\u2019\u00eatre totalement \u00e9tanches, gr\u00e2ce \u00e0 des soudures au niveau des extr\u00e9mit\u00e9s, et d\u2019\u00eatre livrables pr\u00eates \u00e0 l\u2019emploi.<\/p>\n","protected":false},"excerpt":{"rendered":"<p>Le zinc peut facilement \u00eatre utilis\u00e9 pour les rev\u00eatements d\u2019encadrements de fen\u00eatre et la fabrication d\u2019encadrements de r\u00e9glage. Dans le cadre d\u2019un tel montage, il faut veiller \u00e0 ce que les surfaces en zinc qui entrent en contact avec de la ma\u00e7onnerie et du b\u00e9ton soient trait\u00e9es ou prot\u00e9g\u00e9es \u00e0 l\u2019aide d\u2019un film de verre. [&hellip;]<\/p>\n","protected":false},"author":9,"featured_media":0,"parent":31005,"menu_order":1060,"comment_status":"closed","ping_status":"closed","template":"template-import.php","meta":{"_acf_changed":false,"footnotes":""},"class_list":["post-31075","page","type-page","status-publish","hentry"],"acf":[],"yoast_head":"<!-- This site is optimized with the Yoast SEO plugin v27.5 - https:\/\/yoast.com\/product\/yoast-seo-wordpress\/ -->\n<title>Lucarnes \u2013 NedZink<\/title>\n<meta name=\"robots\" content=\"index, follow, max-snippet:-1, max-image-preview:large, max-video-preview:-1\" \/>\n<link rel=\"canonical\" href=\"https:\/\/www.nedzink.com\/fr-be\/accessoires-de-toitures\/lucarnes-2\/\" \/>\n<meta property=\"og:locale\" content=\"fr_FR\" \/>\n<meta property=\"og:type\" content=\"article\" \/>\n<meta property=\"og:title\" content=\"Lucarnes \u2013 NedZink\" \/>\n<meta property=\"og:description\" content=\"Le zinc peut facilement \u00eatre utilis\u00e9 pour les rev\u00eatements d\u2019encadrements de fen\u00eatre et la fabrication d\u2019encadrements de r\u00e9glage. Dans le cadre d\u2019un tel montage, il faut veiller \u00e0 ce que les surfaces en zinc qui entrent en contact avec de la ma\u00e7onnerie et du b\u00e9ton soient trait\u00e9es ou prot\u00e9g\u00e9es \u00e0 l\u2019aide d\u2019un film de verre. [&hellip;]\" \/>\n<meta property=\"og:url\" content=\"https:\/\/www.nedzink.com\/fr-be\/accessoires-de-toitures\/lucarnes-2\/\" \/>\n<meta property=\"og:site_name\" content=\"NedZink\" \/>\n<meta property=\"article:modified_time\" content=\"2019-08-09T09:29:54+00:00\" \/>\n<meta name=\"twitter:card\" content=\"summary_large_image\" \/>\n<meta name=\"twitter:label1\" content=\"Dur\u00e9e de lecture est.\" \/>\n\t<meta name=\"twitter:data1\" content=\"1 minute\" \/>\n<script type=\"application\/ld+json\" class=\"yoast-schema-graph\">{\"@context\":\"https:\\\/\\\/schema.org\",\"@graph\":[{\"@type\":\"WebPage\",\"@id\":\"https:\\\/\\\/www.nedzink.com\\\/fr-be\\\/accessoires-de-toitures\\\/lucarnes-2\\\/\",\"url\":\"https:\\\/\\\/www.nedzink.com\\\/fr-be\\\/accessoires-de-toitures\\\/lucarnes-2\\\/\",\"name\":\"Lucarnes \u2013 NedZink\",\"isPartOf\":{\"@id\":\"https:\\\/\\\/www.nedzink.com\\\/fr-be\\\/#website\"},\"datePublished\":\"2019-06-04T12:56:18+00:00\",\"dateModified\":\"2019-08-09T09:29:54+00:00\",\"breadcrumb\":{\"@id\":\"https:\\\/\\\/www.nedzink.com\\\/fr-be\\\/accessoires-de-toitures\\\/lucarnes-2\\\/#breadcrumb\"},\"inLanguage\":\"fr-BE\",\"potentialAction\":[{\"@type\":\"ReadAction\",\"target\":[\"https:\\\/\\\/www.nedzink.com\\\/fr-be\\\/accessoires-de-toitures\\\/lucarnes-2\\\/\"]}]},{\"@type\":\"BreadcrumbList\",\"@id\":\"https:\\\/\\\/www.nedzink.com\\\/fr-be\\\/accessoires-de-toitures\\\/lucarnes-2\\\/#breadcrumb\",\"itemListElement\":[{\"@type\":\"ListItem\",\"position\":1,\"name\":\"Home\",\"item\":\"https:\\\/\\\/www.nedzink.com\\\/fr-be\\\/\"},{\"@type\":\"ListItem\",\"position\":2,\"name\":\"Accessoires de toitures\",\"item\":\"https:\\\/\\\/www.nedzink.com\\\/fr-be\\\/accessoires-de-toitures\\\/\"},{\"@type\":\"ListItem\",\"position\":3,\"name\":\"Lucarnes\"}]},{\"@type\":\"WebSite\",\"@id\":\"https:\\\/\\\/www.nedzink.com\\\/fr-be\\\/#website\",\"url\":\"https:\\\/\\\/www.nedzink.com\\\/fr-be\\\/\",\"name\":\"NedZink\",\"description\":\"Zink fabrikant\",\"publisher\":{\"@id\":\"https:\\\/\\\/www.nedzink.com\\\/fr-be\\\/#organization\"},\"potentialAction\":[{\"@type\":\"SearchAction\",\"target\":{\"@type\":\"EntryPoint\",\"urlTemplate\":\"https:\\\/\\\/www.nedzink.com\\\/fr-be\\\/?s={search_term_string}\"},\"query-input\":{\"@type\":\"PropertyValueSpecification\",\"valueRequired\":true,\"valueName\":\"search_term_string\"}}],\"inLanguage\":\"fr-BE\"},{\"@type\":\"Organization\",\"@id\":\"https:\\\/\\\/www.nedzink.com\\\/fr-be\\\/#organization\",\"name\":\"NedZink\",\"url\":\"https:\\\/\\\/www.nedzink.com\\\/fr-be\\\/\",\"logo\":{\"@type\":\"ImageObject\",\"inLanguage\":\"fr-BE\",\"@id\":\"https:\\\/\\\/www.nedzink.com\\\/fr-be\\\/#\\\/schema\\\/logo\\\/image\\\/\",\"url\":\"https:\\\/\\\/www.nedzink.com\\\/wp-content\\\/uploads\\\/2019\\\/08\\\/logo-nedzink_fc_zk.jpg\",\"contentUrl\":\"https:\\\/\\\/www.nedzink.com\\\/wp-content\\\/uploads\\\/2019\\\/08\\\/logo-nedzink_fc_zk.jpg\",\"width\":2160,\"height\":688,\"caption\":\"NedZink\"},\"image\":{\"@id\":\"https:\\\/\\\/www.nedzink.com\\\/fr-be\\\/#\\\/schema\\\/logo\\\/image\\\/\"}}]}<\/script>\n<!-- \/ Yoast SEO plugin. -->","yoast_head_json":{"title":"Lucarnes \u2013 NedZink","robots":{"index":"index","follow":"follow","max-snippet":"max-snippet:-1","max-image-preview":"max-image-preview:large","max-video-preview":"max-video-preview:-1"},"canonical":"https:\/\/www.nedzink.com\/fr-be\/accessoires-de-toitures\/lucarnes-2\/","og_locale":"fr_FR","og_type":"article","og_title":"Lucarnes \u2013 NedZink","og_description":"Le zinc peut facilement \u00eatre utilis\u00e9 pour les rev\u00eatements d\u2019encadrements de fen\u00eatre et la fabrication d\u2019encadrements de r\u00e9glage. Dans le cadre d\u2019un tel montage, il faut veiller \u00e0 ce que les surfaces en zinc qui entrent en contact avec de la ma\u00e7onnerie et du b\u00e9ton soient trait\u00e9es ou prot\u00e9g\u00e9es \u00e0 l\u2019aide d\u2019un film de verre. [&hellip;]","og_url":"https:\/\/www.nedzink.com\/fr-be\/accessoires-de-toitures\/lucarnes-2\/","og_site_name":"NedZink","article_modified_time":"2019-08-09T09:29:54+00:00","twitter_card":"summary_large_image","twitter_misc":{"Dur\u00e9e de lecture est.":"1 minute"},"schema":{"@context":"https:\/\/schema.org","@graph":[{"@type":"WebPage","@id":"https:\/\/www.nedzink.com\/fr-be\/accessoires-de-toitures\/lucarnes-2\/","url":"https:\/\/www.nedzink.com\/fr-be\/accessoires-de-toitures\/lucarnes-2\/","name":"Lucarnes \u2013 NedZink","isPartOf":{"@id":"https:\/\/www.nedzink.com\/fr-be\/#website"},"datePublished":"2019-06-04T12:56:18+00:00","dateModified":"2019-08-09T09:29:54+00:00","breadcrumb":{"@id":"https:\/\/www.nedzink.com\/fr-be\/accessoires-de-toitures\/lucarnes-2\/#breadcrumb"},"inLanguage":"fr-BE","potentialAction":[{"@type":"ReadAction","target":["https:\/\/www.nedzink.com\/fr-be\/accessoires-de-toitures\/lucarnes-2\/"]}]},{"@type":"BreadcrumbList","@id":"https:\/\/www.nedzink.com\/fr-be\/accessoires-de-toitures\/lucarnes-2\/#breadcrumb","itemListElement":[{"@type":"ListItem","position":1,"name":"Home","item":"https:\/\/www.nedzink.com\/fr-be\/"},{"@type":"ListItem","position":2,"name":"Accessoires de toitures","item":"https:\/\/www.nedzink.com\/fr-be\/accessoires-de-toitures\/"},{"@type":"ListItem","position":3,"name":"Lucarnes"}]},{"@type":"WebSite","@id":"https:\/\/www.nedzink.com\/fr-be\/#website","url":"https:\/\/www.nedzink.com\/fr-be\/","name":"NedZink","description":"Zink fabrikant","publisher":{"@id":"https:\/\/www.nedzink.com\/fr-be\/#organization"},"potentialAction":[{"@type":"SearchAction","target":{"@type":"EntryPoint","urlTemplate":"https:\/\/www.nedzink.com\/fr-be\/?s={search_term_string}"},"query-input":{"@type":"PropertyValueSpecification","valueRequired":true,"valueName":"search_term_string"}}],"inLanguage":"fr-BE"},{"@type":"Organization","@id":"https:\/\/www.nedzink.com\/fr-be\/#organization","name":"NedZink","url":"https:\/\/www.nedzink.com\/fr-be\/","logo":{"@type":"ImageObject","inLanguage":"fr-BE","@id":"https:\/\/www.nedzink.com\/fr-be\/#\/schema\/logo\/image\/","url":"https:\/\/www.nedzink.com\/wp-content\/uploads\/2019\/08\/logo-nedzink_fc_zk.jpg","contentUrl":"https:\/\/www.nedzink.com\/wp-content\/uploads\/2019\/08\/logo-nedzink_fc_zk.jpg","width":2160,"height":688,"caption":"NedZink"},"image":{"@id":"https:\/\/www.nedzink.com\/fr-be\/#\/schema\/logo\/image\/"}}]}},"_links":{"self":[{"href":"https:\/\/www.nedzink.com\/fr-be\/wp-json\/wp\/v2\/pages\/31075","targetHints":{"allow":["GET"]}}],"collection":[{"href":"https:\/\/www.nedzink.com\/fr-be\/wp-json\/wp\/v2\/pages"}],"about":[{"href":"https:\/\/www.nedzink.com\/fr-be\/wp-json\/wp\/v2\/types\/page"}],"author":[{"embeddable":true,"href":"https:\/\/www.nedzink.com\/fr-be\/wp-json\/wp\/v2\/users\/9"}],"replies":[{"embeddable":true,"href":"https:\/\/www.nedzink.com\/fr-be\/wp-json\/wp\/v2\/comments?post=31075"}],"version-history":[{"count":0,"href":"https:\/\/www.nedzink.com\/fr-be\/wp-json\/wp\/v2\/pages\/31075\/revisions"}],"up":[{"embeddable":true,"href":"https:\/\/www.nedzink.com\/fr-be\/wp-json\/wp\/v2\/pages\/31005"}],"wp:attachment":[{"href":"https:\/\/www.nedzink.com\/fr-be\/wp-json\/wp\/v2\/media?parent=31075"}],"curies":[{"name":"wp","href":"https:\/\/api.w.org\/{rel}","templated":true}]}}