{"id":31055,"date":"2019-06-04T14:56:13","date_gmt":"2019-06-04T12:56:13","guid":{"rendered":"http:\/\/136.144.181.85\/~nedzink\/infos-conseils\/accessoires-de-toitures\/couvre-murs\/"},"modified":"2020-02-26T14:58:03","modified_gmt":"2020-02-26T13:58:03","slug":"couvre-murs","status":"publish","type":"page","link":"https:\/\/www.nedzink.com\/fr-be\/accessoires-de-toitures\/couvre-murs\/","title":{"rendered":"Couvre-murs"},"content":{"rendered":"[vc_row][vc_column][vc_column_text css=\u00a0\u00bb.vc_custom_1582725476650{margin-bottom: 0px !important;}\u00a0\u00bb]\n<h3>Construction et montage des solins<\/h3>\n<p><strong>Application<\/strong><\/p>\n<p>Les solins de NedZink NTZ ont fait leur preuve en tant que rev\u00eatement de bordures de toits plats, recouverts de bitume, de plastique ou de caoutchouc, avec ou sans gravier ou terrasse carrel\u00e9e. En effet, ces mat\u00e9riaux de couverture peuvent poser des probl\u00e8mes en ce qui concerne les bords de toiture.<\/p>\n<p>Cela pour plusieurs raisons :<\/p>\n<ul>\n<li>influence de la lumi\u00e8re naturelle (chaleur et rayonnement ultraviolet),<\/li>\n<li>diff\u00e9rence de dilatation entre les finitions de bord (couvre-joint \u00e0 franc-bord), le support et la couverture,<\/li>\n<li>affaissement du bitume, du fait d\u2019un point de ramollissement trop bas,<\/li>\n<li>d\u00e9collement du bord et du couvre-joint \u00e0 bord franc,<\/li>\n<li>dommages m\u00e9caniques (lorsque l\u2019on marche sur le bord du toit).<\/li>\n<\/ul>\n<p>On \u00e9vite les dommages en question lorsque le bord de toit est enti\u00e8rement couvert avec un solin en zinc-titane. Pour autant que l\u2019on utilise du NedZink NTZ et que le solin soit mis en place avec le savoir-faire qui s\u2019impose, sa dur\u00e9e utile est d&rsquo;environ 75 ans, voire plus.<\/p>\n<p><strong><em>Construction dans des b\u00e2timents neufs<\/em><\/strong><\/p>\n<p>Les solins sont con\u00e7us selon les sch\u00e9mas d\u2019exemple<\/p>\n<p><a href=\"https:\/\/www.nedzink.com\/wp-content\/uploads\/import\/cms\/userfiles\/images\/divers\/2016\/NL-6.4.1.pdf\"><span class=\"awimgnr\">6.4.1<\/span><img decoding=\"async\" style=\"width: 100px; height: 141px;\" src=\"https:\/\/www.nedzink.com\/wp-content\/uploads\/import\/cms\/userfiles\/images\/divers\/2016\/NL_6.4.1hv.jpg\" alt=\"\" \/><\/a>       <a href=\"https:\/\/www.nedzink.com\/wp-content\/uploads\/import\/cms\/userfiles\/images\/divers\/2016\/NL-6.4.2.pdf\"><span class=\"awimgnr\">6.4.2<\/span><img decoding=\"async\" style=\"width: 100px; height: 142px;\" src=\"https:\/\/www.nedzink.com\/wp-content\/uploads\/import\/cms\/userfiles\/images\/divers\/2016\/NL_6.4.2hv.jpg\" alt=\"\" \/><\/a>      <a href=\"https:\/\/www.nedzink.com\/wp-content\/uploads\/import\/cms\/userfiles\/images\/divers\/2016\/NL-6.4.3.pdf\"><span class=\"awimgnr\">6.4.3<\/span><img decoding=\"async\" style=\"width: 100px; height: 143px;\" src=\"https:\/\/www.nedzink.com\/wp-content\/uploads\/import\/cms\/userfiles\/images\/divers\/2016\/NL_6.4.3hv.jpg\" alt=\"\" \/><\/a>        <a href=\"https:\/\/www.nedzink.com\/wp-content\/uploads\/import\/cms\/userfiles\/images\/divers\/2016\/NL-6.4.4.pdf\"><span class=\"awimgnr\">6.4.4<\/span><img decoding=\"async\" style=\"width: 100px; height: 153px;\" src=\"https:\/\/www.nedzink.com\/wp-content\/uploads\/import\/cms\/userfiles\/images\/divers\/2016\/NL_6.4.4hv2.jpg\" alt=\"\" \/><\/a><\/p>\n<p>Quelques d\u00e9tails de construction importants\u00a0:<\/p>\n<ul>\n<li>Le c\u00f4t\u00e9 de la bavette peut \u00eatre constitu\u00e9 d\u2019un bord renfl\u00e9 ou de ce que l\u2019on appelle une \u00ab\u00a0bande plate\u00a0\u00bb de 35 mm de haut minimum, voir d\u00e9tails 6.4.1.<\/li>\n<li>La surface sup\u00e9rieure du solin doit courir quelque peu en biais en direction du toit ou \u00eatre dot\u00e9e d\u2019un fa\u00eetage de pluie, voir d\u00e9tails 6.4.1 &#8211; 6.4.3.<\/li>\n<li>Le solin est fix\u00e9 au moyen de pattes de zinc (largeur minimum: 80 mm) qui seront fix\u00e9es \u00e0 la couverture de toit au moyen d\u2019au moins 2 vis ou clous en zinc. L\u2019\u00e9cart entre les pattes est de 1 m\u00e8tre au minimum.<\/li>\n<li>En cas d\u2019utilisation dans une zone qui peut \u00eatre expos\u00e9e \u00e0 des vents violents, nous vous recommandons de r\u00e9duire la distance entre les pattes (50\u00a0cm pour une largeur d\u00e9velopp\u00e9e de moins de 400\u00a0mm et 30\u00a0cm pour une largeur d\u00e9velopp\u00e9e de 400\u00a0mm ou plus).<\/li>\n<li>Avec des solins de 3 m\u00e8tres de long, on utilise des pattes non courb\u00e9es sur les c\u00f4t\u00e9s du toit entre les raccords de soudure, voir d\u00e9tails 6.4.1.<br \/>\nLe mat\u00e9riau des pattes doit avoir une \u00e9paisseur minimale de 0,80\u00a0mm.<\/li>\n<li>Pour les solins comportant une partie longue et inclin\u00e9e &gt; 150\u00a0mm, nous conseillons d\u2019utiliser des pattes en acier inoxydable ou en acier galvanis\u00e9. Cela vaut \u00e9galement pour les solins ayant une largeur d\u00e9velopp\u00e9e de 450\u00a0mm, qu\u2019il vaut mieux consid\u00e9rer comme des bacs \u00e0 tasseau. Le nombre de pattes doit \u00eatre de ce fait adapt\u00e9.<\/li>\n<li>Pour une hauteur sup\u00e9rieure \u00e0 8 m, augmentez le nombre de pattes.<\/li>\n<li>Pour \u00e9viter que le solin ne soit endommag\u00e9, il sera muni d\u2019un bord rentr\u00e9 vers l\u2019int\u00e9rieur du c\u00f4t\u00e9 toit, lequel se terminera \u00e0 environ 20\u00a0mm du rebord.<\/li>\n<li>Les solins peuvent \u00eatre soud\u00e9s les uns aux autres jusqu\u2019\u00e0 12\u00a0m\u00e8tres de longueur, avec un chevauchement d\u2019au moins 10 \u00e0 15\u00a0mm. Un raccord de dilatation au choix doit \u00eatre pr\u00e9vu tous les 12\u00a0m\u00e8tres.<\/li>\n<li>Le profil du solin doit \u00eatre con\u00e7u de telle sorte qu\u2019il soit surdimensionn\u00e9 par rapport au support, c\u2019est \u00e0 dire qu\u2019il pr\u00e9sente de chaque c\u00f4t\u00e9 une marge d\u2019environ 5\u00a0mm.<\/li>\n<li>Le solin inf\u00e9rieur doit \u00eatre coll\u00e9 sur toute la largeur du bord de toit.<\/li>\n<li>Pour les toits recouverts de gravier, le c\u00f4t\u00e9 inclin\u00e9 du zinc doit \u00eatre couvert par le gravier sur quelques centim\u00e8tres.<\/li>\n<\/ul>\n<p><strong><em>Utilisation dans des constructions neuves<\/em><\/strong><\/p>\n<p><u>Pour les longueurs d\u2019un m\u00e8tre\u00a0:<\/u><br \/>\nDans la mesure du possible, proc\u00e9dez au montage de gauche \u00e0 droite, en commen\u00e7ant par un coin en onglet fa\u00e7onn\u00e9, au niveau duquel le solin recouvre la premi\u00e8re patte (environ 300\u00a0mm du coin). Il conviendra ensuite, \u00e0 chaque soudure, de faire glisser la patte \u00e0 moiti\u00e9 sous le solin d\u00e9j\u00e0 pos\u00e9 et de la fixer. Apr\u00e8s quoi on fait coulisser le solin suivant sur le pr\u00e9c\u00e9dent en respectant un chevauchement de 15\u00a0mm. Le montage est facilit\u00e9 lorsque l\u2019on coupe par avance les angles inclin\u00e9s de la bavette et du c\u00f4t\u00e9 du toit. On continuera de la m\u00eame mani\u00e8re jusqu\u2019\u00e0 ce que la totalit\u00e9 du bord soit couverte, apr\u00e8s quoi on pourra souder les joints (\u00e0 l\u2019exception des joints de dilatation). Pour les travaux de soudure, se reporter au chapitre 8.<\/p>\n<p><u>Pour les longueurs de trois m\u00e8tres\u00a0:<\/u><br \/>\nLa premi\u00e8re patte, ainsi que les deux suivantes, \u00e0 respectivement un et deux m\u00e8tres de distance de la premi\u00e8re, sont utilis\u00e9es. Les pattes doivent d\u00e9passer du c\u00f4t\u00e9 du toit de mani\u00e8re \u00e0 pouvoir \u00eatre repli\u00e9es ult\u00e9rieurement. Pour le reste, la proc\u00e9dure est la m\u00eame que ci-dessus. L\u2019avantage \u00e9tant cependant que seul un tiers des joints doit \u00eatre soud\u00e9, ce qui permet d\u2019obtenir un r\u00e9sultat plus ajust\u00e9.<\/p>\n<p><strong><em>Construction dans le cadre de r\u00e9novation<\/em><\/strong><\/p>\n<p>En principe 2 m\u00e9thodes sont utilisables \u00e0 cet effet\u00a0:<\/p>\n<ol>\n<li>Restaurer le bord de toit existant de telle sorte que soit obtenue une situation de d\u00e9part identique \u00e0 celle d\u2019une construction neuve. Pour ce faire, il faut supprimer le couvre-joint \u00e0 bord franc \u00e9ventuellement pr\u00e9sent et r\u00e9tablir le rev\u00eatement de toit sur environ 20\u00a0cm au niveau de la bordure de toit. Proc\u00e9dez ensuite conform\u00e9ment aux instructions de construction et de montage valant pour les nouveaux b\u00e2timents.<\/li>\n<li>S\u2019il existe encore sur le toit un couvre-joint \u00e0 bord franc en aluminium en bon \u00e9tat, il est possible de l\u2019utiliser comme patte pour la face ext\u00e9rieure du solin en zinc-titane. Dans ce cas, la seule option est la construction \u00ab\u00a0en bande plate\u00a0\u00bb dont le bord d\u2019accrochage, inclin\u00e9 et rentr\u00e9 vers l\u2019int\u00e9rieur, s\u2019accroche derri\u00e8re le bord inclin\u00e9 du couvre-joint \u00e0 bord franc. L\u2019autre c\u00f4t\u00e9 du soin est fix\u00e9 sur le zinc-titane \u00e0 l\u2019aide de pattes normales, voir figure 6.4.2. Si cette m\u00e9thode a \u00e9t\u00e9 retenue, il est recommand\u00e9 de fabriquer d\u2019abord un morceau de solin que l\u2019on utilisera comme prototype, et que l\u2019on testera \u00e0 diff\u00e9rents endroits, avant de passer \u00e0 la production en s\u00e9rie des solins.<\/li>\n<\/ol>\n<p><u>Montage avec couvre-joint \u00e0 bord franc existant<\/u><\/p>\n<ul>\n<li>Restaurez le solin du dessus du rel\u00e8vement inclin\u00e9 alt\u00e9r\u00e9 par les intemp\u00e9ries et\/ou d\u00e9chir\u00e9 jusqu\u2019\u00e0 20 cm sur la surface de toit.<\/li>\n<li>V\u00e9rifiez que le couvre-joint en aluminium adh\u00e8re encore correctement \u00e0 la bordure de toit et r\u00e9parez-le si n\u00e9cessaire.<\/li>\n<li>Sciez tous les 4 m\u00e8tres au minimum un morceau de 1 cm du couvre-joint \u00e0 bord franc, de telle sorte que le couvre-joint puisse se dilater librement.<\/li>\n<li>Pour le montage de longueurs d\u2019un m\u00e8tre\u00a0: Mettez une patte en place \u00e0 chaque raccord, en vous reportant aux d\u00e9tails 6.4.2.<\/li>\n<li>Pour le montage de longueurs de trois m\u00e8tres\u00a0: Mettez une patte en place \u00e0 chaque raccord avec, entre les deux, 2 autres pattes \u00e0 environ 50\u00a0cm l\u2019une de l\u2019autre selon la figure 5. Les pattes doivent permettre un mouvement coulissant du solin.<\/li>\n<li>Pour les longs solins, il est n\u00e9cessaire de mettre en place un raccord de dilatation au choix tous les 12 m\u00e8tres.<\/li>\n<\/ul>\n<p><u>Quelques remarques<\/u><\/p>\n<p>L\u2019utilisation de couvre-joint en aluminium comme patte pour le solin peut \u00eatre conseill\u00e9e sans risque d\u2019attaque du zinc, l\u2019aluminium ayant un plus faible potentiel de conductivit\u00e9 que le zinc. Vous pouvez \u00e9ventuellement ajouter une ouverture au solin \u00e0 l\u2019emplacement du bac \u00e0 gravier int\u00e9gr\u00e9, de mani\u00e8re \u00e0 permettre un fonctionnement libre. Un coin en onglet, mont\u00e9 dans l\u2019espace prescrit de 5\u00a0mm, peut \u00eatre consid\u00e9r\u00e9 comme un raccord de dilatation dans le cadre du fonctionnement du solin.\u00a0La libre dilatation du solin doit toujours \u00eatre garantie.<\/p>\n<p><u>Rev\u00eatement mural<\/u><\/p>\n<p>Le principe du solin peut parfaitement \u00eatre mis en \u0153uvre pour un rev\u00eatement mural. Il est conseill\u00e9 d\u2019\u00e9quiper la partie sup\u00e9rieure du mur de planches de bois sur lesquelles on fixera le rev\u00eatement de mur en zinc.[\/vc_column_text][\/vc_column][\/vc_row]\n","protected":false},"excerpt":{"rendered":"<p>[vc_row][vc_column][vc_column_text css=\u00a0\u00bb.vc_custom_1582725476650{margin-bottom: 0px !important;}\u00a0\u00bb] Construction et montage des solins Application Les solins de NedZink NTZ ont fait leur preuve en tant que rev\u00eatement de bordures de toits plats, recouverts de bitume, de plastique ou de caoutchouc, avec ou sans gravier ou terrasse carrel\u00e9e. En effet, ces mat\u00e9riaux de couverture peuvent poser des probl\u00e8mes en ce [&hellip;]<\/p>\n","protected":false},"author":9,"featured_media":0,"parent":31005,"menu_order":1040,"comment_status":"closed","ping_status":"closed","template":"template-import.php","meta":{"_acf_changed":false,"footnotes":""},"class_list":["post-31055","page","type-page","status-publish","hentry"],"acf":[],"yoast_head":"<!-- This site is optimized with the Yoast SEO plugin v26.8 - https:\/\/yoast.com\/product\/yoast-seo-wordpress\/ -->\n<title>Couvre-murs \u2013 NedZink<\/title>\n<meta name=\"robots\" content=\"index, follow, max-snippet:-1, max-image-preview:large, max-video-preview:-1\" \/>\n<link rel=\"canonical\" href=\"https:\/\/www.nedzink.com\/fr-be\/accessoires-de-toitures\/couvre-murs\/\" \/>\n<meta property=\"og:locale\" content=\"fr_FR\" \/>\n<meta property=\"og:type\" content=\"article\" \/>\n<meta property=\"og:title\" content=\"Couvre-murs \u2013 NedZink\" \/>\n<meta property=\"og:description\" content=\"[vc_row][vc_column][vc_column_text css=\u00a0\u00bb.vc_custom_1582725476650{margin-bottom: 0px !important;}\u00a0\u00bb] Construction et montage des solins Application Les solins de NedZink NTZ ont fait leur preuve en tant que rev\u00eatement de bordures de toits plats, recouverts de bitume, de plastique ou de caoutchouc, avec ou sans gravier ou terrasse carrel\u00e9e. En effet, ces mat\u00e9riaux de couverture peuvent poser des probl\u00e8mes en ce [&hellip;]\" \/>\n<meta property=\"og:url\" content=\"https:\/\/www.nedzink.com\/fr-be\/accessoires-de-toitures\/couvre-murs\/\" \/>\n<meta property=\"og:site_name\" content=\"NedZink\" \/>\n<meta property=\"article:modified_time\" content=\"2020-02-26T13:58:03+00:00\" \/>\n<meta property=\"og:image\" content=\"https:\/\/www.nedzink.com\/wp-content\/uploads\/import\/cms\/userfiles\/images\/divers\/2016\/NL_6.4.1hv.jpg\" \/>\n<meta name=\"twitter:card\" content=\"summary_large_image\" \/>\n<meta name=\"twitter:label1\" content=\"Dur\u00e9e de lecture est.\" \/>\n\t<meta name=\"twitter:data1\" content=\"7 minutes\" \/>\n<script type=\"application\/ld+json\" class=\"yoast-schema-graph\">{\"@context\":\"https:\/\/schema.org\",\"@graph\":[{\"@type\":\"WebPage\",\"@id\":\"https:\/\/www.nedzink.com\/fr-be\/accessoires-de-toitures\/couvre-murs\/\",\"url\":\"https:\/\/www.nedzink.com\/fr-be\/accessoires-de-toitures\/couvre-murs\/\",\"name\":\"Couvre-murs \u2013 NedZink\",\"isPartOf\":{\"@id\":\"https:\/\/www.nedzink.com\/fr-be\/#website\"},\"primaryImageOfPage\":{\"@id\":\"https:\/\/www.nedzink.com\/fr-be\/accessoires-de-toitures\/couvre-murs\/#primaryimage\"},\"image\":{\"@id\":\"https:\/\/www.nedzink.com\/fr-be\/accessoires-de-toitures\/couvre-murs\/#primaryimage\"},\"thumbnailUrl\":\"https:\/\/www.nedzink.com\/wp-content\/uploads\/import\/cms\/userfiles\/images\/divers\/2016\/NL_6.4.1hv.jpg\",\"datePublished\":\"2019-06-04T12:56:13+00:00\",\"dateModified\":\"2020-02-26T13:58:03+00:00\",\"breadcrumb\":{\"@id\":\"https:\/\/www.nedzink.com\/fr-be\/accessoires-de-toitures\/couvre-murs\/#breadcrumb\"},\"inLanguage\":\"fr-BE\",\"potentialAction\":[{\"@type\":\"ReadAction\",\"target\":[\"https:\/\/www.nedzink.com\/fr-be\/accessoires-de-toitures\/couvre-murs\/\"]}]},{\"@type\":\"ImageObject\",\"inLanguage\":\"fr-BE\",\"@id\":\"https:\/\/www.nedzink.com\/fr-be\/accessoires-de-toitures\/couvre-murs\/#primaryimage\",\"url\":\"https:\/\/www.nedzink.com\/wp-content\/uploads\/import\/cms\/userfiles\/images\/divers\/2016\/NL_6.4.1hv.jpg\",\"contentUrl\":\"https:\/\/www.nedzink.com\/wp-content\/uploads\/import\/cms\/userfiles\/images\/divers\/2016\/NL_6.4.1hv.jpg\"},{\"@type\":\"BreadcrumbList\",\"@id\":\"https:\/\/www.nedzink.com\/fr-be\/accessoires-de-toitures\/couvre-murs\/#breadcrumb\",\"itemListElement\":[{\"@type\":\"ListItem\",\"position\":1,\"name\":\"Home\",\"item\":\"https:\/\/www.nedzink.com\/fr-be\/\"},{\"@type\":\"ListItem\",\"position\":2,\"name\":\"Accessoires de toitures\",\"item\":\"https:\/\/www.nedzink.com\/fr-be\/accessoires-de-toitures\/\"},{\"@type\":\"ListItem\",\"position\":3,\"name\":\"Couvre-murs\"}]},{\"@type\":\"WebSite\",\"@id\":\"https:\/\/www.nedzink.com\/fr-be\/#website\",\"url\":\"https:\/\/www.nedzink.com\/fr-be\/\",\"name\":\"NedZink\",\"description\":\"Zink fabrikant\",\"publisher\":{\"@id\":\"https:\/\/www.nedzink.com\/fr-be\/#organization\"},\"potentialAction\":[{\"@type\":\"SearchAction\",\"target\":{\"@type\":\"EntryPoint\",\"urlTemplate\":\"https:\/\/www.nedzink.com\/fr-be\/?s={search_term_string}\"},\"query-input\":{\"@type\":\"PropertyValueSpecification\",\"valueRequired\":true,\"valueName\":\"search_term_string\"}}],\"inLanguage\":\"fr-BE\"},{\"@type\":\"Organization\",\"@id\":\"https:\/\/www.nedzink.com\/fr-be\/#organization\",\"name\":\"NedZink\",\"url\":\"https:\/\/www.nedzink.com\/fr-be\/\",\"logo\":{\"@type\":\"ImageObject\",\"inLanguage\":\"fr-BE\",\"@id\":\"https:\/\/www.nedzink.com\/fr-be\/#\/schema\/logo\/image\/\",\"url\":\"https:\/\/www.nedzink.com\/wp-content\/uploads\/2019\/08\/logo-nedzink_fc_zk.jpg\",\"contentUrl\":\"https:\/\/www.nedzink.com\/wp-content\/uploads\/2019\/08\/logo-nedzink_fc_zk.jpg\",\"width\":2160,\"height\":688,\"caption\":\"NedZink\"},\"image\":{\"@id\":\"https:\/\/www.nedzink.com\/fr-be\/#\/schema\/logo\/image\/\"}}]}<\/script>\n<!-- \/ Yoast SEO plugin. -->","yoast_head_json":{"title":"Couvre-murs \u2013 NedZink","robots":{"index":"index","follow":"follow","max-snippet":"max-snippet:-1","max-image-preview":"max-image-preview:large","max-video-preview":"max-video-preview:-1"},"canonical":"https:\/\/www.nedzink.com\/fr-be\/accessoires-de-toitures\/couvre-murs\/","og_locale":"fr_FR","og_type":"article","og_title":"Couvre-murs \u2013 NedZink","og_description":"[vc_row][vc_column][vc_column_text css=\u00a0\u00bb.vc_custom_1582725476650{margin-bottom: 0px !important;}\u00a0\u00bb] Construction et montage des solins Application Les solins de NedZink NTZ ont fait leur preuve en tant que rev\u00eatement de bordures de toits plats, recouverts de bitume, de plastique ou de caoutchouc, avec ou sans gravier ou terrasse carrel\u00e9e. En effet, ces mat\u00e9riaux de couverture peuvent poser des probl\u00e8mes en ce [&hellip;]","og_url":"https:\/\/www.nedzink.com\/fr-be\/accessoires-de-toitures\/couvre-murs\/","og_site_name":"NedZink","article_modified_time":"2020-02-26T13:58:03+00:00","og_image":[{"url":"https:\/\/www.nedzink.com\/wp-content\/uploads\/import\/cms\/userfiles\/images\/divers\/2016\/NL_6.4.1hv.jpg","type":"","width":"","height":""}],"twitter_card":"summary_large_image","twitter_misc":{"Dur\u00e9e de lecture est.":"7 minutes"},"schema":{"@context":"https:\/\/schema.org","@graph":[{"@type":"WebPage","@id":"https:\/\/www.nedzink.com\/fr-be\/accessoires-de-toitures\/couvre-murs\/","url":"https:\/\/www.nedzink.com\/fr-be\/accessoires-de-toitures\/couvre-murs\/","name":"Couvre-murs \u2013 NedZink","isPartOf":{"@id":"https:\/\/www.nedzink.com\/fr-be\/#website"},"primaryImageOfPage":{"@id":"https:\/\/www.nedzink.com\/fr-be\/accessoires-de-toitures\/couvre-murs\/#primaryimage"},"image":{"@id":"https:\/\/www.nedzink.com\/fr-be\/accessoires-de-toitures\/couvre-murs\/#primaryimage"},"thumbnailUrl":"https:\/\/www.nedzink.com\/wp-content\/uploads\/import\/cms\/userfiles\/images\/divers\/2016\/NL_6.4.1hv.jpg","datePublished":"2019-06-04T12:56:13+00:00","dateModified":"2020-02-26T13:58:03+00:00","breadcrumb":{"@id":"https:\/\/www.nedzink.com\/fr-be\/accessoires-de-toitures\/couvre-murs\/#breadcrumb"},"inLanguage":"fr-BE","potentialAction":[{"@type":"ReadAction","target":["https:\/\/www.nedzink.com\/fr-be\/accessoires-de-toitures\/couvre-murs\/"]}]},{"@type":"ImageObject","inLanguage":"fr-BE","@id":"https:\/\/www.nedzink.com\/fr-be\/accessoires-de-toitures\/couvre-murs\/#primaryimage","url":"https:\/\/www.nedzink.com\/wp-content\/uploads\/import\/cms\/userfiles\/images\/divers\/2016\/NL_6.4.1hv.jpg","contentUrl":"https:\/\/www.nedzink.com\/wp-content\/uploads\/import\/cms\/userfiles\/images\/divers\/2016\/NL_6.4.1hv.jpg"},{"@type":"BreadcrumbList","@id":"https:\/\/www.nedzink.com\/fr-be\/accessoires-de-toitures\/couvre-murs\/#breadcrumb","itemListElement":[{"@type":"ListItem","position":1,"name":"Home","item":"https:\/\/www.nedzink.com\/fr-be\/"},{"@type":"ListItem","position":2,"name":"Accessoires de toitures","item":"https:\/\/www.nedzink.com\/fr-be\/accessoires-de-toitures\/"},{"@type":"ListItem","position":3,"name":"Couvre-murs"}]},{"@type":"WebSite","@id":"https:\/\/www.nedzink.com\/fr-be\/#website","url":"https:\/\/www.nedzink.com\/fr-be\/","name":"NedZink","description":"Zink fabrikant","publisher":{"@id":"https:\/\/www.nedzink.com\/fr-be\/#organization"},"potentialAction":[{"@type":"SearchAction","target":{"@type":"EntryPoint","urlTemplate":"https:\/\/www.nedzink.com\/fr-be\/?s={search_term_string}"},"query-input":{"@type":"PropertyValueSpecification","valueRequired":true,"valueName":"search_term_string"}}],"inLanguage":"fr-BE"},{"@type":"Organization","@id":"https:\/\/www.nedzink.com\/fr-be\/#organization","name":"NedZink","url":"https:\/\/www.nedzink.com\/fr-be\/","logo":{"@type":"ImageObject","inLanguage":"fr-BE","@id":"https:\/\/www.nedzink.com\/fr-be\/#\/schema\/logo\/image\/","url":"https:\/\/www.nedzink.com\/wp-content\/uploads\/2019\/08\/logo-nedzink_fc_zk.jpg","contentUrl":"https:\/\/www.nedzink.com\/wp-content\/uploads\/2019\/08\/logo-nedzink_fc_zk.jpg","width":2160,"height":688,"caption":"NedZink"},"image":{"@id":"https:\/\/www.nedzink.com\/fr-be\/#\/schema\/logo\/image\/"}}]}},"_links":{"self":[{"href":"https:\/\/www.nedzink.com\/fr-be\/wp-json\/wp\/v2\/pages\/31055","targetHints":{"allow":["GET"]}}],"collection":[{"href":"https:\/\/www.nedzink.com\/fr-be\/wp-json\/wp\/v2\/pages"}],"about":[{"href":"https:\/\/www.nedzink.com\/fr-be\/wp-json\/wp\/v2\/types\/page"}],"author":[{"embeddable":true,"href":"https:\/\/www.nedzink.com\/fr-be\/wp-json\/wp\/v2\/users\/9"}],"replies":[{"embeddable":true,"href":"https:\/\/www.nedzink.com\/fr-be\/wp-json\/wp\/v2\/comments?post=31055"}],"version-history":[{"count":0,"href":"https:\/\/www.nedzink.com\/fr-be\/wp-json\/wp\/v2\/pages\/31055\/revisions"}],"up":[{"embeddable":true,"href":"https:\/\/www.nedzink.com\/fr-be\/wp-json\/wp\/v2\/pages\/31005"}],"wp:attachment":[{"href":"https:\/\/www.nedzink.com\/fr-be\/wp-json\/wp\/v2\/media?parent=31055"}],"curies":[{"name":"wp","href":"https:\/\/api.w.org\/{rel}","templated":true}]}}