{"id":30995,"date":"2019-06-04T14:55:53","date_gmt":"2019-06-04T12:55:53","guid":{"rendered":"http:\/\/136.144.181.85\/~nedzink\/infos-conseils\/systemes-de-facades\/systemes-speciaux\/"},"modified":"2023-05-04T08:34:02","modified_gmt":"2023-05-04T06:34:02","slug":"systemes-speciaux","status":"publish","type":"page","link":"https:\/\/www.nedzink.com\/fr-be\/systemes-de-facades\/systemes-speciaux\/","title":{"rendered":"Syst\u00e8mes sp\u00e9ciaux"},"content":{"rendered":"<p>Les nouveaux profiles pour fa\u00e7ades et pignons NZ S s\u2019adaptent \u00e0 tous les types de b\u00e2timents, qu\u2019il s\u2019agisse du neuf ou de la r\u00e9novation. Les profiles en zinc pour fa\u00e7ades et pignons NZ S sont \u00e0 la fois classiques, \u00e9l\u00e9gants et contemporains.<\/p>\n<p>Durables, les profiles en zinc pour fa\u00e7ades et pignon NZ S constituent une deuxi\u00e8me peau pour votre b\u00e2timent. Ils le prot\u00e8gent contre les rayonnements<br \/>\nultraviolets, la pluie et le vent.<\/p>\n<p>De par leur conception, les profiles en zinc pour fa\u00e7ades et pignons NZ S sont simples \u00e0 poser.<\/p>\n<p>Les profiles en zinc pour fa\u00e7ades et pignons NZ S et les profil\u00e9s lat\u00e9raux NZ S ont de multiples applications. Ils constituent un point de d\u00e9part. Les autres vous apportent des solutions pour la finition des angles int\u00e9rieurs et ext\u00e9rieurs.<\/p>\n<p>Sur cette page et sur la suivante, une explication est associ\u00e9e aux diff\u00e9rents profiles et profil\u00e9s. Quant aux dimensions exactes et aux r\u00e9f\u00e9rences, vous les trouverez sur les pages 68 et 69.<\/p>\n<h3>Profile pour fa\u00e7ades et pignons NZ S<\/h3>\n<ol>\n<li>Posez d\u2019abord une structure en bois. L\u2019\u00e9cartement de coeur \u00e0 coeur entre deux voliges doit \u00eatre de 350 mm.<\/li>\n<li>Posez ensuite le profile du dessous de niveau.<\/li>\n<li>Utilisez des vis en inox \u00e0 \u201cailettes\u201d. Gr\u00e2ce \u00e0 ces \u201cailettes\u201d, l\u2019ouverture dans le zinc est sup\u00e9rieure au diam\u00e8tre de la vis. Cela permet au m\u00e9tal de se dilater.<\/li>\n<li>Ensuite, tracez un trait de rep\u00e8re \u00e0 145 mm du bord sup\u00e9rieur du profil du bas. Il permettra de poser les profiles suivants de niveau.<\/li>\n<\/ol>\n<h3>Profil\u00e9 lat\u00e9ral NZ S<\/h3>\n<ol>\n<li>Ce profil\u00e9 lat\u00e9ral est parfait pour toutes les applications!<\/li>\n<li>Posez d\u2019abord le profil\u00e9 lat\u00e9ral. Il se fixe au moyen de vis en inox \u00e0 \u201cailettes\u201d, qui perce une ouverture plus large afin de tenir compte de la dilatation.<\/li>\n<li>Cette op\u00e9ration effectu\u00e9e, vous pouvez poser le profile pour fa\u00e7ades et pignons NZ S.<\/li>\n<\/ol>\n<h3>Profil\u00e9 d\u2019angle int\u00e9rieur NZ S<\/h3>\n<ol>\n<li>Posez le profil\u00e9 lat\u00e9ral NZ S et le profile en zinc pour fa\u00e7ades et pignons NZ S \u00e0 18 mm de l\u2019angle int\u00e9rieur.<\/li>\n<li>Vous pouvez alors visser le profil\u00e9 d\u2019angle NZ S sur les profiles pour obtenir un angle int\u00e9rieur \u00e0 la finition parfaite.<\/li>\n<\/ol>\n<h3>Profil\u00e9 d\u2019angle ext\u00e9rieur NZ S<\/h3>\n<ol>\n<li>Faites co\u00efncider le profile en zinc pour fa\u00e7ade et pignons NZ S et le profil\u00e9 lat\u00e9ral NZ S exactement avec les ar\u00eates de l\u2019angle ext\u00e9rieur.<\/li>\n<li>Vous pouvez alors visser le profil\u00e9 d\u2019angle ext\u00e9rieur NZ S sur les feuilles pour obtenir un angle ext\u00e9rieur \u00e0 la finition parfaite.<\/li>\n<\/ol>\n<p>Deux principes sont \u00e0 respecter syst\u00e9matiquement lors de la pose :<\/p>\n<ul>\n<li>Le m\u00e9tal se dilate et se contracte sous l\u2019influence des variations de temp\u00e9rature. Aussi devez-vous poser et fixer les profil\u00e9s de fa\u00e7on \u00e0 permettre la dilatation.<\/li>\n<li>Veillez \u00e0 faciliter la circulation de l\u2019air entre la feuille en NZ S et la cloison ou le mur. Une bonne a\u00e9ration est importante.<\/li>\n<\/ul>\n<p>En respectant ces principes, vous avez l\u2019assurance d\u2019effectuer la pose dans les r\u00e8gles de l\u2019art.<\/p>\n","protected":false},"excerpt":{"rendered":"<p>Les nouveaux profiles pour fa\u00e7ades et pignons NZ S s\u2019adaptent \u00e0 tous les types de b\u00e2timents, qu\u2019il s\u2019agisse du neuf ou de la r\u00e9novation. Les profiles en zinc pour fa\u00e7ades et pignons NZ S sont \u00e0 la fois classiques, \u00e9l\u00e9gants et contemporains. Durables, les profiles en zinc pour fa\u00e7ades et pignon NZ S constituent une [&hellip;]<\/p>\n","protected":false},"author":9,"featured_media":0,"parent":30902,"menu_order":980,"comment_status":"closed","ping_status":"closed","template":"template-import.php","meta":{"_acf_changed":false,"footnotes":""},"class_list":["post-30995","page","type-page","status-publish","hentry"],"acf":[],"yoast_head":"<!-- This site is optimized with the Yoast SEO plugin v26.8 - https:\/\/yoast.com\/product\/yoast-seo-wordpress\/ -->\n<title>Syst\u00e8mes sp\u00e9ciaux \u2013 NedZink<\/title>\n<meta name=\"robots\" content=\"index, follow, max-snippet:-1, max-image-preview:large, max-video-preview:-1\" \/>\n<link rel=\"canonical\" href=\"https:\/\/www.nedzink.com\/fr-be\/systemes-de-facades\/systemes-speciaux\/\" \/>\n<meta property=\"og:locale\" content=\"fr_FR\" \/>\n<meta property=\"og:type\" content=\"article\" \/>\n<meta property=\"og:title\" content=\"Syst\u00e8mes sp\u00e9ciaux \u2013 NedZink\" \/>\n<meta property=\"og:description\" content=\"Les nouveaux profiles pour fa\u00e7ades et pignons NZ S s\u2019adaptent \u00e0 tous les types de b\u00e2timents, qu\u2019il s\u2019agisse du neuf ou de la r\u00e9novation. Les profiles en zinc pour fa\u00e7ades et pignons NZ S sont \u00e0 la fois classiques, \u00e9l\u00e9gants et contemporains. Durables, les profiles en zinc pour fa\u00e7ades et pignon NZ S constituent une [&hellip;]\" \/>\n<meta property=\"og:url\" content=\"https:\/\/www.nedzink.com\/fr-be\/systemes-de-facades\/systemes-speciaux\/\" \/>\n<meta property=\"og:site_name\" content=\"NedZink\" \/>\n<meta property=\"article:modified_time\" content=\"2023-05-04T06:34:02+00:00\" \/>\n<meta name=\"twitter:card\" content=\"summary_large_image\" \/>\n<meta name=\"twitter:label1\" content=\"Dur\u00e9e de lecture est.\" \/>\n\t<meta name=\"twitter:data1\" content=\"3 minutes\" \/>\n<script type=\"application\/ld+json\" class=\"yoast-schema-graph\">{\"@context\":\"https:\/\/schema.org\",\"@graph\":[{\"@type\":\"WebPage\",\"@id\":\"https:\/\/www.nedzink.com\/fr-be\/systemes-de-facades\/systemes-speciaux\/\",\"url\":\"https:\/\/www.nedzink.com\/fr-be\/systemes-de-facades\/systemes-speciaux\/\",\"name\":\"Syst\u00e8mes sp\u00e9ciaux \u2013 NedZink\",\"isPartOf\":{\"@id\":\"https:\/\/www.nedzink.com\/fr-be\/#website\"},\"datePublished\":\"2019-06-04T12:55:53+00:00\",\"dateModified\":\"2023-05-04T06:34:02+00:00\",\"breadcrumb\":{\"@id\":\"https:\/\/www.nedzink.com\/fr-be\/systemes-de-facades\/systemes-speciaux\/#breadcrumb\"},\"inLanguage\":\"fr-BE\",\"potentialAction\":[{\"@type\":\"ReadAction\",\"target\":[\"https:\/\/www.nedzink.com\/fr-be\/systemes-de-facades\/systemes-speciaux\/\"]}]},{\"@type\":\"BreadcrumbList\",\"@id\":\"https:\/\/www.nedzink.com\/fr-be\/systemes-de-facades\/systemes-speciaux\/#breadcrumb\",\"itemListElement\":[{\"@type\":\"ListItem\",\"position\":1,\"name\":\"Home\",\"item\":\"https:\/\/www.nedzink.com\/fr-be\/\"},{\"@type\":\"ListItem\",\"position\":2,\"name\":\"Syst\u00e8mes de facades\",\"item\":\"https:\/\/www.nedzink.com\/fr-be\/systemes-de-facades\/\"},{\"@type\":\"ListItem\",\"position\":3,\"name\":\"Syst\u00e8mes sp\u00e9ciaux\"}]},{\"@type\":\"WebSite\",\"@id\":\"https:\/\/www.nedzink.com\/fr-be\/#website\",\"url\":\"https:\/\/www.nedzink.com\/fr-be\/\",\"name\":\"NedZink\",\"description\":\"Zink fabrikant\",\"publisher\":{\"@id\":\"https:\/\/www.nedzink.com\/fr-be\/#organization\"},\"potentialAction\":[{\"@type\":\"SearchAction\",\"target\":{\"@type\":\"EntryPoint\",\"urlTemplate\":\"https:\/\/www.nedzink.com\/fr-be\/?s={search_term_string}\"},\"query-input\":{\"@type\":\"PropertyValueSpecification\",\"valueRequired\":true,\"valueName\":\"search_term_string\"}}],\"inLanguage\":\"fr-BE\"},{\"@type\":\"Organization\",\"@id\":\"https:\/\/www.nedzink.com\/fr-be\/#organization\",\"name\":\"NedZink\",\"url\":\"https:\/\/www.nedzink.com\/fr-be\/\",\"logo\":{\"@type\":\"ImageObject\",\"inLanguage\":\"fr-BE\",\"@id\":\"https:\/\/www.nedzink.com\/fr-be\/#\/schema\/logo\/image\/\",\"url\":\"https:\/\/www.nedzink.com\/wp-content\/uploads\/2019\/08\/logo-nedzink_fc_zk.jpg\",\"contentUrl\":\"https:\/\/www.nedzink.com\/wp-content\/uploads\/2019\/08\/logo-nedzink_fc_zk.jpg\",\"width\":2160,\"height\":688,\"caption\":\"NedZink\"},\"image\":{\"@id\":\"https:\/\/www.nedzink.com\/fr-be\/#\/schema\/logo\/image\/\"}}]}<\/script>\n<!-- \/ Yoast SEO plugin. -->","yoast_head_json":{"title":"Syst\u00e8mes sp\u00e9ciaux \u2013 NedZink","robots":{"index":"index","follow":"follow","max-snippet":"max-snippet:-1","max-image-preview":"max-image-preview:large","max-video-preview":"max-video-preview:-1"},"canonical":"https:\/\/www.nedzink.com\/fr-be\/systemes-de-facades\/systemes-speciaux\/","og_locale":"fr_FR","og_type":"article","og_title":"Syst\u00e8mes sp\u00e9ciaux \u2013 NedZink","og_description":"Les nouveaux profiles pour fa\u00e7ades et pignons NZ S s\u2019adaptent \u00e0 tous les types de b\u00e2timents, qu\u2019il s\u2019agisse du neuf ou de la r\u00e9novation. Les profiles en zinc pour fa\u00e7ades et pignons NZ S sont \u00e0 la fois classiques, \u00e9l\u00e9gants et contemporains. Durables, les profiles en zinc pour fa\u00e7ades et pignon NZ S constituent une [&hellip;]","og_url":"https:\/\/www.nedzink.com\/fr-be\/systemes-de-facades\/systemes-speciaux\/","og_site_name":"NedZink","article_modified_time":"2023-05-04T06:34:02+00:00","twitter_card":"summary_large_image","twitter_misc":{"Dur\u00e9e de lecture est.":"3 minutes"},"schema":{"@context":"https:\/\/schema.org","@graph":[{"@type":"WebPage","@id":"https:\/\/www.nedzink.com\/fr-be\/systemes-de-facades\/systemes-speciaux\/","url":"https:\/\/www.nedzink.com\/fr-be\/systemes-de-facades\/systemes-speciaux\/","name":"Syst\u00e8mes sp\u00e9ciaux \u2013 NedZink","isPartOf":{"@id":"https:\/\/www.nedzink.com\/fr-be\/#website"},"datePublished":"2019-06-04T12:55:53+00:00","dateModified":"2023-05-04T06:34:02+00:00","breadcrumb":{"@id":"https:\/\/www.nedzink.com\/fr-be\/systemes-de-facades\/systemes-speciaux\/#breadcrumb"},"inLanguage":"fr-BE","potentialAction":[{"@type":"ReadAction","target":["https:\/\/www.nedzink.com\/fr-be\/systemes-de-facades\/systemes-speciaux\/"]}]},{"@type":"BreadcrumbList","@id":"https:\/\/www.nedzink.com\/fr-be\/systemes-de-facades\/systemes-speciaux\/#breadcrumb","itemListElement":[{"@type":"ListItem","position":1,"name":"Home","item":"https:\/\/www.nedzink.com\/fr-be\/"},{"@type":"ListItem","position":2,"name":"Syst\u00e8mes de facades","item":"https:\/\/www.nedzink.com\/fr-be\/systemes-de-facades\/"},{"@type":"ListItem","position":3,"name":"Syst\u00e8mes sp\u00e9ciaux"}]},{"@type":"WebSite","@id":"https:\/\/www.nedzink.com\/fr-be\/#website","url":"https:\/\/www.nedzink.com\/fr-be\/","name":"NedZink","description":"Zink fabrikant","publisher":{"@id":"https:\/\/www.nedzink.com\/fr-be\/#organization"},"potentialAction":[{"@type":"SearchAction","target":{"@type":"EntryPoint","urlTemplate":"https:\/\/www.nedzink.com\/fr-be\/?s={search_term_string}"},"query-input":{"@type":"PropertyValueSpecification","valueRequired":true,"valueName":"search_term_string"}}],"inLanguage":"fr-BE"},{"@type":"Organization","@id":"https:\/\/www.nedzink.com\/fr-be\/#organization","name":"NedZink","url":"https:\/\/www.nedzink.com\/fr-be\/","logo":{"@type":"ImageObject","inLanguage":"fr-BE","@id":"https:\/\/www.nedzink.com\/fr-be\/#\/schema\/logo\/image\/","url":"https:\/\/www.nedzink.com\/wp-content\/uploads\/2019\/08\/logo-nedzink_fc_zk.jpg","contentUrl":"https:\/\/www.nedzink.com\/wp-content\/uploads\/2019\/08\/logo-nedzink_fc_zk.jpg","width":2160,"height":688,"caption":"NedZink"},"image":{"@id":"https:\/\/www.nedzink.com\/fr-be\/#\/schema\/logo\/image\/"}}]}},"_links":{"self":[{"href":"https:\/\/www.nedzink.com\/fr-be\/wp-json\/wp\/v2\/pages\/30995","targetHints":{"allow":["GET"]}}],"collection":[{"href":"https:\/\/www.nedzink.com\/fr-be\/wp-json\/wp\/v2\/pages"}],"about":[{"href":"https:\/\/www.nedzink.com\/fr-be\/wp-json\/wp\/v2\/types\/page"}],"author":[{"embeddable":true,"href":"https:\/\/www.nedzink.com\/fr-be\/wp-json\/wp\/v2\/users\/9"}],"replies":[{"embeddable":true,"href":"https:\/\/www.nedzink.com\/fr-be\/wp-json\/wp\/v2\/comments?post=30995"}],"version-history":[{"count":2,"href":"https:\/\/www.nedzink.com\/fr-be\/wp-json\/wp\/v2\/pages\/30995\/revisions"}],"predecessor-version":[{"id":126186,"href":"https:\/\/www.nedzink.com\/fr-be\/wp-json\/wp\/v2\/pages\/30995\/revisions\/126186"}],"up":[{"embeddable":true,"href":"https:\/\/www.nedzink.com\/fr-be\/wp-json\/wp\/v2\/pages\/30902"}],"wp:attachment":[{"href":"https:\/\/www.nedzink.com\/fr-be\/wp-json\/wp\/v2\/media?parent=30995"}],"curies":[{"name":"wp","href":"https:\/\/api.w.org\/{rel}","templated":true}]}}