{"id":30625,"date":"2019-06-04T14:53:55","date_gmt":"2019-06-04T12:53:55","guid":{"rendered":"http:\/\/136.144.181.85\/~nedzink\/infos-conseils\/instructions-dutilisation-et-montage\/instructions-dutilisation\/nedzink-nuance\/"},"modified":"2023-05-05T13:56:38","modified_gmt":"2023-05-05T11:56:38","slug":"nedzink-nuance","status":"publish","type":"page","link":"https:\/\/www.nedzink.com\/fr-be\/nedzink-nuance\/","title":{"rendered":"NedZink NUANCE"},"content":{"rendered":"<p><strong>Pour NedZink NUANCE sont, outre les consignes de mise en <span lang=\"FR-BE\" style=\"line-height: 107%; font-family: 'Calibri','sans-serif'; font-size: 11pt; mso-bidi-font-family: 'Times New Roman'; mso-ansi-language: FR-BE; mso-fareast-font-family: Calibri; mso-fareast-language: EN-US; mso-bidi-language: AR-SA; mso-ascii-theme-font: minor-latin; mso-fareast-theme-font: minor-latin; mso-hansi-theme-font: minor-latin; mso-bidi-theme-font: minor-bidi;\">\u0153<\/span>vre de NedZink NATUREL, -NOVA, -NEO et -NOIR, des conseils techniques suppl\u00e9mentaires applicable.<\/strong><\/p>\n<h3>Surface<\/h3>\n<p>Les propri\u00e9t\u00e9s m\u00e9caniques et les caract\u00e9ristiques du mat\u00e9riau sont 100% identiques \u00e0 celles des produits NedZink NATUREL, -NOVA, -NEO et -NOIR bien connus.<\/p>\n<p>NedZink NUANCE est un zinc-titane pr\u00e9patin\u00e9 muni de pigments. Le r\u00e9sultat est selon le pigment s\u00e9lectionn\u00e9 un zinc-titane pr\u00e9patin\u00e9 avec une nuance de couleur bleue, rouge ou verte. Les propri\u00e9t\u00e9s naturelles du zinc-titane sont enti\u00e8rement pr\u00e9serv\u00e9es.<\/p>\n<p>NedZink NUANCE est un produit naturel, sur lequel de l\u00e9g\u00e8res nuances de couleurs sont toujours possibles. La couleur reste tr\u00e8s uniforme gr\u00e2ce \u00e0 un proc\u00e9d\u00e9 de production unique, mais peut toujours varier l\u00e9g\u00e8rement d\u2019un lot \u00e0 l\u2019autre. Utilisez pour chaque projet du mat\u00e9riau provenant d&rsquo;un m\u00eame lot de production pour \u00e9viter les diff\u00e9rences de couleur. Contr\u00f4lez au dos du mat\u00e9riau la num\u00e9rotation des s\u00e9ries de production.<\/p>\n<p>Posez toujours NedZink NOVA, NedZink NEO et NedZink NOIR dans le sens de laminage pour \u00e9viter des diff\u00e9rences de couleur. Ce sens de laminage est indiqu\u00e9 au dos par des fl\u00e8ches. Contr\u00f4lez ce sens avant de commencer le montage.<\/p>\n<p>Au fil des ans les pigments de NedZink NUANCE vont dispara\u00eetre et la couleur du zinc pr\u00e9patin\u00e9 NedZink NOVA remonte \u00e0 la surface. La durabilit\u00e9 des pigments est fortement d\u00e9pendante des facteurs environnementaux, tels que l&#8217;emplacement du b\u00e2timent, la temp\u00e9rature, l&rsquo;exposition aux UV et \u00e0 la qualit\u00e9 de l&rsquo;air. Des dommages, des perforations, et les aspects environnementaux n\u00e9gatifs peuvent r\u00e9duire de mani\u00e8re significative la dur\u00e9e de vie des pigments.<\/p>\n<h3>Posage<\/h3>\n<p>La pose et le profilage doivent \u00eatre assur\u00e9s avec un rayon de cintrage minimal de 2 mm (rayon int\u00e9rieur) en pr\u00e9sence d\u2019une \u00e9paisseur des mat\u00e9riaux de 0,70 mm. Il faut \u00e9viter les d\u00e9g\u00e2ts occasionn\u00e9s au rev\u00eatement, comme des rayures profondes, pendant la transformation. Si n\u00e9cessaire, il convient de nettoyer les outillages et machines au pr\u00e9alable et il faut avant tout \u00e9liminer les bords ac\u00e9r\u00e9s \u00e9ventuels en vue de pr\u00e9venir les risques de dommages.<\/p>\n<h3>Soudages<\/h3>\n<p>Afin de permettre de souder NedZink NUANCE, la couche de pigment et la couche de phosphatation doivent \u00eatre enlev\u00e9es. Par pon\u00e7age ou par d\u00e9capage m\u00e9canique, les couches sont enlev\u00e9es jusqu\u2019au zinc-titane naturel. Les surfaces pr\u00e9par\u00e9es sont ensuite soud\u00e9es comme \u00e9tant zinc-titane lamin\u00e9 naturel.<\/p>\n<h3>Construction portante<\/h3>\n<p>Les bandes NedZink Pro-Tec peuvent \u00eatre utilis\u00e9es sur toutes les constructions portantes propres, lisses et planes en m\u00e9tal et en bois. Les couches de s\u00e9paration structur\u00e9es, qui sont g\u00e9n\u00e9ralement prescrites pour une toiture non ventil\u00e9e ou une toiture pos\u00e9e sous un angle &lt;15\u00b0, ne doivent pas n\u00e9cessairement \u00eatre pr\u00e9vues. Une couche de s\u00e9paration perm\u00e9able \u00e0 la vapeur ou une couche similaire est n\u00e9cessaire pour \u00e9viter les d\u00e9g\u00e2ts m\u00e9caniques dus aux mouvements du zinc. Ceci signifie que les \u00e9ventuelles petites diff\u00e9rences de hauteur de la construction portante doivent \u00eatre corrig\u00e9es et que le rev\u00eatement doit \u00eatre prot\u00e9g\u00e9 contre les d\u00e9g\u00e2ts \u00e9ventuels dus aux bords ac\u00e9r\u00e9s.<\/p>\n<h3>Film de protection<\/h3>\n<p>Si vous le souhaitez, NedZink NUANCE peut \u00eatre livr\u00e9 avec un film de protection provisoire appliqu\u00e9 pour \u00e9viter toute d\u00e9t\u00e9rioration pendant la mise en \u0153uvre. Le film de protection n\u2019est pas durablement \u00e0 l&rsquo;\u00e9preuve des UV et n&rsquo;est pr\u00e9vu que pour servir de protection temporaire. C\u2019est pourquoi ce film de protection doit \u00eatre retir\u00e9 imm\u00e9diatement apr\u00e8s le montage sur le chantier. La temp\u00e9rature du zinc doit \u00eatre de 7\u00b0C au minimum. Le film ne peut pas \u00eatre appliqu\u00e9 dans des assemblages tels qu&rsquo;un syst\u00e8me \u00e0 joint debout. Il convient de m\u00eame d&rsquo;\u00e9viter l&rsquo;infiltration d&rsquo;eau entre le film de protection et le zinc. NedZink NUANCE command\u00e9 sans film de protection sera plus sensible \u00e0 la formation d&rsquo;\u00e9raflures pendant la mise en \u0153uvre.<\/p>\n<p><strong>\u00c9galement applicable pour NedZink NUANCE, sont les consignes de mise en \u0153uvre standards pour NedZink NATUREL, -NOVA, -NEO et -NOIR<\/strong><\/p>\n<h2>Caract\u00e9ristiques du mat\u00e9riel<\/h2>\n<p>NedZink NATUREL est un \u00a0zinc-titane lamin\u00e9 nu produit selon la norme EN 988 et certifi\u00e9 selon LRQA. NedZink NATUREL pr\u00e9sente une \u00a0surface naturelle, lamin\u00e9e. NedZink NOVA, NedZink NEO et NedZink NOIR sont des vari\u00e9t\u00e9s de zinc pr\u00e9patin\u00e9es produites \u00e0 l&rsquo;aide d&rsquo;une op\u00e9ration de phosphatation. On utilise comme mat\u00e9riau de base un zinc-titane lamin\u00e9, c&rsquo;est-\u00e0-dire le NedZink NATUREL. Le processus de phosphatation cr\u00e9e une surface se rapprochant tr\u00e8s fort de la patine naturelle. Les propri\u00e9t\u00e9s du zinc ne sont en rien alt\u00e9r\u00e9es par cette op\u00e9ration.<\/p>\n<p>Tous les m\u00e9taux lamin\u00e9s, parmi lesquels le zinc NedZink, pr\u00e9senteront des tensions de laminage dans une \u00e9chelle limit\u00e9e. Ceci est inh\u00e9rent au proc\u00e9d\u00e9 de production. Le recours aux techniques modernes permet de r\u00e9duire au maximum ces tensions de laminage. Il arrive cependant que ces tensions r\u00e9apparaissent partiellement apr\u00e8s la transformation du zinc NedZink par des tiers.<\/p>\n<h2>Protection de surface<\/h2>\n<p>NedZink NATUREL est livr\u00e9 avec une surface lamin\u00e9e nue. En cas d&rsquo;exposition \u00e0 l&rsquo;air ext\u00e9rieur et sous l&rsquo;action de l&rsquo;humidit\u00e9, une couche decarbonate de zinc se forme ; c&rsquo;est ce que l&rsquo;on appelle la patine. Ce processus d\u00e9bute imm\u00e9diatement apr\u00e8s le montage et se poursuit jusqu&rsquo;\u00e0 ce que la patine soit obtenue. Au d\u00e9but, l&rsquo;apparence de la couche de patine en formation peut \u00eatre fantaisiste. D&rsquo;autres causes qui jouent un r\u00f4le dans ce processus de patination: orientation \/ g\u00e9om\u00e9trie du b\u00e2timent, les conditions m\u00e9t\u00e9orologiques lors de l&rsquo;installation et la fa\u00e7on le zinc-titane est stock\u00e9 avant l&rsquo;installation.<\/p>\n<p>NedZink NOVA, NedZink NEO et NedZink NOIR sont des produits naturels, sur lesquels de l\u00e9g\u00e8res nuances de couleurs sont toujours possibles. La couleur reste tr\u00e8s uniforme gr\u00e2ce \u00e0 un proc\u00e9d\u00e9 de production unique, mais peut toujours varier l\u00e9g\u00e8rement d\u2019un lot \u00e0 l\u2019autre. Utilisez pour chaque projet du mat\u00e9riau provenant d&rsquo;un m\u00eame lot de production pour \u00e9viter les diff\u00e9rences de couleur. Contr\u00f4lez au dos du mat\u00e9riau la num\u00e9rotation des s\u00e9ries de production.<\/p>\n<p>Posez toujours NedZink NOVA et NedZink NOIR dans le sens de laminage pour \u00e9viter des diff\u00e9rences de couleur. Ce sens de laminage est indiqu\u00e9 au dos par des fl\u00e8ches. Contr\u00f4lez ce sens avant de commencer le montage.<\/p>\n<h2>D\u00e9pot de sel<\/h2>\n<p>Dans un climat maritime, le sel contenu dans l&rsquo;air ou l&rsquo;eau r\u00e9agit avec le zinc en formant un chlorure de zinc sur les surfaces qui ne sont pas rinc\u00e9es par l&rsquo;eau de pluie. Cela se traduit invariablement par des taches blanches. Ces taches blanches n&rsquo;ont aucun impact sur la fonctionnalit\u00e9 du produit et ne provoquent aucune corrosion. Un nettoyage r\u00e9gulier avec de l&rsquo;eau (chaude) est n\u00e9cessaire s&rsquo;il n&rsquo;y a pas de pluie ainsi que sur les surfaces \u00e0 l&rsquo;abri des intemp\u00e9ries. NedZink n&rsquo;est pas responsable des effets du d\u00e9p\u00f4t de sel.<\/p>\n<h2>Anti-Fingerprint (AFP)<\/h2>\n<p>Pour \u00e9viter les empreintes de doigts au cours du montage et pour optimiser la mise en \u0153uvre \u00e0 l\u2019aide de machines, une couche Anti-Fingerprint donnant un l\u00e9ger brillant \u00e0 la surface a \u00e9t\u00e9 appliqu\u00e9e. Ce brillant dispara\u00eet au fil du temps.<\/p>\n<h2>Film de protection<\/h2>\n<p>Si vous le souhaitez, NedZink NOVA peut \u00eatre livr\u00e9 avec un film de protection provisoire appliqu\u00e9 pour \u00e9viter toute d\u00e9t\u00e9rioration pendant la mise en \u0153uvre. NedZink NEO et NedZink NOIR sont livr\u00e9s de s\u00e9rie avec ce film de protection standard. Le film de protection n\u2019est pas durablement \u00e0 l&rsquo;\u00e9preuve des UV et n&rsquo;est pr\u00e9vu que pour servir de protection temporaire. C\u2019est pourquoi ce film de protection doit \u00eatre retir\u00e9 imm\u00e9diatement apr\u00e8s le montage sur le chantier. La temp\u00e9rature du zinc doit \u00eatre de 7\u00b0C au minimum. Le film ne peut pas \u00eatre appliqu\u00e9 dans des assemblages tels qu&rsquo;un syst\u00e8me \u00e0 joint debout. Il convient de m\u00eame d&rsquo;\u00e9viter l&rsquo;infiltration d&rsquo;eau entre le film de protection et le zinc. NedZink NOVA, NedZink NEO ou NedZink NOIR command\u00e9 sans film de protection sera plus sensible \u00e0 la formation d&rsquo;\u00e9raflures pendant la mise en \u0153uvre.<\/p>\n<h2>Montage<\/h2>\n<p>Le zinc-titane de NedZink peut \u00eatre appliqu\u00e9 avec ou sans ventilation. Dans tous les cas de figure (avec ou sans ventilation), les conseils fournis sur www.nedzink.com ou dans le cahier de conseils techniques de NedZink doivent \u00eatre suivis.<\/p>\n<p>Le zinc est un m\u00e9tal qui se dilate ou se r\u00e9tracte sous l&rsquo;effet des fluctuations de temp\u00e9rature. Il convient dans tous les cas de laisser suffisamment de place au mat\u00e9riau pour se dilater thermiquement.<\/p>\n<h2>Le zinc-titane et les autres mat\u00e9riaux<\/h2>\n<ul>\n<li>En raison de leur diff\u00e9rence de potentiel \u00e9lectrolytique, le zinc-titane ne peut pas \u00eatre utilis\u00e9 avec les m\u00e9taux suivants : cuivre \u2013 plomb \u2013 fer \u2013 or \u2013 platine \u2013 argent \u2013 nickel \u2013 cobalt \u2013 cadmium \u2013 chrome \u2013 \u00e9tain \u2013 palladium \u2013 mercure<\/li>\n<li>Le contact direct avec le b\u00e9ton frais, la chaux, le bitume, le mortier (et les autres produits contenant du ciment) doit toujours \u00eatre \u00e9vit\u00e9.<\/li>\n<li>Pour \u00e9viter le d\u00e9capage, le zinc-titane ne peut pas \u00eatre combin\u00e9 avec un toit de chaume ainsi que du bois Western Red Cedar. Pour les autres essences de bois, consultez www.nedzink.com ou le cahier de conseils techniques de NedZink.<\/li>\n<li>Nous d\u00e9conseillons de combiner le zinc avec les sortes de colles suivantes : silicones et \u00e9poxys contenant des acides, colles \u00e0 l&rsquo;ur\u00e9e\/m\u00e9lamine, colles au ph\u00e9nol-formald\u00e9hyde.<\/li>\n<\/ul>\n<h2>Soudage<\/h2>\n<p>Un des grands avantages du mat\u00e9riau NedZink est la possibilit\u00e9 de souder les raccords. Aux emplacements o\u00f9 un raccord \u00e9tanche de qualit\u00e9 est n\u00e9cessaire (par exemple goutti\u00e8res), on soudera \u00e0 l&rsquo;aide d&rsquo;un fer \u00e0 souder au cuivre et d&rsquo;un produit de soudure au plomb-\u00e9tain ainsi qu&rsquo;avec le liquide de soudage appropri\u00e9.<\/p>\n<p>Souder le mat\u00e9riau NedZink NOVA et NOIR \u00e9quivaut \u00e0 souder du zinc naturel lamin\u00e9 neuf mais demande plus d&rsquo;attention. Pour obtenir une bonne soudure, il faut d&rsquo;abord mettre enti\u00e8rement \u00e0 nu les surfaces \u00e0 souder. L&rsquo;id\u00e9al consiste \u00e0 poncer la couche de patine ou de l&rsquo;impr\u00e9gner de liquide de soudure, de laisser agir quelques secondes et ensuite d\u2019essuyer avec un chiffon sec. Plusieurs marques proposent des liquides de soudure \u00ab\u00a0adapt\u00e9s au zinc-titane\u00a0\u00bb qui donnent de bons r\u00e9sultats. Reportez-vous \u00e0 www.nedzink.com pour plus de conseils de soudage.<\/p>\n<h2>Transformation m\u00e9canique<\/h2>\n<p>Si la temp\u00e9rature du mat\u00e9riau est inf\u00e9rieure \u00e0 7 \u00b0C, nous recommandons de ne plus d\u00e9former m\u00e9caniquement le zinc pour \u00e9viter de l&rsquo;endommager (p. ex. microfissures).<\/p>\n<h2>Transport et entreposage<\/h2>\n<p>Pendant le transport, il faut veiller \u00e0 bien emballer le mat\u00e9riau pour \u00e9viter d\u2019endommager le zinc. Les produits NedZink doivent toujours \u00eatre transport\u00e9s au sec et \u00eatre bien ventil\u00e9s. Les bandes et plaques doivent \u00eatre prot\u00e9g\u00e9es contre les dommages dus au transport (\u00e9raflures, bosses).<\/p>\n<p>Le mat\u00e9riau NedZinkdoit \u00eatre stock\u00e9 \u00e0 un endroit secet bien ventil\u00e9 et prot\u00e9g\u00e9 des dommages (en particulier d&rsquo;un taux d&rsquo;humidit\u00e9 de l\u2019air trop \u00e9lev\u00e9). Il est d\u00e9conseill\u00e9 de le stocker \u00e0 l&rsquo;ext\u00e9rieur.<\/p>\n<p>NedZink B.V.<\/p>\n<p><span style=\"font-size: 10px;\"><em>Pour plus d&rsquo;infos \u00e0 propos des produits NedZink, nous vous renvoyons au cahier de conseils techniques de NedZink, que vous pouvez t\u00e9l\u00e9charger sur cet site web. Vous pouvez \u00e9galement en obtenir un exemplaire papier sur simple demande.<\/em><\/span><\/p>\n<p><span style=\"font-size: 10px;\"><em>Cette instruction d\u2019utilisation a \u00e9t\u00e9 r\u00e9dig\u00e9e avec le plus grand soin. Toutes les informations qu\u2019elle contient correspondent \u00e0 notre connaissance actuelle de la technique et ont trait \u00e0 nos produits et leurs possibilit\u00e9s d\u2019application. Le contenu de ces consignes de mise en \u0153uvre ne vous autorise pas \u00e0 invoquer le moindre droit.<\/em><\/span><\/p>\n<p><a href=\"https:\/\/www.nedzink.com\/wp-content\/uploads\/import\/cms\/userfiles\/files\/downloads\/fr\/Consignes-de-mise-en-oevre-de-NedZink-NUANCE-FR.pdf\">Download les consignes de mise en \u0153uvre de NedZink NUANCE<\/a><\/p>\n","protected":false},"excerpt":{"rendered":"<p>Pour NedZink NUANCE sont, outre les consignes de mise en \u0153vre de NedZink NATUREL, -NOVA, -NEO et -NOIR, des conseils techniques suppl\u00e9mentaires applicable. Surface Les propri\u00e9t\u00e9s m\u00e9caniques et les caract\u00e9ristiques du mat\u00e9riau sont 100% identiques \u00e0 celles des produits NedZink NATUREL, -NOVA, -NEO et -NOIR bien connus. NedZink NUANCE est un zinc-titane pr\u00e9patin\u00e9 muni de [&hellip;]<\/p>\n","protected":false},"author":9,"featured_media":0,"parent":0,"menu_order":990,"comment_status":"closed","ping_status":"closed","template":"template-import.php","meta":{"_acf_changed":false,"footnotes":""},"class_list":["post-30625","page","type-page","status-publish","hentry"],"acf":[],"yoast_head":"<!-- This site is optimized with the Yoast SEO plugin v26.8 - https:\/\/yoast.com\/product\/yoast-seo-wordpress\/ -->\n<title>NedZink NUANCE \u2013 NedZink<\/title>\n<meta name=\"robots\" content=\"index, follow, max-snippet:-1, max-image-preview:large, max-video-preview:-1\" \/>\n<link rel=\"canonical\" href=\"https:\/\/www.nedzink.com\/fr-be\/nedzink-nuance\/\" \/>\n<meta property=\"og:locale\" content=\"fr_FR\" \/>\n<meta property=\"og:type\" content=\"article\" \/>\n<meta property=\"og:title\" content=\"NedZink NUANCE \u2013 NedZink\" \/>\n<meta property=\"og:description\" content=\"Pour NedZink NUANCE sont, outre les consignes de mise en \u0153vre de NedZink NATUREL, -NOVA, -NEO et -NOIR, des conseils techniques suppl\u00e9mentaires applicable. Surface Les propri\u00e9t\u00e9s m\u00e9caniques et les caract\u00e9ristiques du mat\u00e9riau sont 100% identiques \u00e0 celles des produits NedZink NATUREL, -NOVA, -NEO et -NOIR bien connus. NedZink NUANCE est un zinc-titane pr\u00e9patin\u00e9 muni de [&hellip;]\" \/>\n<meta property=\"og:url\" content=\"https:\/\/www.nedzink.com\/fr-be\/nedzink-nuance\/\" \/>\n<meta property=\"og:site_name\" content=\"NedZink\" \/>\n<meta property=\"article:modified_time\" content=\"2023-05-05T11:56:38+00:00\" \/>\n<meta name=\"twitter:card\" content=\"summary_large_image\" \/>\n<meta name=\"twitter:label1\" content=\"Dur\u00e9e de lecture est.\" \/>\n\t<meta name=\"twitter:data1\" content=\"9 minutes\" \/>\n<script type=\"application\/ld+json\" class=\"yoast-schema-graph\">{\"@context\":\"https:\/\/schema.org\",\"@graph\":[{\"@type\":\"WebPage\",\"@id\":\"https:\/\/www.nedzink.com\/fr-be\/nedzink-nuance\/\",\"url\":\"https:\/\/www.nedzink.com\/fr-be\/nedzink-nuance\/\",\"name\":\"NedZink NUANCE \u2013 NedZink\",\"isPartOf\":{\"@id\":\"https:\/\/www.nedzink.com\/fr-be\/#website\"},\"datePublished\":\"2019-06-04T12:53:55+00:00\",\"dateModified\":\"2023-05-05T11:56:38+00:00\",\"breadcrumb\":{\"@id\":\"https:\/\/www.nedzink.com\/fr-be\/nedzink-nuance\/#breadcrumb\"},\"inLanguage\":\"fr-BE\",\"potentialAction\":[{\"@type\":\"ReadAction\",\"target\":[\"https:\/\/www.nedzink.com\/fr-be\/nedzink-nuance\/\"]}]},{\"@type\":\"BreadcrumbList\",\"@id\":\"https:\/\/www.nedzink.com\/fr-be\/nedzink-nuance\/#breadcrumb\",\"itemListElement\":[{\"@type\":\"ListItem\",\"position\":1,\"name\":\"Home\",\"item\":\"https:\/\/www.nedzink.com\/fr-be\/\"},{\"@type\":\"ListItem\",\"position\":2,\"name\":\"NedZink NUANCE\"}]},{\"@type\":\"WebSite\",\"@id\":\"https:\/\/www.nedzink.com\/fr-be\/#website\",\"url\":\"https:\/\/www.nedzink.com\/fr-be\/\",\"name\":\"NedZink\",\"description\":\"Zink fabrikant\",\"publisher\":{\"@id\":\"https:\/\/www.nedzink.com\/fr-be\/#organization\"},\"potentialAction\":[{\"@type\":\"SearchAction\",\"target\":{\"@type\":\"EntryPoint\",\"urlTemplate\":\"https:\/\/www.nedzink.com\/fr-be\/?s={search_term_string}\"},\"query-input\":{\"@type\":\"PropertyValueSpecification\",\"valueRequired\":true,\"valueName\":\"search_term_string\"}}],\"inLanguage\":\"fr-BE\"},{\"@type\":\"Organization\",\"@id\":\"https:\/\/www.nedzink.com\/fr-be\/#organization\",\"name\":\"NedZink\",\"url\":\"https:\/\/www.nedzink.com\/fr-be\/\",\"logo\":{\"@type\":\"ImageObject\",\"inLanguage\":\"fr-BE\",\"@id\":\"https:\/\/www.nedzink.com\/fr-be\/#\/schema\/logo\/image\/\",\"url\":\"https:\/\/www.nedzink.com\/wp-content\/uploads\/2019\/08\/logo-nedzink_fc_zk.jpg\",\"contentUrl\":\"https:\/\/www.nedzink.com\/wp-content\/uploads\/2019\/08\/logo-nedzink_fc_zk.jpg\",\"width\":2160,\"height\":688,\"caption\":\"NedZink\"},\"image\":{\"@id\":\"https:\/\/www.nedzink.com\/fr-be\/#\/schema\/logo\/image\/\"}}]}<\/script>\n<!-- \/ Yoast SEO plugin. -->","yoast_head_json":{"title":"NedZink NUANCE \u2013 NedZink","robots":{"index":"index","follow":"follow","max-snippet":"max-snippet:-1","max-image-preview":"max-image-preview:large","max-video-preview":"max-video-preview:-1"},"canonical":"https:\/\/www.nedzink.com\/fr-be\/nedzink-nuance\/","og_locale":"fr_FR","og_type":"article","og_title":"NedZink NUANCE \u2013 NedZink","og_description":"Pour NedZink NUANCE sont, outre les consignes de mise en \u0153vre de NedZink NATUREL, -NOVA, -NEO et -NOIR, des conseils techniques suppl\u00e9mentaires applicable. Surface Les propri\u00e9t\u00e9s m\u00e9caniques et les caract\u00e9ristiques du mat\u00e9riau sont 100% identiques \u00e0 celles des produits NedZink NATUREL, -NOVA, -NEO et -NOIR bien connus. NedZink NUANCE est un zinc-titane pr\u00e9patin\u00e9 muni de [&hellip;]","og_url":"https:\/\/www.nedzink.com\/fr-be\/nedzink-nuance\/","og_site_name":"NedZink","article_modified_time":"2023-05-05T11:56:38+00:00","twitter_card":"summary_large_image","twitter_misc":{"Dur\u00e9e de lecture est.":"9 minutes"},"schema":{"@context":"https:\/\/schema.org","@graph":[{"@type":"WebPage","@id":"https:\/\/www.nedzink.com\/fr-be\/nedzink-nuance\/","url":"https:\/\/www.nedzink.com\/fr-be\/nedzink-nuance\/","name":"NedZink NUANCE \u2013 NedZink","isPartOf":{"@id":"https:\/\/www.nedzink.com\/fr-be\/#website"},"datePublished":"2019-06-04T12:53:55+00:00","dateModified":"2023-05-05T11:56:38+00:00","breadcrumb":{"@id":"https:\/\/www.nedzink.com\/fr-be\/nedzink-nuance\/#breadcrumb"},"inLanguage":"fr-BE","potentialAction":[{"@type":"ReadAction","target":["https:\/\/www.nedzink.com\/fr-be\/nedzink-nuance\/"]}]},{"@type":"BreadcrumbList","@id":"https:\/\/www.nedzink.com\/fr-be\/nedzink-nuance\/#breadcrumb","itemListElement":[{"@type":"ListItem","position":1,"name":"Home","item":"https:\/\/www.nedzink.com\/fr-be\/"},{"@type":"ListItem","position":2,"name":"NedZink NUANCE"}]},{"@type":"WebSite","@id":"https:\/\/www.nedzink.com\/fr-be\/#website","url":"https:\/\/www.nedzink.com\/fr-be\/","name":"NedZink","description":"Zink fabrikant","publisher":{"@id":"https:\/\/www.nedzink.com\/fr-be\/#organization"},"potentialAction":[{"@type":"SearchAction","target":{"@type":"EntryPoint","urlTemplate":"https:\/\/www.nedzink.com\/fr-be\/?s={search_term_string}"},"query-input":{"@type":"PropertyValueSpecification","valueRequired":true,"valueName":"search_term_string"}}],"inLanguage":"fr-BE"},{"@type":"Organization","@id":"https:\/\/www.nedzink.com\/fr-be\/#organization","name":"NedZink","url":"https:\/\/www.nedzink.com\/fr-be\/","logo":{"@type":"ImageObject","inLanguage":"fr-BE","@id":"https:\/\/www.nedzink.com\/fr-be\/#\/schema\/logo\/image\/","url":"https:\/\/www.nedzink.com\/wp-content\/uploads\/2019\/08\/logo-nedzink_fc_zk.jpg","contentUrl":"https:\/\/www.nedzink.com\/wp-content\/uploads\/2019\/08\/logo-nedzink_fc_zk.jpg","width":2160,"height":688,"caption":"NedZink"},"image":{"@id":"https:\/\/www.nedzink.com\/fr-be\/#\/schema\/logo\/image\/"}}]}},"_links":{"self":[{"href":"https:\/\/www.nedzink.com\/fr-be\/wp-json\/wp\/v2\/pages\/30625","targetHints":{"allow":["GET"]}}],"collection":[{"href":"https:\/\/www.nedzink.com\/fr-be\/wp-json\/wp\/v2\/pages"}],"about":[{"href":"https:\/\/www.nedzink.com\/fr-be\/wp-json\/wp\/v2\/types\/page"}],"author":[{"embeddable":true,"href":"https:\/\/www.nedzink.com\/fr-be\/wp-json\/wp\/v2\/users\/9"}],"replies":[{"embeddable":true,"href":"https:\/\/www.nedzink.com\/fr-be\/wp-json\/wp\/v2\/comments?post=30625"}],"version-history":[{"count":2,"href":"https:\/\/www.nedzink.com\/fr-be\/wp-json\/wp\/v2\/pages\/30625\/revisions"}],"predecessor-version":[{"id":126293,"href":"https:\/\/www.nedzink.com\/fr-be\/wp-json\/wp\/v2\/pages\/30625\/revisions\/126293"}],"wp:attachment":[{"href":"https:\/\/www.nedzink.com\/fr-be\/wp-json\/wp\/v2\/media?parent=30625"}],"curies":[{"name":"wp","href":"https:\/\/api.w.org\/{rel}","templated":true}]}}