{"id":24859,"date":"2019-05-06T16:26:03","date_gmt":"2019-05-06T14:26:03","guid":{"rendered":"http:\/\/136.144.181.85\/~nedzink\/caracteristiques-du-zinc-titane\/"},"modified":"2022-02-22T10:31:27","modified_gmt":"2022-02-22T09:31:27","slug":"caracteristiques-du-zinc-titane","status":"publish","type":"page","link":"https:\/\/www.nedzink.com\/fr-be\/caracteristiques-du-zinc-titane\/","title":{"rendered":"Caract\u00e9ristiques du zinc-titane"},"content":{"rendered":"<p>Le mat\u00e9riau de NedZink est d\u00e9fini dans la norme EN 988\u00a0: il s\u2019agit d\u2019un alliage \u00e0 base de zinc \u00e9lectrolytique d\u2019une puret\u00e9 minimale de 99,995\u00a0% (Z1 conform\u00e9ment \u00e0 la norme EN 1179), auquel de faibles quantit\u00e9s d\u2019\u00e9l\u00e9ments d\u2019alliage (cuivre, titane et aluminium) ont \u00e9t\u00e9 ajout\u00e9es.<\/p>\n<p>Les crit\u00e8res de qualit\u00e9 suivants sont d\u00e9finis dans la certification produit KOMO et dans la certification produit de LRQA, Industrial Quality Scheme for Product Certification by Surveillance of Quality Systems (n\u00b0 d\u2019approbation QIS 122) :<\/p>\n<ul>\n<li>la composition chimique,<\/li>\n<li>les propri\u00e9t\u00e9s m\u00e9caniques et physiques,<\/li>\n<li>les tol\u00e9rances dimensionnelles.<\/li>\n<\/ul>\n<p>Les propri\u00e9t\u00e9s mat\u00e9rielles d\u00e9finies sont \u00e9valu\u00e9es plusieurs fois par an par un institut de recherche neutre et ind\u00e9pendant. Cette certification produit et la certification ISO 9001:2008 du syst\u00e8me de gestion de la qualit\u00e9 de NedZink garantissent une qualit\u00e9 optimale constante, qui r\u00e9pond \u00e0 des normes propres, qui vont bien au-del\u00e0 de la norme NEN-EN 988.<\/p>\n","protected":false},"excerpt":{"rendered":"<p>Le mat\u00e9riau de NedZink est d\u00e9fini dans la norme EN 988\u00a0: il s\u2019agit d\u2019un alliage \u00e0 base de zinc \u00e9lectrolytique d\u2019une puret\u00e9 minimale de 99,995\u00a0% (Z1 conform\u00e9ment \u00e0 la norme EN 1179), auquel de faibles quantit\u00e9s d\u2019\u00e9l\u00e9ments d\u2019alliage (cuivre, titane et aluminium) ont \u00e9t\u00e9 ajout\u00e9es. Les crit\u00e8res de qualit\u00e9 suivants sont d\u00e9finis dans la certification [&hellip;]<\/p>\n","protected":false},"author":9,"featured_media":0,"parent":0,"menu_order":410,"comment_status":"closed","ping_status":"closed","template":"template-import.php","meta":{"_acf_changed":false,"footnotes":""},"class_list":["post-24859","page","type-page","status-publish","hentry"],"acf":[],"yoast_head":"<!-- This site is optimized with the Yoast SEO plugin v26.8 - https:\/\/yoast.com\/product\/yoast-seo-wordpress\/ -->\n<title>Caract\u00e9ristiques du zinc-titane \u2013 NedZink<\/title>\n<meta name=\"description\" content=\"De producteigenschappen van NedZink Titaanzink wordt omschreven in EN 988, KOMO-productcertificaat en het productcertificaat van Lloyd\u2019s Register\" \/>\n<meta name=\"robots\" content=\"index, follow, max-snippet:-1, max-image-preview:large, max-video-preview:-1\" \/>\n<link rel=\"canonical\" href=\"https:\/\/www.nedzink.com\/fr-be\/caracteristiques-du-zinc-titane\/\" \/>\n<meta property=\"og:locale\" content=\"fr_FR\" \/>\n<meta property=\"og:type\" content=\"article\" \/>\n<meta property=\"og:title\" content=\"Caract\u00e9ristiques du zinc-titane \u2013 NedZink\" \/>\n<meta property=\"og:description\" content=\"De producteigenschappen van NedZink Titaanzink wordt omschreven in EN 988, KOMO-productcertificaat en het productcertificaat van Lloyd\u2019s Register\" \/>\n<meta property=\"og:url\" content=\"https:\/\/www.nedzink.com\/fr-be\/caracteristiques-du-zinc-titane\/\" \/>\n<meta property=\"og:site_name\" content=\"NedZink\" \/>\n<meta property=\"article:modified_time\" content=\"2022-02-22T09:31:27+00:00\" \/>\n<meta name=\"twitter:card\" content=\"summary_large_image\" \/>\n<meta name=\"twitter:label1\" content=\"Dur\u00e9e de lecture est.\" \/>\n\t<meta name=\"twitter:data1\" content=\"1 minute\" \/>\n<script type=\"application\/ld+json\" class=\"yoast-schema-graph\">{\"@context\":\"https:\/\/schema.org\",\"@graph\":[{\"@type\":\"WebPage\",\"@id\":\"https:\/\/www.nedzink.com\/fr-be\/caracteristiques-du-zinc-titane\/\",\"url\":\"https:\/\/www.nedzink.com\/fr-be\/caracteristiques-du-zinc-titane\/\",\"name\":\"Caract\u00e9ristiques du zinc-titane \u2013 NedZink\",\"isPartOf\":{\"@id\":\"https:\/\/www.nedzink.com\/fr-be\/#website\"},\"datePublished\":\"2019-05-06T14:26:03+00:00\",\"dateModified\":\"2022-02-22T09:31:27+00:00\",\"description\":\"De producteigenschappen van NedZink Titaanzink wordt omschreven in EN 988, KOMO-productcertificaat en het productcertificaat van Lloyd\u2019s Register\",\"breadcrumb\":{\"@id\":\"https:\/\/www.nedzink.com\/fr-be\/caracteristiques-du-zinc-titane\/#breadcrumb\"},\"inLanguage\":\"fr-BE\",\"potentialAction\":[{\"@type\":\"ReadAction\",\"target\":[\"https:\/\/www.nedzink.com\/fr-be\/caracteristiques-du-zinc-titane\/\"]}]},{\"@type\":\"BreadcrumbList\",\"@id\":\"https:\/\/www.nedzink.com\/fr-be\/caracteristiques-du-zinc-titane\/#breadcrumb\",\"itemListElement\":[{\"@type\":\"ListItem\",\"position\":1,\"name\":\"Home\",\"item\":\"https:\/\/www.nedzink.com\/fr-be\/\"},{\"@type\":\"ListItem\",\"position\":2,\"name\":\"Caract\u00e9ristiques du zinc-titane\"}]},{\"@type\":\"WebSite\",\"@id\":\"https:\/\/www.nedzink.com\/fr-be\/#website\",\"url\":\"https:\/\/www.nedzink.com\/fr-be\/\",\"name\":\"NedZink\",\"description\":\"Zink fabrikant\",\"publisher\":{\"@id\":\"https:\/\/www.nedzink.com\/fr-be\/#organization\"},\"potentialAction\":[{\"@type\":\"SearchAction\",\"target\":{\"@type\":\"EntryPoint\",\"urlTemplate\":\"https:\/\/www.nedzink.com\/fr-be\/?s={search_term_string}\"},\"query-input\":{\"@type\":\"PropertyValueSpecification\",\"valueRequired\":true,\"valueName\":\"search_term_string\"}}],\"inLanguage\":\"fr-BE\"},{\"@type\":\"Organization\",\"@id\":\"https:\/\/www.nedzink.com\/fr-be\/#organization\",\"name\":\"NedZink\",\"url\":\"https:\/\/www.nedzink.com\/fr-be\/\",\"logo\":{\"@type\":\"ImageObject\",\"inLanguage\":\"fr-BE\",\"@id\":\"https:\/\/www.nedzink.com\/fr-be\/#\/schema\/logo\/image\/\",\"url\":\"https:\/\/www.nedzink.com\/wp-content\/uploads\/2019\/08\/logo-nedzink_fc_zk.jpg\",\"contentUrl\":\"https:\/\/www.nedzink.com\/wp-content\/uploads\/2019\/08\/logo-nedzink_fc_zk.jpg\",\"width\":2160,\"height\":688,\"caption\":\"NedZink\"},\"image\":{\"@id\":\"https:\/\/www.nedzink.com\/fr-be\/#\/schema\/logo\/image\/\"}}]}<\/script>\n<!-- \/ Yoast SEO plugin. -->","yoast_head_json":{"title":"Caract\u00e9ristiques du zinc-titane \u2013 NedZink","description":"De producteigenschappen van NedZink Titaanzink wordt omschreven in EN 988, KOMO-productcertificaat en het productcertificaat van Lloyd\u2019s Register","robots":{"index":"index","follow":"follow","max-snippet":"max-snippet:-1","max-image-preview":"max-image-preview:large","max-video-preview":"max-video-preview:-1"},"canonical":"https:\/\/www.nedzink.com\/fr-be\/caracteristiques-du-zinc-titane\/","og_locale":"fr_FR","og_type":"article","og_title":"Caract\u00e9ristiques du zinc-titane \u2013 NedZink","og_description":"De producteigenschappen van NedZink Titaanzink wordt omschreven in EN 988, KOMO-productcertificaat en het productcertificaat van Lloyd\u2019s Register","og_url":"https:\/\/www.nedzink.com\/fr-be\/caracteristiques-du-zinc-titane\/","og_site_name":"NedZink","article_modified_time":"2022-02-22T09:31:27+00:00","twitter_card":"summary_large_image","twitter_misc":{"Dur\u00e9e de lecture est.":"1 minute"},"schema":{"@context":"https:\/\/schema.org","@graph":[{"@type":"WebPage","@id":"https:\/\/www.nedzink.com\/fr-be\/caracteristiques-du-zinc-titane\/","url":"https:\/\/www.nedzink.com\/fr-be\/caracteristiques-du-zinc-titane\/","name":"Caract\u00e9ristiques du zinc-titane \u2013 NedZink","isPartOf":{"@id":"https:\/\/www.nedzink.com\/fr-be\/#website"},"datePublished":"2019-05-06T14:26:03+00:00","dateModified":"2022-02-22T09:31:27+00:00","description":"De producteigenschappen van NedZink Titaanzink wordt omschreven in EN 988, KOMO-productcertificaat en het productcertificaat van Lloyd\u2019s Register","breadcrumb":{"@id":"https:\/\/www.nedzink.com\/fr-be\/caracteristiques-du-zinc-titane\/#breadcrumb"},"inLanguage":"fr-BE","potentialAction":[{"@type":"ReadAction","target":["https:\/\/www.nedzink.com\/fr-be\/caracteristiques-du-zinc-titane\/"]}]},{"@type":"BreadcrumbList","@id":"https:\/\/www.nedzink.com\/fr-be\/caracteristiques-du-zinc-titane\/#breadcrumb","itemListElement":[{"@type":"ListItem","position":1,"name":"Home","item":"https:\/\/www.nedzink.com\/fr-be\/"},{"@type":"ListItem","position":2,"name":"Caract\u00e9ristiques du zinc-titane"}]},{"@type":"WebSite","@id":"https:\/\/www.nedzink.com\/fr-be\/#website","url":"https:\/\/www.nedzink.com\/fr-be\/","name":"NedZink","description":"Zink fabrikant","publisher":{"@id":"https:\/\/www.nedzink.com\/fr-be\/#organization"},"potentialAction":[{"@type":"SearchAction","target":{"@type":"EntryPoint","urlTemplate":"https:\/\/www.nedzink.com\/fr-be\/?s={search_term_string}"},"query-input":{"@type":"PropertyValueSpecification","valueRequired":true,"valueName":"search_term_string"}}],"inLanguage":"fr-BE"},{"@type":"Organization","@id":"https:\/\/www.nedzink.com\/fr-be\/#organization","name":"NedZink","url":"https:\/\/www.nedzink.com\/fr-be\/","logo":{"@type":"ImageObject","inLanguage":"fr-BE","@id":"https:\/\/www.nedzink.com\/fr-be\/#\/schema\/logo\/image\/","url":"https:\/\/www.nedzink.com\/wp-content\/uploads\/2019\/08\/logo-nedzink_fc_zk.jpg","contentUrl":"https:\/\/www.nedzink.com\/wp-content\/uploads\/2019\/08\/logo-nedzink_fc_zk.jpg","width":2160,"height":688,"caption":"NedZink"},"image":{"@id":"https:\/\/www.nedzink.com\/fr-be\/#\/schema\/logo\/image\/"}}]}},"_links":{"self":[{"href":"https:\/\/www.nedzink.com\/fr-be\/wp-json\/wp\/v2\/pages\/24859","targetHints":{"allow":["GET"]}}],"collection":[{"href":"https:\/\/www.nedzink.com\/fr-be\/wp-json\/wp\/v2\/pages"}],"about":[{"href":"https:\/\/www.nedzink.com\/fr-be\/wp-json\/wp\/v2\/types\/page"}],"author":[{"embeddable":true,"href":"https:\/\/www.nedzink.com\/fr-be\/wp-json\/wp\/v2\/users\/9"}],"replies":[{"embeddable":true,"href":"https:\/\/www.nedzink.com\/fr-be\/wp-json\/wp\/v2\/comments?post=24859"}],"version-history":[{"count":0,"href":"https:\/\/www.nedzink.com\/fr-be\/wp-json\/wp\/v2\/pages\/24859\/revisions"}],"wp:attachment":[{"href":"https:\/\/www.nedzink.com\/fr-be\/wp-json\/wp\/v2\/media?parent=24859"}],"curies":[{"name":"wp","href":"https:\/\/api.w.org\/{rel}","templated":true}]}}