{"id":128166,"date":"2023-09-08T10:54:14","date_gmt":"2023-09-08T08:54:14","guid":{"rendered":"https:\/\/www.nedzink.com\/?page_id=128166"},"modified":"2023-09-08T11:12:11","modified_gmt":"2023-09-08T09:12:11","slug":"account_manager_wallonie","status":"publish","type":"page","link":"https:\/\/www.nedzink.com\/fr-be\/sur-nedzink\/account_manager_wallonie\/","title":{"rendered":"Account Manager (Wallonie)"},"content":{"rendered":"[vc_row][vc_column][vc_column_text css=\u00a0\u00bb.vc_custom_1694164321372{margin-bottom: 0px !important;}\u00a0\u00bb]NedZink se positionne en tant que figure embl\u00e9matique du Zinc sur le march\u00e9 Belge avec plus de 125ans de pr\u00e9sence et d\u2019expertise \u00e0 son actif ! Le fabriquant, originellement N\u00e9erlandais, de zinc-titane lamin\u00e9 se sp\u00e9cialise dans le secteur de la construction en produisant des produits de qualit\u00e9 utilis\u00e9s dans l\u2019accompagnement de projets architecturaux ambitieux \u00e0 travers le monde.<\/p>\n<p>Connu pour leur aspect relationnel riche, NedZink (anciennement Mopac) est un des leaders de son secteur. En tant que partenaire commercial, NedZink garantit une livraison, des connaissances, une qualit\u00e9 et un service fiable.<\/p>\n<p>Le site Belge, qui se situe \u00e0 Louvain-la-Neuve, est le centre de distribution de NedZink ou leurs clients b\u00e9n\u00e9ficient d\u2019un service structur\u00e9 et qualitatif. Son personnel, connu pour sa bienveillance et sa r\u00e9activit\u00e9, promet une organisation et un dynamisme \u00e0 toute \u00e9preuve.<\/p>\n<p>Afin de fortifier leur pr\u00e9sence sur le march\u00e9 Wallon, NedZink est \u00e0 la recherche, via leur partenaire de recrutement Key4Nova, d\u2019un\u00b7e :<br \/>\n<strong>Account Manager (Wallonie)<\/strong><\/p>\n<p><strong>VOS RESPONSABILIT\u00c9S<\/strong>:<br \/>\n\u23af Vous repr\u00e9sentez NedZink en tant que responsable commercial de la r\u00e9gion Wallone.<br \/>\n\u23af Vous construisez de bonnes relations avec les n\u00e9gociants en construction, les dealers, revendeurs et les architectes de votre r\u00e9gion;<br \/>\n\u23af En collaboration \u00e9troite avec les techniciens, vous \u00e9tablissez des relations durables avec vos partenaires en leur fournissant r\u00e9guli\u00e8rement les nouvelles solutions NedZink, leur mise en oeuvre, ainsi que les prix et les d\u00e9lais de livraison ;<br \/>\n\u23af Vous devenez le promoteur des diverses solutions de construction de l&rsquo;entreprise !<br \/>\n\u23af Vous \u00eates capable de g\u00e9rer des ventes indirectes et vous assurez un r\u00f4le de conseiller\u00b7\u00e8re cl\u00e9 ;<br \/>\n\u23af Vous avez des \u00e9changes r\u00e9guliers avec vos coll\u00e8gues via des r\u00e9unions, des appels et l&rsquo;utilisation de l&rsquo;outil CRM ;<br \/>\n\u23af Vous rapportez directement au Directeur G\u00e9n\u00e9ral.<\/p>\n<p><strong>VOTRE PROFIL<\/strong>:<br \/>\n\u23af Vous avez au minimum 2 ans d\u2019exp\u00e9rience commerciale dans le secteur de la construction ou d\u2019industries ayant le m\u00eame dynamisme de vente ;<br \/>\n\u23af Vous avez de l\u2019exp\u00e9rience dans la vente indirecte ;<br \/>\n\u23af Vous \u00eates familier avec le fonctionnement du march\u00e9 et des interactions avec les dealers, architectes, poseurs et revendeurs ;<br \/>\n\u23af Le secteur du b\u00e2timent est un domaine pour lequel vous port\u00e9 un int\u00e9r\u00eat consid\u00e9rable, vous suivez avec int\u00e9r\u00eat les \u00e9volutions techniques et esth\u00e9tiques dans ce domaine ;<br \/>\n\u23af Vous \u00eates un\u00b7e commercial\u00b7e dans l\u2019\u00e2me, pr\u00eat\u00b7e \u00e0 prendre la route afin de rencontrer vos clients ;<br \/>\n\u23af Vous savez organiser votre travail, vos activit\u00e9s ainsi que vos formations ;<br \/>\n\u23af Vous poss\u00e9dez d&rsquo;excellentes comp\u00e9tences en communication et pouvez collaborer efficacement en duo ;<br \/>\n\u23af Vous ma\u00eetrisez les applications MS Office (Excel, Word, PPT, &#8230;).<br \/>\n\u23af Vous parlez couramment le Fran\u00e7ais.<\/p>\n<p><strong>INTERESS\u00c9.E<\/strong> ?<br \/>\nVous travaillerez dans une organisation de renomm\u00e9e internationale dans une ambiance familiale. Dans ce travail stimulant, vous aurez l&rsquo;espace n\u00e9cessaire pour prendre des initiatives et d\u00e9velopper davantage la fonction. Votre avis et votre expertise seront importants!<\/p>\n<p>NedZink attache une grande importance \u00e0 la durabilit\u00e9 de ses produits ainsi qu\u2019\u00e0 ses employ\u00e9s. Si vous pensez que cet emploi est fait pour vous et que vous \u00eates pr\u00eat\u00b7e \u00e0 relever le challenge, n\u2019h\u00e9sitez pas \u00e0 prendre contact avec nous !<\/p>\n<p>Postulez d\u00e8s maintenant et nous reviendrons vers vous tr\u00e8s prochainement.<\/p>\n<p>Si vous d\u00e9sirez plus d\u2019informations, n\u2019h\u00e9sitez pas \u00e0 entrer en contact avec nous via : <a href=\"mailto:info@key4nova.com\"><strong>info@key4nova.com<\/strong><\/a> ou <a href=\"mailto:shera.janati@key4nova.com\"><strong>shera.janati@key4nova.com<\/strong><\/a> !<\/p>\n[\/vc_column_text][\/vc_column][\/vc_row]\n","protected":false},"excerpt":{"rendered":"<p>[vc_row][vc_column][vc_column_text css=\u00a0\u00bb.vc_custom_1694164321372{margin-bottom: 0px !important;}\u00a0\u00bb]NedZink se positionne en tant que figure embl\u00e9matique du Zinc sur le march\u00e9 Belge avec plus de 125ans de pr\u00e9sence et d\u2019expertise \u00e0 son actif ! Le fabriquant, originellement N\u00e9erlandais, de zinc-titane lamin\u00e9 se sp\u00e9cialise dans le secteur de la construction en produisant des produits de qualit\u00e9 utilis\u00e9s dans l\u2019accompagnement de projets [&hellip;]<\/p>\n","protected":false},"author":5,"featured_media":0,"parent":12341,"menu_order":120,"comment_status":"closed","ping_status":"closed","template":"template-import.php","meta":{"_acf_changed":false,"footnotes":""},"class_list":["post-128166","page","type-page","status-publish","hentry"],"acf":[],"yoast_head":"<!-- This site is optimized with the Yoast SEO plugin v26.8 - https:\/\/yoast.com\/product\/yoast-seo-wordpress\/ -->\n<title>Travailler chez NedZink \u2013 NedZink<\/title>\n<meta name=\"description\" content=\"Vacatures bij NedZink. Kom werken bij NedZink. Wij bieden een goed salaris, pensioenregelingen, een eindejaarsuitkering en goede studiefaciliteiten\" \/>\n<meta name=\"robots\" content=\"index, follow, max-snippet:-1, max-image-preview:large, max-video-preview:-1\" \/>\n<link rel=\"canonical\" href=\"https:\/\/www.nedzink.com\/fr-be\/sur-nedzink\/account_manager_wallonie\/\" \/>\n<meta property=\"og:locale\" content=\"fr_FR\" \/>\n<meta property=\"og:type\" content=\"article\" \/>\n<meta property=\"og:title\" content=\"Travailler chez NedZink \u2013 NedZink\" \/>\n<meta property=\"og:description\" content=\"Vacatures bij NedZink. Kom werken bij NedZink. Wij bieden een goed salaris, pensioenregelingen, een eindejaarsuitkering en goede studiefaciliteiten\" \/>\n<meta property=\"og:url\" content=\"https:\/\/www.nedzink.com\/fr-be\/sur-nedzink\/account_manager_wallonie\/\" \/>\n<meta property=\"og:site_name\" content=\"NedZink\" \/>\n<meta property=\"article:modified_time\" content=\"2023-09-08T09:12:11+00:00\" \/>\n<meta name=\"twitter:card\" content=\"summary_large_image\" \/>\n<meta name=\"twitter:label1\" content=\"Dur\u00e9e de lecture est.\" \/>\n\t<meta name=\"twitter:data1\" content=\"3 minutes\" \/>\n<script type=\"application\/ld+json\" class=\"yoast-schema-graph\">{\"@context\":\"https:\/\/schema.org\",\"@graph\":[{\"@type\":\"WebPage\",\"@id\":\"https:\/\/www.nedzink.com\/fr-be\/sur-nedzink\/account_manager_wallonie\/\",\"url\":\"https:\/\/www.nedzink.com\/fr-be\/sur-nedzink\/account_manager_wallonie\/\",\"name\":\"Travailler chez NedZink \u2013 NedZink\",\"isPartOf\":{\"@id\":\"https:\/\/www.nedzink.com\/fr-be\/#website\"},\"datePublished\":\"2023-09-08T08:54:14+00:00\",\"dateModified\":\"2023-09-08T09:12:11+00:00\",\"description\":\"Vacatures bij NedZink. Kom werken bij NedZink. Wij bieden een goed salaris, pensioenregelingen, een eindejaarsuitkering en goede studiefaciliteiten\",\"breadcrumb\":{\"@id\":\"https:\/\/www.nedzink.com\/fr-be\/sur-nedzink\/account_manager_wallonie\/#breadcrumb\"},\"inLanguage\":\"fr-BE\",\"potentialAction\":[{\"@type\":\"ReadAction\",\"target\":[\"https:\/\/www.nedzink.com\/fr-be\/sur-nedzink\/account_manager_wallonie\/\"]}]},{\"@type\":\"BreadcrumbList\",\"@id\":\"https:\/\/www.nedzink.com\/fr-be\/sur-nedzink\/account_manager_wallonie\/#breadcrumb\",\"itemListElement\":[{\"@type\":\"ListItem\",\"position\":1,\"name\":\"Home\",\"item\":\"https:\/\/www.nedzink.com\/fr-be\/\"},{\"@type\":\"ListItem\",\"position\":2,\"name\":\"Sur NedZink\",\"item\":\"https:\/\/www.nedzink.com\/fr-be\/sur-nedzink\/\"},{\"@type\":\"ListItem\",\"position\":3,\"name\":\"Account Manager (Wallonie)\"}]},{\"@type\":\"WebSite\",\"@id\":\"https:\/\/www.nedzink.com\/fr-be\/#website\",\"url\":\"https:\/\/www.nedzink.com\/fr-be\/\",\"name\":\"NedZink\",\"description\":\"Zink fabrikant\",\"publisher\":{\"@id\":\"https:\/\/www.nedzink.com\/fr-be\/#organization\"},\"potentialAction\":[{\"@type\":\"SearchAction\",\"target\":{\"@type\":\"EntryPoint\",\"urlTemplate\":\"https:\/\/www.nedzink.com\/fr-be\/?s={search_term_string}\"},\"query-input\":{\"@type\":\"PropertyValueSpecification\",\"valueRequired\":true,\"valueName\":\"search_term_string\"}}],\"inLanguage\":\"fr-BE\"},{\"@type\":\"Organization\",\"@id\":\"https:\/\/www.nedzink.com\/fr-be\/#organization\",\"name\":\"NedZink\",\"url\":\"https:\/\/www.nedzink.com\/fr-be\/\",\"logo\":{\"@type\":\"ImageObject\",\"inLanguage\":\"fr-BE\",\"@id\":\"https:\/\/www.nedzink.com\/fr-be\/#\/schema\/logo\/image\/\",\"url\":\"https:\/\/www.nedzink.com\/wp-content\/uploads\/2019\/08\/logo-nedzink_fc_zk.jpg\",\"contentUrl\":\"https:\/\/www.nedzink.com\/wp-content\/uploads\/2019\/08\/logo-nedzink_fc_zk.jpg\",\"width\":2160,\"height\":688,\"caption\":\"NedZink\"},\"image\":{\"@id\":\"https:\/\/www.nedzink.com\/fr-be\/#\/schema\/logo\/image\/\"}}]}<\/script>\n<!-- \/ Yoast SEO plugin. -->","yoast_head_json":{"title":"Travailler chez NedZink \u2013 NedZink","description":"Vacatures bij NedZink. Kom werken bij NedZink. Wij bieden een goed salaris, pensioenregelingen, een eindejaarsuitkering en goede studiefaciliteiten","robots":{"index":"index","follow":"follow","max-snippet":"max-snippet:-1","max-image-preview":"max-image-preview:large","max-video-preview":"max-video-preview:-1"},"canonical":"https:\/\/www.nedzink.com\/fr-be\/sur-nedzink\/account_manager_wallonie\/","og_locale":"fr_FR","og_type":"article","og_title":"Travailler chez NedZink \u2013 NedZink","og_description":"Vacatures bij NedZink. Kom werken bij NedZink. Wij bieden een goed salaris, pensioenregelingen, een eindejaarsuitkering en goede studiefaciliteiten","og_url":"https:\/\/www.nedzink.com\/fr-be\/sur-nedzink\/account_manager_wallonie\/","og_site_name":"NedZink","article_modified_time":"2023-09-08T09:12:11+00:00","twitter_card":"summary_large_image","twitter_misc":{"Dur\u00e9e de lecture est.":"3 minutes"},"schema":{"@context":"https:\/\/schema.org","@graph":[{"@type":"WebPage","@id":"https:\/\/www.nedzink.com\/fr-be\/sur-nedzink\/account_manager_wallonie\/","url":"https:\/\/www.nedzink.com\/fr-be\/sur-nedzink\/account_manager_wallonie\/","name":"Travailler chez NedZink \u2013 NedZink","isPartOf":{"@id":"https:\/\/www.nedzink.com\/fr-be\/#website"},"datePublished":"2023-09-08T08:54:14+00:00","dateModified":"2023-09-08T09:12:11+00:00","description":"Vacatures bij NedZink. Kom werken bij NedZink. Wij bieden een goed salaris, pensioenregelingen, een eindejaarsuitkering en goede studiefaciliteiten","breadcrumb":{"@id":"https:\/\/www.nedzink.com\/fr-be\/sur-nedzink\/account_manager_wallonie\/#breadcrumb"},"inLanguage":"fr-BE","potentialAction":[{"@type":"ReadAction","target":["https:\/\/www.nedzink.com\/fr-be\/sur-nedzink\/account_manager_wallonie\/"]}]},{"@type":"BreadcrumbList","@id":"https:\/\/www.nedzink.com\/fr-be\/sur-nedzink\/account_manager_wallonie\/#breadcrumb","itemListElement":[{"@type":"ListItem","position":1,"name":"Home","item":"https:\/\/www.nedzink.com\/fr-be\/"},{"@type":"ListItem","position":2,"name":"Sur NedZink","item":"https:\/\/www.nedzink.com\/fr-be\/sur-nedzink\/"},{"@type":"ListItem","position":3,"name":"Account Manager (Wallonie)"}]},{"@type":"WebSite","@id":"https:\/\/www.nedzink.com\/fr-be\/#website","url":"https:\/\/www.nedzink.com\/fr-be\/","name":"NedZink","description":"Zink fabrikant","publisher":{"@id":"https:\/\/www.nedzink.com\/fr-be\/#organization"},"potentialAction":[{"@type":"SearchAction","target":{"@type":"EntryPoint","urlTemplate":"https:\/\/www.nedzink.com\/fr-be\/?s={search_term_string}"},"query-input":{"@type":"PropertyValueSpecification","valueRequired":true,"valueName":"search_term_string"}}],"inLanguage":"fr-BE"},{"@type":"Organization","@id":"https:\/\/www.nedzink.com\/fr-be\/#organization","name":"NedZink","url":"https:\/\/www.nedzink.com\/fr-be\/","logo":{"@type":"ImageObject","inLanguage":"fr-BE","@id":"https:\/\/www.nedzink.com\/fr-be\/#\/schema\/logo\/image\/","url":"https:\/\/www.nedzink.com\/wp-content\/uploads\/2019\/08\/logo-nedzink_fc_zk.jpg","contentUrl":"https:\/\/www.nedzink.com\/wp-content\/uploads\/2019\/08\/logo-nedzink_fc_zk.jpg","width":2160,"height":688,"caption":"NedZink"},"image":{"@id":"https:\/\/www.nedzink.com\/fr-be\/#\/schema\/logo\/image\/"}}]}},"_links":{"self":[{"href":"https:\/\/www.nedzink.com\/fr-be\/wp-json\/wp\/v2\/pages\/128166","targetHints":{"allow":["GET"]}}],"collection":[{"href":"https:\/\/www.nedzink.com\/fr-be\/wp-json\/wp\/v2\/pages"}],"about":[{"href":"https:\/\/www.nedzink.com\/fr-be\/wp-json\/wp\/v2\/types\/page"}],"author":[{"embeddable":true,"href":"https:\/\/www.nedzink.com\/fr-be\/wp-json\/wp\/v2\/users\/5"}],"replies":[{"embeddable":true,"href":"https:\/\/www.nedzink.com\/fr-be\/wp-json\/wp\/v2\/comments?post=128166"}],"version-history":[{"count":3,"href":"https:\/\/www.nedzink.com\/fr-be\/wp-json\/wp\/v2\/pages\/128166\/revisions"}],"predecessor-version":[{"id":128170,"href":"https:\/\/www.nedzink.com\/fr-be\/wp-json\/wp\/v2\/pages\/128166\/revisions\/128170"}],"up":[{"embeddable":true,"href":"https:\/\/www.nedzink.com\/fr-be\/wp-json\/wp\/v2\/pages\/12341"}],"wp:attachment":[{"href":"https:\/\/www.nedzink.com\/fr-be\/wp-json\/wp\/v2\/media?parent=128166"}],"curies":[{"name":"wp","href":"https:\/\/api.w.org\/{rel}","templated":true}]}}