{"id":124709,"date":"2023-03-03T15:35:04","date_gmt":"2023-03-03T14:35:04","guid":{"rendered":"https:\/\/www.nedzink.com\/?page_id=124709"},"modified":"2023-08-10T15:24:18","modified_gmt":"2023-08-10T13:24:18","slug":"nedzink-training-center","status":"publish","type":"page","link":"https:\/\/www.nedzink.com\/fr-be\/nedzink-training-center\/","title":{"rendered":"NedZink Training Center"},"content":{"rendered":"[vc_row][vc_column][mk_padding_divider][\/vc_column][\/vc_row][vc_row el_class=\u00a0\u00bbhome-waarom-nedzink rij-wit-schaduw\u00a0\u00bb][vc_column][mk_padding_divider size=\u00a0\u00bb20&Prime;][vc_column_text css=\u00a0\u00bb.vc_custom_1677507964671{margin-bottom: 0px !important;}\u00a0\u00bb]\n<h1>NedZink Training Center<\/h1>\n[\/vc_column_text][mk_padding_divider size=\u00a0\u00bb20&Prime;][vc_row_inner][vc_column_inner width=\u00a0\u00bb2\/3&Prime;][vc_column_text css=\u00a0\u00bb.vc_custom_1691673829477{margin-bottom: 0px !important;}\u00a0\u00bb]Chez NedZink, nous fabriquons des produits en zinc de haute qualit\u00e9 depuis plus de 125 ans. Le zinc est en effet un mat\u00e9riau naturel et durable offrant de belles propri\u00e9t\u00e9s esth\u00e9tiques. Cela rend ce mat\u00e9riau polyvalent et facile \u00e0 mettre en oeuvre notamment pour le rev\u00eatement de toiture ou de fa\u00e7ade. Pos\u00e9 correctement, il n\u2019est pas rare que le zinc-titane atteigne une dur\u00e9e de vie de 75 \u00e0 100 ans en fa\u00e7ade ou en toiture.<\/p>\n<p>La pose correcte du zinc requiert toutefois les connaissances et la qualit\u00e9 ad\u00e9quates. Pour vous perfectionner ou accro\u00eetre vos connaissances du zinc, nous vous proposons un certain nombre de formations dans notre \u00ab NedZink Training Centre \u00bb. Toute personne d\u00e9sireuse d\u2019apprendre \u00e0 travailler avec NedZink ou de se perfectionner davantage est la bienvenue.<\/p>\n<p>Les formations sont dispens\u00e9es par des instructeurs zinc certifi\u00e9s NedZink, qui sont \u00e9galement des conseillers techniques NedZink.[\/vc_column_text][mk_padding_divider][vc_column_text css=\u00a0\u00bb.vc_custom_1677853892996{margin-bottom: 0px !important;}\u00a0\u00bb]\n<h2>Nos formations ;<\/h2>\n[\/vc_column_text][mk_padding_divider size=\u00a0\u00bb20&Prime;][vc_column_text css=\u00a0\u00bb.vc_custom_1678714905510{margin-bottom: 0px !important;}\u00a0\u00bb]<strong>Niveau I \u2013 Formation de base en soudage<br \/>\n<\/strong>Contenu : Apprendre les bases du soudage lors d\u2019un atelier.<\/p>\n<p><strong>Niveau II &#8211; Formation soudage 2.0<br \/>\n<\/strong>Contenu : Suite de la formation de base en soudage. Une connaissance de base du soudage est requise. Cette formation comprend l\u2019apprentissage de la pose de goutti\u00e8res pendantes\/rampantes. Le processus (de la mesure \u00e0 la pose, y compris le soudage) y sera abord\u00e9 dans son int\u00e9gralit\u00e9. Chaque \u00e9l\u00e9ment abord\u00e9<br \/>\nfera \u00e9galement l\u2019objet d\u2019une mise en pratique.<\/p>\n<p><strong>Niveau III-a &#8211; Formation toiture \u00e0 joint debout<br \/>\n<\/strong>Contenu : Apprentissage de la technique du joint debout en toiture.<\/p>\n<p><strong>Niveau III-b &#8211; Formation fa\u00e7ade \u00e0 joint debout<br \/>\n<\/strong>Contenu : Apprentissage de la technique du joint debout en fa\u00e7ade.<\/p>\n<p><strong>Niveau IV \u2013 Supervision du projet<\/strong><\/p>\n<p>T\u00e9l\u00e9chargez la brochure compl\u00e8te <a href=\"https:\/\/www.nedzink.com\/wp-content\/uploads\/2023\/03\/40275-nz-opleidingsbrochure_fr_web_mrt23.pdf\" target=\"_blank\" rel=\"noopener\"><span style=\"text-decoration: underline;\">ici<\/span><\/a>.[\/vc_column_text][mk_padding_divider][vc_column_text css=\u00a0\u00bb.vc_custom_1677854074942{margin-bottom: 0px !important;}\u00a0\u00bb]<strong>Inscription :<\/strong><br \/>\nVous pouvez vous inscrire \u00e0 un ou plusieurs cours de formation aupr\u00e8s de votre distributeur. \u00c0 l&rsquo;issue de la formation, vous recevrez le certificat de formation NedZink de notre instructeur.<\/p>\n<p>Nous esp\u00e9rons vous accueillir prochainement \u00e0 l&rsquo;un de nos cours de formation NedZink.[\/vc_column_text][\/vc_column_inner][vc_column_inner width=\u00a0\u00bb1\/3&Prime;][vc_single_image image=\u00a0\u00bb124696&Prime; img_size=\u00a0\u00bb300&#215;450&Prime; alignment=\u00a0\u00bbcenter\u00a0\u00bb][mk_padding_divider][\/vc_column_inner][\/vc_row_inner][\/vc_column][\/vc_row]\n","protected":false},"excerpt":{"rendered":"<p>[vc_row][vc_column][mk_padding_divider][\/vc_column][\/vc_row][vc_row el_class=\u00a0\u00bbhome-waarom-nedzink rij-wit-schaduw\u00a0\u00bb][vc_column][mk_padding_divider size=\u00a0\u00bb20&Prime;][vc_column_text css=\u00a0\u00bb.vc_custom_1677507964671{margin-bottom: 0px !important;}\u00a0\u00bb] NedZink Training Center [\/vc_column_text][mk_padding_divider size=\u00a0\u00bb20&Prime;][vc_row_inner][vc_column_inner width=\u00a0\u00bb2\/3&Prime;][vc_column_text css=\u00a0\u00bb.vc_custom_1691673829477{margin-bottom: 0px !important;}\u00a0\u00bb]Chez NedZink, nous fabriquons des produits en zinc de haute qualit\u00e9 depuis plus de 125 ans. Le zinc est en effet un mat\u00e9riau naturel et durable offrant de belles propri\u00e9t\u00e9s esth\u00e9tiques. Cela rend ce mat\u00e9riau polyvalent et facile \u00e0 mettre [&hellip;]<\/p>\n","protected":false},"author":4,"featured_media":0,"parent":0,"menu_order":0,"comment_status":"closed","ping_status":"closed","template":"","meta":{"_acf_changed":false,"footnotes":""},"class_list":["post-124709","page","type-page","status-publish","hentry"],"acf":[],"yoast_head":"<!-- This site is optimized with the Yoast SEO plugin v26.8 - https:\/\/yoast.com\/product\/yoast-seo-wordpress\/ -->\n<title>NedZink Training Center &#8211; NedZink<\/title>\n<meta name=\"description\" content=\"La pose correcte du zinc requiert toutefois les connaissances et la qualit\u00e9 ad\u00e9quates.Pour vous perfectionner ou accro\u00eetre vos connaissances du zinc, nous vous proposonsun certain nombre de formations dans notre \u00ab NedZink Training Centre \u00bb. Toute personned\u00e9sireuse d\u2019apprendre \u00e0 travailler avec NedZink ou de se perfectionner davantage est labienvenue.\" \/>\n<meta name=\"robots\" content=\"index, follow, max-snippet:-1, max-image-preview:large, max-video-preview:-1\" \/>\n<link rel=\"canonical\" href=\"https:\/\/www.nedzink.com\/fr-be\/nedzink-training-center\/\" \/>\n<meta property=\"og:locale\" content=\"fr_FR\" \/>\n<meta property=\"og:type\" content=\"article\" \/>\n<meta property=\"og:title\" content=\"NedZink Training Center &#8211; NedZink\" \/>\n<meta property=\"og:description\" content=\"La pose correcte du zinc requiert toutefois les connaissances et la qualit\u00e9 ad\u00e9quates.Pour vous perfectionner ou accro\u00eetre vos connaissances du zinc, nous vous proposonsun certain nombre de formations dans notre \u00ab NedZink Training Centre \u00bb. Toute personned\u00e9sireuse d\u2019apprendre \u00e0 travailler avec NedZink ou de se perfectionner davantage est labienvenue.\" \/>\n<meta property=\"og:url\" content=\"https:\/\/www.nedzink.com\/fr-be\/nedzink-training-center\/\" \/>\n<meta property=\"og:site_name\" content=\"NedZink\" \/>\n<meta property=\"article:modified_time\" content=\"2023-08-10T13:24:18+00:00\" \/>\n<meta name=\"twitter:card\" content=\"summary_large_image\" \/>\n<meta name=\"twitter:label1\" content=\"Dur\u00e9e de lecture est.\" \/>\n\t<meta name=\"twitter:data1\" content=\"2 minutes\" \/>\n<script type=\"application\/ld+json\" class=\"yoast-schema-graph\">{\"@context\":\"https:\/\/schema.org\",\"@graph\":[{\"@type\":\"WebPage\",\"@id\":\"https:\/\/www.nedzink.com\/fr-be\/nedzink-training-center\/\",\"url\":\"https:\/\/www.nedzink.com\/fr-be\/nedzink-training-center\/\",\"name\":\"NedZink Training Center &#8211; NedZink\",\"isPartOf\":{\"@id\":\"https:\/\/www.nedzink.com\/fr-be\/#website\"},\"datePublished\":\"2023-03-03T14:35:04+00:00\",\"dateModified\":\"2023-08-10T13:24:18+00:00\",\"description\":\"La pose correcte du zinc requiert toutefois les connaissances et la qualit\u00e9 ad\u00e9quates.Pour vous perfectionner ou accro\u00eetre vos connaissances du zinc, nous vous proposonsun certain nombre de formations dans notre \u00ab NedZink Training Centre \u00bb. Toute personned\u00e9sireuse d\u2019apprendre \u00e0 travailler avec NedZink ou de se perfectionner davantage est labienvenue.\",\"breadcrumb\":{\"@id\":\"https:\/\/www.nedzink.com\/fr-be\/nedzink-training-center\/#breadcrumb\"},\"inLanguage\":\"fr-BE\",\"potentialAction\":[{\"@type\":\"ReadAction\",\"target\":[\"https:\/\/www.nedzink.com\/fr-be\/nedzink-training-center\/\"]}]},{\"@type\":\"BreadcrumbList\",\"@id\":\"https:\/\/www.nedzink.com\/fr-be\/nedzink-training-center\/#breadcrumb\",\"itemListElement\":[{\"@type\":\"ListItem\",\"position\":1,\"name\":\"Home\",\"item\":\"https:\/\/www.nedzink.com\/fr-be\/\"},{\"@type\":\"ListItem\",\"position\":2,\"name\":\"NedZink Training Center\"}]},{\"@type\":\"WebSite\",\"@id\":\"https:\/\/www.nedzink.com\/fr-be\/#website\",\"url\":\"https:\/\/www.nedzink.com\/fr-be\/\",\"name\":\"NedZink\",\"description\":\"Zink fabrikant\",\"publisher\":{\"@id\":\"https:\/\/www.nedzink.com\/fr-be\/#organization\"},\"potentialAction\":[{\"@type\":\"SearchAction\",\"target\":{\"@type\":\"EntryPoint\",\"urlTemplate\":\"https:\/\/www.nedzink.com\/fr-be\/?s={search_term_string}\"},\"query-input\":{\"@type\":\"PropertyValueSpecification\",\"valueRequired\":true,\"valueName\":\"search_term_string\"}}],\"inLanguage\":\"fr-BE\"},{\"@type\":\"Organization\",\"@id\":\"https:\/\/www.nedzink.com\/fr-be\/#organization\",\"name\":\"NedZink\",\"url\":\"https:\/\/www.nedzink.com\/fr-be\/\",\"logo\":{\"@type\":\"ImageObject\",\"inLanguage\":\"fr-BE\",\"@id\":\"https:\/\/www.nedzink.com\/fr-be\/#\/schema\/logo\/image\/\",\"url\":\"https:\/\/www.nedzink.com\/wp-content\/uploads\/2019\/08\/logo-nedzink_fc_zk.jpg\",\"contentUrl\":\"https:\/\/www.nedzink.com\/wp-content\/uploads\/2019\/08\/logo-nedzink_fc_zk.jpg\",\"width\":2160,\"height\":688,\"caption\":\"NedZink\"},\"image\":{\"@id\":\"https:\/\/www.nedzink.com\/fr-be\/#\/schema\/logo\/image\/\"}}]}<\/script>\n<!-- \/ Yoast SEO plugin. -->","yoast_head_json":{"title":"NedZink Training Center &#8211; NedZink","description":"La pose correcte du zinc requiert toutefois les connaissances et la qualit\u00e9 ad\u00e9quates.Pour vous perfectionner ou accro\u00eetre vos connaissances du zinc, nous vous proposonsun certain nombre de formations dans notre \u00ab NedZink Training Centre \u00bb. Toute personned\u00e9sireuse d\u2019apprendre \u00e0 travailler avec NedZink ou de se perfectionner davantage est labienvenue.","robots":{"index":"index","follow":"follow","max-snippet":"max-snippet:-1","max-image-preview":"max-image-preview:large","max-video-preview":"max-video-preview:-1"},"canonical":"https:\/\/www.nedzink.com\/fr-be\/nedzink-training-center\/","og_locale":"fr_FR","og_type":"article","og_title":"NedZink Training Center &#8211; NedZink","og_description":"La pose correcte du zinc requiert toutefois les connaissances et la qualit\u00e9 ad\u00e9quates.Pour vous perfectionner ou accro\u00eetre vos connaissances du zinc, nous vous proposonsun certain nombre de formations dans notre \u00ab NedZink Training Centre \u00bb. Toute personned\u00e9sireuse d\u2019apprendre \u00e0 travailler avec NedZink ou de se perfectionner davantage est labienvenue.","og_url":"https:\/\/www.nedzink.com\/fr-be\/nedzink-training-center\/","og_site_name":"NedZink","article_modified_time":"2023-08-10T13:24:18+00:00","twitter_card":"summary_large_image","twitter_misc":{"Dur\u00e9e de lecture est.":"2 minutes"},"schema":{"@context":"https:\/\/schema.org","@graph":[{"@type":"WebPage","@id":"https:\/\/www.nedzink.com\/fr-be\/nedzink-training-center\/","url":"https:\/\/www.nedzink.com\/fr-be\/nedzink-training-center\/","name":"NedZink Training Center &#8211; NedZink","isPartOf":{"@id":"https:\/\/www.nedzink.com\/fr-be\/#website"},"datePublished":"2023-03-03T14:35:04+00:00","dateModified":"2023-08-10T13:24:18+00:00","description":"La pose correcte du zinc requiert toutefois les connaissances et la qualit\u00e9 ad\u00e9quates.Pour vous perfectionner ou accro\u00eetre vos connaissances du zinc, nous vous proposonsun certain nombre de formations dans notre \u00ab NedZink Training Centre \u00bb. Toute personned\u00e9sireuse d\u2019apprendre \u00e0 travailler avec NedZink ou de se perfectionner davantage est labienvenue.","breadcrumb":{"@id":"https:\/\/www.nedzink.com\/fr-be\/nedzink-training-center\/#breadcrumb"},"inLanguage":"fr-BE","potentialAction":[{"@type":"ReadAction","target":["https:\/\/www.nedzink.com\/fr-be\/nedzink-training-center\/"]}]},{"@type":"BreadcrumbList","@id":"https:\/\/www.nedzink.com\/fr-be\/nedzink-training-center\/#breadcrumb","itemListElement":[{"@type":"ListItem","position":1,"name":"Home","item":"https:\/\/www.nedzink.com\/fr-be\/"},{"@type":"ListItem","position":2,"name":"NedZink Training Center"}]},{"@type":"WebSite","@id":"https:\/\/www.nedzink.com\/fr-be\/#website","url":"https:\/\/www.nedzink.com\/fr-be\/","name":"NedZink","description":"Zink fabrikant","publisher":{"@id":"https:\/\/www.nedzink.com\/fr-be\/#organization"},"potentialAction":[{"@type":"SearchAction","target":{"@type":"EntryPoint","urlTemplate":"https:\/\/www.nedzink.com\/fr-be\/?s={search_term_string}"},"query-input":{"@type":"PropertyValueSpecification","valueRequired":true,"valueName":"search_term_string"}}],"inLanguage":"fr-BE"},{"@type":"Organization","@id":"https:\/\/www.nedzink.com\/fr-be\/#organization","name":"NedZink","url":"https:\/\/www.nedzink.com\/fr-be\/","logo":{"@type":"ImageObject","inLanguage":"fr-BE","@id":"https:\/\/www.nedzink.com\/fr-be\/#\/schema\/logo\/image\/","url":"https:\/\/www.nedzink.com\/wp-content\/uploads\/2019\/08\/logo-nedzink_fc_zk.jpg","contentUrl":"https:\/\/www.nedzink.com\/wp-content\/uploads\/2019\/08\/logo-nedzink_fc_zk.jpg","width":2160,"height":688,"caption":"NedZink"},"image":{"@id":"https:\/\/www.nedzink.com\/fr-be\/#\/schema\/logo\/image\/"}}]}},"_links":{"self":[{"href":"https:\/\/www.nedzink.com\/fr-be\/wp-json\/wp\/v2\/pages\/124709","targetHints":{"allow":["GET"]}}],"collection":[{"href":"https:\/\/www.nedzink.com\/fr-be\/wp-json\/wp\/v2\/pages"}],"about":[{"href":"https:\/\/www.nedzink.com\/fr-be\/wp-json\/wp\/v2\/types\/page"}],"author":[{"embeddable":true,"href":"https:\/\/www.nedzink.com\/fr-be\/wp-json\/wp\/v2\/users\/4"}],"replies":[{"embeddable":true,"href":"https:\/\/www.nedzink.com\/fr-be\/wp-json\/wp\/v2\/comments?post=124709"}],"version-history":[{"count":5,"href":"https:\/\/www.nedzink.com\/fr-be\/wp-json\/wp\/v2\/pages\/124709\/revisions"}],"predecessor-version":[{"id":128039,"href":"https:\/\/www.nedzink.com\/fr-be\/wp-json\/wp\/v2\/pages\/124709\/revisions\/128039"}],"wp:attachment":[{"href":"https:\/\/www.nedzink.com\/fr-be\/wp-json\/wp\/v2\/media?parent=124709"}],"curies":[{"name":"wp","href":"https:\/\/api.w.org\/{rel}","templated":true}]}}