{"id":12361,"date":"2019-04-10T09:29:46","date_gmt":"2019-04-10T07:29:46","guid":{"rendered":"http:\/\/136.144.181.85\/~nedzink\/over-nedzink-2\/bulletin-nedzink-world\/"},"modified":"2019-09-02T15:36:38","modified_gmt":"2019-09-02T13:36:38","slug":"bulletin-nedzink-world","status":"publish","type":"page","link":"https:\/\/www.nedzink.com\/fr-be\/sur-nedzink\/bulletin-nedzink-world\/","title":{"rendered":"Bulletin NedZink World"},"content":{"rendered":"[vc_row][vc_column][vc_column_text css=\u00a0\u00bb.vc_custom_1566301460783{margin-bottom: 0px !important;}\u00a0\u00bb]Notre NedZink World montre des applications remarquables du zinc en tant que mat\u00e9riau de construction. Vous y trouvez de tr\u00e8s beaux exemples de projets en NedZink NATUREL mais aussi en NedZink NOVA et NedZink NOIR, les versions pr\u00e9patin\u00e9es.<\/p>\n<p>Vous allez ou avez r\u00e9alis\u00e9 un projet en zinc NedZink et vous aimeriez le voir figurer le NedZink World? C\u2019est maintenant possible!<\/p>\n<p>Envoyez vos photos et vos donn\u00e9es de projet \u00e0 la r\u00e9daction de NedZink et nous veillerons \u00e0 ce que d\u2019autres puissent prendre connaissance des nombreuses possibilit\u00e9s offertes par le zinc NedZink.<\/p>\n<p><a href=\"mailto:redactie@nedzink.com\"><span style=\"color: #0066cc;\">info@nedzink.com<\/span><\/a>[\/vc_column_text][\/vc_column][\/vc_row][vc_row][vc_column][mk_padding_divider size=\u00a0\u00bb20&Prime;][vc_column_text css=\u00a0\u00bb.vc_custom_1566300978446{margin-bottom: 0px !important;}\u00a0\u00bb]<div class=\"dflip-books\"><div class=\"_df_thumb \" id=\"df_48373\"  books=\"nedzink-world-en\" wpoptions=\"true\" thumb=\"https:\/\/www.nedzink.com\/wp-content\/uploads\/2019\/09\/nzworldokt15-150x213.jpg\" thumbtype=\"img\" >NedZink World International Refereces<\/div><script data-cfasync=\"false\">var option_df_48373 = {\"outline\":[],\"forceFit\":\"true\",\"autoEnableOutline\":\"false\",\"autoEnableThumbnail\":\"false\",\"overwritePDFOutline\":\"false\",\"direction\":\"1\",\"pageMode\":\"0\",\"source\":\"https:\\\/\\\/www.nedzink.com\\\/wp-content\\\/uploads\\\/2019\\\/06\\\/nedzink-world-2015-international-references-def.pdf\",\"wpOptions\":\"true\"}; if(window.DFLIP && DFLIP.parseBooks){DFLIP.parseBooks();}<\/script><\/div>[\/vc_column_text][\/vc_column][\/vc_row]\n","protected":false},"excerpt":{"rendered":"<p>[vc_row][vc_column][vc_column_text css=\u00a0\u00bb.vc_custom_1566301460783{margin-bottom: 0px !important;}\u00a0\u00bb]Notre NedZink World montre des applications remarquables du zinc en tant que mat\u00e9riau de construction. Vous y trouvez de tr\u00e8s beaux exemples de projets en NedZink NATUREL mais aussi en NedZink NOVA et NedZink NOIR, les versions pr\u00e9patin\u00e9es. Vous allez ou avez r\u00e9alis\u00e9 un projet en zinc NedZink et vous aimeriez le [&hellip;]<\/p>\n","protected":false},"author":9,"featured_media":0,"parent":12341,"menu_order":140,"comment_status":"closed","ping_status":"closed","template":"template-import.php","meta":{"_acf_changed":false,"footnotes":""},"class_list":["post-12361","page","type-page","status-publish","hentry"],"acf":[],"yoast_head":"<!-- This site is optimized with the Yoast SEO plugin v26.8 - https:\/\/yoast.com\/product\/yoast-seo-wordpress\/ -->\n<title>Bulletin NedZink World \u2013 NedZink<\/title>\n<meta name=\"description\" content=\"Meld u aan voor onze nieuwsbrief. De NedZink World toont opmerkelijke toepassingen en voorbeelden van zink als bouwmateriaal.\" \/>\n<meta name=\"robots\" content=\"index, follow, max-snippet:-1, max-image-preview:large, max-video-preview:-1\" \/>\n<link rel=\"canonical\" href=\"https:\/\/www.nedzink.com\/fr-be\/sur-nedzink\/bulletin-nedzink-world\/\" \/>\n<meta property=\"og:locale\" content=\"fr_FR\" \/>\n<meta property=\"og:type\" content=\"article\" \/>\n<meta property=\"og:title\" content=\"Bulletin NedZink World \u2013 NedZink\" \/>\n<meta property=\"og:description\" content=\"Meld u aan voor onze nieuwsbrief. De NedZink World toont opmerkelijke toepassingen en voorbeelden van zink als bouwmateriaal.\" \/>\n<meta property=\"og:url\" content=\"https:\/\/www.nedzink.com\/fr-be\/sur-nedzink\/bulletin-nedzink-world\/\" \/>\n<meta property=\"og:site_name\" content=\"NedZink\" \/>\n<meta property=\"article:modified_time\" content=\"2019-09-02T13:36:38+00:00\" \/>\n<meta name=\"twitter:card\" content=\"summary_large_image\" \/>\n<meta name=\"twitter:label1\" content=\"Dur\u00e9e de lecture est.\" \/>\n\t<meta name=\"twitter:data1\" content=\"1 minute\" \/>\n<script type=\"application\/ld+json\" class=\"yoast-schema-graph\">{\"@context\":\"https:\/\/schema.org\",\"@graph\":[{\"@type\":\"WebPage\",\"@id\":\"https:\/\/www.nedzink.com\/fr-be\/sur-nedzink\/bulletin-nedzink-world\/\",\"url\":\"https:\/\/www.nedzink.com\/fr-be\/sur-nedzink\/bulletin-nedzink-world\/\",\"name\":\"Bulletin NedZink World \u2013 NedZink\",\"isPartOf\":{\"@id\":\"https:\/\/www.nedzink.com\/fr-be\/#website\"},\"datePublished\":\"2019-04-10T07:29:46+00:00\",\"dateModified\":\"2019-09-02T13:36:38+00:00\",\"description\":\"Meld u aan voor onze nieuwsbrief. De NedZink World toont opmerkelijke toepassingen en voorbeelden van zink als bouwmateriaal.\",\"breadcrumb\":{\"@id\":\"https:\/\/www.nedzink.com\/fr-be\/sur-nedzink\/bulletin-nedzink-world\/#breadcrumb\"},\"inLanguage\":\"fr-BE\",\"potentialAction\":[{\"@type\":\"ReadAction\",\"target\":[\"https:\/\/www.nedzink.com\/fr-be\/sur-nedzink\/bulletin-nedzink-world\/\"]}]},{\"@type\":\"BreadcrumbList\",\"@id\":\"https:\/\/www.nedzink.com\/fr-be\/sur-nedzink\/bulletin-nedzink-world\/#breadcrumb\",\"itemListElement\":[{\"@type\":\"ListItem\",\"position\":1,\"name\":\"Home\",\"item\":\"https:\/\/www.nedzink.com\/fr-be\/\"},{\"@type\":\"ListItem\",\"position\":2,\"name\":\"Sur NedZink\",\"item\":\"https:\/\/www.nedzink.com\/fr-be\/sur-nedzink\/\"},{\"@type\":\"ListItem\",\"position\":3,\"name\":\"Bulletin NedZink World\"}]},{\"@type\":\"WebSite\",\"@id\":\"https:\/\/www.nedzink.com\/fr-be\/#website\",\"url\":\"https:\/\/www.nedzink.com\/fr-be\/\",\"name\":\"NedZink\",\"description\":\"Zink fabrikant\",\"publisher\":{\"@id\":\"https:\/\/www.nedzink.com\/fr-be\/#organization\"},\"potentialAction\":[{\"@type\":\"SearchAction\",\"target\":{\"@type\":\"EntryPoint\",\"urlTemplate\":\"https:\/\/www.nedzink.com\/fr-be\/?s={search_term_string}\"},\"query-input\":{\"@type\":\"PropertyValueSpecification\",\"valueRequired\":true,\"valueName\":\"search_term_string\"}}],\"inLanguage\":\"fr-BE\"},{\"@type\":\"Organization\",\"@id\":\"https:\/\/www.nedzink.com\/fr-be\/#organization\",\"name\":\"NedZink\",\"url\":\"https:\/\/www.nedzink.com\/fr-be\/\",\"logo\":{\"@type\":\"ImageObject\",\"inLanguage\":\"fr-BE\",\"@id\":\"https:\/\/www.nedzink.com\/fr-be\/#\/schema\/logo\/image\/\",\"url\":\"https:\/\/www.nedzink.com\/wp-content\/uploads\/2019\/08\/logo-nedzink_fc_zk.jpg\",\"contentUrl\":\"https:\/\/www.nedzink.com\/wp-content\/uploads\/2019\/08\/logo-nedzink_fc_zk.jpg\",\"width\":2160,\"height\":688,\"caption\":\"NedZink\"},\"image\":{\"@id\":\"https:\/\/www.nedzink.com\/fr-be\/#\/schema\/logo\/image\/\"}}]}<\/script>\n<!-- \/ Yoast SEO plugin. -->","yoast_head_json":{"title":"Bulletin NedZink World \u2013 NedZink","description":"Meld u aan voor onze nieuwsbrief. De NedZink World toont opmerkelijke toepassingen en voorbeelden van zink als bouwmateriaal.","robots":{"index":"index","follow":"follow","max-snippet":"max-snippet:-1","max-image-preview":"max-image-preview:large","max-video-preview":"max-video-preview:-1"},"canonical":"https:\/\/www.nedzink.com\/fr-be\/sur-nedzink\/bulletin-nedzink-world\/","og_locale":"fr_FR","og_type":"article","og_title":"Bulletin NedZink World \u2013 NedZink","og_description":"Meld u aan voor onze nieuwsbrief. De NedZink World toont opmerkelijke toepassingen en voorbeelden van zink als bouwmateriaal.","og_url":"https:\/\/www.nedzink.com\/fr-be\/sur-nedzink\/bulletin-nedzink-world\/","og_site_name":"NedZink","article_modified_time":"2019-09-02T13:36:38+00:00","twitter_card":"summary_large_image","twitter_misc":{"Dur\u00e9e de lecture est.":"1 minute"},"schema":{"@context":"https:\/\/schema.org","@graph":[{"@type":"WebPage","@id":"https:\/\/www.nedzink.com\/fr-be\/sur-nedzink\/bulletin-nedzink-world\/","url":"https:\/\/www.nedzink.com\/fr-be\/sur-nedzink\/bulletin-nedzink-world\/","name":"Bulletin NedZink World \u2013 NedZink","isPartOf":{"@id":"https:\/\/www.nedzink.com\/fr-be\/#website"},"datePublished":"2019-04-10T07:29:46+00:00","dateModified":"2019-09-02T13:36:38+00:00","description":"Meld u aan voor onze nieuwsbrief. De NedZink World toont opmerkelijke toepassingen en voorbeelden van zink als bouwmateriaal.","breadcrumb":{"@id":"https:\/\/www.nedzink.com\/fr-be\/sur-nedzink\/bulletin-nedzink-world\/#breadcrumb"},"inLanguage":"fr-BE","potentialAction":[{"@type":"ReadAction","target":["https:\/\/www.nedzink.com\/fr-be\/sur-nedzink\/bulletin-nedzink-world\/"]}]},{"@type":"BreadcrumbList","@id":"https:\/\/www.nedzink.com\/fr-be\/sur-nedzink\/bulletin-nedzink-world\/#breadcrumb","itemListElement":[{"@type":"ListItem","position":1,"name":"Home","item":"https:\/\/www.nedzink.com\/fr-be\/"},{"@type":"ListItem","position":2,"name":"Sur NedZink","item":"https:\/\/www.nedzink.com\/fr-be\/sur-nedzink\/"},{"@type":"ListItem","position":3,"name":"Bulletin NedZink World"}]},{"@type":"WebSite","@id":"https:\/\/www.nedzink.com\/fr-be\/#website","url":"https:\/\/www.nedzink.com\/fr-be\/","name":"NedZink","description":"Zink fabrikant","publisher":{"@id":"https:\/\/www.nedzink.com\/fr-be\/#organization"},"potentialAction":[{"@type":"SearchAction","target":{"@type":"EntryPoint","urlTemplate":"https:\/\/www.nedzink.com\/fr-be\/?s={search_term_string}"},"query-input":{"@type":"PropertyValueSpecification","valueRequired":true,"valueName":"search_term_string"}}],"inLanguage":"fr-BE"},{"@type":"Organization","@id":"https:\/\/www.nedzink.com\/fr-be\/#organization","name":"NedZink","url":"https:\/\/www.nedzink.com\/fr-be\/","logo":{"@type":"ImageObject","inLanguage":"fr-BE","@id":"https:\/\/www.nedzink.com\/fr-be\/#\/schema\/logo\/image\/","url":"https:\/\/www.nedzink.com\/wp-content\/uploads\/2019\/08\/logo-nedzink_fc_zk.jpg","contentUrl":"https:\/\/www.nedzink.com\/wp-content\/uploads\/2019\/08\/logo-nedzink_fc_zk.jpg","width":2160,"height":688,"caption":"NedZink"},"image":{"@id":"https:\/\/www.nedzink.com\/fr-be\/#\/schema\/logo\/image\/"}}]}},"_links":{"self":[{"href":"https:\/\/www.nedzink.com\/fr-be\/wp-json\/wp\/v2\/pages\/12361","targetHints":{"allow":["GET"]}}],"collection":[{"href":"https:\/\/www.nedzink.com\/fr-be\/wp-json\/wp\/v2\/pages"}],"about":[{"href":"https:\/\/www.nedzink.com\/fr-be\/wp-json\/wp\/v2\/types\/page"}],"author":[{"embeddable":true,"href":"https:\/\/www.nedzink.com\/fr-be\/wp-json\/wp\/v2\/users\/9"}],"replies":[{"embeddable":true,"href":"https:\/\/www.nedzink.com\/fr-be\/wp-json\/wp\/v2\/comments?post=12361"}],"version-history":[{"count":0,"href":"https:\/\/www.nedzink.com\/fr-be\/wp-json\/wp\/v2\/pages\/12361\/revisions"}],"up":[{"embeddable":true,"href":"https:\/\/www.nedzink.com\/fr-be\/wp-json\/wp\/v2\/pages\/12341"}],"wp:attachment":[{"href":"https:\/\/www.nedzink.com\/fr-be\/wp-json\/wp\/v2\/media?parent=12361"}],"curies":[{"name":"wp","href":"https:\/\/api.w.org\/{rel}","templated":true}]}}