{"id":12351,"date":"2019-06-20T13:56:43","date_gmt":"2019-06-20T11:56:43","guid":{"rendered":"http:\/\/136.144.181.85\/~nedzink\/?page_id=12351"},"modified":"2025-06-19T15:42:05","modified_gmt":"2025-06-19T13:42:05","slug":"travailler-chez-nedzink","status":"publish","type":"page","link":"https:\/\/www.nedzink.com\/fr-be\/sur-nedzink\/travailler-chez-nedzink\/","title":{"rendered":"Travailler chez NedZink"},"content":{"rendered":"[vc_row][vc_column][vc_column_text css=\u00a0\u00bb.vc_custom_1750340501921{margin-bottom: 0px !important;}\u00a0\u00bb]\n<h1><img decoding=\"async\" style=\"margin: 10px 30px; border: 0px solid currentColor; width: 269px; height: 180px; float: right;\" src=\"https:\/\/www.nedzink.com\/wp-content\/uploads\/import\/cms\/userfiles\/images\/foto1.jpg\" alt=\"\" \/><\/h1>\n<p>En tant qu&rsquo;acteur dynamique sur le march\u00e9 du zinc-titane n\u00e9erlandais lamin\u00e9, NedZink s&rsquo;inspire quotidiennement de la demande des architectes, des concepteurs et des transformateurs pour les possibilit\u00e9s existantes et nouvelles. NedZink encourage la r\u00e9alisation de projets de construction durables et de haute qualit\u00e9 avec du zinc lamin\u00e9 blanc, pr\u00e9laqu\u00e9 et structur\u00e9. En tant que partenaire commercial, NedZink garantit une livraison, des connaissances, une qualit\u00e9 et un service fiables. En tant que leader du march\u00e9 aux Pays-Bas, NedZink est un promoteur actif des applications cr\u00e9atives du zinc. NedZink conna\u00eet une croissance saine et investit en permanence dans des personnes et des machines qui sont utilis\u00e9es pour fabriquer une large gamme de (produits personnalis\u00e9s) en trois et cinq \u00e9quipes. NedZink offre un ensemble comp\u00e9titif de conditions d&#8217;emploi avec un bon salaire, des r\u00e9gimes de retraite, une prime de fin d&rsquo;ann\u00e9e et de bonnes facilit\u00e9s d&rsquo;\u00e9tudes. La convention collective de travail de la m\u00e9tallurgie et de l&rsquo;industrie \u00e9lectrique en est la base.<\/p>\n<h3>Postes vacants:<\/h3>\n<p>Il n&rsquo;y a actuellement aucun poste vacant.<\/p>\n<p><strong>Pour les postes vacants, envoyez votre CV avec motivation \u00e0 <a href=\"mailto:peter.jonckheere@nedzink.be\">peter.jonckheere@nedzink.be<\/a>.<\/strong>[\/vc_column_text][\/vc_column][\/vc_row]\n","protected":false},"excerpt":{"rendered":"<p>[vc_row][vc_column][vc_column_text css=\u00a0\u00bb.vc_custom_1750340501921{margin-bottom: 0px !important;}\u00a0\u00bb] En tant qu&rsquo;acteur dynamique sur le march\u00e9 du zinc-titane n\u00e9erlandais lamin\u00e9, NedZink s&rsquo;inspire quotidiennement de la demande des architectes, des concepteurs et des transformateurs pour les possibilit\u00e9s existantes et nouvelles. NedZink encourage la r\u00e9alisation de projets de construction durables et de haute qualit\u00e9 avec du zinc lamin\u00e9 blanc, pr\u00e9laqu\u00e9 et structur\u00e9. [&hellip;]<\/p>\n","protected":false},"author":9,"featured_media":0,"parent":12341,"menu_order":120,"comment_status":"closed","ping_status":"closed","template":"template-import.php","meta":{"_acf_changed":false,"footnotes":""},"class_list":["post-12351","page","type-page","status-publish","hentry"],"acf":[],"yoast_head":"<!-- This site is optimized with the Yoast SEO plugin v26.8 - https:\/\/yoast.com\/product\/yoast-seo-wordpress\/ -->\n<title>Travailler chez NedZink \u2013 NedZink<\/title>\n<meta name=\"description\" content=\"Vacatures bij NedZink. Kom werken bij NedZink. Wij bieden een goed salaris, pensioenregelingen, een eindejaarsuitkering en goede studiefaciliteiten\" \/>\n<meta name=\"robots\" content=\"index, follow, max-snippet:-1, max-image-preview:large, max-video-preview:-1\" \/>\n<link rel=\"canonical\" href=\"https:\/\/www.nedzink.com\/fr-be\/sur-nedzink\/travailler-chez-nedzink\/\" \/>\n<meta property=\"og:locale\" content=\"fr_FR\" \/>\n<meta property=\"og:type\" content=\"article\" \/>\n<meta property=\"og:title\" content=\"Travailler chez NedZink \u2013 NedZink\" \/>\n<meta property=\"og:description\" content=\"Vacatures bij NedZink. Kom werken bij NedZink. Wij bieden een goed salaris, pensioenregelingen, een eindejaarsuitkering en goede studiefaciliteiten\" \/>\n<meta property=\"og:url\" content=\"https:\/\/www.nedzink.com\/fr-be\/sur-nedzink\/travailler-chez-nedzink\/\" \/>\n<meta property=\"og:site_name\" content=\"NedZink\" \/>\n<meta property=\"article:modified_time\" content=\"2025-06-19T13:42:05+00:00\" \/>\n<meta property=\"og:image\" content=\"https:\/\/www.nedzink.com\/wp-content\/uploads\/import\/cms\/userfiles\/images\/foto1.jpg\" \/>\n<meta name=\"twitter:card\" content=\"summary_large_image\" \/>\n<meta name=\"twitter:label1\" content=\"Dur\u00e9e de lecture est.\" \/>\n\t<meta name=\"twitter:data1\" content=\"2 minutes\" \/>\n<script type=\"application\/ld+json\" class=\"yoast-schema-graph\">{\"@context\":\"https:\/\/schema.org\",\"@graph\":[{\"@type\":\"WebPage\",\"@id\":\"https:\/\/www.nedzink.com\/fr-be\/sur-nedzink\/travailler-chez-nedzink\/\",\"url\":\"https:\/\/www.nedzink.com\/fr-be\/sur-nedzink\/travailler-chez-nedzink\/\",\"name\":\"Travailler chez NedZink \u2013 NedZink\",\"isPartOf\":{\"@id\":\"https:\/\/www.nedzink.com\/fr-be\/#website\"},\"primaryImageOfPage\":{\"@id\":\"https:\/\/www.nedzink.com\/fr-be\/sur-nedzink\/travailler-chez-nedzink\/#primaryimage\"},\"image\":{\"@id\":\"https:\/\/www.nedzink.com\/fr-be\/sur-nedzink\/travailler-chez-nedzink\/#primaryimage\"},\"thumbnailUrl\":\"https:\/\/www.nedzink.com\/wp-content\/uploads\/import\/cms\/userfiles\/images\/foto1.jpg\",\"datePublished\":\"2019-06-20T11:56:43+00:00\",\"dateModified\":\"2025-06-19T13:42:05+00:00\",\"description\":\"Vacatures bij NedZink. Kom werken bij NedZink. Wij bieden een goed salaris, pensioenregelingen, een eindejaarsuitkering en goede studiefaciliteiten\",\"breadcrumb\":{\"@id\":\"https:\/\/www.nedzink.com\/fr-be\/sur-nedzink\/travailler-chez-nedzink\/#breadcrumb\"},\"inLanguage\":\"fr-BE\",\"potentialAction\":[{\"@type\":\"ReadAction\",\"target\":[\"https:\/\/www.nedzink.com\/fr-be\/sur-nedzink\/travailler-chez-nedzink\/\"]}]},{\"@type\":\"ImageObject\",\"inLanguage\":\"fr-BE\",\"@id\":\"https:\/\/www.nedzink.com\/fr-be\/sur-nedzink\/travailler-chez-nedzink\/#primaryimage\",\"url\":\"https:\/\/www.nedzink.com\/wp-content\/uploads\/import\/cms\/userfiles\/images\/foto1.jpg\",\"contentUrl\":\"https:\/\/www.nedzink.com\/wp-content\/uploads\/import\/cms\/userfiles\/images\/foto1.jpg\"},{\"@type\":\"BreadcrumbList\",\"@id\":\"https:\/\/www.nedzink.com\/fr-be\/sur-nedzink\/travailler-chez-nedzink\/#breadcrumb\",\"itemListElement\":[{\"@type\":\"ListItem\",\"position\":1,\"name\":\"Home\",\"item\":\"https:\/\/www.nedzink.com\/fr-be\/\"},{\"@type\":\"ListItem\",\"position\":2,\"name\":\"Sur NedZink\",\"item\":\"https:\/\/www.nedzink.com\/fr-be\/sur-nedzink\/\"},{\"@type\":\"ListItem\",\"position\":3,\"name\":\"Travailler chez NedZink\"}]},{\"@type\":\"WebSite\",\"@id\":\"https:\/\/www.nedzink.com\/fr-be\/#website\",\"url\":\"https:\/\/www.nedzink.com\/fr-be\/\",\"name\":\"NedZink\",\"description\":\"Zink fabrikant\",\"publisher\":{\"@id\":\"https:\/\/www.nedzink.com\/fr-be\/#organization\"},\"potentialAction\":[{\"@type\":\"SearchAction\",\"target\":{\"@type\":\"EntryPoint\",\"urlTemplate\":\"https:\/\/www.nedzink.com\/fr-be\/?s={search_term_string}\"},\"query-input\":{\"@type\":\"PropertyValueSpecification\",\"valueRequired\":true,\"valueName\":\"search_term_string\"}}],\"inLanguage\":\"fr-BE\"},{\"@type\":\"Organization\",\"@id\":\"https:\/\/www.nedzink.com\/fr-be\/#organization\",\"name\":\"NedZink\",\"url\":\"https:\/\/www.nedzink.com\/fr-be\/\",\"logo\":{\"@type\":\"ImageObject\",\"inLanguage\":\"fr-BE\",\"@id\":\"https:\/\/www.nedzink.com\/fr-be\/#\/schema\/logo\/image\/\",\"url\":\"https:\/\/www.nedzink.com\/wp-content\/uploads\/2019\/08\/logo-nedzink_fc_zk.jpg\",\"contentUrl\":\"https:\/\/www.nedzink.com\/wp-content\/uploads\/2019\/08\/logo-nedzink_fc_zk.jpg\",\"width\":2160,\"height\":688,\"caption\":\"NedZink\"},\"image\":{\"@id\":\"https:\/\/www.nedzink.com\/fr-be\/#\/schema\/logo\/image\/\"}}]}<\/script>\n<!-- \/ Yoast SEO plugin. -->","yoast_head_json":{"title":"Travailler chez NedZink \u2013 NedZink","description":"Vacatures bij NedZink. Kom werken bij NedZink. Wij bieden een goed salaris, pensioenregelingen, een eindejaarsuitkering en goede studiefaciliteiten","robots":{"index":"index","follow":"follow","max-snippet":"max-snippet:-1","max-image-preview":"max-image-preview:large","max-video-preview":"max-video-preview:-1"},"canonical":"https:\/\/www.nedzink.com\/fr-be\/sur-nedzink\/travailler-chez-nedzink\/","og_locale":"fr_FR","og_type":"article","og_title":"Travailler chez NedZink \u2013 NedZink","og_description":"Vacatures bij NedZink. Kom werken bij NedZink. Wij bieden een goed salaris, pensioenregelingen, een eindejaarsuitkering en goede studiefaciliteiten","og_url":"https:\/\/www.nedzink.com\/fr-be\/sur-nedzink\/travailler-chez-nedzink\/","og_site_name":"NedZink","article_modified_time":"2025-06-19T13:42:05+00:00","og_image":[{"url":"https:\/\/www.nedzink.com\/wp-content\/uploads\/import\/cms\/userfiles\/images\/foto1.jpg","type":"","width":"","height":""}],"twitter_card":"summary_large_image","twitter_misc":{"Dur\u00e9e de lecture est.":"2 minutes"},"schema":{"@context":"https:\/\/schema.org","@graph":[{"@type":"WebPage","@id":"https:\/\/www.nedzink.com\/fr-be\/sur-nedzink\/travailler-chez-nedzink\/","url":"https:\/\/www.nedzink.com\/fr-be\/sur-nedzink\/travailler-chez-nedzink\/","name":"Travailler chez NedZink \u2013 NedZink","isPartOf":{"@id":"https:\/\/www.nedzink.com\/fr-be\/#website"},"primaryImageOfPage":{"@id":"https:\/\/www.nedzink.com\/fr-be\/sur-nedzink\/travailler-chez-nedzink\/#primaryimage"},"image":{"@id":"https:\/\/www.nedzink.com\/fr-be\/sur-nedzink\/travailler-chez-nedzink\/#primaryimage"},"thumbnailUrl":"https:\/\/www.nedzink.com\/wp-content\/uploads\/import\/cms\/userfiles\/images\/foto1.jpg","datePublished":"2019-06-20T11:56:43+00:00","dateModified":"2025-06-19T13:42:05+00:00","description":"Vacatures bij NedZink. Kom werken bij NedZink. Wij bieden een goed salaris, pensioenregelingen, een eindejaarsuitkering en goede studiefaciliteiten","breadcrumb":{"@id":"https:\/\/www.nedzink.com\/fr-be\/sur-nedzink\/travailler-chez-nedzink\/#breadcrumb"},"inLanguage":"fr-BE","potentialAction":[{"@type":"ReadAction","target":["https:\/\/www.nedzink.com\/fr-be\/sur-nedzink\/travailler-chez-nedzink\/"]}]},{"@type":"ImageObject","inLanguage":"fr-BE","@id":"https:\/\/www.nedzink.com\/fr-be\/sur-nedzink\/travailler-chez-nedzink\/#primaryimage","url":"https:\/\/www.nedzink.com\/wp-content\/uploads\/import\/cms\/userfiles\/images\/foto1.jpg","contentUrl":"https:\/\/www.nedzink.com\/wp-content\/uploads\/import\/cms\/userfiles\/images\/foto1.jpg"},{"@type":"BreadcrumbList","@id":"https:\/\/www.nedzink.com\/fr-be\/sur-nedzink\/travailler-chez-nedzink\/#breadcrumb","itemListElement":[{"@type":"ListItem","position":1,"name":"Home","item":"https:\/\/www.nedzink.com\/fr-be\/"},{"@type":"ListItem","position":2,"name":"Sur NedZink","item":"https:\/\/www.nedzink.com\/fr-be\/sur-nedzink\/"},{"@type":"ListItem","position":3,"name":"Travailler chez NedZink"}]},{"@type":"WebSite","@id":"https:\/\/www.nedzink.com\/fr-be\/#website","url":"https:\/\/www.nedzink.com\/fr-be\/","name":"NedZink","description":"Zink fabrikant","publisher":{"@id":"https:\/\/www.nedzink.com\/fr-be\/#organization"},"potentialAction":[{"@type":"SearchAction","target":{"@type":"EntryPoint","urlTemplate":"https:\/\/www.nedzink.com\/fr-be\/?s={search_term_string}"},"query-input":{"@type":"PropertyValueSpecification","valueRequired":true,"valueName":"search_term_string"}}],"inLanguage":"fr-BE"},{"@type":"Organization","@id":"https:\/\/www.nedzink.com\/fr-be\/#organization","name":"NedZink","url":"https:\/\/www.nedzink.com\/fr-be\/","logo":{"@type":"ImageObject","inLanguage":"fr-BE","@id":"https:\/\/www.nedzink.com\/fr-be\/#\/schema\/logo\/image\/","url":"https:\/\/www.nedzink.com\/wp-content\/uploads\/2019\/08\/logo-nedzink_fc_zk.jpg","contentUrl":"https:\/\/www.nedzink.com\/wp-content\/uploads\/2019\/08\/logo-nedzink_fc_zk.jpg","width":2160,"height":688,"caption":"NedZink"},"image":{"@id":"https:\/\/www.nedzink.com\/fr-be\/#\/schema\/logo\/image\/"}}]}},"_links":{"self":[{"href":"https:\/\/www.nedzink.com\/fr-be\/wp-json\/wp\/v2\/pages\/12351","targetHints":{"allow":["GET"]}}],"collection":[{"href":"https:\/\/www.nedzink.com\/fr-be\/wp-json\/wp\/v2\/pages"}],"about":[{"href":"https:\/\/www.nedzink.com\/fr-be\/wp-json\/wp\/v2\/types\/page"}],"author":[{"embeddable":true,"href":"https:\/\/www.nedzink.com\/fr-be\/wp-json\/wp\/v2\/users\/9"}],"replies":[{"embeddable":true,"href":"https:\/\/www.nedzink.com\/fr-be\/wp-json\/wp\/v2\/comments?post=12351"}],"version-history":[{"count":5,"href":"https:\/\/www.nedzink.com\/fr-be\/wp-json\/wp\/v2\/pages\/12351\/revisions"}],"predecessor-version":[{"id":137552,"href":"https:\/\/www.nedzink.com\/fr-be\/wp-json\/wp\/v2\/pages\/12351\/revisions\/137552"}],"up":[{"embeddable":true,"href":"https:\/\/www.nedzink.com\/fr-be\/wp-json\/wp\/v2\/pages\/12341"}],"wp:attachment":[{"href":"https:\/\/www.nedzink.com\/fr-be\/wp-json\/wp\/v2\/media?parent=12351"}],"curies":[{"name":"wp","href":"https:\/\/api.w.org\/{rel}","templated":true}]}}