{"id":12332,"date":"2019-04-09T14:30:44","date_gmt":"2019-04-09T12:30:44","guid":{"rendered":"http:\/\/136.144.181.85\/~nedzink\/environnement\/faq\/"},"modified":"2019-07-31T14:33:44","modified_gmt":"2019-07-31T12:33:44","slug":"faq","status":"publish","type":"page","link":"https:\/\/www.nedzink.com\/fr-be\/environnement\/faq\/","title":{"rendered":"FAQ"},"content":{"rendered":"<p>&nbsp;<\/p>\n<h3>Est-ce que l&rsquo;utilisation du zinc nuit \u00e0 l&rsquo;environnement?<\/h3>\n<p style=\"margin-left: 35.4pt;\">Non, le zinc n&rsquo;est pas nocif pour l&rsquo;environnement. Le zinc est utilis\u00e9 dans la construction, l&rsquo;agriculture et dans l\u2019automobile. Toutes les applications r\u00e9sultent dans des \u00e9missions qui donnent aucune nuisance \u00e0 l\u2019environnement.\u00a0 Si nous regardons tous les aspects de l&rsquo;environnement, on voit que les m\u00e9taux sont beaucoup plus durables que les autres mat\u00e9riaux.<\/p>\n<p style=\"margin-left: 35.4pt;\">\n<h3>Les m\u00e9taux resteront \u00e0 jamais dans le sol?<\/h3>\n<p style=\"margin-left: 35.4pt;\">Oui, les m\u00e9taux gisent l\u00e0 depuis des millions d&rsquo;ann\u00e9es et ils y giseront \u00a0jusqu&rsquo;\u00e0 la fin des temps . Des contaminations organiques, nous savons ce qu&rsquo;ils soient convertis en d&rsquo;autres composants organiques et qu\u2019ils \u00a0finissent par se d\u00e9composer en CO2 et en eau. Les m\u00e9taux appartiennent \u00e0 la nature. Il ya un grand nombre de processus physiques et chimiques qui d\u00e9terminent sous quelle forme naturelle les m\u00e9taux sont pr\u00e9sents dans le sol.<\/p>\n<p style=\"margin-left: 35.4pt;\">\n<h3>Que d\u00e9termine l&rsquo;\u00e9cotoxicit\u00e9 des m\u00e9taux dans le sol?<\/h3>\n<p style=\"margin-left: 40px;\">C\u2019est d\u00e9termin\u00e9 par la nature du m\u00e9tal et par la concentration biologique du m\u00e9tal dans le sol.<\/p>\n<p style=\"margin-left: 40px;\">\n<h3>Qu&rsquo;est-ce que c&rsquo;est l&rsquo;accumulation naturelle de m\u00e9taux?<\/h3>\n<p style=\"margin-left: 35.4pt;\">Lorsque les plantes grandissent, ils \u00e9liminent le zinc, le cuivre et autres \u00e9l\u00e9ments essentiels \u00e0 travers leurs racines depuis les couches les plus profondes du sol.\u00a0 Le mat\u00e9riel v\u00e9g\u00e9tal contient\u00a0 en moyenne environ 10 mg de zinc et 1 mg de cuivre par kg. Les plantes meurent et le mat\u00e9riel v\u00e9g\u00e9tal se r\u00e9pand sur le sol. Elles sont d\u00e9compos\u00e9es et le m\u00e9tal qu&rsquo;elles contiennent disparait avec l&rsquo;eau de pluie dans le sol. La force de retenu du sol pour les m\u00e9taux, cependant, est si grande que les m\u00e9taux n&rsquo;arrivent pas plus loin que quelques centim\u00e8tres dans le sol. Lentement ils sont entra\u00een\u00e9s dans les couches les plus profondes du sol. D\u00fb \u00e0 ce processus se forme une accumulation de m\u00e9tal dans la couche sup\u00e9rieure du sol. Cette accumulation naturelle peut sous certaines circonstances donner lieu \u00e0 un doublement de la concentration de m\u00e9taux.<\/p>\n<p>&nbsp;<\/p>\n<p><span style=\"display: none;\">\u00a0<\/span><span style=\"display: none;\">\u00a0<\/span><\/p>\n","protected":false},"excerpt":{"rendered":"<p>&nbsp; Est-ce que l&rsquo;utilisation du zinc nuit \u00e0 l&rsquo;environnement? Non, le zinc n&rsquo;est pas nocif pour l&rsquo;environnement. Le zinc est utilis\u00e9 dans la construction, l&rsquo;agriculture et dans l\u2019automobile. Toutes les applications r\u00e9sultent dans des \u00e9missions qui donnent aucune nuisance \u00e0 l\u2019environnement.\u00a0 Si nous regardons tous les aspects de l&rsquo;environnement, on voit que les m\u00e9taux sont [&hellip;]<\/p>\n","protected":false},"author":9,"featured_media":0,"parent":12300,"menu_order":990,"comment_status":"closed","ping_status":"closed","template":"template-import.php","meta":{"_acf_changed":false,"footnotes":""},"class_list":["post-12332","page","type-page","status-publish","hentry"],"acf":[],"yoast_head":"<!-- This site is optimized with the Yoast SEO plugin v26.8 - https:\/\/yoast.com\/product\/yoast-seo-wordpress\/ -->\n<title>FAQ \u2013 NedZink<\/title>\n<meta name=\"description\" content=\"De vragen die het meest gesteld worden over zink hebben we voor u op een rijtje gezet. Bekijk ze op onze website.\" \/>\n<meta name=\"robots\" content=\"index, follow, max-snippet:-1, max-image-preview:large, max-video-preview:-1\" \/>\n<link rel=\"canonical\" href=\"https:\/\/www.nedzink.com\/fr-be\/environnement\/faq\/\" \/>\n<meta property=\"og:locale\" content=\"fr_FR\" \/>\n<meta property=\"og:type\" content=\"article\" \/>\n<meta property=\"og:title\" content=\"FAQ \u2013 NedZink\" \/>\n<meta property=\"og:description\" content=\"De vragen die het meest gesteld worden over zink hebben we voor u op een rijtje gezet. Bekijk ze op onze website.\" \/>\n<meta property=\"og:url\" content=\"https:\/\/www.nedzink.com\/fr-be\/environnement\/faq\/\" \/>\n<meta property=\"og:site_name\" content=\"NedZink\" \/>\n<meta property=\"article:modified_time\" content=\"2019-07-31T12:33:44+00:00\" \/>\n<meta name=\"twitter:card\" content=\"summary_large_image\" \/>\n<meta name=\"twitter:label1\" content=\"Dur\u00e9e de lecture est.\" \/>\n\t<meta name=\"twitter:data1\" content=\"2 minutes\" \/>\n<script type=\"application\/ld+json\" class=\"yoast-schema-graph\">{\"@context\":\"https:\/\/schema.org\",\"@graph\":[{\"@type\":\"WebPage\",\"@id\":\"https:\/\/www.nedzink.com\/fr-be\/environnement\/faq\/\",\"url\":\"https:\/\/www.nedzink.com\/fr-be\/environnement\/faq\/\",\"name\":\"FAQ \u2013 NedZink\",\"isPartOf\":{\"@id\":\"https:\/\/www.nedzink.com\/fr-be\/#website\"},\"datePublished\":\"2019-04-09T12:30:44+00:00\",\"dateModified\":\"2019-07-31T12:33:44+00:00\",\"description\":\"De vragen die het meest gesteld worden over zink hebben we voor u op een rijtje gezet. Bekijk ze op onze website.\",\"breadcrumb\":{\"@id\":\"https:\/\/www.nedzink.com\/fr-be\/environnement\/faq\/#breadcrumb\"},\"inLanguage\":\"fr-BE\",\"potentialAction\":[{\"@type\":\"ReadAction\",\"target\":[\"https:\/\/www.nedzink.com\/fr-be\/environnement\/faq\/\"]}]},{\"@type\":\"BreadcrumbList\",\"@id\":\"https:\/\/www.nedzink.com\/fr-be\/environnement\/faq\/#breadcrumb\",\"itemListElement\":[{\"@type\":\"ListItem\",\"position\":1,\"name\":\"Home\",\"item\":\"https:\/\/www.nedzink.com\/fr-be\/\"},{\"@type\":\"ListItem\",\"position\":2,\"name\":\"Environnement\",\"item\":\"https:\/\/www.nedzink.com\/fr-be\/environnement\/\"},{\"@type\":\"ListItem\",\"position\":3,\"name\":\"FAQ\"}]},{\"@type\":\"WebSite\",\"@id\":\"https:\/\/www.nedzink.com\/fr-be\/#website\",\"url\":\"https:\/\/www.nedzink.com\/fr-be\/\",\"name\":\"NedZink\",\"description\":\"Zink fabrikant\",\"publisher\":{\"@id\":\"https:\/\/www.nedzink.com\/fr-be\/#organization\"},\"potentialAction\":[{\"@type\":\"SearchAction\",\"target\":{\"@type\":\"EntryPoint\",\"urlTemplate\":\"https:\/\/www.nedzink.com\/fr-be\/?s={search_term_string}\"},\"query-input\":{\"@type\":\"PropertyValueSpecification\",\"valueRequired\":true,\"valueName\":\"search_term_string\"}}],\"inLanguage\":\"fr-BE\"},{\"@type\":\"Organization\",\"@id\":\"https:\/\/www.nedzink.com\/fr-be\/#organization\",\"name\":\"NedZink\",\"url\":\"https:\/\/www.nedzink.com\/fr-be\/\",\"logo\":{\"@type\":\"ImageObject\",\"inLanguage\":\"fr-BE\",\"@id\":\"https:\/\/www.nedzink.com\/fr-be\/#\/schema\/logo\/image\/\",\"url\":\"https:\/\/www.nedzink.com\/wp-content\/uploads\/2019\/08\/logo-nedzink_fc_zk.jpg\",\"contentUrl\":\"https:\/\/www.nedzink.com\/wp-content\/uploads\/2019\/08\/logo-nedzink_fc_zk.jpg\",\"width\":2160,\"height\":688,\"caption\":\"NedZink\"},\"image\":{\"@id\":\"https:\/\/www.nedzink.com\/fr-be\/#\/schema\/logo\/image\/\"}}]}<\/script>\n<!-- \/ Yoast SEO plugin. -->","yoast_head_json":{"title":"FAQ \u2013 NedZink","description":"De vragen die het meest gesteld worden over zink hebben we voor u op een rijtje gezet. Bekijk ze op onze website.","robots":{"index":"index","follow":"follow","max-snippet":"max-snippet:-1","max-image-preview":"max-image-preview:large","max-video-preview":"max-video-preview:-1"},"canonical":"https:\/\/www.nedzink.com\/fr-be\/environnement\/faq\/","og_locale":"fr_FR","og_type":"article","og_title":"FAQ \u2013 NedZink","og_description":"De vragen die het meest gesteld worden over zink hebben we voor u op een rijtje gezet. Bekijk ze op onze website.","og_url":"https:\/\/www.nedzink.com\/fr-be\/environnement\/faq\/","og_site_name":"NedZink","article_modified_time":"2019-07-31T12:33:44+00:00","twitter_card":"summary_large_image","twitter_misc":{"Dur\u00e9e de lecture est.":"2 minutes"},"schema":{"@context":"https:\/\/schema.org","@graph":[{"@type":"WebPage","@id":"https:\/\/www.nedzink.com\/fr-be\/environnement\/faq\/","url":"https:\/\/www.nedzink.com\/fr-be\/environnement\/faq\/","name":"FAQ \u2013 NedZink","isPartOf":{"@id":"https:\/\/www.nedzink.com\/fr-be\/#website"},"datePublished":"2019-04-09T12:30:44+00:00","dateModified":"2019-07-31T12:33:44+00:00","description":"De vragen die het meest gesteld worden over zink hebben we voor u op een rijtje gezet. Bekijk ze op onze website.","breadcrumb":{"@id":"https:\/\/www.nedzink.com\/fr-be\/environnement\/faq\/#breadcrumb"},"inLanguage":"fr-BE","potentialAction":[{"@type":"ReadAction","target":["https:\/\/www.nedzink.com\/fr-be\/environnement\/faq\/"]}]},{"@type":"BreadcrumbList","@id":"https:\/\/www.nedzink.com\/fr-be\/environnement\/faq\/#breadcrumb","itemListElement":[{"@type":"ListItem","position":1,"name":"Home","item":"https:\/\/www.nedzink.com\/fr-be\/"},{"@type":"ListItem","position":2,"name":"Environnement","item":"https:\/\/www.nedzink.com\/fr-be\/environnement\/"},{"@type":"ListItem","position":3,"name":"FAQ"}]},{"@type":"WebSite","@id":"https:\/\/www.nedzink.com\/fr-be\/#website","url":"https:\/\/www.nedzink.com\/fr-be\/","name":"NedZink","description":"Zink fabrikant","publisher":{"@id":"https:\/\/www.nedzink.com\/fr-be\/#organization"},"potentialAction":[{"@type":"SearchAction","target":{"@type":"EntryPoint","urlTemplate":"https:\/\/www.nedzink.com\/fr-be\/?s={search_term_string}"},"query-input":{"@type":"PropertyValueSpecification","valueRequired":true,"valueName":"search_term_string"}}],"inLanguage":"fr-BE"},{"@type":"Organization","@id":"https:\/\/www.nedzink.com\/fr-be\/#organization","name":"NedZink","url":"https:\/\/www.nedzink.com\/fr-be\/","logo":{"@type":"ImageObject","inLanguage":"fr-BE","@id":"https:\/\/www.nedzink.com\/fr-be\/#\/schema\/logo\/image\/","url":"https:\/\/www.nedzink.com\/wp-content\/uploads\/2019\/08\/logo-nedzink_fc_zk.jpg","contentUrl":"https:\/\/www.nedzink.com\/wp-content\/uploads\/2019\/08\/logo-nedzink_fc_zk.jpg","width":2160,"height":688,"caption":"NedZink"},"image":{"@id":"https:\/\/www.nedzink.com\/fr-be\/#\/schema\/logo\/image\/"}}]}},"_links":{"self":[{"href":"https:\/\/www.nedzink.com\/fr-be\/wp-json\/wp\/v2\/pages\/12332","targetHints":{"allow":["GET"]}}],"collection":[{"href":"https:\/\/www.nedzink.com\/fr-be\/wp-json\/wp\/v2\/pages"}],"about":[{"href":"https:\/\/www.nedzink.com\/fr-be\/wp-json\/wp\/v2\/types\/page"}],"author":[{"embeddable":true,"href":"https:\/\/www.nedzink.com\/fr-be\/wp-json\/wp\/v2\/users\/9"}],"replies":[{"embeddable":true,"href":"https:\/\/www.nedzink.com\/fr-be\/wp-json\/wp\/v2\/comments?post=12332"}],"version-history":[{"count":0,"href":"https:\/\/www.nedzink.com\/fr-be\/wp-json\/wp\/v2\/pages\/12332\/revisions"}],"up":[{"embeddable":true,"href":"https:\/\/www.nedzink.com\/fr-be\/wp-json\/wp\/v2\/pages\/12300"}],"wp:attachment":[{"href":"https:\/\/www.nedzink.com\/fr-be\/wp-json\/wp\/v2\/media?parent=12332"}],"curies":[{"name":"wp","href":"https:\/\/api.w.org\/{rel}","templated":true}]}}