{"id":12325,"date":"2019-04-09T14:30:43","date_gmt":"2019-04-09T12:30:43","guid":{"rendered":"http:\/\/136.144.181.85\/~nedzink\/environnement\/le-zinc-et-votre-sante\/"},"modified":"2026-04-16T08:41:35","modified_gmt":"2026-04-16T06:41:35","slug":"le-zinc-et-votre-sante","status":"publish","type":"page","link":"https:\/\/www.nedzink.com\/fr-be\/environnement\/le-zinc-et-votre-sante\/","title":{"rendered":"Le zinc et votre sant\u00e9"},"content":{"rendered":"<p>Le zinc est essentiel pour la vie de l\u2019\u00eatre humain, des animaux et des plantes. C\u2019est l\u2019un des min\u00e9raux dont notre corps a besoin tous lesjours pour rester en forme. Il pr\u00e9sente une importance vitale pour de nombreuses fonctions biologiques. Ainsi le zinc est indispensable \u00e0 la formation des muscles, des os, de la peau et des cheveux. Unecarence en zinc entra\u00eene un retard de croissance. Le zinc est \u00e9galement indispensable au bon fonctionnement du syst\u00e8me immunitaire.<\/p>\n<p>&nbsp;<\/p>\n<p><span style=\"display: none;\">\u00a0<span style=\"display: none;\">\u00a0<\/span><\/span><\/p>\n","protected":false},"excerpt":{"rendered":"<p>Le zinc est essentiel pour la vie de l\u2019\u00eatre humain, des animaux et des plantes. C\u2019est l\u2019un des min\u00e9raux dont notre corps a besoin tous lesjours pour rester en forme. Il pr\u00e9sente une importance vitale pour de nombreuses fonctions biologiques. Ainsi le zinc est indispensable \u00e0 la formation des muscles, des os, de la peau [&hellip;]<\/p>\n","protected":false},"author":9,"featured_media":0,"parent":12300,"menu_order":990,"comment_status":"closed","ping_status":"closed","template":"template-import.php","meta":{"_acf_changed":false,"footnotes":""},"class_list":["post-12325","page","type-page","status-publish","hentry"],"acf":[],"yoast_head":"<!-- This site is optimized with the Yoast SEO plugin v26.8 - https:\/\/yoast.com\/product\/yoast-seo-wordpress\/ -->\n<title>Le zinc et votre sant\u00e9 \u2013 NedZink<\/title>\n<meta name=\"robots\" content=\"index, follow, max-snippet:-1, max-image-preview:large, max-video-preview:-1\" \/>\n<link rel=\"canonical\" href=\"https:\/\/www.nedzink.com\/fr-be\/environnement\/le-zinc-et-votre-sante\/\" \/>\n<meta property=\"og:locale\" content=\"fr_FR\" \/>\n<meta property=\"og:type\" content=\"article\" \/>\n<meta property=\"og:title\" content=\"Le zinc et votre sant\u00e9 \u2013 NedZink\" \/>\n<meta property=\"og:description\" content=\"Le zinc est essentiel pour la vie de l\u2019\u00eatre humain, des animaux et des plantes. C\u2019est l\u2019un des min\u00e9raux dont notre corps a besoin tous lesjours pour rester en forme. Il pr\u00e9sente une importance vitale pour de nombreuses fonctions biologiques. Ainsi le zinc est indispensable \u00e0 la formation des muscles, des os, de la peau [&hellip;]\" \/>\n<meta property=\"og:url\" content=\"https:\/\/www.nedzink.com\/fr-be\/environnement\/le-zinc-et-votre-sante\/\" \/>\n<meta property=\"og:site_name\" content=\"NedZink\" \/>\n<meta property=\"article:modified_time\" content=\"2026-04-16T06:41:35+00:00\" \/>\n<meta name=\"twitter:card\" content=\"summary_large_image\" \/>\n<meta name=\"twitter:label1\" content=\"Dur\u00e9e de lecture est.\" \/>\n\t<meta name=\"twitter:data1\" content=\"1 minute\" \/>\n<script type=\"application\/ld+json\" class=\"yoast-schema-graph\">{\"@context\":\"https:\/\/schema.org\",\"@graph\":[{\"@type\":\"WebPage\",\"@id\":\"https:\/\/www.nedzink.com\/fr-be\/environnement\/le-zinc-et-votre-sante\/\",\"url\":\"https:\/\/www.nedzink.com\/fr-be\/environnement\/le-zinc-et-votre-sante\/\",\"name\":\"Le zinc et votre sant\u00e9 \u2013 NedZink\",\"isPartOf\":{\"@id\":\"https:\/\/www.nedzink.com\/fr-be\/#website\"},\"datePublished\":\"2019-04-09T12:30:43+00:00\",\"dateModified\":\"2026-04-16T06:41:35+00:00\",\"breadcrumb\":{\"@id\":\"https:\/\/www.nedzink.com\/fr-be\/environnement\/le-zinc-et-votre-sante\/#breadcrumb\"},\"inLanguage\":\"fr-BE\",\"potentialAction\":[{\"@type\":\"ReadAction\",\"target\":[\"https:\/\/www.nedzink.com\/fr-be\/environnement\/le-zinc-et-votre-sante\/\"]}]},{\"@type\":\"BreadcrumbList\",\"@id\":\"https:\/\/www.nedzink.com\/fr-be\/environnement\/le-zinc-et-votre-sante\/#breadcrumb\",\"itemListElement\":[{\"@type\":\"ListItem\",\"position\":1,\"name\":\"Home\",\"item\":\"https:\/\/www.nedzink.com\/fr-be\/\"},{\"@type\":\"ListItem\",\"position\":2,\"name\":\"Environnement\",\"item\":\"https:\/\/www.nedzink.com\/fr-be\/environnement\/\"},{\"@type\":\"ListItem\",\"position\":3,\"name\":\"Le zinc et votre sant\u00e9\"}]},{\"@type\":\"WebSite\",\"@id\":\"https:\/\/www.nedzink.com\/fr-be\/#website\",\"url\":\"https:\/\/www.nedzink.com\/fr-be\/\",\"name\":\"NedZink\",\"description\":\"Zink fabrikant\",\"publisher\":{\"@id\":\"https:\/\/www.nedzink.com\/fr-be\/#organization\"},\"potentialAction\":[{\"@type\":\"SearchAction\",\"target\":{\"@type\":\"EntryPoint\",\"urlTemplate\":\"https:\/\/www.nedzink.com\/fr-be\/?s={search_term_string}\"},\"query-input\":{\"@type\":\"PropertyValueSpecification\",\"valueRequired\":true,\"valueName\":\"search_term_string\"}}],\"inLanguage\":\"fr-BE\"},{\"@type\":\"Organization\",\"@id\":\"https:\/\/www.nedzink.com\/fr-be\/#organization\",\"name\":\"NedZink\",\"url\":\"https:\/\/www.nedzink.com\/fr-be\/\",\"logo\":{\"@type\":\"ImageObject\",\"inLanguage\":\"fr-BE\",\"@id\":\"https:\/\/www.nedzink.com\/fr-be\/#\/schema\/logo\/image\/\",\"url\":\"https:\/\/www.nedzink.com\/wp-content\/uploads\/2019\/08\/logo-nedzink_fc_zk.jpg\",\"contentUrl\":\"https:\/\/www.nedzink.com\/wp-content\/uploads\/2019\/08\/logo-nedzink_fc_zk.jpg\",\"width\":2160,\"height\":688,\"caption\":\"NedZink\"},\"image\":{\"@id\":\"https:\/\/www.nedzink.com\/fr-be\/#\/schema\/logo\/image\/\"}}]}<\/script>\n<!-- \/ Yoast SEO plugin. -->","yoast_head_json":{"title":"Le zinc et votre sant\u00e9 \u2013 NedZink","robots":{"index":"index","follow":"follow","max-snippet":"max-snippet:-1","max-image-preview":"max-image-preview:large","max-video-preview":"max-video-preview:-1"},"canonical":"https:\/\/www.nedzink.com\/fr-be\/environnement\/le-zinc-et-votre-sante\/","og_locale":"fr_FR","og_type":"article","og_title":"Le zinc et votre sant\u00e9 \u2013 NedZink","og_description":"Le zinc est essentiel pour la vie de l\u2019\u00eatre humain, des animaux et des plantes. C\u2019est l\u2019un des min\u00e9raux dont notre corps a besoin tous lesjours pour rester en forme. Il pr\u00e9sente une importance vitale pour de nombreuses fonctions biologiques. Ainsi le zinc est indispensable \u00e0 la formation des muscles, des os, de la peau [&hellip;]","og_url":"https:\/\/www.nedzink.com\/fr-be\/environnement\/le-zinc-et-votre-sante\/","og_site_name":"NedZink","article_modified_time":"2026-04-16T06:41:35+00:00","twitter_card":"summary_large_image","twitter_misc":{"Dur\u00e9e de lecture est.":"1 minute"},"schema":{"@context":"https:\/\/schema.org","@graph":[{"@type":"WebPage","@id":"https:\/\/www.nedzink.com\/fr-be\/environnement\/le-zinc-et-votre-sante\/","url":"https:\/\/www.nedzink.com\/fr-be\/environnement\/le-zinc-et-votre-sante\/","name":"Le zinc et votre sant\u00e9 \u2013 NedZink","isPartOf":{"@id":"https:\/\/www.nedzink.com\/fr-be\/#website"},"datePublished":"2019-04-09T12:30:43+00:00","dateModified":"2026-04-16T06:41:35+00:00","breadcrumb":{"@id":"https:\/\/www.nedzink.com\/fr-be\/environnement\/le-zinc-et-votre-sante\/#breadcrumb"},"inLanguage":"fr-BE","potentialAction":[{"@type":"ReadAction","target":["https:\/\/www.nedzink.com\/fr-be\/environnement\/le-zinc-et-votre-sante\/"]}]},{"@type":"BreadcrumbList","@id":"https:\/\/www.nedzink.com\/fr-be\/environnement\/le-zinc-et-votre-sante\/#breadcrumb","itemListElement":[{"@type":"ListItem","position":1,"name":"Home","item":"https:\/\/www.nedzink.com\/fr-be\/"},{"@type":"ListItem","position":2,"name":"Environnement","item":"https:\/\/www.nedzink.com\/fr-be\/environnement\/"},{"@type":"ListItem","position":3,"name":"Le zinc et votre sant\u00e9"}]},{"@type":"WebSite","@id":"https:\/\/www.nedzink.com\/fr-be\/#website","url":"https:\/\/www.nedzink.com\/fr-be\/","name":"NedZink","description":"Zink fabrikant","publisher":{"@id":"https:\/\/www.nedzink.com\/fr-be\/#organization"},"potentialAction":[{"@type":"SearchAction","target":{"@type":"EntryPoint","urlTemplate":"https:\/\/www.nedzink.com\/fr-be\/?s={search_term_string}"},"query-input":{"@type":"PropertyValueSpecification","valueRequired":true,"valueName":"search_term_string"}}],"inLanguage":"fr-BE"},{"@type":"Organization","@id":"https:\/\/www.nedzink.com\/fr-be\/#organization","name":"NedZink","url":"https:\/\/www.nedzink.com\/fr-be\/","logo":{"@type":"ImageObject","inLanguage":"fr-BE","@id":"https:\/\/www.nedzink.com\/fr-be\/#\/schema\/logo\/image\/","url":"https:\/\/www.nedzink.com\/wp-content\/uploads\/2019\/08\/logo-nedzink_fc_zk.jpg","contentUrl":"https:\/\/www.nedzink.com\/wp-content\/uploads\/2019\/08\/logo-nedzink_fc_zk.jpg","width":2160,"height":688,"caption":"NedZink"},"image":{"@id":"https:\/\/www.nedzink.com\/fr-be\/#\/schema\/logo\/image\/"}}]}},"_links":{"self":[{"href":"https:\/\/www.nedzink.com\/fr-be\/wp-json\/wp\/v2\/pages\/12325","targetHints":{"allow":["GET"]}}],"collection":[{"href":"https:\/\/www.nedzink.com\/fr-be\/wp-json\/wp\/v2\/pages"}],"about":[{"href":"https:\/\/www.nedzink.com\/fr-be\/wp-json\/wp\/v2\/types\/page"}],"author":[{"embeddable":true,"href":"https:\/\/www.nedzink.com\/fr-be\/wp-json\/wp\/v2\/users\/9"}],"replies":[{"embeddable":true,"href":"https:\/\/www.nedzink.com\/fr-be\/wp-json\/wp\/v2\/comments?post=12325"}],"version-history":[{"count":1,"href":"https:\/\/www.nedzink.com\/fr-be\/wp-json\/wp\/v2\/pages\/12325\/revisions"}],"predecessor-version":[{"id":140419,"href":"https:\/\/www.nedzink.com\/fr-be\/wp-json\/wp\/v2\/pages\/12325\/revisions\/140419"}],"up":[{"embeddable":true,"href":"https:\/\/www.nedzink.com\/fr-be\/wp-json\/wp\/v2\/pages\/12300"}],"wp:attachment":[{"href":"https:\/\/www.nedzink.com\/fr-be\/wp-json\/wp\/v2\/media?parent=12325"}],"curies":[{"name":"wp","href":"https:\/\/api.w.org\/{rel}","templated":true}]}}