{"id":12318,"date":"2019-04-09T14:30:42","date_gmt":"2019-04-09T12:30:42","guid":{"rendered":"http:\/\/136.144.181.85\/~nedzink\/environnement\/durabilite-de-zinc\/"},"modified":"2019-07-31T14:33:30","modified_gmt":"2019-07-31T12:33:30","slug":"durabilite-de-zinc","status":"publish","type":"page","link":"https:\/\/www.nedzink.com\/fr-be\/environnement\/durabilite-de-zinc\/","title":{"rendered":"Durabilit\u00e9 de zinc"},"content":{"rendered":"<p><img decoding=\"async\" style=\"width: 133px; float: right; height: 100px; margin-left: 42px; margin-right: 42px;\" src=\"https:\/\/www.nedzink.com\/wp-content\/uploads\/import\/cms\/userfiles\/images\/divers\/1383224_green_leaves[1].jpg\" alt=\"\" \/><\/p>\n<p style=\"text-align: justify;\">Le zinc convient pafaitement \u00e0 une soci\u00e9t\u00e9 durable. Il s&rsquo;agit en effet\u00a0d&rsquo;un puissant \u00e9l\u00e9ment\u00a0\u00a0que l\u2019on retrouve \u00e0 l\u2019\u00e9tat naturel dans notre environnement, notamment dans la roche, le sol, l&rsquo;air et l&rsquo;eau. Le zinc joue par ailleurs un r\u00f4le essentiel dans de nombreux processus biologiques humains, animaux et v\u00e9g\u00e9taux.<\/p>\n<p style=\"text-align: justify;\">Le zinc estun mat\u00e9riau de construction fiable avec une tr\u00e8s longue long\u00e9vit\u00e9, et peut \u00eatre \u00e9ternellement r\u00e9utilis\u00e9.<\/p>\n<p>Lesavantages du zinc:<\/p>\n<ul>\n<li>100 % recyclable<\/li>\n<li>Sans entretien<\/li>\n<li>Facilit\u00e9 pour l&rsquo;\u00e9vacuation des eaux pluviales<\/li>\n<\/ul>\n<p style=\"text-align: justify;\">En bref, par ses propri\u00e9t\u00e9s, le zinc est une substance essentielle pour une soci\u00e9t\u00e9 durable. L&rsquo;industrie du zinc est bien conscient de cela. Par cons\u00e9quent, en procurant de l&rsquo;information scientifique \u00a0correcte, ils mettent en valeur\u00a0 en permanence la durabilit\u00e9 des produits en zinc.\u00a0\u00a0<span style=\"display: none;\">\u00a0<span style=\"display: none;\">\u00a0<\/span><\/span><\/p>\n","protected":false},"excerpt":{"rendered":"<p>Le zinc convient pafaitement \u00e0 une soci\u00e9t\u00e9 durable. Il s&rsquo;agit en effet\u00a0d&rsquo;un puissant \u00e9l\u00e9ment\u00a0\u00a0que l\u2019on retrouve \u00e0 l\u2019\u00e9tat naturel dans notre environnement, notamment dans la roche, le sol, l&rsquo;air et l&rsquo;eau. Le zinc joue par ailleurs un r\u00f4le essentiel dans de nombreux processus biologiques humains, animaux et v\u00e9g\u00e9taux. Le zinc estun mat\u00e9riau de construction fiable [&hellip;]<\/p>\n","protected":false},"author":9,"featured_media":0,"parent":12300,"menu_order":990,"comment_status":"closed","ping_status":"closed","template":"template-import.php","meta":{"_acf_changed":false,"footnotes":""},"class_list":["post-12318","page","type-page","status-publish","hentry"],"acf":[],"yoast_head":"<!-- This site is optimized with the Yoast SEO plugin v26.8 - https:\/\/yoast.com\/product\/yoast-seo-wordpress\/ -->\n<title>Durabilit\u00e9 de zinc \u2013 NedZink<\/title>\n<meta name=\"description\" content=\"Zink is een betrouwbaar bouwmateriaal met een zeer lange levensduur dat na zijn levensduur opnieuw gebruikt kan worden. Ontdek de voordelen van zink!\" \/>\n<meta name=\"robots\" content=\"index, follow, max-snippet:-1, max-image-preview:large, max-video-preview:-1\" \/>\n<link rel=\"canonical\" href=\"https:\/\/www.nedzink.com\/fr-be\/environnement\/durabilite-de-zinc\/\" \/>\n<meta property=\"og:locale\" content=\"fr_FR\" \/>\n<meta property=\"og:type\" content=\"article\" \/>\n<meta property=\"og:title\" content=\"Durabilit\u00e9 de zinc \u2013 NedZink\" \/>\n<meta property=\"og:description\" content=\"Zink is een betrouwbaar bouwmateriaal met een zeer lange levensduur dat na zijn levensduur opnieuw gebruikt kan worden. Ontdek de voordelen van zink!\" \/>\n<meta property=\"og:url\" content=\"https:\/\/www.nedzink.com\/fr-be\/environnement\/durabilite-de-zinc\/\" \/>\n<meta property=\"og:site_name\" content=\"NedZink\" \/>\n<meta property=\"article:modified_time\" content=\"2019-07-31T12:33:30+00:00\" \/>\n<meta property=\"og:image\" content=\"https:\/\/www.nedzink.com\/wp-content\/uploads\/import\/cms\/userfiles\/images\/divers\/1383224_green_leaves%5B1%5D.jpg\" \/>\n<meta name=\"twitter:card\" content=\"summary_large_image\" \/>\n<meta name=\"twitter:label1\" content=\"Dur\u00e9e de lecture est.\" \/>\n\t<meta name=\"twitter:data1\" content=\"1 minute\" \/>\n<script type=\"application\/ld+json\" class=\"yoast-schema-graph\">{\"@context\":\"https:\/\/schema.org\",\"@graph\":[{\"@type\":\"WebPage\",\"@id\":\"https:\/\/www.nedzink.com\/fr-be\/environnement\/durabilite-de-zinc\/\",\"url\":\"https:\/\/www.nedzink.com\/fr-be\/environnement\/durabilite-de-zinc\/\",\"name\":\"Durabilit\u00e9 de zinc \u2013 NedZink\",\"isPartOf\":{\"@id\":\"https:\/\/www.nedzink.com\/fr-be\/#website\"},\"primaryImageOfPage\":{\"@id\":\"https:\/\/www.nedzink.com\/fr-be\/environnement\/durabilite-de-zinc\/#primaryimage\"},\"image\":{\"@id\":\"https:\/\/www.nedzink.com\/fr-be\/environnement\/durabilite-de-zinc\/#primaryimage\"},\"thumbnailUrl\":\"https:\/\/www.nedzink.com\/wp-content\/uploads\/import\/cms\/userfiles\/images\/divers\/1383224_green_leaves[1].jpg\",\"datePublished\":\"2019-04-09T12:30:42+00:00\",\"dateModified\":\"2019-07-31T12:33:30+00:00\",\"description\":\"Zink is een betrouwbaar bouwmateriaal met een zeer lange levensduur dat na zijn levensduur opnieuw gebruikt kan worden. Ontdek de voordelen van zink!\",\"breadcrumb\":{\"@id\":\"https:\/\/www.nedzink.com\/fr-be\/environnement\/durabilite-de-zinc\/#breadcrumb\"},\"inLanguage\":\"fr-BE\",\"potentialAction\":[{\"@type\":\"ReadAction\",\"target\":[\"https:\/\/www.nedzink.com\/fr-be\/environnement\/durabilite-de-zinc\/\"]}]},{\"@type\":\"ImageObject\",\"inLanguage\":\"fr-BE\",\"@id\":\"https:\/\/www.nedzink.com\/fr-be\/environnement\/durabilite-de-zinc\/#primaryimage\",\"url\":\"https:\/\/www.nedzink.com\/wp-content\/uploads\/import\/cms\/userfiles\/images\/divers\/1383224_green_leaves[1].jpg\",\"contentUrl\":\"https:\/\/www.nedzink.com\/wp-content\/uploads\/import\/cms\/userfiles\/images\/divers\/1383224_green_leaves[1].jpg\"},{\"@type\":\"BreadcrumbList\",\"@id\":\"https:\/\/www.nedzink.com\/fr-be\/environnement\/durabilite-de-zinc\/#breadcrumb\",\"itemListElement\":[{\"@type\":\"ListItem\",\"position\":1,\"name\":\"Home\",\"item\":\"https:\/\/www.nedzink.com\/fr-be\/\"},{\"@type\":\"ListItem\",\"position\":2,\"name\":\"Environnement\",\"item\":\"https:\/\/www.nedzink.com\/fr-be\/environnement\/\"},{\"@type\":\"ListItem\",\"position\":3,\"name\":\"Durabilit\u00e9 de zinc\"}]},{\"@type\":\"WebSite\",\"@id\":\"https:\/\/www.nedzink.com\/fr-be\/#website\",\"url\":\"https:\/\/www.nedzink.com\/fr-be\/\",\"name\":\"NedZink\",\"description\":\"Zink fabrikant\",\"publisher\":{\"@id\":\"https:\/\/www.nedzink.com\/fr-be\/#organization\"},\"potentialAction\":[{\"@type\":\"SearchAction\",\"target\":{\"@type\":\"EntryPoint\",\"urlTemplate\":\"https:\/\/www.nedzink.com\/fr-be\/?s={search_term_string}\"},\"query-input\":{\"@type\":\"PropertyValueSpecification\",\"valueRequired\":true,\"valueName\":\"search_term_string\"}}],\"inLanguage\":\"fr-BE\"},{\"@type\":\"Organization\",\"@id\":\"https:\/\/www.nedzink.com\/fr-be\/#organization\",\"name\":\"NedZink\",\"url\":\"https:\/\/www.nedzink.com\/fr-be\/\",\"logo\":{\"@type\":\"ImageObject\",\"inLanguage\":\"fr-BE\",\"@id\":\"https:\/\/www.nedzink.com\/fr-be\/#\/schema\/logo\/image\/\",\"url\":\"https:\/\/www.nedzink.com\/wp-content\/uploads\/2019\/08\/logo-nedzink_fc_zk.jpg\",\"contentUrl\":\"https:\/\/www.nedzink.com\/wp-content\/uploads\/2019\/08\/logo-nedzink_fc_zk.jpg\",\"width\":2160,\"height\":688,\"caption\":\"NedZink\"},\"image\":{\"@id\":\"https:\/\/www.nedzink.com\/fr-be\/#\/schema\/logo\/image\/\"}}]}<\/script>\n<!-- \/ Yoast SEO plugin. -->","yoast_head_json":{"title":"Durabilit\u00e9 de zinc \u2013 NedZink","description":"Zink is een betrouwbaar bouwmateriaal met een zeer lange levensduur dat na zijn levensduur opnieuw gebruikt kan worden. Ontdek de voordelen van zink!","robots":{"index":"index","follow":"follow","max-snippet":"max-snippet:-1","max-image-preview":"max-image-preview:large","max-video-preview":"max-video-preview:-1"},"canonical":"https:\/\/www.nedzink.com\/fr-be\/environnement\/durabilite-de-zinc\/","og_locale":"fr_FR","og_type":"article","og_title":"Durabilit\u00e9 de zinc \u2013 NedZink","og_description":"Zink is een betrouwbaar bouwmateriaal met een zeer lange levensduur dat na zijn levensduur opnieuw gebruikt kan worden. Ontdek de voordelen van zink!","og_url":"https:\/\/www.nedzink.com\/fr-be\/environnement\/durabilite-de-zinc\/","og_site_name":"NedZink","article_modified_time":"2019-07-31T12:33:30+00:00","og_image":[{"url":"https:\/\/www.nedzink.com\/wp-content\/uploads\/import\/cms\/userfiles\/images\/divers\/1383224_green_leaves[1].jpg","type":"","width":"","height":""}],"twitter_card":"summary_large_image","twitter_misc":{"Dur\u00e9e de lecture est.":"1 minute"},"schema":{"@context":"https:\/\/schema.org","@graph":[{"@type":"WebPage","@id":"https:\/\/www.nedzink.com\/fr-be\/environnement\/durabilite-de-zinc\/","url":"https:\/\/www.nedzink.com\/fr-be\/environnement\/durabilite-de-zinc\/","name":"Durabilit\u00e9 de zinc \u2013 NedZink","isPartOf":{"@id":"https:\/\/www.nedzink.com\/fr-be\/#website"},"primaryImageOfPage":{"@id":"https:\/\/www.nedzink.com\/fr-be\/environnement\/durabilite-de-zinc\/#primaryimage"},"image":{"@id":"https:\/\/www.nedzink.com\/fr-be\/environnement\/durabilite-de-zinc\/#primaryimage"},"thumbnailUrl":"https:\/\/www.nedzink.com\/wp-content\/uploads\/import\/cms\/userfiles\/images\/divers\/1383224_green_leaves[1].jpg","datePublished":"2019-04-09T12:30:42+00:00","dateModified":"2019-07-31T12:33:30+00:00","description":"Zink is een betrouwbaar bouwmateriaal met een zeer lange levensduur dat na zijn levensduur opnieuw gebruikt kan worden. Ontdek de voordelen van zink!","breadcrumb":{"@id":"https:\/\/www.nedzink.com\/fr-be\/environnement\/durabilite-de-zinc\/#breadcrumb"},"inLanguage":"fr-BE","potentialAction":[{"@type":"ReadAction","target":["https:\/\/www.nedzink.com\/fr-be\/environnement\/durabilite-de-zinc\/"]}]},{"@type":"ImageObject","inLanguage":"fr-BE","@id":"https:\/\/www.nedzink.com\/fr-be\/environnement\/durabilite-de-zinc\/#primaryimage","url":"https:\/\/www.nedzink.com\/wp-content\/uploads\/import\/cms\/userfiles\/images\/divers\/1383224_green_leaves[1].jpg","contentUrl":"https:\/\/www.nedzink.com\/wp-content\/uploads\/import\/cms\/userfiles\/images\/divers\/1383224_green_leaves[1].jpg"},{"@type":"BreadcrumbList","@id":"https:\/\/www.nedzink.com\/fr-be\/environnement\/durabilite-de-zinc\/#breadcrumb","itemListElement":[{"@type":"ListItem","position":1,"name":"Home","item":"https:\/\/www.nedzink.com\/fr-be\/"},{"@type":"ListItem","position":2,"name":"Environnement","item":"https:\/\/www.nedzink.com\/fr-be\/environnement\/"},{"@type":"ListItem","position":3,"name":"Durabilit\u00e9 de zinc"}]},{"@type":"WebSite","@id":"https:\/\/www.nedzink.com\/fr-be\/#website","url":"https:\/\/www.nedzink.com\/fr-be\/","name":"NedZink","description":"Zink fabrikant","publisher":{"@id":"https:\/\/www.nedzink.com\/fr-be\/#organization"},"potentialAction":[{"@type":"SearchAction","target":{"@type":"EntryPoint","urlTemplate":"https:\/\/www.nedzink.com\/fr-be\/?s={search_term_string}"},"query-input":{"@type":"PropertyValueSpecification","valueRequired":true,"valueName":"search_term_string"}}],"inLanguage":"fr-BE"},{"@type":"Organization","@id":"https:\/\/www.nedzink.com\/fr-be\/#organization","name":"NedZink","url":"https:\/\/www.nedzink.com\/fr-be\/","logo":{"@type":"ImageObject","inLanguage":"fr-BE","@id":"https:\/\/www.nedzink.com\/fr-be\/#\/schema\/logo\/image\/","url":"https:\/\/www.nedzink.com\/wp-content\/uploads\/2019\/08\/logo-nedzink_fc_zk.jpg","contentUrl":"https:\/\/www.nedzink.com\/wp-content\/uploads\/2019\/08\/logo-nedzink_fc_zk.jpg","width":2160,"height":688,"caption":"NedZink"},"image":{"@id":"https:\/\/www.nedzink.com\/fr-be\/#\/schema\/logo\/image\/"}}]}},"_links":{"self":[{"href":"https:\/\/www.nedzink.com\/fr-be\/wp-json\/wp\/v2\/pages\/12318","targetHints":{"allow":["GET"]}}],"collection":[{"href":"https:\/\/www.nedzink.com\/fr-be\/wp-json\/wp\/v2\/pages"}],"about":[{"href":"https:\/\/www.nedzink.com\/fr-be\/wp-json\/wp\/v2\/types\/page"}],"author":[{"embeddable":true,"href":"https:\/\/www.nedzink.com\/fr-be\/wp-json\/wp\/v2\/users\/9"}],"replies":[{"embeddable":true,"href":"https:\/\/www.nedzink.com\/fr-be\/wp-json\/wp\/v2\/comments?post=12318"}],"version-history":[{"count":0,"href":"https:\/\/www.nedzink.com\/fr-be\/wp-json\/wp\/v2\/pages\/12318\/revisions"}],"up":[{"embeddable":true,"href":"https:\/\/www.nedzink.com\/fr-be\/wp-json\/wp\/v2\/pages\/12300"}],"wp:attachment":[{"href":"https:\/\/www.nedzink.com\/fr-be\/wp-json\/wp\/v2\/media?parent=12318"}],"curies":[{"name":"wp","href":"https:\/\/api.w.org\/{rel}","templated":true}]}}