{"id":12300,"date":"2019-04-09T14:30:40","date_gmt":"2019-04-09T12:30:40","guid":{"rendered":"http:\/\/136.144.181.85\/~nedzink\/environnement\/"},"modified":"2026-03-31T15:59:29","modified_gmt":"2026-03-31T13:59:29","slug":"environnement","status":"publish","type":"page","link":"https:\/\/www.nedzink.com\/fr-be\/environnement\/","title":{"rendered":"Environnement"},"content":{"rendered":"[vc_row][vc_column][vc_column_text css=\u00a0\u00bb.vc_custom_1774965562105{margin-bottom: 0px !important;}\u00a0\u00bb]\n<h3><img decoding=\"async\" style=\"height: 250px; width: 250px; float: right;\" src=\"https:\/\/www.nedzink.com\/wp-content\/uploads\/import\/cms\/userfiles\/images\/zinkviooltje.jpg\" alt=\"\" \/>Le zinc occupe une place naturelle dans notre cycle<\/h3>\n<p>Il contribue substantiellement \u00e0 pr\u00e9server notre climat. La r\u00e9duction du taux d&rsquo;acidit\u00e9 des eaux de pluie allonge sans cesse la dur\u00e9e de vie du zinc, d\u00e9j\u00e0 impressionnante. Le zinc \u00e9tant recyclable \u00e0\u00a0100%, le m\u00e9tal d&rsquo;origine peut \u00eatre r\u00e9utilis\u00e9 de tr\u00e8s nombreuses fois sans perdre ses propri\u00e9t\u00e9s. Cela permet de r\u00e9duire, sur l&rsquo;ensemble du cycle de vie, les besoins en \u00e9nergie pour la (re)production ainsi que les volumes d&rsquo;\u00e9missions et de d\u00e9chets.<\/p>\n<h3>Le meilleur choix pour une dur\u00e9e de vie allong\u00e9e et une esth\u00e9tique soign\u00e9e<\/h3>\n<p>Utilis\u00e9 pour la confection des toitures, fa\u00e7ades et syst\u00e8mes d&rsquo;\u00e9vacuation des eaux pluviales, le zinc est exceptionnellement fiable parce qu&rsquo;il dure longtemps et parce qu&rsquo;il peut \u00eatre r\u00e9utilis\u00e9. Les architectes qui con\u00e7oivent avec le zinc sont avant tout soucieux des possibilit\u00e9s d&rsquo;application et des effets d&rsquo;apparence. Les ma\u00eetres d&rsquo;ouvrage connaissent quant \u00e0 eux la valeur ajout\u00e9e du zinc pour leur bien immobilier. En outre, ce mat\u00e9riau b\u00e9n\u00e9ficie de l&rsquo;absence de frais d&rsquo;entretien. L&rsquo;\u00e9tat stimule ces choix conscients qui contribuent \u00e0 la protection et \u00e0 l&#8217;embellissement de notre environnement.<\/p>\n<h3><\/h3>\n[\/vc_column_text][\/vc_column][\/vc_row]\n","protected":false},"excerpt":{"rendered":"<p>[vc_row][vc_column][vc_column_text css=\u00a0\u00bb.vc_custom_1774965562105{margin-bottom: 0px !important;}\u00a0\u00bb] Le zinc occupe une place naturelle dans notre cycle Il contribue substantiellement \u00e0 pr\u00e9server notre climat. La r\u00e9duction du taux d&rsquo;acidit\u00e9 des eaux de pluie allonge sans cesse la dur\u00e9e de vie du zinc, d\u00e9j\u00e0 impressionnante. Le zinc \u00e9tant recyclable \u00e0\u00a0100%, le m\u00e9tal d&rsquo;origine peut \u00eatre r\u00e9utilis\u00e9 de tr\u00e8s nombreuses fois [&hellip;]<\/p>\n","protected":false},"author":9,"featured_media":0,"parent":0,"menu_order":60,"comment_status":"closed","ping_status":"closed","template":"template-import.php","meta":{"_acf_changed":false,"footnotes":""},"class_list":["post-12300","page","type-page","status-publish","hentry"],"acf":[],"yoast_head":"<!-- This site is optimized with the Yoast SEO plugin v26.8 - https:\/\/yoast.com\/product\/yoast-seo-wordpress\/ -->\n<title>Environnement \u2013 NedZink<\/title>\n<meta name=\"description\" content=\"Zink heeft een natuurlijke plaats in onze kringloop en helpt substantieel bij de verduurzaming van ons leefklimaat. Zink is 100% recyclebaar.\" \/>\n<meta name=\"robots\" content=\"index, follow, max-snippet:-1, max-image-preview:large, max-video-preview:-1\" \/>\n<link rel=\"canonical\" href=\"https:\/\/www.nedzink.com\/fr-be\/environnement\/\" \/>\n<meta property=\"og:locale\" content=\"fr_FR\" \/>\n<meta property=\"og:type\" content=\"article\" \/>\n<meta property=\"og:title\" content=\"Environnement \u2013 NedZink\" \/>\n<meta property=\"og:description\" content=\"Zink heeft een natuurlijke plaats in onze kringloop en helpt substantieel bij de verduurzaming van ons leefklimaat. Zink is 100% recyclebaar.\" \/>\n<meta property=\"og:url\" content=\"https:\/\/www.nedzink.com\/fr-be\/environnement\/\" \/>\n<meta property=\"og:site_name\" content=\"NedZink\" \/>\n<meta property=\"article:modified_time\" content=\"2026-03-31T13:59:29+00:00\" \/>\n<meta property=\"og:image\" content=\"https:\/\/www.nedzink.com\/wp-content\/uploads\/import\/cms\/userfiles\/images\/zinkviooltje.jpg\" \/>\n<meta name=\"twitter:card\" content=\"summary_large_image\" \/>\n<meta name=\"twitter:label1\" content=\"Dur\u00e9e de lecture est.\" \/>\n\t<meta name=\"twitter:data1\" content=\"2 minutes\" \/>\n<script type=\"application\/ld+json\" class=\"yoast-schema-graph\">{\"@context\":\"https:\/\/schema.org\",\"@graph\":[{\"@type\":\"WebPage\",\"@id\":\"https:\/\/www.nedzink.com\/fr-be\/environnement\/\",\"url\":\"https:\/\/www.nedzink.com\/fr-be\/environnement\/\",\"name\":\"Environnement \u2013 NedZink\",\"isPartOf\":{\"@id\":\"https:\/\/www.nedzink.com\/fr-be\/#website\"},\"primaryImageOfPage\":{\"@id\":\"https:\/\/www.nedzink.com\/fr-be\/environnement\/#primaryimage\"},\"image\":{\"@id\":\"https:\/\/www.nedzink.com\/fr-be\/environnement\/#primaryimage\"},\"thumbnailUrl\":\"https:\/\/www.nedzink.com\/wp-content\/uploads\/import\/cms\/userfiles\/images\/zinkviooltje.jpg\",\"datePublished\":\"2019-04-09T12:30:40+00:00\",\"dateModified\":\"2026-03-31T13:59:29+00:00\",\"description\":\"Zink heeft een natuurlijke plaats in onze kringloop en helpt substantieel bij de verduurzaming van ons leefklimaat. Zink is 100% recyclebaar.\",\"breadcrumb\":{\"@id\":\"https:\/\/www.nedzink.com\/fr-be\/environnement\/#breadcrumb\"},\"inLanguage\":\"fr-BE\",\"potentialAction\":[{\"@type\":\"ReadAction\",\"target\":[\"https:\/\/www.nedzink.com\/fr-be\/environnement\/\"]}]},{\"@type\":\"ImageObject\",\"inLanguage\":\"fr-BE\",\"@id\":\"https:\/\/www.nedzink.com\/fr-be\/environnement\/#primaryimage\",\"url\":\"https:\/\/www.nedzink.com\/wp-content\/uploads\/import\/cms\/userfiles\/images\/zinkviooltje.jpg\",\"contentUrl\":\"https:\/\/www.nedzink.com\/wp-content\/uploads\/import\/cms\/userfiles\/images\/zinkviooltje.jpg\"},{\"@type\":\"BreadcrumbList\",\"@id\":\"https:\/\/www.nedzink.com\/fr-be\/environnement\/#breadcrumb\",\"itemListElement\":[{\"@type\":\"ListItem\",\"position\":1,\"name\":\"Home\",\"item\":\"https:\/\/www.nedzink.com\/fr-be\/\"},{\"@type\":\"ListItem\",\"position\":2,\"name\":\"Environnement\"}]},{\"@type\":\"WebSite\",\"@id\":\"https:\/\/www.nedzink.com\/fr-be\/#website\",\"url\":\"https:\/\/www.nedzink.com\/fr-be\/\",\"name\":\"NedZink\",\"description\":\"Zink fabrikant\",\"publisher\":{\"@id\":\"https:\/\/www.nedzink.com\/fr-be\/#organization\"},\"potentialAction\":[{\"@type\":\"SearchAction\",\"target\":{\"@type\":\"EntryPoint\",\"urlTemplate\":\"https:\/\/www.nedzink.com\/fr-be\/?s={search_term_string}\"},\"query-input\":{\"@type\":\"PropertyValueSpecification\",\"valueRequired\":true,\"valueName\":\"search_term_string\"}}],\"inLanguage\":\"fr-BE\"},{\"@type\":\"Organization\",\"@id\":\"https:\/\/www.nedzink.com\/fr-be\/#organization\",\"name\":\"NedZink\",\"url\":\"https:\/\/www.nedzink.com\/fr-be\/\",\"logo\":{\"@type\":\"ImageObject\",\"inLanguage\":\"fr-BE\",\"@id\":\"https:\/\/www.nedzink.com\/fr-be\/#\/schema\/logo\/image\/\",\"url\":\"https:\/\/www.nedzink.com\/wp-content\/uploads\/2019\/08\/logo-nedzink_fc_zk.jpg\",\"contentUrl\":\"https:\/\/www.nedzink.com\/wp-content\/uploads\/2019\/08\/logo-nedzink_fc_zk.jpg\",\"width\":2160,\"height\":688,\"caption\":\"NedZink\"},\"image\":{\"@id\":\"https:\/\/www.nedzink.com\/fr-be\/#\/schema\/logo\/image\/\"}}]}<\/script>\n<!-- \/ Yoast SEO plugin. -->","yoast_head_json":{"title":"Environnement \u2013 NedZink","description":"Zink heeft een natuurlijke plaats in onze kringloop en helpt substantieel bij de verduurzaming van ons leefklimaat. Zink is 100% recyclebaar.","robots":{"index":"index","follow":"follow","max-snippet":"max-snippet:-1","max-image-preview":"max-image-preview:large","max-video-preview":"max-video-preview:-1"},"canonical":"https:\/\/www.nedzink.com\/fr-be\/environnement\/","og_locale":"fr_FR","og_type":"article","og_title":"Environnement \u2013 NedZink","og_description":"Zink heeft een natuurlijke plaats in onze kringloop en helpt substantieel bij de verduurzaming van ons leefklimaat. Zink is 100% recyclebaar.","og_url":"https:\/\/www.nedzink.com\/fr-be\/environnement\/","og_site_name":"NedZink","article_modified_time":"2026-03-31T13:59:29+00:00","og_image":[{"url":"https:\/\/www.nedzink.com\/wp-content\/uploads\/import\/cms\/userfiles\/images\/zinkviooltje.jpg","type":"","width":"","height":""}],"twitter_card":"summary_large_image","twitter_misc":{"Dur\u00e9e de lecture est.":"2 minutes"},"schema":{"@context":"https:\/\/schema.org","@graph":[{"@type":"WebPage","@id":"https:\/\/www.nedzink.com\/fr-be\/environnement\/","url":"https:\/\/www.nedzink.com\/fr-be\/environnement\/","name":"Environnement \u2013 NedZink","isPartOf":{"@id":"https:\/\/www.nedzink.com\/fr-be\/#website"},"primaryImageOfPage":{"@id":"https:\/\/www.nedzink.com\/fr-be\/environnement\/#primaryimage"},"image":{"@id":"https:\/\/www.nedzink.com\/fr-be\/environnement\/#primaryimage"},"thumbnailUrl":"https:\/\/www.nedzink.com\/wp-content\/uploads\/import\/cms\/userfiles\/images\/zinkviooltje.jpg","datePublished":"2019-04-09T12:30:40+00:00","dateModified":"2026-03-31T13:59:29+00:00","description":"Zink heeft een natuurlijke plaats in onze kringloop en helpt substantieel bij de verduurzaming van ons leefklimaat. Zink is 100% recyclebaar.","breadcrumb":{"@id":"https:\/\/www.nedzink.com\/fr-be\/environnement\/#breadcrumb"},"inLanguage":"fr-BE","potentialAction":[{"@type":"ReadAction","target":["https:\/\/www.nedzink.com\/fr-be\/environnement\/"]}]},{"@type":"ImageObject","inLanguage":"fr-BE","@id":"https:\/\/www.nedzink.com\/fr-be\/environnement\/#primaryimage","url":"https:\/\/www.nedzink.com\/wp-content\/uploads\/import\/cms\/userfiles\/images\/zinkviooltje.jpg","contentUrl":"https:\/\/www.nedzink.com\/wp-content\/uploads\/import\/cms\/userfiles\/images\/zinkviooltje.jpg"},{"@type":"BreadcrumbList","@id":"https:\/\/www.nedzink.com\/fr-be\/environnement\/#breadcrumb","itemListElement":[{"@type":"ListItem","position":1,"name":"Home","item":"https:\/\/www.nedzink.com\/fr-be\/"},{"@type":"ListItem","position":2,"name":"Environnement"}]},{"@type":"WebSite","@id":"https:\/\/www.nedzink.com\/fr-be\/#website","url":"https:\/\/www.nedzink.com\/fr-be\/","name":"NedZink","description":"Zink fabrikant","publisher":{"@id":"https:\/\/www.nedzink.com\/fr-be\/#organization"},"potentialAction":[{"@type":"SearchAction","target":{"@type":"EntryPoint","urlTemplate":"https:\/\/www.nedzink.com\/fr-be\/?s={search_term_string}"},"query-input":{"@type":"PropertyValueSpecification","valueRequired":true,"valueName":"search_term_string"}}],"inLanguage":"fr-BE"},{"@type":"Organization","@id":"https:\/\/www.nedzink.com\/fr-be\/#organization","name":"NedZink","url":"https:\/\/www.nedzink.com\/fr-be\/","logo":{"@type":"ImageObject","inLanguage":"fr-BE","@id":"https:\/\/www.nedzink.com\/fr-be\/#\/schema\/logo\/image\/","url":"https:\/\/www.nedzink.com\/wp-content\/uploads\/2019\/08\/logo-nedzink_fc_zk.jpg","contentUrl":"https:\/\/www.nedzink.com\/wp-content\/uploads\/2019\/08\/logo-nedzink_fc_zk.jpg","width":2160,"height":688,"caption":"NedZink"},"image":{"@id":"https:\/\/www.nedzink.com\/fr-be\/#\/schema\/logo\/image\/"}}]}},"_links":{"self":[{"href":"https:\/\/www.nedzink.com\/fr-be\/wp-json\/wp\/v2\/pages\/12300","targetHints":{"allow":["GET"]}}],"collection":[{"href":"https:\/\/www.nedzink.com\/fr-be\/wp-json\/wp\/v2\/pages"}],"about":[{"href":"https:\/\/www.nedzink.com\/fr-be\/wp-json\/wp\/v2\/types\/page"}],"author":[{"embeddable":true,"href":"https:\/\/www.nedzink.com\/fr-be\/wp-json\/wp\/v2\/users\/9"}],"replies":[{"embeddable":true,"href":"https:\/\/www.nedzink.com\/fr-be\/wp-json\/wp\/v2\/comments?post=12300"}],"version-history":[{"count":2,"href":"https:\/\/www.nedzink.com\/fr-be\/wp-json\/wp\/v2\/pages\/12300\/revisions"}],"predecessor-version":[{"id":140406,"href":"https:\/\/www.nedzink.com\/fr-be\/wp-json\/wp\/v2\/pages\/12300\/revisions\/140406"}],"wp:attachment":[{"href":"https:\/\/www.nedzink.com\/fr-be\/wp-json\/wp\/v2\/media?parent=12300"}],"curies":[{"name":"wp","href":"https:\/\/api.w.org\/{rel}","templated":true}]}}