{"id":12219,"date":"2019-04-09T14:29:57","date_gmt":"2019-04-09T12:29:57","guid":{"rendered":"http:\/\/136.144.181.85\/~nedzink\/produits\/feuilles\/"},"modified":"2020-03-10T13:49:09","modified_gmt":"2020-03-10T12:49:09","slug":"feuilles","status":"publish","type":"page","link":"https:\/\/www.nedzink.com\/fr-be\/produits\/feuilles\/","title":{"rendered":"NedZink Feuilles"},"content":{"rendered":"[vc_row][vc_column width=\u00a0\u00bb1\/2&Prime;][vc_column_text css=\u00a0\u00bb.vc_custom_1567761148249{margin-bottom: 0px !important;}\u00a0\u00bb]\n<h3>NedZink NATUREL &#8211; Feuilles | Palette | 500 kg<\/h3>\n[\/vc_column_text][mk_table]\n<table style=\"height: 144px;\" width=\"100%\">\n<thead>\n<tr style=\"height: 24px;\">\n<th style=\"height: 24px;\">\u00e9paisseur<\/th>\n<th style=\"height: 24px;\">longueur x largeur<\/th>\n<th style=\"height: 24px;\">code<\/th>\n<\/tr>\n<\/thead>\n<tbody>\n<tr style=\"height: 24px;\">\n<td style=\"height: 24px;\">0,6 mm<\/td>\n<td style=\"height: 24px;\">2250 x 1000 mm<\/td>\n<td style=\"height: 24px;\">FZ60<\/td>\n<\/tr>\n<tr style=\"height: 24px;\">\n<td style=\"height: 24px;\">0,7 mm<\/td>\n<td style=\"height: 24px;\">2250 x 1000 mm<\/td>\n<td style=\"height: 24px;\">FZ70<\/td>\n<\/tr>\n<tr style=\"height: 24px;\">\n<td style=\"height: 24px;\">0,8 mm<\/td>\n<td style=\"height: 24px;\">2250 x 1000 mm<\/td>\n<td style=\"height: 24px;\">FZ80<\/td>\n<\/tr>\n<tr style=\"height: 24px;\">\n<td style=\"height: 24px;\">1 mm<\/td>\n<td style=\"height: 24px;\">2250 x 1000 mm<\/td>\n<td style=\"height: 24px;\">FZ1000<\/td>\n<\/tr>\n<\/tbody>\n<\/table>\n[\/mk_table][vc_column_text css=\u00a0\u00bb.vc_custom_1567761203766{margin-bottom: 0px !important;}\u00a0\u00bb]\n<h3>NedZink NATUREL &#8211; Feuilles | Palette | 1 tonne<\/h3>\n[\/vc_column_text][mk_table]\n<table style=\"height: 144px;\" width=\"100%\">\n<thead>\n<tr style=\"height: 24px;\">\n<th style=\"height: 24px;\">\u00e9paisseur<\/th>\n<th style=\"height: 24px;\">longueur x largeur<\/th>\n<th style=\"height: 24px;\">code<\/th>\n<\/tr>\n<\/thead>\n<tbody>\n<tr style=\"height: 24px;\">\n<td style=\"height: 24px;\">0,6 mm<\/td>\n<td style=\"height: 24px;\">2000 x 1000 mm<\/td>\n<td style=\"height: 24px;\">FZ602<\/td>\n<\/tr>\n<tr style=\"height: 24px;\">\n<td style=\"height: 24px;\">0,65 mm<\/td>\n<td style=\"height: 24px;\">2000 x 1000 mm<\/td>\n<td style=\"height: 24px;\">FZ652<\/td>\n<\/tr>\n<tr style=\"height: 24px;\">\n<td style=\"height: 24px;\">0,7 mm<\/td>\n<td style=\"height: 24px;\">2000 x 1000 mm<\/td>\n<td style=\"height: 24px;\">FZ702<\/td>\n<\/tr>\n<tr style=\"height: 24px;\">\n<td style=\"height: 24px;\">0,8 mm<\/td>\n<td style=\"height: 24px;\">2000 x 1000 mm<\/td>\n<td style=\"height: 24px;\">FZ802<\/td>\n<\/tr>\n<tr style=\"height: 24px;\">\n<td style=\"height: 24px;\">0,6 mm<\/td>\n<td style=\"height: 24px;\">2250 x 1000 mm<\/td>\n<td style=\"height: 24px;\">FZ60<\/td>\n<\/tr>\n<tr style=\"height: 24px;\">\n<td style=\"height: 24px;\">0,7 mm<\/td>\n<td style=\"height: 24px;\">2250 x 1000 mm<\/td>\n<td style=\"height: 24px;\">FZ70<\/td>\n<\/tr>\n<tr style=\"height: 24px;\">\n<td style=\"height: 24px;\">0,8 mm<\/td>\n<td style=\"height: 24px;\">2250 x 1000 mm<\/td>\n<td style=\"height: 24px;\">FZ80<\/td>\n<\/tr>\n<tr style=\"height: 24px;\">\n<td style=\"height: 24px;\">1 mm<\/td>\n<td style=\"height: 24px;\">2250 x 1000 mm<\/td>\n<td style=\"height: 24px;\">FZ100<\/td>\n<\/tr>\n<\/tbody>\n<\/table>\n[\/mk_table][vc_column_text css=\u00a0\u00bb.vc_custom_1567761425915{margin-bottom: 0px !important;}\u00a0\u00bb]\n<h3>NedZink NOVA &#8211; Feuilles | Palette | 500 kg<\/h3>\n[\/vc_column_text][mk_table]\n<table style=\"height: 144px;\" width=\"100%\">\n<thead>\n<tr style=\"height: 24px;\">\n<th style=\"height: 24px;\">\u00e9paisseur<\/th>\n<th style=\"height: 24px;\">longueur x largeur<\/th>\n<th style=\"height: 24px;\">code<\/th>\n<\/tr>\n<\/thead>\n<tbody>\n<tr style=\"height: 24px;\">\n<td style=\"height: 24px;\">0,7 mm<\/td>\n<td style=\"height: 24px;\">2000 x 1000 mm<\/td>\n<td style=\"height: 24px;\">FPNV7<\/td>\n<\/tr>\n<tr style=\"height: 24px;\">\n<td style=\"height: 24px;\">0,8 mm<\/td>\n<td style=\"height: 24px;\">2000 x 1000 mm<\/td>\n<td style=\"height: 24px;\">FPNV8<\/td>\n<\/tr>\n<tr style=\"height: 24px;\">\n<td style=\"height: 24px;\">0,7 mm<\/td>\n<td style=\"height: 24px;\">2250 x 1000 mm<\/td>\n<td style=\"height: 24px;\">FPNV70225<\/td>\n<\/tr>\n<tr style=\"height: 24px;\">\n<td style=\"height: 24px;\">0,8 mm<\/td>\n<td style=\"height: 24px;\">2250 x 1000 mm<\/td>\n<td style=\"height: 24px;\">FPNV80225<\/td>\n<\/tr>\n<\/tbody>\n<\/table>\n[\/mk_table][vc_column_text css=\u00a0\u00bb.vc_custom_1567761544418{margin-bottom: 0px !important;}\u00a0\u00bb]\n<h3>NedZink NOIR &#8211; Feuilles | Palette | 500 kg<\/h3>\n[\/vc_column_text][mk_table]\n<table style=\"height: 144px;\" width=\"100%\">\n<thead>\n<tr style=\"height: 24px;\">\n<th style=\"height: 24px;\">\u00e9paisseur<\/th>\n<th style=\"height: 24px;\">longueur x largeur<\/th>\n<th style=\"height: 24px;\">code<\/th>\n<\/tr>\n<\/thead>\n<tbody>\n<tr style=\"height: 24px;\">\n<td style=\"height: 24px;\">0,7 mm<\/td>\n<td style=\"height: 24px;\">2000 x 1000 mm<\/td>\n<td style=\"height: 24px;\">FPN<\/td>\n<\/tr>\n<tr style=\"height: 24px;\">\n<td style=\"height: 24px;\">0,8 mm<\/td>\n<td style=\"height: 24px;\">2000 x 1000 mm<\/td>\n<td style=\"height: 24px;\">FPN8<\/td>\n<\/tr>\n<tr style=\"height: 24px;\">\n<td style=\"height: 24px;\">0,7 mm<\/td>\n<td style=\"height: 24px;\">2250 x 1000 mm<\/td>\n<td style=\"height: 24px;\">FPN70225<\/td>\n<\/tr>\n<tr style=\"height: 24px;\">\n<td style=\"height: 24px;\">0,8 mm<\/td>\n<td style=\"height: 24px;\">2250 x 1000 mm<\/td>\n<td style=\"height: 24px;\">FPN80225<\/td>\n<\/tr>\n<\/tbody>\n<\/table>\n[\/mk_table][\/vc_column][vc_column width=\u00a0\u00bb1\/2&Prime;][vc_single_image image=\u00a0\u00bb35406&Prime; img_size=\u00a0\u00bbfull\u00a0\u00bb alignment=\u00a0\u00bbcenter\u00a0\u00bb][\/vc_column][\/vc_row]\n","protected":false},"excerpt":{"rendered":"<p>[vc_row][vc_column width=\u00a0\u00bb1\/2&Prime;][vc_column_text css=\u00a0\u00bb.vc_custom_1567761148249{margin-bottom: 0px !important;}\u00a0\u00bb] NedZink NATUREL &#8211; Feuilles | Palette | 500 kg [\/vc_column_text][mk_table] \u00e9paisseur longueur x largeur code 0,6 mm 2250 x 1000 mm FZ60 0,7 mm 2250 x 1000 mm FZ70 0,8 mm 2250 x 1000 mm FZ80 1 mm 2250 x 1000 mm FZ1000 [\/mk_table][vc_column_text css=\u00a0\u00bb.vc_custom_1567761203766{margin-bottom: 0px !important;}\u00a0\u00bb] NedZink NATUREL &#8211; [&hellip;]<\/p>\n","protected":false},"author":9,"featured_media":0,"parent":12199,"menu_order":270,"comment_status":"closed","ping_status":"closed","template":"template-import.php","meta":{"_acf_changed":false,"footnotes":""},"class_list":["post-12219","page","type-page","status-publish","hentry"],"acf":[],"yoast_head":"<!-- This site is optimized with the Yoast SEO plugin v26.8 - https:\/\/yoast.com\/product\/yoast-seo-wordpress\/ -->\n<title>Feuilles \u2013 NedZink<\/title>\n<meta name=\"description\" content=\"\u2022 Handelsafmetingen: 1000\u00d72000 mm - 1000\u00d72250 mm - 1000\u00d73000 mm \u2022 Materiaaldikte: 0,65 \u2013 0,70 \u2013 0,80 \u2013 1,00 mm \u2022 Overige maten en diktes zijn op aanvraag.\" \/>\n<meta name=\"robots\" content=\"index, follow, max-snippet:-1, max-image-preview:large, max-video-preview:-1\" \/>\n<link rel=\"canonical\" href=\"https:\/\/www.nedzink.com\/fr-be\/produits\/feuilles\/\" \/>\n<meta property=\"og:locale\" content=\"fr_FR\" \/>\n<meta property=\"og:type\" content=\"article\" \/>\n<meta property=\"og:title\" content=\"Feuilles \u2013 NedZink\" \/>\n<meta property=\"og:description\" content=\"\u2022 Handelsafmetingen: 1000\u00d72000 mm - 1000\u00d72250 mm - 1000\u00d73000 mm \u2022 Materiaaldikte: 0,65 \u2013 0,70 \u2013 0,80 \u2013 1,00 mm \u2022 Overige maten en diktes zijn op aanvraag.\" \/>\n<meta property=\"og:url\" content=\"https:\/\/www.nedzink.com\/fr-be\/produits\/feuilles\/\" \/>\n<meta property=\"og:site_name\" content=\"NedZink\" \/>\n<meta property=\"article:modified_time\" content=\"2020-03-10T12:49:09+00:00\" \/>\n<meta name=\"twitter:card\" content=\"summary_large_image\" \/>\n<meta name=\"twitter:label1\" content=\"Dur\u00e9e de lecture est.\" \/>\n\t<meta name=\"twitter:data1\" content=\"1 minute\" \/>\n<script type=\"application\/ld+json\" class=\"yoast-schema-graph\">{\"@context\":\"https:\/\/schema.org\",\"@graph\":[{\"@type\":\"WebPage\",\"@id\":\"https:\/\/www.nedzink.com\/fr-be\/produits\/feuilles\/\",\"url\":\"https:\/\/www.nedzink.com\/fr-be\/produits\/feuilles\/\",\"name\":\"Feuilles \u2013 NedZink\",\"isPartOf\":{\"@id\":\"https:\/\/www.nedzink.com\/fr-be\/#website\"},\"datePublished\":\"2019-04-09T12:29:57+00:00\",\"dateModified\":\"2020-03-10T12:49:09+00:00\",\"description\":\"\u2022 Handelsafmetingen: 1000\u00d72000 mm - 1000\u00d72250 mm - 1000\u00d73000 mm \u2022 Materiaaldikte: 0,65 \u2013 0,70 \u2013 0,80 \u2013 1,00 mm \u2022 Overige maten en diktes zijn op aanvraag.\",\"breadcrumb\":{\"@id\":\"https:\/\/www.nedzink.com\/fr-be\/produits\/feuilles\/#breadcrumb\"},\"inLanguage\":\"fr-BE\",\"potentialAction\":[{\"@type\":\"ReadAction\",\"target\":[\"https:\/\/www.nedzink.com\/fr-be\/produits\/feuilles\/\"]}]},{\"@type\":\"BreadcrumbList\",\"@id\":\"https:\/\/www.nedzink.com\/fr-be\/produits\/feuilles\/#breadcrumb\",\"itemListElement\":[{\"@type\":\"ListItem\",\"position\":1,\"name\":\"Home\",\"item\":\"https:\/\/www.nedzink.com\/fr-be\/\"},{\"@type\":\"ListItem\",\"position\":2,\"name\":\"Produits\",\"item\":\"https:\/\/www.nedzink.com\/fr-be\/produits\/\"},{\"@type\":\"ListItem\",\"position\":3,\"name\":\"NedZink Feuilles\"}]},{\"@type\":\"WebSite\",\"@id\":\"https:\/\/www.nedzink.com\/fr-be\/#website\",\"url\":\"https:\/\/www.nedzink.com\/fr-be\/\",\"name\":\"NedZink\",\"description\":\"Zink fabrikant\",\"publisher\":{\"@id\":\"https:\/\/www.nedzink.com\/fr-be\/#organization\"},\"potentialAction\":[{\"@type\":\"SearchAction\",\"target\":{\"@type\":\"EntryPoint\",\"urlTemplate\":\"https:\/\/www.nedzink.com\/fr-be\/?s={search_term_string}\"},\"query-input\":{\"@type\":\"PropertyValueSpecification\",\"valueRequired\":true,\"valueName\":\"search_term_string\"}}],\"inLanguage\":\"fr-BE\"},{\"@type\":\"Organization\",\"@id\":\"https:\/\/www.nedzink.com\/fr-be\/#organization\",\"name\":\"NedZink\",\"url\":\"https:\/\/www.nedzink.com\/fr-be\/\",\"logo\":{\"@type\":\"ImageObject\",\"inLanguage\":\"fr-BE\",\"@id\":\"https:\/\/www.nedzink.com\/fr-be\/#\/schema\/logo\/image\/\",\"url\":\"https:\/\/www.nedzink.com\/wp-content\/uploads\/2019\/08\/logo-nedzink_fc_zk.jpg\",\"contentUrl\":\"https:\/\/www.nedzink.com\/wp-content\/uploads\/2019\/08\/logo-nedzink_fc_zk.jpg\",\"width\":2160,\"height\":688,\"caption\":\"NedZink\"},\"image\":{\"@id\":\"https:\/\/www.nedzink.com\/fr-be\/#\/schema\/logo\/image\/\"}}]}<\/script>\n<!-- \/ Yoast SEO plugin. -->","yoast_head_json":{"title":"Feuilles \u2013 NedZink","description":"\u2022 Handelsafmetingen: 1000\u00d72000 mm - 1000\u00d72250 mm - 1000\u00d73000 mm \u2022 Materiaaldikte: 0,65 \u2013 0,70 \u2013 0,80 \u2013 1,00 mm \u2022 Overige maten en diktes zijn op aanvraag.","robots":{"index":"index","follow":"follow","max-snippet":"max-snippet:-1","max-image-preview":"max-image-preview:large","max-video-preview":"max-video-preview:-1"},"canonical":"https:\/\/www.nedzink.com\/fr-be\/produits\/feuilles\/","og_locale":"fr_FR","og_type":"article","og_title":"Feuilles \u2013 NedZink","og_description":"\u2022 Handelsafmetingen: 1000\u00d72000 mm - 1000\u00d72250 mm - 1000\u00d73000 mm \u2022 Materiaaldikte: 0,65 \u2013 0,70 \u2013 0,80 \u2013 1,00 mm \u2022 Overige maten en diktes zijn op aanvraag.","og_url":"https:\/\/www.nedzink.com\/fr-be\/produits\/feuilles\/","og_site_name":"NedZink","article_modified_time":"2020-03-10T12:49:09+00:00","twitter_card":"summary_large_image","twitter_misc":{"Dur\u00e9e de lecture est.":"1 minute"},"schema":{"@context":"https:\/\/schema.org","@graph":[{"@type":"WebPage","@id":"https:\/\/www.nedzink.com\/fr-be\/produits\/feuilles\/","url":"https:\/\/www.nedzink.com\/fr-be\/produits\/feuilles\/","name":"Feuilles \u2013 NedZink","isPartOf":{"@id":"https:\/\/www.nedzink.com\/fr-be\/#website"},"datePublished":"2019-04-09T12:29:57+00:00","dateModified":"2020-03-10T12:49:09+00:00","description":"\u2022 Handelsafmetingen: 1000\u00d72000 mm - 1000\u00d72250 mm - 1000\u00d73000 mm \u2022 Materiaaldikte: 0,65 \u2013 0,70 \u2013 0,80 \u2013 1,00 mm \u2022 Overige maten en diktes zijn op aanvraag.","breadcrumb":{"@id":"https:\/\/www.nedzink.com\/fr-be\/produits\/feuilles\/#breadcrumb"},"inLanguage":"fr-BE","potentialAction":[{"@type":"ReadAction","target":["https:\/\/www.nedzink.com\/fr-be\/produits\/feuilles\/"]}]},{"@type":"BreadcrumbList","@id":"https:\/\/www.nedzink.com\/fr-be\/produits\/feuilles\/#breadcrumb","itemListElement":[{"@type":"ListItem","position":1,"name":"Home","item":"https:\/\/www.nedzink.com\/fr-be\/"},{"@type":"ListItem","position":2,"name":"Produits","item":"https:\/\/www.nedzink.com\/fr-be\/produits\/"},{"@type":"ListItem","position":3,"name":"NedZink Feuilles"}]},{"@type":"WebSite","@id":"https:\/\/www.nedzink.com\/fr-be\/#website","url":"https:\/\/www.nedzink.com\/fr-be\/","name":"NedZink","description":"Zink fabrikant","publisher":{"@id":"https:\/\/www.nedzink.com\/fr-be\/#organization"},"potentialAction":[{"@type":"SearchAction","target":{"@type":"EntryPoint","urlTemplate":"https:\/\/www.nedzink.com\/fr-be\/?s={search_term_string}"},"query-input":{"@type":"PropertyValueSpecification","valueRequired":true,"valueName":"search_term_string"}}],"inLanguage":"fr-BE"},{"@type":"Organization","@id":"https:\/\/www.nedzink.com\/fr-be\/#organization","name":"NedZink","url":"https:\/\/www.nedzink.com\/fr-be\/","logo":{"@type":"ImageObject","inLanguage":"fr-BE","@id":"https:\/\/www.nedzink.com\/fr-be\/#\/schema\/logo\/image\/","url":"https:\/\/www.nedzink.com\/wp-content\/uploads\/2019\/08\/logo-nedzink_fc_zk.jpg","contentUrl":"https:\/\/www.nedzink.com\/wp-content\/uploads\/2019\/08\/logo-nedzink_fc_zk.jpg","width":2160,"height":688,"caption":"NedZink"},"image":{"@id":"https:\/\/www.nedzink.com\/fr-be\/#\/schema\/logo\/image\/"}}]}},"_links":{"self":[{"href":"https:\/\/www.nedzink.com\/fr-be\/wp-json\/wp\/v2\/pages\/12219","targetHints":{"allow":["GET"]}}],"collection":[{"href":"https:\/\/www.nedzink.com\/fr-be\/wp-json\/wp\/v2\/pages"}],"about":[{"href":"https:\/\/www.nedzink.com\/fr-be\/wp-json\/wp\/v2\/types\/page"}],"author":[{"embeddable":true,"href":"https:\/\/www.nedzink.com\/fr-be\/wp-json\/wp\/v2\/users\/9"}],"replies":[{"embeddable":true,"href":"https:\/\/www.nedzink.com\/fr-be\/wp-json\/wp\/v2\/comments?post=12219"}],"version-history":[{"count":0,"href":"https:\/\/www.nedzink.com\/fr-be\/wp-json\/wp\/v2\/pages\/12219\/revisions"}],"up":[{"embeddable":true,"href":"https:\/\/www.nedzink.com\/fr-be\/wp-json\/wp\/v2\/pages\/12199"}],"wp:attachment":[{"href":"https:\/\/www.nedzink.com\/fr-be\/wp-json\/wp\/v2\/media?parent=12219"}],"curies":[{"name":"wp","href":"https:\/\/api.w.org\/{rel}","templated":true}]}}