{"id":121796,"date":"2022-11-14T16:11:27","date_gmt":"2022-11-14T15:11:27","guid":{"rendered":"https:\/\/www.nedzink.com\/?page_id=121796"},"modified":"2024-05-31T09:42:33","modified_gmt":"2024-05-31T07:42:33","slug":"our-promise-to-the-planet","status":"publish","type":"page","link":"https:\/\/www.nedzink.com\/fr-be\/sur-nedzink\/our-promise-to-the-planet\/","title":{"rendered":"Our promise to the planet"},"content":{"rendered":"[vc_row][vc_column][mk_padding_divider][\/vc_column][\/vc_row][vc_row el_class=\u00a0\u00bbhome-waarom-nedzink rij-wit-schaduw\u00a0\u00bb][vc_column][mk_padding_divider size=\u00a0\u00bb20&Prime;][vc_column_text css=\u00a0\u00bb.vc_custom_1666007309759{margin-bottom: 0px !important;}\u00a0\u00bb]\n<h1>Notre promesse envers la plan\u00e8te.<\/h1>\n[\/vc_column_text][mk_padding_divider size=\u00a0\u00bb20&Prime;][vc_row_inner][vc_column_inner width=\u00a0\u00bb2\/3&Prime;][vc_column_text css=\u00a0\u00bb.vc_custom_1717141326892{margin-bottom: 0px !important;}\u00a0\u00bb]Chez NedZink, nous voulons assumer la responsabilit\u00e9 de contribuer \u00e0 un monde meilleur. Nonseulement en r\u00e9duisant notre empreinte carbone et en ayant recours \u00e0 des \u00e9nergies renouvelables, mais aussi en prenant un certain recul et en \u00e9valuant comment nous pouvons contribuer aux objectifs de durabilit\u00e9 mondiaux.<\/p>\n<div class=\"div-block-3\"><a href=\"https:\/\/ourpromise.nedzink.com\/fr\">ourpromise.nedzink.com<\/a><\/div>\n[\/vc_column_text][mk_padding_divider][vc_video title=\u00a0\u00bbOnze belofte aan de planeet\u00a0\u00bb link=\u00a0\u00bbhttps:\/\/youtu.be\/svjSRMefpyE\u00a0\u00bb autoplay=\u00a0\u00bbtrue\u00a0\u00bb][mk_padding_divider][vc_column_text css=\u00a0\u00bb.vc_custom_1668438522654{margin-bottom: 0px !important;}\u00a0\u00bb]<strong><a href=\"https:\/\/ourpromise.nedzink.com\/fr\">ourpromise.nedzink.com<\/a><\/strong>[\/vc_column_text][\/vc_column_inner][vc_column_inner width=\u00a0\u00bb1\/3&Prime;][vc_single_image image=\u00a0\u00bb121240&Prime; img_size=\u00a0\u00bb275&#215;275&Prime; alignment=\u00a0\u00bbcenter\u00a0\u00bb][mk_padding_divider][\/vc_column_inner][\/vc_row_inner][\/vc_column][\/vc_row][vc_row][vc_column][mk_padding_divider][\/vc_column][\/vc_row]\n","protected":false},"excerpt":{"rendered":"<p>[vc_row][vc_column][mk_padding_divider][\/vc_column][\/vc_row][vc_row el_class=\u00a0\u00bbhome-waarom-nedzink rij-wit-schaduw\u00a0\u00bb][vc_column][mk_padding_divider size=\u00a0\u00bb20&Prime;][vc_column_text css=\u00a0\u00bb.vc_custom_1666007309759{margin-bottom: 0px !important;}\u00a0\u00bb] Notre promesse envers la plan\u00e8te. [\/vc_column_text][mk_padding_divider size=\u00a0\u00bb20&Prime;][vc_row_inner][vc_column_inner width=\u00a0\u00bb2\/3&Prime;][vc_column_text css=\u00a0\u00bb.vc_custom_1717141326892{margin-bottom: 0px !important;}\u00a0\u00bb]Chez NedZink, nous voulons assumer la responsabilit\u00e9 de contribuer \u00e0 un monde meilleur. Nonseulement en r\u00e9duisant notre empreinte carbone et en ayant recours \u00e0 des \u00e9nergies renouvelables, mais aussi en prenant un certain recul et en \u00e9valuant comment [&hellip;]<\/p>\n","protected":false},"author":4,"featured_media":0,"parent":12341,"menu_order":0,"comment_status":"closed","ping_status":"closed","template":"","meta":{"_acf_changed":false,"footnotes":""},"class_list":["post-121796","page","type-page","status-publish","hentry"],"acf":[],"yoast_head":"<!-- This site is optimized with the Yoast SEO plugin v26.8 - https:\/\/yoast.com\/product\/yoast-seo-wordpress\/ -->\n<title>Our promise to the planet &#8211; NedZink<\/title>\n<meta name=\"robots\" content=\"index, follow, max-snippet:-1, max-image-preview:large, max-video-preview:-1\" \/>\n<link rel=\"canonical\" href=\"https:\/\/www.nedzink.com\/fr-be\/sur-nedzink\/our-promise-to-the-planet\/\" \/>\n<meta property=\"og:locale\" content=\"fr_FR\" \/>\n<meta property=\"og:type\" content=\"article\" \/>\n<meta property=\"og:title\" content=\"Our promise to the planet &#8211; NedZink\" \/>\n<meta property=\"og:description\" content=\"[vc_row][vc_column][mk_padding_divider][\/vc_column][\/vc_row][vc_row el_class=\u00a0\u00bbhome-waarom-nedzink rij-wit-schaduw\u00a0\u00bb][vc_column][mk_padding_divider size=\u00a0\u00bb20&Prime;][vc_column_text css=\u00a0\u00bb.vc_custom_1666007309759{margin-bottom: 0px !important;}\u00a0\u00bb] Notre promesse envers la plan\u00e8te. [\/vc_column_text][mk_padding_divider size=\u00a0\u00bb20&Prime;][vc_row_inner][vc_column_inner width=\u00a0\u00bb2\/3&Prime;][vc_column_text css=\u00a0\u00bb.vc_custom_1717141326892{margin-bottom: 0px !important;}\u00a0\u00bb]Chez NedZink, nous voulons assumer la responsabilit\u00e9 de contribuer \u00e0 un monde meilleur. Nonseulement en r\u00e9duisant notre empreinte carbone et en ayant recours \u00e0 des \u00e9nergies renouvelables, mais aussi en prenant un certain recul et en \u00e9valuant comment [&hellip;]\" \/>\n<meta property=\"og:url\" content=\"https:\/\/www.nedzink.com\/fr-be\/sur-nedzink\/our-promise-to-the-planet\/\" \/>\n<meta property=\"og:site_name\" content=\"NedZink\" \/>\n<meta property=\"article:modified_time\" content=\"2024-05-31T07:42:33+00:00\" \/>\n<meta name=\"twitter:card\" content=\"summary_large_image\" \/>\n<meta name=\"twitter:label1\" content=\"Dur\u00e9e de lecture est.\" \/>\n\t<meta name=\"twitter:data1\" content=\"1 minute\" \/>\n<script type=\"application\/ld+json\" class=\"yoast-schema-graph\">{\"@context\":\"https:\/\/schema.org\",\"@graph\":[{\"@type\":\"WebPage\",\"@id\":\"https:\/\/www.nedzink.com\/fr-be\/sur-nedzink\/our-promise-to-the-planet\/\",\"url\":\"https:\/\/www.nedzink.com\/fr-be\/sur-nedzink\/our-promise-to-the-planet\/\",\"name\":\"Our promise to the planet &#8211; NedZink\",\"isPartOf\":{\"@id\":\"https:\/\/www.nedzink.com\/fr-be\/#website\"},\"datePublished\":\"2022-11-14T15:11:27+00:00\",\"dateModified\":\"2024-05-31T07:42:33+00:00\",\"breadcrumb\":{\"@id\":\"https:\/\/www.nedzink.com\/fr-be\/sur-nedzink\/our-promise-to-the-planet\/#breadcrumb\"},\"inLanguage\":\"fr-BE\",\"potentialAction\":[{\"@type\":\"ReadAction\",\"target\":[\"https:\/\/www.nedzink.com\/fr-be\/sur-nedzink\/our-promise-to-the-planet\/\"]}]},{\"@type\":\"BreadcrumbList\",\"@id\":\"https:\/\/www.nedzink.com\/fr-be\/sur-nedzink\/our-promise-to-the-planet\/#breadcrumb\",\"itemListElement\":[{\"@type\":\"ListItem\",\"position\":1,\"name\":\"Home\",\"item\":\"https:\/\/www.nedzink.com\/fr-be\/\"},{\"@type\":\"ListItem\",\"position\":2,\"name\":\"Sur NedZink\",\"item\":\"https:\/\/www.nedzink.com\/fr-be\/sur-nedzink\/\"},{\"@type\":\"ListItem\",\"position\":3,\"name\":\"Our promise to the planet\"}]},{\"@type\":\"WebSite\",\"@id\":\"https:\/\/www.nedzink.com\/fr-be\/#website\",\"url\":\"https:\/\/www.nedzink.com\/fr-be\/\",\"name\":\"NedZink\",\"description\":\"Zink fabrikant\",\"publisher\":{\"@id\":\"https:\/\/www.nedzink.com\/fr-be\/#organization\"},\"potentialAction\":[{\"@type\":\"SearchAction\",\"target\":{\"@type\":\"EntryPoint\",\"urlTemplate\":\"https:\/\/www.nedzink.com\/fr-be\/?s={search_term_string}\"},\"query-input\":{\"@type\":\"PropertyValueSpecification\",\"valueRequired\":true,\"valueName\":\"search_term_string\"}}],\"inLanguage\":\"fr-BE\"},{\"@type\":\"Organization\",\"@id\":\"https:\/\/www.nedzink.com\/fr-be\/#organization\",\"name\":\"NedZink\",\"url\":\"https:\/\/www.nedzink.com\/fr-be\/\",\"logo\":{\"@type\":\"ImageObject\",\"inLanguage\":\"fr-BE\",\"@id\":\"https:\/\/www.nedzink.com\/fr-be\/#\/schema\/logo\/image\/\",\"url\":\"https:\/\/www.nedzink.com\/wp-content\/uploads\/2019\/08\/logo-nedzink_fc_zk.jpg\",\"contentUrl\":\"https:\/\/www.nedzink.com\/wp-content\/uploads\/2019\/08\/logo-nedzink_fc_zk.jpg\",\"width\":2160,\"height\":688,\"caption\":\"NedZink\"},\"image\":{\"@id\":\"https:\/\/www.nedzink.com\/fr-be\/#\/schema\/logo\/image\/\"}}]}<\/script>\n<!-- \/ Yoast SEO plugin. -->","yoast_head_json":{"title":"Our promise to the planet &#8211; NedZink","robots":{"index":"index","follow":"follow","max-snippet":"max-snippet:-1","max-image-preview":"max-image-preview:large","max-video-preview":"max-video-preview:-1"},"canonical":"https:\/\/www.nedzink.com\/fr-be\/sur-nedzink\/our-promise-to-the-planet\/","og_locale":"fr_FR","og_type":"article","og_title":"Our promise to the planet &#8211; NedZink","og_description":"[vc_row][vc_column][mk_padding_divider][\/vc_column][\/vc_row][vc_row el_class=\u00a0\u00bbhome-waarom-nedzink rij-wit-schaduw\u00a0\u00bb][vc_column][mk_padding_divider size=\u00a0\u00bb20&Prime;][vc_column_text css=\u00a0\u00bb.vc_custom_1666007309759{margin-bottom: 0px !important;}\u00a0\u00bb] Notre promesse envers la plan\u00e8te. [\/vc_column_text][mk_padding_divider size=\u00a0\u00bb20&Prime;][vc_row_inner][vc_column_inner width=\u00a0\u00bb2\/3&Prime;][vc_column_text css=\u00a0\u00bb.vc_custom_1717141326892{margin-bottom: 0px !important;}\u00a0\u00bb]Chez NedZink, nous voulons assumer la responsabilit\u00e9 de contribuer \u00e0 un monde meilleur. Nonseulement en r\u00e9duisant notre empreinte carbone et en ayant recours \u00e0 des \u00e9nergies renouvelables, mais aussi en prenant un certain recul et en \u00e9valuant comment [&hellip;]","og_url":"https:\/\/www.nedzink.com\/fr-be\/sur-nedzink\/our-promise-to-the-planet\/","og_site_name":"NedZink","article_modified_time":"2024-05-31T07:42:33+00:00","twitter_card":"summary_large_image","twitter_misc":{"Dur\u00e9e de lecture est.":"1 minute"},"schema":{"@context":"https:\/\/schema.org","@graph":[{"@type":"WebPage","@id":"https:\/\/www.nedzink.com\/fr-be\/sur-nedzink\/our-promise-to-the-planet\/","url":"https:\/\/www.nedzink.com\/fr-be\/sur-nedzink\/our-promise-to-the-planet\/","name":"Our promise to the planet &#8211; NedZink","isPartOf":{"@id":"https:\/\/www.nedzink.com\/fr-be\/#website"},"datePublished":"2022-11-14T15:11:27+00:00","dateModified":"2024-05-31T07:42:33+00:00","breadcrumb":{"@id":"https:\/\/www.nedzink.com\/fr-be\/sur-nedzink\/our-promise-to-the-planet\/#breadcrumb"},"inLanguage":"fr-BE","potentialAction":[{"@type":"ReadAction","target":["https:\/\/www.nedzink.com\/fr-be\/sur-nedzink\/our-promise-to-the-planet\/"]}]},{"@type":"BreadcrumbList","@id":"https:\/\/www.nedzink.com\/fr-be\/sur-nedzink\/our-promise-to-the-planet\/#breadcrumb","itemListElement":[{"@type":"ListItem","position":1,"name":"Home","item":"https:\/\/www.nedzink.com\/fr-be\/"},{"@type":"ListItem","position":2,"name":"Sur NedZink","item":"https:\/\/www.nedzink.com\/fr-be\/sur-nedzink\/"},{"@type":"ListItem","position":3,"name":"Our promise to the planet"}]},{"@type":"WebSite","@id":"https:\/\/www.nedzink.com\/fr-be\/#website","url":"https:\/\/www.nedzink.com\/fr-be\/","name":"NedZink","description":"Zink fabrikant","publisher":{"@id":"https:\/\/www.nedzink.com\/fr-be\/#organization"},"potentialAction":[{"@type":"SearchAction","target":{"@type":"EntryPoint","urlTemplate":"https:\/\/www.nedzink.com\/fr-be\/?s={search_term_string}"},"query-input":{"@type":"PropertyValueSpecification","valueRequired":true,"valueName":"search_term_string"}}],"inLanguage":"fr-BE"},{"@type":"Organization","@id":"https:\/\/www.nedzink.com\/fr-be\/#organization","name":"NedZink","url":"https:\/\/www.nedzink.com\/fr-be\/","logo":{"@type":"ImageObject","inLanguage":"fr-BE","@id":"https:\/\/www.nedzink.com\/fr-be\/#\/schema\/logo\/image\/","url":"https:\/\/www.nedzink.com\/wp-content\/uploads\/2019\/08\/logo-nedzink_fc_zk.jpg","contentUrl":"https:\/\/www.nedzink.com\/wp-content\/uploads\/2019\/08\/logo-nedzink_fc_zk.jpg","width":2160,"height":688,"caption":"NedZink"},"image":{"@id":"https:\/\/www.nedzink.com\/fr-be\/#\/schema\/logo\/image\/"}}]}},"_links":{"self":[{"href":"https:\/\/www.nedzink.com\/fr-be\/wp-json\/wp\/v2\/pages\/121796","targetHints":{"allow":["GET"]}}],"collection":[{"href":"https:\/\/www.nedzink.com\/fr-be\/wp-json\/wp\/v2\/pages"}],"about":[{"href":"https:\/\/www.nedzink.com\/fr-be\/wp-json\/wp\/v2\/types\/page"}],"author":[{"embeddable":true,"href":"https:\/\/www.nedzink.com\/fr-be\/wp-json\/wp\/v2\/users\/4"}],"replies":[{"embeddable":true,"href":"https:\/\/www.nedzink.com\/fr-be\/wp-json\/wp\/v2\/comments?post=121796"}],"version-history":[{"count":3,"href":"https:\/\/www.nedzink.com\/fr-be\/wp-json\/wp\/v2\/pages\/121796\/revisions"}],"predecessor-version":[{"id":130817,"href":"https:\/\/www.nedzink.com\/fr-be\/wp-json\/wp\/v2\/pages\/121796\/revisions\/130817"}],"up":[{"embeddable":true,"href":"https:\/\/www.nedzink.com\/fr-be\/wp-json\/wp\/v2\/pages\/12341"}],"wp:attachment":[{"href":"https:\/\/www.nedzink.com\/fr-be\/wp-json\/wp\/v2\/media?parent=121796"}],"curies":[{"name":"wp","href":"https:\/\/api.w.org\/{rel}","templated":true}]}}