{"id":101055,"date":"2022-02-01T14:06:23","date_gmt":"2022-02-01T13:06:23","guid":{"rendered":"https:\/\/www.nedzink.com\/?page_id=101055"},"modified":"2022-02-01T14:46:34","modified_gmt":"2022-02-01T13:46:34","slug":"technico-commercial-wallonie","status":"publish","type":"page","link":"https:\/\/www.nedzink.com\/fr-be\/sur-nedzink\/travailler-chez-nedzink\/technico-commercial-wallonie\/","title":{"rendered":"Technico Commercial Wallonie"},"content":{"rendered":"[vc_row][vc_column][mk_padding_divider][\/vc_column][\/vc_row][vc_row el_class=\u00a0\u00bbhome-waarom-nedzink rij-wit-schaduw\u00a0\u00bb][vc_column][mk_padding_divider size=\u00a0\u00bb20&Prime;][vc_column_text css=\u00a0\u00bb.vc_custom_1643723187694{margin-bottom: 0px !important;}\u00a0\u00bb]\n<h1>Technico Commercial Wallonie M\/V<\/h1>\n<p><strong>Description<\/strong><br \/>\n&#8211; Vous maintenez des relations optimales avec votre portefeuille de clients<br \/>\n&#8211; Pr\u00e9senter de nouvelles gammes et r\u00e9f\u00e9rences, produits et solutions<br \/>\n&#8211; D\u00e9marcher des nouveaux prospects et projets<br \/>\n&#8211; Activement participer \u00e0 l\u2019\u00e9laboration de diff\u00e9rents projets<br \/>\n&#8211; Pr\u00e9scripter nos produits aupr\u00e8s des couvreurs<br \/>\n&#8211; \u00c9duquer et informer des architectes, promoteurs immobiliers, couvreurs,\u2026<br \/>\n&#8211; Assister et ex\u00e9cuter des formations pour nos clients et couvreurs<\/p>\n<p><strong>Profil<\/strong><br \/>\n&#8211; Une premi\u00e8re exp\u00e9rience comme couvreur toiture, fa\u00e7ade, ou une connaissance pr\u00e9sent<br \/>\n&#8211; Ori\u00ebnt&amp; satisfaction clients<br \/>\n&#8211; Pro-actif<br \/>\n&#8211; Pas avoir peur de pousser des portes<br \/>\n&#8211; Feeling commercial excellent<\/p>\n<p><strong>Offre<\/strong><br \/>\n&#8211; Un environnement de travail avec une \u00e9quipe positive et exp\u00e9riment\u00e9e<br \/>\n&#8211; La stabilit\u00e9 d\u2019une entreprise internationale<br \/>\n&#8211; Un job vari\u00e9 \u00e0 diff\u00e9rent niveaux<br \/>\n&#8211; De nombreuses responsabilit\u00e9s et de l\u2019autonomie<br \/>\n&#8211; Temps plein<br \/>\n&#8211; Un salaire en ligne avec votre exp\u00e9rience<br \/>\n&#8211; Ch\u00e8ques repas<\/p>\n<p><strong>Candidature et informations<\/strong><br \/>\nEnvoyez les d\u00e9tails de votre candidature \u00e0 Davy De Rijck &#8211; Sales &amp; Marketing Manager Belgique : davy.de.rijck@nedzink.com.[\/vc_column_text][mk_padding_divider size=\u00a0\u00bb20&Prime;][\/vc_column][\/vc_row]\n","protected":false},"excerpt":{"rendered":"<p>[vc_row][vc_column][mk_padding_divider][\/vc_column][\/vc_row][vc_row el_class=\u00a0\u00bbhome-waarom-nedzink rij-wit-schaduw\u00a0\u00bb][vc_column][mk_padding_divider size=\u00a0\u00bb20&Prime;][vc_column_text css=\u00a0\u00bb.vc_custom_1643723187694{margin-bottom: 0px !important;}\u00a0\u00bb] Technico Commercial Wallonie M\/V Description &#8211; Vous maintenez des relations optimales avec votre portefeuille de clients &#8211; Pr\u00e9senter de nouvelles gammes et r\u00e9f\u00e9rences, produits et solutions &#8211; D\u00e9marcher des nouveaux prospects et projets &#8211; Activement participer \u00e0 l\u2019\u00e9laboration de diff\u00e9rents projets &#8211; Pr\u00e9scripter nos produits aupr\u00e8s des couvreurs [&hellip;]<\/p>\n","protected":false},"author":4,"featured_media":0,"parent":12351,"menu_order":0,"comment_status":"closed","ping_status":"closed","template":"","meta":{"_acf_changed":false,"footnotes":""},"class_list":["post-101055","page","type-page","status-publish","hentry"],"acf":[],"yoast_head":"<!-- This site is optimized with the Yoast SEO plugin v26.8 - https:\/\/yoast.com\/product\/yoast-seo-wordpress\/ -->\n<title>Technico Commercial Wallonie &#8211; NedZink<\/title>\n<meta name=\"robots\" content=\"index, follow, max-snippet:-1, max-image-preview:large, max-video-preview:-1\" \/>\n<link rel=\"canonical\" href=\"https:\/\/www.nedzink.com\/fr-be\/sur-nedzink\/travailler-chez-nedzink\/technico-commercial-wallonie\/\" \/>\n<meta property=\"og:locale\" content=\"fr_FR\" \/>\n<meta property=\"og:type\" content=\"article\" \/>\n<meta property=\"og:title\" content=\"Technico Commercial Wallonie &#8211; NedZink\" \/>\n<meta property=\"og:description\" content=\"[vc_row][vc_column][mk_padding_divider][\/vc_column][\/vc_row][vc_row el_class=\u00a0\u00bbhome-waarom-nedzink rij-wit-schaduw\u00a0\u00bb][vc_column][mk_padding_divider size=\u00a0\u00bb20&Prime;][vc_column_text css=\u00a0\u00bb.vc_custom_1643723187694{margin-bottom: 0px !important;}\u00a0\u00bb] Technico Commercial Wallonie M\/V Description &#8211; Vous maintenez des relations optimales avec votre portefeuille de clients &#8211; Pr\u00e9senter de nouvelles gammes et r\u00e9f\u00e9rences, produits et solutions &#8211; D\u00e9marcher des nouveaux prospects et projets &#8211; Activement participer \u00e0 l\u2019\u00e9laboration de diff\u00e9rents projets &#8211; Pr\u00e9scripter nos produits aupr\u00e8s des couvreurs [&hellip;]\" \/>\n<meta property=\"og:url\" content=\"https:\/\/www.nedzink.com\/fr-be\/sur-nedzink\/travailler-chez-nedzink\/technico-commercial-wallonie\/\" \/>\n<meta property=\"og:site_name\" content=\"NedZink\" \/>\n<meta property=\"article:modified_time\" content=\"2022-02-01T13:46:34+00:00\" \/>\n<meta name=\"twitter:card\" content=\"summary_large_image\" \/>\n<meta name=\"twitter:label1\" content=\"Dur\u00e9e de lecture est.\" \/>\n\t<meta name=\"twitter:data1\" content=\"1 minute\" \/>\n<script type=\"application\/ld+json\" class=\"yoast-schema-graph\">{\"@context\":\"https:\/\/schema.org\",\"@graph\":[{\"@type\":\"WebPage\",\"@id\":\"https:\/\/www.nedzink.com\/fr-be\/sur-nedzink\/travailler-chez-nedzink\/technico-commercial-wallonie\/\",\"url\":\"https:\/\/www.nedzink.com\/fr-be\/sur-nedzink\/travailler-chez-nedzink\/technico-commercial-wallonie\/\",\"name\":\"Technico Commercial Wallonie &#8211; NedZink\",\"isPartOf\":{\"@id\":\"https:\/\/www.nedzink.com\/fr-be\/#website\"},\"datePublished\":\"2022-02-01T13:06:23+00:00\",\"dateModified\":\"2022-02-01T13:46:34+00:00\",\"breadcrumb\":{\"@id\":\"https:\/\/www.nedzink.com\/fr-be\/sur-nedzink\/travailler-chez-nedzink\/technico-commercial-wallonie\/#breadcrumb\"},\"inLanguage\":\"fr-BE\",\"potentialAction\":[{\"@type\":\"ReadAction\",\"target\":[\"https:\/\/www.nedzink.com\/fr-be\/sur-nedzink\/travailler-chez-nedzink\/technico-commercial-wallonie\/\"]}]},{\"@type\":\"BreadcrumbList\",\"@id\":\"https:\/\/www.nedzink.com\/fr-be\/sur-nedzink\/travailler-chez-nedzink\/technico-commercial-wallonie\/#breadcrumb\",\"itemListElement\":[{\"@type\":\"ListItem\",\"position\":1,\"name\":\"Home\",\"item\":\"https:\/\/www.nedzink.com\/fr-be\/\"},{\"@type\":\"ListItem\",\"position\":2,\"name\":\"Sur NedZink\",\"item\":\"https:\/\/www.nedzink.com\/fr-be\/sur-nedzink\/\"},{\"@type\":\"ListItem\",\"position\":3,\"name\":\"Travailler chez NedZink\",\"item\":\"https:\/\/www.nedzink.com\/fr-be\/sur-nedzink\/travailler-chez-nedzink\/\"},{\"@type\":\"ListItem\",\"position\":4,\"name\":\"Technico Commercial Wallonie\"}]},{\"@type\":\"WebSite\",\"@id\":\"https:\/\/www.nedzink.com\/fr-be\/#website\",\"url\":\"https:\/\/www.nedzink.com\/fr-be\/\",\"name\":\"NedZink\",\"description\":\"Zink fabrikant\",\"publisher\":{\"@id\":\"https:\/\/www.nedzink.com\/fr-be\/#organization\"},\"potentialAction\":[{\"@type\":\"SearchAction\",\"target\":{\"@type\":\"EntryPoint\",\"urlTemplate\":\"https:\/\/www.nedzink.com\/fr-be\/?s={search_term_string}\"},\"query-input\":{\"@type\":\"PropertyValueSpecification\",\"valueRequired\":true,\"valueName\":\"search_term_string\"}}],\"inLanguage\":\"fr-BE\"},{\"@type\":\"Organization\",\"@id\":\"https:\/\/www.nedzink.com\/fr-be\/#organization\",\"name\":\"NedZink\",\"url\":\"https:\/\/www.nedzink.com\/fr-be\/\",\"logo\":{\"@type\":\"ImageObject\",\"inLanguage\":\"fr-BE\",\"@id\":\"https:\/\/www.nedzink.com\/fr-be\/#\/schema\/logo\/image\/\",\"url\":\"https:\/\/www.nedzink.com\/wp-content\/uploads\/2019\/08\/logo-nedzink_fc_zk.jpg\",\"contentUrl\":\"https:\/\/www.nedzink.com\/wp-content\/uploads\/2019\/08\/logo-nedzink_fc_zk.jpg\",\"width\":2160,\"height\":688,\"caption\":\"NedZink\"},\"image\":{\"@id\":\"https:\/\/www.nedzink.com\/fr-be\/#\/schema\/logo\/image\/\"}}]}<\/script>\n<!-- \/ Yoast SEO plugin. -->","yoast_head_json":{"title":"Technico Commercial Wallonie &#8211; NedZink","robots":{"index":"index","follow":"follow","max-snippet":"max-snippet:-1","max-image-preview":"max-image-preview:large","max-video-preview":"max-video-preview:-1"},"canonical":"https:\/\/www.nedzink.com\/fr-be\/sur-nedzink\/travailler-chez-nedzink\/technico-commercial-wallonie\/","og_locale":"fr_FR","og_type":"article","og_title":"Technico Commercial Wallonie &#8211; NedZink","og_description":"[vc_row][vc_column][mk_padding_divider][\/vc_column][\/vc_row][vc_row el_class=\u00a0\u00bbhome-waarom-nedzink rij-wit-schaduw\u00a0\u00bb][vc_column][mk_padding_divider size=\u00a0\u00bb20&Prime;][vc_column_text css=\u00a0\u00bb.vc_custom_1643723187694{margin-bottom: 0px !important;}\u00a0\u00bb] Technico Commercial Wallonie M\/V Description &#8211; Vous maintenez des relations optimales avec votre portefeuille de clients &#8211; Pr\u00e9senter de nouvelles gammes et r\u00e9f\u00e9rences, produits et solutions &#8211; D\u00e9marcher des nouveaux prospects et projets &#8211; Activement participer \u00e0 l\u2019\u00e9laboration de diff\u00e9rents projets &#8211; Pr\u00e9scripter nos produits aupr\u00e8s des couvreurs [&hellip;]","og_url":"https:\/\/www.nedzink.com\/fr-be\/sur-nedzink\/travailler-chez-nedzink\/technico-commercial-wallonie\/","og_site_name":"NedZink","article_modified_time":"2022-02-01T13:46:34+00:00","twitter_card":"summary_large_image","twitter_misc":{"Dur\u00e9e de lecture est.":"1 minute"},"schema":{"@context":"https:\/\/schema.org","@graph":[{"@type":"WebPage","@id":"https:\/\/www.nedzink.com\/fr-be\/sur-nedzink\/travailler-chez-nedzink\/technico-commercial-wallonie\/","url":"https:\/\/www.nedzink.com\/fr-be\/sur-nedzink\/travailler-chez-nedzink\/technico-commercial-wallonie\/","name":"Technico Commercial Wallonie &#8211; NedZink","isPartOf":{"@id":"https:\/\/www.nedzink.com\/fr-be\/#website"},"datePublished":"2022-02-01T13:06:23+00:00","dateModified":"2022-02-01T13:46:34+00:00","breadcrumb":{"@id":"https:\/\/www.nedzink.com\/fr-be\/sur-nedzink\/travailler-chez-nedzink\/technico-commercial-wallonie\/#breadcrumb"},"inLanguage":"fr-BE","potentialAction":[{"@type":"ReadAction","target":["https:\/\/www.nedzink.com\/fr-be\/sur-nedzink\/travailler-chez-nedzink\/technico-commercial-wallonie\/"]}]},{"@type":"BreadcrumbList","@id":"https:\/\/www.nedzink.com\/fr-be\/sur-nedzink\/travailler-chez-nedzink\/technico-commercial-wallonie\/#breadcrumb","itemListElement":[{"@type":"ListItem","position":1,"name":"Home","item":"https:\/\/www.nedzink.com\/fr-be\/"},{"@type":"ListItem","position":2,"name":"Sur NedZink","item":"https:\/\/www.nedzink.com\/fr-be\/sur-nedzink\/"},{"@type":"ListItem","position":3,"name":"Travailler chez NedZink","item":"https:\/\/www.nedzink.com\/fr-be\/sur-nedzink\/travailler-chez-nedzink\/"},{"@type":"ListItem","position":4,"name":"Technico Commercial Wallonie"}]},{"@type":"WebSite","@id":"https:\/\/www.nedzink.com\/fr-be\/#website","url":"https:\/\/www.nedzink.com\/fr-be\/","name":"NedZink","description":"Zink fabrikant","publisher":{"@id":"https:\/\/www.nedzink.com\/fr-be\/#organization"},"potentialAction":[{"@type":"SearchAction","target":{"@type":"EntryPoint","urlTemplate":"https:\/\/www.nedzink.com\/fr-be\/?s={search_term_string}"},"query-input":{"@type":"PropertyValueSpecification","valueRequired":true,"valueName":"search_term_string"}}],"inLanguage":"fr-BE"},{"@type":"Organization","@id":"https:\/\/www.nedzink.com\/fr-be\/#organization","name":"NedZink","url":"https:\/\/www.nedzink.com\/fr-be\/","logo":{"@type":"ImageObject","inLanguage":"fr-BE","@id":"https:\/\/www.nedzink.com\/fr-be\/#\/schema\/logo\/image\/","url":"https:\/\/www.nedzink.com\/wp-content\/uploads\/2019\/08\/logo-nedzink_fc_zk.jpg","contentUrl":"https:\/\/www.nedzink.com\/wp-content\/uploads\/2019\/08\/logo-nedzink_fc_zk.jpg","width":2160,"height":688,"caption":"NedZink"},"image":{"@id":"https:\/\/www.nedzink.com\/fr-be\/#\/schema\/logo\/image\/"}}]}},"_links":{"self":[{"href":"https:\/\/www.nedzink.com\/fr-be\/wp-json\/wp\/v2\/pages\/101055","targetHints":{"allow":["GET"]}}],"collection":[{"href":"https:\/\/www.nedzink.com\/fr-be\/wp-json\/wp\/v2\/pages"}],"about":[{"href":"https:\/\/www.nedzink.com\/fr-be\/wp-json\/wp\/v2\/types\/page"}],"author":[{"embeddable":true,"href":"https:\/\/www.nedzink.com\/fr-be\/wp-json\/wp\/v2\/users\/4"}],"replies":[{"embeddable":true,"href":"https:\/\/www.nedzink.com\/fr-be\/wp-json\/wp\/v2\/comments?post=101055"}],"version-history":[{"count":0,"href":"https:\/\/www.nedzink.com\/fr-be\/wp-json\/wp\/v2\/pages\/101055\/revisions"}],"up":[{"embeddable":true,"href":"https:\/\/www.nedzink.com\/fr-be\/wp-json\/wp\/v2\/pages\/12351"}],"wp:attachment":[{"href":"https:\/\/www.nedzink.com\/fr-be\/wp-json\/wp\/v2\/media?parent=101055"}],"curies":[{"name":"wp","href":"https:\/\/api.w.org\/{rel}","templated":true}]}}