{"id":84035,"date":"2021-09-23T07:52:39","date_gmt":"2021-09-23T05:52:39","guid":{"rendered":"https:\/\/www.nedzink.com\/?page_id=84035"},"modified":"2021-09-23T08:59:08","modified_gmt":"2021-09-23T06:59:08","slug":"nedzink-is-shaping-the-future","status":"publish","type":"page","link":"https:\/\/www.nedzink.com\/de\/nedzink-is-shaping-the-future\/","title":{"rendered":"NedZink is Shaping the Future"},"content":{"rendered":"[vc_row fullwidth=&#8220;true&#8220; visibility=&#8220;hidden-sm&#8220; el_class=&#8220;nietbedekken&#8220;][vc_column] AAAAAAAAAA\n<div id=\"rev_slider_59_1_wrapper\" class=\"rev_slider_wrapper fullwidthbanner-container\" data-source=\"gallery\" style=\"margin:0px auto;background:transparent;padding:0px;margin-top:0px;margin-bottom:0px;\">\n<!-- START REVOLUTION SLIDER 5.4.8 auto mode -->\n\t<div id=\"rev_slider_59_1\" class=\"rev_slider fullwidthabanner tp-overflow-hidden\" style=\"display:none;\" data-version=\"5.4.8\">\n<ul>\t<!-- SLIDE  -->\n\t<li data-index=\"rs-170\" data-transition=\"fade\" data-slotamount=\"default\" data-hideafterloop=\"0\" data-hideslideonmobile=\"off\"  data-easein=\"default\" data-easeout=\"default\" data-masterspeed=\"300\"  data-rotate=\"0\"  data-saveperformance=\"off\"  data-title=\"Slide\" data-param1=\"\" data-param2=\"\" data-param3=\"\" data-param4=\"\" data-param5=\"\" data-param6=\"\" data-param7=\"\" data-param8=\"\" data-param9=\"\" data-param10=\"\" data-description=\"\">\n\t\t<!-- MAIN IMAGE -->\n\t\t<img loading=\"lazy\" decoding=\"async\" src=\"https:\/\/www.nedzink.com\/wp-content\/uploads\/2021\/09\/zonnepanelen-header-press-release-full-2160x686-v1.jpg\"  alt=\"\" title=\"zonnepanelen-header-press-release-full-2160&#215;686-v1\"  width=\"2160\" height=\"686\" data-bgposition=\"center center\" data-bgfit=\"cover\" data-bgrepeat=\"no-repeat\" class=\"rev-slidebg\" data-no-retina>\n\t\t<!-- LAYERS -->\n\t<\/li>\n<\/ul>\n<div style=\"\" class=\"tp-static-layers\">\n\n\t\t<!-- LAYER NR. 1 -->\n\t\t<div class=\"tp-caption tp-shape tp-shapewrapper tp-layer-selectable  tp-resizeme tp-static-layer\" \n\t\t\t id=\"slider-59-layer-14\" \n\t\t\t data-x=\"right\" data-hoffset=\"\" \n\t\t\t data-y=\"-1\" \n\t\t\t\t\t\tdata-width=\"['558']\"\n\t\t\tdata-height=\"['611']\"\n \n\t\t\tdata-type=\"shape\" \n\t\t\tdata-responsive_offset=\"on\" \n\n\t\t\tdata-startslide=\"0\" \n\t\t\tdata-endslide=\"0\" \n\t\t\tdata-frames='[{\"delay\":10,\"speed\":300,\"frame\":\"0\",\"from\":\"opacity:0;\",\"to\":\"o:1;\",\"ease\":\"Power3.easeInOut\"},{\"delay\":\"+3190\",\"speed\":300,\"frame\":\"999\",\"to\":\"opacity:0;\",\"ease\":\"Power3.easeInOut\"}]'\n\t\t\tdata-textAlign=\"['inherit','inherit','inherit','inherit']\"\n\t\t\tdata-paddingtop=\"[0,0,0,0]\"\n\t\t\tdata-paddingright=\"[0,0,0,0]\"\n\t\t\tdata-paddingbottom=\"[0,0,0,0]\"\n\t\t\tdata-paddingleft=\"[0,0,0,0]\"\n\n\t\t\tstyle=\"z-index: 5;background-color:rgba(255,255,255,0.26);\"> <\/div>\n\n\t\t<!-- LAYER NR. 2 -->\n\t\t<div class=\"tp-caption tp-shape tp-shapewrapper tp-layer-selectable  tp-resizeme tp-static-layer\" \n\t\t\t id=\"slider-59-layer-12\" \n\t\t\t data-x=\"1418\" \n\t\t\t data-y=\"491\" \n\t\t\t\t\t\tdata-width=\"['454']\"\n\t\t\tdata-height=\"['73']\"\n \n\t\t\tdata-type=\"shape\" \n\t\t\tdata-responsive_offset=\"on\" \n\n\t\t\tdata-startslide=\"0\" \n\t\t\tdata-endslide=\"0\" \n\t\t\tdata-frames='[{\"delay\":10,\"speed\":300,\"frame\":\"0\",\"from\":\"opacity:0;\",\"to\":\"o:1;\",\"ease\":\"Power3.easeInOut\"},{\"delay\":\"+3190\",\"speed\":300,\"frame\":\"999\",\"to\":\"opacity:0;\",\"ease\":\"Power3.easeInOut\"}]'\n\t\t\tdata-textAlign=\"['inherit','inherit','inherit','inherit']\"\n\t\t\tdata-paddingtop=\"[0,0,0,0]\"\n\t\t\tdata-paddingright=\"[0,0,0,0]\"\n\t\t\tdata-paddingbottom=\"[0,0,0,0]\"\n\t\t\tdata-paddingleft=\"[0,0,0,0]\"\n\n\t\t\tstyle=\"z-index: 6;font-family:Arial;background-color:rgba(0,0,0,0);border-color:rgb(255,255,255);border-style:solid;border-width:4px 4px 4px 4px;\"> <\/div>\n\n\t\t<!-- LAYER NR. 3 -->\n\t\t<div class=\"tp-caption tp-layer-selectable  tp-resizeme tp-static-layer\" \n\t\t\t id=\"slider-59-layer-13\" \n\t\t\t data-x=\"1445\" \n\t\t\t data-y=\"506\" \n\t\t\t\t\t\tdata-width=\"['auto']\"\n\t\t\tdata-height=\"['auto']\"\n \n\t\t\tdata-type=\"text\" \n\t\t\tdata-responsive_offset=\"on\" \n\n\t\t\tdata-startslide=\"0\" \n\t\t\tdata-endslide=\"0\" \n\t\t\tdata-frames='[{\"delay\":360,\"speed\":300,\"frame\":\"0\",\"from\":\"opacity:0;\",\"to\":\"o:1;\",\"ease\":\"Power3.easeInOut\"},{\"delay\":\"+2840\",\"speed\":300,\"frame\":\"999\",\"to\":\"opacity:0;\",\"ease\":\"Power3.easeInOut\"}]'\n\t\t\tdata-textAlign=\"['inherit','inherit','inherit','inherit']\"\n\t\t\tdata-paddingtop=\"[0,0,0,0]\"\n\t\t\tdata-paddingright=\"[0,0,0,0]\"\n\t\t\tdata-paddingbottom=\"[0,0,0,0]\"\n\t\t\tdata-paddingleft=\"[0,0,0,0]\"\n\n\t\t\tstyle=\"z-index: 7; white-space: nowrap; font-size: 36px; line-height: 36px; font-weight: 600; color: #ffffff; letter-spacing: 0px;font-family:Arial;text-shadow:0px 1px 4px rgba(79, 79, 79, 0.75);\">SHAPING THE FUTURE <\/div>\n<\/div>\n<div class=\"tp-bannertimer tp-bottom\" style=\"visibility: hidden !important;\"><\/div>\t<\/div>\n<script>\n\t\t\t\t\tvar htmlDivCss = ' #rev_slider_59_1_wrapper .tp-loader.spinner2{ background-color: #b0b0b0 !important; } ';\n\t\t\t\t\tvar htmlDiv = document.getElementById('rs-plugin-settings-inline-css');\n\t\t\t\t\tif(htmlDiv) {\n\t\t\t\t\t\thtmlDiv.innerHTML = htmlDiv.innerHTML + htmlDivCss;\n\t\t\t\t\t}\n\t\t\t\t\telse{\n\t\t\t\t\t\tvar htmlDiv = document.createElement('div');\n\t\t\t\t\t\thtmlDiv.innerHTML = '<style>' + htmlDivCss + '<\/style>';\n\t\t\t\t\t\tdocument.getElementsByTagName('head')[0].appendChild(htmlDiv.childNodes[0]);\n\t\t\t\t\t}\n\t\t\t\t\t<\/script>\n\t\t\t\t\t<\/div><!-- END REVOLUTION SLIDER -->[\/vc_column][\/vc_row][vc_row][vc_column][mk_padding_divider size=&#8220;50&#8243;][\/vc_column][\/vc_row][vc_row el_class=&#8220;home-intro rij-wit-schaduw nietbedekken&#8220;][vc_column][mk_padding_divider size=&#8220;18&#8243;][vc_column_text css=&#8220;.vc_custom_1632217684388{margin-bottom: 0px !important;}&#8220;]\n<h1 style=\"text-align: left;\">Press Release: Shaping the Future<\/h1>\n[\/vc_column_text][vc_column_text css=&#8220;.vc_custom_1632380340958{margin-bottom: 0px !important;}&#8220;]Heute haben wir unter den wachsamen Augen von B\u00fcrgermeister Van Kessel, der Kommissarin der K\u00f6nigin, Frau Adema, und Kommissar Herr Satijn das erste Zink f\u00fcr eine besondere Gedenkm\u00fcnze gegossen. Diese Gedenkm\u00fcnze ist der Schlussakkord beim Bau unserer neuen Fabrik und markiert gleichzeitig den Beginn einer neuen \u00c4ra f\u00fcr NedZink. Eine \u00c4ra, die unter einer neuen Strategie und dem dazugeh\u00f6rigen Slogan &#8222;Shaping the Future&#8220; Gestalt annehmen wird.<\/p>\n<p><a href=\"https:\/\/www.nedzink.com\/wp-content\/uploads\/2021\/09\/nedzink-pers-1-cropped.jpg\"><img loading=\"lazy\" decoding=\"async\" class=\"alignleft wp-image-84690\" src=\"https:\/\/www.nedzink.com\/wp-content\/uploads\/2021\/09\/nedzink-pers-1-cropped-300x149.jpg\" alt=\"\" width=\"350\" height=\"174\" srcset=\"https:\/\/www.nedzink.com\/wp-content\/uploads\/2021\/09\/nedzink-pers-1-cropped-300x149.jpg 300w, https:\/\/www.nedzink.com\/wp-content\/uploads\/2021\/09\/nedzink-pers-1-cropped-175x87.jpg 175w, https:\/\/www.nedzink.com\/wp-content\/uploads\/2021\/09\/nedzink-pers-1-cropped-56x28.jpg 56w, https:\/\/www.nedzink.com\/wp-content\/uploads\/2021\/09\/nedzink-pers-1-cropped-212x106.jpg 212w, https:\/\/www.nedzink.com\/wp-content\/uploads\/2021\/09\/nedzink-pers-1-cropped.jpg 500w\" sizes=\"auto, (max-width: 350px) 100vw, 350px\" \/><\/a><a href=\"https:\/\/www.nedzink.com\/wp-content\/uploads\/2021\/09\/nedzink-pers-2-cropped.jpg\"><img loading=\"lazy\" decoding=\"async\" class=\"alignleft wp-image-84704\" src=\"https:\/\/www.nedzink.com\/wp-content\/uploads\/2021\/09\/nedzink-pers-2-cropped-300x149.jpg\" alt=\"\" width=\"350\" height=\"174\" srcset=\"https:\/\/www.nedzink.com\/wp-content\/uploads\/2021\/09\/nedzink-pers-2-cropped-300x149.jpg 300w, https:\/\/www.nedzink.com\/wp-content\/uploads\/2021\/09\/nedzink-pers-2-cropped-175x87.jpg 175w, https:\/\/www.nedzink.com\/wp-content\/uploads\/2021\/09\/nedzink-pers-2-cropped-56x28.jpg 56w, https:\/\/www.nedzink.com\/wp-content\/uploads\/2021\/09\/nedzink-pers-2-cropped-212x106.jpg 212w, https:\/\/www.nedzink.com\/wp-content\/uploads\/2021\/09\/nedzink-pers-2-cropped.jpg 500w\" sizes=\"auto, (max-width: 350px) 100vw, 350px\" \/><\/a><a href=\"https:\/\/www.nedzink.com\/wp-content\/uploads\/2021\/09\/nedzink-pers-3-cropped.jpg\"><img loading=\"lazy\" decoding=\"async\" class=\"alignleft wp-image-84716\" src=\"https:\/\/www.nedzink.com\/wp-content\/uploads\/2021\/09\/nedzink-pers-3-cropped-300x149.jpg\" alt=\"\" width=\"350\" height=\"174\" srcset=\"https:\/\/www.nedzink.com\/wp-content\/uploads\/2021\/09\/nedzink-pers-3-cropped-300x149.jpg 300w, https:\/\/www.nedzink.com\/wp-content\/uploads\/2021\/09\/nedzink-pers-3-cropped-175x87.jpg 175w, https:\/\/www.nedzink.com\/wp-content\/uploads\/2021\/09\/nedzink-pers-3-cropped-56x28.jpg 56w, https:\/\/www.nedzink.com\/wp-content\/uploads\/2021\/09\/nedzink-pers-3-cropped-212x106.jpg 212w, https:\/\/www.nedzink.com\/wp-content\/uploads\/2021\/09\/nedzink-pers-3-cropped.jpg 500w\" sizes=\"auto, (max-width: 350px) 100vw, 350px\" \/><\/a><\/p>\n<p>&nbsp;<\/p>\n<p>&nbsp;<\/p>\n<p>&nbsp;<\/p>\n<p>&nbsp;<\/p>\n<p>&nbsp;<\/p>\n<p><em><br \/>\nFoto 1 v.l.n.r.: Kommissar Herr Satijn, CEO NedZink Herr Derks, Kommissarin der K\u00f6nig Frau Adema, B\u00fcrgermeister Herr Van Kessel.<br \/>\nFoto 2 v.l.n.r.: B\u00fcrgermeister Herr Van Kessel, Kommissar Herr Satijn, CEO NedZink Mr. Derks, Kommissarin der K\u00f6nig Frau Adema.<br \/>\nFoto 3 v.l.n.r.: CEO NedZink Herr Derks, B\u00fcrgermeister Herr Van Kessel, Zinkmeister Herr Slenders.<br \/>\n<\/em>[\/vc_column_text][\/vc_column][\/vc_row][vc_row el_class=&#8220;home-intro rij-wit-schaduw nietbedekken&#8220;][vc_column][mk_padding_divider size=&#8220;18&#8243;][vc_column_text css=&#8220;.vc_custom_1632229496634{margin-bottom: 0px !important;}&#8220;]<strong>Nachhaltiges und verantwortungsvolles Wirtschaften<\/strong><br \/>\nMit der Er\u00f6ffnung unserer neuen nachhaltigen Fabrik zeigen wir, dass unsere Position als Marktf\u00fchrer in den Niederlanden auch eine soziale Verantwortung beinhaltet. Die Verantwortung f\u00fcr einen nachhaltigen Umgang mit den nat\u00fcrlichen Ressourcen. Die Emissionen zu reduzieren und die Zinkproduktion so wirtschaftlich wie m\u00f6glich zu gestalten. Das Olympus-Projekt, dessen Fertigstellung mehr als drei Jahre dauerte, ist auch ein Beleg f\u00fcr die hervorragende technische Zusammenarbeit mit unserem griechischen Anteilseigner ElvalHalcor. Mit dieser neuen Anlage wird sich unsere Produktion deutlich erh\u00f6hen und wir werden unsere derzeitige Position weltweit ausbauen k\u00f6nnen.[\/vc_column_text][\/vc_column][vc_column width=&#8220;1\/4&#8243;][mk_padding_divider size=&#8220;18&#8243;][vc_video link=&#8220;https:\/\/youtu.be\/kLp4g8cGGWc&#8220;][mk_padding_divider size=&#8220;18&#8243;][\/vc_column][\/vc_row][vc_row el_class=&#8220;home-intro rij-wit-schaduw nietbedekken&#8220;][vc_column][mk_padding_divider size=&#8220;18&#8243;][vc_column_text css=&#8220;.vc_custom_1632229520072{margin-bottom: 0px !important;}&#8220;]<strong>Die Zukunft ist nachhaltige Sch\u00f6nheit<\/strong><br \/>\nZink ist ein Naturprodukt. Zink ist auch mehr als nur das Zink, das wir von Dachrinnen und Fallrohren kennen. Die heutige Produktpalette ist reichhaltiger als die traditionelle Zinkfarbe, die wir kennen. Insbesondere mit vorpatiniertem Zink lassen sich hochwertige architektonische Produkte herstellen, die nicht nur langlebig sind, sondern auch das Auge erfreuen. Wir bauen unser Portfolio weiter aus und werden gemeinsam mit unseren Kunden und Architekten die sich ver\u00e4ndernde Nachfrage weiterhin beobachten und, wenn m\u00f6glich, darauf reagieren. In unserer Kette werden wir uns gegenseitig suchen m\u00fcssen, um auf einem Markt, auf dem alternative Baumaterialien versuchen, ihre Position zu behaupten, unverwechselbar zu bleiben.[\/vc_column_text][\/vc_column][vc_column width=&#8220;1\/4&#8243;][mk_padding_divider size=&#8220;18&#8243;][vc_video link=&#8220;https:\/\/youtu.be\/JA9zRh-Gyoo&#8220;][mk_padding_divider size=&#8220;18&#8243;][\/vc_column][\/vc_row][vc_row el_class=&#8220;home-intro rij-wit-schaduw nietbedekken&#8220;][vc_column][mk_padding_divider size=&#8220;18&#8243;][vc_column_text css=&#8220;.vc_custom_1632229545378{margin-bottom: 0px !important;}&#8220;]<strong>Die n\u00e4chsten Generationen in Budel<\/strong><br \/>\nSeit mehr als 125 Jahren setzen wir auf Handwerkskunst aus der Region, aber auch weit dar\u00fcber hinaus. Unsere sch\u00f6nen Produkte werden von unseren qualifizierten Mitarbeitern hergestellt, die gro\u00dfen Wert auf Qualit\u00e4t legen. Mit unseren internen Programmen konzentrieren wir uns auf die weitere Entwicklung unserer Mitarbeiter und investieren weiterhin in Ausbildung, Sicherheit und Wachstum. Ohne diese Fachleute g\u00e4be es kein NedZink. Wir wissen das, wir sch\u00e4tzen es und wir propagieren es.<\/p>\n<p>Wir. sind. NedZink.[\/vc_column_text][\/vc_column][vc_column width=&#8220;1\/4&#8243;][mk_padding_divider size=&#8220;18&#8243;][mk_image src=&#8220;https:\/\/www.nedzink.com\/wp-content\/uploads\/2021\/09\/personeel.jpg&#8220; image_size=&#8220;full&#8220;][mk_padding_divider size=&#8220;18&#8243;][\/vc_column][\/vc_row][vc_row el_class=&#8220;home-intro rij-wit-schaduw nietbedekken&#8220;][vc_column][mk_padding_divider size=&#8220;18&#8243;][vc_column_text css=&#8220;.vc_custom_1632229565458{margin-bottom: 0px !important;}&#8220;]Gemeinsam bauen wir an einer Zukunft, die gesund, nachhaltig und sch\u00f6n ist.<\/p>\n<p><strong>Gemeinsam gestalten wir die Zukunft.<\/strong><\/p>\n<p>Gijs Derks<br \/>\nCEO[\/vc_column_text][\/vc_column][\/vc_row][vc_row][vc_column][mk_padding_divider size=&#8220;50&#8243;][\/vc_column][\/vc_row]\n","protected":false},"excerpt":{"rendered":"<p>[vc_row fullwidth=&#8220;true&#8220; visibility=&#8220;hidden-sm&#8220; el_class=&#8220;nietbedekken&#8220;][vc_column][\/vc_column][\/vc_row][vc_row][vc_column][mk_padding_divider size=&#8220;50&#8243;][\/vc_column][\/vc_row][vc_row el_class=&#8220;home-intro rij-wit-schaduw nietbedekken&#8220;][vc_column][mk_padding_divider size=&#8220;18&#8243;][vc_column_text css=&#8220;.vc_custom_1632217684388{margin-bottom: 0px !important;}&#8220;] Press Release: Shaping the Future [\/vc_column_text][vc_column_text css=&#8220;.vc_custom_1632380340958{margin-bottom: 0px !important;}&#8220;]Heute haben wir unter den wachsamen Augen von B\u00fcrgermeister Van Kessel, der Kommissarin der K\u00f6nigin, Frau Adema, und Kommissar Herr Satijn das erste Zink f\u00fcr eine besondere Gedenkm\u00fcnze gegossen. Diese Gedenkm\u00fcnze ist der Schlussakkord beim [&hellip;]<\/p>\n","protected":false},"author":4,"featured_media":0,"parent":0,"menu_order":0,"comment_status":"closed","ping_status":"closed","template":"","meta":{"_acf_changed":false,"footnotes":""},"class_list":["post-84035","page","type-page","status-publish","hentry"],"acf":[],"yoast_head":"<!-- This site is optimized with the Yoast SEO plugin v26.8 - https:\/\/yoast.com\/product\/yoast-seo-wordpress\/ -->\n<title>NedZink is Shaping the Future &#8211; NedZink<\/title>\n<meta name=\"robots\" content=\"index, follow, max-snippet:-1, max-image-preview:large, max-video-preview:-1\" \/>\n<link rel=\"canonical\" href=\"https:\/\/www.nedzink.com\/de\/nedzink-is-shaping-the-future\/\" \/>\n<meta property=\"og:locale\" content=\"de_DE\" \/>\n<meta property=\"og:type\" content=\"article\" \/>\n<meta property=\"og:title\" content=\"NedZink is Shaping the Future &#8211; NedZink\" \/>\n<meta property=\"og:description\" content=\"[vc_row fullwidth=&#8220;true&#8220; visibility=&#8220;hidden-sm&#8220; el_class=&#8220;nietbedekken&#8220;][vc_column][\/vc_column][\/vc_row][vc_row][vc_column][mk_padding_divider size=&#8220;50&#8243;][\/vc_column][\/vc_row][vc_row el_class=&#8220;home-intro rij-wit-schaduw nietbedekken&#8220;][vc_column][mk_padding_divider size=&#8220;18&#8243;][vc_column_text css=&#8220;.vc_custom_1632217684388{margin-bottom: 0px !important;}&#8220;] Press Release: Shaping the Future [\/vc_column_text][vc_column_text css=&#8220;.vc_custom_1632380340958{margin-bottom: 0px !important;}&#8220;]Heute haben wir unter den wachsamen Augen von B\u00fcrgermeister Van Kessel, der Kommissarin der K\u00f6nigin, Frau Adema, und Kommissar Herr Satijn das erste Zink f\u00fcr eine besondere Gedenkm\u00fcnze gegossen. Diese Gedenkm\u00fcnze ist der Schlussakkord beim [&hellip;]\" \/>\n<meta property=\"og:url\" content=\"https:\/\/www.nedzink.com\/de\/nedzink-is-shaping-the-future\/\" \/>\n<meta property=\"og:site_name\" content=\"NedZink\" \/>\n<meta property=\"article:modified_time\" content=\"2021-09-23T06:59:08+00:00\" \/>\n<meta property=\"og:image\" content=\"https:\/\/www.nedzink.com\/wp-content\/uploads\/2021\/09\/nedzink-pers-1-cropped-300x149.jpg\" \/>\n<meta name=\"twitter:card\" content=\"summary_large_image\" \/>\n<meta name=\"twitter:label1\" content=\"Gesch\u00e4tzte Lesezeit\" \/>\n\t<meta name=\"twitter:data1\" content=\"3\u00a0Minuten\" \/>\n<script type=\"application\/ld+json\" class=\"yoast-schema-graph\">{\"@context\":\"https:\/\/schema.org\",\"@graph\":[{\"@type\":\"WebPage\",\"@id\":\"https:\/\/www.nedzink.com\/de\/nedzink-is-shaping-the-future\/\",\"url\":\"https:\/\/www.nedzink.com\/de\/nedzink-is-shaping-the-future\/\",\"name\":\"NedZink is Shaping the Future &#8211; NedZink\",\"isPartOf\":{\"@id\":\"https:\/\/www.nedzink.com\/de\/#website\"},\"primaryImageOfPage\":{\"@id\":\"https:\/\/www.nedzink.com\/de\/nedzink-is-shaping-the-future\/#primaryimage\"},\"image\":{\"@id\":\"https:\/\/www.nedzink.com\/de\/nedzink-is-shaping-the-future\/#primaryimage\"},\"thumbnailUrl\":\"https:\/\/www.nedzink.com\/wp-content\/uploads\/2021\/09\/nedzink-pers-1-cropped-300x149.jpg\",\"datePublished\":\"2021-09-23T05:52:39+00:00\",\"dateModified\":\"2021-09-23T06:59:08+00:00\",\"breadcrumb\":{\"@id\":\"https:\/\/www.nedzink.com\/de\/nedzink-is-shaping-the-future\/#breadcrumb\"},\"inLanguage\":\"de\",\"potentialAction\":[{\"@type\":\"ReadAction\",\"target\":[\"https:\/\/www.nedzink.com\/de\/nedzink-is-shaping-the-future\/\"]}]},{\"@type\":\"ImageObject\",\"inLanguage\":\"de\",\"@id\":\"https:\/\/www.nedzink.com\/de\/nedzink-is-shaping-the-future\/#primaryimage\",\"url\":\"https:\/\/www.nedzink.com\/wp-content\/uploads\/2021\/09\/nedzink-pers-1-cropped-300x149.jpg\",\"contentUrl\":\"https:\/\/www.nedzink.com\/wp-content\/uploads\/2021\/09\/nedzink-pers-1-cropped-300x149.jpg\"},{\"@type\":\"BreadcrumbList\",\"@id\":\"https:\/\/www.nedzink.com\/de\/nedzink-is-shaping-the-future\/#breadcrumb\",\"itemListElement\":[{\"@type\":\"ListItem\",\"position\":1,\"name\":\"Home\",\"item\":\"https:\/\/www.nedzink.com\/de\/\"},{\"@type\":\"ListItem\",\"position\":2,\"name\":\"NedZink is Shaping the Future\"}]},{\"@type\":\"WebSite\",\"@id\":\"https:\/\/www.nedzink.com\/de\/#website\",\"url\":\"https:\/\/www.nedzink.com\/de\/\",\"name\":\"NedZink\",\"description\":\"Zink fabrikant\",\"publisher\":{\"@id\":\"https:\/\/www.nedzink.com\/de\/#organization\"},\"potentialAction\":[{\"@type\":\"SearchAction\",\"target\":{\"@type\":\"EntryPoint\",\"urlTemplate\":\"https:\/\/www.nedzink.com\/de\/?s={search_term_string}\"},\"query-input\":{\"@type\":\"PropertyValueSpecification\",\"valueRequired\":true,\"valueName\":\"search_term_string\"}}],\"inLanguage\":\"de\"},{\"@type\":\"Organization\",\"@id\":\"https:\/\/www.nedzink.com\/de\/#organization\",\"name\":\"NedZink\",\"url\":\"https:\/\/www.nedzink.com\/de\/\",\"logo\":{\"@type\":\"ImageObject\",\"inLanguage\":\"de\",\"@id\":\"https:\/\/www.nedzink.com\/de\/#\/schema\/logo\/image\/\",\"url\":\"https:\/\/www.nedzink.com\/wp-content\/uploads\/2019\/08\/logo-nedzink_fc_zk.jpg\",\"contentUrl\":\"https:\/\/www.nedzink.com\/wp-content\/uploads\/2019\/08\/logo-nedzink_fc_zk.jpg\",\"width\":2160,\"height\":688,\"caption\":\"NedZink\"},\"image\":{\"@id\":\"https:\/\/www.nedzink.com\/de\/#\/schema\/logo\/image\/\"}}]}<\/script>\n<!-- \/ Yoast SEO plugin. -->","yoast_head_json":{"title":"NedZink is Shaping the Future &#8211; NedZink","robots":{"index":"index","follow":"follow","max-snippet":"max-snippet:-1","max-image-preview":"max-image-preview:large","max-video-preview":"max-video-preview:-1"},"canonical":"https:\/\/www.nedzink.com\/de\/nedzink-is-shaping-the-future\/","og_locale":"de_DE","og_type":"article","og_title":"NedZink is Shaping the Future &#8211; NedZink","og_description":"[vc_row fullwidth=&#8220;true&#8220; visibility=&#8220;hidden-sm&#8220; el_class=&#8220;nietbedekken&#8220;][vc_column][\/vc_column][\/vc_row][vc_row][vc_column][mk_padding_divider size=&#8220;50&#8243;][\/vc_column][\/vc_row][vc_row el_class=&#8220;home-intro rij-wit-schaduw nietbedekken&#8220;][vc_column][mk_padding_divider size=&#8220;18&#8243;][vc_column_text css=&#8220;.vc_custom_1632217684388{margin-bottom: 0px !important;}&#8220;] Press Release: Shaping the Future [\/vc_column_text][vc_column_text css=&#8220;.vc_custom_1632380340958{margin-bottom: 0px !important;}&#8220;]Heute haben wir unter den wachsamen Augen von B\u00fcrgermeister Van Kessel, der Kommissarin der K\u00f6nigin, Frau Adema, und Kommissar Herr Satijn das erste Zink f\u00fcr eine besondere Gedenkm\u00fcnze gegossen. Diese Gedenkm\u00fcnze ist der Schlussakkord beim [&hellip;]","og_url":"https:\/\/www.nedzink.com\/de\/nedzink-is-shaping-the-future\/","og_site_name":"NedZink","article_modified_time":"2021-09-23T06:59:08+00:00","og_image":[{"url":"https:\/\/www.nedzink.com\/wp-content\/uploads\/2021\/09\/nedzink-pers-1-cropped-300x149.jpg","type":"","width":"","height":""}],"twitter_card":"summary_large_image","twitter_misc":{"Gesch\u00e4tzte Lesezeit":"3\u00a0Minuten"},"schema":{"@context":"https:\/\/schema.org","@graph":[{"@type":"WebPage","@id":"https:\/\/www.nedzink.com\/de\/nedzink-is-shaping-the-future\/","url":"https:\/\/www.nedzink.com\/de\/nedzink-is-shaping-the-future\/","name":"NedZink is Shaping the Future &#8211; NedZink","isPartOf":{"@id":"https:\/\/www.nedzink.com\/de\/#website"},"primaryImageOfPage":{"@id":"https:\/\/www.nedzink.com\/de\/nedzink-is-shaping-the-future\/#primaryimage"},"image":{"@id":"https:\/\/www.nedzink.com\/de\/nedzink-is-shaping-the-future\/#primaryimage"},"thumbnailUrl":"https:\/\/www.nedzink.com\/wp-content\/uploads\/2021\/09\/nedzink-pers-1-cropped-300x149.jpg","datePublished":"2021-09-23T05:52:39+00:00","dateModified":"2021-09-23T06:59:08+00:00","breadcrumb":{"@id":"https:\/\/www.nedzink.com\/de\/nedzink-is-shaping-the-future\/#breadcrumb"},"inLanguage":"de","potentialAction":[{"@type":"ReadAction","target":["https:\/\/www.nedzink.com\/de\/nedzink-is-shaping-the-future\/"]}]},{"@type":"ImageObject","inLanguage":"de","@id":"https:\/\/www.nedzink.com\/de\/nedzink-is-shaping-the-future\/#primaryimage","url":"https:\/\/www.nedzink.com\/wp-content\/uploads\/2021\/09\/nedzink-pers-1-cropped-300x149.jpg","contentUrl":"https:\/\/www.nedzink.com\/wp-content\/uploads\/2021\/09\/nedzink-pers-1-cropped-300x149.jpg"},{"@type":"BreadcrumbList","@id":"https:\/\/www.nedzink.com\/de\/nedzink-is-shaping-the-future\/#breadcrumb","itemListElement":[{"@type":"ListItem","position":1,"name":"Home","item":"https:\/\/www.nedzink.com\/de\/"},{"@type":"ListItem","position":2,"name":"NedZink is Shaping the Future"}]},{"@type":"WebSite","@id":"https:\/\/www.nedzink.com\/de\/#website","url":"https:\/\/www.nedzink.com\/de\/","name":"NedZink","description":"Zink fabrikant","publisher":{"@id":"https:\/\/www.nedzink.com\/de\/#organization"},"potentialAction":[{"@type":"SearchAction","target":{"@type":"EntryPoint","urlTemplate":"https:\/\/www.nedzink.com\/de\/?s={search_term_string}"},"query-input":{"@type":"PropertyValueSpecification","valueRequired":true,"valueName":"search_term_string"}}],"inLanguage":"de"},{"@type":"Organization","@id":"https:\/\/www.nedzink.com\/de\/#organization","name":"NedZink","url":"https:\/\/www.nedzink.com\/de\/","logo":{"@type":"ImageObject","inLanguage":"de","@id":"https:\/\/www.nedzink.com\/de\/#\/schema\/logo\/image\/","url":"https:\/\/www.nedzink.com\/wp-content\/uploads\/2019\/08\/logo-nedzink_fc_zk.jpg","contentUrl":"https:\/\/www.nedzink.com\/wp-content\/uploads\/2019\/08\/logo-nedzink_fc_zk.jpg","width":2160,"height":688,"caption":"NedZink"},"image":{"@id":"https:\/\/www.nedzink.com\/de\/#\/schema\/logo\/image\/"}}]}},"_links":{"self":[{"href":"https:\/\/www.nedzink.com\/de\/wp-json\/wp\/v2\/pages\/84035","targetHints":{"allow":["GET"]}}],"collection":[{"href":"https:\/\/www.nedzink.com\/de\/wp-json\/wp\/v2\/pages"}],"about":[{"href":"https:\/\/www.nedzink.com\/de\/wp-json\/wp\/v2\/types\/page"}],"author":[{"embeddable":true,"href":"https:\/\/www.nedzink.com\/de\/wp-json\/wp\/v2\/users\/4"}],"replies":[{"embeddable":true,"href":"https:\/\/www.nedzink.com\/de\/wp-json\/wp\/v2\/comments?post=84035"}],"version-history":[{"count":0,"href":"https:\/\/www.nedzink.com\/de\/wp-json\/wp\/v2\/pages\/84035\/revisions"}],"wp:attachment":[{"href":"https:\/\/www.nedzink.com\/de\/wp-json\/wp\/v2\/media?parent=84035"}],"curies":[{"name":"wp","href":"https:\/\/api.w.org\/{rel}","templated":true}]}}