{"id":51256,"date":"2019-09-27T09:21:21","date_gmt":"2019-09-27T07:21:21","guid":{"rendered":"https:\/\/www.nedzink.com\/?page_id=51256"},"modified":"2019-09-27T09:21:21","modified_gmt":"2019-09-27T07:21:21","slug":"regenwasser-check-zink","status":"publish","type":"page","link":"https:\/\/www.nedzink.com\/de\/regenwasser-check-zink\/","title":{"rendered":"Regenwasser-Check-ZINK"},"content":{"rendered":"[vc_row][vc_column][mk_padding_divider][\/vc_column][\/vc_row][vc_row el_class=&#8220;home-waarom-nedzink rij-wit-schaduw&#8220;][vc_column][mk_padding_divider size=&#8220;20&#8243;][vc_column_text css=&#8220;.vc_custom_1569568670045{margin-bottom: 0px !important;}&#8220;]\n<h1>Regenwasser-Check-ZINK<\/h1>\n[\/vc_column_text][mk_padding_divider size=&#8220;20&#8243;][vc_row_inner][vc_column_inner width=&#8220;2\/3&#8243;][vc_column_text css=&#8220;.vc_custom_1569568701927{margin-bottom: 0px !important;}&#8220;]Zink ist vielseitig, dauerhaft und ein nachhaltiger Werkstoff f\u00fcr Bedachungen, Fassaden und Dachentw\u00e4sserungen. Dar\u00fcber hinaus ist Zink ein Spurenelement f\u00fcr Mensch und Tier, f\u00fcr das umfassende Umwelt-Qualit\u00e4tsstandards und Recyclingkonzepte bestehen. F\u00fcr Pflanzen ist Zink ein Spurenn\u00e4hrstoff, der in der Landwirtschaft als D\u00fcnger eingesetzt wird. Um eine nachhaltige ortsnahe und schadlose Versickerung gew\u00e4hrleisten zu k\u00f6nnen, wird eine wissenschaftlich fundierte und glaubhafte Bewertungsmethode f\u00fcr das ablaufende Regenwasser von D\u00e4chern ben\u00f6tigt. Diese Methodik muss zuverl\u00e4ssig Auskunft \u00fcber umweltrelevante Einfl\u00fcsse, die auf den Einsatz z. B. eines Dachbauproduktes zur\u00fcckzuf\u00fchren sind, geben. F\u00fcr den Nachweis der Umweltvertr\u00e4glichkeit von Zink als zuverl\u00e4ssiger Werkstoff f\u00fcr Dach und Fassade steht hierzu ein neues Online-Berechnungsprogramm zur kostenfreien Nutzung zur Verf\u00fcgung.[\/vc_column_text][mk_padding_divider][\/vc_column_inner][vc_column_inner width=&#8220;1\/3&#8243;][vc_single_image image=&#8220;51244&#8243; img_size=&#8220;full&#8220; onclick=&#8220;custom_link&#8220; link=&#8220;https:\/\/www.zn-rate.com&#8220;][mk_padding_divider][\/vc_column_inner][\/vc_row_inner][\/vc_column][\/vc_row][vc_row][vc_column][mk_padding_divider][\/vc_column][\/vc_row][vc_row el_class=&#8220;home-waarom-nedzink rij-wit-schaduw&#8220;][vc_column][mk_padding_divider size=&#8220;20&#8243;][\/vc_column][vc_column][vc_column_text css=&#8220;.vc_custom_1569568805544{margin-bottom: 0px !important;}&#8220;]\n<h5>Neues Berechnungsprogramm f\u00fcr Regenwasserqualit\u00e4t<\/h5>\n<p>Das Berechnungsprogramm \u201eRegenwasser-Check \u2013 ZINK\u201c (Zn-RATE \u2013 Zinc Roof Assessment Tool for the Environment\u201c) ist ein Programm, das den Nachweis einer schadlosen Regenwasserversickerung von Zinkbedachungen und -fassaden erm\u00f6glicht. Die Berechnung basiert auf den nat\u00fcrlichen Abschwemmraten von Zinkfl\u00e4chen, welche \u00fcber viele Jahre von Instituten und Hochschulen aus ganz Europa wissenschaftlich erforscht wurden. Das vom Umweltinstitut ARCHE-consult, Gent (Belgien), entwickelte Programm gibt dar\u00fcber hinaus Auskunft \u00fcber die Umweltwirkung der \u00fcblichen Zinkabschwemmungen auf den Boden und das Grundwasser. Der \u201eRegenwassercheck-ZINK\u201c berechnet zun\u00e4chst objektbezogen den nat\u00fcrlichen Abtrag von Zinkdachfl\u00e4chen, -fassaden und der Dachentw\u00e4sserung unter Einbeziehung der standortbezogenen Regenmenge und der Luftqualit\u00e4t. Das neue Online-Programm liefert zus\u00e4tzlich eine lokale Umweltbewertung auf der Basis der aktuellsten, durch die EU akzeptierten, wissenschaftlichen Bewertungsmethoden. Dieses Bewertungsprogramm zeigt nachvollziehbar und transparent die Umweltwirkung von Zink im Regenwasser auf und unterst\u00fctzt die Forderung nach einer ortsnahen und schadlosen Regenwasserbeseitigung. Es erbringt den rechnerischen und wissenschaftlich fundierten Nachweis f\u00fcr eine schadlose Versickerung von Regenwasser von Dach- und Fassadenfl\u00e4chen aus Titanzink\u2013 objektbezogen und im Sinne eines RegenwasserQualit\u00e4tsmanagements, das durch die technischen Baubestimmungen gefordert wird.<\/p>\n<p>Das Berechnungsprogramm ist ab sofort nutzbar unter: <a href=\"http:\/\/www.zn-rate.com\">www.zn-rate.com<\/a><\/p>\n<p>Weitere Informationen finden Sie auch unter <a href=\"http:\/\/www.bauzink.de\">www.bauzink.de<\/a>[\/vc_column_text][\/vc_column][\/vc_row]\n","protected":false},"excerpt":{"rendered":"<p>[vc_row][vc_column][mk_padding_divider][\/vc_column][\/vc_row][vc_row el_class=&#8220;home-waarom-nedzink rij-wit-schaduw&#8220;][vc_column][mk_padding_divider size=&#8220;20&#8243;][vc_column_text css=&#8220;.vc_custom_1569568670045{margin-bottom: 0px !important;}&#8220;] Regenwasser-Check-ZINK [\/vc_column_text][mk_padding_divider size=&#8220;20&#8243;][vc_row_inner][vc_column_inner width=&#8220;2\/3&#8243;][vc_column_text css=&#8220;.vc_custom_1569568701927{margin-bottom: 0px !important;}&#8220;]Zink ist vielseitig, dauerhaft und ein nachhaltiger Werkstoff f\u00fcr Bedachungen, Fassaden und Dachentw\u00e4sserungen. Dar\u00fcber hinaus ist Zink ein Spurenelement f\u00fcr Mensch und Tier, f\u00fcr das umfassende Umwelt-Qualit\u00e4tsstandards und Recyclingkonzepte bestehen. F\u00fcr Pflanzen ist Zink ein Spurenn\u00e4hrstoff, der in der Landwirtschaft als D\u00fcnger [&hellip;]<\/p>\n","protected":false},"author":4,"featured_media":0,"parent":0,"menu_order":0,"comment_status":"closed","ping_status":"closed","template":"","meta":{"_acf_changed":false,"footnotes":""},"class_list":["post-51256","page","type-page","status-publish","hentry"],"acf":[],"yoast_head":"<!-- This site is optimized with the Yoast SEO plugin v26.8 - https:\/\/yoast.com\/product\/yoast-seo-wordpress\/ -->\n<title>Umwelt &amp; Nachhaltigkeit \u2013 NedZink<\/title>\n<meta name=\"robots\" content=\"index, follow, max-snippet:-1, max-image-preview:large, max-video-preview:-1\" \/>\n<link rel=\"canonical\" href=\"https:\/\/www.nedzink.com\/de\/regenwasser-check-zink\/\" \/>\n<meta property=\"og:locale\" content=\"de_DE\" \/>\n<meta property=\"og:type\" content=\"article\" \/>\n<meta property=\"og:title\" content=\"Umwelt &amp; Nachhaltigkeit \u2013 NedZink\" \/>\n<meta property=\"og:description\" content=\"[vc_row][vc_column][mk_padding_divider][\/vc_column][\/vc_row][vc_row el_class=&#8220;home-waarom-nedzink rij-wit-schaduw&#8220;][vc_column][mk_padding_divider size=&#8220;20&#8243;][vc_column_text css=&#8220;.vc_custom_1569568670045{margin-bottom: 0px !important;}&#8220;] Regenwasser-Check-ZINK [\/vc_column_text][mk_padding_divider size=&#8220;20&#8243;][vc_row_inner][vc_column_inner width=&#8220;2\/3&#8243;][vc_column_text css=&#8220;.vc_custom_1569568701927{margin-bottom: 0px !important;}&#8220;]Zink ist vielseitig, dauerhaft und ein nachhaltiger Werkstoff f\u00fcr Bedachungen, Fassaden und Dachentw\u00e4sserungen. Dar\u00fcber hinaus ist Zink ein Spurenelement f\u00fcr Mensch und Tier, f\u00fcr das umfassende Umwelt-Qualit\u00e4tsstandards und Recyclingkonzepte bestehen. F\u00fcr Pflanzen ist Zink ein Spurenn\u00e4hrstoff, der in der Landwirtschaft als D\u00fcnger [&hellip;]\" \/>\n<meta property=\"og:url\" content=\"https:\/\/www.nedzink.com\/de\/regenwasser-check-zink\/\" \/>\n<meta property=\"og:site_name\" content=\"NedZink\" \/>\n<meta name=\"twitter:card\" content=\"summary_large_image\" \/>\n<meta name=\"twitter:label1\" content=\"Gesch\u00e4tzte Lesezeit\" \/>\n\t<meta name=\"twitter:data1\" content=\"2\u00a0Minuten\" \/>\n<script type=\"application\/ld+json\" class=\"yoast-schema-graph\">{\"@context\":\"https:\/\/schema.org\",\"@graph\":[{\"@type\":\"WebPage\",\"@id\":\"https:\/\/www.nedzink.com\/de\/regenwasser-check-zink\/\",\"url\":\"https:\/\/www.nedzink.com\/de\/regenwasser-check-zink\/\",\"name\":\"Umwelt & Nachhaltigkeit \u2013 NedZink\",\"isPartOf\":{\"@id\":\"https:\/\/www.nedzink.com\/de\/#website\"},\"datePublished\":\"2019-09-27T07:21:21+00:00\",\"breadcrumb\":{\"@id\":\"https:\/\/www.nedzink.com\/de\/regenwasser-check-zink\/#breadcrumb\"},\"inLanguage\":\"de\",\"potentialAction\":[{\"@type\":\"ReadAction\",\"target\":[\"https:\/\/www.nedzink.com\/de\/regenwasser-check-zink\/\"]}]},{\"@type\":\"BreadcrumbList\",\"@id\":\"https:\/\/www.nedzink.com\/de\/regenwasser-check-zink\/#breadcrumb\",\"itemListElement\":[{\"@type\":\"ListItem\",\"position\":1,\"name\":\"Home\",\"item\":\"https:\/\/www.nedzink.com\/de\/\"},{\"@type\":\"ListItem\",\"position\":2,\"name\":\"Regenwasser-Check-ZINK\"}]},{\"@type\":\"WebSite\",\"@id\":\"https:\/\/www.nedzink.com\/de\/#website\",\"url\":\"https:\/\/www.nedzink.com\/de\/\",\"name\":\"NedZink\",\"description\":\"Zink fabrikant\",\"publisher\":{\"@id\":\"https:\/\/www.nedzink.com\/de\/#organization\"},\"potentialAction\":[{\"@type\":\"SearchAction\",\"target\":{\"@type\":\"EntryPoint\",\"urlTemplate\":\"https:\/\/www.nedzink.com\/de\/?s={search_term_string}\"},\"query-input\":{\"@type\":\"PropertyValueSpecification\",\"valueRequired\":true,\"valueName\":\"search_term_string\"}}],\"inLanguage\":\"de\"},{\"@type\":\"Organization\",\"@id\":\"https:\/\/www.nedzink.com\/de\/#organization\",\"name\":\"NedZink\",\"url\":\"https:\/\/www.nedzink.com\/de\/\",\"logo\":{\"@type\":\"ImageObject\",\"inLanguage\":\"de\",\"@id\":\"https:\/\/www.nedzink.com\/de\/#\/schema\/logo\/image\/\",\"url\":\"https:\/\/www.nedzink.com\/wp-content\/uploads\/2019\/08\/logo-nedzink_fc_zk.jpg\",\"contentUrl\":\"https:\/\/www.nedzink.com\/wp-content\/uploads\/2019\/08\/logo-nedzink_fc_zk.jpg\",\"width\":2160,\"height\":688,\"caption\":\"NedZink\"},\"image\":{\"@id\":\"https:\/\/www.nedzink.com\/de\/#\/schema\/logo\/image\/\"}}]}<\/script>\n<!-- \/ Yoast SEO plugin. -->","yoast_head_json":{"title":"Umwelt & Nachhaltigkeit \u2013 NedZink","robots":{"index":"index","follow":"follow","max-snippet":"max-snippet:-1","max-image-preview":"max-image-preview:large","max-video-preview":"max-video-preview:-1"},"canonical":"https:\/\/www.nedzink.com\/de\/regenwasser-check-zink\/","og_locale":"de_DE","og_type":"article","og_title":"Umwelt & Nachhaltigkeit \u2013 NedZink","og_description":"[vc_row][vc_column][mk_padding_divider][\/vc_column][\/vc_row][vc_row el_class=&#8220;home-waarom-nedzink rij-wit-schaduw&#8220;][vc_column][mk_padding_divider size=&#8220;20&#8243;][vc_column_text css=&#8220;.vc_custom_1569568670045{margin-bottom: 0px !important;}&#8220;] Regenwasser-Check-ZINK [\/vc_column_text][mk_padding_divider size=&#8220;20&#8243;][vc_row_inner][vc_column_inner width=&#8220;2\/3&#8243;][vc_column_text css=&#8220;.vc_custom_1569568701927{margin-bottom: 0px !important;}&#8220;]Zink ist vielseitig, dauerhaft und ein nachhaltiger Werkstoff f\u00fcr Bedachungen, Fassaden und Dachentw\u00e4sserungen. Dar\u00fcber hinaus ist Zink ein Spurenelement f\u00fcr Mensch und Tier, f\u00fcr das umfassende Umwelt-Qualit\u00e4tsstandards und Recyclingkonzepte bestehen. F\u00fcr Pflanzen ist Zink ein Spurenn\u00e4hrstoff, der in der Landwirtschaft als D\u00fcnger [&hellip;]","og_url":"https:\/\/www.nedzink.com\/de\/regenwasser-check-zink\/","og_site_name":"NedZink","twitter_card":"summary_large_image","twitter_misc":{"Gesch\u00e4tzte Lesezeit":"2\u00a0Minuten"},"schema":{"@context":"https:\/\/schema.org","@graph":[{"@type":"WebPage","@id":"https:\/\/www.nedzink.com\/de\/regenwasser-check-zink\/","url":"https:\/\/www.nedzink.com\/de\/regenwasser-check-zink\/","name":"Umwelt & Nachhaltigkeit \u2013 NedZink","isPartOf":{"@id":"https:\/\/www.nedzink.com\/de\/#website"},"datePublished":"2019-09-27T07:21:21+00:00","breadcrumb":{"@id":"https:\/\/www.nedzink.com\/de\/regenwasser-check-zink\/#breadcrumb"},"inLanguage":"de","potentialAction":[{"@type":"ReadAction","target":["https:\/\/www.nedzink.com\/de\/regenwasser-check-zink\/"]}]},{"@type":"BreadcrumbList","@id":"https:\/\/www.nedzink.com\/de\/regenwasser-check-zink\/#breadcrumb","itemListElement":[{"@type":"ListItem","position":1,"name":"Home","item":"https:\/\/www.nedzink.com\/de\/"},{"@type":"ListItem","position":2,"name":"Regenwasser-Check-ZINK"}]},{"@type":"WebSite","@id":"https:\/\/www.nedzink.com\/de\/#website","url":"https:\/\/www.nedzink.com\/de\/","name":"NedZink","description":"Zink fabrikant","publisher":{"@id":"https:\/\/www.nedzink.com\/de\/#organization"},"potentialAction":[{"@type":"SearchAction","target":{"@type":"EntryPoint","urlTemplate":"https:\/\/www.nedzink.com\/de\/?s={search_term_string}"},"query-input":{"@type":"PropertyValueSpecification","valueRequired":true,"valueName":"search_term_string"}}],"inLanguage":"de"},{"@type":"Organization","@id":"https:\/\/www.nedzink.com\/de\/#organization","name":"NedZink","url":"https:\/\/www.nedzink.com\/de\/","logo":{"@type":"ImageObject","inLanguage":"de","@id":"https:\/\/www.nedzink.com\/de\/#\/schema\/logo\/image\/","url":"https:\/\/www.nedzink.com\/wp-content\/uploads\/2019\/08\/logo-nedzink_fc_zk.jpg","contentUrl":"https:\/\/www.nedzink.com\/wp-content\/uploads\/2019\/08\/logo-nedzink_fc_zk.jpg","width":2160,"height":688,"caption":"NedZink"},"image":{"@id":"https:\/\/www.nedzink.com\/de\/#\/schema\/logo\/image\/"}}]}},"_links":{"self":[{"href":"https:\/\/www.nedzink.com\/de\/wp-json\/wp\/v2\/pages\/51256","targetHints":{"allow":["GET"]}}],"collection":[{"href":"https:\/\/www.nedzink.com\/de\/wp-json\/wp\/v2\/pages"}],"about":[{"href":"https:\/\/www.nedzink.com\/de\/wp-json\/wp\/v2\/types\/page"}],"author":[{"embeddable":true,"href":"https:\/\/www.nedzink.com\/de\/wp-json\/wp\/v2\/users\/4"}],"replies":[{"embeddable":true,"href":"https:\/\/www.nedzink.com\/de\/wp-json\/wp\/v2\/comments?post=51256"}],"version-history":[{"count":0,"href":"https:\/\/www.nedzink.com\/de\/wp-json\/wp\/v2\/pages\/51256\/revisions"}],"wp:attachment":[{"href":"https:\/\/www.nedzink.com\/de\/wp-json\/wp\/v2\/media?parent=51256"}],"curies":[{"name":"wp","href":"https:\/\/api.w.org\/{rel}","templated":true}]}}