{"id":49401,"date":"2019-09-04T14:52:53","date_gmt":"2019-09-04T12:52:53","guid":{"rendered":"http:\/\/136.144.181.85\/~nedzink\/?page_id=49401"},"modified":"2022-03-23T10:58:54","modified_gmt":"2022-03-23T09:58:54","slug":"umwelt-nachhaltigkeit","status":"publish","type":"page","link":"https:\/\/www.nedzink.com\/de\/ueber-nedzink\/umwelt-nachhaltigkeit\/","title":{"rendered":"Umwelt &#038; Nachhaltigkeit"},"content":{"rendered":"[vc_row][vc_column][mk_padding_divider][\/vc_column][\/vc_row][vc_row el_class=&#8220;home-waarom-nedzink rij-wit-schaduw&#8220;][vc_column][mk_padding_divider size=&#8220;20&#8243;][vc_column_text css=&#8220;.vc_custom_1569329865892{margin-bottom: 0px !important;}&#8220;]\n<h1>Umwelt &amp; Nachhaltigkeit<\/h1>\n[\/vc_column_text][mk_padding_divider size=&#8220;0&#8243;][vc_row_inner css=&#8220;.vc_custom_1594653634369{margin-top: 0px !important;margin-right: 0px !important;margin-bottom: 0px !important;margin-left: 0px !important;border-top-width: 0px !important;border-right-width: 0px !important;border-bottom-width: 0px !important;border-left-width: 0px !important;padding-top: 0px !important;padding-right: 0px !important;padding-bottom: 0px !important;padding-left: 0px !important;}&#8220;][vc_column_inner width=&#8220;1\/2&#8243; css=&#8220;.vc_custom_1594653644701{margin-top: 0px !important;margin-right: 0px !important;margin-bottom: 0px !important;margin-left: 0px !important;border-top-width: 0px !important;border-right-width: 0px !important;border-bottom-width: 0px !important;border-left-width: 0px !important;padding-top: 0px !important;padding-right: 0px !important;padding-bottom: 0px !important;padding-left: 0px !important;}&#8220;][vc_column_text css=&#8220;.vc_custom_1594653656025{margin-top: 0px !important;margin-right: 0px !important;margin-bottom: 0px !important;margin-left: 0px !important;border-top-width: 0px !important;border-right-width: 0px !important;border-bottom-width: 0px !important;border-left-width: 0px !important;padding-top: 0px !important;padding-right: 0px !important;padding-bottom: 0px !important;padding-left: 0px !important;}&#8220;]\n<h5>Umwelt<\/h5>\n<p>Zink ist ein bew\u00e4hrtes und traditionelles Baumetall, welches seit Jahrhunderten im Hochbau eingesetzt wird. Dazu geh\u00f6ren Zink Dachrinnen, Fallrohre inkl. Zubeh\u00f6r sowie Dacheindeckungen und Fassadenbekleidungen. Mit einer Lebensdauer von \u00fcber 75 Jahren ist Zink nicht nur eine \u00e4sthetische, sondern auch eine nachhaltige Wahl. Immerhin werden ca. 95% des Werkstoffes Zink am Ende der Nutzungsdauer zur\u00fcckgebaut und recycelt. So leistet Zink durch seine unbegrenze Wiederverwertbarkeit einen gro\u00dfen Beitrag zur Kreislaufwirtschaft. Es gibt daher nur wenige Baustoffe, deren Gesamtumweltbilanz so positiv ist wie f\u00fcr Zink.<\/p>\n<p>Zink wird nicht nur wegen seines unverwechselbaren und nat\u00fcrlichen Aussehens gesch\u00e4tzt, das Metall ist auch sehr funktional: Es sorgt f\u00fcr einen hohen Schutz f\u00fcr Geb\u00e4ude vor Umwelt- und Witterungseinfl\u00fcssen sowie einer zuverl\u00e4ssigen Ableitung von Niederschlagswasser. Folglich erreichen Geb\u00e4ude so einen langen Lebenszyklus mit hoher Wirtschaftlichkeit. Zudem \u00fcberzeugt das Baumetall durch seine excellenten Verarbeitungseigenschaften.[\/vc_column_text][mk_padding_divider][\/vc_column_inner][vc_column_inner width=&#8220;1\/2&#8243;][vc_single_image image=&#8220;22983&#8243; img_size=&#8220;full&#8220;][mk_padding_divider][\/vc_column_inner][\/vc_row_inner][\/vc_column][\/vc_row][vc_row][vc_column][mk_padding_divider][\/vc_column][\/vc_row][vc_row el_class=&#8220;home-waarom-nedzink rij-wit-schaduw&#8220;][vc_column][mk_padding_divider size=&#8220;20&#8243;][\/vc_column][vc_column][vc_column_text css=&#8220;.vc_custom_1569329914098{margin-bottom: 0px !important;}&#8220;]\n<h5>Nachhaltigkeit<\/h5>\n<p>Zink ist ein Spurenelement, das auf nat\u00fcrliche Weise in der Umwelt vorkommt, z.B. in Gesteinen, im Boden und im Wasser. Es passt daher perfekt in eine nachhaltige Gesellschaft. Dar\u00fcber hinaus spielt Zink auch eine sehr wichtige Rolle bei den biologischen Prozessen von Menschen, Tieren und Pflanzen.<\/p>\n<p>Zuverl\u00e4ssig, langlebig und recycelbar sind drei wichtige Eigenschaften von Zink. Dar\u00fcber hinaus ist es wartungsfrei und sorgt f\u00fcr ein hohes Ma\u00df an Wirtschaftlichkeit im Bauwesen.[\/vc_column_text][\/vc_column][\/vc_row][vc_row][vc_column][mk_padding_divider][\/vc_column][\/vc_row][vc_row el_class=&#8220;home-waarom-nedzink rij-wit-schaduw&#8220;][vc_column width=&#8220;2\/3&#8243;][mk_padding_divider size=&#8220;20&#8243;][vc_column_text css=&#8220;.vc_custom_1648029499928{margin-bottom: 0px !important;}&#8220;]\n<h5>Infografik: Sieben Vorteile von NedZink<\/h5>\n<p>Planen Sie ein Dach oder eine Fassade, so sollten f\u00fcr die verwendeten Werkstoffe Langlebigkeit, eine gute Optik sowie Wartungsfreiheit sichergestellt sein. Zink besitzt diese Eigenschaften. Vergleichen Sie das nat\u00fcrliche Metall Zink mit anderen Werkstoffen, ergeben sich sogar sieben Vorteile.[\/vc_column_text][\/vc_column][vc_column width=&#8220;1\/3&#8243;][mk_padding_divider size=&#8220;20&#8243;][mk_image src=&#8220;https:\/\/www.nedzink.com\/wp-content\/uploads\/2020\/05\/zeven_zink_zekerheden_du1024x736.jpg&#8220; image_size=&#8220;full&#8220; link=&#8220;https:\/\/www.nedzink.com\/wp-content\/uploads\/2020\/05\/28507-nz-infographic-zeven-zink-zekerheden-du.pdf&#8220; target=&#8220;_blank&#8220;][\/vc_column][\/vc_row][vc_row][vc_column][mk_padding_divider][\/vc_column][\/vc_row][vc_row el_class=&#8220;home-waarom-nedzink rij-wit-schaduw&#8220;][vc_column width=&#8220;2\/3&#8243;][mk_padding_divider size=&#8220;20&#8243;][vc_column_text css=&#8220;.vc_custom_1648029513147{margin-bottom: 0px !important;}&#8220;]\n<h5>Infografik: Nachhaltiges Bauen mit NedZink<\/h5>\n<p>Unter dem Gesichtspunkt der Nachhaltigkeit ist NedZink eine ausgezeichnete und verantwortungsvolle Wahl. Wir haben die wissenschaftlich fundierten Argumente daf\u00fcr in der Infografik unter &#8222;Nachhaltiges Bauen mit NedZink&#8220; zusammengefasst.[\/vc_column_text][\/vc_column][vc_column width=&#8220;1\/3&#8243;][mk_padding_divider size=&#8220;20&#8243;][mk_image src=&#8220;https:\/\/www.nedzink.com\/wp-content\/uploads\/2020\/05\/duurzaamheid_du1024x736.jpg&#8220; image_size=&#8220;full&#8220; link=&#8220;https:\/\/www.nedzink.com\/wp-content\/uploads\/2020\/05\/29265-nz-infographic-duurzaamheid-du.pdf&#8220; target=&#8220;_blank&#8220;][\/vc_column][\/vc_row][vc_row][vc_column][mk_padding_divider][\/vc_column][\/vc_row][vc_row el_class=&#8220;home-waarom-nedzink rij-wit-schaduw&#8220;][vc_column width=&#8220;2\/3&#8243;][mk_padding_divider size=&#8220;20&#8243;][vc_column_text css=&#8220;.vc_custom_1648029525783{margin-bottom: 0px !important;}&#8220;]\n<h5>Infografik: Nat\u00fcrlich! NedZink NOIR<\/h5>\n<p>NedZink NOIR ist ein vorbewittertes Titanzink in einer modernen, schwarzen Farbe. In der folgenden Infografik haben wir die Vorteile von NedZink NOIR zusammengefasst: \u201eNat\u00fcrlich! NedZink NOIR \u201c.[\/vc_column_text][\/vc_column][vc_column width=&#8220;1\/3&#8243;][mk_padding_divider size=&#8220;20&#8243;][mk_image src=&#8220;https:\/\/www.nedzink.com\/wp-content\/uploads\/2020\/06\/29432-nz-infographic-nedzink-noir-du-wo-garanty.jpg&#8220; image_size=&#8220;full&#8220; link=&#8220;https:\/\/www.nedzink.com\/wp-content\/uploads\/2020\/06\/29432-nz-infographic-nedzink-noir-du-wo-garanty.pdf&#8220; target=&#8220;_blank&#8220;][\/vc_column][\/vc_row]\n","protected":false},"excerpt":{"rendered":"<p>[vc_row][vc_column][mk_padding_divider][\/vc_column][\/vc_row][vc_row el_class=&#8220;home-waarom-nedzink rij-wit-schaduw&#8220;][vc_column][mk_padding_divider size=&#8220;20&#8243;][vc_column_text css=&#8220;.vc_custom_1569329865892{margin-bottom: 0px !important;}&#8220;] Umwelt &amp; Nachhaltigkeit [\/vc_column_text][mk_padding_divider size=&#8220;0&#8243;][vc_row_inner css=&#8220;.vc_custom_1594653634369{margin-top: 0px !important;margin-right: 0px !important;margin-bottom: 0px !important;margin-left: 0px !important;border-top-width: 0px !important;border-right-width: 0px !important;border-bottom-width: 0px !important;border-left-width: 0px !important;padding-top: 0px !important;padding-right: 0px !important;padding-bottom: 0px !important;padding-left: 0px !important;}&#8220;][vc_column_inner width=&#8220;1\/2&#8243; css=&#8220;.vc_custom_1594653644701{margin-top: 0px !important;margin-right: 0px !important;margin-bottom: 0px !important;margin-left: 0px !important;border-top-width: 0px !important;border-right-width: 0px !important;border-bottom-width: 0px !important;border-left-width: 0px !important;padding-top: [&hellip;]<\/p>\n","protected":false},"author":4,"featured_media":0,"parent":12339,"menu_order":0,"comment_status":"closed","ping_status":"closed","template":"","meta":{"_acf_changed":false,"footnotes":""},"class_list":["post-49401","page","type-page","status-publish","hentry"],"acf":[],"yoast_head":"<!-- This site is optimized with the Yoast SEO plugin v26.8 - https:\/\/yoast.com\/product\/yoast-seo-wordpress\/ -->\n<title>Umwelt &amp; Nachhaltigkeit \u2013 NedZink<\/title>\n<meta name=\"robots\" content=\"index, follow, max-snippet:-1, max-image-preview:large, max-video-preview:-1\" \/>\n<link rel=\"canonical\" href=\"https:\/\/www.nedzink.com\/de\/ueber-nedzink\/umwelt-nachhaltigkeit\/\" \/>\n<meta property=\"og:locale\" content=\"de_DE\" \/>\n<meta property=\"og:type\" content=\"article\" \/>\n<meta property=\"og:title\" content=\"Umwelt &amp; Nachhaltigkeit \u2013 NedZink\" \/>\n<meta property=\"og:description\" content=\"[vc_row][vc_column][mk_padding_divider][\/vc_column][\/vc_row][vc_row el_class=&#8220;home-waarom-nedzink rij-wit-schaduw&#8220;][vc_column][mk_padding_divider size=&#8220;20&#8243;][vc_column_text css=&#8220;.vc_custom_1569329865892{margin-bottom: 0px !important;}&#8220;] Umwelt &amp; Nachhaltigkeit [\/vc_column_text][mk_padding_divider size=&#8220;0&#8243;][vc_row_inner css=&#8220;.vc_custom_1594653634369{margin-top: 0px !important;margin-right: 0px !important;margin-bottom: 0px !important;margin-left: 0px !important;border-top-width: 0px !important;border-right-width: 0px !important;border-bottom-width: 0px !important;border-left-width: 0px !important;padding-top: 0px !important;padding-right: 0px !important;padding-bottom: 0px !important;padding-left: 0px !important;}&#8220;][vc_column_inner width=&#8220;1\/2&#8243; css=&#8220;.vc_custom_1594653644701{margin-top: 0px !important;margin-right: 0px !important;margin-bottom: 0px !important;margin-left: 0px !important;border-top-width: 0px !important;border-right-width: 0px !important;border-bottom-width: 0px !important;border-left-width: 0px !important;padding-top: [&hellip;]\" \/>\n<meta property=\"og:url\" content=\"https:\/\/www.nedzink.com\/de\/ueber-nedzink\/umwelt-nachhaltigkeit\/\" \/>\n<meta property=\"og:site_name\" content=\"NedZink\" \/>\n<meta property=\"article:modified_time\" content=\"2022-03-23T09:58:54+00:00\" \/>\n<meta name=\"twitter:card\" content=\"summary_large_image\" \/>\n<meta name=\"twitter:label1\" content=\"Gesch\u00e4tzte Lesezeit\" \/>\n\t<meta name=\"twitter:data1\" content=\"3\u00a0Minuten\" \/>\n<script type=\"application\/ld+json\" class=\"yoast-schema-graph\">{\"@context\":\"https:\/\/schema.org\",\"@graph\":[{\"@type\":\"WebPage\",\"@id\":\"https:\/\/www.nedzink.com\/de\/ueber-nedzink\/umwelt-nachhaltigkeit\/\",\"url\":\"https:\/\/www.nedzink.com\/de\/ueber-nedzink\/umwelt-nachhaltigkeit\/\",\"name\":\"Umwelt & Nachhaltigkeit \u2013 NedZink\",\"isPartOf\":{\"@id\":\"https:\/\/www.nedzink.com\/de\/#website\"},\"datePublished\":\"2019-09-04T12:52:53+00:00\",\"dateModified\":\"2022-03-23T09:58:54+00:00\",\"breadcrumb\":{\"@id\":\"https:\/\/www.nedzink.com\/de\/ueber-nedzink\/umwelt-nachhaltigkeit\/#breadcrumb\"},\"inLanguage\":\"de\",\"potentialAction\":[{\"@type\":\"ReadAction\",\"target\":[\"https:\/\/www.nedzink.com\/de\/ueber-nedzink\/umwelt-nachhaltigkeit\/\"]}]},{\"@type\":\"BreadcrumbList\",\"@id\":\"https:\/\/www.nedzink.com\/de\/ueber-nedzink\/umwelt-nachhaltigkeit\/#breadcrumb\",\"itemListElement\":[{\"@type\":\"ListItem\",\"position\":1,\"name\":\"Home\",\"item\":\"https:\/\/www.nedzink.com\/de\/\"},{\"@type\":\"ListItem\",\"position\":2,\"name\":\"\u00dcber NedZink\",\"item\":\"https:\/\/www.nedzink.com\/de\/ueber-nedzink\/\"},{\"@type\":\"ListItem\",\"position\":3,\"name\":\"Umwelt &#038; Nachhaltigkeit\"}]},{\"@type\":\"WebSite\",\"@id\":\"https:\/\/www.nedzink.com\/de\/#website\",\"url\":\"https:\/\/www.nedzink.com\/de\/\",\"name\":\"NedZink\",\"description\":\"Zink fabrikant\",\"publisher\":{\"@id\":\"https:\/\/www.nedzink.com\/de\/#organization\"},\"potentialAction\":[{\"@type\":\"SearchAction\",\"target\":{\"@type\":\"EntryPoint\",\"urlTemplate\":\"https:\/\/www.nedzink.com\/de\/?s={search_term_string}\"},\"query-input\":{\"@type\":\"PropertyValueSpecification\",\"valueRequired\":true,\"valueName\":\"search_term_string\"}}],\"inLanguage\":\"de\"},{\"@type\":\"Organization\",\"@id\":\"https:\/\/www.nedzink.com\/de\/#organization\",\"name\":\"NedZink\",\"url\":\"https:\/\/www.nedzink.com\/de\/\",\"logo\":{\"@type\":\"ImageObject\",\"inLanguage\":\"de\",\"@id\":\"https:\/\/www.nedzink.com\/de\/#\/schema\/logo\/image\/\",\"url\":\"https:\/\/www.nedzink.com\/wp-content\/uploads\/2019\/08\/logo-nedzink_fc_zk.jpg\",\"contentUrl\":\"https:\/\/www.nedzink.com\/wp-content\/uploads\/2019\/08\/logo-nedzink_fc_zk.jpg\",\"width\":2160,\"height\":688,\"caption\":\"NedZink\"},\"image\":{\"@id\":\"https:\/\/www.nedzink.com\/de\/#\/schema\/logo\/image\/\"}}]}<\/script>\n<!-- \/ Yoast SEO plugin. -->","yoast_head_json":{"title":"Umwelt & Nachhaltigkeit \u2013 NedZink","robots":{"index":"index","follow":"follow","max-snippet":"max-snippet:-1","max-image-preview":"max-image-preview:large","max-video-preview":"max-video-preview:-1"},"canonical":"https:\/\/www.nedzink.com\/de\/ueber-nedzink\/umwelt-nachhaltigkeit\/","og_locale":"de_DE","og_type":"article","og_title":"Umwelt & Nachhaltigkeit \u2013 NedZink","og_description":"[vc_row][vc_column][mk_padding_divider][\/vc_column][\/vc_row][vc_row el_class=&#8220;home-waarom-nedzink rij-wit-schaduw&#8220;][vc_column][mk_padding_divider size=&#8220;20&#8243;][vc_column_text css=&#8220;.vc_custom_1569329865892{margin-bottom: 0px !important;}&#8220;] Umwelt &amp; Nachhaltigkeit [\/vc_column_text][mk_padding_divider size=&#8220;0&#8243;][vc_row_inner css=&#8220;.vc_custom_1594653634369{margin-top: 0px !important;margin-right: 0px !important;margin-bottom: 0px !important;margin-left: 0px !important;border-top-width: 0px !important;border-right-width: 0px !important;border-bottom-width: 0px !important;border-left-width: 0px !important;padding-top: 0px !important;padding-right: 0px !important;padding-bottom: 0px !important;padding-left: 0px !important;}&#8220;][vc_column_inner width=&#8220;1\/2&#8243; css=&#8220;.vc_custom_1594653644701{margin-top: 0px !important;margin-right: 0px !important;margin-bottom: 0px !important;margin-left: 0px !important;border-top-width: 0px !important;border-right-width: 0px !important;border-bottom-width: 0px !important;border-left-width: 0px !important;padding-top: [&hellip;]","og_url":"https:\/\/www.nedzink.com\/de\/ueber-nedzink\/umwelt-nachhaltigkeit\/","og_site_name":"NedZink","article_modified_time":"2022-03-23T09:58:54+00:00","twitter_card":"summary_large_image","twitter_misc":{"Gesch\u00e4tzte Lesezeit":"3\u00a0Minuten"},"schema":{"@context":"https:\/\/schema.org","@graph":[{"@type":"WebPage","@id":"https:\/\/www.nedzink.com\/de\/ueber-nedzink\/umwelt-nachhaltigkeit\/","url":"https:\/\/www.nedzink.com\/de\/ueber-nedzink\/umwelt-nachhaltigkeit\/","name":"Umwelt & Nachhaltigkeit \u2013 NedZink","isPartOf":{"@id":"https:\/\/www.nedzink.com\/de\/#website"},"datePublished":"2019-09-04T12:52:53+00:00","dateModified":"2022-03-23T09:58:54+00:00","breadcrumb":{"@id":"https:\/\/www.nedzink.com\/de\/ueber-nedzink\/umwelt-nachhaltigkeit\/#breadcrumb"},"inLanguage":"de","potentialAction":[{"@type":"ReadAction","target":["https:\/\/www.nedzink.com\/de\/ueber-nedzink\/umwelt-nachhaltigkeit\/"]}]},{"@type":"BreadcrumbList","@id":"https:\/\/www.nedzink.com\/de\/ueber-nedzink\/umwelt-nachhaltigkeit\/#breadcrumb","itemListElement":[{"@type":"ListItem","position":1,"name":"Home","item":"https:\/\/www.nedzink.com\/de\/"},{"@type":"ListItem","position":2,"name":"\u00dcber NedZink","item":"https:\/\/www.nedzink.com\/de\/ueber-nedzink\/"},{"@type":"ListItem","position":3,"name":"Umwelt &#038; Nachhaltigkeit"}]},{"@type":"WebSite","@id":"https:\/\/www.nedzink.com\/de\/#website","url":"https:\/\/www.nedzink.com\/de\/","name":"NedZink","description":"Zink fabrikant","publisher":{"@id":"https:\/\/www.nedzink.com\/de\/#organization"},"potentialAction":[{"@type":"SearchAction","target":{"@type":"EntryPoint","urlTemplate":"https:\/\/www.nedzink.com\/de\/?s={search_term_string}"},"query-input":{"@type":"PropertyValueSpecification","valueRequired":true,"valueName":"search_term_string"}}],"inLanguage":"de"},{"@type":"Organization","@id":"https:\/\/www.nedzink.com\/de\/#organization","name":"NedZink","url":"https:\/\/www.nedzink.com\/de\/","logo":{"@type":"ImageObject","inLanguage":"de","@id":"https:\/\/www.nedzink.com\/de\/#\/schema\/logo\/image\/","url":"https:\/\/www.nedzink.com\/wp-content\/uploads\/2019\/08\/logo-nedzink_fc_zk.jpg","contentUrl":"https:\/\/www.nedzink.com\/wp-content\/uploads\/2019\/08\/logo-nedzink_fc_zk.jpg","width":2160,"height":688,"caption":"NedZink"},"image":{"@id":"https:\/\/www.nedzink.com\/de\/#\/schema\/logo\/image\/"}}]}},"_links":{"self":[{"href":"https:\/\/www.nedzink.com\/de\/wp-json\/wp\/v2\/pages\/49401","targetHints":{"allow":["GET"]}}],"collection":[{"href":"https:\/\/www.nedzink.com\/de\/wp-json\/wp\/v2\/pages"}],"about":[{"href":"https:\/\/www.nedzink.com\/de\/wp-json\/wp\/v2\/types\/page"}],"author":[{"embeddable":true,"href":"https:\/\/www.nedzink.com\/de\/wp-json\/wp\/v2\/users\/4"}],"replies":[{"embeddable":true,"href":"https:\/\/www.nedzink.com\/de\/wp-json\/wp\/v2\/comments?post=49401"}],"version-history":[{"count":0,"href":"https:\/\/www.nedzink.com\/de\/wp-json\/wp\/v2\/pages\/49401\/revisions"}],"up":[{"embeddable":true,"href":"https:\/\/www.nedzink.com\/de\/wp-json\/wp\/v2\/pages\/12339"}],"wp:attachment":[{"href":"https:\/\/www.nedzink.com\/de\/wp-json\/wp\/v2\/media?parent=49401"}],"curies":[{"name":"wp","href":"https:\/\/api.w.org\/{rel}","templated":true}]}}