{"id":47814,"date":"2019-08-19T15:12:29","date_gmt":"2019-08-19T13:12:29","guid":{"rendered":"http:\/\/136.144.181.85\/~nedzink\/berechnung-dachentwasserung\/"},"modified":"2021-09-22T10:08:16","modified_gmt":"2021-09-22T08:08:16","slug":"berechnung-dachentwasserung","status":"publish","type":"page","link":"https:\/\/www.nedzink.com\/de\/berechnung-dachentwasserung\/","title":{"rendered":"Berechnung Dachentw\u00e4sserung"},"content":{"rendered":"[vc_row][vc_column][vc_column_text css=&#8220;.vc_custom_1632298090254{margin-bottom: 0px !important;}&#8220;]<strong>Hinweise zur Bemessung<\/strong><br \/>\nDie Bemessung der Regenfallleitungen und damit die Zuordnung der Dachrinnengr\u00f6\u00dfe ist abh\u00e4ngig von der Regenspende, der Dachgrundfl\u00e4che (Grundrissfl\u00e4che) und dem Abflussbeiwert (Neigung, Oberfl\u00e4chenbeschaffenheit). Es gelten f\u00fcr diese Bemessung die aus den lichten Ma\u00dfen errechneten Querschnittsfl\u00e4chen. Bei Regenfallrohren mit rechteckigem Querschnitt muss die kleinste Seite mindestens die Gr\u00f6\u00dfe des Durchmessers (Nenngr\u00f6\u00dfe) der entsprechenden <a href=\"https:\/\/www.nedzink.com\/de\/regenfallrohre\/\"><strong>Regenfallrohre<\/strong><\/a> mit kreisf\u00f6rmigem Querschnitt aufweisen. Wegen der erh\u00f6hten Verschmutzungsgefahr von <a href=\"https:\/\/www.nedzink.com\/de\/dachentwasserungssysteme\/dachrinnen\/\"><strong>Dachrinnen<\/strong><\/a> werden Regenfallleitungen, um Eindringen von Niederschlagswasser aus der Dachrinne in das Geb\u00e4ude zu vermeiden, f\u00fcr eine Regenspende von mindestens 300I\/(s x ha) bemessen.<\/p>\n<p>Bemessungsgrundlage nach DIN 1986 &#8211; 2 sind trichterf\u00f6rmige Einl\u00e4ufe. Sie erm\u00f6glichen str\u00f6mungstechnisch den g\u00fcnstigsten \u00dcbergang von der Dachrinne zum Regenfallrohr.<\/p>\n<p>Bei zylindrischen Einl\u00e4ufen sind die anzuschlie\u00dfenden Dachgrundfl\u00e4chen um etwa 30% zu reduzieren (Fallrohr eine Dimension gr\u00f6\u00dfer w\u00e4hlen).<\/p>\n<p><b>Begriffe: <\/b><b>Regenspende (r):<\/b><br \/>\nDie Regenspende (r) ist die gemessene Regensumme in der Zeiteinheit, bezogen auf die Fl\u00e4che<br \/>\nin l\/(s x ha).<\/p>\n<p>Die Regensumme ist zu definieren in der gemessenen Regenh\u00f6he in Abh\u00e4ngigkeit zur Regendauer. F\u00fcr die Bemessung von Dachentw\u00e4sserungen sind die Spitzenbelastungen in einer kurzen Zeiteinheit und ihre H\u00e4ufigkeit von Bedeutung.<\/p>\n<p><b>Regenwasserabfluss Q:<\/b><br \/>\nRegenwasserabfluss ist definiert als Wassermenge, die je Sekunde den Regenwasserleitungen zugef\u00fchrt wird (l\/s).<\/p>\n<p><b>Regenwasserabflussspende (qr):<\/b><br \/>\nRegenwasserabfluss bezogen auf die Fl\u00e4che in l\/(s x ha).<\/p>\n<p><b>Abflussbeiwert (\u03c8):<\/b><br \/>\nVerh\u00e4ltnis der Regenwasserabflussspenden zur Regenspende (s. Tabelle 6).<\/p>\n<p><b>Nenngr\u00f6\u00dfe:<\/b><br \/>\nGr\u00f6\u00dfenangabe f\u00fcr alle Arten von Dachrinnen und Regenfallrohren, bezogen auf die Zuschnittsbreite (Abwicklung) bzw. lichte Weite.<\/p>\n<p><b>Dachgrundfl\u00e4che (A):<\/b><br \/>\nAuf die waagerechte Ebene projizierte Grundfl\u00e4che eines geneigten Daches.<\/p>\n<p><b>Abflussbeiwerte \u03c8 zur Ermittlung des Regenwasserabflusses Q<\/b><\/p>\n<p><b>Tabelle 6<\/b><\/p>\n<table border=\"1\" width=\"100%\">\n<tbody>\n<tr>\n<td><b>Art der Fl\u00e4chen<\/b><\/td>\n<td align=\"center\"><b>Abflussbeiwerte \u03c8<\/b><\/td>\n<td>\n<p align=\"center\"><b>Art der Fl\u00e4chen<\/b><\/p>\n<\/td>\n<td align=\"center\"><b>Abflussbeiwerte \u03c8<\/b><\/td>\n<\/tr>\n<tr>\n<td>&#8211; Dachfl\u00e4chen nicht<br \/>\nwasserspeichernd<\/td>\n<td align=\"center\">1,0<\/td>\n<td>begr\u00fcnte Dachfl\u00e4chen<br \/>\n&#8211; f\u00fcr Intensivbegr\u00fcnungen<\/td>\n<td align=\"center\">0,3<\/td>\n<\/tr>\n<tr>\n<td>&#8211; Kiesd\u00e4cher<\/td>\n<td align=\"center\">0,5<\/td>\n<td>&#8211; f\u00fcr Extensivbegr\u00fcnungen<br \/>\nab 10 cm Aufbaudicke<\/td>\n<td align=\"center\">0,3<\/td>\n<\/tr>\n<tr>\n<td><\/td>\n<td><\/td>\n<td>&#8211; f\u00fcr Extensivbegr\u00fcnungen<br \/>\nunter 10 cm Aufbaudicke<\/td>\n<td align=\"center\">0,3<\/td>\n<\/tr>\n<\/tbody>\n<\/table>\n<h4><\/h4>\n<h4><strong>9.3.1 Bemessungstabellen und Beispiele<\/strong><\/h4>\n<p>&nbsp;<\/p>\n<h3><span style=\"color: #666666;\">9.3.1.1 Vereinfachte Bemessung nach Tabelle 7<br \/>\nBemessung von Dachentw\u00e4sserungen nach EN 12 056-3 und DIN 1986-100<\/span><\/h3>\n<p>Die Abflussmenge l\u00e4sst sich folgenderma\u00dfen ermitteln:<\/p>\n<p><b>Q = r T\/Tn x \u03c8 x A x (1 \/ 10000)<\/b><\/p>\n<p><b>Tabelle 7<\/b><\/p>\n<table border=\"1\" width=\"100%\">\n<tbody>\n<tr>\n<td width=\"75\"><b>Rinne<\/b><\/td>\n<td align=\"center\" width=\"80\"><b>Fallleitung mit<br \/>\nStutzen<\/b><\/td>\n<td align=\"center\" width=\"70\"><b>Q<\/b><\/td>\n<td colspan=\"4\" align=\"center\" width=\"250\"><b>Anschlie\u00dfende<br \/>\nDachfl\u00e4che bei einer<br \/>\nRegenspende r in<br \/>\nl\/s\/ha<\/b><\/td>\n<\/tr>\n<tr>\n<td bgcolor=\"#d4e2e3\" width=\"75\"><b>Nennma\u00df<\/b><\/td>\n<td align=\"center\" bgcolor=\"#d4e2e3\" width=\"80\"><b>d in mm<\/b><\/td>\n<td align=\"center\" bgcolor=\"#d4e2e3\" width=\"70\"><b>Q in l\/s<\/b><\/td>\n<td align=\"center\" bgcolor=\"#d4e2e0\" width=\"58\"><b>250<\/b><\/td>\n<td align=\"center\" bgcolor=\"#d4e2e3\" width=\"58\"><b>300<\/b><\/td>\n<td align=\"center\" bgcolor=\"#d4e2e3\" width=\"58\"><b>350<\/b><\/td>\n<td align=\"center\" bgcolor=\"#d4e2e3\" width=\"58\">400<\/td>\n<\/tr>\n<tr>\n<td>\n<p align=\"center\">250<\/p>\n<\/td>\n<td align=\"center\">\n<p align=\"center\">76<\/p>\n<\/td>\n<td align=\"center\">\n<p align=\"center\">2,6<\/p>\n<\/td>\n<td align=\"center\">\n<p align=\"center\">102,5 m2<\/p>\n<\/td>\n<td align=\"center\">\n<p align=\"center\">85,5 m2<\/p>\n<\/td>\n<td align=\"center\">\n<p align=\"center\">73,2 m2<\/p>\n<\/td>\n<td align=\"center\">\n<p align=\"center\">64,1 m2<\/p>\n<\/td>\n<\/tr>\n<tr>\n<td>\n<p align=\"center\">333<\/p>\n<\/td>\n<td align=\"cente'\">\n<p align=\"center\">100<\/p>\n<\/td>\n<td align=\"center\">\n<p align=\"center\">4,6<\/p>\n<\/td>\n<td align=\"center\">\n<p align=\"center\">185,9 m2<\/p>\n<\/td>\n<td align=\"center\">\n<p align=\"center\">154,9 m2<\/p>\n<\/td>\n<td align=\"center\">\n<p align=\"center\">132,8 m2<\/p>\n<\/td>\n<td align=\"center\">\n<p align=\"center\">116,2 m2<\/p>\n<\/td>\n<\/tr>\n<tr>\n<td>\n<p align=\"center\">400<\/p>\n<\/td>\n<td align=\"center\">\n<p align=\"center\">120<\/p>\n<\/td>\n<td align=\"center\">\n<p align=\"center\">7,6<\/p>\n<\/td>\n<td align=\"center\">\n<p align=\"center\">302,4 m2<\/p>\n<\/td>\n<td align=\"center\">\n<p align=\"center\">252,0 m2<\/p>\n<\/td>\n<td align=\"center\">\n<p align=\"center\">216,0 m2<\/p>\n<\/td>\n<td align=\"center\">\n<p align=\"center\">189,0 m2<\/p>\n<\/td>\n<\/tr>\n<tr>\n<td width=\"75\">\n<p align=\"center\">\n<\/td>\n<td align=\"center\" width=\"80\">\n<p align=\"center\"><b>mit zyl.<br \/>\nStutzen<\/b><\/p>\n<\/td>\n<td colspan=\"5\">\n<p align=\"center\">\n<\/td>\n<\/tr>\n<tr>\n<td style=\"vertical-align: middle;\" width=\"75\">\n<p align=\"center\">\u00a0\u00a0\u00a0\u00a0 250<\/p>\n<\/td>\n<td align=\"center\" width=\"80\">\n<p align=\"center\">\u00a0\u00a0\u00a0 76<\/p>\n<\/td>\n<td align=\"center\" width=\"70\">\n<p align=\"center\">\u00a0\u00a0\u00a0 1,7<\/p>\n<\/td>\n<td align=\"center\" width=\"58\">\n<p align=\"center\">\u00a0\u00a0\u00a0 67 m2<\/p>\n<\/td>\n<td align=\"center\" width=\"58\">\n<p align=\"center\">\u00a0\u00a0\u00a0 56 m2<\/p>\n<\/td>\n<td align=\"center\" width=\"58\">\n<p align=\"center\">\u00a0\u00a0\u00a0 48 m2<\/p>\n<\/td>\n<td align=\"center\" width=\"58\">\n<p align=\"center\">\u00a0\u00a0\u00a0 42 m2<\/p>\n<\/td>\n<\/tr>\n<tr>\n<td>\n<p align=\"center\">280<\/p>\n<\/td>\n<td align=\"center\">\n<p align=\"center\">87\/76<\/p>\n<\/td>\n<td align=\"center\">\n<p align=\"center\">2,1<\/p>\n<\/td>\n<td align=\"center\">\n<p align=\"center\">85 m2<\/p>\n<\/td>\n<td align=\"center\">\n<p align=\"center\">71 m2<\/p>\n<\/td>\n<td align=\"center\">\n<p align=\"center\">61 m2<\/p>\n<\/td>\n<td align=\"center\">\n<p align=\"center\">53 m2<\/p>\n<\/td>\n<\/tr>\n<tr>\n<td>\n<p align=\"center\">333<\/p>\n<\/td>\n<td align=\"center\">\n<p align=\"center\">100<\/p>\n<\/td>\n<td align=\"center\">\n<p align=\"center\">3,5<\/p>\n<\/td>\n<td align=\"center\">\n<p align=\"center\">138 m2<\/p>\n<\/td>\n<td align=\"center\">\n<p align=\"center\">115 m2<\/p>\n<\/td>\n<td align=\"center\">\n<p align=\"center\">99 m2<\/p>\n<\/td>\n<td align=\"center\">\n<p align=\"center\">86 m2<\/p>\n<\/td>\n<\/tr>\n<tr>\n<td>\n<p align=\"center\">400<\/p>\n<\/td>\n<td align=\"center\">120<\/td>\n<td align=\"center\">5,7<\/td>\n<td align=\"center\">228 m2<\/td>\n<td align=\"center\">190 m2<\/td>\n<td align=\"center\">163 m2<\/td>\n<td align=\"center\">143 m2<\/td>\n<\/tr>\n<\/tbody>\n<\/table>\n<p><span style=\"font-size: xx-small;\">Diese Tabelle bezieht sich auf runde Fallrohrleitungen<\/span><\/p>\n<p>Folgende Berechnungsschritte zur Dimensionierung der Dachentw\u00e4sserung sind durchzuf\u00fchren:<\/p>\n<ul>\n<li>Ermittlung der Niederschlagsmenge<\/li>\n<li>Niederschlagsmenge durch die Anzahl der vorh. Grundleitungsanschl\u00fcsse teilen<\/li>\n<li>Dimensionierung des Regenfallrohres nach DIN EN 12 056-3<\/li>\n<li>Zuordnung der Dachrinne nach EN 12 056-3<\/li>\n<\/ul>\n<h4><strong><span style=\"color: #666666;\">9.3.1.2 Ausf\u00fchrliche Bemessung anhand von Beispielen und nach Tabelle 8<\/span><\/strong><\/h4>\n<p>Bemessung von Regenfallleitungen, Zuordnung von Dachrinnen nach DIN 12 056-3<\/p>\n<p><b>Tabelle 8<\/b><\/p>\n<table border=\"1\">\n<tbody>\n<tr>\n<td colspan=\"2\"><\/td>\n<td colspan=\"2\">\u00a0<b>Regenfallleitung<\/b><\/td>\n<td colspan=\"4\">\u00a0<b>Zugeordnete Dachrinne<\/b><\/td>\n<\/tr>\n<tr>\n<td colspan=\"4\"><\/td>\n<td colspan=\"2\">\u00a0<b>halbrund (2)<\/b><\/td>\n<td colspan=\"2\">\u00a0<b>kastenf\u00f6rmig (2)<\/b><\/td>\n<\/tr>\n<tr>\n<td align=\"center\" width=\"125\"><b>Anzuschlie\u00dfende<br \/>\nNiederschlagsfl. bei max.<br \/>\nRegenspende<\/b><\/td>\n<td align=\"center\" width=\"70\"><b>Regen-<br \/>\nwasser-<br \/>\nabfluss<br \/>\n(2)<\/b><\/td>\n<td align=\"center\" width=\"60\"><b>Nenn-<br \/>\ngr\u00f6\u00dfe<\/b><\/td>\n<td align=\"center\" width=\"60\"><b>Quer-<br \/>\nschnitt<\/b><\/td>\n<td align=\"center\" width=\"60\"><b>Nenn-<br \/>\ngr\u00f6\u00dfe<\/b><\/td>\n<td align=\"center\" width=\"60\"><b>Rinnen-<br \/>\nquer-<br \/>\nschnitt<\/b><\/td>\n<td align=\"center\" width=\"60\"><b>Nenn-<br \/>\ngr\u00f6\u00dfe<\/b><\/td>\n<td align=\"center\" width=\"60\"><b>Rinnen-<br \/>\nquer-<br \/>\nschnitt<\/b><\/td>\n<\/tr>\n<tr>\n<td align=\"center\">r = 300l\/(s x ha) m2<\/td>\n<td align=\"center\">Q zul l\/s<\/td>\n<td align=\"center\">\u00d8 in mm<\/td>\n<td align=\"center\">cm2<\/td>\n<td align=\"center\">mm<\/td>\n<td align=\"center\">cm2<\/td>\n<td align=\"center\">mm<\/td>\n<td align=\"center\">cm2<\/td>\n<\/tr>\n<tr>\n<td align=\"center\">040<\/td>\n<td align=\"center\">1,2<\/td>\n<td align=\"center\">060<\/td>\n<td align=\"center\">028<\/td>\n<td align=\"center\">200<\/td>\n<td align=\"center\">025<\/td>\n<td align=\"center\">200<\/td>\n<td align=\"center\">28<\/td>\n<\/tr>\n<tr>\n<td align=\"center\">060<\/td>\n<td align=\"center\">1,8<\/td>\n<td align=\"center\">070<\/td>\n<td align=\"center\">038<\/td>\n<td align=\"center\">&#8211;<\/td>\n<td align=\"center\">&#8211;<\/td>\n<td align=\"center\">&#8211;<\/td>\n<td align=\"center\">&#8211;<\/td>\n<\/tr>\n<tr>\n<td align=\"center\">086<\/td>\n<td align=\"center\">2,6<\/td>\n<td align=\"center\">080<\/td>\n<td align=\"center\">050<\/td>\n<td align=\"center\">250<\/td>\n<td align=\"center\">043<\/td>\n<td align=\"center\">250<\/td>\n<td align=\"center\">42<\/td>\n<\/tr>\n<tr>\n<td align=\"center\"><\/td>\n<td align=\"center\"><\/td>\n<td align=\"center\"><\/td>\n<td align=\"center\"><\/td>\n<td align=\"center\">280<\/td>\n<td align=\"center\">063<\/td>\n<td align=\"center\">&#8211;<\/td>\n<td align=\"center\">&#8211;<\/td>\n<\/tr>\n<tr>\n<td align=\"center\">156<\/td>\n<td align=\"center\">4,7<\/td>\n<td align=\"center\">100<\/td>\n<td align=\"center\">079<\/td>\n<td align=\"center\">333<\/td>\n<td align=\"center\">092<\/td>\n<td align=\"center\">333<\/td>\n<td align=\"center\">90<\/td>\n<\/tr>\n<tr>\n<td align=\"center\">253<\/td>\n<td align=\"center\">7,6<\/td>\n<td align=\"center\">120<\/td>\n<td align=\"center\">113<\/td>\n<td align=\"center\">400<\/td>\n<td align=\"center\">145<\/td>\n<td align=\"center\">400<\/td>\n<td align=\"center\">135<\/td>\n<\/tr>\n<tr>\n<td align=\"center\">283<\/td>\n<td align=\"center\">8,5<\/td>\n<td align=\"center\">125<\/td>\n<td align=\"center\">122<\/td>\n<td align=\"center\">&#8211;<\/td>\n<td align=\"center\">&#8211;<\/td>\n<td align=\"center\">&#8211;<\/td>\n<td align=\"center\">&#8211;<\/td>\n<\/tr>\n<tr>\n<td align=\"center\">459<\/td>\n<td align=\"center\">13,8<\/td>\n<td align=\"center\">150<\/td>\n<td align=\"center\">177<\/td>\n<td align=\"center\">500<\/td>\n<td align=\"center\">245<\/td>\n<td align=\"center\">500<\/td>\n<td align=\"center\">220<\/td>\n<\/tr>\n<\/tbody>\n<\/table>\n<p>1) Ist die \u00f6rtliche Regenspende gr\u00f6\u00dfer als 300 l\/(s x ha), muss mit den entsprechenden Werten gerechnet werden (siehe Berechnungsbeispiel II).<br \/>\n2) Die angegebenen Werte resultieren aus trichterf\u00f6rmigen Einl\u00e4ufen. Bei zylindrischen Einl\u00e4ufen sind die anzuschlie\u00dfenden Dachgrundfl\u00e4chen um etwa 30 % zu reduzieren.<\/p>\n<table style=\"margin-left: -3px; line-height: 13px;\" border=\"0\">\n<tbody>\n<tr>\n<td><b>Beispiel I:<\/b><\/td>\n<td><\/td>\n<td><\/td>\n<td><\/td>\n<\/tr>\n<tr>\n<td>\u00d6rtliche Regenspende:<\/td>\n<td>r<\/td>\n<td>&lt; 300 I\/(s x ha)<\/td>\n<td><\/td>\n<\/tr>\n<tr>\n<td>Regenwasserabfluss:<\/td>\n<td>Q<\/td>\n<td>= A x r T(n) x \u03c8 x (1\/10000) in I\/s<\/td>\n<td><\/td>\n<\/tr>\n<tr>\n<td>Bemessungsregenspende:<\/td>\n<td>r T(n)<\/td>\n<td>= 300 I\/(s x ha)<\/td>\n<td><\/td>\n<\/tr>\n<tr>\n<td>Niederschlagsfl\u00e4che:<\/td>\n<td>A<\/td>\n<td>= 12,5 m x 17,5 m<\/td>\n<td>A = 220 m2<\/td>\n<\/tr>\n<tr>\n<td>Abflussbeiwert:<\/td>\n<td>\u03c8<\/td>\n<td>=1,0 (Dach, nicht bekiest)<\/td>\n<td><\/td>\n<\/tr>\n<tr>\n<td>Regenwasserabfluss:<\/td>\n<td>Q<\/td>\n<td>= 220\/10000 x 300 x 1,0<\/td>\n<td>Q = 6,6 l\/s<\/td>\n<\/tr>\n<\/tbody>\n<\/table>\n<p>Nach Tabelle 8 gew\u00e4hltes Fallrohr f\u00fcr Q = 7,6 l\/s folgt:<\/p>\n<p>Ausf\u00fchrung:<br \/>\n1 Regenfalleitung mit Nennma\u00df 120 mm, zugeordnete halbrunde Rinne Nenngr\u00f6\u00dfe 400, oder wahlweise 2 Regenfalleitungen mit Nennma\u00df 100, zugeordnete halbrunde Rinne Nennma\u00df 333.<\/p>\n<table style=\"margin-left: -3px; line-height: 13px;\" border=\"0\">\n<tbody>\n<tr>\n<td><b>Beispiel II:<\/b><\/td>\n<td><\/td>\n<td><\/td>\n<td><\/td>\n<\/tr>\n<tr>\n<td>\u00d6rtliche Regenspende:<\/td>\n<td>r<\/td>\n<td>&gt; 300 I\/(s x ha)<\/td>\n<td><\/td>\n<\/tr>\n<tr>\n<td>Regenwasserabfluss:<\/td>\n<td>Q<\/td>\n<td>= A x r T(n) x \u03c8 x (1\/10000) in I\/s<\/td>\n<td><\/td>\n<\/tr>\n<tr>\n<td>Bemessungsregenspende:<\/td>\n<td>r T(n)<\/td>\n<td>= 400 I\/(s x ha)<\/td>\n<td><\/td>\n<\/tr>\n<tr>\n<td>Niederschlagsfl\u00e4che:<\/td>\n<td>A<\/td>\n<td>= 12,5 m x 17,5 m<\/td>\n<td>A = 220 m2<\/td>\n<\/tr>\n<tr>\n<td>Abflussbeiwert:<\/td>\n<td>\u03c8<\/td>\n<td>= 1,0 (Dach, nicht bekiest)<\/td>\n<td><\/td>\n<\/tr>\n<tr>\n<td>Regenwasserabfluss:<\/td>\n<td>Q<\/td>\n<td>= 220\/10000 x 400 x 1,0<\/td>\n<td>Q = 8,8 l\/s<\/td>\n<\/tr>\n<\/tbody>\n<\/table>\n<p>Nach Tabelle 8 gew\u00e4hltes Fallrohr f\u00fcr Q = 13,8 I\/s folgt<\/p>\n<p>Ausf\u00fchrung:<br \/>\n1 Regenfallleitung mit Nennma\u00df 150 mm zugeordnete Kastenrinne Nennma\u00df 500 oder wahlweise<br \/>\n2 Regenfallleitungen mit Nennma\u00df 100 mm zugeordnete Kastenrinne Nennma\u00df 333.<\/p>\n<p><b>Tabelle 9<\/b><br \/>\n<a class=\"RTE_URL_MEDIACAT_Link\" title=\"http:\/\/www.nedzink.nl\/media\/technisch_advies\/72_diagram.jpg\" href=\"http:\/\/www.nedzink.nl\/media\/technisch_advies\/72_diagram.jpg\" target=\"_blank\" rel=\"noopener noreferrer\"><img decoding=\"async\" style=\"width: 606px; height: 500px; border-width: 0px; border-style: solid;\" src=\"https:\/\/www.nedzink.com\/wp-content\/uploads\/import\/cms\/userfiles\/images\/72_diagram.jpg\" alt=\"Zoom\" \/><\/a><\/p>\n<p>Die Bemessungsgrundlagen sind in der DIN 1986 definiert. Die Grafik zeigt die vereinfachte Darstellung, zur Ermittlung der erforderlichen Regenfallrohrgr\u00f6\u00dfen in Abh\u00e4ngigkeit von der zu entw\u00e4ssernden Dachgrundfl\u00e4che. Sie basiert auf einer Regenspende von 300 l\/(s \u00b7ha). F\u00fcr gr\u00f6\u00dfere Regenmengen ist entsprechend zu rechnen.<\/p>\n<p>Weitere Bemessungsgrunds\u00e4tze befinden sich unter Punkt 4. in den &#8222;Richtlinien f\u00fcr die Ausf\u00fchrung von Klempnerarbeiten an Dach und Fassade&#8220; (Klempnerfachregeln).[\/vc_column_text][\/vc_column][\/vc_row]\n","protected":false},"excerpt":{"rendered":"<p>[vc_row][vc_column][vc_column_text css=&#8220;.vc_custom_1632298090254{margin-bottom: 0px !important;}&#8220;]Hinweise zur Bemessung Die Bemessung der Regenfallleitungen und damit die Zuordnung der Dachrinnengr\u00f6\u00dfe ist abh\u00e4ngig von der Regenspende, der Dachgrundfl\u00e4che (Grundrissfl\u00e4che) und dem Abflussbeiwert (Neigung, Oberfl\u00e4chenbeschaffenheit). Es gelten f\u00fcr diese Bemessung die aus den lichten Ma\u00dfen errechneten Querschnittsfl\u00e4chen. Bei Regenfallrohren mit rechteckigem Querschnitt muss die kleinste Seite mindestens die Gr\u00f6\u00dfe des Durchmessers [&hellip;]<\/p>\n","protected":false},"author":9,"featured_media":0,"parent":0,"menu_order":1120,"comment_status":"closed","ping_status":"closed","template":"template-import.php","meta":{"_acf_changed":false,"footnotes":""},"class_list":["post-47814","page","type-page","status-publish","hentry"],"acf":[],"yoast_head":"<!-- This site is optimized with the Yoast SEO plugin v26.8 - https:\/\/yoast.com\/product\/yoast-seo-wordpress\/ -->\n<title>Berechnung Dachentw\u00e4sserung \u2013 NedZink<\/title>\n<meta name=\"robots\" content=\"index, follow, max-snippet:-1, max-image-preview:large, max-video-preview:-1\" \/>\n<link rel=\"canonical\" href=\"https:\/\/www.nedzink.com\/de\/berechnung-dachentwasserung\/\" \/>\n<meta property=\"og:locale\" content=\"de_DE\" \/>\n<meta property=\"og:type\" content=\"article\" \/>\n<meta property=\"og:title\" content=\"Berechnung Dachentw\u00e4sserung \u2013 NedZink\" \/>\n<meta property=\"og:description\" content=\"[vc_row][vc_column][vc_column_text css=&#8220;.vc_custom_1632298090254{margin-bottom: 0px !important;}&#8220;]Hinweise zur Bemessung Die Bemessung der Regenfallleitungen und damit die Zuordnung der Dachrinnengr\u00f6\u00dfe ist abh\u00e4ngig von der Regenspende, der Dachgrundfl\u00e4che (Grundrissfl\u00e4che) und dem Abflussbeiwert (Neigung, Oberfl\u00e4chenbeschaffenheit). Es gelten f\u00fcr diese Bemessung die aus den lichten Ma\u00dfen errechneten Querschnittsfl\u00e4chen. Bei Regenfallrohren mit rechteckigem Querschnitt muss die kleinste Seite mindestens die Gr\u00f6\u00dfe des Durchmessers [&hellip;]\" \/>\n<meta property=\"og:url\" content=\"https:\/\/www.nedzink.com\/de\/berechnung-dachentwasserung\/\" \/>\n<meta property=\"og:site_name\" content=\"NedZink\" \/>\n<meta property=\"article:modified_time\" content=\"2021-09-22T08:08:16+00:00\" \/>\n<meta property=\"og:image\" content=\"https:\/\/www.nedzink.com\/wp-content\/uploads\/import\/cms\/userfiles\/images\/72_diagram.jpg\" \/>\n<meta name=\"twitter:card\" content=\"summary_large_image\" \/>\n<meta name=\"twitter:label1\" content=\"Gesch\u00e4tzte Lesezeit\" \/>\n\t<meta name=\"twitter:data1\" content=\"5\u00a0Minuten\" \/>\n<script type=\"application\/ld+json\" class=\"yoast-schema-graph\">{\"@context\":\"https:\/\/schema.org\",\"@graph\":[{\"@type\":\"WebPage\",\"@id\":\"https:\/\/www.nedzink.com\/de\/berechnung-dachentwasserung\/\",\"url\":\"https:\/\/www.nedzink.com\/de\/berechnung-dachentwasserung\/\",\"name\":\"Berechnung Dachentw\u00e4sserung \u2013 NedZink\",\"isPartOf\":{\"@id\":\"https:\/\/www.nedzink.com\/de\/#website\"},\"primaryImageOfPage\":{\"@id\":\"https:\/\/www.nedzink.com\/de\/berechnung-dachentwasserung\/#primaryimage\"},\"image\":{\"@id\":\"https:\/\/www.nedzink.com\/de\/berechnung-dachentwasserung\/#primaryimage\"},\"thumbnailUrl\":\"https:\/\/www.nedzink.com\/wp-content\/uploads\/import\/cms\/userfiles\/images\/72_diagram.jpg\",\"datePublished\":\"2019-08-19T13:12:29+00:00\",\"dateModified\":\"2021-09-22T08:08:16+00:00\",\"breadcrumb\":{\"@id\":\"https:\/\/www.nedzink.com\/de\/berechnung-dachentwasserung\/#breadcrumb\"},\"inLanguage\":\"de\",\"potentialAction\":[{\"@type\":\"ReadAction\",\"target\":[\"https:\/\/www.nedzink.com\/de\/berechnung-dachentwasserung\/\"]}]},{\"@type\":\"ImageObject\",\"inLanguage\":\"de\",\"@id\":\"https:\/\/www.nedzink.com\/de\/berechnung-dachentwasserung\/#primaryimage\",\"url\":\"https:\/\/www.nedzink.com\/wp-content\/uploads\/import\/cms\/userfiles\/images\/72_diagram.jpg\",\"contentUrl\":\"https:\/\/www.nedzink.com\/wp-content\/uploads\/import\/cms\/userfiles\/images\/72_diagram.jpg\"},{\"@type\":\"BreadcrumbList\",\"@id\":\"https:\/\/www.nedzink.com\/de\/berechnung-dachentwasserung\/#breadcrumb\",\"itemListElement\":[{\"@type\":\"ListItem\",\"position\":1,\"name\":\"Home\",\"item\":\"https:\/\/www.nedzink.com\/de\/\"},{\"@type\":\"ListItem\",\"position\":2,\"name\":\"Berechnung Dachentw\u00e4sserung\"}]},{\"@type\":\"WebSite\",\"@id\":\"https:\/\/www.nedzink.com\/de\/#website\",\"url\":\"https:\/\/www.nedzink.com\/de\/\",\"name\":\"NedZink\",\"description\":\"Zink fabrikant\",\"publisher\":{\"@id\":\"https:\/\/www.nedzink.com\/de\/#organization\"},\"potentialAction\":[{\"@type\":\"SearchAction\",\"target\":{\"@type\":\"EntryPoint\",\"urlTemplate\":\"https:\/\/www.nedzink.com\/de\/?s={search_term_string}\"},\"query-input\":{\"@type\":\"PropertyValueSpecification\",\"valueRequired\":true,\"valueName\":\"search_term_string\"}}],\"inLanguage\":\"de\"},{\"@type\":\"Organization\",\"@id\":\"https:\/\/www.nedzink.com\/de\/#organization\",\"name\":\"NedZink\",\"url\":\"https:\/\/www.nedzink.com\/de\/\",\"logo\":{\"@type\":\"ImageObject\",\"inLanguage\":\"de\",\"@id\":\"https:\/\/www.nedzink.com\/de\/#\/schema\/logo\/image\/\",\"url\":\"https:\/\/www.nedzink.com\/wp-content\/uploads\/2019\/08\/logo-nedzink_fc_zk.jpg\",\"contentUrl\":\"https:\/\/www.nedzink.com\/wp-content\/uploads\/2019\/08\/logo-nedzink_fc_zk.jpg\",\"width\":2160,\"height\":688,\"caption\":\"NedZink\"},\"image\":{\"@id\":\"https:\/\/www.nedzink.com\/de\/#\/schema\/logo\/image\/\"}}]}<\/script>\n<!-- \/ Yoast SEO plugin. -->","yoast_head_json":{"title":"Berechnung Dachentw\u00e4sserung \u2013 NedZink","robots":{"index":"index","follow":"follow","max-snippet":"max-snippet:-1","max-image-preview":"max-image-preview:large","max-video-preview":"max-video-preview:-1"},"canonical":"https:\/\/www.nedzink.com\/de\/berechnung-dachentwasserung\/","og_locale":"de_DE","og_type":"article","og_title":"Berechnung Dachentw\u00e4sserung \u2013 NedZink","og_description":"[vc_row][vc_column][vc_column_text css=&#8220;.vc_custom_1632298090254{margin-bottom: 0px !important;}&#8220;]Hinweise zur Bemessung Die Bemessung der Regenfallleitungen und damit die Zuordnung der Dachrinnengr\u00f6\u00dfe ist abh\u00e4ngig von der Regenspende, der Dachgrundfl\u00e4che (Grundrissfl\u00e4che) und dem Abflussbeiwert (Neigung, Oberfl\u00e4chenbeschaffenheit). Es gelten f\u00fcr diese Bemessung die aus den lichten Ma\u00dfen errechneten Querschnittsfl\u00e4chen. Bei Regenfallrohren mit rechteckigem Querschnitt muss die kleinste Seite mindestens die Gr\u00f6\u00dfe des Durchmessers [&hellip;]","og_url":"https:\/\/www.nedzink.com\/de\/berechnung-dachentwasserung\/","og_site_name":"NedZink","article_modified_time":"2021-09-22T08:08:16+00:00","og_image":[{"url":"https:\/\/www.nedzink.com\/wp-content\/uploads\/import\/cms\/userfiles\/images\/72_diagram.jpg","type":"","width":"","height":""}],"twitter_card":"summary_large_image","twitter_misc":{"Gesch\u00e4tzte Lesezeit":"5\u00a0Minuten"},"schema":{"@context":"https:\/\/schema.org","@graph":[{"@type":"WebPage","@id":"https:\/\/www.nedzink.com\/de\/berechnung-dachentwasserung\/","url":"https:\/\/www.nedzink.com\/de\/berechnung-dachentwasserung\/","name":"Berechnung Dachentw\u00e4sserung \u2013 NedZink","isPartOf":{"@id":"https:\/\/www.nedzink.com\/de\/#website"},"primaryImageOfPage":{"@id":"https:\/\/www.nedzink.com\/de\/berechnung-dachentwasserung\/#primaryimage"},"image":{"@id":"https:\/\/www.nedzink.com\/de\/berechnung-dachentwasserung\/#primaryimage"},"thumbnailUrl":"https:\/\/www.nedzink.com\/wp-content\/uploads\/import\/cms\/userfiles\/images\/72_diagram.jpg","datePublished":"2019-08-19T13:12:29+00:00","dateModified":"2021-09-22T08:08:16+00:00","breadcrumb":{"@id":"https:\/\/www.nedzink.com\/de\/berechnung-dachentwasserung\/#breadcrumb"},"inLanguage":"de","potentialAction":[{"@type":"ReadAction","target":["https:\/\/www.nedzink.com\/de\/berechnung-dachentwasserung\/"]}]},{"@type":"ImageObject","inLanguage":"de","@id":"https:\/\/www.nedzink.com\/de\/berechnung-dachentwasserung\/#primaryimage","url":"https:\/\/www.nedzink.com\/wp-content\/uploads\/import\/cms\/userfiles\/images\/72_diagram.jpg","contentUrl":"https:\/\/www.nedzink.com\/wp-content\/uploads\/import\/cms\/userfiles\/images\/72_diagram.jpg"},{"@type":"BreadcrumbList","@id":"https:\/\/www.nedzink.com\/de\/berechnung-dachentwasserung\/#breadcrumb","itemListElement":[{"@type":"ListItem","position":1,"name":"Home","item":"https:\/\/www.nedzink.com\/de\/"},{"@type":"ListItem","position":2,"name":"Berechnung Dachentw\u00e4sserung"}]},{"@type":"WebSite","@id":"https:\/\/www.nedzink.com\/de\/#website","url":"https:\/\/www.nedzink.com\/de\/","name":"NedZink","description":"Zink fabrikant","publisher":{"@id":"https:\/\/www.nedzink.com\/de\/#organization"},"potentialAction":[{"@type":"SearchAction","target":{"@type":"EntryPoint","urlTemplate":"https:\/\/www.nedzink.com\/de\/?s={search_term_string}"},"query-input":{"@type":"PropertyValueSpecification","valueRequired":true,"valueName":"search_term_string"}}],"inLanguage":"de"},{"@type":"Organization","@id":"https:\/\/www.nedzink.com\/de\/#organization","name":"NedZink","url":"https:\/\/www.nedzink.com\/de\/","logo":{"@type":"ImageObject","inLanguage":"de","@id":"https:\/\/www.nedzink.com\/de\/#\/schema\/logo\/image\/","url":"https:\/\/www.nedzink.com\/wp-content\/uploads\/2019\/08\/logo-nedzink_fc_zk.jpg","contentUrl":"https:\/\/www.nedzink.com\/wp-content\/uploads\/2019\/08\/logo-nedzink_fc_zk.jpg","width":2160,"height":688,"caption":"NedZink"},"image":{"@id":"https:\/\/www.nedzink.com\/de\/#\/schema\/logo\/image\/"}}]}},"_links":{"self":[{"href":"https:\/\/www.nedzink.com\/de\/wp-json\/wp\/v2\/pages\/47814","targetHints":{"allow":["GET"]}}],"collection":[{"href":"https:\/\/www.nedzink.com\/de\/wp-json\/wp\/v2\/pages"}],"about":[{"href":"https:\/\/www.nedzink.com\/de\/wp-json\/wp\/v2\/types\/page"}],"author":[{"embeddable":true,"href":"https:\/\/www.nedzink.com\/de\/wp-json\/wp\/v2\/users\/9"}],"replies":[{"embeddable":true,"href":"https:\/\/www.nedzink.com\/de\/wp-json\/wp\/v2\/comments?post=47814"}],"version-history":[{"count":0,"href":"https:\/\/www.nedzink.com\/de\/wp-json\/wp\/v2\/pages\/47814\/revisions"}],"wp:attachment":[{"href":"https:\/\/www.nedzink.com\/de\/wp-json\/wp\/v2\/media?parent=47814"}],"curies":[{"name":"wp","href":"https:\/\/api.w.org\/{rel}","templated":true}]}}