{"id":43,"date":"2019-02-27T15:34:07","date_gmt":"2019-02-27T14:34:07","guid":{"rendered":"http:\/\/136.144.181.85\/~nedzink\/home\/"},"modified":"2025-03-25T08:36:24","modified_gmt":"2025-03-25T07:36:24","slug":"home","status":"publish","type":"page","link":"https:\/\/www.nedzink.com\/de\/","title":{"rendered":"Home"},"content":{"rendered":"[vc_row fullwidth=&#8220;true&#8220;][vc_column][vc_column_text css=&#8220;.vc_custom_1670319263928{margin-bottom: 0px !important;}&#8220;][\/vc_column_text][\/vc_column][\/vc_row][vc_row][vc_column][mk_padding_divider size=&#8220;50&#8243;][\/vc_column][\/vc_row][vc_row attached=&#8220;true&#8220; el_class=&#8220;home-branches-blokken&#8220;][vc_column width=&#8220;1\/3&#8243;][vc_column_text align=&#8220;center&#8220; el_class=&#8220;consumenten&#8220; css=&#8220;.vc_custom_1567597768953{margin-bottom: 0px !important;}&#8220;]\n<h3><a href=\"https:\/\/www.nedzink.com\/de\/bauherren\/\">Bauherren<\/a><\/h3>\n[\/vc_column_text][\/vc_column][vc_column width=&#8220;1\/3&#8243; el_class=&#8220;architecten&#8220;][vc_column_text align=&#8220;center&#8220; css=&#8220;.vc_custom_1588069559338{margin-bottom: 0px !important;}&#8220;]\n<h3><a href=\"https:\/\/www.nedzink.com\/de\/architekten\/\">Architekten<\/a><\/h3>\n[\/vc_column_text][\/vc_column][vc_column width=&#8220;1\/3&#8243;][vc_column_text align=&#8220;center&#8220; el_class=&#8220;installateurs&#8220; css=&#8220;.vc_custom_1563798224413{margin-bottom: 0px !important;}&#8220;]\n<h3><a href=\"https:\/\/www.nedzink.com\/de\/handwerker\/\">Handwerker &amp; Verarbeiter<\/a><\/h3>\n[\/vc_column_text][\/vc_column][\/vc_row][vc_row][vc_column][mk_padding_divider size=&#8220;50&#8243;][\/vc_column][\/vc_row][vc_row attached=&#8220;true&#8220; column_padding=&#8220;3&#8243; el_class=&#8220;home-intro rij-wit-schaduw&#8220;][vc_column width=&#8220;1\/2&#8243; offset=&#8220;vc_col-lg-4 vc_col-md-4 vc_col-xs-12&#8243;][vc_column_text css=&#8220;.vc_custom_1563798277970{margin-bottom: 0px !important;}&#8220;]\n<h1>Niederl\u00e4ndisches Zink in h\u00f6chster Qualit\u00e4t und mit mehr als 125 Jahren Erfahrung. Das ist NedZink.<\/h1>\n[\/vc_column_text][\/vc_column][vc_column width=&#8220;1\/2&#8243; el_class=&#8220;introtekst&#8220; offset=&#8220;vc_col-lg-4 vc_col-md-4 vc_col-xs-12&#8243;][vc_column_text css=&#8220;.vc_custom_1742888142509{margin-bottom: 0px !important;}&#8220;]NedZink ist ein niederl\u00e4ndischer Zinkhersteller von gewalztem Titanzink. Verwendung findet das Baumetall in Fassaden, D\u00e4chern, Dachrinnen und Dachentw\u00e4sserungssystemen. Bereits seit mehr als 125 Jahren stellt NedZink Zinkprodukte von h\u00f6chster Qualit\u00e4t her, die weltweit in gr\u00f6\u00dferen und kleineren Projekten Anwendung finden.<\/p>\n<p>Als Marktf\u00fchrer in den Niederlanden ist NedZink ein Anbieter kreativer L\u00f6sungen aus Zink. Zu den M\u00f6glichkeiten geh\u00f6ren walzblankes Zink (NATUREL), grau vorpatiniertes Zink (NOVA), mineral-grau vorpatiniertes Zink (NEO) und schwarz vorpatiniertes Zink (NOIR). Das bestehende NedZink Produktportfolio bietet somit flexible Anwendungsm\u00f6glichkeiten in unterschiedlichen Oberfl\u00e4chen und Formen. So bleibt Zink ein faszinierendes und inspirierendes Produkt. Dies hat wiederum zur Entwicklung von Produkten wie NedZink Pro-Tec und NedZink NUANCE gef\u00fchrt.<\/p>\n<p><em>NedZink trademarks: NedZink<sup>\u00ae<\/sup> NATUREL, NedZink<sup>\u00ae<\/sup> NEO, NedZink<sup>\u00ae<\/sup> NOVA, NedZink<sup>\u00ae<\/sup> NOIR, NedZink<sup>\u00ae<\/sup> NUANCE, NedZink<sup>\u00ae<\/sup> Pro-Tec.<\/em>[\/vc_column_text][\/vc_column][vc_column offset=&#8220;vc_col-lg-4 vc_col-md-4 vc_col-xs-12&#8243;][vc_row_inner css=&#8220;.vc_custom_1551707105796{padding-right: 36px !important;padding-left: 36px !important;}&#8220;][vc_column_inner][vc_single_image image=&#8220;473&#8243; img_size=&#8220;full&#8220; alignment=&#8220;center&#8220;][mk_padding_divider size=&#8220;20&#8243;][vc_column_text align=&#8220;center&#8220; css=&#8220;.vc_custom_1563798348609{margin-bottom: 0px !important;}&#8220;]\n<h2>Wussten Sie, dass Titanzink das nachhaltigste Baumetall ist?<\/h2>\n[\/vc_column_text][vc_column_text align=&#8220;center&#8220; css=&#8220;.vc_custom_1563798374761{margin-bottom: 0px !important;}&#8220;]<span style=\"color: #009ad8;\">Die hervorragenden Verarbeitungseigenschaften des Materials tragen dazu bei, dass es technisch vielf\u00e4ltig anzuwenden und zu 100 % recycelbar ist.<\/span>[\/vc_column_text][\/vc_column_inner][\/vc_row_inner][\/vc_column][\/vc_row][vc_row][vc_column][mk_padding_divider size=&#8220;50&#8243;][\/vc_column][\/vc_row][vc_row equal_columns=&#8220;true&#8220; attached=&#8220;true&#8220; column_padding=&#8220;1&#8243; el_class=&#8220;home-projecten-nieuws rij-wit-schaduw&#8220;][vc_column width=&#8220;3\/4&#8243; el_class=&#8220;projecten&#8220;][vc_column_text css=&#8220;.vc_custom_1563798394161{margin-bottom: 0px !important;}&#8220;]\n<h2>Projekte<\/h2>\n[\/vc_column_text][mk_blog_carousel count=&#8220;-1&#8243; cat=&#8220;41, 43, 42&#8243;][\/vc_column][vc_column width=&#8220;1\/4&#8243; el_class=&#8220;nieuws&#8220;][vc_column_text css=&#8220;.vc_custom_1563798415121{margin-bottom: 0px !important;}&#8220;]\n<h2>Neuigkeiten<\/h2>\n[\/vc_column_text][mk_blog style=&#8220;thumbnail&#8220; image_size=&#8220;full&#8220; post_count=&#8220;3&#8243; excerpt_length=&#8220;0&#8243; pagination=&#8220;false&#8220; cat=&#8220;97&#8243;][\/vc_column][\/vc_row][vc_row el_class=&#8220;home-projecten-nieuws-padding&#8220;][vc_column][mk_padding_divider size=&#8220;50&#8243;][\/vc_column][\/vc_row][vc_row equal_columns=&#8220;true&#8220; attached=&#8220;true&#8220; el_class=&#8220;home-waarom-nedzink rij-wit-schaduw&#8220;][vc_column][mk_padding_divider size=&#8220;30&#8243;][vc_column_text align=&#8220;center&#8220; css=&#8220;.vc_custom_1563798429287{margin-bottom: 0px !important;}&#8220;]\n<h2>Warum NedZink?<\/h2>\n[\/vc_column_text][vc_row_inner attached=&#8220;true&#8220; column_padding=&#8220;1&#8243;][vc_column_inner el_class=&#8220;waaromnedzink&#8220; width=&#8220;1\/3&#8243; offset=&#8220;vc_col-lg-2 vc_col-md-4 vc_col-xs-12&#8243;][vc_single_image image=&#8220;890&#8243; img_size=&#8220;full&#8220; alignment=&#8220;center&#8220;][vc_column_text align=&#8220;center&#8220; el_class=&#8220;titel&#8220; css=&#8220;.vc_custom_1563798468335{margin-bottom: 0px !important;}&#8220;]\n<h3>Schnelle, zuverl\u00e4ssige Lieferung<\/h3>\n[\/vc_column_text][vc_column_text align=&#8220;center&#8220; css=&#8220;.vc_custom_1563798479412{margin-bottom: 0px !important;}&#8220;]Die meisten Produkte sind standardm\u00e4\u00dfig in einem unserer Lagerstandorte verf\u00fcgbar oder bei einem unserer weltweiten H\u00e4ndler bevorratet.[\/vc_column_text][\/vc_column_inner][vc_column_inner el_class=&#8220;waaromnedzink&#8220; width=&#8220;1\/3&#8243; offset=&#8220;vc_col-lg-2 vc_col-md-4 vc_col-xs-12&#8243;][vc_single_image image=&#8220;850&#8243; img_size=&#8220;full&#8220; alignment=&#8220;center&#8220;][vc_column_text align=&#8220;center&#8220; el_class=&#8220;titel&#8220; css=&#8220;.vc_custom_1563798489031{margin-bottom: 0px !important;}&#8220;]\n<h3>Mehr als 125 Jahre Erfahrung<\/h3>\n[\/vc_column_text][vc_column_text align=&#8220;center&#8220; css=&#8220;.vc_custom_1563798499015{margin-bottom: 0px !important;}&#8220;]Mehr als 125 Jahre Erfahrung haben f\u00fcr das gro\u00dfe interne und externe Netzwerk von NedZink gesorgt, in dem Fachwissen und Erfahrung kontinuierlich ausgetauscht werden.[\/vc_column_text][\/vc_column_inner][vc_column_inner el_class=&#8220;waaromnedzink&#8220; width=&#8220;1\/3&#8243; offset=&#8220;vc_col-lg-2 vc_col-md-4 vc_col-xs-12&#8243;][vc_single_image image=&#8220;870&#8243; img_size=&#8220;full&#8220; alignment=&#8220;center&#8220;][vc_column_text align=&#8220;center&#8220; el_class=&#8220;titel&#8220; css=&#8220;.vc_custom_1563798510550{margin-bottom: 0px !important;}&#8220;]\n<h3>Garantierte Qualit\u00e4t<\/h3>\n[\/vc_column_text][vc_column_text align=&#8220;center&#8220; css=&#8220;.vc_custom_1563798521160{margin-bottom: 0px !important;}&#8220;]Mit seinem Qualit\u00e4tsmanagementsystem nach DIN-EN-ISO 9001:2015 geh\u00f6rt NedZink zu den f\u00fchrenden Herstellern nachhaltiger und technisch hochwertiger Zinkanwendungen.[\/vc_column_text][\/vc_column_inner][vc_column_inner el_class=&#8220;waaromnedzink&#8220; width=&#8220;1\/3&#8243; offset=&#8220;vc_col-lg-2 vc_col-md-4 vc_col-xs-12&#8243;][vc_single_image image=&#8220;900&#8243; img_size=&#8220;full&#8220; alignment=&#8220;center&#8220;][vc_column_text align=&#8220;center&#8220; el_class=&#8220;titel&#8220; css=&#8220;.vc_custom_1563798529632{margin-bottom: 0px !important;}&#8220;]\n<h3>Global Player<\/h3>\n[\/vc_column_text][vc_column_text align=&#8220;center&#8220; css=&#8220;.vc_custom_1563798540093{margin-bottom: 0px !important;}&#8220;]NedZink ist \u00fcberall! \u00dcber ein gro\u00dfes Netzwerk an Umarbeitern und H\u00e4ndlern wird NedZink weltweit innovativ und kreativ eingesetzt.[\/vc_column_text][\/vc_column_inner][vc_column_inner el_class=&#8220;waaromnedzink&#8220; width=&#8220;1\/3&#8243; offset=&#8220;vc_col-lg-2 vc_col-md-4 vc_col-xs-12&#8243;][vc_single_image image=&#8220;880&#8243; img_size=&#8220;full&#8220; alignment=&#8220;center&#8220;][vc_column_text align=&#8220;center&#8220; el_class=&#8220;titel&#8220; css=&#8220;.vc_custom_1563798550657{margin-bottom: 0px !important;}&#8220;]\n<h3>Exzellente Marktkenntnis<\/h3>\n[\/vc_column_text][vc_column_text align=&#8220;center&#8220; css=&#8220;.vc_custom_1563798566150{margin-bottom: 0px !important;}&#8220;]Ein Global Player mit mehr als 125 Jahren Erfahrung und Know.How in der Branche.[\/vc_column_text][\/vc_column_inner][vc_column_inner el_class=&#8220;waaromnedzink&#8220; width=&#8220;1\/3&#8243; offset=&#8220;vc_col-lg-2 vc_col-md-4 vc_col-xs-12&#8243;][vc_single_image image=&#8220;860&#8243; img_size=&#8220;full&#8220; alignment=&#8220;center&#8220;][vc_column_text align=&#8220;center&#8220; el_class=&#8220;titel&#8220; css=&#8220;.vc_custom_1569329167267{margin-bottom: 0px !important;}&#8220;]\n<h3>Partnerschaft<\/h3>\n[\/vc_column_text][vc_column_text align=&#8220;center&#8220; css=&#8220;.vc_custom_1569329204352{margin-bottom: 0px !important;}&#8220;]Als zuverl\u00e4ssiger Handelspartner ist NedZink ein Vorreiter durch Innovationen, Fachwissen, Qualit\u00e4t und Service.[\/vc_column_text][\/vc_column_inner][\/vc_row_inner][mk_padding_divider size=&#8220;30&#8243;][\/vc_column][\/vc_row][vc_row css=&#8220;.vc_custom_1556890547379{padding-top: 0px !important;padding-right: 0px !important;padding-bottom: 0px !important;padding-left: 0px !important;}&#8220;][vc_column][mk_padding_divider size=&#8220;50&#8243;][\/vc_column][\/vc_row][vc_row el_class=&#8220;home-logos-keurmerken&#8220;][vc_column][vc_column_text align=&#8220;center&#8220; css=&#8220;.vc_custom_1563798644565{margin-bottom: 0px !important;}&#8220;]\n<h2>NedZink, eine kluge Wahl!<\/h2>\n[\/vc_column_text][mk_padding_divider size=&#8220;20&#8243;][vc_column_text align=&#8220;center&#8220; css=&#8220;.vc_custom_1647251855833{margin-bottom: 0px !important;}&#8220;]<a href=\"https:\/\/www.nedzink.com\/de\/downloads\/#lloyd\"><img loading=\"lazy\" decoding=\"async\" class=\"alignnone wp-image-106799\" src=\"https:\/\/www.nedzink.com\/wp-content\/uploads\/2022\/03\/rva-and-iso-9001-cmyk.jpg\" alt=\"\" width=\"110\" height=\"69\" srcset=\"https:\/\/www.nedzink.com\/wp-content\/uploads\/2022\/03\/rva-and-iso-9001-cmyk.jpg 1881w, https:\/\/www.nedzink.com\/wp-content\/uploads\/2022\/03\/rva-and-iso-9001-cmyk-300x188.jpg 300w, https:\/\/www.nedzink.com\/wp-content\/uploads\/2022\/03\/rva-and-iso-9001-cmyk-1024x643.jpg 1024w, https:\/\/www.nedzink.com\/wp-content\/uploads\/2022\/03\/rva-and-iso-9001-cmyk-1536x964.jpg 1536w, https:\/\/www.nedzink.com\/wp-content\/uploads\/2022\/03\/rva-and-iso-9001-cmyk-139x87.jpg 139w, https:\/\/www.nedzink.com\/wp-content\/uploads\/2022\/03\/rva-and-iso-9001-cmyk-56x36.jpg 56w, https:\/\/www.nedzink.com\/wp-content\/uploads\/2022\/03\/rva-and-iso-9001-cmyk-212x133.jpg 212w\" sizes=\"auto, (max-width: 110px) 100vw, 110px\" \/><\/a><a href=\"https:\/\/www.komoquality.com\/\" target=\"_blank\" rel=\"noopener noreferrer\"><img loading=\"lazy\" decoding=\"async\" class=\"logohomeonder\" src=\"https:\/\/www.nedzink.com\/wp-content\/uploads\/2019\/03\/komo.png\" alt=\"\" width=\"89\" height=\"78\" \/><\/a><a href=\"https:\/\/www.kiwaregister.nl\/\"><img loading=\"lazy\" decoding=\"async\" class=\"logohomeonder\" src=\"https:\/\/www.nedzink.com\/wp-content\/uploads\/2019\/10\/kiwa.png\" alt=\"\" width=\"140\" height=\"50\" \/><\/a><a href=\"https:\/\/www.nedzink.com\/de\/umwelt\/umweltzertifizierung-epd\/\"><img loading=\"lazy\" decoding=\"async\" class=\"logohomeonder\" src=\"https:\/\/www.nedzink.com\/wp-content\/uploads\/2019\/03\/epd.png\" alt=\"\" width=\"165\" height=\"79\" \/><\/a><a href=\"http:\/\/www.zincsaveskids.org\/\" target=\"_blank\" rel=\"noopener noreferrer\"><img loading=\"lazy\" decoding=\"async\" class=\"logohomeonder alignnone\" src=\"https:\/\/www.nedzink.com\/wp-content\/uploads\/2019\/03\/zinc_saves_kids.png\" alt=\"\" width=\"330\" height=\"62\" \/><\/a><a href=\"http:\/\/www.zinc.org\/\" target=\"_blank\" rel=\"noopener noreferrer\"><img loading=\"lazy\" decoding=\"async\" class=\"logohomeonder alignnone\" src=\"https:\/\/www.nedzink.com\/wp-content\/uploads\/2019\/03\/zinc_essential.png\" alt=\"\" width=\"136\" height=\"53\" \/><\/a>[\/vc_column_text][mk_padding_divider size=&#8220;20&#8243;][\/vc_column][\/vc_row]\n","protected":false},"excerpt":{"rendered":"<p>[vc_row fullwidth=&#8220;true&#8220;][vc_column][vc_column_text css=&#8220;.vc_custom_1670319263928{margin-bottom: 0px !important;}&#8220;][\/vc_column_text][\/vc_column][\/vc_row][vc_row][vc_column][mk_padding_divider size=&#8220;50&#8243;][\/vc_column][\/vc_row][vc_row attached=&#8220;true&#8220; el_class=&#8220;home-branches-blokken&#8220;][vc_column width=&#8220;1\/3&#8243;][vc_column_text align=&#8220;center&#8220; el_class=&#8220;consumenten&#8220; css=&#8220;.vc_custom_1567597768953{margin-bottom: 0px !important;}&#8220;] Bauherren [\/vc_column_text][\/vc_column][vc_column width=&#8220;1\/3&#8243; el_class=&#8220;architecten&#8220;][vc_column_text align=&#8220;center&#8220; css=&#8220;.vc_custom_1588069559338{margin-bottom: 0px !important;}&#8220;] Architekten [\/vc_column_text][\/vc_column][vc_column width=&#8220;1\/3&#8243;][vc_column_text align=&#8220;center&#8220; el_class=&#8220;installateurs&#8220; css=&#8220;.vc_custom_1563798224413{margin-bottom: 0px !important;}&#8220;] Handwerker &amp; Verarbeiter [\/vc_column_text][\/vc_column][\/vc_row][vc_row][vc_column][mk_padding_divider size=&#8220;50&#8243;][\/vc_column][\/vc_row][vc_row attached=&#8220;true&#8220; column_padding=&#8220;3&#8243; el_class=&#8220;home-intro rij-wit-schaduw&#8220;][vc_column width=&#8220;1\/2&#8243; offset=&#8220;vc_col-lg-4 vc_col-md-4 vc_col-xs-12&#8243;][vc_column_text css=&#8220;.vc_custom_1563798277970{margin-bottom: 0px !important;}&#8220;] Niederl\u00e4ndisches Zink in h\u00f6chster Qualit\u00e4t und mit mehr als [&hellip;]<\/p>\n","protected":false},"author":9,"featured_media":0,"parent":0,"menu_order":0,"comment_status":"closed","ping_status":"closed","template":"","meta":{"_acf_changed":false,"footnotes":""},"class_list":["post-43","page","type-page","status-publish","hentry"],"acf":[],"yoast_head":"<!-- This site is optimized with the Yoast SEO plugin v26.8 - https:\/\/yoast.com\/product\/yoast-seo-wordpress\/ -->\n<title>Hochwertige Zinkprodukte seit mehr als 125 Jahren | NedZink<\/title>\n<meta name=\"description\" content=\"NedZink ist der niederl\u00e4ndische Hersteller von gewalztem Titanzink f\u00fcr Anwendungen bei Fassadenverkleidungen, D\u00e4chern, Dachrinnen und Regenwassersystemen.\" \/>\n<meta name=\"robots\" content=\"index, follow, max-snippet:-1, max-image-preview:large, max-video-preview:-1\" \/>\n<link rel=\"canonical\" href=\"https:\/\/www.nedzink.com\/de\/\" \/>\n<meta property=\"og:locale\" content=\"de_DE\" \/>\n<meta property=\"og:type\" content=\"article\" \/>\n<meta property=\"og:title\" content=\"Hochwertige Zinkprodukte seit mehr als 125 Jahren | NedZink\" \/>\n<meta property=\"og:description\" content=\"NedZink ist der niederl\u00e4ndische Hersteller von gewalztem Titanzink f\u00fcr Anwendungen bei Fassadenverkleidungen, D\u00e4chern, Dachrinnen und Regenwassersystemen.\" \/>\n<meta property=\"og:url\" content=\"https:\/\/www.nedzink.com\/de\/\" \/>\n<meta property=\"og:site_name\" content=\"NedZink\" \/>\n<meta property=\"article:modified_time\" content=\"2025-03-25T07:36:24+00:00\" \/>\n<meta property=\"og:image\" content=\"https:\/\/www.nedzink.com\/wp-content\/uploads\/2022\/03\/rva-and-iso-9001-cmyk.jpg\" \/>\n<meta name=\"twitter:card\" content=\"summary_large_image\" \/>\n<meta name=\"twitter:label1\" content=\"Gesch\u00e4tzte Lesezeit\" \/>\n\t<meta name=\"twitter:data1\" content=\"4\u00a0Minuten\" \/>\n<script type=\"application\/ld+json\" class=\"yoast-schema-graph\">{\"@context\":\"https:\/\/schema.org\",\"@graph\":[{\"@type\":\"WebPage\",\"@id\":\"https:\/\/www.nedzink.com\/de\/\",\"url\":\"https:\/\/www.nedzink.com\/de\/\",\"name\":\"Hochwertige Zinkprodukte seit mehr als 125 Jahren | NedZink\",\"isPartOf\":{\"@id\":\"https:\/\/www.nedzink.com\/de\/#website\"},\"primaryImageOfPage\":{\"@id\":\"https:\/\/www.nedzink.com\/de\/#primaryimage\"},\"image\":{\"@id\":\"https:\/\/www.nedzink.com\/de\/#primaryimage\"},\"thumbnailUrl\":\"https:\/\/www.nedzink.com\/wp-content\/uploads\/2022\/03\/rva-and-iso-9001-cmyk.jpg\",\"datePublished\":\"2019-02-27T14:34:07+00:00\",\"dateModified\":\"2025-03-25T07:36:24+00:00\",\"description\":\"NedZink ist der niederl\u00e4ndische Hersteller von gewalztem Titanzink f\u00fcr Anwendungen bei Fassadenverkleidungen, D\u00e4chern, Dachrinnen und Regenwassersystemen.\",\"breadcrumb\":{\"@id\":\"https:\/\/www.nedzink.com\/de\/#breadcrumb\"},\"inLanguage\":\"de\",\"potentialAction\":[{\"@type\":\"ReadAction\",\"target\":[\"https:\/\/www.nedzink.com\/de\/\"]}]},{\"@type\":\"ImageObject\",\"inLanguage\":\"de\",\"@id\":\"https:\/\/www.nedzink.com\/de\/#primaryimage\",\"url\":\"https:\/\/www.nedzink.com\/wp-content\/uploads\/2022\/03\/rva-and-iso-9001-cmyk.jpg\",\"contentUrl\":\"https:\/\/www.nedzink.com\/wp-content\/uploads\/2022\/03\/rva-and-iso-9001-cmyk.jpg\"},{\"@type\":\"BreadcrumbList\",\"@id\":\"https:\/\/www.nedzink.com\/de\/#breadcrumb\",\"itemListElement\":[{\"@type\":\"ListItem\",\"position\":1,\"name\":\"Home\",\"item\":\"https:\/\/www.nedzink.com\/de\/\"},{\"@type\":\"ListItem\",\"position\":2,\"name\":\"Home\"}]},{\"@type\":\"WebSite\",\"@id\":\"https:\/\/www.nedzink.com\/de\/#website\",\"url\":\"https:\/\/www.nedzink.com\/de\/\",\"name\":\"NedZink\",\"description\":\"Zink fabrikant\",\"publisher\":{\"@id\":\"https:\/\/www.nedzink.com\/de\/#organization\"},\"potentialAction\":[{\"@type\":\"SearchAction\",\"target\":{\"@type\":\"EntryPoint\",\"urlTemplate\":\"https:\/\/www.nedzink.com\/de\/?s={search_term_string}\"},\"query-input\":{\"@type\":\"PropertyValueSpecification\",\"valueRequired\":true,\"valueName\":\"search_term_string\"}}],\"inLanguage\":\"de\"},{\"@type\":\"Organization\",\"@id\":\"https:\/\/www.nedzink.com\/de\/#organization\",\"name\":\"NedZink\",\"url\":\"https:\/\/www.nedzink.com\/de\/\",\"logo\":{\"@type\":\"ImageObject\",\"inLanguage\":\"de\",\"@id\":\"https:\/\/www.nedzink.com\/de\/#\/schema\/logo\/image\/\",\"url\":\"https:\/\/www.nedzink.com\/wp-content\/uploads\/2019\/08\/logo-nedzink_fc_zk.jpg\",\"contentUrl\":\"https:\/\/www.nedzink.com\/wp-content\/uploads\/2019\/08\/logo-nedzink_fc_zk.jpg\",\"width\":2160,\"height\":688,\"caption\":\"NedZink\"},\"image\":{\"@id\":\"https:\/\/www.nedzink.com\/de\/#\/schema\/logo\/image\/\"}}]}<\/script>\n<!-- \/ Yoast SEO plugin. -->","yoast_head_json":{"title":"Hochwertige Zinkprodukte seit mehr als 125 Jahren | NedZink","description":"NedZink ist der niederl\u00e4ndische Hersteller von gewalztem Titanzink f\u00fcr Anwendungen bei Fassadenverkleidungen, D\u00e4chern, Dachrinnen und Regenwassersystemen.","robots":{"index":"index","follow":"follow","max-snippet":"max-snippet:-1","max-image-preview":"max-image-preview:large","max-video-preview":"max-video-preview:-1"},"canonical":"https:\/\/www.nedzink.com\/de\/","og_locale":"de_DE","og_type":"article","og_title":"Hochwertige Zinkprodukte seit mehr als 125 Jahren | NedZink","og_description":"NedZink ist der niederl\u00e4ndische Hersteller von gewalztem Titanzink f\u00fcr Anwendungen bei Fassadenverkleidungen, D\u00e4chern, Dachrinnen und Regenwassersystemen.","og_url":"https:\/\/www.nedzink.com\/de\/","og_site_name":"NedZink","article_modified_time":"2025-03-25T07:36:24+00:00","og_image":[{"url":"https:\/\/www.nedzink.com\/wp-content\/uploads\/2022\/03\/rva-and-iso-9001-cmyk.jpg","type":"","width":"","height":""}],"twitter_card":"summary_large_image","twitter_misc":{"Gesch\u00e4tzte Lesezeit":"4\u00a0Minuten"},"schema":{"@context":"https:\/\/schema.org","@graph":[{"@type":"WebPage","@id":"https:\/\/www.nedzink.com\/de\/","url":"https:\/\/www.nedzink.com\/de\/","name":"Hochwertige Zinkprodukte seit mehr als 125 Jahren | NedZink","isPartOf":{"@id":"https:\/\/www.nedzink.com\/de\/#website"},"primaryImageOfPage":{"@id":"https:\/\/www.nedzink.com\/de\/#primaryimage"},"image":{"@id":"https:\/\/www.nedzink.com\/de\/#primaryimage"},"thumbnailUrl":"https:\/\/www.nedzink.com\/wp-content\/uploads\/2022\/03\/rva-and-iso-9001-cmyk.jpg","datePublished":"2019-02-27T14:34:07+00:00","dateModified":"2025-03-25T07:36:24+00:00","description":"NedZink ist der niederl\u00e4ndische Hersteller von gewalztem Titanzink f\u00fcr Anwendungen bei Fassadenverkleidungen, D\u00e4chern, Dachrinnen und Regenwassersystemen.","breadcrumb":{"@id":"https:\/\/www.nedzink.com\/de\/#breadcrumb"},"inLanguage":"de","potentialAction":[{"@type":"ReadAction","target":["https:\/\/www.nedzink.com\/de\/"]}]},{"@type":"ImageObject","inLanguage":"de","@id":"https:\/\/www.nedzink.com\/de\/#primaryimage","url":"https:\/\/www.nedzink.com\/wp-content\/uploads\/2022\/03\/rva-and-iso-9001-cmyk.jpg","contentUrl":"https:\/\/www.nedzink.com\/wp-content\/uploads\/2022\/03\/rva-and-iso-9001-cmyk.jpg"},{"@type":"BreadcrumbList","@id":"https:\/\/www.nedzink.com\/de\/#breadcrumb","itemListElement":[{"@type":"ListItem","position":1,"name":"Home","item":"https:\/\/www.nedzink.com\/de\/"},{"@type":"ListItem","position":2,"name":"Home"}]},{"@type":"WebSite","@id":"https:\/\/www.nedzink.com\/de\/#website","url":"https:\/\/www.nedzink.com\/de\/","name":"NedZink","description":"Zink fabrikant","publisher":{"@id":"https:\/\/www.nedzink.com\/de\/#organization"},"potentialAction":[{"@type":"SearchAction","target":{"@type":"EntryPoint","urlTemplate":"https:\/\/www.nedzink.com\/de\/?s={search_term_string}"},"query-input":{"@type":"PropertyValueSpecification","valueRequired":true,"valueName":"search_term_string"}}],"inLanguage":"de"},{"@type":"Organization","@id":"https:\/\/www.nedzink.com\/de\/#organization","name":"NedZink","url":"https:\/\/www.nedzink.com\/de\/","logo":{"@type":"ImageObject","inLanguage":"de","@id":"https:\/\/www.nedzink.com\/de\/#\/schema\/logo\/image\/","url":"https:\/\/www.nedzink.com\/wp-content\/uploads\/2019\/08\/logo-nedzink_fc_zk.jpg","contentUrl":"https:\/\/www.nedzink.com\/wp-content\/uploads\/2019\/08\/logo-nedzink_fc_zk.jpg","width":2160,"height":688,"caption":"NedZink"},"image":{"@id":"https:\/\/www.nedzink.com\/de\/#\/schema\/logo\/image\/"}}]}},"_links":{"self":[{"href":"https:\/\/www.nedzink.com\/de\/wp-json\/wp\/v2\/pages\/43","targetHints":{"allow":["GET"]}}],"collection":[{"href":"https:\/\/www.nedzink.com\/de\/wp-json\/wp\/v2\/pages"}],"about":[{"href":"https:\/\/www.nedzink.com\/de\/wp-json\/wp\/v2\/types\/page"}],"author":[{"embeddable":true,"href":"https:\/\/www.nedzink.com\/de\/wp-json\/wp\/v2\/users\/9"}],"replies":[{"embeddable":true,"href":"https:\/\/www.nedzink.com\/de\/wp-json\/wp\/v2\/comments?post=43"}],"version-history":[{"count":5,"href":"https:\/\/www.nedzink.com\/de\/wp-json\/wp\/v2\/pages\/43\/revisions"}],"predecessor-version":[{"id":135853,"href":"https:\/\/www.nedzink.com\/de\/wp-json\/wp\/v2\/pages\/43\/revisions\/135853"}],"wp:attachment":[{"href":"https:\/\/www.nedzink.com\/de\/wp-json\/wp\/v2\/media?parent=43"}],"curies":[{"name":"wp","href":"https:\/\/api.w.org\/{rel}","templated":true}]}}