{"id":31895,"date":"2019-04-23T13:48:44","date_gmt":"2019-04-23T11:48:44","guid":{"rendered":"http:\/\/136.144.181.85\/~nedzink\/cookie-statement\/"},"modified":"2019-12-11T15:12:29","modified_gmt":"2019-12-11T14:12:29","slug":"cookie-statement","status":"publish","type":"page","link":"https:\/\/www.nedzink.com\/de\/cookie-statement\/","title":{"rendered":"Cookie Statement"},"content":{"rendered":"[vc_row equal_columns=&#8220;true&#8220; attached=&#8220;true&#8220; column_padding=&#8220;2&#8243; el_class=&#8220;rij-wit-schaduw&#8220;][vc_column][vc_row_inner is_fullwidth_content=&#8220;false&#8220;][vc_column_inner][mk_padding_divider size=&#8220;30&#8243;][vc_column_text css=&#8220;.vc_custom_1556021327757{margin-bottom: 0px !important;}&#8220;]\n<h1>Cookie Statement<\/h1>\n[\/vc_column_text][mk_padding_divider size=&#8220;30&#8243;][vc_column_text css=&#8220;.vc_custom_1576073532589{margin-bottom: 0px !important;}&#8220;]NedZink sorgt f\u00fcr das optimale Funktionieren seiner Website. Zu diesem Zweck nutzen wir Techniken, welche personenbezogene Daten verarbeiten, z. B. Cookies.<\/p>\n<p>Bei einem Cookie handelt es sich um eine kleine Textdatei, die beim ersten Besuch einer Website auf dem elektronischen Ger\u00e4t des Besuchers gespeichert wird. Cookies dienen dazu, Informationen \u00fcber die Person und die Website zu sammeln. Andere Cookies sollen die Nutzererfahrung der Website verbessern.<\/p>\n<p><strong>Cookiearten<\/strong><br \/>\nEs gibt zwei Cookiearten: zeitweilige und dauerhafte.<\/p>\n<p>Zeitweilige Cookies werden beim Schlie\u00dfen des Browsers gel\u00f6scht.<br \/>\nDauerhafte Cookies bleiben auch nach dem Schlie\u00dfen des Browsers auf dem Ger\u00e4t gespeichert und k\u00f6nnen beim n\u00e4chsten Besuch wiedererkannt werden. Startseiten und Internetserver weisen dem Browser einen String zu, worin das dauerhafte Cookie gespeichert wird. Anhand der Cookie-ID kann dadurch Ihr Browser identifiziert werden.<\/p>\n<p>Wir verwenden gr\u00f6\u00dftenteils zeitweilige Cookies. Wir verwenden auch dauerhafte Cookies. Diese m\u00fcssen Sie selbst l\u00f6schen, wenn Sie dies w\u00fcnschen.<br \/>\nCookies erleichtern den Besuchern unserer Website das Navigieren und erm\u00f6glichen bestimmte Funktionen, die andernfalls nicht verf\u00fcgbar w\u00e4ren.<br \/>\nCookies richten an Ihrem Computer keinen Schaden an. Sie k\u00f6nnen Ihren Browser so einstellen, dass Sie vor dem Setzen eines Cookies dar\u00fcber informiert werden. Sie k\u00f6nnen ihn auch so einstellen, dass bestimmte oder alle Cookies verweigert werden. Akzeptieren Sie keine Cookies, dann funktionieren bestimmte Teile der Website nicht.<\/p>\n<p>Verarbeitungszwecke<br \/>\nWir unterscheiden f\u00fcnf Arten von Verarbeitungszwecken:<br \/>\na. funktionale Zwecke<br \/>\nb. analytische Zwecke<br \/>\nc. Werbezwecke<br \/>\nd. Identifikationszwecke<br \/>\ne. Teilen in sozialen Netzen<\/p>\n<p><strong>a. Funktionale Zwecke<\/strong><br \/>\nMit funktionalen Cookies registrieren und speichern wir Ihre Vorlieben als Besucher. Sie m\u00fcssen diese also nicht jedesmal erneut angeben; die Website ist dadurch bequemer zu nutzen. Funktionale Cookies setzen wir immer. Sie sind n\u00e4mlich n\u00f6tig f\u00fcr die ordentliche Funktionsweise der Website; sie verarbeiten personenbezogene Daten nur f\u00fcr jene Zwecke, f\u00fcr die Sie sie gemacht haben. Die anderen Cookiearten verarbeiten personenbezogene Daten im Hintergrund. Daher ben\u00f6tigen wir vor dem Setzen dieser Cookies Ihre Einwilligung.<\/p>\n<p><strong>b. Analytische Zwecke<\/strong><br \/>\nAnalytische Cookies erzeugen Statistiken \u00fcber die Nutzung der Website, womit wir deren Funktionsweise und Effektivit\u00e4t zugunsten der Besucher verbessern k\u00f6nnen. So erfassen wir die Beliebtheit bestimmter Seiten und das Clickverhalten auf unserer Website. Als externe Software verwenden wir dazu vornehmlich Google Analytics. Im Sinne der EU-DSGVO teilen wir mit externen Parteien keine personenbezogenen Daten.<\/p>\n<p><strong>c. Werbezwecke<\/strong><br \/>\nWir bedienen uns dieser Art von Cookies, um auf den Websites Dritter (u. a. \u00fcber Anzeigennetzwerke von Google, Facebook, LinkedIn und anderen Dritten) Menschen, die an unseren Produkten interessiert sein k\u00f6nnten, relevante Anzeigen zu zeigen. Zudem messen wir damit die Wirksamkeit unserer Anzeigenkampagnen. Ferner k\u00f6nnen wir mit diesen Cookies verhindern, dass Sie eine bestimmte Werbeanzeige zu oft sehen. Schlie\u00dflich erm\u00f6glichen diese Cookies die Speicherung Ihres Wunsches, unsere Anzeigen nicht mehr zu sehen.<\/p>\n<p><strong>d. Identifikationszwecke<\/strong><br \/>\nDiese Cookieart dient u. a. dazu, Menschen nach einer Interaktion mit unserer Website zu identifizieren. Interaktion umfasst u. a. das Ausf\u00fcllen eines Kontaktformulars und das Klicken auf einen Link in einer E-Mail von uns. Bei solchen Interaktionen registrierte Daten teilen wir nicht (auch nicht mit unseren Kunden). Ferner verzeichnen diese Cookies, welche Websites Sie besuchen.<br \/>\nDaraus versuchen wir Ihre Vorlieben und Interessen abzuleiten. So erkennen wir potentielle Kunden, die wir dann gezielt mit Marketing ansprechen. Dazu sammeln wir u. a. Besuchsdaten, IP-Adresse und Firmendaten. Solche von uns gesammelten Daten verwenden wir nur intern.<\/p>\n<p><strong>e. Teilen in sozialen Netzen<\/strong><br \/>\nAuf manchen Netzseiten stehen Schaltfl\u00e4chen, um Artikel und Seiten in sozialen Netzen wie LinkedIn, Facebook und Instagram zu teilen. Diese Schaltfl\u00e4chen funktionieren mit Hilfe kleiner Codes (Scripts), die von den entsprechenden sozialen Netzen selbst stammen. Diese Scripts setzen manchmal Cookies. Darauf haben wir keinen Einfluss.<\/p>\n<p><strong>Cookies blockieren und l\u00f6schen<\/strong><br \/>\nM\u00f6chten Sie nicht, dass unsere Website Cookies auf Ihrem Computer speichert, dann geben Sie dies in der Cookiemeldung bei Ihrem ersten Besuch unserer Website an. Haben Sie unsere Cookies bereits akzeptiert? Dann erscheint diese Meldung nicht noch einmal und m\u00fcssen Sie die Cookies ggfs. selbst l\u00f6schen. In Ihren Browsereinstellungen k\u00f6nnen Sie gesetzte Cookies l\u00f6schen, alle Cookies erlauben oder blockieren sowie Vorlieben f\u00fcr bestimmte Websites angeben. Weitere Informationen hierzu finden Sie in den Hilfe-Funktionen der Browser Chrome, Internet Explorer, Firefox oder Safari. Bei anderen Browsern ist dies ebenso.<\/p>\n<p>Sie k\u00f6nnen auch einstellen, dass \u00fcberhaupt keine Cookies gesetzt werden k\u00f6nnen. Verweigern Sie das Setzen s\u00e4mtlicher Cookies? Dann funktioniert unsere Website nicht richtig und k\u00f6nnen Sie nicht alle Funktionen nutzen. Wir empfehlen, lediglich unerw\u00fcnschte Cookies auszuschalten. Tun Sie dies in Ihren Browsereinstellungen.<\/p>\n<p><strong>\u00c4nderung Cookie-Richtlinie<\/strong><br \/>\nNedZink beh\u00e4lt sich das Recht vor, diese Cookie-Richtlinie zu \u00e4ndern.\u00a0 Auf dieser Seite finden Sie stets die aktuelle Version der Cookie-Richtlinie. Haben Sie Fragen? Schreiben Sie uns: <span style=\"text-decoration: underline;\"><a href=\"mailto:info@nedzink.com\">info@nedzink.com<\/a><\/span><\/p>\n<p>Version: Oktober 2019.[\/vc_column_text][\/vc_column_inner][\/vc_row_inner][\/vc_column][\/vc_row]\n","protected":false},"excerpt":{"rendered":"<p>[vc_row equal_columns=&#8220;true&#8220; attached=&#8220;true&#8220; column_padding=&#8220;2&#8243; el_class=&#8220;rij-wit-schaduw&#8220;][vc_column][vc_row_inner is_fullwidth_content=&#8220;false&#8220;][vc_column_inner][mk_padding_divider size=&#8220;30&#8243;][vc_column_text css=&#8220;.vc_custom_1556021327757{margin-bottom: 0px !important;}&#8220;] Cookie Statement [\/vc_column_text][mk_padding_divider size=&#8220;30&#8243;][vc_column_text css=&#8220;.vc_custom_1576073532589{margin-bottom: 0px !important;}&#8220;]NedZink sorgt f\u00fcr das optimale Funktionieren seiner Website. Zu diesem Zweck nutzen wir Techniken, welche personenbezogene Daten verarbeiten, z. B. Cookies. Bei einem Cookie handelt es sich um eine kleine Textdatei, die beim ersten Besuch einer Website auf dem [&hellip;]<\/p>\n","protected":false},"author":9,"featured_media":0,"parent":0,"menu_order":0,"comment_status":"closed","ping_status":"closed","template":"","meta":{"_acf_changed":false,"footnotes":""},"class_list":["post-31895","page","type-page","status-publish","hentry"],"acf":[],"yoast_head":"<!-- This site is optimized with the Yoast SEO plugin v26.8 - https:\/\/yoast.com\/product\/yoast-seo-wordpress\/ -->\n<title>Cookie Statement &#8211; NedZink<\/title>\n<meta name=\"robots\" content=\"index, follow, max-snippet:-1, max-image-preview:large, max-video-preview:-1\" \/>\n<link rel=\"canonical\" href=\"https:\/\/www.nedzink.com\/de\/cookie-statement\/\" \/>\n<meta property=\"og:locale\" content=\"de_DE\" \/>\n<meta property=\"og:type\" content=\"article\" \/>\n<meta property=\"og:title\" content=\"Cookie Statement &#8211; NedZink\" \/>\n<meta property=\"og:description\" content=\"[vc_row equal_columns=&#8220;true&#8220; attached=&#8220;true&#8220; column_padding=&#8220;2&#8243; el_class=&#8220;rij-wit-schaduw&#8220;][vc_column][vc_row_inner is_fullwidth_content=&#8220;false&#8220;][vc_column_inner][mk_padding_divider size=&#8220;30&#8243;][vc_column_text css=&#8220;.vc_custom_1556021327757{margin-bottom: 0px !important;}&#8220;] Cookie Statement [\/vc_column_text][mk_padding_divider size=&#8220;30&#8243;][vc_column_text css=&#8220;.vc_custom_1576073532589{margin-bottom: 0px !important;}&#8220;]NedZink sorgt f\u00fcr das optimale Funktionieren seiner Website. Zu diesem Zweck nutzen wir Techniken, welche personenbezogene Daten verarbeiten, z. B. Cookies. Bei einem Cookie handelt es sich um eine kleine Textdatei, die beim ersten Besuch einer Website auf dem [&hellip;]\" \/>\n<meta property=\"og:url\" content=\"https:\/\/www.nedzink.com\/de\/cookie-statement\/\" \/>\n<meta property=\"og:site_name\" content=\"NedZink\" \/>\n<meta property=\"article:modified_time\" content=\"2019-12-11T14:12:29+00:00\" \/>\n<meta name=\"twitter:card\" content=\"summary_large_image\" \/>\n<meta name=\"twitter:label1\" content=\"Gesch\u00e4tzte Lesezeit\" \/>\n\t<meta name=\"twitter:data1\" content=\"4\u00a0Minuten\" \/>\n<script type=\"application\/ld+json\" class=\"yoast-schema-graph\">{\"@context\":\"https:\/\/schema.org\",\"@graph\":[{\"@type\":\"WebPage\",\"@id\":\"https:\/\/www.nedzink.com\/de\/cookie-statement\/\",\"url\":\"https:\/\/www.nedzink.com\/de\/cookie-statement\/\",\"name\":\"Cookie Statement &#8211; NedZink\",\"isPartOf\":{\"@id\":\"https:\/\/www.nedzink.com\/de\/#website\"},\"datePublished\":\"2019-04-23T11:48:44+00:00\",\"dateModified\":\"2019-12-11T14:12:29+00:00\",\"breadcrumb\":{\"@id\":\"https:\/\/www.nedzink.com\/de\/cookie-statement\/#breadcrumb\"},\"inLanguage\":\"de\",\"potentialAction\":[{\"@type\":\"ReadAction\",\"target\":[\"https:\/\/www.nedzink.com\/de\/cookie-statement\/\"]}]},{\"@type\":\"BreadcrumbList\",\"@id\":\"https:\/\/www.nedzink.com\/de\/cookie-statement\/#breadcrumb\",\"itemListElement\":[{\"@type\":\"ListItem\",\"position\":1,\"name\":\"Home\",\"item\":\"https:\/\/www.nedzink.com\/de\/\"},{\"@type\":\"ListItem\",\"position\":2,\"name\":\"Cookie Statement\"}]},{\"@type\":\"WebSite\",\"@id\":\"https:\/\/www.nedzink.com\/de\/#website\",\"url\":\"https:\/\/www.nedzink.com\/de\/\",\"name\":\"NedZink\",\"description\":\"Zink fabrikant\",\"publisher\":{\"@id\":\"https:\/\/www.nedzink.com\/de\/#organization\"},\"potentialAction\":[{\"@type\":\"SearchAction\",\"target\":{\"@type\":\"EntryPoint\",\"urlTemplate\":\"https:\/\/www.nedzink.com\/de\/?s={search_term_string}\"},\"query-input\":{\"@type\":\"PropertyValueSpecification\",\"valueRequired\":true,\"valueName\":\"search_term_string\"}}],\"inLanguage\":\"de\"},{\"@type\":\"Organization\",\"@id\":\"https:\/\/www.nedzink.com\/de\/#organization\",\"name\":\"NedZink\",\"url\":\"https:\/\/www.nedzink.com\/de\/\",\"logo\":{\"@type\":\"ImageObject\",\"inLanguage\":\"de\",\"@id\":\"https:\/\/www.nedzink.com\/de\/#\/schema\/logo\/image\/\",\"url\":\"https:\/\/www.nedzink.com\/wp-content\/uploads\/2019\/08\/logo-nedzink_fc_zk.jpg\",\"contentUrl\":\"https:\/\/www.nedzink.com\/wp-content\/uploads\/2019\/08\/logo-nedzink_fc_zk.jpg\",\"width\":2160,\"height\":688,\"caption\":\"NedZink\"},\"image\":{\"@id\":\"https:\/\/www.nedzink.com\/de\/#\/schema\/logo\/image\/\"}}]}<\/script>\n<!-- \/ Yoast SEO plugin. -->","yoast_head_json":{"title":"Cookie Statement &#8211; NedZink","robots":{"index":"index","follow":"follow","max-snippet":"max-snippet:-1","max-image-preview":"max-image-preview:large","max-video-preview":"max-video-preview:-1"},"canonical":"https:\/\/www.nedzink.com\/de\/cookie-statement\/","og_locale":"de_DE","og_type":"article","og_title":"Cookie Statement &#8211; NedZink","og_description":"[vc_row equal_columns=&#8220;true&#8220; attached=&#8220;true&#8220; column_padding=&#8220;2&#8243; el_class=&#8220;rij-wit-schaduw&#8220;][vc_column][vc_row_inner is_fullwidth_content=&#8220;false&#8220;][vc_column_inner][mk_padding_divider size=&#8220;30&#8243;][vc_column_text css=&#8220;.vc_custom_1556021327757{margin-bottom: 0px !important;}&#8220;] Cookie Statement [\/vc_column_text][mk_padding_divider size=&#8220;30&#8243;][vc_column_text css=&#8220;.vc_custom_1576073532589{margin-bottom: 0px !important;}&#8220;]NedZink sorgt f\u00fcr das optimale Funktionieren seiner Website. Zu diesem Zweck nutzen wir Techniken, welche personenbezogene Daten verarbeiten, z. B. Cookies. Bei einem Cookie handelt es sich um eine kleine Textdatei, die beim ersten Besuch einer Website auf dem [&hellip;]","og_url":"https:\/\/www.nedzink.com\/de\/cookie-statement\/","og_site_name":"NedZink","article_modified_time":"2019-12-11T14:12:29+00:00","twitter_card":"summary_large_image","twitter_misc":{"Gesch\u00e4tzte Lesezeit":"4\u00a0Minuten"},"schema":{"@context":"https:\/\/schema.org","@graph":[{"@type":"WebPage","@id":"https:\/\/www.nedzink.com\/de\/cookie-statement\/","url":"https:\/\/www.nedzink.com\/de\/cookie-statement\/","name":"Cookie Statement &#8211; NedZink","isPartOf":{"@id":"https:\/\/www.nedzink.com\/de\/#website"},"datePublished":"2019-04-23T11:48:44+00:00","dateModified":"2019-12-11T14:12:29+00:00","breadcrumb":{"@id":"https:\/\/www.nedzink.com\/de\/cookie-statement\/#breadcrumb"},"inLanguage":"de","potentialAction":[{"@type":"ReadAction","target":["https:\/\/www.nedzink.com\/de\/cookie-statement\/"]}]},{"@type":"BreadcrumbList","@id":"https:\/\/www.nedzink.com\/de\/cookie-statement\/#breadcrumb","itemListElement":[{"@type":"ListItem","position":1,"name":"Home","item":"https:\/\/www.nedzink.com\/de\/"},{"@type":"ListItem","position":2,"name":"Cookie Statement"}]},{"@type":"WebSite","@id":"https:\/\/www.nedzink.com\/de\/#website","url":"https:\/\/www.nedzink.com\/de\/","name":"NedZink","description":"Zink fabrikant","publisher":{"@id":"https:\/\/www.nedzink.com\/de\/#organization"},"potentialAction":[{"@type":"SearchAction","target":{"@type":"EntryPoint","urlTemplate":"https:\/\/www.nedzink.com\/de\/?s={search_term_string}"},"query-input":{"@type":"PropertyValueSpecification","valueRequired":true,"valueName":"search_term_string"}}],"inLanguage":"de"},{"@type":"Organization","@id":"https:\/\/www.nedzink.com\/de\/#organization","name":"NedZink","url":"https:\/\/www.nedzink.com\/de\/","logo":{"@type":"ImageObject","inLanguage":"de","@id":"https:\/\/www.nedzink.com\/de\/#\/schema\/logo\/image\/","url":"https:\/\/www.nedzink.com\/wp-content\/uploads\/2019\/08\/logo-nedzink_fc_zk.jpg","contentUrl":"https:\/\/www.nedzink.com\/wp-content\/uploads\/2019\/08\/logo-nedzink_fc_zk.jpg","width":2160,"height":688,"caption":"NedZink"},"image":{"@id":"https:\/\/www.nedzink.com\/de\/#\/schema\/logo\/image\/"}}]}},"_links":{"self":[{"href":"https:\/\/www.nedzink.com\/de\/wp-json\/wp\/v2\/pages\/31895","targetHints":{"allow":["GET"]}}],"collection":[{"href":"https:\/\/www.nedzink.com\/de\/wp-json\/wp\/v2\/pages"}],"about":[{"href":"https:\/\/www.nedzink.com\/de\/wp-json\/wp\/v2\/types\/page"}],"author":[{"embeddable":true,"href":"https:\/\/www.nedzink.com\/de\/wp-json\/wp\/v2\/users\/9"}],"replies":[{"embeddable":true,"href":"https:\/\/www.nedzink.com\/de\/wp-json\/wp\/v2\/comments?post=31895"}],"version-history":[{"count":0,"href":"https:\/\/www.nedzink.com\/de\/wp-json\/wp\/v2\/pages\/31895\/revisions"}],"wp:attachment":[{"href":"https:\/\/www.nedzink.com\/de\/wp-json\/wp\/v2\/media?parent=31895"}],"curies":[{"name":"wp","href":"https:\/\/api.w.org\/{rel}","templated":true}]}}