{"id":31167,"date":"2019-06-04T14:58:38","date_gmt":"2019-06-04T12:58:38","guid":{"rendered":"http:\/\/136.144.181.85\/~nedzink\/techn-informationen\/ausschreibungstexte\/"},"modified":"2021-12-14T16:47:18","modified_gmt":"2021-12-14T15:47:18","slug":"ausschreibungstexte","status":"publish","type":"page","link":"https:\/\/www.nedzink.com\/de\/ausschreibungstexte\/","title":{"rendered":"Ausschreibungstexte"},"content":{"rendered":"[vc_row][vc_column][vc_column_text css=&#8220;.vc_custom_1639496833726{margin-bottom: 0px !important;}&#8220;]Sehr geehrter Interessent,<\/p>\n<p>nachfolgend finden sie zu ihrer Unterst\u00fctzung von LV`s und kompletten Ausschreibungen das NedZink Ausschreibungsprogramm und eine Bibliothek von Leistungspositionen.<\/p>\n<table style=\"width: 100%;\" border=\"0\" cellspacing=\"1\" cellpadding=\"1\">\n<tbody>\n<tr>\n<td><img decoding=\"async\" style=\"width: 200px; border-width: 0px; border-style: solid; height: 136px;\" src=\"https:\/\/www.nedzink.com\/wp-content\/uploads\/import\/cms\/userfiles\/images\/leistungspositionen.png\" alt=\"\" \/><\/td>\n<td style=\"vertical-align: middle;\">Dies erm\u00f6glicht Ihnen:<\/p>\n<ul>\n<li>die einfache Erstellung kompletter Ausschreibungen f\u00fcr Dacheindeckungen, Fassadenbekleidungen und\u00a0Dachentw\u00e4sserung.<\/li>\n<li><span style=\"color: #6e7276;\">die \u00dcbernahme von Ausschreibungstexten und Detailskizzen in ihre eigene AVA &#8211; Software<\/span><\/li>\n<li><span style=\"color: #6e7276;\">die Erstellung und Verwaltung eigener Ausschreibungstexte.<\/span><\/li>\n<\/ul>\n<p>&nbsp;<\/td>\n<\/tr>\n<\/tbody>\n<\/table>\n<p>&nbsp;<\/p>\n<p><span style=\"color: #6e7276;\">Folgende zwei Vorgehensweisen sind m\u00f6glich:<\/span><\/p>\n<ol>\n<li><span style=\"color: #6e7276;\">\u00dcbernehmen einzelner Positionen zu einer Liste aus der Positionsbibliothek. <\/span><\/li>\n<li><span style=\"color: #6e7276;\">Downloaden des Ausschreibungsprogrammes, einf\u00fcgen der ausgew\u00e4hlten Positionen und fertigstellen einer kompletten Ausschreibung zum Ausdruck oder \u00dcbernahme in die eigene AVA.<\/span><\/li>\n<\/ol>\n<p align=\"center\"><span style=\"color: #6e7276;\">\u00a0<\/span><\/p>\n<h2 align=\"center\"><a href=\"https:\/\/www.ausschreiben.de\/katalog\/nedzink\/position\/243\">NedZink Leistungspositionen \u00fcber Internet starten<\/a><\/h2>\n<h2 align=\"center\"><a class=\"RTE_URL_Link\" title=\"http:\/\/crm.nedzink.nl\/downloads\/NZ_LV_Setup.exe\" href=\"https:\/\/www.ausschreiben.de\/katalog\/nedzink\/position\/2\" target=\"_blank\" rel=\"noopener noreferrer\">Ausschreibungsprogramm downloaden<\/a><\/h2>\n[\/vc_column_text][\/vc_column][\/vc_row]\n","protected":false},"excerpt":{"rendered":"<p>[vc_row][vc_column][vc_column_text css=&#8220;.vc_custom_1639496833726{margin-bottom: 0px !important;}&#8220;]Sehr geehrter Interessent, nachfolgend finden sie zu ihrer Unterst\u00fctzung von LV`s und kompletten Ausschreibungen das NedZink Ausschreibungsprogramm und eine Bibliothek von Leistungspositionen. Dies erm\u00f6glicht Ihnen: die einfache Erstellung kompletter Ausschreibungen f\u00fcr Dacheindeckungen, Fassadenbekleidungen und\u00a0Dachentw\u00e4sserung. die \u00dcbernahme von Ausschreibungstexten und Detailskizzen in ihre eigene AVA &#8211; Software die Erstellung und Verwaltung eigener Ausschreibungstexte. [&hellip;]<\/p>\n","protected":false},"author":9,"featured_media":0,"parent":0,"menu_order":1160,"comment_status":"closed","ping_status":"closed","template":"template-import.php","meta":{"_acf_changed":false,"footnotes":""},"class_list":["post-31167","page","type-page","status-publish","hentry"],"acf":[],"yoast_head":"<!-- This site is optimized with the Yoast SEO plugin v26.8 - https:\/\/yoast.com\/product\/yoast-seo-wordpress\/ -->\n<title>Ausschreibungstexte \u2013 NedZink<\/title>\n<meta name=\"robots\" content=\"index, follow, max-snippet:-1, max-image-preview:large, max-video-preview:-1\" \/>\n<link rel=\"canonical\" href=\"https:\/\/www.nedzink.com\/de\/ausschreibungstexte\/\" \/>\n<meta property=\"og:locale\" content=\"de_DE\" \/>\n<meta property=\"og:type\" content=\"article\" \/>\n<meta property=\"og:title\" content=\"Ausschreibungstexte \u2013 NedZink\" \/>\n<meta property=\"og:description\" content=\"[vc_row][vc_column][vc_column_text css=&#8220;.vc_custom_1639496833726{margin-bottom: 0px !important;}&#8220;]Sehr geehrter Interessent, nachfolgend finden sie zu ihrer Unterst\u00fctzung von LV`s und kompletten Ausschreibungen das NedZink Ausschreibungsprogramm und eine Bibliothek von Leistungspositionen. Dies erm\u00f6glicht Ihnen: die einfache Erstellung kompletter Ausschreibungen f\u00fcr Dacheindeckungen, Fassadenbekleidungen und\u00a0Dachentw\u00e4sserung. die \u00dcbernahme von Ausschreibungstexten und Detailskizzen in ihre eigene AVA &#8211; Software die Erstellung und Verwaltung eigener Ausschreibungstexte. [&hellip;]\" \/>\n<meta property=\"og:url\" content=\"https:\/\/www.nedzink.com\/de\/ausschreibungstexte\/\" \/>\n<meta property=\"og:site_name\" content=\"NedZink\" \/>\n<meta property=\"article:modified_time\" content=\"2021-12-14T15:47:18+00:00\" \/>\n<meta property=\"og:image\" content=\"https:\/\/www.nedzink.com\/wp-content\/uploads\/import\/cms\/userfiles\/images\/leistungspositionen.png\" \/>\n<meta name=\"twitter:card\" content=\"summary_large_image\" \/>\n<meta name=\"twitter:label1\" content=\"Gesch\u00e4tzte Lesezeit\" \/>\n\t<meta name=\"twitter:data1\" content=\"1\u00a0Minute\" \/>\n<script type=\"application\/ld+json\" class=\"yoast-schema-graph\">{\"@context\":\"https:\/\/schema.org\",\"@graph\":[{\"@type\":\"WebPage\",\"@id\":\"https:\/\/www.nedzink.com\/de\/ausschreibungstexte\/\",\"url\":\"https:\/\/www.nedzink.com\/de\/ausschreibungstexte\/\",\"name\":\"Ausschreibungstexte \u2013 NedZink\",\"isPartOf\":{\"@id\":\"https:\/\/www.nedzink.com\/de\/#website\"},\"primaryImageOfPage\":{\"@id\":\"https:\/\/www.nedzink.com\/de\/ausschreibungstexte\/#primaryimage\"},\"image\":{\"@id\":\"https:\/\/www.nedzink.com\/de\/ausschreibungstexte\/#primaryimage\"},\"thumbnailUrl\":\"https:\/\/www.nedzink.com\/wp-content\/uploads\/import\/cms\/userfiles\/images\/leistungspositionen.png\",\"datePublished\":\"2019-06-04T12:58:38+00:00\",\"dateModified\":\"2021-12-14T15:47:18+00:00\",\"breadcrumb\":{\"@id\":\"https:\/\/www.nedzink.com\/de\/ausschreibungstexte\/#breadcrumb\"},\"inLanguage\":\"de\",\"potentialAction\":[{\"@type\":\"ReadAction\",\"target\":[\"https:\/\/www.nedzink.com\/de\/ausschreibungstexte\/\"]}]},{\"@type\":\"ImageObject\",\"inLanguage\":\"de\",\"@id\":\"https:\/\/www.nedzink.com\/de\/ausschreibungstexte\/#primaryimage\",\"url\":\"https:\/\/www.nedzink.com\/wp-content\/uploads\/import\/cms\/userfiles\/images\/leistungspositionen.png\",\"contentUrl\":\"https:\/\/www.nedzink.com\/wp-content\/uploads\/import\/cms\/userfiles\/images\/leistungspositionen.png\"},{\"@type\":\"BreadcrumbList\",\"@id\":\"https:\/\/www.nedzink.com\/de\/ausschreibungstexte\/#breadcrumb\",\"itemListElement\":[{\"@type\":\"ListItem\",\"position\":1,\"name\":\"Home\",\"item\":\"https:\/\/www.nedzink.com\/de\/\"},{\"@type\":\"ListItem\",\"position\":2,\"name\":\"Ausschreibungstexte\"}]},{\"@type\":\"WebSite\",\"@id\":\"https:\/\/www.nedzink.com\/de\/#website\",\"url\":\"https:\/\/www.nedzink.com\/de\/\",\"name\":\"NedZink\",\"description\":\"Zink fabrikant\",\"publisher\":{\"@id\":\"https:\/\/www.nedzink.com\/de\/#organization\"},\"potentialAction\":[{\"@type\":\"SearchAction\",\"target\":{\"@type\":\"EntryPoint\",\"urlTemplate\":\"https:\/\/www.nedzink.com\/de\/?s={search_term_string}\"},\"query-input\":{\"@type\":\"PropertyValueSpecification\",\"valueRequired\":true,\"valueName\":\"search_term_string\"}}],\"inLanguage\":\"de\"},{\"@type\":\"Organization\",\"@id\":\"https:\/\/www.nedzink.com\/de\/#organization\",\"name\":\"NedZink\",\"url\":\"https:\/\/www.nedzink.com\/de\/\",\"logo\":{\"@type\":\"ImageObject\",\"inLanguage\":\"de\",\"@id\":\"https:\/\/www.nedzink.com\/de\/#\/schema\/logo\/image\/\",\"url\":\"https:\/\/www.nedzink.com\/wp-content\/uploads\/2019\/08\/logo-nedzink_fc_zk.jpg\",\"contentUrl\":\"https:\/\/www.nedzink.com\/wp-content\/uploads\/2019\/08\/logo-nedzink_fc_zk.jpg\",\"width\":2160,\"height\":688,\"caption\":\"NedZink\"},\"image\":{\"@id\":\"https:\/\/www.nedzink.com\/de\/#\/schema\/logo\/image\/\"}}]}<\/script>\n<!-- \/ Yoast SEO plugin. -->","yoast_head_json":{"title":"Ausschreibungstexte \u2013 NedZink","robots":{"index":"index","follow":"follow","max-snippet":"max-snippet:-1","max-image-preview":"max-image-preview:large","max-video-preview":"max-video-preview:-1"},"canonical":"https:\/\/www.nedzink.com\/de\/ausschreibungstexte\/","og_locale":"de_DE","og_type":"article","og_title":"Ausschreibungstexte \u2013 NedZink","og_description":"[vc_row][vc_column][vc_column_text css=&#8220;.vc_custom_1639496833726{margin-bottom: 0px !important;}&#8220;]Sehr geehrter Interessent, nachfolgend finden sie zu ihrer Unterst\u00fctzung von LV`s und kompletten Ausschreibungen das NedZink Ausschreibungsprogramm und eine Bibliothek von Leistungspositionen. Dies erm\u00f6glicht Ihnen: die einfache Erstellung kompletter Ausschreibungen f\u00fcr Dacheindeckungen, Fassadenbekleidungen und\u00a0Dachentw\u00e4sserung. die \u00dcbernahme von Ausschreibungstexten und Detailskizzen in ihre eigene AVA &#8211; Software die Erstellung und Verwaltung eigener Ausschreibungstexte. [&hellip;]","og_url":"https:\/\/www.nedzink.com\/de\/ausschreibungstexte\/","og_site_name":"NedZink","article_modified_time":"2021-12-14T15:47:18+00:00","og_image":[{"url":"https:\/\/www.nedzink.com\/wp-content\/uploads\/import\/cms\/userfiles\/images\/leistungspositionen.png","type":"","width":"","height":""}],"twitter_card":"summary_large_image","twitter_misc":{"Gesch\u00e4tzte Lesezeit":"1\u00a0Minute"},"schema":{"@context":"https:\/\/schema.org","@graph":[{"@type":"WebPage","@id":"https:\/\/www.nedzink.com\/de\/ausschreibungstexte\/","url":"https:\/\/www.nedzink.com\/de\/ausschreibungstexte\/","name":"Ausschreibungstexte \u2013 NedZink","isPartOf":{"@id":"https:\/\/www.nedzink.com\/de\/#website"},"primaryImageOfPage":{"@id":"https:\/\/www.nedzink.com\/de\/ausschreibungstexte\/#primaryimage"},"image":{"@id":"https:\/\/www.nedzink.com\/de\/ausschreibungstexte\/#primaryimage"},"thumbnailUrl":"https:\/\/www.nedzink.com\/wp-content\/uploads\/import\/cms\/userfiles\/images\/leistungspositionen.png","datePublished":"2019-06-04T12:58:38+00:00","dateModified":"2021-12-14T15:47:18+00:00","breadcrumb":{"@id":"https:\/\/www.nedzink.com\/de\/ausschreibungstexte\/#breadcrumb"},"inLanguage":"de","potentialAction":[{"@type":"ReadAction","target":["https:\/\/www.nedzink.com\/de\/ausschreibungstexte\/"]}]},{"@type":"ImageObject","inLanguage":"de","@id":"https:\/\/www.nedzink.com\/de\/ausschreibungstexte\/#primaryimage","url":"https:\/\/www.nedzink.com\/wp-content\/uploads\/import\/cms\/userfiles\/images\/leistungspositionen.png","contentUrl":"https:\/\/www.nedzink.com\/wp-content\/uploads\/import\/cms\/userfiles\/images\/leistungspositionen.png"},{"@type":"BreadcrumbList","@id":"https:\/\/www.nedzink.com\/de\/ausschreibungstexte\/#breadcrumb","itemListElement":[{"@type":"ListItem","position":1,"name":"Home","item":"https:\/\/www.nedzink.com\/de\/"},{"@type":"ListItem","position":2,"name":"Ausschreibungstexte"}]},{"@type":"WebSite","@id":"https:\/\/www.nedzink.com\/de\/#website","url":"https:\/\/www.nedzink.com\/de\/","name":"NedZink","description":"Zink fabrikant","publisher":{"@id":"https:\/\/www.nedzink.com\/de\/#organization"},"potentialAction":[{"@type":"SearchAction","target":{"@type":"EntryPoint","urlTemplate":"https:\/\/www.nedzink.com\/de\/?s={search_term_string}"},"query-input":{"@type":"PropertyValueSpecification","valueRequired":true,"valueName":"search_term_string"}}],"inLanguage":"de"},{"@type":"Organization","@id":"https:\/\/www.nedzink.com\/de\/#organization","name":"NedZink","url":"https:\/\/www.nedzink.com\/de\/","logo":{"@type":"ImageObject","inLanguage":"de","@id":"https:\/\/www.nedzink.com\/de\/#\/schema\/logo\/image\/","url":"https:\/\/www.nedzink.com\/wp-content\/uploads\/2019\/08\/logo-nedzink_fc_zk.jpg","contentUrl":"https:\/\/www.nedzink.com\/wp-content\/uploads\/2019\/08\/logo-nedzink_fc_zk.jpg","width":2160,"height":688,"caption":"NedZink"},"image":{"@id":"https:\/\/www.nedzink.com\/de\/#\/schema\/logo\/image\/"}}]}},"_links":{"self":[{"href":"https:\/\/www.nedzink.com\/de\/wp-json\/wp\/v2\/pages\/31167","targetHints":{"allow":["GET"]}}],"collection":[{"href":"https:\/\/www.nedzink.com\/de\/wp-json\/wp\/v2\/pages"}],"about":[{"href":"https:\/\/www.nedzink.com\/de\/wp-json\/wp\/v2\/types\/page"}],"author":[{"embeddable":true,"href":"https:\/\/www.nedzink.com\/de\/wp-json\/wp\/v2\/users\/9"}],"replies":[{"embeddable":true,"href":"https:\/\/www.nedzink.com\/de\/wp-json\/wp\/v2\/comments?post=31167"}],"version-history":[{"count":0,"href":"https:\/\/www.nedzink.com\/de\/wp-json\/wp\/v2\/pages\/31167\/revisions"}],"wp:attachment":[{"href":"https:\/\/www.nedzink.com\/de\/wp-json\/wp\/v2\/media?parent=31167"}],"curies":[{"name":"wp","href":"https:\/\/api.w.org\/{rel}","templated":true}]}}