{"id":31157,"date":"2019-06-04T14:58:36","date_gmt":"2019-06-04T12:58:36","guid":{"rendered":"http:\/\/136.144.181.85\/~nedzink\/techn-informationen\/dachentwasserungssysteme\/dachentwasserungszubehor\/"},"modified":"2021-09-22T10:06:48","modified_gmt":"2021-09-22T08:06:48","slug":"dachentwasserungszubehor","status":"publish","type":"page","link":"https:\/\/www.nedzink.com\/de\/dachentwasserungszubehor\/","title":{"rendered":"Dachentw\u00e4sserungszubeh\u00f6r"},"content":{"rendered":"[vc_row][vc_column][vc_column_text css=&#8220;.vc_custom_1632297771253{margin-bottom: 0px !important;}&#8220;]Das Dachentw\u00e4sserungszubeh\u00f6r komplettiert das Produktprogramm und ist in den g\u00e4ngigen Standardabmessungen der <a href=\"https:\/\/www.nedzink.com\/de\/dachentwasserungssysteme\/dachrinnen\/\"><strong>Rinnen<\/strong><\/a> und <a href=\"https:\/\/www.nedzink.com\/de\/regenfallrohre\/\"><strong>Fallrohre<\/strong> <\/a>erh\u00e4ltlich.<\/p>\n<p>Neben unterschiedlichen Kantprofilen, wie Traufbleche, Rinneneinlaufbleche und diverser Sonderprofile, geh\u00f6ren folgende Zubeh\u00f6rprodukte zum NOVA Lieferprogramm:<\/p>\n<table style=\"width: 500px;\" border=\"0\" cellspacing=\"1\" cellpadding=\"1\">\n<tbody>\n<tr>\n<td><strong>Rinnenendst\u00fccke<\/strong><\/td>\n<td>\n<p align=\"center\">\u00a0<img decoding=\"async\" style=\"width: 80px; height: 45px; border: 0px solid;\" src=\"https:\/\/www.nedzink.com\/wp-content\/uploads\/import\/cms\/userfiles\/images\/kopschot_mastgoot.png\" \/><\/p>\n<\/td>\n<td>\n<p align=\"center\"><img decoding=\"async\" src=\"https:\/\/www.nedzink.com\/wp-content\/uploads\/import\/cms\/userfiles\/images\/kopschot_bakgoot.png\" border=\"0\" \/><\/p>\n<\/td>\n<\/tr>\n<tr>\n<td><strong>Rinnenwinkel<\/strong><\/td>\n<td>\n<p align=\"center\"><img decoding=\"async\" src=\"https:\/\/www.nedzink.com\/wp-content\/uploads\/import\/cms\/userfiles\/images\/hoek_mastgoot.png\" border=\"0\" \/><\/p>\n<\/td>\n<td>\n<p align=\"center\"><img decoding=\"async\" src=\"https:\/\/www.nedzink.com\/wp-content\/uploads\/import\/cms\/userfiles\/images\/hoek_bakgoot.png\" border=\"0\" \/><\/p>\n<\/td>\n<\/tr>\n<tr>\n<td><strong>B\u00f6gen<\/strong><\/td>\n<td>\n<p align=\"center\"><img decoding=\"async\" src=\"https:\/\/www.nedzink.com\/wp-content\/uploads\/import\/cms\/userfiles\/images\/bocht1.gif\" border=\"0\" \/><\/p>\n<\/td>\n<td>\n<p align=\"center\"><img decoding=\"async\" src=\"https:\/\/www.nedzink.com\/wp-content\/uploads\/import\/cms\/userfiles\/images\/bocht2.gif\" border=\"0\" \/><\/p>\n<\/td>\n<\/tr>\n<tr>\n<td><strong>Rinnenhaken<\/strong><\/td>\n<td>\n<p align=\"center\"><img decoding=\"async\" src=\"https:\/\/www.nedzink.com\/wp-content\/uploads\/import\/cms\/userfiles\/images\/beugel_mast.png\" border=\"0\" \/><\/p>\n<p align=\"center\">\n<\/td>\n<td><img decoding=\"async\" src=\"https:\/\/www.nedzink.com\/wp-content\/uploads\/import\/cms\/userfiles\/images\/beugel_bak.png\" border=\"0\" \/><\/p>\n<p align=\"center\">\n<\/td>\n<\/tr>\n<tr>\n<td><strong>Rohrschellen<\/strong><\/td>\n<td>\n<p align=\"center\">\u00a0<img decoding=\"async\" src=\"https:\/\/www.nedzink.com\/wp-content\/uploads\/import\/cms\/userfiles\/images\/muurbeugel1.png\" border=\"0\" \/><\/p>\n<\/td>\n<td>\n<p align=\"center\"><img decoding=\"async\" src=\"https:\/\/www.nedzink.com\/wp-content\/uploads\/import\/cms\/userfiles\/images\/muurbeugel2.png\" border=\"0\" \/><\/p>\n<\/td>\n<\/tr>\n<tr>\n<td><strong>Standrohrkappen<\/strong><\/td>\n<td>\n<p align=\"center\"><img decoding=\"async\" src=\"https:\/\/www.nedzink.com\/wp-content\/uploads\/import\/cms\/userfiles\/images\/standrohrkappe1.png\" border=\"0\" \/><\/p>\n<\/td>\n<td>\n<p align=\"center\"><img decoding=\"async\" src=\"https:\/\/www.nedzink.com\/wp-content\/uploads\/import\/cms\/userfiles\/images\/standrohrkappe2.png\" border=\"0\" \/><\/p>\n<\/td>\n<\/tr>\n<tr>\n<td><strong>Regenrohrklappen<\/strong><\/td>\n<td>\n<p align=\"center\"><img decoding=\"async\" src=\"https:\/\/www.nedzink.com\/wp-content\/uploads\/import\/cms\/userfiles\/images\/regenrohrkappe.png\" border=\"0\" \/><\/p>\n<\/td>\n<td>\n<p align=\"center\">\n<\/td>\n<\/tr>\n<tr>\n<td><strong>Einhangstutzen<\/strong><\/td>\n<td>\n<p align=\"center\"><img decoding=\"async\" src=\"https:\/\/www.nedzink.com\/wp-content\/uploads\/import\/cms\/userfiles\/images\/einhangstutzen.png\" border=\"0\" \/><\/p>\n<\/td>\n<td>\n<p align=\"center\">\n<\/td>\n<\/tr>\n<tr>\n<td><strong>Reduzierst\u00fccke<\/strong><\/td>\n<td>\n<p align=\"center\"><img decoding=\"async\" src=\"https:\/\/www.nedzink.com\/wp-content\/uploads\/import\/cms\/userfiles\/images\/reduzier1.png\" border=\"0\" \/><\/p>\n<\/td>\n<td>\n<p align=\"center\"><img decoding=\"async\" src=\"https:\/\/www.nedzink.com\/wp-content\/uploads\/import\/cms\/userfiles\/images\/reduzier2.png\" border=\"0\" \/><\/p>\n<\/td>\n<\/tr>\n<tr>\n<td><strong>Dehnungsausgleicher<\/strong><\/td>\n<td>\n<p align=\"center\"><img decoding=\"async\" src=\"https:\/\/www.nedzink.com\/wp-content\/uploads\/import\/cms\/userfiles\/images\/expansie1.png\" border=\"0\" \/><\/p>\n<\/td>\n<td>\n<p align=\"center\"><img decoding=\"async\" src=\"https:\/\/www.nedzink.com\/wp-content\/uploads\/import\/cms\/userfiles\/images\/expansie2.gif\" border=\"0\" \/><\/p>\n<\/td>\n<\/tr>\n<\/tbody>\n<\/table>\n[\/vc_column_text][\/vc_column][\/vc_row]\n","protected":false},"excerpt":{"rendered":"<p>[vc_row][vc_column][vc_column_text css=&#8220;.vc_custom_1632297771253{margin-bottom: 0px !important;}&#8220;]Das Dachentw\u00e4sserungszubeh\u00f6r komplettiert das Produktprogramm und ist in den g\u00e4ngigen Standardabmessungen der Rinnen und Fallrohre erh\u00e4ltlich. Neben unterschiedlichen Kantprofilen, wie Traufbleche, Rinneneinlaufbleche und diverser Sonderprofile, geh\u00f6ren folgende Zubeh\u00f6rprodukte zum NOVA Lieferprogramm: Rinnenendst\u00fccke \u00a0 Rinnenwinkel B\u00f6gen Rinnenhaken Rohrschellen \u00a0 Standrohrkappen Regenrohrklappen Einhangstutzen Reduzierst\u00fccke Dehnungsausgleicher [\/vc_column_text][\/vc_column][\/vc_row]<\/p>\n","protected":false},"author":9,"featured_media":0,"parent":0,"menu_order":1150,"comment_status":"closed","ping_status":"closed","template":"template-import.php","meta":{"_acf_changed":false,"footnotes":""},"class_list":["post-31157","page","type-page","status-publish","hentry"],"acf":[],"yoast_head":"<!-- This site is optimized with the Yoast SEO plugin v26.8 - https:\/\/yoast.com\/product\/yoast-seo-wordpress\/ -->\n<title>Dachentw\u00e4sserungszubeh\u00f6r \u2013 NedZink<\/title>\n<meta name=\"robots\" content=\"index, follow, max-snippet:-1, max-image-preview:large, max-video-preview:-1\" \/>\n<link rel=\"canonical\" href=\"https:\/\/www.nedzink.com\/de\/dachentwasserungszubehor\/\" \/>\n<meta property=\"og:locale\" content=\"de_DE\" \/>\n<meta property=\"og:type\" content=\"article\" \/>\n<meta property=\"og:title\" content=\"Dachentw\u00e4sserungszubeh\u00f6r \u2013 NedZink\" \/>\n<meta property=\"og:description\" content=\"[vc_row][vc_column][vc_column_text css=&#8220;.vc_custom_1632297771253{margin-bottom: 0px !important;}&#8220;]Das Dachentw\u00e4sserungszubeh\u00f6r komplettiert das Produktprogramm und ist in den g\u00e4ngigen Standardabmessungen der Rinnen und Fallrohre erh\u00e4ltlich. Neben unterschiedlichen Kantprofilen, wie Traufbleche, Rinneneinlaufbleche und diverser Sonderprofile, geh\u00f6ren folgende Zubeh\u00f6rprodukte zum NOVA Lieferprogramm: Rinnenendst\u00fccke \u00a0 Rinnenwinkel B\u00f6gen Rinnenhaken Rohrschellen \u00a0 Standrohrkappen Regenrohrklappen Einhangstutzen Reduzierst\u00fccke Dehnungsausgleicher [\/vc_column_text][\/vc_column][\/vc_row]\" \/>\n<meta property=\"og:url\" content=\"https:\/\/www.nedzink.com\/de\/dachentwasserungszubehor\/\" \/>\n<meta property=\"og:site_name\" content=\"NedZink\" \/>\n<meta property=\"article:modified_time\" content=\"2021-09-22T08:06:48+00:00\" \/>\n<meta property=\"og:image\" content=\"https:\/\/www.nedzink.com\/wp-content\/uploads\/import\/cms\/userfiles\/images\/kopschot_mastgoot.png\" \/>\n<meta name=\"twitter:card\" content=\"summary_large_image\" \/>\n<meta name=\"twitter:label1\" content=\"Gesch\u00e4tzte Lesezeit\" \/>\n\t<meta name=\"twitter:data1\" content=\"4\u00a0Minuten\" \/>\n<script type=\"application\/ld+json\" class=\"yoast-schema-graph\">{\"@context\":\"https:\/\/schema.org\",\"@graph\":[{\"@type\":\"WebPage\",\"@id\":\"https:\/\/www.nedzink.com\/de\/dachentwasserungszubehor\/\",\"url\":\"https:\/\/www.nedzink.com\/de\/dachentwasserungszubehor\/\",\"name\":\"Dachentw\u00e4sserungszubeh\u00f6r \u2013 NedZink\",\"isPartOf\":{\"@id\":\"https:\/\/www.nedzink.com\/de\/#website\"},\"primaryImageOfPage\":{\"@id\":\"https:\/\/www.nedzink.com\/de\/dachentwasserungszubehor\/#primaryimage\"},\"image\":{\"@id\":\"https:\/\/www.nedzink.com\/de\/dachentwasserungszubehor\/#primaryimage\"},\"thumbnailUrl\":\"https:\/\/www.nedzink.com\/wp-content\/uploads\/import\/cms\/userfiles\/images\/kopschot_mastgoot.png\",\"datePublished\":\"2019-06-04T12:58:36+00:00\",\"dateModified\":\"2021-09-22T08:06:48+00:00\",\"breadcrumb\":{\"@id\":\"https:\/\/www.nedzink.com\/de\/dachentwasserungszubehor\/#breadcrumb\"},\"inLanguage\":\"de\",\"potentialAction\":[{\"@type\":\"ReadAction\",\"target\":[\"https:\/\/www.nedzink.com\/de\/dachentwasserungszubehor\/\"]}]},{\"@type\":\"ImageObject\",\"inLanguage\":\"de\",\"@id\":\"https:\/\/www.nedzink.com\/de\/dachentwasserungszubehor\/#primaryimage\",\"url\":\"https:\/\/www.nedzink.com\/wp-content\/uploads\/import\/cms\/userfiles\/images\/kopschot_mastgoot.png\",\"contentUrl\":\"https:\/\/www.nedzink.com\/wp-content\/uploads\/import\/cms\/userfiles\/images\/kopschot_mastgoot.png\"},{\"@type\":\"BreadcrumbList\",\"@id\":\"https:\/\/www.nedzink.com\/de\/dachentwasserungszubehor\/#breadcrumb\",\"itemListElement\":[{\"@type\":\"ListItem\",\"position\":1,\"name\":\"Home\",\"item\":\"https:\/\/www.nedzink.com\/de\/\"},{\"@type\":\"ListItem\",\"position\":2,\"name\":\"Dachentw\u00e4sserungszubeh\u00f6r\"}]},{\"@type\":\"WebSite\",\"@id\":\"https:\/\/www.nedzink.com\/de\/#website\",\"url\":\"https:\/\/www.nedzink.com\/de\/\",\"name\":\"NedZink\",\"description\":\"Zink fabrikant\",\"publisher\":{\"@id\":\"https:\/\/www.nedzink.com\/de\/#organization\"},\"potentialAction\":[{\"@type\":\"SearchAction\",\"target\":{\"@type\":\"EntryPoint\",\"urlTemplate\":\"https:\/\/www.nedzink.com\/de\/?s={search_term_string}\"},\"query-input\":{\"@type\":\"PropertyValueSpecification\",\"valueRequired\":true,\"valueName\":\"search_term_string\"}}],\"inLanguage\":\"de\"},{\"@type\":\"Organization\",\"@id\":\"https:\/\/www.nedzink.com\/de\/#organization\",\"name\":\"NedZink\",\"url\":\"https:\/\/www.nedzink.com\/de\/\",\"logo\":{\"@type\":\"ImageObject\",\"inLanguage\":\"de\",\"@id\":\"https:\/\/www.nedzink.com\/de\/#\/schema\/logo\/image\/\",\"url\":\"https:\/\/www.nedzink.com\/wp-content\/uploads\/2019\/08\/logo-nedzink_fc_zk.jpg\",\"contentUrl\":\"https:\/\/www.nedzink.com\/wp-content\/uploads\/2019\/08\/logo-nedzink_fc_zk.jpg\",\"width\":2160,\"height\":688,\"caption\":\"NedZink\"},\"image\":{\"@id\":\"https:\/\/www.nedzink.com\/de\/#\/schema\/logo\/image\/\"}}]}<\/script>\n<!-- \/ Yoast SEO plugin. -->","yoast_head_json":{"title":"Dachentw\u00e4sserungszubeh\u00f6r \u2013 NedZink","robots":{"index":"index","follow":"follow","max-snippet":"max-snippet:-1","max-image-preview":"max-image-preview:large","max-video-preview":"max-video-preview:-1"},"canonical":"https:\/\/www.nedzink.com\/de\/dachentwasserungszubehor\/","og_locale":"de_DE","og_type":"article","og_title":"Dachentw\u00e4sserungszubeh\u00f6r \u2013 NedZink","og_description":"[vc_row][vc_column][vc_column_text css=&#8220;.vc_custom_1632297771253{margin-bottom: 0px !important;}&#8220;]Das Dachentw\u00e4sserungszubeh\u00f6r komplettiert das Produktprogramm und ist in den g\u00e4ngigen Standardabmessungen der Rinnen und Fallrohre erh\u00e4ltlich. Neben unterschiedlichen Kantprofilen, wie Traufbleche, Rinneneinlaufbleche und diverser Sonderprofile, geh\u00f6ren folgende Zubeh\u00f6rprodukte zum NOVA Lieferprogramm: Rinnenendst\u00fccke \u00a0 Rinnenwinkel B\u00f6gen Rinnenhaken Rohrschellen \u00a0 Standrohrkappen Regenrohrklappen Einhangstutzen Reduzierst\u00fccke Dehnungsausgleicher [\/vc_column_text][\/vc_column][\/vc_row]","og_url":"https:\/\/www.nedzink.com\/de\/dachentwasserungszubehor\/","og_site_name":"NedZink","article_modified_time":"2021-09-22T08:06:48+00:00","og_image":[{"url":"https:\/\/www.nedzink.com\/wp-content\/uploads\/import\/cms\/userfiles\/images\/kopschot_mastgoot.png","type":"","width":"","height":""}],"twitter_card":"summary_large_image","twitter_misc":{"Gesch\u00e4tzte Lesezeit":"4\u00a0Minuten"},"schema":{"@context":"https:\/\/schema.org","@graph":[{"@type":"WebPage","@id":"https:\/\/www.nedzink.com\/de\/dachentwasserungszubehor\/","url":"https:\/\/www.nedzink.com\/de\/dachentwasserungszubehor\/","name":"Dachentw\u00e4sserungszubeh\u00f6r \u2013 NedZink","isPartOf":{"@id":"https:\/\/www.nedzink.com\/de\/#website"},"primaryImageOfPage":{"@id":"https:\/\/www.nedzink.com\/de\/dachentwasserungszubehor\/#primaryimage"},"image":{"@id":"https:\/\/www.nedzink.com\/de\/dachentwasserungszubehor\/#primaryimage"},"thumbnailUrl":"https:\/\/www.nedzink.com\/wp-content\/uploads\/import\/cms\/userfiles\/images\/kopschot_mastgoot.png","datePublished":"2019-06-04T12:58:36+00:00","dateModified":"2021-09-22T08:06:48+00:00","breadcrumb":{"@id":"https:\/\/www.nedzink.com\/de\/dachentwasserungszubehor\/#breadcrumb"},"inLanguage":"de","potentialAction":[{"@type":"ReadAction","target":["https:\/\/www.nedzink.com\/de\/dachentwasserungszubehor\/"]}]},{"@type":"ImageObject","inLanguage":"de","@id":"https:\/\/www.nedzink.com\/de\/dachentwasserungszubehor\/#primaryimage","url":"https:\/\/www.nedzink.com\/wp-content\/uploads\/import\/cms\/userfiles\/images\/kopschot_mastgoot.png","contentUrl":"https:\/\/www.nedzink.com\/wp-content\/uploads\/import\/cms\/userfiles\/images\/kopschot_mastgoot.png"},{"@type":"BreadcrumbList","@id":"https:\/\/www.nedzink.com\/de\/dachentwasserungszubehor\/#breadcrumb","itemListElement":[{"@type":"ListItem","position":1,"name":"Home","item":"https:\/\/www.nedzink.com\/de\/"},{"@type":"ListItem","position":2,"name":"Dachentw\u00e4sserungszubeh\u00f6r"}]},{"@type":"WebSite","@id":"https:\/\/www.nedzink.com\/de\/#website","url":"https:\/\/www.nedzink.com\/de\/","name":"NedZink","description":"Zink fabrikant","publisher":{"@id":"https:\/\/www.nedzink.com\/de\/#organization"},"potentialAction":[{"@type":"SearchAction","target":{"@type":"EntryPoint","urlTemplate":"https:\/\/www.nedzink.com\/de\/?s={search_term_string}"},"query-input":{"@type":"PropertyValueSpecification","valueRequired":true,"valueName":"search_term_string"}}],"inLanguage":"de"},{"@type":"Organization","@id":"https:\/\/www.nedzink.com\/de\/#organization","name":"NedZink","url":"https:\/\/www.nedzink.com\/de\/","logo":{"@type":"ImageObject","inLanguage":"de","@id":"https:\/\/www.nedzink.com\/de\/#\/schema\/logo\/image\/","url":"https:\/\/www.nedzink.com\/wp-content\/uploads\/2019\/08\/logo-nedzink_fc_zk.jpg","contentUrl":"https:\/\/www.nedzink.com\/wp-content\/uploads\/2019\/08\/logo-nedzink_fc_zk.jpg","width":2160,"height":688,"caption":"NedZink"},"image":{"@id":"https:\/\/www.nedzink.com\/de\/#\/schema\/logo\/image\/"}}]}},"_links":{"self":[{"href":"https:\/\/www.nedzink.com\/de\/wp-json\/wp\/v2\/pages\/31157","targetHints":{"allow":["GET"]}}],"collection":[{"href":"https:\/\/www.nedzink.com\/de\/wp-json\/wp\/v2\/pages"}],"about":[{"href":"https:\/\/www.nedzink.com\/de\/wp-json\/wp\/v2\/types\/page"}],"author":[{"embeddable":true,"href":"https:\/\/www.nedzink.com\/de\/wp-json\/wp\/v2\/users\/9"}],"replies":[{"embeddable":true,"href":"https:\/\/www.nedzink.com\/de\/wp-json\/wp\/v2\/comments?post=31157"}],"version-history":[{"count":0,"href":"https:\/\/www.nedzink.com\/de\/wp-json\/wp\/v2\/pages\/31157\/revisions"}],"wp:attachment":[{"href":"https:\/\/www.nedzink.com\/de\/wp-json\/wp\/v2\/media?parent=31157"}],"curies":[{"name":"wp","href":"https:\/\/api.w.org\/{rel}","templated":true}]}}