{"id":31083,"date":"2019-06-04T14:56:20","date_gmt":"2019-06-04T12:56:20","guid":{"rendered":"http:\/\/136.144.181.85\/~nedzink\/techn-informationen\/bauteile\/dachdurchdringungen-dachdurchfuhrungen\/"},"modified":"2022-07-18T12:04:09","modified_gmt":"2022-07-18T10:04:09","slug":"dachdurchdringungen-dachdurchfuhrungen","status":"publish","type":"page","link":"https:\/\/www.nedzink.com\/de\/bauteile\/dachdurchdringungen-dachdurchfuhrungen\/","title":{"rendered":"Dachdurchf\u00fchrungen"},"content":{"rendered":"","protected":false},"excerpt":{"rendered":"","protected":false},"author":9,"featured_media":0,"parent":31003,"menu_order":1070,"comment_status":"closed","ping_status":"closed","template":"template-import.php","meta":{"_acf_changed":false,"footnotes":""},"class_list":["post-31083","page","type-page","status-publish","hentry"],"acf":[],"yoast_head":"<!-- This site is optimized with the Yoast SEO plugin v27.5 - https:\/\/yoast.com\/product\/yoast-seo-wordpress\/ -->\n<title>Dachdurchf\u00fchrungen | NedZink<\/title>\n<meta name=\"description\" content=\"Dachdurchf\u00fchrungen wie L\u00fcftungsrohre, Schornsteine, Dachgauben usw. m\u00fcssen einen wasserdichten Anschluss an die Zinkdacheindeckung haben.\" \/>\n<meta name=\"robots\" content=\"index, follow, max-snippet:-1, max-image-preview:large, max-video-preview:-1\" \/>\n<link rel=\"canonical\" href=\"https:\/\/www.nedzink.com\/de\/bauteile\/dachdurchdringungen-dachdurchfuhrungen\/\" \/>\n<meta property=\"og:locale\" content=\"de_DE\" \/>\n<meta property=\"og:type\" content=\"article\" \/>\n<meta property=\"og:title\" content=\"Dachdurchf\u00fchrungen | NedZink\" \/>\n<meta property=\"og:description\" content=\"Dachdurchf\u00fchrungen wie L\u00fcftungsrohre, Schornsteine, Dachgauben usw. m\u00fcssen einen wasserdichten Anschluss an die Zinkdacheindeckung haben.\" \/>\n<meta property=\"og:url\" content=\"https:\/\/www.nedzink.com\/de\/bauteile\/dachdurchdringungen-dachdurchfuhrungen\/\" \/>\n<meta property=\"og:site_name\" content=\"NedZink\" \/>\n<meta property=\"article:modified_time\" content=\"2022-07-18T10:04:09+00:00\" \/>\n<meta name=\"twitter:card\" content=\"summary_large_image\" \/>\n<script type=\"application\/ld+json\" class=\"yoast-schema-graph\">{\"@context\":\"https:\\\/\\\/schema.org\",\"@graph\":[{\"@type\":\"WebPage\",\"@id\":\"https:\\\/\\\/www.nedzink.com\\\/de\\\/bauteile\\\/dachdurchdringungen-dachdurchfuhrungen\\\/\",\"url\":\"https:\\\/\\\/www.nedzink.com\\\/de\\\/bauteile\\\/dachdurchdringungen-dachdurchfuhrungen\\\/\",\"name\":\"Dachdurchf\u00fchrungen | NedZink\",\"isPartOf\":{\"@id\":\"https:\\\/\\\/www.nedzink.com\\\/de\\\/#website\"},\"datePublished\":\"2019-06-04T12:56:20+00:00\",\"dateModified\":\"2022-07-18T10:04:09+00:00\",\"description\":\"Dachdurchf\u00fchrungen wie L\u00fcftungsrohre, Schornsteine, Dachgauben usw. m\u00fcssen einen wasserdichten Anschluss an die Zinkdacheindeckung haben.\",\"breadcrumb\":{\"@id\":\"https:\\\/\\\/www.nedzink.com\\\/de\\\/bauteile\\\/dachdurchdringungen-dachdurchfuhrungen\\\/#breadcrumb\"},\"inLanguage\":\"de\",\"potentialAction\":[{\"@type\":\"ReadAction\",\"target\":[\"https:\\\/\\\/www.nedzink.com\\\/de\\\/bauteile\\\/dachdurchdringungen-dachdurchfuhrungen\\\/\"]}]},{\"@type\":\"BreadcrumbList\",\"@id\":\"https:\\\/\\\/www.nedzink.com\\\/de\\\/bauteile\\\/dachdurchdringungen-dachdurchfuhrungen\\\/#breadcrumb\",\"itemListElement\":[{\"@type\":\"ListItem\",\"position\":1,\"name\":\"Home\",\"item\":\"https:\\\/\\\/www.nedzink.com\\\/de\\\/\"},{\"@type\":\"ListItem\",\"position\":2,\"name\":\"Bauteile\",\"item\":\"https:\\\/\\\/www.nedzink.com\\\/de\\\/bauteile\\\/\"},{\"@type\":\"ListItem\",\"position\":3,\"name\":\"Dachdurchf\u00fchrungen\"}]},{\"@type\":\"WebSite\",\"@id\":\"https:\\\/\\\/www.nedzink.com\\\/de\\\/#website\",\"url\":\"https:\\\/\\\/www.nedzink.com\\\/de\\\/\",\"name\":\"NedZink\",\"description\":\"Zink fabrikant\",\"publisher\":{\"@id\":\"https:\\\/\\\/www.nedzink.com\\\/de\\\/#organization\"},\"potentialAction\":[{\"@type\":\"SearchAction\",\"target\":{\"@type\":\"EntryPoint\",\"urlTemplate\":\"https:\\\/\\\/www.nedzink.com\\\/de\\\/?s={search_term_string}\"},\"query-input\":{\"@type\":\"PropertyValueSpecification\",\"valueRequired\":true,\"valueName\":\"search_term_string\"}}],\"inLanguage\":\"de\"},{\"@type\":\"Organization\",\"@id\":\"https:\\\/\\\/www.nedzink.com\\\/de\\\/#organization\",\"name\":\"NedZink\",\"url\":\"https:\\\/\\\/www.nedzink.com\\\/de\\\/\",\"logo\":{\"@type\":\"ImageObject\",\"inLanguage\":\"de\",\"@id\":\"https:\\\/\\\/www.nedzink.com\\\/de\\\/#\\\/schema\\\/logo\\\/image\\\/\",\"url\":\"https:\\\/\\\/www.nedzink.com\\\/wp-content\\\/uploads\\\/2019\\\/08\\\/logo-nedzink_fc_zk.jpg\",\"contentUrl\":\"https:\\\/\\\/www.nedzink.com\\\/wp-content\\\/uploads\\\/2019\\\/08\\\/logo-nedzink_fc_zk.jpg\",\"width\":2160,\"height\":688,\"caption\":\"NedZink\"},\"image\":{\"@id\":\"https:\\\/\\\/www.nedzink.com\\\/de\\\/#\\\/schema\\\/logo\\\/image\\\/\"}}]}<\/script>\n<!-- \/ Yoast SEO plugin. -->","yoast_head_json":{"title":"Dachdurchf\u00fchrungen | NedZink","description":"Dachdurchf\u00fchrungen wie L\u00fcftungsrohre, Schornsteine, Dachgauben usw. m\u00fcssen einen wasserdichten Anschluss an die Zinkdacheindeckung haben.","robots":{"index":"index","follow":"follow","max-snippet":"max-snippet:-1","max-image-preview":"max-image-preview:large","max-video-preview":"max-video-preview:-1"},"canonical":"https:\/\/www.nedzink.com\/de\/bauteile\/dachdurchdringungen-dachdurchfuhrungen\/","og_locale":"de_DE","og_type":"article","og_title":"Dachdurchf\u00fchrungen | NedZink","og_description":"Dachdurchf\u00fchrungen wie L\u00fcftungsrohre, Schornsteine, Dachgauben usw. m\u00fcssen einen wasserdichten Anschluss an die Zinkdacheindeckung haben.","og_url":"https:\/\/www.nedzink.com\/de\/bauteile\/dachdurchdringungen-dachdurchfuhrungen\/","og_site_name":"NedZink","article_modified_time":"2022-07-18T10:04:09+00:00","twitter_card":"summary_large_image","schema":{"@context":"https:\/\/schema.org","@graph":[{"@type":"WebPage","@id":"https:\/\/www.nedzink.com\/de\/bauteile\/dachdurchdringungen-dachdurchfuhrungen\/","url":"https:\/\/www.nedzink.com\/de\/bauteile\/dachdurchdringungen-dachdurchfuhrungen\/","name":"Dachdurchf\u00fchrungen | NedZink","isPartOf":{"@id":"https:\/\/www.nedzink.com\/de\/#website"},"datePublished":"2019-06-04T12:56:20+00:00","dateModified":"2022-07-18T10:04:09+00:00","description":"Dachdurchf\u00fchrungen wie L\u00fcftungsrohre, Schornsteine, Dachgauben usw. m\u00fcssen einen wasserdichten Anschluss an die Zinkdacheindeckung haben.","breadcrumb":{"@id":"https:\/\/www.nedzink.com\/de\/bauteile\/dachdurchdringungen-dachdurchfuhrungen\/#breadcrumb"},"inLanguage":"de","potentialAction":[{"@type":"ReadAction","target":["https:\/\/www.nedzink.com\/de\/bauteile\/dachdurchdringungen-dachdurchfuhrungen\/"]}]},{"@type":"BreadcrumbList","@id":"https:\/\/www.nedzink.com\/de\/bauteile\/dachdurchdringungen-dachdurchfuhrungen\/#breadcrumb","itemListElement":[{"@type":"ListItem","position":1,"name":"Home","item":"https:\/\/www.nedzink.com\/de\/"},{"@type":"ListItem","position":2,"name":"Bauteile","item":"https:\/\/www.nedzink.com\/de\/bauteile\/"},{"@type":"ListItem","position":3,"name":"Dachdurchf\u00fchrungen"}]},{"@type":"WebSite","@id":"https:\/\/www.nedzink.com\/de\/#website","url":"https:\/\/www.nedzink.com\/de\/","name":"NedZink","description":"Zink fabrikant","publisher":{"@id":"https:\/\/www.nedzink.com\/de\/#organization"},"potentialAction":[{"@type":"SearchAction","target":{"@type":"EntryPoint","urlTemplate":"https:\/\/www.nedzink.com\/de\/?s={search_term_string}"},"query-input":{"@type":"PropertyValueSpecification","valueRequired":true,"valueName":"search_term_string"}}],"inLanguage":"de"},{"@type":"Organization","@id":"https:\/\/www.nedzink.com\/de\/#organization","name":"NedZink","url":"https:\/\/www.nedzink.com\/de\/","logo":{"@type":"ImageObject","inLanguage":"de","@id":"https:\/\/www.nedzink.com\/de\/#\/schema\/logo\/image\/","url":"https:\/\/www.nedzink.com\/wp-content\/uploads\/2019\/08\/logo-nedzink_fc_zk.jpg","contentUrl":"https:\/\/www.nedzink.com\/wp-content\/uploads\/2019\/08\/logo-nedzink_fc_zk.jpg","width":2160,"height":688,"caption":"NedZink"},"image":{"@id":"https:\/\/www.nedzink.com\/de\/#\/schema\/logo\/image\/"}}]}},"_links":{"self":[{"href":"https:\/\/www.nedzink.com\/de\/wp-json\/wp\/v2\/pages\/31083","targetHints":{"allow":["GET"]}}],"collection":[{"href":"https:\/\/www.nedzink.com\/de\/wp-json\/wp\/v2\/pages"}],"about":[{"href":"https:\/\/www.nedzink.com\/de\/wp-json\/wp\/v2\/types\/page"}],"author":[{"embeddable":true,"href":"https:\/\/www.nedzink.com\/de\/wp-json\/wp\/v2\/users\/9"}],"replies":[{"embeddable":true,"href":"https:\/\/www.nedzink.com\/de\/wp-json\/wp\/v2\/comments?post=31083"}],"version-history":[{"count":1,"href":"https:\/\/www.nedzink.com\/de\/wp-json\/wp\/v2\/pages\/31083\/revisions"}],"predecessor-version":[{"id":119444,"href":"https:\/\/www.nedzink.com\/de\/wp-json\/wp\/v2\/pages\/31083\/revisions\/119444"}],"up":[{"embeddable":true,"href":"https:\/\/www.nedzink.com\/de\/wp-json\/wp\/v2\/pages\/31003"}],"wp:attachment":[{"href":"https:\/\/www.nedzink.com\/de\/wp-json\/wp\/v2\/media?parent=31083"}],"curies":[{"name":"wp","href":"https:\/\/api.w.org\/{rel}","templated":true}]}}