{"id":31063,"date":"2019-06-04T14:56:15","date_gmt":"2019-06-04T12:56:15","guid":{"rendered":"http:\/\/136.144.181.85\/~nedzink\/techn-informationen\/bauteile\/wandanschlusse\/"},"modified":"2021-09-22T11:10:58","modified_gmt":"2021-09-22T09:10:58","slug":"wandanschlusse","status":"publish","type":"page","link":"https:\/\/www.nedzink.com\/de\/bauteile\/wandanschlusse\/","title":{"rendered":"Wandanschl\u00fcsse"},"content":{"rendered":"[vc_row][vc_column][vc_column_text css=&#8220;.vc_custom_1632301851869{margin-bottom: 0px !important;}&#8220;]\n<h3>Seitliche Wandanschl\u00fcsse<\/h3>\n<p>An- und Abschl\u00fcsse dienen der sicheren Verwahrung des \u00dcbergangs von <a href=\"https:\/\/www.nedzink.com\/de\/dacheindeckungen\/\"><strong>Dacheindeckungen<\/strong><\/a> aus Metall, Ziegeln oder Abdichtungen im Bereich von aufgehenden Bauteilen.\u00a0 Die wasserf\u00fchrende Ebene wird am aufgehenden Bauteil hochgef\u00fchrt und unterhalb des Anschlussprofils befestigt sowie gegen Abrutschen gesichert. Gem\u00e4\u00df den Fachregeln (Klempnerfachregeln \u2013 ZVSHK) soll die Anschlussh\u00f6he bei firstseitigen Anschl\u00fcssen und bei Dachneigungen bis 5\u00b0 mind. 15 cm betragen. (gemessen werden die Anschlussh\u00f6hen rechtwinkelig zur wasserf\u00fchrenden Ebene und bei Flachd\u00e4chern \u00fcber Oberfl\u00e4che Belag oder Kiessch\u00fcttung. In schneereichen Gebieten ist diese H\u00f6he gegebenenfalls zu erh\u00f6hen.) Bei Dachneigungen ab 5\u00b0bis 22\u00b0 betr\u00e4gt die Anschlussh\u00f6he mind. 10 cm und bei Dachneigungen \u00fcber 22\u00b0 mind. 8 cm.<\/p>\n<p>Klemmschienen, die gleichzeitig die Regensicherheit \u00fcbernehmen, m\u00fcssen so biegesteif sein, dass Anschlussbahnen durchgehend angedr\u00fcckt werden.\u00a0 Der Befestigungsabstand soll nicht mehr als 20 cm betragen. Die Befestigungsmittel (z.B. Edelstahlschrauben) m\u00fcssen so fest sitzen, dass eine durchgehende Anpressung sichergestellt ist. Auf thermisch bedingte Materialbewegungen ist zu achten. Somit d\u00fcrfen z.B. Stehfalzbedachungen durch Anschlussprofile nicht in Ihrer Bewegungsfreiheit eingeschr\u00e4nkt werden. Bei genutzten Dachfl\u00e4chen ist der Anschlussbereich gegen mechanische Besch\u00e4digungen durch Schutz- oder Abdeckbleche, Steinplatten oder dergleichen zu sch\u00fctzen.[\/vc_column_text][\/vc_column][\/vc_row]\n","protected":false},"excerpt":{"rendered":"<p>[vc_row][vc_column][vc_column_text css=&#8220;.vc_custom_1632301851869{margin-bottom: 0px !important;}&#8220;] Seitliche Wandanschl\u00fcsse An- und Abschl\u00fcsse dienen der sicheren Verwahrung des \u00dcbergangs von Dacheindeckungen aus Metall, Ziegeln oder Abdichtungen im Bereich von aufgehenden Bauteilen.\u00a0 Die wasserf\u00fchrende Ebene wird am aufgehenden Bauteil hochgef\u00fchrt und unterhalb des Anschlussprofils befestigt sowie gegen Abrutschen gesichert. Gem\u00e4\u00df den Fachregeln (Klempnerfachregeln \u2013 ZVSHK) soll die Anschlussh\u00f6he bei firstseitigen [&hellip;]<\/p>\n","protected":false},"author":9,"featured_media":0,"parent":31003,"menu_order":1050,"comment_status":"closed","ping_status":"closed","template":"template-import.php","meta":{"_acf_changed":false,"footnotes":""},"class_list":["post-31063","page","type-page","status-publish","hentry"],"acf":[],"yoast_head":"<!-- This site is optimized with the Yoast SEO plugin v26.8 - https:\/\/yoast.com\/product\/yoast-seo-wordpress\/ -->\n<title>Wandanschl\u00fcsse \u2013 NedZink<\/title>\n<meta name=\"robots\" content=\"index, follow, max-snippet:-1, max-image-preview:large, max-video-preview:-1\" \/>\n<link rel=\"canonical\" href=\"https:\/\/www.nedzink.com\/de\/bauteile\/wandanschlusse\/\" \/>\n<meta property=\"og:locale\" content=\"de_DE\" \/>\n<meta property=\"og:type\" content=\"article\" \/>\n<meta property=\"og:title\" content=\"Wandanschl\u00fcsse \u2013 NedZink\" \/>\n<meta property=\"og:description\" content=\"[vc_row][vc_column][vc_column_text css=&#8220;.vc_custom_1632301851869{margin-bottom: 0px !important;}&#8220;] Seitliche Wandanschl\u00fcsse An- und Abschl\u00fcsse dienen der sicheren Verwahrung des \u00dcbergangs von Dacheindeckungen aus Metall, Ziegeln oder Abdichtungen im Bereich von aufgehenden Bauteilen.\u00a0 Die wasserf\u00fchrende Ebene wird am aufgehenden Bauteil hochgef\u00fchrt und unterhalb des Anschlussprofils befestigt sowie gegen Abrutschen gesichert. Gem\u00e4\u00df den Fachregeln (Klempnerfachregeln \u2013 ZVSHK) soll die Anschlussh\u00f6he bei firstseitigen [&hellip;]\" \/>\n<meta property=\"og:url\" content=\"https:\/\/www.nedzink.com\/de\/bauteile\/wandanschlusse\/\" \/>\n<meta property=\"og:site_name\" content=\"NedZink\" \/>\n<meta property=\"article:modified_time\" content=\"2021-09-22T09:10:58+00:00\" \/>\n<meta name=\"twitter:card\" content=\"summary_large_image\" \/>\n<meta name=\"twitter:label1\" content=\"Gesch\u00e4tzte Lesezeit\" \/>\n\t<meta name=\"twitter:data1\" content=\"1\u00a0Minute\" \/>\n<script type=\"application\/ld+json\" class=\"yoast-schema-graph\">{\"@context\":\"https:\/\/schema.org\",\"@graph\":[{\"@type\":\"WebPage\",\"@id\":\"https:\/\/www.nedzink.com\/de\/bauteile\/wandanschlusse\/\",\"url\":\"https:\/\/www.nedzink.com\/de\/bauteile\/wandanschlusse\/\",\"name\":\"Wandanschl\u00fcsse \u2013 NedZink\",\"isPartOf\":{\"@id\":\"https:\/\/www.nedzink.com\/de\/#website\"},\"datePublished\":\"2019-06-04T12:56:15+00:00\",\"dateModified\":\"2021-09-22T09:10:58+00:00\",\"breadcrumb\":{\"@id\":\"https:\/\/www.nedzink.com\/de\/bauteile\/wandanschlusse\/#breadcrumb\"},\"inLanguage\":\"de\",\"potentialAction\":[{\"@type\":\"ReadAction\",\"target\":[\"https:\/\/www.nedzink.com\/de\/bauteile\/wandanschlusse\/\"]}]},{\"@type\":\"BreadcrumbList\",\"@id\":\"https:\/\/www.nedzink.com\/de\/bauteile\/wandanschlusse\/#breadcrumb\",\"itemListElement\":[{\"@type\":\"ListItem\",\"position\":1,\"name\":\"Home\",\"item\":\"https:\/\/www.nedzink.com\/de\/\"},{\"@type\":\"ListItem\",\"position\":2,\"name\":\"Bauteile\",\"item\":\"https:\/\/www.nedzink.com\/de\/bauteile\/\"},{\"@type\":\"ListItem\",\"position\":3,\"name\":\"Wandanschl\u00fcsse\"}]},{\"@type\":\"WebSite\",\"@id\":\"https:\/\/www.nedzink.com\/de\/#website\",\"url\":\"https:\/\/www.nedzink.com\/de\/\",\"name\":\"NedZink\",\"description\":\"Zink fabrikant\",\"publisher\":{\"@id\":\"https:\/\/www.nedzink.com\/de\/#organization\"},\"potentialAction\":[{\"@type\":\"SearchAction\",\"target\":{\"@type\":\"EntryPoint\",\"urlTemplate\":\"https:\/\/www.nedzink.com\/de\/?s={search_term_string}\"},\"query-input\":{\"@type\":\"PropertyValueSpecification\",\"valueRequired\":true,\"valueName\":\"search_term_string\"}}],\"inLanguage\":\"de\"},{\"@type\":\"Organization\",\"@id\":\"https:\/\/www.nedzink.com\/de\/#organization\",\"name\":\"NedZink\",\"url\":\"https:\/\/www.nedzink.com\/de\/\",\"logo\":{\"@type\":\"ImageObject\",\"inLanguage\":\"de\",\"@id\":\"https:\/\/www.nedzink.com\/de\/#\/schema\/logo\/image\/\",\"url\":\"https:\/\/www.nedzink.com\/wp-content\/uploads\/2019\/08\/logo-nedzink_fc_zk.jpg\",\"contentUrl\":\"https:\/\/www.nedzink.com\/wp-content\/uploads\/2019\/08\/logo-nedzink_fc_zk.jpg\",\"width\":2160,\"height\":688,\"caption\":\"NedZink\"},\"image\":{\"@id\":\"https:\/\/www.nedzink.com\/de\/#\/schema\/logo\/image\/\"}}]}<\/script>\n<!-- \/ Yoast SEO plugin. -->","yoast_head_json":{"title":"Wandanschl\u00fcsse \u2013 NedZink","robots":{"index":"index","follow":"follow","max-snippet":"max-snippet:-1","max-image-preview":"max-image-preview:large","max-video-preview":"max-video-preview:-1"},"canonical":"https:\/\/www.nedzink.com\/de\/bauteile\/wandanschlusse\/","og_locale":"de_DE","og_type":"article","og_title":"Wandanschl\u00fcsse \u2013 NedZink","og_description":"[vc_row][vc_column][vc_column_text css=&#8220;.vc_custom_1632301851869{margin-bottom: 0px !important;}&#8220;] Seitliche Wandanschl\u00fcsse An- und Abschl\u00fcsse dienen der sicheren Verwahrung des \u00dcbergangs von Dacheindeckungen aus Metall, Ziegeln oder Abdichtungen im Bereich von aufgehenden Bauteilen.\u00a0 Die wasserf\u00fchrende Ebene wird am aufgehenden Bauteil hochgef\u00fchrt und unterhalb des Anschlussprofils befestigt sowie gegen Abrutschen gesichert. Gem\u00e4\u00df den Fachregeln (Klempnerfachregeln \u2013 ZVSHK) soll die Anschlussh\u00f6he bei firstseitigen [&hellip;]","og_url":"https:\/\/www.nedzink.com\/de\/bauteile\/wandanschlusse\/","og_site_name":"NedZink","article_modified_time":"2021-09-22T09:10:58+00:00","twitter_card":"summary_large_image","twitter_misc":{"Gesch\u00e4tzte Lesezeit":"1\u00a0Minute"},"schema":{"@context":"https:\/\/schema.org","@graph":[{"@type":"WebPage","@id":"https:\/\/www.nedzink.com\/de\/bauteile\/wandanschlusse\/","url":"https:\/\/www.nedzink.com\/de\/bauteile\/wandanschlusse\/","name":"Wandanschl\u00fcsse \u2013 NedZink","isPartOf":{"@id":"https:\/\/www.nedzink.com\/de\/#website"},"datePublished":"2019-06-04T12:56:15+00:00","dateModified":"2021-09-22T09:10:58+00:00","breadcrumb":{"@id":"https:\/\/www.nedzink.com\/de\/bauteile\/wandanschlusse\/#breadcrumb"},"inLanguage":"de","potentialAction":[{"@type":"ReadAction","target":["https:\/\/www.nedzink.com\/de\/bauteile\/wandanschlusse\/"]}]},{"@type":"BreadcrumbList","@id":"https:\/\/www.nedzink.com\/de\/bauteile\/wandanschlusse\/#breadcrumb","itemListElement":[{"@type":"ListItem","position":1,"name":"Home","item":"https:\/\/www.nedzink.com\/de\/"},{"@type":"ListItem","position":2,"name":"Bauteile","item":"https:\/\/www.nedzink.com\/de\/bauteile\/"},{"@type":"ListItem","position":3,"name":"Wandanschl\u00fcsse"}]},{"@type":"WebSite","@id":"https:\/\/www.nedzink.com\/de\/#website","url":"https:\/\/www.nedzink.com\/de\/","name":"NedZink","description":"Zink fabrikant","publisher":{"@id":"https:\/\/www.nedzink.com\/de\/#organization"},"potentialAction":[{"@type":"SearchAction","target":{"@type":"EntryPoint","urlTemplate":"https:\/\/www.nedzink.com\/de\/?s={search_term_string}"},"query-input":{"@type":"PropertyValueSpecification","valueRequired":true,"valueName":"search_term_string"}}],"inLanguage":"de"},{"@type":"Organization","@id":"https:\/\/www.nedzink.com\/de\/#organization","name":"NedZink","url":"https:\/\/www.nedzink.com\/de\/","logo":{"@type":"ImageObject","inLanguage":"de","@id":"https:\/\/www.nedzink.com\/de\/#\/schema\/logo\/image\/","url":"https:\/\/www.nedzink.com\/wp-content\/uploads\/2019\/08\/logo-nedzink_fc_zk.jpg","contentUrl":"https:\/\/www.nedzink.com\/wp-content\/uploads\/2019\/08\/logo-nedzink_fc_zk.jpg","width":2160,"height":688,"caption":"NedZink"},"image":{"@id":"https:\/\/www.nedzink.com\/de\/#\/schema\/logo\/image\/"}}]}},"_links":{"self":[{"href":"https:\/\/www.nedzink.com\/de\/wp-json\/wp\/v2\/pages\/31063","targetHints":{"allow":["GET"]}}],"collection":[{"href":"https:\/\/www.nedzink.com\/de\/wp-json\/wp\/v2\/pages"}],"about":[{"href":"https:\/\/www.nedzink.com\/de\/wp-json\/wp\/v2\/types\/page"}],"author":[{"embeddable":true,"href":"https:\/\/www.nedzink.com\/de\/wp-json\/wp\/v2\/users\/9"}],"replies":[{"embeddable":true,"href":"https:\/\/www.nedzink.com\/de\/wp-json\/wp\/v2\/comments?post=31063"}],"version-history":[{"count":0,"href":"https:\/\/www.nedzink.com\/de\/wp-json\/wp\/v2\/pages\/31063\/revisions"}],"up":[{"embeddable":true,"href":"https:\/\/www.nedzink.com\/de\/wp-json\/wp\/v2\/pages\/31003"}],"wp:attachment":[{"href":"https:\/\/www.nedzink.com\/de\/wp-json\/wp\/v2\/media?parent=31063"}],"curies":[{"name":"wp","href":"https:\/\/api.w.org\/{rel}","templated":true}]}}