{"id":31053,"date":"2019-06-04T14:56:12","date_gmt":"2019-06-04T12:56:12","guid":{"rendered":"http:\/\/136.144.181.85\/~nedzink\/techn-informationen\/bauteile\/mauerabdeckungen\/"},"modified":"2022-06-24T13:38:20","modified_gmt":"2022-06-24T11:38:20","slug":"mauerabdeckungen","status":"publish","type":"page","link":"https:\/\/www.nedzink.com\/de\/bauteile\/mauerabdeckungen\/","title":{"rendered":"Mauerabdeckungen Zink"},"content":{"rendered":"[vc_row][vc_column][vc_column_text css=&#8220;.vc_custom_1636028255073{margin-bottom: 0px !important;}&#8220;]<span style=\"font-weight: 400;\">Mauerabdeckungen oder auch Attikaverwahrungen genannt, bilden den obere Abschluss von Fassaden, Dachr\u00e4ndern und freihstehenden Mauern. Empfehlenswert ist eine leicht, zur Dachinnnenseite geneigte Holzschalung als Unterkonstruktion, auf der die Zink Bauprofile montiert werden.\u00a0 Die Abdeckungen sind mit Vorsto\u00dfblechen oder Halteb\u00fcgeln indirekt zu befestigen, sodass die thermisch bedingte Materialbewegung gew\u00e4hrleistet bleibt. Je nach Materialzuschnitt und L\u00e4nge der Attika, werden Bewegungausgleicher erforderlich, die eine schadensfreie Dehnung der Profile erm\u00f6glichen.<\/span><\/p>\n<p><span id=\"aw-open-accordion\"><strong>\u2192 Weitere Informationen \u00fcber Mauerabdeckungen<\/strong><\/span> <span id=\"aw-close-accordion\"><strong>\u2192 Erfahren Sie Mehr \u00fcber die technische Ausf\u00fchrungen<\/strong><\/span><\/p>\n<div id=\"aw-accordion\">\n<h2><b>Warum eine Mauerabdeckung aus Zink?<\/b><\/h2>\n<p><span style=\"font-weight: 400;\">Eine Zink Mauerabdeckung wird eingesetzt, um die Bausubstanz von Fassaden, Mauerwerk und Attiken dauerhaft vor Niederschlag und Durchfeuchtung zu sch\u00fctzen. Insbesondere werden so Sch\u00e4den infolge Schimmel, Ausbl\u00fchungen oder Frost verhindert. Aufgrund der verwendeten, hochwertigen Zinklegierungen, sind die Mauerabdeckungen langlebig und bleiben wartungsfrei.<\/span><\/p>\n<p><span style=\"font-weight: 400;\">Mauerabdeckungen erf\u00fcllen mehrere wichtige Funktionen:<\/span><\/p>\n<ul>\n<li><span style=\"font-weight: 400;\">Optisch bieten sie einen attraktiven, oberen Abschluss an Bauwerken<\/span><\/li>\n<li><span style=\"font-weight: 400;\">Sicherer Schutz der Bausubstanz vor Feuchtigkeit, Wasser und Frost<\/span><\/li>\n<li><span style=\"font-weight: 400;\">Folgesch\u00e4den wie Schimmel und optische Ausbl\u00fchungen werden verhindert<\/span><\/li>\n<li><span style=\"font-weight: 400;\">Abdeckungen bieten langfristigen Schutz der Gesamtkonstruktion<\/span><\/li>\n<li>Technisch lassen sich Anschl\u00fcsse angrenzender Bauteile gut l\u00f6sen<\/li>\n<\/ul>\n<p>Ebenso wie bei den Attikaverwahrungen, sind freistehende Mauern gegen permanente Durchfeuchtung zu sch\u00fctzen. Ist dies nicht der Fall, k\u00f6nnen unerw\u00fcnschte Ausbl\u00fchungen, Schimmelflecken und Sch\u00e4den durch Frosteinwirkungen entstehen. Einen langfristigen Schutz bieten Abdeckungen, die auf der Mauerkrone aufgebracht werden. Die Befestigung kann sowohl direkt, als auch indirekt erfolgen, wie es auch bei der Attika der Fall ist. Auf ein Mindestquergef\u00e4lle von 3\u00b0 ist zu achten.<\/p>\n<h2><strong>Zinken Mauerabdeckungen<\/strong><\/h2>\n<p><span style=\"font-weight: 400;\">Um Ihre Struktur oder Ihr Geb\u00e4ude zu sch\u00fctzen, ist eine mauerabdeckung aus Titanzink eine \u00dcberlegung wert. Eine zinken mauerabdeckung ist langlebig, zeitlos, robust und l\u00e4sst sich in verschiedene Strukturen integrieren. Mauerabdeckungen von Nedzink zeichnen sich durch einen wartungsfreien Schutz aus, der einfach zu installieren ist.\u00a0<\/span><\/p>\n<p><span style=\"font-weight: 400;\">Erw\u00e4gen Sie den Kauf einer mauerabdeckung aus Titanzink? Dann ist Nedzink die richtige Adresse f\u00fcr Sie. Wir beraten Sie gerne bei der Auswahl der richtigen mauerabdeckung f\u00fcr Ihre Konstruktion. Neugierig auf die M\u00f6glichkeiten? Dann kontaktieren Sie uns, damit wir Sie entsprechend beraten k\u00f6nnen.<\/span><\/p>\n<h2><b>Mauerabdeckungen und technische Ausf\u00fchrungen<\/b><\/h2>\n<p><span style=\"font-weight: 400;\">Die folgenden Tabellen und Detailzeichnungen bieten Ihnen technische Grundlagen bez\u00fcglich der Ausbildung von Mauerabdeckungen und Attikaverwahrungen. Neben einer mechanischen Befestigung mittels Halteb\u00fcgel und Vorsto\u00dfblechen, ist auch die Klebetechnik mittels Bitumenkaltkleber eine fachgerechte Montagem\u00f6glichkeit der Titanzink Profile.<\/span><\/p>\n<p>Empfohlen werden folgende Materialst\u00e4rken:<\/p>\n<table style=\"width: 500px;\" border=\"1\" cellspacing=\"1\" cellpadding=\"1\" align=\"middle\">\n<tbody>\n<tr>\n<td>\n<p align=\"center\">Zuschnitt<\/p>\n<p align=\"center\">mm<\/p>\n<\/td>\n<td>\n<p align=\"center\">bei Befestigung mit Haftstreifen<\/p>\n<\/td>\n<td>\n<p align=\"center\">bei Klebebefestigungen<\/p>\n<\/td>\n<\/tr>\n<tr>\n<td>\n<p align=\"center\">\u2264 400<\/p>\n<\/td>\n<td>\n<p align=\"center\">0,70 mm<\/p>\n<\/td>\n<td>\n<p align=\"center\">0,80 mm<\/p>\n<\/td>\n<\/tr>\n<tr>\n<td>\n<p align=\"center\">&gt; 400<\/p>\n<\/td>\n<td>\n<p align=\"center\">0,80 mm<\/p>\n<\/td>\n<td>\n<p align=\"center\">1,00 mm<\/p>\n<\/td>\n<\/tr>\n<tr>\n<td>\n<p align=\"center\">&gt; 600<\/p>\n<\/td>\n<td>\n<p align=\"center\">1,00 mm<\/p>\n<\/td>\n<td>\n<p align=\"center\">1,00 mm<\/p>\n<\/td>\n<\/tr>\n<\/tbody>\n<\/table>\n<p>Abh\u00e4ngig von der Geb\u00e4udeh\u00f6he, soll die Tropfkante der Mauerabdeckung folgenden Mindestabstand zur Wand haben:<\/p>\n<table style=\"width: 500px;\" border=\"1\" cellspacing=\"1\" cellpadding=\"1\" align=\"middle\">\n<tbody>\n<tr>\n<td>\n<p align=\"center\">Geb\u00e4udeh\u00f6he<\/p>\n<p align=\"center\">m<\/p>\n<\/td>\n<td>\n<p align=\"center\">\u00dcberdeckung der Mauerkrone<\/p>\n<p align=\"center\">nach unten<\/p>\n<\/td>\n<td>\n<p align=\"center\">Abstand der Tropfkante<\/p>\n<p align=\"center\">zum Mauerwerk<\/p>\n<\/td>\n<\/tr>\n<tr>\n<td>\n<p align=\"center\">\u22648<\/p>\n<\/td>\n<td>\n<p align=\"center\">\u226550 mm<\/p>\n<\/td>\n<td>\n<p align=\"center\">\u226520 mm<\/p>\n<\/td>\n<\/tr>\n<tr>\n<td>\n<p align=\"center\">&gt;8 &#8211; \u226420<\/p>\n<\/td>\n<td>\n<p align=\"center\">\u226580 mm<\/p>\n<\/td>\n<td>\n<p align=\"center\">\u226530 mm<\/p>\n<\/td>\n<\/tr>\n<tr>\n<td>\n<p align=\"center\">&gt;20 &#8211; \u2264100<\/p>\n<\/td>\n<td>\n<p align=\"center\">\u2265100 mm<\/p>\n<\/td>\n<td>\n<p align=\"center\">\u226540 mm<\/p>\n<\/td>\n<\/tr>\n<\/tbody>\n<\/table>\n<p>Bei der Montage ist darauf zu achten, dass die temperaturbedingten L\u00e4ngen\u00e4nderungen durch Bewegungsausgleicher aufgenommen werden k\u00f6nnen.<br \/>\nF\u00fcr Mauerabdeckungen gelten folgende Abst\u00e4nde von Bewegungselementen:<\/p>\n<ul>\n<li class=\"sub\">Zuschnitt &gt;\u00a0 500 mm &#8211;&gt; max.\u00a0 \u00a08 m<\/li>\n<\/ul>\n<p>Siehe auch<br \/>\n<a href=\"https:\/\/www.nedzink.com\/de\/bauteile\/wandanschlusse\/\"><strong>Wandanschl\u00fcsse<\/strong><\/a><\/p>\n<\/div>\n[\/vc_column_text][mk_padding_divider][\/vc_column][\/vc_row][vc_row][vc_column width=&#8220;1\/2&#8243;][mk_padding_divider][vc_single_image image=&#8220;60737&#8243; img_size=&#8220;full&#8220; alignment=&#8220;center&#8220;][mk_padding_divider][vc_single_image image=&#8220;60759&#8243; img_size=&#8220;full&#8220; alignment=&#8220;center&#8220;][mk_padding_divider][\/vc_column][vc_column width=&#8220;1\/2&#8243;][mk_padding_divider][vc_single_image image=&#8220;60748&#8243; img_size=&#8220;full&#8220; alignment=&#8220;center&#8220;][mk_padding_divider][vc_single_image image=&#8220;60770&#8243; img_size=&#8220;full&#8220; alignment=&#8220;center&#8220;][mk_padding_divider][\/vc_column][\/vc_row][vc_row][vc_column][\/vc_column][\/vc_row][vc_row][vc_column][vc_column_text]\n[\/vc_column_text][\/vc_column][\/vc_row]\n","protected":false},"excerpt":{"rendered":"<p>[vc_row][vc_column][vc_column_text css=&#8220;.vc_custom_1636028255073{margin-bottom: 0px !important;}&#8220;]Mauerabdeckungen oder auch Attikaverwahrungen genannt, bilden den obere Abschluss von Fassaden, Dachr\u00e4ndern und freihstehenden Mauern. Empfehlenswert ist eine leicht, zur Dachinnnenseite geneigte Holzschalung als Unterkonstruktion, auf der die Zink Bauprofile montiert werden.\u00a0 Die Abdeckungen sind mit Vorsto\u00dfblechen oder Halteb\u00fcgeln indirekt zu befestigen, sodass die thermisch bedingte Materialbewegung gew\u00e4hrleistet bleibt. Je nach Materialzuschnitt [&hellip;]<\/p>\n","protected":false},"author":9,"featured_media":0,"parent":31003,"menu_order":1040,"comment_status":"closed","ping_status":"closed","template":"template-import.php","meta":{"_acf_changed":false,"footnotes":""},"class_list":["post-31053","page","type-page","status-publish","hentry"],"acf":[],"yoast_head":"<!-- This site is optimized with the Yoast SEO plugin v26.8 - https:\/\/yoast.com\/product\/yoast-seo-wordpress\/ -->\n<title>Mauerabdeckungen aus Zink \u2013 NedZink<\/title>\n<meta name=\"description\" content=\"Die Mauerabdeckungen aus Zink werden auf die gleiche Weise wie die Abdeckleisten angebracht. Sehen Sie sich die Spezifikationen und Zeichnungen online an.\" \/>\n<meta name=\"robots\" content=\"index, follow, max-snippet:-1, max-image-preview:large, max-video-preview:-1\" \/>\n<link rel=\"canonical\" href=\"https:\/\/www.nedzink.com\/de\/bauteile\/mauerabdeckungen\/\" \/>\n<meta property=\"og:locale\" content=\"de_DE\" \/>\n<meta property=\"og:type\" content=\"article\" \/>\n<meta property=\"og:title\" content=\"Mauerabdeckungen aus Zink \u2013 NedZink\" \/>\n<meta property=\"og:description\" content=\"Die Mauerabdeckungen aus Zink werden auf die gleiche Weise wie die Abdeckleisten angebracht. Sehen Sie sich die Spezifikationen und Zeichnungen online an.\" \/>\n<meta property=\"og:url\" content=\"https:\/\/www.nedzink.com\/de\/bauteile\/mauerabdeckungen\/\" \/>\n<meta property=\"og:site_name\" content=\"NedZink\" \/>\n<meta property=\"article:modified_time\" content=\"2022-06-24T11:38:20+00:00\" \/>\n<meta name=\"twitter:card\" content=\"summary_large_image\" \/>\n<meta name=\"twitter:label1\" content=\"Gesch\u00e4tzte Lesezeit\" \/>\n\t<meta name=\"twitter:data1\" content=\"3\u00a0Minuten\" \/>\n<script type=\"application\/ld+json\" class=\"yoast-schema-graph\">{\"@context\":\"https:\/\/schema.org\",\"@graph\":[{\"@type\":\"WebPage\",\"@id\":\"https:\/\/www.nedzink.com\/de\/bauteile\/mauerabdeckungen\/\",\"url\":\"https:\/\/www.nedzink.com\/de\/bauteile\/mauerabdeckungen\/\",\"name\":\"Mauerabdeckungen aus Zink \u2013 NedZink\",\"isPartOf\":{\"@id\":\"https:\/\/www.nedzink.com\/de\/#website\"},\"datePublished\":\"2019-06-04T12:56:12+00:00\",\"dateModified\":\"2022-06-24T11:38:20+00:00\",\"description\":\"Die Mauerabdeckungen aus Zink werden auf die gleiche Weise wie die Abdeckleisten angebracht. Sehen Sie sich die Spezifikationen und Zeichnungen online an.\",\"breadcrumb\":{\"@id\":\"https:\/\/www.nedzink.com\/de\/bauteile\/mauerabdeckungen\/#breadcrumb\"},\"inLanguage\":\"de\",\"potentialAction\":[{\"@type\":\"ReadAction\",\"target\":[\"https:\/\/www.nedzink.com\/de\/bauteile\/mauerabdeckungen\/\"]}]},{\"@type\":\"BreadcrumbList\",\"@id\":\"https:\/\/www.nedzink.com\/de\/bauteile\/mauerabdeckungen\/#breadcrumb\",\"itemListElement\":[{\"@type\":\"ListItem\",\"position\":1,\"name\":\"Home\",\"item\":\"https:\/\/www.nedzink.com\/de\/\"},{\"@type\":\"ListItem\",\"position\":2,\"name\":\"Bauteile\",\"item\":\"https:\/\/www.nedzink.com\/de\/bauteile\/\"},{\"@type\":\"ListItem\",\"position\":3,\"name\":\"Mauerabdeckungen Zink\"}]},{\"@type\":\"WebSite\",\"@id\":\"https:\/\/www.nedzink.com\/de\/#website\",\"url\":\"https:\/\/www.nedzink.com\/de\/\",\"name\":\"NedZink\",\"description\":\"Zink fabrikant\",\"publisher\":{\"@id\":\"https:\/\/www.nedzink.com\/de\/#organization\"},\"potentialAction\":[{\"@type\":\"SearchAction\",\"target\":{\"@type\":\"EntryPoint\",\"urlTemplate\":\"https:\/\/www.nedzink.com\/de\/?s={search_term_string}\"},\"query-input\":{\"@type\":\"PropertyValueSpecification\",\"valueRequired\":true,\"valueName\":\"search_term_string\"}}],\"inLanguage\":\"de\"},{\"@type\":\"Organization\",\"@id\":\"https:\/\/www.nedzink.com\/de\/#organization\",\"name\":\"NedZink\",\"url\":\"https:\/\/www.nedzink.com\/de\/\",\"logo\":{\"@type\":\"ImageObject\",\"inLanguage\":\"de\",\"@id\":\"https:\/\/www.nedzink.com\/de\/#\/schema\/logo\/image\/\",\"url\":\"https:\/\/www.nedzink.com\/wp-content\/uploads\/2019\/08\/logo-nedzink_fc_zk.jpg\",\"contentUrl\":\"https:\/\/www.nedzink.com\/wp-content\/uploads\/2019\/08\/logo-nedzink_fc_zk.jpg\",\"width\":2160,\"height\":688,\"caption\":\"NedZink\"},\"image\":{\"@id\":\"https:\/\/www.nedzink.com\/de\/#\/schema\/logo\/image\/\"}}]}<\/script>\n<!-- \/ Yoast SEO plugin. -->","yoast_head_json":{"title":"Mauerabdeckungen aus Zink \u2013 NedZink","description":"Die Mauerabdeckungen aus Zink werden auf die gleiche Weise wie die Abdeckleisten angebracht. Sehen Sie sich die Spezifikationen und Zeichnungen online an.","robots":{"index":"index","follow":"follow","max-snippet":"max-snippet:-1","max-image-preview":"max-image-preview:large","max-video-preview":"max-video-preview:-1"},"canonical":"https:\/\/www.nedzink.com\/de\/bauteile\/mauerabdeckungen\/","og_locale":"de_DE","og_type":"article","og_title":"Mauerabdeckungen aus Zink \u2013 NedZink","og_description":"Die Mauerabdeckungen aus Zink werden auf die gleiche Weise wie die Abdeckleisten angebracht. Sehen Sie sich die Spezifikationen und Zeichnungen online an.","og_url":"https:\/\/www.nedzink.com\/de\/bauteile\/mauerabdeckungen\/","og_site_name":"NedZink","article_modified_time":"2022-06-24T11:38:20+00:00","twitter_card":"summary_large_image","twitter_misc":{"Gesch\u00e4tzte Lesezeit":"3\u00a0Minuten"},"schema":{"@context":"https:\/\/schema.org","@graph":[{"@type":"WebPage","@id":"https:\/\/www.nedzink.com\/de\/bauteile\/mauerabdeckungen\/","url":"https:\/\/www.nedzink.com\/de\/bauteile\/mauerabdeckungen\/","name":"Mauerabdeckungen aus Zink \u2013 NedZink","isPartOf":{"@id":"https:\/\/www.nedzink.com\/de\/#website"},"datePublished":"2019-06-04T12:56:12+00:00","dateModified":"2022-06-24T11:38:20+00:00","description":"Die Mauerabdeckungen aus Zink werden auf die gleiche Weise wie die Abdeckleisten angebracht. Sehen Sie sich die Spezifikationen und Zeichnungen online an.","breadcrumb":{"@id":"https:\/\/www.nedzink.com\/de\/bauteile\/mauerabdeckungen\/#breadcrumb"},"inLanguage":"de","potentialAction":[{"@type":"ReadAction","target":["https:\/\/www.nedzink.com\/de\/bauteile\/mauerabdeckungen\/"]}]},{"@type":"BreadcrumbList","@id":"https:\/\/www.nedzink.com\/de\/bauteile\/mauerabdeckungen\/#breadcrumb","itemListElement":[{"@type":"ListItem","position":1,"name":"Home","item":"https:\/\/www.nedzink.com\/de\/"},{"@type":"ListItem","position":2,"name":"Bauteile","item":"https:\/\/www.nedzink.com\/de\/bauteile\/"},{"@type":"ListItem","position":3,"name":"Mauerabdeckungen Zink"}]},{"@type":"WebSite","@id":"https:\/\/www.nedzink.com\/de\/#website","url":"https:\/\/www.nedzink.com\/de\/","name":"NedZink","description":"Zink fabrikant","publisher":{"@id":"https:\/\/www.nedzink.com\/de\/#organization"},"potentialAction":[{"@type":"SearchAction","target":{"@type":"EntryPoint","urlTemplate":"https:\/\/www.nedzink.com\/de\/?s={search_term_string}"},"query-input":{"@type":"PropertyValueSpecification","valueRequired":true,"valueName":"search_term_string"}}],"inLanguage":"de"},{"@type":"Organization","@id":"https:\/\/www.nedzink.com\/de\/#organization","name":"NedZink","url":"https:\/\/www.nedzink.com\/de\/","logo":{"@type":"ImageObject","inLanguage":"de","@id":"https:\/\/www.nedzink.com\/de\/#\/schema\/logo\/image\/","url":"https:\/\/www.nedzink.com\/wp-content\/uploads\/2019\/08\/logo-nedzink_fc_zk.jpg","contentUrl":"https:\/\/www.nedzink.com\/wp-content\/uploads\/2019\/08\/logo-nedzink_fc_zk.jpg","width":2160,"height":688,"caption":"NedZink"},"image":{"@id":"https:\/\/www.nedzink.com\/de\/#\/schema\/logo\/image\/"}}]}},"_links":{"self":[{"href":"https:\/\/www.nedzink.com\/de\/wp-json\/wp\/v2\/pages\/31053","targetHints":{"allow":["GET"]}}],"collection":[{"href":"https:\/\/www.nedzink.com\/de\/wp-json\/wp\/v2\/pages"}],"about":[{"href":"https:\/\/www.nedzink.com\/de\/wp-json\/wp\/v2\/types\/page"}],"author":[{"embeddable":true,"href":"https:\/\/www.nedzink.com\/de\/wp-json\/wp\/v2\/users\/9"}],"replies":[{"embeddable":true,"href":"https:\/\/www.nedzink.com\/de\/wp-json\/wp\/v2\/comments?post=31053"}],"version-history":[{"count":1,"href":"https:\/\/www.nedzink.com\/de\/wp-json\/wp\/v2\/pages\/31053\/revisions"}],"predecessor-version":[{"id":118637,"href":"https:\/\/www.nedzink.com\/de\/wp-json\/wp\/v2\/pages\/31053\/revisions\/118637"}],"up":[{"embeddable":true,"href":"https:\/\/www.nedzink.com\/de\/wp-json\/wp\/v2\/pages\/31003"}],"wp:attachment":[{"href":"https:\/\/www.nedzink.com\/de\/wp-json\/wp\/v2\/media?parent=31053"}],"curies":[{"name":"wp","href":"https:\/\/api.w.org\/{rel}","templated":true}]}}