{"id":31043,"date":"2019-06-04T14:56:07","date_gmt":"2019-06-04T12:56:07","guid":{"rendered":"http:\/\/136.144.181.85\/~nedzink\/techn-informationen\/bauteile\/attiken-verwahrungen\/"},"modified":"2021-05-06T17:00:44","modified_gmt":"2021-05-06T15:00:44","slug":"attiken-verwahrungen","status":"publish","type":"page","link":"https:\/\/www.nedzink.com\/de\/attiken-verwahrungen\/","title":{"rendered":"Attiken &#8211; Verwahrungen"},"content":{"rendered":"<p>Die Attika ist ein halbhoher Aufsatz \u00fcber dem Hauptgesims eines Bauwerks. Bei Flachd\u00e4chern wird der Dachrandbereich, der die eigentliche Dachfl\u00e4che mit seiner Erh\u00f6hung umschlie\u00dft, mit Attika bezeichnet. An der Attika werden die Anschl\u00fcsse, von der Dachfl\u00e4che aus kommend, hoch gef\u00fchrt und durch Verwahrungsbleche gegen eindringendes Niederschlagswasser gesichert. Die Befestigung der Verwahrungsbleche erfolgt indirekt, entweder mittels Vorsto\u00dfblechen, durch auf der Attika verschraubte Halteb\u00fcgel oder durch direkte Verklebung mittels Bitumenkaltkleber.<\/p>\n<p>(Das Quergef\u00e4lle der Attikaverwahrungen soll ein Gef\u00e4lle von mind. 3\u00b0 zur Dachfl\u00e4che hin aufweisen)<\/p>\n<table border=\"0\" width=\"100%\" cellspacing=\"10\">\n<tbody>\n<tr>\n<td style=\"text-align: left; vertical-align: top;\" width=\"45%\"><img decoding=\"async\" style=\"width: 387px; height: 290px; border: 0px solid;\" src=\"https:\/\/www.nedzink.com\/wp-content\/uploads\/import\/cms\/userfiles\/images\/attiken1.jpg\" \/><\/td>\n<td style=\"text-align: left; vertical-align: top;\" width=\"45%\"><img decoding=\"async\" style=\"width: 386px; height: 290px; border: 0px solid;\" src=\"https:\/\/www.nedzink.com\/wp-content\/uploads\/import\/cms\/userfiles\/images\/attiken2.jpg\" \/><\/td>\n<\/tr>\n<\/tbody>\n<\/table>\n<p>&nbsp;<\/p>\n","protected":false},"excerpt":{"rendered":"<p>Die Attika ist ein halbhoher Aufsatz \u00fcber dem Hauptgesims eines Bauwerks. Bei Flachd\u00e4chern wird der Dachrandbereich, der die eigentliche Dachfl\u00e4che mit seiner Erh\u00f6hung umschlie\u00dft, mit Attika bezeichnet. An der Attika werden die Anschl\u00fcsse, von der Dachfl\u00e4che aus kommend, hoch gef\u00fchrt und durch Verwahrungsbleche gegen eindringendes Niederschlagswasser gesichert. Die Befestigung der Verwahrungsbleche erfolgt indirekt, entweder mittels [&hellip;]<\/p>\n","protected":false},"author":9,"featured_media":0,"parent":0,"menu_order":1030,"comment_status":"closed","ping_status":"closed","template":"template-import.php","meta":{"_acf_changed":false,"footnotes":""},"class_list":["post-31043","page","type-page","status-publish","hentry"],"acf":[],"yoast_head":"<!-- This site is optimized with the Yoast SEO plugin v26.8 - https:\/\/yoast.com\/product\/yoast-seo-wordpress\/ -->\n<title>Attiken - Verwahrungen &#8211; NedZink<\/title>\n<meta name=\"robots\" content=\"index, follow, max-snippet:-1, max-image-preview:large, max-video-preview:-1\" \/>\n<link rel=\"canonical\" href=\"https:\/\/www.nedzink.com\/de\/attiken-verwahrungen\/\" \/>\n<meta property=\"og:locale\" content=\"de_DE\" \/>\n<meta property=\"og:type\" content=\"article\" \/>\n<meta property=\"og:title\" content=\"Attiken - Verwahrungen &#8211; NedZink\" \/>\n<meta property=\"og:description\" content=\"Die Attika ist ein halbhoher Aufsatz \u00fcber dem Hauptgesims eines Bauwerks. Bei Flachd\u00e4chern wird der Dachrandbereich, der die eigentliche Dachfl\u00e4che mit seiner Erh\u00f6hung umschlie\u00dft, mit Attika bezeichnet. An der Attika werden die Anschl\u00fcsse, von der Dachfl\u00e4che aus kommend, hoch gef\u00fchrt und durch Verwahrungsbleche gegen eindringendes Niederschlagswasser gesichert. Die Befestigung der Verwahrungsbleche erfolgt indirekt, entweder mittels [&hellip;]\" \/>\n<meta property=\"og:url\" content=\"https:\/\/www.nedzink.com\/de\/attiken-verwahrungen\/\" \/>\n<meta property=\"og:site_name\" content=\"NedZink\" \/>\n<meta property=\"article:modified_time\" content=\"2021-05-06T15:00:44+00:00\" \/>\n<meta property=\"og:image\" content=\"https:\/\/www.nedzink.com\/wp-content\/uploads\/import\/cms\/userfiles\/images\/attiken1.jpg\" \/>\n<meta name=\"twitter:card\" content=\"summary_large_image\" \/>\n<script type=\"application\/ld+json\" class=\"yoast-schema-graph\">{\"@context\":\"https:\/\/schema.org\",\"@graph\":[{\"@type\":\"WebPage\",\"@id\":\"https:\/\/www.nedzink.com\/de\/attiken-verwahrungen\/\",\"url\":\"https:\/\/www.nedzink.com\/de\/attiken-verwahrungen\/\",\"name\":\"Attiken - Verwahrungen &#8211; NedZink\",\"isPartOf\":{\"@id\":\"https:\/\/www.nedzink.com\/de\/#website\"},\"primaryImageOfPage\":{\"@id\":\"https:\/\/www.nedzink.com\/de\/attiken-verwahrungen\/#primaryimage\"},\"image\":{\"@id\":\"https:\/\/www.nedzink.com\/de\/attiken-verwahrungen\/#primaryimage\"},\"thumbnailUrl\":\"https:\/\/www.nedzink.com\/wp-content\/uploads\/import\/cms\/userfiles\/images\/attiken1.jpg\",\"datePublished\":\"2019-06-04T12:56:07+00:00\",\"dateModified\":\"2021-05-06T15:00:44+00:00\",\"breadcrumb\":{\"@id\":\"https:\/\/www.nedzink.com\/de\/attiken-verwahrungen\/#breadcrumb\"},\"inLanguage\":\"de\",\"potentialAction\":[{\"@type\":\"ReadAction\",\"target\":[\"https:\/\/www.nedzink.com\/de\/attiken-verwahrungen\/\"]}]},{\"@type\":\"ImageObject\",\"inLanguage\":\"de\",\"@id\":\"https:\/\/www.nedzink.com\/de\/attiken-verwahrungen\/#primaryimage\",\"url\":\"https:\/\/www.nedzink.com\/wp-content\/uploads\/import\/cms\/userfiles\/images\/attiken1.jpg\",\"contentUrl\":\"https:\/\/www.nedzink.com\/wp-content\/uploads\/import\/cms\/userfiles\/images\/attiken1.jpg\"},{\"@type\":\"BreadcrumbList\",\"@id\":\"https:\/\/www.nedzink.com\/de\/attiken-verwahrungen\/#breadcrumb\",\"itemListElement\":[{\"@type\":\"ListItem\",\"position\":1,\"name\":\"Home\",\"item\":\"https:\/\/www.nedzink.com\/de\/\"},{\"@type\":\"ListItem\",\"position\":2,\"name\":\"Attiken &#8211; Verwahrungen\"}]},{\"@type\":\"WebSite\",\"@id\":\"https:\/\/www.nedzink.com\/de\/#website\",\"url\":\"https:\/\/www.nedzink.com\/de\/\",\"name\":\"NedZink\",\"description\":\"Zink fabrikant\",\"publisher\":{\"@id\":\"https:\/\/www.nedzink.com\/de\/#organization\"},\"potentialAction\":[{\"@type\":\"SearchAction\",\"target\":{\"@type\":\"EntryPoint\",\"urlTemplate\":\"https:\/\/www.nedzink.com\/de\/?s={search_term_string}\"},\"query-input\":{\"@type\":\"PropertyValueSpecification\",\"valueRequired\":true,\"valueName\":\"search_term_string\"}}],\"inLanguage\":\"de\"},{\"@type\":\"Organization\",\"@id\":\"https:\/\/www.nedzink.com\/de\/#organization\",\"name\":\"NedZink\",\"url\":\"https:\/\/www.nedzink.com\/de\/\",\"logo\":{\"@type\":\"ImageObject\",\"inLanguage\":\"de\",\"@id\":\"https:\/\/www.nedzink.com\/de\/#\/schema\/logo\/image\/\",\"url\":\"https:\/\/www.nedzink.com\/wp-content\/uploads\/2019\/08\/logo-nedzink_fc_zk.jpg\",\"contentUrl\":\"https:\/\/www.nedzink.com\/wp-content\/uploads\/2019\/08\/logo-nedzink_fc_zk.jpg\",\"width\":2160,\"height\":688,\"caption\":\"NedZink\"},\"image\":{\"@id\":\"https:\/\/www.nedzink.com\/de\/#\/schema\/logo\/image\/\"}}]}<\/script>\n<!-- \/ Yoast SEO plugin. -->","yoast_head_json":{"title":"Attiken - Verwahrungen &#8211; NedZink","robots":{"index":"index","follow":"follow","max-snippet":"max-snippet:-1","max-image-preview":"max-image-preview:large","max-video-preview":"max-video-preview:-1"},"canonical":"https:\/\/www.nedzink.com\/de\/attiken-verwahrungen\/","og_locale":"de_DE","og_type":"article","og_title":"Attiken - Verwahrungen &#8211; NedZink","og_description":"Die Attika ist ein halbhoher Aufsatz \u00fcber dem Hauptgesims eines Bauwerks. Bei Flachd\u00e4chern wird der Dachrandbereich, der die eigentliche Dachfl\u00e4che mit seiner Erh\u00f6hung umschlie\u00dft, mit Attika bezeichnet. An der Attika werden die Anschl\u00fcsse, von der Dachfl\u00e4che aus kommend, hoch gef\u00fchrt und durch Verwahrungsbleche gegen eindringendes Niederschlagswasser gesichert. Die Befestigung der Verwahrungsbleche erfolgt indirekt, entweder mittels [&hellip;]","og_url":"https:\/\/www.nedzink.com\/de\/attiken-verwahrungen\/","og_site_name":"NedZink","article_modified_time":"2021-05-06T15:00:44+00:00","og_image":[{"url":"https:\/\/www.nedzink.com\/wp-content\/uploads\/import\/cms\/userfiles\/images\/attiken1.jpg","type":"","width":"","height":""}],"twitter_card":"summary_large_image","schema":{"@context":"https:\/\/schema.org","@graph":[{"@type":"WebPage","@id":"https:\/\/www.nedzink.com\/de\/attiken-verwahrungen\/","url":"https:\/\/www.nedzink.com\/de\/attiken-verwahrungen\/","name":"Attiken - Verwahrungen &#8211; NedZink","isPartOf":{"@id":"https:\/\/www.nedzink.com\/de\/#website"},"primaryImageOfPage":{"@id":"https:\/\/www.nedzink.com\/de\/attiken-verwahrungen\/#primaryimage"},"image":{"@id":"https:\/\/www.nedzink.com\/de\/attiken-verwahrungen\/#primaryimage"},"thumbnailUrl":"https:\/\/www.nedzink.com\/wp-content\/uploads\/import\/cms\/userfiles\/images\/attiken1.jpg","datePublished":"2019-06-04T12:56:07+00:00","dateModified":"2021-05-06T15:00:44+00:00","breadcrumb":{"@id":"https:\/\/www.nedzink.com\/de\/attiken-verwahrungen\/#breadcrumb"},"inLanguage":"de","potentialAction":[{"@type":"ReadAction","target":["https:\/\/www.nedzink.com\/de\/attiken-verwahrungen\/"]}]},{"@type":"ImageObject","inLanguage":"de","@id":"https:\/\/www.nedzink.com\/de\/attiken-verwahrungen\/#primaryimage","url":"https:\/\/www.nedzink.com\/wp-content\/uploads\/import\/cms\/userfiles\/images\/attiken1.jpg","contentUrl":"https:\/\/www.nedzink.com\/wp-content\/uploads\/import\/cms\/userfiles\/images\/attiken1.jpg"},{"@type":"BreadcrumbList","@id":"https:\/\/www.nedzink.com\/de\/attiken-verwahrungen\/#breadcrumb","itemListElement":[{"@type":"ListItem","position":1,"name":"Home","item":"https:\/\/www.nedzink.com\/de\/"},{"@type":"ListItem","position":2,"name":"Attiken &#8211; Verwahrungen"}]},{"@type":"WebSite","@id":"https:\/\/www.nedzink.com\/de\/#website","url":"https:\/\/www.nedzink.com\/de\/","name":"NedZink","description":"Zink fabrikant","publisher":{"@id":"https:\/\/www.nedzink.com\/de\/#organization"},"potentialAction":[{"@type":"SearchAction","target":{"@type":"EntryPoint","urlTemplate":"https:\/\/www.nedzink.com\/de\/?s={search_term_string}"},"query-input":{"@type":"PropertyValueSpecification","valueRequired":true,"valueName":"search_term_string"}}],"inLanguage":"de"},{"@type":"Organization","@id":"https:\/\/www.nedzink.com\/de\/#organization","name":"NedZink","url":"https:\/\/www.nedzink.com\/de\/","logo":{"@type":"ImageObject","inLanguage":"de","@id":"https:\/\/www.nedzink.com\/de\/#\/schema\/logo\/image\/","url":"https:\/\/www.nedzink.com\/wp-content\/uploads\/2019\/08\/logo-nedzink_fc_zk.jpg","contentUrl":"https:\/\/www.nedzink.com\/wp-content\/uploads\/2019\/08\/logo-nedzink_fc_zk.jpg","width":2160,"height":688,"caption":"NedZink"},"image":{"@id":"https:\/\/www.nedzink.com\/de\/#\/schema\/logo\/image\/"}}]}},"_links":{"self":[{"href":"https:\/\/www.nedzink.com\/de\/wp-json\/wp\/v2\/pages\/31043","targetHints":{"allow":["GET"]}}],"collection":[{"href":"https:\/\/www.nedzink.com\/de\/wp-json\/wp\/v2\/pages"}],"about":[{"href":"https:\/\/www.nedzink.com\/de\/wp-json\/wp\/v2\/types\/page"}],"author":[{"embeddable":true,"href":"https:\/\/www.nedzink.com\/de\/wp-json\/wp\/v2\/users\/9"}],"replies":[{"embeddable":true,"href":"https:\/\/www.nedzink.com\/de\/wp-json\/wp\/v2\/comments?post=31043"}],"version-history":[{"count":0,"href":"https:\/\/www.nedzink.com\/de\/wp-json\/wp\/v2\/pages\/31043\/revisions"}],"wp:attachment":[{"href":"https:\/\/www.nedzink.com\/de\/wp-json\/wp\/v2\/media?parent=31043"}],"curies":[{"name":"wp","href":"https:\/\/api.w.org\/{rel}","templated":true}]}}