{"id":31033,"date":"2019-06-04T14:56:04","date_gmt":"2019-06-04T12:56:04","guid":{"rendered":"http:\/\/136.144.181.85\/~nedzink\/techn-informationen\/bauteile\/giebelspitzen\/"},"modified":"2020-07-29T11:38:48","modified_gmt":"2020-07-29T09:38:48","slug":"giebelspitzen","status":"publish","type":"page","link":"https:\/\/www.nedzink.com\/de\/giebelspitzen\/","title":{"rendered":"Giebelspitzen"},"content":{"rendered":"<p>Als Giebelspitze eines Geb\u00e4udes bezeichnet man die Wandfl\u00e4che, die sich zwischen den Ortganglinien einer geneigten Dachfl\u00e4che befindet. Da der Zugang f\u00fcr Renovierungsarbeiten oft nur mit einem Ger\u00fcst m\u00f6glich ist, ist eine wartungsfreie Bekleidung der Giebelspitzen aus NedZink eine langfristig, wirtschaftliche L\u00f6sung.<br \/>\nAls m\u00f6gliche Bekleidungen dieser Fl\u00e4chen kommen folgende Varianten in Frage:<\/p>\n<ul>\n<li>Falzscharen in Winkelfalztechnik<\/li>\n<li>Rauten<\/li>\n<li>Paneelsysteme<\/li>\n<li>Kassetten<\/li>\n<li>Sonderprofile<\/li>\n<\/ul>\n<table border=\"0\" width=\"100%\" cellspacing=\"10\">\n<tbody>\n<tr>\n<td style=\"text-align: left; vertical-align: top;\" width=\"45%\"><img decoding=\"async\" style=\"width: 319px; height: 290px; border: 0px solid;\" src=\"https:\/\/www.nedzink.com\/wp-content\/uploads\/import\/cms\/userfiles\/images\/giebelspitzen1.jpg\" \/><\/td>\n<td style=\"text-align: left; vertical-align: top;\" width=\"45%\"><img decoding=\"async\" style=\"width: 289px; height: 290px; border: 0px solid;\" src=\"https:\/\/www.nedzink.com\/wp-content\/uploads\/import\/cms\/userfiles\/images\/giebelspitzen2.jpg\" \/><\/td>\n<\/tr>\n<\/tbody>\n<\/table>\n<p>&nbsp;<\/p>\n","protected":false},"excerpt":{"rendered":"<p>Als Giebelspitze eines Geb\u00e4udes bezeichnet man die Wandfl\u00e4che, die sich zwischen den Ortganglinien einer geneigten Dachfl\u00e4che befindet. Da der Zugang f\u00fcr Renovierungsarbeiten oft nur mit einem Ger\u00fcst m\u00f6glich ist, ist eine wartungsfreie Bekleidung der Giebelspitzen aus NedZink eine langfristig, wirtschaftliche L\u00f6sung. Als m\u00f6gliche Bekleidungen dieser Fl\u00e4chen kommen folgende Varianten in Frage: Falzscharen in Winkelfalztechnik Rauten [&hellip;]<\/p>\n","protected":false},"author":9,"featured_media":0,"parent":0,"menu_order":1020,"comment_status":"closed","ping_status":"closed","template":"template-import.php","meta":{"_acf_changed":false,"footnotes":""},"class_list":["post-31033","page","type-page","status-publish","hentry"],"acf":[],"yoast_head":"<!-- This site is optimized with the Yoast SEO plugin v26.8 - https:\/\/yoast.com\/product\/yoast-seo-wordpress\/ -->\n<title>Giebelspitzen &#8211; NedZink<\/title>\n<meta name=\"robots\" content=\"index, follow, max-snippet:-1, max-image-preview:large, max-video-preview:-1\" \/>\n<link rel=\"canonical\" href=\"https:\/\/www.nedzink.com\/de\/giebelspitzen\/\" \/>\n<meta property=\"og:locale\" content=\"de_DE\" \/>\n<meta property=\"og:type\" content=\"article\" \/>\n<meta property=\"og:title\" content=\"Giebelspitzen &#8211; NedZink\" \/>\n<meta property=\"og:description\" content=\"Als Giebelspitze eines Geb\u00e4udes bezeichnet man die Wandfl\u00e4che, die sich zwischen den Ortganglinien einer geneigten Dachfl\u00e4che befindet. Da der Zugang f\u00fcr Renovierungsarbeiten oft nur mit einem Ger\u00fcst m\u00f6glich ist, ist eine wartungsfreie Bekleidung der Giebelspitzen aus NedZink eine langfristig, wirtschaftliche L\u00f6sung. Als m\u00f6gliche Bekleidungen dieser Fl\u00e4chen kommen folgende Varianten in Frage: Falzscharen in Winkelfalztechnik Rauten [&hellip;]\" \/>\n<meta property=\"og:url\" content=\"https:\/\/www.nedzink.com\/de\/giebelspitzen\/\" \/>\n<meta property=\"og:site_name\" content=\"NedZink\" \/>\n<meta property=\"article:modified_time\" content=\"2020-07-29T09:38:48+00:00\" \/>\n<meta property=\"og:image\" content=\"https:\/\/www.nedzink.com\/wp-content\/uploads\/import\/cms\/userfiles\/images\/giebelspitzen1.jpg\" \/>\n<meta name=\"twitter:card\" content=\"summary_large_image\" \/>\n<script type=\"application\/ld+json\" class=\"yoast-schema-graph\">{\"@context\":\"https:\/\/schema.org\",\"@graph\":[{\"@type\":\"WebPage\",\"@id\":\"https:\/\/www.nedzink.com\/de\/giebelspitzen\/\",\"url\":\"https:\/\/www.nedzink.com\/de\/giebelspitzen\/\",\"name\":\"Giebelspitzen &#8211; NedZink\",\"isPartOf\":{\"@id\":\"https:\/\/www.nedzink.com\/de\/#website\"},\"primaryImageOfPage\":{\"@id\":\"https:\/\/www.nedzink.com\/de\/giebelspitzen\/#primaryimage\"},\"image\":{\"@id\":\"https:\/\/www.nedzink.com\/de\/giebelspitzen\/#primaryimage\"},\"thumbnailUrl\":\"https:\/\/www.nedzink.com\/wp-content\/uploads\/import\/cms\/userfiles\/images\/giebelspitzen1.jpg\",\"datePublished\":\"2019-06-04T12:56:04+00:00\",\"dateModified\":\"2020-07-29T09:38:48+00:00\",\"breadcrumb\":{\"@id\":\"https:\/\/www.nedzink.com\/de\/giebelspitzen\/#breadcrumb\"},\"inLanguage\":\"de\",\"potentialAction\":[{\"@type\":\"ReadAction\",\"target\":[\"https:\/\/www.nedzink.com\/de\/giebelspitzen\/\"]}]},{\"@type\":\"ImageObject\",\"inLanguage\":\"de\",\"@id\":\"https:\/\/www.nedzink.com\/de\/giebelspitzen\/#primaryimage\",\"url\":\"https:\/\/www.nedzink.com\/wp-content\/uploads\/import\/cms\/userfiles\/images\/giebelspitzen1.jpg\",\"contentUrl\":\"https:\/\/www.nedzink.com\/wp-content\/uploads\/import\/cms\/userfiles\/images\/giebelspitzen1.jpg\"},{\"@type\":\"BreadcrumbList\",\"@id\":\"https:\/\/www.nedzink.com\/de\/giebelspitzen\/#breadcrumb\",\"itemListElement\":[{\"@type\":\"ListItem\",\"position\":1,\"name\":\"Home\",\"item\":\"https:\/\/www.nedzink.com\/de\/\"},{\"@type\":\"ListItem\",\"position\":2,\"name\":\"Giebelspitzen\"}]},{\"@type\":\"WebSite\",\"@id\":\"https:\/\/www.nedzink.com\/de\/#website\",\"url\":\"https:\/\/www.nedzink.com\/de\/\",\"name\":\"NedZink\",\"description\":\"Zink fabrikant\",\"publisher\":{\"@id\":\"https:\/\/www.nedzink.com\/de\/#organization\"},\"potentialAction\":[{\"@type\":\"SearchAction\",\"target\":{\"@type\":\"EntryPoint\",\"urlTemplate\":\"https:\/\/www.nedzink.com\/de\/?s={search_term_string}\"},\"query-input\":{\"@type\":\"PropertyValueSpecification\",\"valueRequired\":true,\"valueName\":\"search_term_string\"}}],\"inLanguage\":\"de\"},{\"@type\":\"Organization\",\"@id\":\"https:\/\/www.nedzink.com\/de\/#organization\",\"name\":\"NedZink\",\"url\":\"https:\/\/www.nedzink.com\/de\/\",\"logo\":{\"@type\":\"ImageObject\",\"inLanguage\":\"de\",\"@id\":\"https:\/\/www.nedzink.com\/de\/#\/schema\/logo\/image\/\",\"url\":\"https:\/\/www.nedzink.com\/wp-content\/uploads\/2019\/08\/logo-nedzink_fc_zk.jpg\",\"contentUrl\":\"https:\/\/www.nedzink.com\/wp-content\/uploads\/2019\/08\/logo-nedzink_fc_zk.jpg\",\"width\":2160,\"height\":688,\"caption\":\"NedZink\"},\"image\":{\"@id\":\"https:\/\/www.nedzink.com\/de\/#\/schema\/logo\/image\/\"}}]}<\/script>\n<!-- \/ Yoast SEO plugin. -->","yoast_head_json":{"title":"Giebelspitzen &#8211; NedZink","robots":{"index":"index","follow":"follow","max-snippet":"max-snippet:-1","max-image-preview":"max-image-preview:large","max-video-preview":"max-video-preview:-1"},"canonical":"https:\/\/www.nedzink.com\/de\/giebelspitzen\/","og_locale":"de_DE","og_type":"article","og_title":"Giebelspitzen &#8211; NedZink","og_description":"Als Giebelspitze eines Geb\u00e4udes bezeichnet man die Wandfl\u00e4che, die sich zwischen den Ortganglinien einer geneigten Dachfl\u00e4che befindet. Da der Zugang f\u00fcr Renovierungsarbeiten oft nur mit einem Ger\u00fcst m\u00f6glich ist, ist eine wartungsfreie Bekleidung der Giebelspitzen aus NedZink eine langfristig, wirtschaftliche L\u00f6sung. Als m\u00f6gliche Bekleidungen dieser Fl\u00e4chen kommen folgende Varianten in Frage: Falzscharen in Winkelfalztechnik Rauten [&hellip;]","og_url":"https:\/\/www.nedzink.com\/de\/giebelspitzen\/","og_site_name":"NedZink","article_modified_time":"2020-07-29T09:38:48+00:00","og_image":[{"url":"https:\/\/www.nedzink.com\/wp-content\/uploads\/import\/cms\/userfiles\/images\/giebelspitzen1.jpg","type":"","width":"","height":""}],"twitter_card":"summary_large_image","schema":{"@context":"https:\/\/schema.org","@graph":[{"@type":"WebPage","@id":"https:\/\/www.nedzink.com\/de\/giebelspitzen\/","url":"https:\/\/www.nedzink.com\/de\/giebelspitzen\/","name":"Giebelspitzen &#8211; NedZink","isPartOf":{"@id":"https:\/\/www.nedzink.com\/de\/#website"},"primaryImageOfPage":{"@id":"https:\/\/www.nedzink.com\/de\/giebelspitzen\/#primaryimage"},"image":{"@id":"https:\/\/www.nedzink.com\/de\/giebelspitzen\/#primaryimage"},"thumbnailUrl":"https:\/\/www.nedzink.com\/wp-content\/uploads\/import\/cms\/userfiles\/images\/giebelspitzen1.jpg","datePublished":"2019-06-04T12:56:04+00:00","dateModified":"2020-07-29T09:38:48+00:00","breadcrumb":{"@id":"https:\/\/www.nedzink.com\/de\/giebelspitzen\/#breadcrumb"},"inLanguage":"de","potentialAction":[{"@type":"ReadAction","target":["https:\/\/www.nedzink.com\/de\/giebelspitzen\/"]}]},{"@type":"ImageObject","inLanguage":"de","@id":"https:\/\/www.nedzink.com\/de\/giebelspitzen\/#primaryimage","url":"https:\/\/www.nedzink.com\/wp-content\/uploads\/import\/cms\/userfiles\/images\/giebelspitzen1.jpg","contentUrl":"https:\/\/www.nedzink.com\/wp-content\/uploads\/import\/cms\/userfiles\/images\/giebelspitzen1.jpg"},{"@type":"BreadcrumbList","@id":"https:\/\/www.nedzink.com\/de\/giebelspitzen\/#breadcrumb","itemListElement":[{"@type":"ListItem","position":1,"name":"Home","item":"https:\/\/www.nedzink.com\/de\/"},{"@type":"ListItem","position":2,"name":"Giebelspitzen"}]},{"@type":"WebSite","@id":"https:\/\/www.nedzink.com\/de\/#website","url":"https:\/\/www.nedzink.com\/de\/","name":"NedZink","description":"Zink fabrikant","publisher":{"@id":"https:\/\/www.nedzink.com\/de\/#organization"},"potentialAction":[{"@type":"SearchAction","target":{"@type":"EntryPoint","urlTemplate":"https:\/\/www.nedzink.com\/de\/?s={search_term_string}"},"query-input":{"@type":"PropertyValueSpecification","valueRequired":true,"valueName":"search_term_string"}}],"inLanguage":"de"},{"@type":"Organization","@id":"https:\/\/www.nedzink.com\/de\/#organization","name":"NedZink","url":"https:\/\/www.nedzink.com\/de\/","logo":{"@type":"ImageObject","inLanguage":"de","@id":"https:\/\/www.nedzink.com\/de\/#\/schema\/logo\/image\/","url":"https:\/\/www.nedzink.com\/wp-content\/uploads\/2019\/08\/logo-nedzink_fc_zk.jpg","contentUrl":"https:\/\/www.nedzink.com\/wp-content\/uploads\/2019\/08\/logo-nedzink_fc_zk.jpg","width":2160,"height":688,"caption":"NedZink"},"image":{"@id":"https:\/\/www.nedzink.com\/de\/#\/schema\/logo\/image\/"}}]}},"_links":{"self":[{"href":"https:\/\/www.nedzink.com\/de\/wp-json\/wp\/v2\/pages\/31033","targetHints":{"allow":["GET"]}}],"collection":[{"href":"https:\/\/www.nedzink.com\/de\/wp-json\/wp\/v2\/pages"}],"about":[{"href":"https:\/\/www.nedzink.com\/de\/wp-json\/wp\/v2\/types\/page"}],"author":[{"embeddable":true,"href":"https:\/\/www.nedzink.com\/de\/wp-json\/wp\/v2\/users\/9"}],"replies":[{"embeddable":true,"href":"https:\/\/www.nedzink.com\/de\/wp-json\/wp\/v2\/comments?post=31033"}],"version-history":[{"count":0,"href":"https:\/\/www.nedzink.com\/de\/wp-json\/wp\/v2\/pages\/31033\/revisions"}],"wp:attachment":[{"href":"https:\/\/www.nedzink.com\/de\/wp-json\/wp\/v2\/media?parent=31033"}],"curies":[{"name":"wp","href":"https:\/\/api.w.org\/{rel}","templated":true}]}}