{"id":31023,"date":"2021-04-06T16:33:01","date_gmt":"2021-04-06T14:33:01","guid":{"rendered":"http:\/\/136.144.181.85\/~nedzink\/techn-informationen\/bauteile\/dachgauben\/"},"modified":"2022-06-24T13:45:12","modified_gmt":"2022-06-24T11:45:12","slug":"bauteile-dachgauben","status":"publish","type":"page","link":"https:\/\/www.nedzink.com\/de\/bauteile-dachgauben\/","title":{"rendered":"Dachgauben"},"content":{"rendered":"[vc_row][vc_column][vc_column_text css=&#8220;.vc_custom_1656071077633{margin-bottom: 0px !important;}&#8220;]Unter einer Dachgaube versteht man einen Dachausbau, der in die bestehende Dachfl\u00e4che integriert wird. Dachgauben bieten einen zum Teil wesentlich vergr\u00f6\u00dferten Wohnraum unter der Dachfl\u00e4che und sorgen f\u00fcr mehr Lichteinfall in den R\u00e4umen. Dadurch wird nicht nur die Wohnqualit\u00e4t verbessert, sondern auch die Nutzungsm\u00f6glichkeit einer Dachgeschosswohnung erweitert. Zudem sind Dachgauben ein optischer Blickfang, durch die auch architektonische Akzente gesetzt und unterschiedliche Materialien miteinander kombiniert werden k\u00f6nnen.<\/p>\n<table border=\"0\" width=\"100%\" cellspacing=\"10\">\n<tbody>\n<tr>\n<td style=\"vertical-align: top; text-align: left;\" width=\"45%\"><img decoding=\"async\" style=\"border-width: 0px; border-style: solid; width: 272px; height: 290px;\" src=\"https:\/\/www.nedzink.com\/wp-content\/uploads\/import\/cms\/userfiles\/images\/dachgauben1.jpg\" \/><\/td>\n<td style=\"vertical-align: top; text-align: left;\" width=\"45%\"><img decoding=\"async\" style=\"width: 387px; height: 290px; border-width: 0px; border-style: solid;\" src=\"https:\/\/www.nedzink.com\/wp-content\/uploads\/import\/cms\/userfiles\/images\/dachgauben2.jpg\" \/><\/td>\n<\/tr>\n<\/tbody>\n<\/table>\n<p>Die Eindeckung und Bekleidung von Gauben kann mit den \u00fcblichen Klempnertechniken in Winkel- oder Doppelstehfalztechnik, sowie Rauten, Paneele und weitere Fassadensysteme ausgef\u00fchrt werden.<\/p>\n<h2>Ausf\u00fchrungen und Formen von Dachgauben<\/h2>\n<p>Es gibt verschiedene Ausf\u00fchrungen und Formen.<\/p>\n<ul>\n<li>Satteldachgauben<\/li>\n<li>Walmdachgauben<\/li>\n<li>Spitzgauben<\/li>\n<li>Rundgauben<\/li>\n<li>Fledermausgauben<\/li>\n<li>Giebelgauben<\/li>\n<li>Trapezgauben<\/li>\n<li class=\"sub over\">Dreiecksgauben<\/li>\n<\/ul>\n<p><span id=\"aw-open-accordion\"><strong>\u2192 Weitere Informationen \u00fcber Dachgauben<\/strong><\/span> <span id=\"aw-close-accordion\"><strong>\u2192 Erfahren Sie Mehr \u00fcber die Ausf\u00fchrungen und Formen<\/strong><\/span><\/p>\n<div id=\"aw-accordion\">\n<h2><strong>Warum eine Dachgaube w\u00e4hlen? <\/strong><\/h2>\n<p>Eine Dachgaube sorgt f\u00fcr mehr Platz im Dachgeschoss, vergr\u00f6\u00dfert die R\u00e4umlichkeiten und schafft eine komfortabel Deckenh\u00f6he.<\/p>\n<p>Gerade in Zeiten steigender Immobilienpreise entscheiden sich immer mehr Menschen f\u00fcr einen Ausbau des Eigenheims, um den Wohnkomfort zu erh\u00f6hen. Ohne den hohen Aufwand eines Umzugs und die Kosten der Grunderwerbssteuer wird das Eigenheim tats\u00e4chlich ger\u00e4umiger, leichter und damit besser geeignet, um langfristig komfortabel darin zu wohnen.<\/p>\n<h2><strong>Dachgaube: Ausf\u00fchrungen und Formen<\/strong><\/h2>\n<ul>\n<li><strong>Satteldachgauben: <\/strong>Die Satteldachgauben ist die h\u00e4ufigste Form unter den Dachgauben. Zwei Dachfl\u00e4chen mit einer Schr\u00e4ge sind die beste Dachform f\u00fcr eine Satteldachgaube. Der gro\u00dfe Vorteil ist sowohl das optische Erscheinungsbild als auch der r\u00e4umliche Gewinn, der durch eine gesteigerte Nutzfl\u00e4che gewonnen wird.<\/li>\n<\/ul>\n<ul>\n<li><strong>Walmdachgauben: <\/strong>Die Walmdachgaube wird nach dem Prizip der Satteldachgaube erstellt, allerdings mit einer abgeschr\u00e4gten Dachfl\u00e4che an der vorderen <a href=\"https:\/\/www.nedzink.com\/de\/giebelspitzen\/\"><strong>Giebelseite<\/strong><\/a>.<\/li>\n<\/ul>\n<ul>\n<li><strong>Spitzgauben: <\/strong>Die Spitzgaube zeichnet sich durch ihre dreieckige und spitze Form aus. Trotz der Einfachheit in Produktion und Installation ist es eine technische Meisterleistung. Da eine Spitzgaube wenig Platz und Lichteinfall bietet, ist der Hauptvorteil, dass sie die Bel\u00fcftung der Konstruktion<\/li>\n<\/ul>\n<ul>\n<li><strong>Rundgauben: <\/strong>Die Runddachgaube, auch Tonnengaube genannt, erkennt man an dem nahtlosen \u00dcbergang in den Seitenw\u00e4nden in Form eines Halbkreises. Diese Form ist aufgrund der raffinierten Konstruktion allerdings aufwendiger zu erstellen.<\/li>\n<\/ul>\n<ul>\n<li><strong>Fledermausgaube:<\/strong> Fledermausgauben sind auch ohne Gaubenwangen realisierbar. Optisch ist dies ein Meisterwerk, da die geschwungene Sinuswelle in das Dach integriert wird. Damit ist sie auch die komplexeste Gaubenform in der Herstellung und Montage.<\/li>\n<\/ul>\n<ul>\n<li><strong>Trapezgauben:<\/strong> Die Trapezgaube ist ein nach vorne geneigtes Dach. Der Unterschied besteht jedoch darin, dass die Seiten der Gaube nicht senkrecht zur Dachebene verlaufen, sondern ebenfalls geneigt sind. Durch diese Bauweise bildet die Front einschlie\u00dflich der Fensterfront eine trapezf\u00f6rmige Fl\u00e4che.<\/li>\n<\/ul>\n<ul>\n<li><strong>Dreiecksgaube:<\/strong> Die Dreiecksgaube ist eine Gaubenform, bei der die beiden Gaubendachfl\u00e4chen nicht durch senkrecht angeordnete Gaubenwangen vom Hauptdach getrennt sind. Dies erm\u00f6glicht einen direkten \u00dcbergang der Fl\u00e4chen durch eine Kehle. Dreiecksgauben werden h\u00e4ufig bei Satteld\u00e4chern eingesetzt und die dreieckige Fensterform bildet deren Erkennungsmerkmal.<\/li>\n<\/ul>\n<p>Siehe auch:<\/p>\n<p><a href=\"https:\/\/www.nedzink.com\/de\/bauteile\/mauerabdeckungen\/\"><strong>Mauerabdeckungen<\/strong><\/a><\/p>\n<\/div>\n[\/vc_column_text][\/vc_column][\/vc_row][vc_row][vc_column][mk_button size=&#8220;medium&#8220; url=&#8220;\/de\/mustern-anfordern\/&#8220;]FORDERN SIE KOSTENLOSE UNTERLAGEN UND MUSTER AN[\/mk_button][\/vc_column][\/vc_row]\n","protected":false},"excerpt":{"rendered":"<p>[vc_row][vc_column][vc_column_text css=&#8220;.vc_custom_1656071077633{margin-bottom: 0px !important;}&#8220;]Unter einer Dachgaube versteht man einen Dachausbau, der in die bestehende Dachfl\u00e4che integriert wird. Dachgauben bieten einen zum Teil wesentlich vergr\u00f6\u00dferten Wohnraum unter der Dachfl\u00e4che und sorgen f\u00fcr mehr Lichteinfall in den R\u00e4umen. Dadurch wird nicht nur die Wohnqualit\u00e4t verbessert, sondern auch die Nutzungsm\u00f6glichkeit einer Dachgeschosswohnung erweitert. Zudem sind Dachgauben ein optischer [&hellip;]<\/p>\n","protected":false},"author":9,"featured_media":0,"parent":0,"menu_order":1010,"comment_status":"closed","ping_status":"closed","template":"template-import.php","meta":{"_acf_changed":false,"footnotes":""},"class_list":["post-31023","page","type-page","status-publish","hentry"],"acf":[],"yoast_head":"<!-- This site is optimized with the Yoast SEO plugin v26.8 - https:\/\/yoast.com\/product\/yoast-seo-wordpress\/ -->\n<title>Dachgauben aus Zink &#8211; NedZink<\/title>\n<meta name=\"description\" content=\"Dachgauben sind ein optischer Blickfang, durch die auch architektonische Akzente gesetzt und unterschiedliche Materialien miteinander kombiniert werden k\u00f6nnen.\" \/>\n<meta name=\"robots\" content=\"index, follow, max-snippet:-1, max-image-preview:large, max-video-preview:-1\" \/>\n<link rel=\"canonical\" href=\"https:\/\/www.nedzink.com\/de\/bauteile-dachgauben\/\" \/>\n<meta property=\"og:locale\" content=\"de_DE\" \/>\n<meta property=\"og:type\" content=\"article\" \/>\n<meta property=\"og:title\" content=\"Dachgauben aus Zink &#8211; NedZink\" \/>\n<meta property=\"og:description\" content=\"Dachgauben sind ein optischer Blickfang, durch die auch architektonische Akzente gesetzt und unterschiedliche Materialien miteinander kombiniert werden k\u00f6nnen.\" \/>\n<meta property=\"og:url\" content=\"https:\/\/www.nedzink.com\/de\/bauteile-dachgauben\/\" \/>\n<meta property=\"og:site_name\" content=\"NedZink\" \/>\n<meta property=\"article:modified_time\" content=\"2022-06-24T11:45:12+00:00\" \/>\n<meta property=\"og:image\" content=\"https:\/\/www.nedzink.com\/wp-content\/uploads\/import\/cms\/userfiles\/images\/dachgauben1.jpg\" \/>\n<meta name=\"twitter:card\" content=\"summary_large_image\" \/>\n<meta name=\"twitter:label1\" content=\"Gesch\u00e4tzte Lesezeit\" \/>\n\t<meta name=\"twitter:data1\" content=\"3\u00a0Minuten\" \/>\n<script type=\"application\/ld+json\" class=\"yoast-schema-graph\">{\"@context\":\"https:\/\/schema.org\",\"@graph\":[{\"@type\":\"WebPage\",\"@id\":\"https:\/\/www.nedzink.com\/de\/bauteile-dachgauben\/\",\"url\":\"https:\/\/www.nedzink.com\/de\/bauteile-dachgauben\/\",\"name\":\"Dachgauben aus Zink &#8211; NedZink\",\"isPartOf\":{\"@id\":\"https:\/\/www.nedzink.com\/de\/#website\"},\"primaryImageOfPage\":{\"@id\":\"https:\/\/www.nedzink.com\/de\/bauteile-dachgauben\/#primaryimage\"},\"image\":{\"@id\":\"https:\/\/www.nedzink.com\/de\/bauteile-dachgauben\/#primaryimage\"},\"thumbnailUrl\":\"https:\/\/www.nedzink.com\/wp-content\/uploads\/import\/cms\/userfiles\/images\/dachgauben1.jpg\",\"datePublished\":\"2021-04-06T14:33:01+00:00\",\"dateModified\":\"2022-06-24T11:45:12+00:00\",\"description\":\"Dachgauben sind ein optischer Blickfang, durch die auch architektonische Akzente gesetzt und unterschiedliche Materialien miteinander kombiniert werden k\u00f6nnen.\",\"breadcrumb\":{\"@id\":\"https:\/\/www.nedzink.com\/de\/bauteile-dachgauben\/#breadcrumb\"},\"inLanguage\":\"de\",\"potentialAction\":[{\"@type\":\"ReadAction\",\"target\":[\"https:\/\/www.nedzink.com\/de\/bauteile-dachgauben\/\"]}]},{\"@type\":\"ImageObject\",\"inLanguage\":\"de\",\"@id\":\"https:\/\/www.nedzink.com\/de\/bauteile-dachgauben\/#primaryimage\",\"url\":\"https:\/\/www.nedzink.com\/wp-content\/uploads\/import\/cms\/userfiles\/images\/dachgauben1.jpg\",\"contentUrl\":\"https:\/\/www.nedzink.com\/wp-content\/uploads\/import\/cms\/userfiles\/images\/dachgauben1.jpg\"},{\"@type\":\"BreadcrumbList\",\"@id\":\"https:\/\/www.nedzink.com\/de\/bauteile-dachgauben\/#breadcrumb\",\"itemListElement\":[{\"@type\":\"ListItem\",\"position\":1,\"name\":\"Home\",\"item\":\"https:\/\/www.nedzink.com\/de\/\"},{\"@type\":\"ListItem\",\"position\":2,\"name\":\"Dachgauben\"}]},{\"@type\":\"WebSite\",\"@id\":\"https:\/\/www.nedzink.com\/de\/#website\",\"url\":\"https:\/\/www.nedzink.com\/de\/\",\"name\":\"NedZink\",\"description\":\"Zink fabrikant\",\"publisher\":{\"@id\":\"https:\/\/www.nedzink.com\/de\/#organization\"},\"potentialAction\":[{\"@type\":\"SearchAction\",\"target\":{\"@type\":\"EntryPoint\",\"urlTemplate\":\"https:\/\/www.nedzink.com\/de\/?s={search_term_string}\"},\"query-input\":{\"@type\":\"PropertyValueSpecification\",\"valueRequired\":true,\"valueName\":\"search_term_string\"}}],\"inLanguage\":\"de\"},{\"@type\":\"Organization\",\"@id\":\"https:\/\/www.nedzink.com\/de\/#organization\",\"name\":\"NedZink\",\"url\":\"https:\/\/www.nedzink.com\/de\/\",\"logo\":{\"@type\":\"ImageObject\",\"inLanguage\":\"de\",\"@id\":\"https:\/\/www.nedzink.com\/de\/#\/schema\/logo\/image\/\",\"url\":\"https:\/\/www.nedzink.com\/wp-content\/uploads\/2019\/08\/logo-nedzink_fc_zk.jpg\",\"contentUrl\":\"https:\/\/www.nedzink.com\/wp-content\/uploads\/2019\/08\/logo-nedzink_fc_zk.jpg\",\"width\":2160,\"height\":688,\"caption\":\"NedZink\"},\"image\":{\"@id\":\"https:\/\/www.nedzink.com\/de\/#\/schema\/logo\/image\/\"}}]}<\/script>\n<!-- \/ Yoast SEO plugin. -->","yoast_head_json":{"title":"Dachgauben aus Zink &#8211; NedZink","description":"Dachgauben sind ein optischer Blickfang, durch die auch architektonische Akzente gesetzt und unterschiedliche Materialien miteinander kombiniert werden k\u00f6nnen.","robots":{"index":"index","follow":"follow","max-snippet":"max-snippet:-1","max-image-preview":"max-image-preview:large","max-video-preview":"max-video-preview:-1"},"canonical":"https:\/\/www.nedzink.com\/de\/bauteile-dachgauben\/","og_locale":"de_DE","og_type":"article","og_title":"Dachgauben aus Zink &#8211; NedZink","og_description":"Dachgauben sind ein optischer Blickfang, durch die auch architektonische Akzente gesetzt und unterschiedliche Materialien miteinander kombiniert werden k\u00f6nnen.","og_url":"https:\/\/www.nedzink.com\/de\/bauteile-dachgauben\/","og_site_name":"NedZink","article_modified_time":"2022-06-24T11:45:12+00:00","og_image":[{"url":"https:\/\/www.nedzink.com\/wp-content\/uploads\/import\/cms\/userfiles\/images\/dachgauben1.jpg","type":"","width":"","height":""}],"twitter_card":"summary_large_image","twitter_misc":{"Gesch\u00e4tzte Lesezeit":"3\u00a0Minuten"},"schema":{"@context":"https:\/\/schema.org","@graph":[{"@type":"WebPage","@id":"https:\/\/www.nedzink.com\/de\/bauteile-dachgauben\/","url":"https:\/\/www.nedzink.com\/de\/bauteile-dachgauben\/","name":"Dachgauben aus Zink &#8211; NedZink","isPartOf":{"@id":"https:\/\/www.nedzink.com\/de\/#website"},"primaryImageOfPage":{"@id":"https:\/\/www.nedzink.com\/de\/bauteile-dachgauben\/#primaryimage"},"image":{"@id":"https:\/\/www.nedzink.com\/de\/bauteile-dachgauben\/#primaryimage"},"thumbnailUrl":"https:\/\/www.nedzink.com\/wp-content\/uploads\/import\/cms\/userfiles\/images\/dachgauben1.jpg","datePublished":"2021-04-06T14:33:01+00:00","dateModified":"2022-06-24T11:45:12+00:00","description":"Dachgauben sind ein optischer Blickfang, durch die auch architektonische Akzente gesetzt und unterschiedliche Materialien miteinander kombiniert werden k\u00f6nnen.","breadcrumb":{"@id":"https:\/\/www.nedzink.com\/de\/bauteile-dachgauben\/#breadcrumb"},"inLanguage":"de","potentialAction":[{"@type":"ReadAction","target":["https:\/\/www.nedzink.com\/de\/bauteile-dachgauben\/"]}]},{"@type":"ImageObject","inLanguage":"de","@id":"https:\/\/www.nedzink.com\/de\/bauteile-dachgauben\/#primaryimage","url":"https:\/\/www.nedzink.com\/wp-content\/uploads\/import\/cms\/userfiles\/images\/dachgauben1.jpg","contentUrl":"https:\/\/www.nedzink.com\/wp-content\/uploads\/import\/cms\/userfiles\/images\/dachgauben1.jpg"},{"@type":"BreadcrumbList","@id":"https:\/\/www.nedzink.com\/de\/bauteile-dachgauben\/#breadcrumb","itemListElement":[{"@type":"ListItem","position":1,"name":"Home","item":"https:\/\/www.nedzink.com\/de\/"},{"@type":"ListItem","position":2,"name":"Dachgauben"}]},{"@type":"WebSite","@id":"https:\/\/www.nedzink.com\/de\/#website","url":"https:\/\/www.nedzink.com\/de\/","name":"NedZink","description":"Zink fabrikant","publisher":{"@id":"https:\/\/www.nedzink.com\/de\/#organization"},"potentialAction":[{"@type":"SearchAction","target":{"@type":"EntryPoint","urlTemplate":"https:\/\/www.nedzink.com\/de\/?s={search_term_string}"},"query-input":{"@type":"PropertyValueSpecification","valueRequired":true,"valueName":"search_term_string"}}],"inLanguage":"de"},{"@type":"Organization","@id":"https:\/\/www.nedzink.com\/de\/#organization","name":"NedZink","url":"https:\/\/www.nedzink.com\/de\/","logo":{"@type":"ImageObject","inLanguage":"de","@id":"https:\/\/www.nedzink.com\/de\/#\/schema\/logo\/image\/","url":"https:\/\/www.nedzink.com\/wp-content\/uploads\/2019\/08\/logo-nedzink_fc_zk.jpg","contentUrl":"https:\/\/www.nedzink.com\/wp-content\/uploads\/2019\/08\/logo-nedzink_fc_zk.jpg","width":2160,"height":688,"caption":"NedZink"},"image":{"@id":"https:\/\/www.nedzink.com\/de\/#\/schema\/logo\/image\/"}}]}},"_links":{"self":[{"href":"https:\/\/www.nedzink.com\/de\/wp-json\/wp\/v2\/pages\/31023","targetHints":{"allow":["GET"]}}],"collection":[{"href":"https:\/\/www.nedzink.com\/de\/wp-json\/wp\/v2\/pages"}],"about":[{"href":"https:\/\/www.nedzink.com\/de\/wp-json\/wp\/v2\/types\/page"}],"author":[{"embeddable":true,"href":"https:\/\/www.nedzink.com\/de\/wp-json\/wp\/v2\/users\/9"}],"replies":[{"embeddable":true,"href":"https:\/\/www.nedzink.com\/de\/wp-json\/wp\/v2\/comments?post=31023"}],"version-history":[{"count":2,"href":"https:\/\/www.nedzink.com\/de\/wp-json\/wp\/v2\/pages\/31023\/revisions"}],"predecessor-version":[{"id":118639,"href":"https:\/\/www.nedzink.com\/de\/wp-json\/wp\/v2\/pages\/31023\/revisions\/118639"}],"wp:attachment":[{"href":"https:\/\/www.nedzink.com\/de\/wp-json\/wp\/v2\/media?parent=31023"}],"curies":[{"name":"wp","href":"https:\/\/api.w.org\/{rel}","templated":true}]}}