{"id":31003,"date":"2019-06-04T14:55:56","date_gmt":"2019-06-04T12:55:56","guid":{"rendered":"http:\/\/136.144.181.85\/~nedzink\/techn-informationen\/bauteile\/"},"modified":"2020-07-29T16:38:30","modified_gmt":"2020-07-29T14:38:30","slug":"bauteile","status":"publish","type":"page","link":"https:\/\/www.nedzink.com\/de\/bauteile\/","title":{"rendered":"Bauteile"},"content":{"rendered":"<div class=\"contentStyle\" style=\"margin: 10px 0px 10px 0px;\">\n<p>Je nach Ausf\u00fchrung, Baustoffqualit\u00e4t, Nutzungsart und Pflege, altert jedes Geb\u00e4ude im laufe der Zeit langsamer oder etwas schneller. Irgendwann ist allerdings der Zeitpunkt da, an dem einzelne Bauteile saniert oder ausgetauscht werden m\u00fcssen. So besitzt eine Dacheindeckung oder -abdichtung, je nach Baustoffart, eine Lebensdauer zwischen 20-70 Jahren, w\u00e4hrend ein Fassadenanstrich schon nach ca. 5-15 Jahren zu erneuern ist.<\/p>\n<p>Besonders beansprucht sind die Au\u00dfenbauteile, wie Fassaden, Fenster und Dacheindeckungen, die ganzj\u00e4hrig Sonne, Niederschlag, Wind und gro\u00dfen Temperaturschwankungen ausgesetzt sind. Wird die Instandhaltung der Au\u00dfenbauteile vernachl\u00e4ssigt, kann die Bausubstanz leicht Schaden nehmen und das \u00e4u\u00dfere Erscheinungsbild stark beeintr\u00e4chtigen.<\/p>\n<p>Beides senkt den Wert der Immobilie und verursacht zum Teil extrem hohe Kosten, je l\u00e4nger eine notwendige Sanierung aufgeschoben wird. Der Entschluss zu einer Geb\u00e4udesanierung hat zudem den wirtschaftlich sehr positiven Effekt, das moderne Baustoffe und Produkte (wie z.B. Fenster, D\u00e4mmstoffe,\u2026) f\u00fcr eine energieeffiziente Modernisierung sorgen und somit langfristig viel Geld einsparen k\u00f6nnen.<\/p>\n<\/div>\n","protected":false},"excerpt":{"rendered":"<p>Je nach Ausf\u00fchrung, Baustoffqualit\u00e4t, Nutzungsart und Pflege, altert jedes Geb\u00e4ude im laufe der Zeit langsamer oder etwas schneller. Irgendwann ist allerdings der Zeitpunkt da, an dem einzelne Bauteile saniert oder ausgetauscht werden m\u00fcssen. So besitzt eine Dacheindeckung oder -abdichtung, je nach Baustoffart, eine Lebensdauer zwischen 20-70 Jahren, w\u00e4hrend ein Fassadenanstrich schon nach ca. 5-15 Jahren [&hellip;]<\/p>\n","protected":false},"author":9,"featured_media":0,"parent":0,"menu_order":990,"comment_status":"closed","ping_status":"closed","template":"template-import.php","meta":{"_acf_changed":false,"footnotes":""},"class_list":["post-31003","page","type-page","status-publish","hentry"],"acf":[],"yoast_head":"<!-- This site is optimized with the Yoast SEO plugin v26.8 - https:\/\/yoast.com\/product\/yoast-seo-wordpress\/ -->\n<title>Bauteile &#8211; NedZink<\/title>\n<meta name=\"robots\" content=\"index, follow, max-snippet:-1, max-image-preview:large, max-video-preview:-1\" \/>\n<link rel=\"canonical\" href=\"https:\/\/www.nedzink.com\/de\/bauteile\/\" \/>\n<meta property=\"og:locale\" content=\"de_DE\" \/>\n<meta property=\"og:type\" content=\"article\" \/>\n<meta property=\"og:title\" content=\"Bauteile &#8211; NedZink\" \/>\n<meta property=\"og:description\" content=\"Je nach Ausf\u00fchrung, Baustoffqualit\u00e4t, Nutzungsart und Pflege, altert jedes Geb\u00e4ude im laufe der Zeit langsamer oder etwas schneller. Irgendwann ist allerdings der Zeitpunkt da, an dem einzelne Bauteile saniert oder ausgetauscht werden m\u00fcssen. So besitzt eine Dacheindeckung oder -abdichtung, je nach Baustoffart, eine Lebensdauer zwischen 20-70 Jahren, w\u00e4hrend ein Fassadenanstrich schon nach ca. 5-15 Jahren [&hellip;]\" \/>\n<meta property=\"og:url\" content=\"https:\/\/www.nedzink.com\/de\/bauteile\/\" \/>\n<meta property=\"og:site_name\" content=\"NedZink\" \/>\n<meta property=\"article:modified_time\" content=\"2020-07-29T14:38:30+00:00\" \/>\n<meta name=\"twitter:card\" content=\"summary_large_image\" \/>\n<meta name=\"twitter:label1\" content=\"Gesch\u00e4tzte Lesezeit\" \/>\n\t<meta name=\"twitter:data1\" content=\"1\u00a0Minute\" \/>\n<script type=\"application\/ld+json\" class=\"yoast-schema-graph\">{\"@context\":\"https:\/\/schema.org\",\"@graph\":[{\"@type\":\"WebPage\",\"@id\":\"https:\/\/www.nedzink.com\/de\/bauteile\/\",\"url\":\"https:\/\/www.nedzink.com\/de\/bauteile\/\",\"name\":\"Bauteile &#8211; NedZink\",\"isPartOf\":{\"@id\":\"https:\/\/www.nedzink.com\/de\/#website\"},\"datePublished\":\"2019-06-04T12:55:56+00:00\",\"dateModified\":\"2020-07-29T14:38:30+00:00\",\"breadcrumb\":{\"@id\":\"https:\/\/www.nedzink.com\/de\/bauteile\/#breadcrumb\"},\"inLanguage\":\"de\",\"potentialAction\":[{\"@type\":\"ReadAction\",\"target\":[\"https:\/\/www.nedzink.com\/de\/bauteile\/\"]}]},{\"@type\":\"BreadcrumbList\",\"@id\":\"https:\/\/www.nedzink.com\/de\/bauteile\/#breadcrumb\",\"itemListElement\":[{\"@type\":\"ListItem\",\"position\":1,\"name\":\"Home\",\"item\":\"https:\/\/www.nedzink.com\/de\/\"},{\"@type\":\"ListItem\",\"position\":2,\"name\":\"Bauteile\"}]},{\"@type\":\"WebSite\",\"@id\":\"https:\/\/www.nedzink.com\/de\/#website\",\"url\":\"https:\/\/www.nedzink.com\/de\/\",\"name\":\"NedZink\",\"description\":\"Zink fabrikant\",\"publisher\":{\"@id\":\"https:\/\/www.nedzink.com\/de\/#organization\"},\"potentialAction\":[{\"@type\":\"SearchAction\",\"target\":{\"@type\":\"EntryPoint\",\"urlTemplate\":\"https:\/\/www.nedzink.com\/de\/?s={search_term_string}\"},\"query-input\":{\"@type\":\"PropertyValueSpecification\",\"valueRequired\":true,\"valueName\":\"search_term_string\"}}],\"inLanguage\":\"de\"},{\"@type\":\"Organization\",\"@id\":\"https:\/\/www.nedzink.com\/de\/#organization\",\"name\":\"NedZink\",\"url\":\"https:\/\/www.nedzink.com\/de\/\",\"logo\":{\"@type\":\"ImageObject\",\"inLanguage\":\"de\",\"@id\":\"https:\/\/www.nedzink.com\/de\/#\/schema\/logo\/image\/\",\"url\":\"https:\/\/www.nedzink.com\/wp-content\/uploads\/2019\/08\/logo-nedzink_fc_zk.jpg\",\"contentUrl\":\"https:\/\/www.nedzink.com\/wp-content\/uploads\/2019\/08\/logo-nedzink_fc_zk.jpg\",\"width\":2160,\"height\":688,\"caption\":\"NedZink\"},\"image\":{\"@id\":\"https:\/\/www.nedzink.com\/de\/#\/schema\/logo\/image\/\"}}]}<\/script>\n<!-- \/ Yoast SEO plugin. -->","yoast_head_json":{"title":"Bauteile &#8211; NedZink","robots":{"index":"index","follow":"follow","max-snippet":"max-snippet:-1","max-image-preview":"max-image-preview:large","max-video-preview":"max-video-preview:-1"},"canonical":"https:\/\/www.nedzink.com\/de\/bauteile\/","og_locale":"de_DE","og_type":"article","og_title":"Bauteile &#8211; NedZink","og_description":"Je nach Ausf\u00fchrung, Baustoffqualit\u00e4t, Nutzungsart und Pflege, altert jedes Geb\u00e4ude im laufe der Zeit langsamer oder etwas schneller. Irgendwann ist allerdings der Zeitpunkt da, an dem einzelne Bauteile saniert oder ausgetauscht werden m\u00fcssen. So besitzt eine Dacheindeckung oder -abdichtung, je nach Baustoffart, eine Lebensdauer zwischen 20-70 Jahren, w\u00e4hrend ein Fassadenanstrich schon nach ca. 5-15 Jahren [&hellip;]","og_url":"https:\/\/www.nedzink.com\/de\/bauteile\/","og_site_name":"NedZink","article_modified_time":"2020-07-29T14:38:30+00:00","twitter_card":"summary_large_image","twitter_misc":{"Gesch\u00e4tzte Lesezeit":"1\u00a0Minute"},"schema":{"@context":"https:\/\/schema.org","@graph":[{"@type":"WebPage","@id":"https:\/\/www.nedzink.com\/de\/bauteile\/","url":"https:\/\/www.nedzink.com\/de\/bauteile\/","name":"Bauteile &#8211; NedZink","isPartOf":{"@id":"https:\/\/www.nedzink.com\/de\/#website"},"datePublished":"2019-06-04T12:55:56+00:00","dateModified":"2020-07-29T14:38:30+00:00","breadcrumb":{"@id":"https:\/\/www.nedzink.com\/de\/bauteile\/#breadcrumb"},"inLanguage":"de","potentialAction":[{"@type":"ReadAction","target":["https:\/\/www.nedzink.com\/de\/bauteile\/"]}]},{"@type":"BreadcrumbList","@id":"https:\/\/www.nedzink.com\/de\/bauteile\/#breadcrumb","itemListElement":[{"@type":"ListItem","position":1,"name":"Home","item":"https:\/\/www.nedzink.com\/de\/"},{"@type":"ListItem","position":2,"name":"Bauteile"}]},{"@type":"WebSite","@id":"https:\/\/www.nedzink.com\/de\/#website","url":"https:\/\/www.nedzink.com\/de\/","name":"NedZink","description":"Zink fabrikant","publisher":{"@id":"https:\/\/www.nedzink.com\/de\/#organization"},"potentialAction":[{"@type":"SearchAction","target":{"@type":"EntryPoint","urlTemplate":"https:\/\/www.nedzink.com\/de\/?s={search_term_string}"},"query-input":{"@type":"PropertyValueSpecification","valueRequired":true,"valueName":"search_term_string"}}],"inLanguage":"de"},{"@type":"Organization","@id":"https:\/\/www.nedzink.com\/de\/#organization","name":"NedZink","url":"https:\/\/www.nedzink.com\/de\/","logo":{"@type":"ImageObject","inLanguage":"de","@id":"https:\/\/www.nedzink.com\/de\/#\/schema\/logo\/image\/","url":"https:\/\/www.nedzink.com\/wp-content\/uploads\/2019\/08\/logo-nedzink_fc_zk.jpg","contentUrl":"https:\/\/www.nedzink.com\/wp-content\/uploads\/2019\/08\/logo-nedzink_fc_zk.jpg","width":2160,"height":688,"caption":"NedZink"},"image":{"@id":"https:\/\/www.nedzink.com\/de\/#\/schema\/logo\/image\/"}}]}},"_links":{"self":[{"href":"https:\/\/www.nedzink.com\/de\/wp-json\/wp\/v2\/pages\/31003","targetHints":{"allow":["GET"]}}],"collection":[{"href":"https:\/\/www.nedzink.com\/de\/wp-json\/wp\/v2\/pages"}],"about":[{"href":"https:\/\/www.nedzink.com\/de\/wp-json\/wp\/v2\/types\/page"}],"author":[{"embeddable":true,"href":"https:\/\/www.nedzink.com\/de\/wp-json\/wp\/v2\/users\/9"}],"replies":[{"embeddable":true,"href":"https:\/\/www.nedzink.com\/de\/wp-json\/wp\/v2\/comments?post=31003"}],"version-history":[{"count":0,"href":"https:\/\/www.nedzink.com\/de\/wp-json\/wp\/v2\/pages\/31003\/revisions"}],"wp:attachment":[{"href":"https:\/\/www.nedzink.com\/de\/wp-json\/wp\/v2\/media?parent=31003"}],"curies":[{"name":"wp","href":"https:\/\/api.w.org\/{rel}","templated":true}]}}