{"id":30890,"date":"2019-06-04T14:55:18","date_gmt":"2019-06-04T12:55:18","guid":{"rendered":"http:\/\/136.144.181.85\/~nedzink\/techn-informationen\/dacheindeckungen\/rautensysteme\/"},"modified":"2021-09-16T10:49:49","modified_gmt":"2021-09-16T08:49:49","slug":"rautensysteme","status":"publish","type":"page","link":"https:\/\/www.nedzink.com\/de\/rautensysteme\/","title":{"rendered":"Rautensysteme"},"content":{"rendered":"[vc_row][vc_column][vc_column_text][\/vc_column_text][\/vc_column][\/vc_row][vc_row][vc_column][vc_column_text css=&#8220;.vc_custom_1631782182942{margin-bottom: 0px !important;}&#8220;]\n<h2>Das Rautensystem<\/h2>\n<h3>Anwendungsgebiet<\/h3>\n<p>Das Rautensystem, gefertigt aus NedZink f\u00fcr Dach und Fassade, ist ausgesprochen repr\u00e4sentativ. Dieses System findet bei der Deckung und Bekleidung von gro\u00dfen und kleinen Fl\u00e4chen Verwendung. Normalerweise betr\u00e4gt die minimale Dachneigung 25\u00b0, wenn aber der Scheitelwinkel der Raute gel\u00f6tet ist, dann sind 18\u00b0 Dachneigung m\u00f6glich.<\/p>\n<p>Das NedZink-Standard-Rautensystem besteht aus kleinen gleichgestalteten, gekanteten Blechteilen, die ineinander gehakt werden. Die am meisten verwendete Form einer Raute ist das Quadrat, w\u00e4hrend auch die Rhombenform regelm\u00e4\u00dfig vorkommt. In diesem Ratgeber wird die quadratische Raute besprochen. Das Decken und Bekleiden leicht gebogener Fl\u00e4chen l\u00e4sst sich mit Rauten gut ausf\u00fchren. Die eingehakten Rauten bilden ein Mosaik aus gleichgeformten Fl\u00e4chen mit vertikal und horizontal verlaufenden Diagonalen.<\/p>\n<h2>Eine schematische Darstellung des Rautensystems zeigt:<\/h2>\n<ul>\n<li><a title=\"https:\/\/www.nedzink.com\/wp-content\/uploads\/import\/cms\/userfiles\/files\/downloads\/de\/54_rauten_schematisch.jpg\" href=\"https:\/\/www.nedzink.com\/wp-content\/uploads\/import\/cms\/userfiles\/files\/downloads\/de\/54_rauten_schematisch.jpg\" target=\"_blank\" rel=\"shadowbox noopener noreferrer\">Abb.\u00a0\u00a0Rautensystem schematisch<\/a><\/li>\n<li><a title=\"https:\/\/www.nedzink.com\/wp-content\/uploads\/import\/cms\/userfiles\/files\/downloads\/de\/54_rautendachschematisch.jpg\" href=\"https:\/\/www.nedzink.com\/wp-content\/uploads\/import\/cms\/userfiles\/files\/downloads\/de\/54_rautendachschematisch.jpg\" target=\"_blank\" rel=\"shadowbox noopener noreferrer\">Abb.\u00a0 Rautendach mit Detailverweisen wiedergegeben.<\/a><\/li>\n<\/ul>\n<table style=\"width: 100%;\" border=\"0\" cellspacing=\"1\" cellpadding=\"1\">\n<tbody>\n<tr>\n<td>\n<p align=\"center\"><a title=\"\/cms\/userfiles\/files\/downloads\/de\/54_losangedak1.jpg\" href=\"https:\/\/www.nedzink.com\/wp-content\/uploads\/import\/cms\/userfiles\/images\/54_losangedak1.jpg\" target=\"_blank\" rel=\"shadowbox noopener noreferrer\"><img decoding=\"async\" style=\"width: 250px;\" src=\"https:\/\/www.nedzink.com\/wp-content\/uploads\/import\/cms\/userfiles\/images\/54_losangedak1.jpg\" alt=\"Zoom\" border=\"0\" hspace=\"10\" vspace=\"10\" \/><\/a><\/p>\n<\/td>\n<td>\n<p align=\"center\"><a title=\"\/cms\/userfiles\/files\/downloads\/de\/54_losangedak2.jpg\" href=\"https:\/\/www.nedzink.com\/wp-content\/uploads\/import\/cms\/userfiles\/images\/54_losangedak2.jpg\" target=\"_blank\" rel=\"shadowbox noopener noreferrer\"><img decoding=\"async\" style=\"width: 250px;\" src=\"https:\/\/www.nedzink.com\/wp-content\/uploads\/import\/cms\/userfiles\/images\/54_losangedak2.jpg\" alt=\"Zoom\" border=\"0\" hspace=\"10\" vspace=\"10\" \/><\/a><\/p>\n<\/td>\n<\/tr>\n<\/tbody>\n<\/table>\n<p>&nbsp;<\/p>\n<p><center>\u00a0<\/center><\/p>\n<h2>Das Rautendach<\/h2>\n<p>Spezifikation der Standard-Teile<\/p>\n<p><strong><u>Abmessungen NedZink Schindeln<\/u><\/strong><\/p>\n<p><strong><u>Rautenschindeln:\u00a0 <\/u><\/strong><a href=\"https:\/\/www.nedzink.com\/wp-content\/uploads\/import\/cms\/userfiles\/files\/downloads\/de\/43_losange_ruit.jpg\"><img decoding=\"async\" style=\"border: 0px solid currentColor; width: 28px; height: 52px;\" src=\"https:\/\/www.nedzink.com\/wp-content\/uploads\/import\/cms\/userfiles\/images\/5.3-2screen.jpg\" \/><\/a><\/p>\n<p>H\u00f6he\u00a0 \u00a0\u00a0\u00a0 302 mm (sichtbare Fl\u00e4che)<\/p>\n<p>Breite\u00a0\u00a0\u00a0\u00a0 210 mm (sichtbare Fl\u00e4che)<\/p>\n<p>Dicke\u00a0 \u00a0\u00a0 0,7-1,00 mm<\/p>\n<p>Menge\u00a0\u00a0\u00a026,74 St\u00fcck\/m\u00b2<\/p>\n<p>&nbsp;<\/p>\n<p>H\u00f6he\u00a0 \u00a0\u00a0 450 mm (sichtbare Fl\u00e4che)<\/p>\n<p>Breite \u00a0 \u00a0298 mm (sichtbare Fl\u00e4che)<\/p>\n<p>Dicke\u00a0 \u00a0\u00a0 0,7-1,00 mm<\/p>\n<p>Menge\u00a0\u00a0 13,23 St\u00fcck\/m\u00b2<\/p>\n<p>&nbsp;<\/p>\n<p>H\u00f6he\u00a0 \u00a0\u00a0 685 mm (sichtbare Fl\u00e4che)<\/p>\n<p>Breite \u00a0\u00a0 428 mm (sichtbare Fl\u00e4che)<\/p>\n<p>Dicke\u00a0 \u00a0\u00a0 0,7-1,00 mm<\/p>\n<p>Menge\u00a0\u00a0\u00a06,26 St\u00fcck\/m\u00b2<\/p>\n<p>&nbsp;<\/p>\n<p><strong><u>Quadratschindel: <\/u><\/strong><a href=\"https:\/\/www.nedzink.com\/wp-content\/uploads\/import\/cms\/userfiles\/files\/downloads\/de\/43_losanges_vierkant.jpg\"><img decoding=\"async\" style=\"border: 0px solid currentColor; width: 46px; height: 47px;\" src=\"https:\/\/www.nedzink.com\/wp-content\/uploads\/import\/cms\/userfiles\/images\/5.3-1screen.jpg\" \/><\/a><\/p>\n<p>H\u00f6he\u00a0 \u00a0\u00a0 266 mm (sichtbare Fl\u00e4che)<\/p>\n<p>Breite \u00a0 \u00a0266 mm (sichtbare Fl\u00e4che)<\/p>\n<p>Dicke\u00a0 \u00a0\u00a0 0,7-1,00 mm<\/p>\n<p>Menge\u00a0\u00a0 14,13 St\u00fcck\/m\u00b2<\/p>\n<p>&nbsp;<\/p>\n<p>H\u00f6he\u00a0 \u00a0\u00a0 330 mm (sichtbare Fl\u00e4che)<\/p>\n<p>Breite \u00a0\u00a0 330 mm (sichtbare Fl\u00e4che)<\/p>\n<p>Dicke\u00a0 \u00a0\u00a0 0,7 &#8211; 1,00 mm<\/p>\n<p>Menge\u00a0\u00a0 9,18 St\u00fcck\/m\u00b2<\/p>\n<p>&nbsp;<\/p>\n<p>H\u00f6he\u00a0 \u00a0\u00a0 410 mm (sichtbare Fl\u00e4che)<\/p>\n<p>Breite \u00a0\u00a0 410 mm (sichtbare Fl\u00e4che)<\/p>\n<p>Varianten stumpfe &amp; spitze Ecken<\/p>\n<p>Dicke\u00a0 \u00a0\u00a0 0,7-1,00 mm<\/p>\n<p>&nbsp;<\/p>\n<p>H\u00f6he\u00a0 \u00a0\u00a0 510 mm (sichtbare Fl\u00e4che)<\/p>\n<p>Breite\u00a0\u00a0\u00a0\u00a0510 mm (sichtbare Fl\u00e4che)<\/p>\n<p>Varianten stumpfe &amp; spitze Ecken<\/p>\n<p>Dicke\u00a0 \u00a0\u00a0 0,7-1,00 mm<\/p>\n<p>&nbsp;<\/p>\n<p><strong><u>Rechteckschindel:<\/u><\/strong><\/p>\n<p>H\u00f6he\u00a0 \u00a0\u00a0 310 mm (sichtbare Fl\u00e4che)<\/p>\n<p>Breite \u00a0\u00a0 510 mm (sichtbare Fl\u00e4che)<\/p>\n<p>Dicke\u00a0 \u00a0\u00a0 0,7 \u2013 1,0 mm<\/p>\n<p>Menge\u00a0\u00a0\u00a06,4 St\u00fcck\/m\u00b2<\/p>\n<p>&nbsp;<\/p>\n<p>H\u00f6he\u00a0 \u00a0\u00a0 410 mm (sichtbare Fl\u00e4che)<\/p>\n<p>Breite \u00a0\u00a0 800 mm (sichtbare Fl\u00e4che)<\/p>\n<p>Dicke\u00a0 \u00a0\u00a0 0,7 \u2013 1,0 mm<\/p>\n<p>Menge\u00a0\u00a0\u00a03,05 St\u00fcck\/m\u00b2<\/p>\n<p>&nbsp;<\/p>\n<p>H\u00f6he\u00a0 \u00a0\u00a0 510 mm (sichtbare Fl\u00e4che)<\/p>\n<p>Breite \u00a0\u00a0 1000 mm (sichtbare Fl\u00e4che)<\/p>\n<p>Dicke\u00a0 \u00a0\u00a0 0,7 \u2013 1,0 mm<\/p>\n<p>Menge\u00a0\u00a0\u00a02,0 St\u00fcck\/m\u00b2<\/p>\n<p>&nbsp;<\/p>\n<p><strong><u>Architekturschindel:<\/u><\/strong><\/p>\n<p>H\u00f6he\u00a0 \u00a0\u00a0 530 mm (sichtbare Fl\u00e4che)<\/p>\n<p>Breite \u00a0\u00a0 530 mm (sichtbare Fl\u00e4che)<\/p>\n<p>Dicke\u00a0 \u00a0\u00a0 0,7mm (bis1,00 auf Anfrage)<\/p>\n<p>Menge\u00a0\u00a0\u00a03,52 St\u00fcck\/m\u00b2<\/p>\n<p>&nbsp;<\/p>\n<p>H\u00f6he\u00a0 \u00a0\u00a0 330 mm (sichtbare Fl\u00e4che)<\/p>\n<p>Breite \u00a0\u00a0 330 mm (sichtbare Fl\u00e4che)<\/p>\n<p>Dicke\u00a0 \u00a0\u00a0 0,7mm [bis 1,00 auf Anfrage)<\/p>\n<p>Menge\u00a0\u00a0\u00a09,2 St\u00fcck\/m\u00b2<\/p>\n<p>&nbsp;<\/p>\n<p>H\u00f6he\u00a0 \u00a0\u00a0 430 mm (sichtbare Fl\u00e4che)<\/p>\n<p>Breite \u00a0\u00a0 430 mm (sichtbare Fl\u00e4che)<\/p>\n<p>Dicke\u00a0 \u00a0\u00a0 0,7mm (bis 1,00 auf Anfrage)<\/p>\n<p>Menge\u00a0\u00a0\u00a05,32 St\u00fcck\/m\u00b2<\/p>\n<p>&nbsp;<\/p>\n<p>H\u00f6he\u00a0 \u00a0\u00a0 330 mm (sichtbare Fl\u00e4che)<\/p>\n<p>Breite \u00a0\u00a0 530 mm (sichtbare Fl\u00e4che)<\/p>\n<p>Dicke\u00a0 \u00a0\u00a0 0,7mm (bis 1,0 auf Anfrage)<\/p>\n<p>Menge\u00a0\u00a0\u00a05,71 St\u00fcck\/m\u00b2<\/p>\n<p><strong>Schiebehaft<\/strong> 70 x 50 mm\u00a0<a title=\"https:\/\/www.nedzink.com\/wp-content\/uploads\/import\/cms\/userfiles\/files\/downloads\/de\/43_zijaansluiting.jpg\" href=\"https:\/\/www.nedzink.com\/wp-content\/uploads\/import\/cms\/userfiles\/files\/downloads\/de\/43_zijaansluiting.jpg\" target=\"_blank\" rel=\"shadowbox noopener noreferrer\">(Abb. 5)<\/a><br \/>\nMaterialst\u00e4rke wie die der Raute. Der Schiebehaft fungiert als Haltehaft. Diese Schiebehafte k\u00f6nnen vom Klempner selbst angefertigt werden.<\/p>\n<p><strong>Gel\u00f6teter Haft<\/strong><br \/>\n50 mm breit. L\u00e4nge ca. 100 mm, Zuschnittma\u00df, je nach Stelle und Raum zum Befestigen an der Unterkonstruktion. Der Haft kann vom Klempner selbst angefertigt und an die Raute gel\u00f6tet werden.<\/p>\n<p><strong>Profile<\/strong><br \/>\nDas Aufma\u00df des unteren Abschlussprofils, der Anschlussprofile und dergleichen h\u00e4ngt von den Ma\u00dfen vor Ort ab; sie k\u00f6nnen vom Klempner selbst angefertigt werden oder sind als Ma\u00dfarbeit in L\u00e4ngen von 3 Metern lieferbar.<\/p>\n<p><strong>Unterkonstruktion<\/strong><br \/>\nDas Rautendach muss vollst\u00e4ndig von einer Holzschalung getragen werden, die vorzugsweise aus unbearbeiteten, ungehobelten Schalbrettern von 23 &#8211; 25 mm Dicke ohne Nut und Feder besteht.<br \/>\nBei einer Dachneigung bis zu 40\u00b0 d\u00fcrfen zwischen den Schalbrettern Spalte bis 10 mm klaffen. Bei einer Dachneigung \u00fcber 40\u00b0 d\u00fcrfen die Bretter bis 10 cm auseinanderliegen, wobei im Bereich eines Haftes stets Holz in ausreichendem Ma\u00dfe vorhanden sein muss.<\/p>\n<p><strong>Bel\u00fcftung<\/strong><br \/>\nBei w\u00e4rmeged\u00e4mmten D\u00e4chern ist ein mit Au\u00dfenluft bel\u00fcfteter Luftspalt zwischen der W\u00e4rmed\u00e4mmung und der tragenden Holzschalung erforderlich.<\/p>\n<p><strong>Montage<\/strong><br \/>\nDie nun folgende Beschreibung bezieht sich auf die Montage von Rauten mit einem gel\u00f6teten Haft am Scheitelwinkel und zwei Schiebehaften an den beiden oberen Seiten. Die Hafte werden mit N\u00e4geln aus rostfreiem Stahl oder verzinkten Stahln\u00e4geln bzw. Schrauben an der Holzschalung befestigt. Die Rauten werden von unten nach oben montiert.<\/p>\n<p><strong>Unterer Anschluss oder Traufanschluss<\/strong><br \/>\nZun\u00e4chst wird ein Traufprofil montiert. (Die Hafte m\u00fcssen zu diesem Zweck mit einer Leine ausgerichtet werden.) In dieses Profil die halben Rauten &#8222;unten&#8220; einhaken und danach mit ganzen Rauten ausf\u00fchren (siehe <a title=\"https:\/\/www.nedzink.com\/wp-content\/uploads\/import\/cms\/userfiles\/files\/downloads\/de\/43_druipaansluiting_losanges.jpg\" href=\"https:\/\/www.nedzink.com\/wp-content\/uploads\/import\/cms\/userfiles\/files\/downloads\/de\/43_druipaansluiting_losanges.jpg\" target=\"_blank\" rel=\"shadowbox noopener noreferrer\">Abb. 6<\/a>).<\/p>\n<p>&nbsp;<\/p>\n<p><b>Anzeichnen<\/b><br \/>\nDie Rauten werden mit einer kleinen Toleranz angebracht; das Anzeichnen ist n\u00f6tig, um ein gerades Linienmuster zu erhalten. Von der Mitte der Dachfl\u00e4che aus mit Anzeichnen beginnen und im Abstand von jeweils 3 Rauten Anrei\u00dflinien (Fu\u00dflinien) ziehen.<\/p>\n<p><b>Oberer Anschluss, Firstanschluss<\/b><br \/>\nBei einem Firstanschluss vorzugsweise mit halben Rauten abschlie\u00dfen. Sollte dies nicht m\u00f6glich sein, die Teilraute auf Ma\u00df schneiden und an der Oberseite umkanten. Diese Teil- oder halben Rauten mit einem Hakenhaft oder gel\u00f6teten Haft zum Befestigen an der Holzschalung versehen. Danach mit dem oberen Abschlussprofil weiter ausf\u00fchren. Ein Beispiel einer Firstbearbeitung zeigt <a title=\"https:\/\/www.nedzink.com\/wp-content\/uploads\/import\/cms\/userfiles\/files\/downloads\/de\/43_losanges_beginaansluiting.jpg\" href=\"https:\/\/www.nedzink.com\/wp-content\/uploads\/import\/cms\/userfiles\/files\/downloads\/de\/43_losanges_beginaansluiting.jpg\" target=\"_blank\" rel=\"shadowbox noopener noreferrer\">Abb. 8<\/a><\/p>\n<p>&nbsp;<\/p>\n<p><b>Wandanschluss,<\/b> siehe <a title=\"https:\/\/www.nedzink.com\/wp-content\/uploads\/import\/cms\/userfiles\/files\/downloads\/de\/43_wandaansluiting_losange.jpg\" href=\"https:\/\/www.nedzink.com\/wp-content\/uploads\/import\/cms\/userfiles\/files\/downloads\/de\/43_wandaansluiting_losange.jpg\" target=\"_blank\" rel=\"shadowbox noopener noreferrer\">(Abb. 9)<\/a><br \/>\nDer Anschluss an aufsteigende Bauteile weist Parallelen mit dem Firstanschluss auf.<\/p>\n<p><b>Ortgangabschlu\u00df mit der Giebelwand<\/b><br \/>\nDie erste Methode ist die des sch\u00f6nen sauberen Abschlusses, wobei der Dachrand mit Hilfe eines Keils leicht angehoben wird (siehe <a title=\"https:\/\/www.nedzink.com\/wp-content\/uploads\/import\/cms\/userfiles\/files\/downloads\/de\/43_ortganganschluss.jpg\" href=\"https:\/\/www.nedzink.com\/wp-content\/uploads\/import\/cms\/userfiles\/files\/downloads\/de\/43_ortganganschluss.jpg\" target=\"_blank\" rel=\"shadowbox noopener noreferrer\">Abb. 10<\/a>)\u00a0Eine andere Methode ist die des Abschlusses mit einem Endbalken oder einer Leiste.<\/p>\n<p>&nbsp;<\/p>\n<p><b>Seitlicher Wandanschluss mit aufsteigenden Bauteilen<\/b><br \/>\n<a title=\"https:\/\/www.nedzink.com\/wp-content\/uploads\/import\/cms\/userfiles\/files\/downloads\/de\/43_wandaansluiting_losange.jpg\" href=\"https:\/\/www.nedzink.com\/wp-content\/uploads\/import\/cms\/userfiles\/files\/downloads\/de\/43_wandaansluiting_losange.jpg\" target=\"_blank\" rel=\"shadowbox noopener noreferrer\">Abb. 12<\/a> zeigt den Anschluss mit Hilfe des Zinkbandes mit einfachem Falz und Zusatzfalz. Die H\u00f6he der Aufkantung des Zinks gegen die Wand muss mindestens 10 cm betragen. Abb. 12 (b) zeigt die Methode mit der eingebauten Rinne.<\/p>\n<p><b>Ecksparren<\/b> (Gratsparren)<br \/>\nZur Abdeckung der \u00e4u\u00dferen Ecke bestehen mehrere M\u00f6glichkeiten (<a title=\"https:\/\/www.nedzink.com\/wp-content\/uploads\/import\/cms\/userfiles\/files\/downloads\/de\/43_abb13.jpg\" href=\"https:\/\/www.nedzink.com\/wp-content\/uploads\/import\/cms\/userfiles\/files\/downloads\/de\/43_abb13.jpg\" target=\"_blank\" rel=\"shadowbox noopener noreferrer\">siehe Abb. 13<\/a>).<\/p>\n<p>Abb. 13a zeigt die Methode mit der flachen Leiste, die in den umgekanteten Falz der Rauten greift.<br \/>\nDie Konstruktion der eingebauten Rinne ist in Abb. 13b dargestellt, wobei eine Holzleiste an dem Sparren befestigt wird. Dies ist auch in Abb. 13c und 13d der Fall. In Abb. 13c wird die Raute gegen die Holzleiste umgekantet. Dies ist leichter auszuf\u00fchren, wenn der Ecksparren noch nicht angebracht ist. Abb. 13d zeigt die Methode des Zinkbandes mit einfachem Falz und Zusatzfalz.<\/p>\n<p><b>Kehlanschluss<\/b><br \/>\nDie Rinne ist mit einem durchlaufenden einfachen Falz mit Zusatzfalz zum Einhaken der Rauten versehen (siehe <a title=\"https:\/\/www.nedzink.com\/wp-content\/uploads\/import\/cms\/userfiles\/files\/downloads\/de\/43_kilaanslluiting_losanges.jpg\" href=\"https:\/\/www.nedzink.com\/wp-content\/uploads\/import\/cms\/userfiles\/files\/downloads\/de\/43_kilaanslluiting_losanges.jpg\" target=\"_blank\" rel=\"shadowbox noopener noreferrer\">Abb. 11<\/a>.<\/p>\n<p><b>Dachdurchbruch<\/b><br \/>\nBei einem Dachdurchbruch kommen die technischen L\u00f6sungen des Firstanschlusses, des Ortgangabschlusses, des Traufanschlusses und der Eckverbindungen zum Einsatz (siehe <a title=\"https:\/\/www.nedzink.com\/wp-content\/uploads\/import\/cms\/userfiles\/files\/downloads\/de\/43_raamaansluiting.jpg\" href=\"https:\/\/www.nedzink.com\/wp-content\/uploads\/import\/cms\/userfiles\/files\/downloads\/de\/43_raamaansluiting.jpg\" target=\"_blank\" rel=\"shadowbox noopener noreferrer\">Abb. 14<\/a>).<\/p>\n<p>Siehe auch:<\/p>\n<p><a href=\"https:\/\/www.nedzink.com\/de\/dacheindeckungen\/leistensysteme\/\"><strong>Leistensysteme<\/strong><\/a><br \/>\n<a href=\"https:\/\/www.nedzink.com\/de\/falzsysteme\/\"><strong>Falzsysteme<\/strong><\/a>[\/vc_column_text][\/vc_column][\/vc_row]\n","protected":false},"excerpt":{"rendered":"<p>[vc_row][vc_column][vc_column_text][\/vc_column_text][\/vc_column][\/vc_row][vc_row][vc_column][vc_column_text css=&#8220;.vc_custom_1631782182942{margin-bottom: 0px !important;}&#8220;] Das Rautensystem Anwendungsgebiet Das Rautensystem, gefertigt aus NedZink f\u00fcr Dach und Fassade, ist ausgesprochen repr\u00e4sentativ. Dieses System findet bei der Deckung und Bekleidung von gro\u00dfen und kleinen Fl\u00e4chen Verwendung. Normalerweise betr\u00e4gt die minimale Dachneigung 25\u00b0, wenn aber der Scheitelwinkel der Raute gel\u00f6tet ist, dann sind 18\u00b0 Dachneigung m\u00f6glich. Das NedZink-Standard-Rautensystem besteht [&hellip;]<\/p>\n","protected":false},"author":9,"featured_media":0,"parent":0,"menu_order":830,"comment_status":"closed","ping_status":"closed","template":"template-import.php","meta":{"_acf_changed":false,"footnotes":""},"class_list":["post-30890","page","type-page","status-publish","hentry"],"acf":[],"yoast_head":"<!-- This site is optimized with the Yoast SEO plugin v26.8 - https:\/\/yoast.com\/product\/yoast-seo-wordpress\/ -->\n<title>Rautensysteme \u2013 NedZink<\/title>\n<meta name=\"robots\" content=\"index, follow, max-snippet:-1, max-image-preview:large, max-video-preview:-1\" \/>\n<link rel=\"canonical\" href=\"https:\/\/www.nedzink.com\/de\/rautensysteme\/\" \/>\n<meta property=\"og:locale\" content=\"de_DE\" \/>\n<meta property=\"og:type\" content=\"article\" \/>\n<meta property=\"og:title\" content=\"Rautensysteme \u2013 NedZink\" \/>\n<meta property=\"og:description\" content=\"[vc_row][vc_column][vc_column_text][\/vc_column_text][\/vc_column][\/vc_row][vc_row][vc_column][vc_column_text css=&#8220;.vc_custom_1631782182942{margin-bottom: 0px !important;}&#8220;] Das Rautensystem Anwendungsgebiet Das Rautensystem, gefertigt aus NedZink f\u00fcr Dach und Fassade, ist ausgesprochen repr\u00e4sentativ. Dieses System findet bei der Deckung und Bekleidung von gro\u00dfen und kleinen Fl\u00e4chen Verwendung. Normalerweise betr\u00e4gt die minimale Dachneigung 25\u00b0, wenn aber der Scheitelwinkel der Raute gel\u00f6tet ist, dann sind 18\u00b0 Dachneigung m\u00f6glich. Das NedZink-Standard-Rautensystem besteht [&hellip;]\" \/>\n<meta property=\"og:url\" content=\"https:\/\/www.nedzink.com\/de\/rautensysteme\/\" \/>\n<meta property=\"og:site_name\" content=\"NedZink\" \/>\n<meta property=\"article:modified_time\" content=\"2021-09-16T08:49:49+00:00\" \/>\n<meta property=\"og:image\" content=\"https:\/\/www.nedzink.com\/wp-content\/uploads\/import\/cms\/userfiles\/images\/54_losangedak1.jpg\" \/>\n<meta name=\"twitter:card\" content=\"summary_large_image\" \/>\n<meta name=\"twitter:label1\" content=\"Gesch\u00e4tzte Lesezeit\" \/>\n\t<meta name=\"twitter:data1\" content=\"6\u00a0Minuten\" \/>\n<script type=\"application\/ld+json\" class=\"yoast-schema-graph\">{\"@context\":\"https:\/\/schema.org\",\"@graph\":[{\"@type\":\"WebPage\",\"@id\":\"https:\/\/www.nedzink.com\/de\/rautensysteme\/\",\"url\":\"https:\/\/www.nedzink.com\/de\/rautensysteme\/\",\"name\":\"Rautensysteme \u2013 NedZink\",\"isPartOf\":{\"@id\":\"https:\/\/www.nedzink.com\/de\/#website\"},\"primaryImageOfPage\":{\"@id\":\"https:\/\/www.nedzink.com\/de\/rautensysteme\/#primaryimage\"},\"image\":{\"@id\":\"https:\/\/www.nedzink.com\/de\/rautensysteme\/#primaryimage\"},\"thumbnailUrl\":\"https:\/\/www.nedzink.com\/wp-content\/uploads\/import\/cms\/userfiles\/images\/54_losangedak1.jpg\",\"datePublished\":\"2019-06-04T12:55:18+00:00\",\"dateModified\":\"2021-09-16T08:49:49+00:00\",\"breadcrumb\":{\"@id\":\"https:\/\/www.nedzink.com\/de\/rautensysteme\/#breadcrumb\"},\"inLanguage\":\"de\",\"potentialAction\":[{\"@type\":\"ReadAction\",\"target\":[\"https:\/\/www.nedzink.com\/de\/rautensysteme\/\"]}]},{\"@type\":\"ImageObject\",\"inLanguage\":\"de\",\"@id\":\"https:\/\/www.nedzink.com\/de\/rautensysteme\/#primaryimage\",\"url\":\"https:\/\/www.nedzink.com\/wp-content\/uploads\/import\/cms\/userfiles\/images\/54_losangedak1.jpg\",\"contentUrl\":\"https:\/\/www.nedzink.com\/wp-content\/uploads\/import\/cms\/userfiles\/images\/54_losangedak1.jpg\"},{\"@type\":\"BreadcrumbList\",\"@id\":\"https:\/\/www.nedzink.com\/de\/rautensysteme\/#breadcrumb\",\"itemListElement\":[{\"@type\":\"ListItem\",\"position\":1,\"name\":\"Home\",\"item\":\"https:\/\/www.nedzink.com\/de\/\"},{\"@type\":\"ListItem\",\"position\":2,\"name\":\"Dacheindeckungen mit Titanzink\",\"item\":\"https:\/\/www.nedzink.com\/de\/dacheindeckungen\/\"},{\"@type\":\"ListItem\",\"position\":3,\"name\":\"Rautensysteme\"}]},{\"@type\":\"WebSite\",\"@id\":\"https:\/\/www.nedzink.com\/de\/#website\",\"url\":\"https:\/\/www.nedzink.com\/de\/\",\"name\":\"NedZink\",\"description\":\"Zink fabrikant\",\"publisher\":{\"@id\":\"https:\/\/www.nedzink.com\/de\/#organization\"},\"potentialAction\":[{\"@type\":\"SearchAction\",\"target\":{\"@type\":\"EntryPoint\",\"urlTemplate\":\"https:\/\/www.nedzink.com\/de\/?s={search_term_string}\"},\"query-input\":{\"@type\":\"PropertyValueSpecification\",\"valueRequired\":true,\"valueName\":\"search_term_string\"}}],\"inLanguage\":\"de\"},{\"@type\":\"Organization\",\"@id\":\"https:\/\/www.nedzink.com\/de\/#organization\",\"name\":\"NedZink\",\"url\":\"https:\/\/www.nedzink.com\/de\/\",\"logo\":{\"@type\":\"ImageObject\",\"inLanguage\":\"de\",\"@id\":\"https:\/\/www.nedzink.com\/de\/#\/schema\/logo\/image\/\",\"url\":\"https:\/\/www.nedzink.com\/wp-content\/uploads\/2019\/08\/logo-nedzink_fc_zk.jpg\",\"contentUrl\":\"https:\/\/www.nedzink.com\/wp-content\/uploads\/2019\/08\/logo-nedzink_fc_zk.jpg\",\"width\":2160,\"height\":688,\"caption\":\"NedZink\"},\"image\":{\"@id\":\"https:\/\/www.nedzink.com\/de\/#\/schema\/logo\/image\/\"}}]}<\/script>\n<!-- \/ Yoast SEO plugin. -->","yoast_head_json":{"title":"Rautensysteme \u2013 NedZink","robots":{"index":"index","follow":"follow","max-snippet":"max-snippet:-1","max-image-preview":"max-image-preview:large","max-video-preview":"max-video-preview:-1"},"canonical":"https:\/\/www.nedzink.com\/de\/rautensysteme\/","og_locale":"de_DE","og_type":"article","og_title":"Rautensysteme \u2013 NedZink","og_description":"[vc_row][vc_column][vc_column_text][\/vc_column_text][\/vc_column][\/vc_row][vc_row][vc_column][vc_column_text css=&#8220;.vc_custom_1631782182942{margin-bottom: 0px !important;}&#8220;] Das Rautensystem Anwendungsgebiet Das Rautensystem, gefertigt aus NedZink f\u00fcr Dach und Fassade, ist ausgesprochen repr\u00e4sentativ. Dieses System findet bei der Deckung und Bekleidung von gro\u00dfen und kleinen Fl\u00e4chen Verwendung. Normalerweise betr\u00e4gt die minimale Dachneigung 25\u00b0, wenn aber der Scheitelwinkel der Raute gel\u00f6tet ist, dann sind 18\u00b0 Dachneigung m\u00f6glich. Das NedZink-Standard-Rautensystem besteht [&hellip;]","og_url":"https:\/\/www.nedzink.com\/de\/rautensysteme\/","og_site_name":"NedZink","article_modified_time":"2021-09-16T08:49:49+00:00","og_image":[{"url":"https:\/\/www.nedzink.com\/wp-content\/uploads\/import\/cms\/userfiles\/images\/54_losangedak1.jpg","type":"","width":"","height":""}],"twitter_card":"summary_large_image","twitter_misc":{"Gesch\u00e4tzte Lesezeit":"6\u00a0Minuten"},"schema":{"@context":"https:\/\/schema.org","@graph":[{"@type":"WebPage","@id":"https:\/\/www.nedzink.com\/de\/rautensysteme\/","url":"https:\/\/www.nedzink.com\/de\/rautensysteme\/","name":"Rautensysteme \u2013 NedZink","isPartOf":{"@id":"https:\/\/www.nedzink.com\/de\/#website"},"primaryImageOfPage":{"@id":"https:\/\/www.nedzink.com\/de\/rautensysteme\/#primaryimage"},"image":{"@id":"https:\/\/www.nedzink.com\/de\/rautensysteme\/#primaryimage"},"thumbnailUrl":"https:\/\/www.nedzink.com\/wp-content\/uploads\/import\/cms\/userfiles\/images\/54_losangedak1.jpg","datePublished":"2019-06-04T12:55:18+00:00","dateModified":"2021-09-16T08:49:49+00:00","breadcrumb":{"@id":"https:\/\/www.nedzink.com\/de\/rautensysteme\/#breadcrumb"},"inLanguage":"de","potentialAction":[{"@type":"ReadAction","target":["https:\/\/www.nedzink.com\/de\/rautensysteme\/"]}]},{"@type":"ImageObject","inLanguage":"de","@id":"https:\/\/www.nedzink.com\/de\/rautensysteme\/#primaryimage","url":"https:\/\/www.nedzink.com\/wp-content\/uploads\/import\/cms\/userfiles\/images\/54_losangedak1.jpg","contentUrl":"https:\/\/www.nedzink.com\/wp-content\/uploads\/import\/cms\/userfiles\/images\/54_losangedak1.jpg"},{"@type":"BreadcrumbList","@id":"https:\/\/www.nedzink.com\/de\/rautensysteme\/#breadcrumb","itemListElement":[{"@type":"ListItem","position":1,"name":"Home","item":"https:\/\/www.nedzink.com\/de\/"},{"@type":"ListItem","position":2,"name":"Dacheindeckungen mit Titanzink","item":"https:\/\/www.nedzink.com\/de\/dacheindeckungen\/"},{"@type":"ListItem","position":3,"name":"Rautensysteme"}]},{"@type":"WebSite","@id":"https:\/\/www.nedzink.com\/de\/#website","url":"https:\/\/www.nedzink.com\/de\/","name":"NedZink","description":"Zink fabrikant","publisher":{"@id":"https:\/\/www.nedzink.com\/de\/#organization"},"potentialAction":[{"@type":"SearchAction","target":{"@type":"EntryPoint","urlTemplate":"https:\/\/www.nedzink.com\/de\/?s={search_term_string}"},"query-input":{"@type":"PropertyValueSpecification","valueRequired":true,"valueName":"search_term_string"}}],"inLanguage":"de"},{"@type":"Organization","@id":"https:\/\/www.nedzink.com\/de\/#organization","name":"NedZink","url":"https:\/\/www.nedzink.com\/de\/","logo":{"@type":"ImageObject","inLanguage":"de","@id":"https:\/\/www.nedzink.com\/de\/#\/schema\/logo\/image\/","url":"https:\/\/www.nedzink.com\/wp-content\/uploads\/2019\/08\/logo-nedzink_fc_zk.jpg","contentUrl":"https:\/\/www.nedzink.com\/wp-content\/uploads\/2019\/08\/logo-nedzink_fc_zk.jpg","width":2160,"height":688,"caption":"NedZink"},"image":{"@id":"https:\/\/www.nedzink.com\/de\/#\/schema\/logo\/image\/"}}]}},"_links":{"self":[{"href":"https:\/\/www.nedzink.com\/de\/wp-json\/wp\/v2\/pages\/30890","targetHints":{"allow":["GET"]}}],"collection":[{"href":"https:\/\/www.nedzink.com\/de\/wp-json\/wp\/v2\/pages"}],"about":[{"href":"https:\/\/www.nedzink.com\/de\/wp-json\/wp\/v2\/types\/page"}],"author":[{"embeddable":true,"href":"https:\/\/www.nedzink.com\/de\/wp-json\/wp\/v2\/users\/9"}],"replies":[{"embeddable":true,"href":"https:\/\/www.nedzink.com\/de\/wp-json\/wp\/v2\/comments?post=30890"}],"version-history":[{"count":0,"href":"https:\/\/www.nedzink.com\/de\/wp-json\/wp\/v2\/pages\/30890\/revisions"}],"wp:attachment":[{"href":"https:\/\/www.nedzink.com\/de\/wp-json\/wp\/v2\/media?parent=30890"}],"curies":[{"name":"wp","href":"https:\/\/api.w.org\/{rel}","templated":true}]}}