{"id":30870,"date":"2019-06-04T14:55:04","date_gmt":"2019-06-04T12:55:04","guid":{"rendered":"http:\/\/136.144.181.85\/~nedzink\/techn-informationen\/dacheindeckungen\/falzsysteme\/"},"modified":"2021-09-16T10:37:11","modified_gmt":"2021-09-16T08:37:11","slug":"falzsysteme","status":"publish","type":"page","link":"https:\/\/www.nedzink.com\/de\/falzsysteme\/","title":{"rendered":"Falzsysteme"},"content":{"rendered":"[vc_row][vc_column][vc_column_text css=&#8220;.vc_custom_1631781425599{margin-bottom: 0px !important;}&#8220;]Diese Stehfalzsysteme werden am h\u00e4ufigsten f\u00fcr Dach- und Wandkonstruktionen mit NedZink eingesetzt. Sie lassen sich problemlos und vielseitig verarbeiten und architektonischen Vorgaben anpassen. Sowohl die Vorprofilierung der Scharen als auch die Montage auf der Deckunterlage sind mit zahlreichen marktg\u00e4ngigen Maschinen schnell und rationell durchzuf\u00fchren. Dies ist auch im Hinblick auf ein optisches und \u00e4sthetisches Erscheinungsbild der fertigen Werkleistung bedeutsam, da hier die Anspr\u00fcche von Architekten und Bauherren stetig gewachsen sind. Selbstverst\u00e4ndlich ist auch eine rein handwerkliche Bearbeitung m\u00f6glich.<\/p>\n<p>Der Falzvorgang verbindet die h\u00f6here Aufkantung der einen Schar mit der niederen Aufkantung der anderen Schar in zwei Schritten. Dabei bleibt der zweite Schritt beim Winkelstehfalz in einem Winkel von ca. 90\u00b0 zur Falzaufkantung stehen.<\/p>\n<p>Der Doppelstehfalz muss im fertigen Zustand eine H\u00f6he von mindestens 23 mm aufweisen.<\/p>\n<p>Die hier beschriebenen Stehfalzdeckungen sind in ihren Neigungsgrenzen regensicher. Sie sind nicht dicht und r\u00fcckstausicher. Auch die An- und Abschl\u00fcsse sind im Hinblick auf Flugschnee und Wasserr\u00fcckstau nicht als dicht zu bezeichnen.<\/p>\n<h3>Banddeckung<\/h3>\n<p>Die zur Eindeckung n\u00f6tigen Scharen werden auf Rollformern in einer Regell\u00e4nge von bis zu 10 m hergestellt. Diese Scharen mit einer Fertigfalzh\u00f6he von 25 mm weisen eine um ca. 70 mm geringere Deckbreite als das flache Band (Coil) auf. Diese Verminderung der Deckbreite wird auch Falzverlust genannt und ist in die Materialermittlung einzubeziehen. Die maschinelle Profilierung bietet weiterhin den Vorteil, dass der zur Querdehnung ben\u00f6tigte Abstand der Scharen am Fu\u00dfpunkt des Falzes von 3 mm &#8211; 5 mm schon ber\u00fccksichtigt ist.<\/p>\n<p><strong>Falzverlust:<\/strong><\/p>\n<table style=\"width: 95%;\" border=\"1\" cellspacing=\"1\" cellpadding=\"1\">\n<tbody>\n<tr>\n<td align=\"middle\" width=\"170\"><strong>Bandbreite<\/strong><\/td>\n<td align=\"middle\" width=\"170\"><strong>Scharbreite<\/strong><\/td>\n<td align=\"middle\" width=\"170\"><strong>Zuschlag<\/strong><\/td>\n<\/tr>\n<tr>\n<td align=\"middle\">500 mm<\/td>\n<td align=\"middle\">430 mm<\/td>\n<td align=\"middle\">ca. 14,5 %<\/td>\n<\/tr>\n<tr>\n<td align=\"middle\">570 mm<\/td>\n<td align=\"middle\">500 mm<\/td>\n<td align=\"middle\">ca. 14,0 %<\/td>\n<\/tr>\n<tr>\n<td align=\"middle\">600 mm<\/td>\n<td align=\"middle\">530 mm<\/td>\n<td align=\"middle\">ca. 13,0 %<\/td>\n<\/tr>\n<tr>\n<td align=\"middle\">670 mm<\/td>\n<td align=\"middle\">600 mm<\/td>\n<td align=\"middle\">ca. 12,0 %<\/td>\n<\/tr>\n<\/tbody>\n<\/table>\n<h3>Tafeldeckung<\/h3>\n<p>Die Eindeckung aus Tafelmaterial bzw. im Tafelformat ist die traditionelle, hergekommene Technik der Eindeckung. Sie ist an vielen historischen Geb\u00e4uden zu finden. Heute wird diese Art der Eindeckung haupts\u00e4chlich f\u00fcr windbelastete D\u00e4cher und bei Turmhelmen eingesetzt. Die erforderlichen Querst\u00f6\u00dfe werden versetzt angeordnet (Spiegeldeckung), um Verdickungen an den Kreuzungspunkten zu vermeiden. Durch kleinere Einzelformate und zahlreiche Querverbindungen ist die Tafeldeckung erheblich aufw\u00e4ndiger in der Erstellung als die Banddeckung.<\/p>\n<h3>Dachneigung<\/h3>\n<p>Unterkonstruktionen f\u00fcr Metalld\u00e4cher sollten m\u00f6glichst mit einer Dachneigung von <u>&gt;<\/u> 7\u00ba geplant und ausgef\u00fchrt werden. Ab dieser Dachneigung ist eine entsprechende Sicherheit hinsichtlich der Unebenheiten und Durchbiegung der Unterkonstruktion gegeben. Die Mindestneigungen d\u00fcrfen grunds\u00e4tzlich nicht unterschritten werden, zum Beispiel durch Bautoleranzen und Durchbiegungen der Unterkonstruktion. Diese Forderung entf\u00e4llt \u00f6rtlich begrenzt f\u00fcr den Firstbereich bei durchlaufenden Bogend\u00e4chern.<\/p>\n<p><strong>Mindestdachneigungen <sup>1)<\/sup><\/strong><\/p>\n<table border=\"1\" cellspacing=\"0\" cellpadding=\"0\">\n<tbody>\n<tr>\n<td style=\"width: 302px;\">Dachneigung<\/td>\n<td style=\"width: 302px;\"><\/td>\n<\/tr>\n<tr>\n<td style=\"width: 302px;\">\n<p>&nbsp;<\/p>\n<p>&lt; 3\u00ba<\/td>\n<td style=\"width: 302px;\">\n<p>Rollennahtgeschwei\u00dfte Deckung aus nicht rostendem Stahl;<\/p>\n<p>Sonderma\u00dfnahmen f\u00fcr andere Metalle<sup>2)<\/sup><\/td>\n<\/tr>\n<tr>\n<td style=\"width: 302px;\"><u>&gt;<\/u> 3\u00ba bis 7\u00ba<\/td>\n<td style=\"width: 302px;\">\n<p>Doppelstehfalzdeckung<\/p>\n<p>Im Dachneigungsbereich <u>&gt;<\/u> 3\u00ba bis &lt; 7\u00ba sind Sonderma\u00dfnahmen erforderlich (z.B. Falzdichtungen, Falzerh\u00f6hung bzw. Unterdach<sup>3)<\/sup>)<\/td>\n<\/tr>\n<tr>\n<td style=\"width: 302px;\"><u>&gt;<\/u> 3\u00ba bis 15\u00ba<\/td>\n<td style=\"width: 302px;\">Zus\u00e4tzliche Ma\u00dfnahmen bei Titanzink, wenn nicht direkt auf Holz verlegt, z.B. strukturierte Trennlage<\/td>\n<\/tr>\n<tr>\n<td style=\"width: 302px;\"><u>&gt;<\/u> 7\u00ba<\/td>\n<td style=\"width: 302px;\">Deutsche Leistendeckung<\/td>\n<\/tr>\n<tr>\n<td style=\"width: 302px;\"><u>&gt;<\/u> 1,5\u00ba<\/td>\n<td style=\"width: 302px;\">Industriell vorgefertigte Stehfalzprofile, ohne Querst\u00f6\u00dfe, Durchbr\u00fcche, Oberlichter usw. oder mit geschwei\u00dften Querst\u00f6\u00dfen<\/td>\n<\/tr>\n<tr>\n<td style=\"width: 302px;\"><u>&gt;<\/u> 2,9\u00ba<\/td>\n<td style=\"width: 302px;\">Industriell vorgefertigte Stehfalzprofile mit gedichteten Querst\u00f6\u00dfen, Durchbr\u00fcchen, Oberlichtern usw.<\/td>\n<\/tr>\n<tr>\n<td style=\"width: 302px;\"><u>&gt;<\/u> 25\u00ba bis 80\u00ba<\/td>\n<td style=\"width: 302px;\">Belgische Leistendeckung<\/td>\n<\/tr>\n<tr>\n<td style=\"width: 302px;\"><u>&gt;<\/u> 25\u00ba<\/td>\n<td style=\"width: 302px;\">Winkelstehfalzdeckung <sup>4)<\/sup><\/td>\n<\/tr>\n<tr>\n<td style=\"width: 302px;\"><\/td>\n<td style=\"width: 302px;\"><\/td>\n<\/tr>\n<tr>\n<td style=\"width: 302px;\"><u>&gt;<\/u> 10\u00ba<\/td>\n<td style=\"width: 302px;\">Bleideckung mit Hohl- oder Holzwulst<\/td>\n<\/tr>\n<\/tbody>\n<\/table>\n<p><sup>1) <\/sup>Die Hersteller von verzinntem nichtrostendem Stahl fordern, neigungsunabh\u00e4ngig, zus\u00e4tzliche dichtende Ma\u00dfnahmen. Es ist zu beachten, dass herstellerabh\u00e4ngig, zus\u00e4tzlich f\u00fcr alle Edelstahlmaterialien neigungsunabh\u00e4ngige Dichtma\u00dfnahmen gefordert werden.<\/p>\n<p><sup>2)<\/sup> Im Dachneigungsbereich &lt; 3\u00ba bei gew\u00f6lbten D\u00e4chern (Tonnend\u00e4cher und Rundgauben) sind falzdichtende Ma\u00dfnahmen, Falzerh\u00f6hung oder Unterd\u00e4cher erforderlich.<\/p>\n<p><sup>3)<\/sup> Trennlagen, die durch die Befestigung der Haften oder anderer Bauteile perforiert werden, stellen kein Unterdach dar.<\/p>\n<p><sup>4)<\/sup> <u>&gt;<\/u> 35\u00ba bei erh\u00f6hten Anforderungen. Erh\u00f6hte Anforderungen k\u00f6nnen sich aus klimatischen Verh\u00e4ltnissen oder exponierten Lagen ergeben, z. B. starkem Wind, schneereiche Gebiete.<\/p>\n<h3>Querverbindungen<\/h3>\n<p>Ist die Sparrenl\u00e4nge gr\u00f6\u00dfer als 10 m (Normalschiebehafte) oder im Sonderfall bis 16 m (Langschiebehafte), so sind die Scharen zu teilen und Querverbindungen einzubauen.<\/p>\n<table border=\"1\">\n<tbody>\n<tr>\n<td align=\"middle\" width=\"255\"><strong>Querverbindung<\/strong><\/td>\n<td align=\"middle\" width=\"127\"><strong>Dachneigung<\/strong><\/td>\n<td align=\"middle\" width=\"127\"><strong>Detail<\/strong><\/td>\n<\/tr>\n<tr>\n<td>Einfacher Querfalz<\/td>\n<td align=\"middle\">\u226525\u00b0<\/td>\n<td align=\"middle\">Nr. 144<\/td>\n<\/tr>\n<tr>\n<td>Querfalz mit Zusatzfalz<\/td>\n<td align=\"middle\">\u226510\u00b0<\/td>\n<td align=\"middle\">Nr. 143<\/td>\n<\/tr>\n<tr>\n<td>Gef\u00e4llesprung<\/td>\n<td align=\"middle\">\u22653\u00b0<\/td>\n<td align=\"middle\">Nr. 142<\/td>\n<\/tr>\n<tr>\n<td>Aufschiebling<\/td>\n<td align=\"middle\">\u22657\u00b0<\/td>\n<td align=\"middle\"><\/td>\n<\/tr>\n<tr>\n<td>Doppelter Querfalz nur bei Tafeldeckung<\/td>\n<td align=\"middle\">\u22657\u00b0<\/td>\n<td align=\"middle\"><\/td>\n<\/tr>\n<\/tbody>\n<\/table>\n<h3>Befestigung<\/h3>\n<p>siehe\u00a0 Windsogkr\u00e4fte<\/p>\n<h3>Traufanschluss<\/h3>\n<p>Der Traufanschluss der Eindeckung ist so auszuf\u00fchren, dass die thermisch bedingten L\u00e4ngen\u00e4nderungen der Eindeckung sicher aufgenommen und eine regensichere Funktion der Niederschlagsableitung \u00fcber die Traufkante hinweg gew\u00e4hrleistet ist.<\/p>\n<p>Die <a href=\"https:\/\/www.nedzink.com\/de\/dacheindeckungen\/\"><strong>Dacheindeckung<\/strong><\/a> wird in einen Traufstreifen, welcher gleichzeitig die Funktion eines Inneneinlaufbleches erf\u00fcllen kann, mit ausreichendem Dehnungsabstand eingeh\u00e4ngt. Dies ist auch bei der Bemessung des Umschlages am Scharenende zu ber\u00fccksichtigen. Der Traufstreifen wird in der Regel von einem untermontierten Vorsto\u00dfblech aus NedZink oder verzinktem Stahlblech stabilisiert. Bei flachen Dachneigungen \u22647\u00b0 sollte die Traufbohle ca. 5 mm tiefer als die Dachfl\u00e4che angeordnet werden, um Pf\u00fctzenbildung zu vermeiden.<\/p>\n<p>Als Endung der Falze an der Traufe stehen mehrere Ausf\u00fchrungen zur Verf\u00fcgung:<\/p>\n<ul>\n<li>stehend gerade<\/li>\n<li>stehend schr\u00e4g<\/li>\n<li>stehend rund\/geschweift<\/li>\n<\/ul>\n<h3>First\/Gratanschluss<\/h3>\n<p>Diese Anschlusspunkte m\u00fcssen mehreren Anforderungen gen\u00fcgen:<\/p>\n<table style=\"width: 500px;\" border=\"0\" cellspacing=\"1\" cellpadding=\"1\">\n<tbody>\n<tr>\n<td style=\"vertical-align: top;\">\u00c4sthetik:<\/td>\n<td>Form und Abmessung bestimmen das Gesamtbild des Daches entscheidend mit.<\/td>\n<\/tr>\n<tr>\n<td style=\"vertical-align: top;\">Hinterl\u00fcftung:<\/td>\n<td>Bei hinterl\u00fcfteten Konstruktionen sind First\/Grat als Entl\u00fcftungsdetail von gro\u00dfer Bedeutung.<\/td>\n<\/tr>\n<tr>\n<td style=\"vertical-align: top;\">Schnee:<\/td>\n<td>Die Ausf\u00fchrung muss das Eintreiben von Flugschnee sicher verhindern.<\/td>\n<\/tr>\n<\/tbody>\n<\/table>\n<p><strong>First\/Grat ohne Entl\u00fcftungsfunktion:<\/strong><br \/>\n<strong>Gratfalz als Doppelstehfalz:<\/strong><br \/>\nDiese historisch \u00fcberkommene Ausf\u00fchrung ist wegen falz- und ausdehnungstechnischer Nachteile nur f\u00fcr Kleinfl\u00e4chen zu empfehlen.<\/p>\n<p><strong>Aufgeschobene Gratkappe:<\/strong><br \/>\nAn den beiden Dachfl\u00e4chen wird die Aufkantung mit einer rechtwinkligen Wasserfalz versehen. Die Gratkappe wird dann aufgeschoben. Diese Konstruktion bietet neben einem schlanken Erscheinungsbild eine gute Ausdehnungsfreiheit der Scharen und der Gratkonstruktion.<\/p>\n<p><strong>Grat mit Holzleiste:<\/strong><br \/>\nDer Holzkern bietet die M\u00f6glichkeit einer st\u00e4rkeren Profilierung und gerader Ausrichtung. Der Einbau zus\u00e4tzlicher Hafte wird vereinfacht.<\/p>\n<p><strong>First\/Grat mit Entl\u00fcftungsfunktion:<\/strong><br \/>\nDie Konstruktion ist flugschneesicher, entl\u00fcftungssicher und mit eigener Unterkonstruktion auszuf\u00fchren. Diese Unterkonstruktion erfolgt in der Regel aus Holz in Zimmerarbeit. Es ist zu beachten, dass weder Flugschnee- noch Insektensicherungen (Lochbleche) die freie Entl\u00fcftungs\u00f6ffnung unter das geforderte Ma\u00df absenken.<\/p>\n<p><strong>Anschluss an das First\/Gratdetail:<\/strong><br \/>\nDer Anschluss aus der Dachfl\u00e4che heraus in die Senkrechte kann auf verschieden Weise erfolgen:<\/p>\n<p><strong>Umgelegter Stehfalz:<\/strong><br \/>\nDer Stehfalz wird ca. 150 mm vor der Aufkantung niedergelegt und dann mit der Scharfl\u00e4che in die Senkrechte \u201eaufgebogen\u201c. Um Sch\u00e4den zu vermeiden, ist beim Biegen auszurunden mit etwa 20 &#8211; 30 mm. Dies kann z.B. mit einem geschlitzten, aufgeschobenen Rohr \u00fcber die Deckzangenwange geschehen. Beim Grat ist in Gef\u00e4llerichtung niederzulegen.<\/p>\n<p><strong>Eingeschnittene Quetschfalte:<\/strong><br \/>\nDer Einsatz dieser Variante richtet sich nach den Vorgaben:<\/p>\n<ul>\n<li>Dachneigung &gt;7\u00b0<\/li>\n<li>kein stehendes Wasser auf der Dachfl\u00e4che<\/li>\n<\/ul>\n<p><strong><br \/>\nNicht eingeschnittene Quetschfalte:<\/strong><\/p>\n<p>F\u00fcr alle Neigungsbereiche einsetzbar<\/p>\n<h3>Ortgang<\/h3>\n<p>Neben gestalterischen Aspekten sind die ggf. im Ortgangbereich verst\u00e4rkt auftretenden Windsogkr\u00e4fte zu ber\u00fccksichtigen.<\/p>\n<p>Der Ortgang ist mehrteilig auszuf\u00fchren.<\/p>\n<ul>\n<li>Ortgangschar ohne\/mit Holzleiste<\/li>\n<li>Vorsto\u00dfblech der Ortgangblende<\/li>\n<li>Ortgangblende<\/li>\n<\/ul>\n<p>Diese in der einfachsten Ausf\u00fchrung notwendigen drei Hauptelemente k\u00f6nnen aus gestalterischen oder befestigungstechnischen Gr\u00fcnden erweitert werden.\u00a0 G\u00e4ngige Ausf\u00fchrungsarten sind<\/p>\n<ul>\n<li>Ortgang mit Winkelfalz<\/li>\n<li>Ortgang mit Holzleiste<\/li>\n<\/ul>\n<p>Die Gestaltung der Blende ist mit verschiedenen Verbindungsarten ausf\u00fchrbar, wobei hier der<\/p>\n<ul>\n<li>Winkelstehfalz und der<\/li>\n<li>einfache Einhangfalz<\/li>\n<\/ul>\n<p>h\u00e4ufige Anwendung finden.<\/p>\n<h3>Kehlen<\/h3>\n<p>Form und Ausf\u00fchrung von Kehlen sind abh\u00e4ngig von der Kehlneigung und der Kehll\u00e4nge. Da die Kehlneigung geringer als die der Dachfl\u00e4che ist, sind die konstruktiven Vorgaben schon w\u00e4hrend der Planung zu ber\u00fccksichtigen.<\/p>\n<p>Flach geneigte Kehlen sollten vorzugsweise aus B\u00e4ndern hergestellt werden.<\/p>\n<p><strong>G\u00e4ngige Kehltypen:<\/strong><\/p>\n<ul>\n<li>vertiefte Kehle<\/li>\n<li>Kehle mit Zusatzfalz<\/li>\n<li>Kehle mit Einfachfalz<\/li>\n<\/ul>\n<p>&nbsp;<\/p>\n<h3>Anschl\u00fcsse an aufgehende Bauwerksteile<\/h3>\n<p>Die seitlichen Anschl\u00fcsse an aufgehende Bauwerksteile sind passend zu Material und Ausf\u00fchrungsweise dieser Bauwerksteile vorzusehen.<\/p>\n<p><strong>H\u00e4ufig vorkommende Ausf\u00fchrungen:<\/strong><\/p>\n<p><strong>Auf-Wand-Montage mit einer Pressschiene<br \/>\n<\/strong>Hierbei ist zu ber\u00fccksichtigen, dass die Versiegelung der Oberkante mit eingelegtem Dichtband und Dichtungsmasse erfolgt. Die Dichtungsmasse ist als Pflegefuge zu betrachten und von Zeit zu Zeit zu kontrollieren.<\/p>\n<p><strong>Kappleiste in Fuge<br \/>\n<\/strong>Die Befestigung kann in der Fuge (z.B. durch Bleikeile) oder mit Haken\/Schrauben erfolgen. Die Fugentiefe sollte ein Ma\u00df von ca. 40 mm nicht \u00fcberschreiten, da sonst in Verbindung mit Dauerfeuchte eine Alkalienkorrosion durch den Fugenm\u00f6rtel entstehen kann.<\/p>\n<p><strong>Kappleiste mit Putzleiste<br \/>\n<\/strong>Diese Ausf\u00fchrung ist g\u00e4ngig bei vorausgehenden Putzarbeiten oder Vollw\u00e4rmeschutz. Die Putzleiste ist von oder in Zusammenarbeit mit dem Putzer\/Stuckateur vorher anzubringen. Nach Abschluss der Putzarbeiten kann dann mit einer eingeh\u00e4ngten Putzleiste angeschlossen werden.[\/vc_column_text][\/vc_column][\/vc_row]\n","protected":false},"excerpt":{"rendered":"<p>[vc_row][vc_column][vc_column_text css=&#8220;.vc_custom_1631781425599{margin-bottom: 0px !important;}&#8220;]Diese Stehfalzsysteme werden am h\u00e4ufigsten f\u00fcr Dach- und Wandkonstruktionen mit NedZink eingesetzt. Sie lassen sich problemlos und vielseitig verarbeiten und architektonischen Vorgaben anpassen. Sowohl die Vorprofilierung der Scharen als auch die Montage auf der Deckunterlage sind mit zahlreichen marktg\u00e4ngigen Maschinen schnell und rationell durchzuf\u00fchren. Dies ist auch im Hinblick auf ein optisches [&hellip;]<\/p>\n","protected":false},"author":9,"featured_media":0,"parent":0,"menu_order":810,"comment_status":"closed","ping_status":"closed","template":"template-import.php","meta":{"_acf_changed":false,"footnotes":""},"class_list":["post-30870","page","type-page","status-publish","hentry"],"acf":[],"yoast_head":"<!-- This site is optimized with the Yoast SEO plugin v26.8 - https:\/\/yoast.com\/product\/yoast-seo-wordpress\/ -->\n<title>Falzsysteme \u2013 NedZink<\/title>\n<meta name=\"robots\" content=\"index, follow, max-snippet:-1, max-image-preview:large, max-video-preview:-1\" \/>\n<link rel=\"canonical\" href=\"https:\/\/www.nedzink.com\/de\/falzsysteme\/\" \/>\n<meta property=\"og:locale\" content=\"de_DE\" \/>\n<meta property=\"og:type\" content=\"article\" \/>\n<meta property=\"og:title\" content=\"Falzsysteme \u2013 NedZink\" \/>\n<meta property=\"og:description\" content=\"[vc_row][vc_column][vc_column_text css=&#8220;.vc_custom_1631781425599{margin-bottom: 0px !important;}&#8220;]Diese Stehfalzsysteme werden am h\u00e4ufigsten f\u00fcr Dach- und Wandkonstruktionen mit NedZink eingesetzt. Sie lassen sich problemlos und vielseitig verarbeiten und architektonischen Vorgaben anpassen. Sowohl die Vorprofilierung der Scharen als auch die Montage auf der Deckunterlage sind mit zahlreichen marktg\u00e4ngigen Maschinen schnell und rationell durchzuf\u00fchren. Dies ist auch im Hinblick auf ein optisches [&hellip;]\" \/>\n<meta property=\"og:url\" content=\"https:\/\/www.nedzink.com\/de\/falzsysteme\/\" \/>\n<meta property=\"og:site_name\" content=\"NedZink\" \/>\n<meta property=\"article:modified_time\" content=\"2021-09-16T08:37:11+00:00\" \/>\n<meta name=\"twitter:card\" content=\"summary_large_image\" \/>\n<meta name=\"twitter:label1\" content=\"Gesch\u00e4tzte Lesezeit\" \/>\n\t<meta name=\"twitter:data1\" content=\"6\u00a0Minuten\" \/>\n<script type=\"application\/ld+json\" class=\"yoast-schema-graph\">{\"@context\":\"https:\/\/schema.org\",\"@graph\":[{\"@type\":\"WebPage\",\"@id\":\"https:\/\/www.nedzink.com\/de\/falzsysteme\/\",\"url\":\"https:\/\/www.nedzink.com\/de\/falzsysteme\/\",\"name\":\"Falzsysteme \u2013 NedZink\",\"isPartOf\":{\"@id\":\"https:\/\/www.nedzink.com\/de\/#website\"},\"datePublished\":\"2019-06-04T12:55:04+00:00\",\"dateModified\":\"2021-09-16T08:37:11+00:00\",\"breadcrumb\":{\"@id\":\"https:\/\/www.nedzink.com\/de\/falzsysteme\/#breadcrumb\"},\"inLanguage\":\"de\",\"potentialAction\":[{\"@type\":\"ReadAction\",\"target\":[\"https:\/\/www.nedzink.com\/de\/falzsysteme\/\"]}]},{\"@type\":\"BreadcrumbList\",\"@id\":\"https:\/\/www.nedzink.com\/de\/falzsysteme\/#breadcrumb\",\"itemListElement\":[{\"@type\":\"ListItem\",\"position\":1,\"name\":\"Home\",\"item\":\"https:\/\/www.nedzink.com\/de\/\"},{\"@type\":\"ListItem\",\"position\":2,\"name\":\"Falzsysteme\"}]},{\"@type\":\"WebSite\",\"@id\":\"https:\/\/www.nedzink.com\/de\/#website\",\"url\":\"https:\/\/www.nedzink.com\/de\/\",\"name\":\"NedZink\",\"description\":\"Zink fabrikant\",\"publisher\":{\"@id\":\"https:\/\/www.nedzink.com\/de\/#organization\"},\"potentialAction\":[{\"@type\":\"SearchAction\",\"target\":{\"@type\":\"EntryPoint\",\"urlTemplate\":\"https:\/\/www.nedzink.com\/de\/?s={search_term_string}\"},\"query-input\":{\"@type\":\"PropertyValueSpecification\",\"valueRequired\":true,\"valueName\":\"search_term_string\"}}],\"inLanguage\":\"de\"},{\"@type\":\"Organization\",\"@id\":\"https:\/\/www.nedzink.com\/de\/#organization\",\"name\":\"NedZink\",\"url\":\"https:\/\/www.nedzink.com\/de\/\",\"logo\":{\"@type\":\"ImageObject\",\"inLanguage\":\"de\",\"@id\":\"https:\/\/www.nedzink.com\/de\/#\/schema\/logo\/image\/\",\"url\":\"https:\/\/www.nedzink.com\/wp-content\/uploads\/2019\/08\/logo-nedzink_fc_zk.jpg\",\"contentUrl\":\"https:\/\/www.nedzink.com\/wp-content\/uploads\/2019\/08\/logo-nedzink_fc_zk.jpg\",\"width\":2160,\"height\":688,\"caption\":\"NedZink\"},\"image\":{\"@id\":\"https:\/\/www.nedzink.com\/de\/#\/schema\/logo\/image\/\"}}]}<\/script>\n<!-- \/ Yoast SEO plugin. -->","yoast_head_json":{"title":"Falzsysteme \u2013 NedZink","robots":{"index":"index","follow":"follow","max-snippet":"max-snippet:-1","max-image-preview":"max-image-preview:large","max-video-preview":"max-video-preview:-1"},"canonical":"https:\/\/www.nedzink.com\/de\/falzsysteme\/","og_locale":"de_DE","og_type":"article","og_title":"Falzsysteme \u2013 NedZink","og_description":"[vc_row][vc_column][vc_column_text css=&#8220;.vc_custom_1631781425599{margin-bottom: 0px !important;}&#8220;]Diese Stehfalzsysteme werden am h\u00e4ufigsten f\u00fcr Dach- und Wandkonstruktionen mit NedZink eingesetzt. Sie lassen sich problemlos und vielseitig verarbeiten und architektonischen Vorgaben anpassen. Sowohl die Vorprofilierung der Scharen als auch die Montage auf der Deckunterlage sind mit zahlreichen marktg\u00e4ngigen Maschinen schnell und rationell durchzuf\u00fchren. Dies ist auch im Hinblick auf ein optisches [&hellip;]","og_url":"https:\/\/www.nedzink.com\/de\/falzsysteme\/","og_site_name":"NedZink","article_modified_time":"2021-09-16T08:37:11+00:00","twitter_card":"summary_large_image","twitter_misc":{"Gesch\u00e4tzte Lesezeit":"6\u00a0Minuten"},"schema":{"@context":"https:\/\/schema.org","@graph":[{"@type":"WebPage","@id":"https:\/\/www.nedzink.com\/de\/falzsysteme\/","url":"https:\/\/www.nedzink.com\/de\/falzsysteme\/","name":"Falzsysteme \u2013 NedZink","isPartOf":{"@id":"https:\/\/www.nedzink.com\/de\/#website"},"datePublished":"2019-06-04T12:55:04+00:00","dateModified":"2021-09-16T08:37:11+00:00","breadcrumb":{"@id":"https:\/\/www.nedzink.com\/de\/falzsysteme\/#breadcrumb"},"inLanguage":"de","potentialAction":[{"@type":"ReadAction","target":["https:\/\/www.nedzink.com\/de\/falzsysteme\/"]}]},{"@type":"BreadcrumbList","@id":"https:\/\/www.nedzink.com\/de\/falzsysteme\/#breadcrumb","itemListElement":[{"@type":"ListItem","position":1,"name":"Home","item":"https:\/\/www.nedzink.com\/de\/"},{"@type":"ListItem","position":2,"name":"Falzsysteme"}]},{"@type":"WebSite","@id":"https:\/\/www.nedzink.com\/de\/#website","url":"https:\/\/www.nedzink.com\/de\/","name":"NedZink","description":"Zink fabrikant","publisher":{"@id":"https:\/\/www.nedzink.com\/de\/#organization"},"potentialAction":[{"@type":"SearchAction","target":{"@type":"EntryPoint","urlTemplate":"https:\/\/www.nedzink.com\/de\/?s={search_term_string}"},"query-input":{"@type":"PropertyValueSpecification","valueRequired":true,"valueName":"search_term_string"}}],"inLanguage":"de"},{"@type":"Organization","@id":"https:\/\/www.nedzink.com\/de\/#organization","name":"NedZink","url":"https:\/\/www.nedzink.com\/de\/","logo":{"@type":"ImageObject","inLanguage":"de","@id":"https:\/\/www.nedzink.com\/de\/#\/schema\/logo\/image\/","url":"https:\/\/www.nedzink.com\/wp-content\/uploads\/2019\/08\/logo-nedzink_fc_zk.jpg","contentUrl":"https:\/\/www.nedzink.com\/wp-content\/uploads\/2019\/08\/logo-nedzink_fc_zk.jpg","width":2160,"height":688,"caption":"NedZink"},"image":{"@id":"https:\/\/www.nedzink.com\/de\/#\/schema\/logo\/image\/"}}]}},"_links":{"self":[{"href":"https:\/\/www.nedzink.com\/de\/wp-json\/wp\/v2\/pages\/30870","targetHints":{"allow":["GET"]}}],"collection":[{"href":"https:\/\/www.nedzink.com\/de\/wp-json\/wp\/v2\/pages"}],"about":[{"href":"https:\/\/www.nedzink.com\/de\/wp-json\/wp\/v2\/types\/page"}],"author":[{"embeddable":true,"href":"https:\/\/www.nedzink.com\/de\/wp-json\/wp\/v2\/users\/9"}],"replies":[{"embeddable":true,"href":"https:\/\/www.nedzink.com\/de\/wp-json\/wp\/v2\/comments?post=30870"}],"version-history":[{"count":0,"href":"https:\/\/www.nedzink.com\/de\/wp-json\/wp\/v2\/pages\/30870\/revisions"}],"wp:attachment":[{"href":"https:\/\/www.nedzink.com\/de\/wp-json\/wp\/v2\/media?parent=30870"}],"curies":[{"name":"wp","href":"https:\/\/api.w.org\/{rel}","templated":true}]}}