{"id":30817,"date":"2019-06-04T14:54:46","date_gmt":"2019-06-04T12:54:46","guid":{"rendered":"http:\/\/136.144.181.85\/~nedzink\/techn-informationen\/unterkonstruktionen\/trennlagen\/"},"modified":"2021-09-22T10:52:50","modified_gmt":"2021-09-22T08:52:50","slug":"trennlagen","status":"publish","type":"page","link":"https:\/\/www.nedzink.com\/de\/trennlagen\/","title":{"rendered":"Trennlagen"},"content":{"rendered":"[vc_row][vc_column][vc_column_text css=&#8220;.vc_custom_1632300764007{margin-bottom: 0px !important;}&#8220;]\n<h2>Keine Trennlage<\/h2>\n<p>In Bereichen mit gem\u00e4\u00dfigten Witterungsbedingungen, Windlasten und geringen Schneelasten (z.B. Norddeutsche Tiefebene) kann NedZink bei hinterl\u00fcfteten Konstruktionen direkt auf einer Holzschalung eingesetzt werden.<\/p>\n<p>Die Notwendigkeit einer zus\u00e4tzlichen Ma\u00dfnahme zur Erh\u00f6hung der Regensicherheit der Gesamtkonstruktion wie z.B. Unterspannung, Unterdeckung oder Unterdach ist zu pr\u00fcfen.<\/p>\n<p>Die einzelnen Schalungsbretter sind mit Abst\u00e4nden untereinander von 5-10 mm zu verlegen. Die K\u00f6pfe der Befestigungsmittel (z.B. Drahtstifte) sind ausreichend zu versenken. Vorzugsweise sind korrosionsgesch\u00fctzte Befestigungsmittel zu verwenden.<\/p>\n<p>&nbsp;<\/p>\n<h2>Strukturierte, abstandhaltende Trennlagen<\/h2>\n<h3><strong>Strukturmatten ohne Kaschierung<\/strong><\/h3>\n<p>Ist eine Trennlage oberhalb der <a href=\"https:\/\/www.nedzink.com\/de\/deckunterlagen\/\"><strong>Deckunterlage<\/strong><\/a> schon vorhanden (z.B. Dachaufbau mit Schaumglas) und nur eine Ausgleichs- und Expansionsebene f\u00fcr etwaige Feuchtigkeit unterhalb der Metalldeckung erforderlich, so kann eine Strukturmatte eingebaut werden. Diese bewirkt eine Trennung von Metallunterseite und Deckunterlage. Der entstehende Luftraum dient der Expansion und allm\u00e4hlichen Austrocknung von Feuchtigkeit aus der Bauzeit oder Staun\u00e4sse bei Bildung von Schneeschanzen.<\/p>\n<p>Der kombinierte Einbau von Strukturmatten mit einer wasserf\u00fchrenden Schicht &#8211; wie z.B. vorhandene Trennlage V 13 o.\u00e4. erf\u00fcllt die Forderung der VOB DIN 18339 nach Einbau einer Trennlage mit Drainagefunktion bei Dachneigungen von N = 15\u00ba.<\/p>\n<p>Der Einbau von Strukturmatten dient ausschlie\u00dflich einer erh\u00f6hten Sicherheit gegen R\u00fcckseitenkorrosion des Titanzinkmaterials.<\/p>\n<p>Es handelt sich nicht um eine Hinterl\u00fcftung im Sinne der DIN 4108 und kann diese auch keinesfalls ersetzen.<\/p>\n<p>Die aktuelle Liste der mit NedZink einsetzbaren Strukturmatten kann bei unserer Anwendungstechnik (Tel.: +49 (0) 2 08 &#8211; 8 57 98 &#8211; 28) abgefragt werden.<\/p>\n<p>Schalld\u00e4mmende bzw. schallmindernde Eigenschaften der einzusetzenden Materialien sind beim jeweiligen Hersteller nachzufragen.<\/p>\n<p>&nbsp;<\/p>\n<h3><strong>Strukturmatten mit Kaschierung (abstandhaltende Trennlage)<\/strong><\/h3>\n<p>Wird zus\u00e4tzlich zur vorbeschriebenen Funktion der Strukturmatte auch die Funktion einer Vor-, Montagedeckung gefordert, kann eine abstandhaltende Trennlage eingebaut werden.<\/p>\n<p>Erfolgt die Ausf\u00fchrung nach VOB DIN 18339, so ist der Einbau einer solchen Trennlage bei Dachneigungen N \u226415\u00ba erforderlich.<\/p>\n<p>Auch bei der Verwendung von Holzwerkstoffplatten als Deckunterlage ist eine solche Trennlage erforderlich, da die gro\u00dffl\u00e4chige Verlegung und die relativ dichte Oberfl\u00e4che der Platten in Verbindung mit einem geringen Fugenanteil einen nennenswerten Feuchtetransport nicht zulassen.<\/p>\n<p>Es handelt sich bei diesen Trennlagen um eine Kombination der unter 3.3.2.1 beschriebenen Strukturmatte mit geeigneten diffusionsdichten oder diffusionsoffenen Folien. Um eine sichere Funktion dieser Trennlagen zu erreichen, sind ggf. die Nahtzonen der einzelnen Bahnen dicht miteinander zu verkleben.<\/p>\n<p>Es handelt sich nicht um eine Hinterl\u00fcftung im Sinne der DIN 4108 und kann diese auch keinesfalls ersetzen.<\/p>\n<p>Es finden sich Produkte von mehreren Herstellern auf dem Markt, welche in Verbindung mit NedZink eingesetzt werden k\u00f6nnen. Die aktuelle Liste kann bei unserer Anwendungstechnik (Tel.: +49 (0) 2 08 &#8211; 8 57 98 &#8211; 28) abgefragt werden.<\/p>\n<p>Bei bauphysikalisch unklaren <a href=\"https:\/\/www.nedzink.com\/de\/unterkonstruktionen\/\"><strong>Unterkonstruktionen<\/strong> <\/a>k\u00f6nnen solche Trennlagen auch als \u201ezus\u00e4tzliche Sicherheit\u201c gegen unterseitige korrosive Erscheinungen eingesetzt werden. Die Entscheidung hier\u00fcber muss aber einer Einzelfallpr\u00fcfung \u00fcberlassen bleiben.<\/p>\n<p>Schalld\u00e4mmende bzw. schallmindernde Eigenschaften der einzusetzenden Materialien sind beim jeweiligen Hersteller nachzufragen.<\/p>\n<p><strong>Hinweis<\/strong><\/p>\n<p>Es k\u00f6nnen auch andere als die hier genannten Materialien als Trennlage in Verbindung mit NedZink eingesetzt werden. Dazu sollte eine Einzelfallpr\u00fcfung in Verbindung mit unserer Anwendungstechnik erfolgen.<\/p>\n<p>Als Trennlage in Verbindung mit NedZink sind alle feuchtebindenden und -speichernden Materialien nicht geeignet.<\/p>\n<h2>Schutzlagen<\/h2>\n<div class=\"contentStyle\" style=\"margin: 10px 0px 10px 0px;\">\n<p>Da die heute im Baubereich in der Regel eingesetzten Impr\u00e4gnierungsmittel f\u00fcr Schalh\u00f6lzer keinen sch\u00e4digenden Einfluss auf Titanzink haben, f\u00e4llt dieses Einsatzkriterium f\u00fcr Trennlagen weg.Ein weiteres Kriterium ist der Schutz der fertiggestellten Holzschalung vor Durchn\u00e4ssung mit Niederschlag in der Bauzeit bis zur Fertigstellung des Zinkdaches.<\/p>\n<p>Diesem Problem kann mit dem Einsatz tempor\u00e4rer Schutzlagen begegnet werden. Diese Schutzlagen k\u00f6nnen als wiederverwendbare, UV-best\u00e4ndige Planen mit dem Baufortschritt der Schalung aufgebracht und bei der Eindeckung schrittweise wieder abgenommen werden.<\/p>\n<p>Es ist zu empfehlen, die Planen gegen abhebende Windkr\u00e4fte mit geeigneten Befestigungen zu sichern.<\/p>\n<\/div>\n[\/vc_column_text][\/vc_column][\/vc_row]\n","protected":false},"excerpt":{"rendered":"<p>[vc_row][vc_column][vc_column_text css=&#8220;.vc_custom_1632300764007{margin-bottom: 0px !important;}&#8220;] Keine Trennlage In Bereichen mit gem\u00e4\u00dfigten Witterungsbedingungen, Windlasten und geringen Schneelasten (z.B. Norddeutsche Tiefebene) kann NedZink bei hinterl\u00fcfteten Konstruktionen direkt auf einer Holzschalung eingesetzt werden. Die Notwendigkeit einer zus\u00e4tzlichen Ma\u00dfnahme zur Erh\u00f6hung der Regensicherheit der Gesamtkonstruktion wie z.B. Unterspannung, Unterdeckung oder Unterdach ist zu pr\u00fcfen. Die einzelnen Schalungsbretter sind mit Abst\u00e4nden [&hellip;]<\/p>\n","protected":false},"author":9,"featured_media":0,"parent":0,"menu_order":760,"comment_status":"closed","ping_status":"closed","template":"template-import.php","meta":{"_acf_changed":false,"footnotes":""},"class_list":["post-30817","page","type-page","status-publish","hentry"],"acf":[],"yoast_head":"<!-- This site is optimized with the Yoast SEO plugin v26.8 - https:\/\/yoast.com\/product\/yoast-seo-wordpress\/ -->\n<title>Trennlagen \u2013 NedZink<\/title>\n<meta name=\"robots\" content=\"index, follow, max-snippet:-1, max-image-preview:large, max-video-preview:-1\" \/>\n<link rel=\"canonical\" href=\"https:\/\/www.nedzink.com\/de\/trennlagen\/\" \/>\n<meta property=\"og:locale\" content=\"de_DE\" \/>\n<meta property=\"og:type\" content=\"article\" \/>\n<meta property=\"og:title\" content=\"Trennlagen \u2013 NedZink\" \/>\n<meta property=\"og:description\" content=\"[vc_row][vc_column][vc_column_text css=&#8220;.vc_custom_1632300764007{margin-bottom: 0px !important;}&#8220;] Keine Trennlage In Bereichen mit gem\u00e4\u00dfigten Witterungsbedingungen, Windlasten und geringen Schneelasten (z.B. Norddeutsche Tiefebene) kann NedZink bei hinterl\u00fcfteten Konstruktionen direkt auf einer Holzschalung eingesetzt werden. Die Notwendigkeit einer zus\u00e4tzlichen Ma\u00dfnahme zur Erh\u00f6hung der Regensicherheit der Gesamtkonstruktion wie z.B. Unterspannung, Unterdeckung oder Unterdach ist zu pr\u00fcfen. Die einzelnen Schalungsbretter sind mit Abst\u00e4nden [&hellip;]\" \/>\n<meta property=\"og:url\" content=\"https:\/\/www.nedzink.com\/de\/trennlagen\/\" \/>\n<meta property=\"og:site_name\" content=\"NedZink\" \/>\n<meta property=\"article:modified_time\" content=\"2021-09-22T08:52:50+00:00\" \/>\n<meta name=\"twitter:card\" content=\"summary_large_image\" \/>\n<meta name=\"twitter:label1\" content=\"Gesch\u00e4tzte Lesezeit\" \/>\n\t<meta name=\"twitter:data1\" content=\"3\u00a0Minuten\" \/>\n<script type=\"application\/ld+json\" class=\"yoast-schema-graph\">{\"@context\":\"https:\/\/schema.org\",\"@graph\":[{\"@type\":\"WebPage\",\"@id\":\"https:\/\/www.nedzink.com\/de\/trennlagen\/\",\"url\":\"https:\/\/www.nedzink.com\/de\/trennlagen\/\",\"name\":\"Trennlagen \u2013 NedZink\",\"isPartOf\":{\"@id\":\"https:\/\/www.nedzink.com\/de\/#website\"},\"datePublished\":\"2019-06-04T12:54:46+00:00\",\"dateModified\":\"2021-09-22T08:52:50+00:00\",\"breadcrumb\":{\"@id\":\"https:\/\/www.nedzink.com\/de\/trennlagen\/#breadcrumb\"},\"inLanguage\":\"de\",\"potentialAction\":[{\"@type\":\"ReadAction\",\"target\":[\"https:\/\/www.nedzink.com\/de\/trennlagen\/\"]}]},{\"@type\":\"BreadcrumbList\",\"@id\":\"https:\/\/www.nedzink.com\/de\/trennlagen\/#breadcrumb\",\"itemListElement\":[{\"@type\":\"ListItem\",\"position\":1,\"name\":\"Home\",\"item\":\"https:\/\/www.nedzink.com\/de\/\"},{\"@type\":\"ListItem\",\"position\":2,\"name\":\"Trennlagen\"}]},{\"@type\":\"WebSite\",\"@id\":\"https:\/\/www.nedzink.com\/de\/#website\",\"url\":\"https:\/\/www.nedzink.com\/de\/\",\"name\":\"NedZink\",\"description\":\"Zink fabrikant\",\"publisher\":{\"@id\":\"https:\/\/www.nedzink.com\/de\/#organization\"},\"potentialAction\":[{\"@type\":\"SearchAction\",\"target\":{\"@type\":\"EntryPoint\",\"urlTemplate\":\"https:\/\/www.nedzink.com\/de\/?s={search_term_string}\"},\"query-input\":{\"@type\":\"PropertyValueSpecification\",\"valueRequired\":true,\"valueName\":\"search_term_string\"}}],\"inLanguage\":\"de\"},{\"@type\":\"Organization\",\"@id\":\"https:\/\/www.nedzink.com\/de\/#organization\",\"name\":\"NedZink\",\"url\":\"https:\/\/www.nedzink.com\/de\/\",\"logo\":{\"@type\":\"ImageObject\",\"inLanguage\":\"de\",\"@id\":\"https:\/\/www.nedzink.com\/de\/#\/schema\/logo\/image\/\",\"url\":\"https:\/\/www.nedzink.com\/wp-content\/uploads\/2019\/08\/logo-nedzink_fc_zk.jpg\",\"contentUrl\":\"https:\/\/www.nedzink.com\/wp-content\/uploads\/2019\/08\/logo-nedzink_fc_zk.jpg\",\"width\":2160,\"height\":688,\"caption\":\"NedZink\"},\"image\":{\"@id\":\"https:\/\/www.nedzink.com\/de\/#\/schema\/logo\/image\/\"}}]}<\/script>\n<!-- \/ Yoast SEO plugin. -->","yoast_head_json":{"title":"Trennlagen \u2013 NedZink","robots":{"index":"index","follow":"follow","max-snippet":"max-snippet:-1","max-image-preview":"max-image-preview:large","max-video-preview":"max-video-preview:-1"},"canonical":"https:\/\/www.nedzink.com\/de\/trennlagen\/","og_locale":"de_DE","og_type":"article","og_title":"Trennlagen \u2013 NedZink","og_description":"[vc_row][vc_column][vc_column_text css=&#8220;.vc_custom_1632300764007{margin-bottom: 0px !important;}&#8220;] Keine Trennlage In Bereichen mit gem\u00e4\u00dfigten Witterungsbedingungen, Windlasten und geringen Schneelasten (z.B. Norddeutsche Tiefebene) kann NedZink bei hinterl\u00fcfteten Konstruktionen direkt auf einer Holzschalung eingesetzt werden. Die Notwendigkeit einer zus\u00e4tzlichen Ma\u00dfnahme zur Erh\u00f6hung der Regensicherheit der Gesamtkonstruktion wie z.B. Unterspannung, Unterdeckung oder Unterdach ist zu pr\u00fcfen. Die einzelnen Schalungsbretter sind mit Abst\u00e4nden [&hellip;]","og_url":"https:\/\/www.nedzink.com\/de\/trennlagen\/","og_site_name":"NedZink","article_modified_time":"2021-09-22T08:52:50+00:00","twitter_card":"summary_large_image","twitter_misc":{"Gesch\u00e4tzte Lesezeit":"3\u00a0Minuten"},"schema":{"@context":"https:\/\/schema.org","@graph":[{"@type":"WebPage","@id":"https:\/\/www.nedzink.com\/de\/trennlagen\/","url":"https:\/\/www.nedzink.com\/de\/trennlagen\/","name":"Trennlagen \u2013 NedZink","isPartOf":{"@id":"https:\/\/www.nedzink.com\/de\/#website"},"datePublished":"2019-06-04T12:54:46+00:00","dateModified":"2021-09-22T08:52:50+00:00","breadcrumb":{"@id":"https:\/\/www.nedzink.com\/de\/trennlagen\/#breadcrumb"},"inLanguage":"de","potentialAction":[{"@type":"ReadAction","target":["https:\/\/www.nedzink.com\/de\/trennlagen\/"]}]},{"@type":"BreadcrumbList","@id":"https:\/\/www.nedzink.com\/de\/trennlagen\/#breadcrumb","itemListElement":[{"@type":"ListItem","position":1,"name":"Home","item":"https:\/\/www.nedzink.com\/de\/"},{"@type":"ListItem","position":2,"name":"Trennlagen"}]},{"@type":"WebSite","@id":"https:\/\/www.nedzink.com\/de\/#website","url":"https:\/\/www.nedzink.com\/de\/","name":"NedZink","description":"Zink fabrikant","publisher":{"@id":"https:\/\/www.nedzink.com\/de\/#organization"},"potentialAction":[{"@type":"SearchAction","target":{"@type":"EntryPoint","urlTemplate":"https:\/\/www.nedzink.com\/de\/?s={search_term_string}"},"query-input":{"@type":"PropertyValueSpecification","valueRequired":true,"valueName":"search_term_string"}}],"inLanguage":"de"},{"@type":"Organization","@id":"https:\/\/www.nedzink.com\/de\/#organization","name":"NedZink","url":"https:\/\/www.nedzink.com\/de\/","logo":{"@type":"ImageObject","inLanguage":"de","@id":"https:\/\/www.nedzink.com\/de\/#\/schema\/logo\/image\/","url":"https:\/\/www.nedzink.com\/wp-content\/uploads\/2019\/08\/logo-nedzink_fc_zk.jpg","contentUrl":"https:\/\/www.nedzink.com\/wp-content\/uploads\/2019\/08\/logo-nedzink_fc_zk.jpg","width":2160,"height":688,"caption":"NedZink"},"image":{"@id":"https:\/\/www.nedzink.com\/de\/#\/schema\/logo\/image\/"}}]}},"_links":{"self":[{"href":"https:\/\/www.nedzink.com\/de\/wp-json\/wp\/v2\/pages\/30817","targetHints":{"allow":["GET"]}}],"collection":[{"href":"https:\/\/www.nedzink.com\/de\/wp-json\/wp\/v2\/pages"}],"about":[{"href":"https:\/\/www.nedzink.com\/de\/wp-json\/wp\/v2\/types\/page"}],"author":[{"embeddable":true,"href":"https:\/\/www.nedzink.com\/de\/wp-json\/wp\/v2\/users\/9"}],"replies":[{"embeddable":true,"href":"https:\/\/www.nedzink.com\/de\/wp-json\/wp\/v2\/comments?post=30817"}],"version-history":[{"count":0,"href":"https:\/\/www.nedzink.com\/de\/wp-json\/wp\/v2\/pages\/30817\/revisions"}],"wp:attachment":[{"href":"https:\/\/www.nedzink.com\/de\/wp-json\/wp\/v2\/media?parent=30817"}],"curies":[{"name":"wp","href":"https:\/\/api.w.org\/{rel}","templated":true}]}}