{"id":30807,"date":"2019-06-04T14:54:44","date_gmt":"2019-06-04T12:54:44","guid":{"rendered":"http:\/\/136.144.181.85\/~nedzink\/techn-informationen\/unterkonstruktionen\/warmedammung\/"},"modified":"2021-09-22T10:42:35","modified_gmt":"2021-09-22T08:42:35","slug":"warmedammung","status":"publish","type":"page","link":"https:\/\/www.nedzink.com\/de\/warmedammung\/","title":{"rendered":"W\u00e4rmed\u00e4mmung"},"content":{"rendered":"[vc_row][vc_column][vc_column_text css=&#8220;.vc_custom_1632300150503{margin-bottom: 0px !important;}&#8220;]\n<div class=\"contentStyle\" style=\"margin: 10px 0px;\">\n<p>D\u00e4mmstoffe werden in Verbindung mit NedZink in Dach- und Wandkonstruktionen in der Regel zum W\u00e4rmeschutz eingesetzt. Als weiterer Anwendungsbereich k\u00f6nnen sie bei entsprechender Erfordernis auch dem Schallschutz bzw. der Schalld\u00e4mmung dienen. \u00dcber den klassischen Einbau von D\u00e4mmstoffen unterhalb der Deckunterlage hinaus stehen heute auch Systeme zur Verf\u00fcgung, bei denen die Funktion der Deckunterlage bei nicht hinterl\u00fcfteten Konstruktionen vom D\u00e4mmmaterial mit \u00fcbernommen wird. Werden solche Konstruktionen mit NedZink &#8211; nach erfolgter Objektberatung durch NedZink &#8211; erstellt, so ist der Einbau einer dauerhaft funktionsf\u00e4higen Dampfsperre unterhalb der W\u00e4rmed\u00e4mmung und einer abstandhaltenden <a href=\"https:\/\/www.nedzink.com\/de\/trennlagen\/\"><strong>Trennlage<\/strong><\/a> oberhalb der W\u00e4rmed\u00e4mmung erforderlich.<\/p>\n<p>Mineralfaser-D\u00e4mmstoffe<\/p>\n<p>Es kommen in der Regel trittfeste Platten aus Steinwolle zum Einsatz. Sie m\u00fcssen verrottungssicher, ma\u00dfhaltig, form- und temperaturbest\u00e4ndig sein. Beim Brandschutz ist mindestens Klasse B1 gefordert.<br \/>\nDie Dimensionierung und Wahl der W\u00e4rmeleitf\u00e4higkeit ist nach WSVO und DIN 4108 zu bemessen. Die Platten sind trittstabil und wasserabweisend. Im Verlauf des Arbeitsfortschritts sind gegebenenfalls tempor\u00e4re Schutzplanen bzw. -folien gegen das Eindringen von Feuchte w\u00e4hrend der Bauzeit einzusetzen.<\/p>\n<p>Zur Befestigung der Hafte der Stehfalzeindeckung stehen verschiedene M\u00f6glichkeiten zu Verf\u00fcgung.<br \/>\nDie einzusetzende Ausf\u00fchrung ist jeweils objektbezogen auszuw\u00e4hlen:<\/p>\n<ul>\n<li>Befestigung von Haften mit hohem senkrechten Schenkel direkt in die tragende <a href=\"https:\/\/www.nedzink.com\/de\/unterkonstruktionen\/unterkonstruktionen-ohne-hinterluftung\/\"><strong>Unterkonstruktion<\/strong><\/a>. Haftpositionen in Plattenfugen angeordnet.(z.B. sm-System spezial Schiebehafte SM-Sos)<\/li>\n<li>Hafte mit ihrer Grundplatte auf der W\u00e4rmed\u00e4mmung aufliegend und mit langen, durchsto\u00dfenden Befestigungsmitteln in der <a href=\"https:\/\/www.nedzink.com\/de\/unterkonstruktionen\/unterkonstruktionen-mit-hinterluftung\/\"><strong>Unterkonstruktion<\/strong> <\/a>befestigt (z.B. System Krabban; sm-System Plattenhaft SM-GP)<\/li>\n<li>Hafte aufliegend auf in die W\u00e4rmed\u00e4mmung integrierte Metall- bzw. Holzprofile. Die Befestigung<br \/>\nder Profile erfolgt ggf. mit langen, durchsto\u00dfenden Befestigungsmitteln in die Unterkonstruktion.<br \/>\nDie Befestigung der Hafte erfolgt direkt auf den Profilen (z.B. Rockwool-Prodach)<\/li>\n<li>Mehrlagige Verlegung der W\u00e4rmed\u00e4mmung mit integrierten Profilen (z.B. Konterlattung\/Lattung); die Abst\u00e4nde der Lattung sind so zu w\u00e4hlen, dass die korrekte Befestigung der Hafte erfolgen kann<\/li>\n<\/ul>\n<p>Die Verarbeitungshinweise der Hersteller sind zu beachten.<\/p>\n<p>Schaumglas<\/p>\n<p>Die einzusetzenden Schaumglasplatten weisen einige positive Merkmale als Deckunterlage f\u00fcr NedZink auf:<\/p>\n<ul>\n<li>druckfest<\/li>\n<li>nicht brennbar<\/li>\n<li>verrottungssicher<\/li>\n<li>formstabil<\/li>\n<li>praktisch diffusionsdicht<\/li>\n<\/ul>\n<p>Die Platten werden mit Bitumen (Hei\u00df- bzw. Kaltklebeverfahren) auf der Unterkonstruktion und untereinander verklebt. Nach einem Hei\u00dfbitumenabstrich, Abschn\u00fcren der Haftpositionen, Einschlagen der Krallenplatten, wird eine einlagige Polymerbitumen-Dichtungsbahn aufgebracht. Darauf ist als Trennlage unterhalb von NedZink eine abstandhaltende, strukturierte Wirrfasermatte einzubauen.<\/p>\n<p>Die Verarbeitungshinweise des Herstellers sind zu beachten.<\/p>\n<h2>Hartschaum-D\u00e4mmstoffe<\/h2>\n<p>Es werden Hartschaum-D\u00e4mmplatten mit integrierten Mehrschicht-Holzleisten als Deckunterlage angeboten. Diese sind grunds\u00e4tzlich auch in Verbindung mit NedZink einsetzbar. Eine Entscheidung dar\u00fcber ist einer objektbezogenen Pr\u00fcfung vorbehalten.<\/p>\n<p>Die Verarbeitungshinweise der Hersteller sind zu beachten.<\/p>\n<\/div>\n[\/vc_column_text][\/vc_column][\/vc_row]\n","protected":false},"excerpt":{"rendered":"<p>[vc_row][vc_column][vc_column_text css=&#8220;.vc_custom_1632300150503{margin-bottom: 0px !important;}&#8220;] D\u00e4mmstoffe werden in Verbindung mit NedZink in Dach- und Wandkonstruktionen in der Regel zum W\u00e4rmeschutz eingesetzt. Als weiterer Anwendungsbereich k\u00f6nnen sie bei entsprechender Erfordernis auch dem Schallschutz bzw. der Schalld\u00e4mmung dienen. \u00dcber den klassischen Einbau von D\u00e4mmstoffen unterhalb der Deckunterlage hinaus stehen heute auch Systeme zur Verf\u00fcgung, bei denen die Funktion [&hellip;]<\/p>\n","protected":false},"author":9,"featured_media":0,"parent":0,"menu_order":750,"comment_status":"closed","ping_status":"closed","template":"template-import.php","meta":{"_acf_changed":false,"footnotes":""},"class_list":["post-30807","page","type-page","status-publish","hentry"],"acf":[],"yoast_head":"<!-- This site is optimized with the Yoast SEO plugin v26.8 - https:\/\/yoast.com\/product\/yoast-seo-wordpress\/ -->\n<title>W\u00e4rmed\u00e4mmung \u2013 NedZink<\/title>\n<meta name=\"robots\" content=\"index, follow, max-snippet:-1, max-image-preview:large, max-video-preview:-1\" \/>\n<link rel=\"canonical\" href=\"https:\/\/www.nedzink.com\/de\/warmedammung\/\" \/>\n<meta property=\"og:locale\" content=\"de_DE\" \/>\n<meta property=\"og:type\" content=\"article\" \/>\n<meta property=\"og:title\" content=\"W\u00e4rmed\u00e4mmung \u2013 NedZink\" \/>\n<meta property=\"og:description\" content=\"[vc_row][vc_column][vc_column_text css=&#8220;.vc_custom_1632300150503{margin-bottom: 0px !important;}&#8220;] D\u00e4mmstoffe werden in Verbindung mit NedZink in Dach- und Wandkonstruktionen in der Regel zum W\u00e4rmeschutz eingesetzt. Als weiterer Anwendungsbereich k\u00f6nnen sie bei entsprechender Erfordernis auch dem Schallschutz bzw. der Schalld\u00e4mmung dienen. \u00dcber den klassischen Einbau von D\u00e4mmstoffen unterhalb der Deckunterlage hinaus stehen heute auch Systeme zur Verf\u00fcgung, bei denen die Funktion [&hellip;]\" \/>\n<meta property=\"og:url\" content=\"https:\/\/www.nedzink.com\/de\/warmedammung\/\" \/>\n<meta property=\"og:site_name\" content=\"NedZink\" \/>\n<meta property=\"article:modified_time\" content=\"2021-09-22T08:42:35+00:00\" \/>\n<meta name=\"twitter:card\" content=\"summary_large_image\" \/>\n<meta name=\"twitter:label1\" content=\"Gesch\u00e4tzte Lesezeit\" \/>\n\t<meta name=\"twitter:data1\" content=\"2\u00a0Minuten\" \/>\n<script type=\"application\/ld+json\" class=\"yoast-schema-graph\">{\"@context\":\"https:\/\/schema.org\",\"@graph\":[{\"@type\":\"WebPage\",\"@id\":\"https:\/\/www.nedzink.com\/de\/warmedammung\/\",\"url\":\"https:\/\/www.nedzink.com\/de\/warmedammung\/\",\"name\":\"W\u00e4rmed\u00e4mmung \u2013 NedZink\",\"isPartOf\":{\"@id\":\"https:\/\/www.nedzink.com\/de\/#website\"},\"datePublished\":\"2019-06-04T12:54:44+00:00\",\"dateModified\":\"2021-09-22T08:42:35+00:00\",\"breadcrumb\":{\"@id\":\"https:\/\/www.nedzink.com\/de\/warmedammung\/#breadcrumb\"},\"inLanguage\":\"de\",\"potentialAction\":[{\"@type\":\"ReadAction\",\"target\":[\"https:\/\/www.nedzink.com\/de\/warmedammung\/\"]}]},{\"@type\":\"BreadcrumbList\",\"@id\":\"https:\/\/www.nedzink.com\/de\/warmedammung\/#breadcrumb\",\"itemListElement\":[{\"@type\":\"ListItem\",\"position\":1,\"name\":\"Home\",\"item\":\"https:\/\/www.nedzink.com\/de\/\"},{\"@type\":\"ListItem\",\"position\":2,\"name\":\"W\u00e4rmed\u00e4mmung\"}]},{\"@type\":\"WebSite\",\"@id\":\"https:\/\/www.nedzink.com\/de\/#website\",\"url\":\"https:\/\/www.nedzink.com\/de\/\",\"name\":\"NedZink\",\"description\":\"Zink fabrikant\",\"publisher\":{\"@id\":\"https:\/\/www.nedzink.com\/de\/#organization\"},\"potentialAction\":[{\"@type\":\"SearchAction\",\"target\":{\"@type\":\"EntryPoint\",\"urlTemplate\":\"https:\/\/www.nedzink.com\/de\/?s={search_term_string}\"},\"query-input\":{\"@type\":\"PropertyValueSpecification\",\"valueRequired\":true,\"valueName\":\"search_term_string\"}}],\"inLanguage\":\"de\"},{\"@type\":\"Organization\",\"@id\":\"https:\/\/www.nedzink.com\/de\/#organization\",\"name\":\"NedZink\",\"url\":\"https:\/\/www.nedzink.com\/de\/\",\"logo\":{\"@type\":\"ImageObject\",\"inLanguage\":\"de\",\"@id\":\"https:\/\/www.nedzink.com\/de\/#\/schema\/logo\/image\/\",\"url\":\"https:\/\/www.nedzink.com\/wp-content\/uploads\/2019\/08\/logo-nedzink_fc_zk.jpg\",\"contentUrl\":\"https:\/\/www.nedzink.com\/wp-content\/uploads\/2019\/08\/logo-nedzink_fc_zk.jpg\",\"width\":2160,\"height\":688,\"caption\":\"NedZink\"},\"image\":{\"@id\":\"https:\/\/www.nedzink.com\/de\/#\/schema\/logo\/image\/\"}}]}<\/script>\n<!-- \/ Yoast SEO plugin. -->","yoast_head_json":{"title":"W\u00e4rmed\u00e4mmung \u2013 NedZink","robots":{"index":"index","follow":"follow","max-snippet":"max-snippet:-1","max-image-preview":"max-image-preview:large","max-video-preview":"max-video-preview:-1"},"canonical":"https:\/\/www.nedzink.com\/de\/warmedammung\/","og_locale":"de_DE","og_type":"article","og_title":"W\u00e4rmed\u00e4mmung \u2013 NedZink","og_description":"[vc_row][vc_column][vc_column_text css=&#8220;.vc_custom_1632300150503{margin-bottom: 0px !important;}&#8220;] D\u00e4mmstoffe werden in Verbindung mit NedZink in Dach- und Wandkonstruktionen in der Regel zum W\u00e4rmeschutz eingesetzt. Als weiterer Anwendungsbereich k\u00f6nnen sie bei entsprechender Erfordernis auch dem Schallschutz bzw. der Schalld\u00e4mmung dienen. \u00dcber den klassischen Einbau von D\u00e4mmstoffen unterhalb der Deckunterlage hinaus stehen heute auch Systeme zur Verf\u00fcgung, bei denen die Funktion [&hellip;]","og_url":"https:\/\/www.nedzink.com\/de\/warmedammung\/","og_site_name":"NedZink","article_modified_time":"2021-09-22T08:42:35+00:00","twitter_card":"summary_large_image","twitter_misc":{"Gesch\u00e4tzte Lesezeit":"2\u00a0Minuten"},"schema":{"@context":"https:\/\/schema.org","@graph":[{"@type":"WebPage","@id":"https:\/\/www.nedzink.com\/de\/warmedammung\/","url":"https:\/\/www.nedzink.com\/de\/warmedammung\/","name":"W\u00e4rmed\u00e4mmung \u2013 NedZink","isPartOf":{"@id":"https:\/\/www.nedzink.com\/de\/#website"},"datePublished":"2019-06-04T12:54:44+00:00","dateModified":"2021-09-22T08:42:35+00:00","breadcrumb":{"@id":"https:\/\/www.nedzink.com\/de\/warmedammung\/#breadcrumb"},"inLanguage":"de","potentialAction":[{"@type":"ReadAction","target":["https:\/\/www.nedzink.com\/de\/warmedammung\/"]}]},{"@type":"BreadcrumbList","@id":"https:\/\/www.nedzink.com\/de\/warmedammung\/#breadcrumb","itemListElement":[{"@type":"ListItem","position":1,"name":"Home","item":"https:\/\/www.nedzink.com\/de\/"},{"@type":"ListItem","position":2,"name":"W\u00e4rmed\u00e4mmung"}]},{"@type":"WebSite","@id":"https:\/\/www.nedzink.com\/de\/#website","url":"https:\/\/www.nedzink.com\/de\/","name":"NedZink","description":"Zink fabrikant","publisher":{"@id":"https:\/\/www.nedzink.com\/de\/#organization"},"potentialAction":[{"@type":"SearchAction","target":{"@type":"EntryPoint","urlTemplate":"https:\/\/www.nedzink.com\/de\/?s={search_term_string}"},"query-input":{"@type":"PropertyValueSpecification","valueRequired":true,"valueName":"search_term_string"}}],"inLanguage":"de"},{"@type":"Organization","@id":"https:\/\/www.nedzink.com\/de\/#organization","name":"NedZink","url":"https:\/\/www.nedzink.com\/de\/","logo":{"@type":"ImageObject","inLanguage":"de","@id":"https:\/\/www.nedzink.com\/de\/#\/schema\/logo\/image\/","url":"https:\/\/www.nedzink.com\/wp-content\/uploads\/2019\/08\/logo-nedzink_fc_zk.jpg","contentUrl":"https:\/\/www.nedzink.com\/wp-content\/uploads\/2019\/08\/logo-nedzink_fc_zk.jpg","width":2160,"height":688,"caption":"NedZink"},"image":{"@id":"https:\/\/www.nedzink.com\/de\/#\/schema\/logo\/image\/"}}]}},"_links":{"self":[{"href":"https:\/\/www.nedzink.com\/de\/wp-json\/wp\/v2\/pages\/30807","targetHints":{"allow":["GET"]}}],"collection":[{"href":"https:\/\/www.nedzink.com\/de\/wp-json\/wp\/v2\/pages"}],"about":[{"href":"https:\/\/www.nedzink.com\/de\/wp-json\/wp\/v2\/types\/page"}],"author":[{"embeddable":true,"href":"https:\/\/www.nedzink.com\/de\/wp-json\/wp\/v2\/users\/9"}],"replies":[{"embeddable":true,"href":"https:\/\/www.nedzink.com\/de\/wp-json\/wp\/v2\/comments?post=30807"}],"version-history":[{"count":0,"href":"https:\/\/www.nedzink.com\/de\/wp-json\/wp\/v2\/pages\/30807\/revisions"}],"wp:attachment":[{"href":"https:\/\/www.nedzink.com\/de\/wp-json\/wp\/v2\/media?parent=30807"}],"curies":[{"name":"wp","href":"https:\/\/api.w.org\/{rel}","templated":true}]}}