{"id":30797,"date":"2019-06-04T14:54:42","date_gmt":"2019-06-04T12:54:42","guid":{"rendered":"http:\/\/136.144.181.85\/~nedzink\/techn-informationen\/unterkonstruktionen\/deckunterlagen\/"},"modified":"2021-09-22T10:40:43","modified_gmt":"2021-09-22T08:40:43","slug":"deckunterlagen","status":"publish","type":"page","link":"https:\/\/www.nedzink.com\/de\/deckunterlagen\/","title":{"rendered":"Deckunterlagen"},"content":{"rendered":"[vc_row][vc_column][vc_column_text css=&#8220;.vc_custom_1632300038107{margin-bottom: 0px !important;}&#8220;]Die Deckunterlage in Verbindung mit der Verarbeitung von NedZink im Hochbau bezeichnet die direkt unter dem Metall angeordnete Schicht der Unterkonstruktion, welche die Metallhaut tr\u00e4gt und die Befestigungsmittel aufnimmt.<\/p>\n<p>Weiterhin sind der Deckunterlage andere Aufgaben zugeordnet, wie z.B.:<\/p>\n<ul>\n<li>Aufnahme von Windsogkr\u00e4ften<\/li>\n<li>Aufnahme der Kr\u00e4fte aus dem Eigengewicht der Eindeckung<\/li>\n<li>Aufnahme von Druckkr\u00e4ften wie z.B. Schneelasten<\/li>\n<li>Bauphysikalische Aspekte wie z.B. die \u201ePufferwirkung\u201c von Feuchte-Eintr\u00e4gen<\/li>\n<li>Brandschutztechnische Anforderungen<\/li>\n<\/ul>\n<p>Die Deckunterlage muss in Verbindung mit der sie tragenden Unterkonstruktion so ausgef\u00fchrt sein, dass einwirkende Lasten nach DIN 1055 \u201eLastannahmen f\u00fcr Bauten\u201c und DIN 18339 \u201eKlempnerarbeiten\u201c sicher aufgenommen werden.<\/p>\n<p>&nbsp;<\/p>\n<h2>Arten von Deckunterlagen f\u00fcr Falzarbeiten<\/h2>\n<p>Falzarbeiten in Klempnertechnik mit NedZink werden in der Regel mit 0,70 mm, in Sonderf\u00e4llen mit<br \/>\n0,80 mm oder 1,00 mm dicken Blechen und B\u00e4ndern ausgef\u00fchrt. Da es sich hierbei um D\u00fcnnbleche handelt, sind diese Eindeckungen nicht selbsttragend und ben\u00f6tigen eine vollfl\u00e4chige, biegesteife Deckunterlage. Dar\u00fcber hinaus ist der Einsatz von Systemprofilen und -scharen als formstabile Einheit m\u00f6glich (z.B. NedZink System). In diesen F\u00e4llen ist eine Lattung ausreichend. Einen weiteren Bereich stellen die nichtbel\u00fcfteten Konstruktionen in ihren vielen verschiedenen Auspr\u00e4gungen dar. Im Weiteren soll von den gebr\u00e4uchlichsten Deckunterlagen f\u00fcr bel\u00fcftete Konstruktionen und nicht bel\u00fcftete Konstruktionen mit weicher <a href=\"https:\/\/www.nedzink.com\/de\/warmedammung\/\"><strong>W\u00e4rmed\u00e4mmung<\/strong> <\/a>die Rede sein.<\/p>\n<h2>Holzschalung<\/h2>\n<p>Die weitaus h\u00e4ufigste Art der Deckunterlage in der Praxis ist die Brettholzschalung. Zum Einsatz kommen ungehobelte, parallel bes\u00e4umte Bretter aus Nadelholz in lufttrockenem Zustand. Die gute Eignung von Holzschalung beruht auf ihrer leichten Verarbeitbarkeit, positiven bauphysikalischen Eigenschaften, einfachen Befestigungstechnik und flexiblen Einsetzbarkeit. Die Anforderungen legen DIN 18334 \u201eZimmerer- und Holzbauarbeiten\u201c und DIN 4071 fest:<\/p>\n<table style=\"line-height: 13px; margin-left: -3px;\" border=\"0\">\n<tbody>\n<tr>\n<td width=\"100\">Sortierklasse:<\/td>\n<td width=\"100\">S 10<\/td>\n<\/tr>\n<tr>\n<td>Mindestdicke:<\/td>\n<td>24 mm<\/td>\n<\/tr>\n<tr>\n<td>Maximale Breite:<\/td>\n<td>160 mm<\/td>\n<\/tr>\n<\/tbody>\n<\/table>\n<p>Die in der Praxis \u00fcblichen Abmessungen sind:<\/p>\n<table style=\"line-height: 13px; margin-left: -3px;\" border=\"0\">\n<tbody>\n<tr>\n<td width=\"100\">Dicke:<\/td>\n<td width=\"100\">24 mm; 30 mm<\/td>\n<\/tr>\n<tr>\n<td>Brettbreite:<\/td>\n<td>80 mm &#8211; 140 mm<\/td>\n<\/tr>\n<\/tbody>\n<\/table>\n<p>Erh\u00f6hte Brettdicken k\u00f6nnen gefordert sein, wenn durch h\u00f6here Belastungen, z.B. Windsoglasten bei gro\u00dfen Geb\u00e4udeh\u00f6hen, l\u00e4ngere Befestigungsmittel verwendet werden m\u00fcssen. Das Gleiche gilt f\u00fcr gro\u00dfe Spannweiten der tragenden Unterkonstruktion.<\/p>\n<p>Die Brettbreiten sind auf die angef\u00fchrten Gr\u00f6\u00dfen beschr\u00e4nkt, um m\u00f6gliche Aufsch\u00fcsselungen bei gro\u00dfen Breiten w\u00e4hrend der Austrocknung des Holzes zu vermeiden. Es ist darauf zu achten, Holz mit geringerer Feuchte als 20 Massenprozent mit der Kernseite nach oben zu verlegen.<\/p>\n<p>F\u00fcr Konstruktionen mit NedZink k\u00f6nnen Spalten von 5 &#8211; 10 mm zwischen den Brettern offen bleiben.<\/p>\n<p>Die K\u00f6pfe der Befestigungsmittel (N\u00e4gel; Stifte) sind ausreichend zu versenken.<\/p>\n<p>Die Verlegerichtung der Schalung sollte rechtwinklig zur Richtung der Eindeckung erfolgen. Ist dies nicht m\u00f6glich, ist ein spitzer Winkel zur Traufe anzustreben. Ansonsten besteht die Gefahr, dass Befestigungsmittel der Eindeckung auf Brettfugen zu liegen kommen oder f\u00fcr die jeweilige Schar g\u00e4nzlich in einer einzigen Brettl\u00e4nge befestigt sind.<\/p>\n<p>&nbsp;<\/p>\n<h2>Baufurniersperrholz BFU<\/h2>\n<p>BFU-Platten werden aus mindestens drei Furnierschichten kreuzweise verleimt hergestellt. Durch hohe Eigenstabilit\u00e4t und relativ gro\u00dffl\u00e4chige Lieferformen bieten sich BFU-Platten als Deckunterlage bei erh\u00f6hten Anforderungen an; wie z.B. gro\u00dfe Sparrenabst\u00e4nde oder komplizierte Fl\u00e4chenaufteilung.<\/p>\n<p>Es kommen Platten nach DIN 68705 vom Typ BFU(-BU) 110 G zum Einsatz. Die einzusetzende Mindestdicke richtet sich nach der L\u00e4nge der verwendeten Befestigungsmittel.<\/p>\n<p>Es wird eine Mindestdicke als Nenndicke von min. 22 mm empfohlen.<\/p>\n<p>Die jeweils geforderte Nenndicke kann je nach Erfordernis (z.B. gerundete Fl\u00e4chen) auch durch mehrere Lagen d\u00fcnner BFU-Platten erreicht werden.<\/p>\n<p>Nicht unterst\u00fctzte Plattenfugen sind zur Kraft\u00fcbertragung in Nut-\/ Federtechnik auszuf\u00fchren. Die Platten sind im Kreuzverband zu verlegen. Kreuzst\u00f6\u00dfe sind nicht zul\u00e4ssig.<\/p>\n<p>Die L\u00e4ngendehnung der Platten ist zu ber\u00fccksichtigen und mit geeigneter Fugenbreite aufzufangen.<\/p>\n<p>Durch das Oberfl\u00e4chenverhalten und den geringen Fugenanteil von verlegten BFU-Platten ist die Deckunterlage im Gegensatz zur Holzschalung nicht in der Lage, Feuchte zu \u201epuffern\u201c. Es ist daher in Verbindung mit NedZink immer eine strukturierte, abstandhaltende <a href=\"https:\/\/www.nedzink.com\/de\/trennlagen\/\"><strong>Trennlage<\/strong><\/a> unterhalb des Metalls einzubauen.<\/p>\n<h2>Oriented Strand Boards OSB<\/h2>\n<p>OSB-Platten werden aus langen ausgerichteten Sp\u00e4nen im Leimverfahren hergestellt. Durch die Ausrichtung der Sp\u00e4ne ist das Biegeverhalten in L\u00e4ngs- und Querrichtung unterschiedlich.<\/p>\n<p>Es kommt der Plattentyp OSB\/3 als Deckunterlage zum Einsatz.<\/p>\n<p>Bei Einsatz als Deckunterlage f\u00fcr NedZink ist immer eine strukturierte und abstandhaltende Trennlage einzubauen. Zu Mindestdicke und Oberfl\u00e4chenverhalten gilt das f\u00fcr BFU-Platten Gesagte.<\/p>\n<p>Mineralisch gebundene Spanplatten<\/p>\n<p>Werden an die Konstruktion erh\u00f6hte Brandschutzanforderungen gestellt, k\u00f6nnen mineralisch gebundene Spanplatten der Baustoffklassen B1, A2 als Deckunterlage mit NedZink eingesetzt werden. Diese Spanplatten weisen durch ihre mineralische Bindung (z.B. Zement) einen erh\u00f6hten Widerstand gegen Brandbelastung und ein stabileres Feuchteverhalten als herk\u00f6mmliche Spanplatten auf. Sie sind in der Regel nicht stabil gegen Schlagbelastung. Die Befestigungsmittel sind darauf abzustimmen.<\/p>\n<p>Die Hafte sind mit geeigneten Nieten zu befestigen.<\/p>\n<p>Beim Einsatz als Deckunterlage f\u00fcr NedZink ist immer eine strukturierte, abstandhaltende Trennlage einzubauen. Anderenfalls besteht die M\u00f6glichkeit des dauerhaften Verbleibs von Feuchte hinter dem Metall, da die Aufnahmef\u00e4higkeit der Platten sehr beschr\u00e4nkt ist.<\/p>\n<p>&nbsp;<\/p>\n<h2>Beton und Naturstein<\/h2>\n<p>Bei kleinteiligen Fl\u00e4chen und Abdeckungen, insbesondere bei denkmalpflegerischen Arbeiten, kann die Verlegung von NedZink auf einer Deckunterlage aus Stein oder Beton erforderlich sein. Dies gilt vor allem unter dem \u00e4sthetischen Aspekt einer m\u00f6glichst geringen Aufdickung der Metallabdeckung beim Wetterschutz f\u00fcr Natursteinarbeiten.<\/p>\n<p>Zu beachten ist die ausreichende Erh\u00e4rtung bzw. Abbindung vor Montage der NedZink Profile. Die Oberfl\u00e4chen m\u00fcssen glatt und staubfrei sein.<\/p>\n<p>Um sch\u00e4digende Einfl\u00fcsse wie z.B. Alkalien aus der Deckunterlage zu vermeiden, ist in Verbindung mit NedZink immer eine geeignete Trennlage einzubauen. Dabei kann bei kleineren Fl\u00e4chen auf die<br \/>\nabstandhaltende Funktion verzichtet werden.<\/p>\n<p>Die Befestigung der Metallarbeit kann mechanisch z.B. mit D\u00fcbeln \/ Schrauben oder unter Verzicht auf eine Trennlage mit geeigneten Klebern erfolgen.<\/p>\n<p>D\u00e4mmstoffe<\/p>\n<p>D\u00e4mmstoffe als Deckunterlage werden bei nicht bel\u00fcfteten Konstruktionen in verschiedenen Materialien und Formen eingesetzt. Diese Konstruktionen sind grunds\u00e4tzlich auch mit NedZink ausf\u00fchrbar. Da es sich hierbei um objektbezogene Konstruktionen mit einem Anteil an Beratungst\u00e4tigkeit handelt, bitten wir um direkte Anfrage an unsere Anwendungstechnik.<\/p>\n<p>&nbsp;<\/p>\n<h2>Trapezprofile<\/h2>\n<p>Bei erh\u00f6hten Brandschutzanforderungen nach A1 im steil geneigten oder senkrechten Bereich k\u00f6nnen Trapezprofile aus Stahl oder Aluminium als Deckunterlage zum Einsatz kommen.<\/p>\n<p>Zu beachten ist, dass die Trapezprofile die zu montierende NedZink Bekleidung nicht in der ganzen Fl\u00e4che unterst\u00fctzen. Ausreichender Korrosionsschutz der Bleche ist nach DIN 55928 sicherzustellen.<\/p>\n<p>Die Befestigung der Hafte der Metallbekleidung erfolgt mit Nieten oder Schrauben.<\/p>\n<p>&nbsp;<\/p>\n<h2>Unterkonstruktionen f\u00fcr Fassadensysteme<\/h2>\n<p>F\u00fcr werkseitig vorgeformte Fassadenmontageprofile stehen verschiedene <a href=\"https:\/\/www.nedzink.com\/de\/unterkonstruktionen\/unterkonstruktionen-ohne-hinterluftung\/\"><strong>Unterkonstruktionssysteme<\/strong><\/a> aus Metall (verzinkter Stahl \/ Aluminium) und Holz zur Verf\u00fcgung.<\/p>\n<p>Die Funktionsweise ist unterschiedlich (z.B. Konsolsysteme \/ Z-Profile), dient aber immer mehreren Aufgaben:Aufnahme der W\u00e4rmed\u00e4mmung<\/p>\n<ul>\n<li>Hinterl\u00fcftung<\/li>\n<li>Sichere Befestigung gegen statische und Windsoglasten<\/li>\n<li>Aufnahme und Befestigung der NedZink Bekleidung<\/li>\n<\/ul>\n<p>Die Systeme und die daf\u00fcr geeigneten Befestigungsmittel sind in der Regel als nicht brennbar eingestuft.<\/p>\n<p>Eine objektbezogene Beratung unter Ber\u00fccksichtigung der jeweiligen Herstellervorgaben ist bei Einsatz der Systeme notwendig.[\/vc_column_text][\/vc_column][\/vc_row]\n","protected":false},"excerpt":{"rendered":"<p>[vc_row][vc_column][vc_column_text css=&#8220;.vc_custom_1632300038107{margin-bottom: 0px !important;}&#8220;]Die Deckunterlage in Verbindung mit der Verarbeitung von NedZink im Hochbau bezeichnet die direkt unter dem Metall angeordnete Schicht der Unterkonstruktion, welche die Metallhaut tr\u00e4gt und die Befestigungsmittel aufnimmt. Weiterhin sind der Deckunterlage andere Aufgaben zugeordnet, wie z.B.: Aufnahme von Windsogkr\u00e4ften Aufnahme der Kr\u00e4fte aus dem Eigengewicht der Eindeckung Aufnahme von Druckkr\u00e4ften [&hellip;]<\/p>\n","protected":false},"author":9,"featured_media":0,"parent":0,"menu_order":740,"comment_status":"closed","ping_status":"closed","template":"template-import.php","meta":{"_acf_changed":false,"footnotes":""},"class_list":["post-30797","page","type-page","status-publish","hentry"],"acf":[],"yoast_head":"<!-- This site is optimized with the Yoast SEO plugin v26.8 - https:\/\/yoast.com\/product\/yoast-seo-wordpress\/ -->\n<title>Deckunterlagen \u2013 NedZink<\/title>\n<meta name=\"robots\" content=\"index, follow, max-snippet:-1, max-image-preview:large, max-video-preview:-1\" \/>\n<link rel=\"canonical\" href=\"https:\/\/www.nedzink.com\/de\/deckunterlagen\/\" \/>\n<meta property=\"og:locale\" content=\"de_DE\" \/>\n<meta property=\"og:type\" content=\"article\" \/>\n<meta property=\"og:title\" content=\"Deckunterlagen \u2013 NedZink\" \/>\n<meta property=\"og:description\" content=\"[vc_row][vc_column][vc_column_text css=&#8220;.vc_custom_1632300038107{margin-bottom: 0px !important;}&#8220;]Die Deckunterlage in Verbindung mit der Verarbeitung von NedZink im Hochbau bezeichnet die direkt unter dem Metall angeordnete Schicht der Unterkonstruktion, welche die Metallhaut tr\u00e4gt und die Befestigungsmittel aufnimmt. Weiterhin sind der Deckunterlage andere Aufgaben zugeordnet, wie z.B.: Aufnahme von Windsogkr\u00e4ften Aufnahme der Kr\u00e4fte aus dem Eigengewicht der Eindeckung Aufnahme von Druckkr\u00e4ften [&hellip;]\" \/>\n<meta property=\"og:url\" content=\"https:\/\/www.nedzink.com\/de\/deckunterlagen\/\" \/>\n<meta property=\"og:site_name\" content=\"NedZink\" \/>\n<meta property=\"article:modified_time\" content=\"2021-09-22T08:40:43+00:00\" \/>\n<meta name=\"twitter:card\" content=\"summary_large_image\" \/>\n<meta name=\"twitter:label1\" content=\"Gesch\u00e4tzte Lesezeit\" \/>\n\t<meta name=\"twitter:data1\" content=\"6\u00a0Minuten\" \/>\n<script type=\"application\/ld+json\" class=\"yoast-schema-graph\">{\"@context\":\"https:\/\/schema.org\",\"@graph\":[{\"@type\":\"WebPage\",\"@id\":\"https:\/\/www.nedzink.com\/de\/deckunterlagen\/\",\"url\":\"https:\/\/www.nedzink.com\/de\/deckunterlagen\/\",\"name\":\"Deckunterlagen \u2013 NedZink\",\"isPartOf\":{\"@id\":\"https:\/\/www.nedzink.com\/de\/#website\"},\"datePublished\":\"2019-06-04T12:54:42+00:00\",\"dateModified\":\"2021-09-22T08:40:43+00:00\",\"breadcrumb\":{\"@id\":\"https:\/\/www.nedzink.com\/de\/deckunterlagen\/#breadcrumb\"},\"inLanguage\":\"de\",\"potentialAction\":[{\"@type\":\"ReadAction\",\"target\":[\"https:\/\/www.nedzink.com\/de\/deckunterlagen\/\"]}]},{\"@type\":\"BreadcrumbList\",\"@id\":\"https:\/\/www.nedzink.com\/de\/deckunterlagen\/#breadcrumb\",\"itemListElement\":[{\"@type\":\"ListItem\",\"position\":1,\"name\":\"Home\",\"item\":\"https:\/\/www.nedzink.com\/de\/\"},{\"@type\":\"ListItem\",\"position\":2,\"name\":\"Deckunterlagen\"}]},{\"@type\":\"WebSite\",\"@id\":\"https:\/\/www.nedzink.com\/de\/#website\",\"url\":\"https:\/\/www.nedzink.com\/de\/\",\"name\":\"NedZink\",\"description\":\"Zink fabrikant\",\"publisher\":{\"@id\":\"https:\/\/www.nedzink.com\/de\/#organization\"},\"potentialAction\":[{\"@type\":\"SearchAction\",\"target\":{\"@type\":\"EntryPoint\",\"urlTemplate\":\"https:\/\/www.nedzink.com\/de\/?s={search_term_string}\"},\"query-input\":{\"@type\":\"PropertyValueSpecification\",\"valueRequired\":true,\"valueName\":\"search_term_string\"}}],\"inLanguage\":\"de\"},{\"@type\":\"Organization\",\"@id\":\"https:\/\/www.nedzink.com\/de\/#organization\",\"name\":\"NedZink\",\"url\":\"https:\/\/www.nedzink.com\/de\/\",\"logo\":{\"@type\":\"ImageObject\",\"inLanguage\":\"de\",\"@id\":\"https:\/\/www.nedzink.com\/de\/#\/schema\/logo\/image\/\",\"url\":\"https:\/\/www.nedzink.com\/wp-content\/uploads\/2019\/08\/logo-nedzink_fc_zk.jpg\",\"contentUrl\":\"https:\/\/www.nedzink.com\/wp-content\/uploads\/2019\/08\/logo-nedzink_fc_zk.jpg\",\"width\":2160,\"height\":688,\"caption\":\"NedZink\"},\"image\":{\"@id\":\"https:\/\/www.nedzink.com\/de\/#\/schema\/logo\/image\/\"}}]}<\/script>\n<!-- \/ Yoast SEO plugin. -->","yoast_head_json":{"title":"Deckunterlagen \u2013 NedZink","robots":{"index":"index","follow":"follow","max-snippet":"max-snippet:-1","max-image-preview":"max-image-preview:large","max-video-preview":"max-video-preview:-1"},"canonical":"https:\/\/www.nedzink.com\/de\/deckunterlagen\/","og_locale":"de_DE","og_type":"article","og_title":"Deckunterlagen \u2013 NedZink","og_description":"[vc_row][vc_column][vc_column_text css=&#8220;.vc_custom_1632300038107{margin-bottom: 0px !important;}&#8220;]Die Deckunterlage in Verbindung mit der Verarbeitung von NedZink im Hochbau bezeichnet die direkt unter dem Metall angeordnete Schicht der Unterkonstruktion, welche die Metallhaut tr\u00e4gt und die Befestigungsmittel aufnimmt. Weiterhin sind der Deckunterlage andere Aufgaben zugeordnet, wie z.B.: Aufnahme von Windsogkr\u00e4ften Aufnahme der Kr\u00e4fte aus dem Eigengewicht der Eindeckung Aufnahme von Druckkr\u00e4ften [&hellip;]","og_url":"https:\/\/www.nedzink.com\/de\/deckunterlagen\/","og_site_name":"NedZink","article_modified_time":"2021-09-22T08:40:43+00:00","twitter_card":"summary_large_image","twitter_misc":{"Gesch\u00e4tzte Lesezeit":"6\u00a0Minuten"},"schema":{"@context":"https:\/\/schema.org","@graph":[{"@type":"WebPage","@id":"https:\/\/www.nedzink.com\/de\/deckunterlagen\/","url":"https:\/\/www.nedzink.com\/de\/deckunterlagen\/","name":"Deckunterlagen \u2013 NedZink","isPartOf":{"@id":"https:\/\/www.nedzink.com\/de\/#website"},"datePublished":"2019-06-04T12:54:42+00:00","dateModified":"2021-09-22T08:40:43+00:00","breadcrumb":{"@id":"https:\/\/www.nedzink.com\/de\/deckunterlagen\/#breadcrumb"},"inLanguage":"de","potentialAction":[{"@type":"ReadAction","target":["https:\/\/www.nedzink.com\/de\/deckunterlagen\/"]}]},{"@type":"BreadcrumbList","@id":"https:\/\/www.nedzink.com\/de\/deckunterlagen\/#breadcrumb","itemListElement":[{"@type":"ListItem","position":1,"name":"Home","item":"https:\/\/www.nedzink.com\/de\/"},{"@type":"ListItem","position":2,"name":"Deckunterlagen"}]},{"@type":"WebSite","@id":"https:\/\/www.nedzink.com\/de\/#website","url":"https:\/\/www.nedzink.com\/de\/","name":"NedZink","description":"Zink fabrikant","publisher":{"@id":"https:\/\/www.nedzink.com\/de\/#organization"},"potentialAction":[{"@type":"SearchAction","target":{"@type":"EntryPoint","urlTemplate":"https:\/\/www.nedzink.com\/de\/?s={search_term_string}"},"query-input":{"@type":"PropertyValueSpecification","valueRequired":true,"valueName":"search_term_string"}}],"inLanguage":"de"},{"@type":"Organization","@id":"https:\/\/www.nedzink.com\/de\/#organization","name":"NedZink","url":"https:\/\/www.nedzink.com\/de\/","logo":{"@type":"ImageObject","inLanguage":"de","@id":"https:\/\/www.nedzink.com\/de\/#\/schema\/logo\/image\/","url":"https:\/\/www.nedzink.com\/wp-content\/uploads\/2019\/08\/logo-nedzink_fc_zk.jpg","contentUrl":"https:\/\/www.nedzink.com\/wp-content\/uploads\/2019\/08\/logo-nedzink_fc_zk.jpg","width":2160,"height":688,"caption":"NedZink"},"image":{"@id":"https:\/\/www.nedzink.com\/de\/#\/schema\/logo\/image\/"}}]}},"_links":{"self":[{"href":"https:\/\/www.nedzink.com\/de\/wp-json\/wp\/v2\/pages\/30797","targetHints":{"allow":["GET"]}}],"collection":[{"href":"https:\/\/www.nedzink.com\/de\/wp-json\/wp\/v2\/pages"}],"about":[{"href":"https:\/\/www.nedzink.com\/de\/wp-json\/wp\/v2\/types\/page"}],"author":[{"embeddable":true,"href":"https:\/\/www.nedzink.com\/de\/wp-json\/wp\/v2\/users\/9"}],"replies":[{"embeddable":true,"href":"https:\/\/www.nedzink.com\/de\/wp-json\/wp\/v2\/comments?post=30797"}],"version-history":[{"count":0,"href":"https:\/\/www.nedzink.com\/de\/wp-json\/wp\/v2\/pages\/30797\/revisions"}],"wp:attachment":[{"href":"https:\/\/www.nedzink.com\/de\/wp-json\/wp\/v2\/media?parent=30797"}],"curies":[{"name":"wp","href":"https:\/\/api.w.org\/{rel}","templated":true}]}}