{"id":30767,"date":"2019-06-04T14:54:34","date_gmt":"2019-06-04T12:54:34","guid":{"rendered":"http:\/\/136.144.181.85\/~nedzink\/techn-informationen\/bauphysik\/windlast\/"},"modified":"2019-08-13T15:01:31","modified_gmt":"2019-08-13T13:01:31","slug":"windlast","status":"publish","type":"page","link":"https:\/\/www.nedzink.com\/de\/windlast\/","title":{"rendered":"Windlast"},"content":{"rendered":"[vc_row][vc_column][vc_column_text css=&#8220;.vc_custom_1565701248380{margin-bottom: 0px !important;}&#8220;]\n<div class=\"contentStyle\" style=\"margin: 10px 0px;\">\n<p>Grunds\u00e4tzlichesDie Sicherung von NedZink Eindeckungen und Bekleidungen gegen Abheben durch Windlasten und Beanspruchungen durch Schneelasten erfolgt im Regelfalle durch<\/p>\n<ul>\n<li>mechanische Befestigung<\/li>\n<li>Verkleben<\/li>\n<\/ul>\n<p>auf der Deckunterlage. Die Unterkonstruktion einschlie\u00dflich der Deckunterlage muss f\u00fcr die Aufnahme der aus Windsog resultierenden Lasten geeignet sein. Die verwendeten Hafte und Befestigungsmittel sind auf die vorhandene Deckunterlage und den Scharenwerkstoff Titanzink abzustimmen.<\/p>\n<h3><strong>Ermittlung der Wind- und Schneelasten<\/strong><\/h3>\n<p>Die Ermittlung der im Einzelfall zu ber\u00fccksichtigenden Lasten erfolgt im Rahmen der Planung auf der Grundlage der Normen:<\/p>\n<table>\n<tbody>\n<tr>\n<td style=\"vertical-align: top;\">DIN\u00a01055\u00a0Teil\u00a04<\/td>\n<td>\u201eLastannahmen f\u00fcr Bauten; Verkehrslasten, Windlasten bei nicht schwingungsanf\u00e4lligen Bauwerken\u201c<\/td>\n<\/tr>\n<tr>\n<td style=\"vertical-align: top;\">DIN\u00a01055\u00a0Teil\u00a05<\/td>\n<td>\u201eLastannahmen f\u00fcr Bauten; Verkehrslasten, Schneelast und Eislast\u201c<\/td>\n<\/tr>\n<\/tbody>\n<\/table>\n<p>Die ermittelten Lasten sind bei der Planung f\u00fcr die Festlegung der Ausf\u00fchrung der Unterkonstruktion, Deckunterlage und Eindeckung bzw. Bekleidung mit NedZink, der Verankerungen und Befestigungen<br \/>\nzu verwenden. Die erforderlichen Ma\u00dfnahmen sind bei der Planung festzulegen und in der Leistungsbeschreibung anzugeben.<\/p>\n<p><strong>Fl\u00e4cheneinteilung zur Windlastaufnahme nach DIN 1055 Teil 4<\/strong><br \/>\nGem\u00e4\u00df DIN 1055-4 werden die Fl\u00e4chen in Innen-, Rand- und Eckbereiche eingeteilt. F\u00fcr diese Bereiche ergeben sich in Abh\u00e4ngigkeit von der Geb\u00e4udeh\u00f6he unterschiedliche Windlasten bei D\u00e4chern und Fassaden.<\/p>\n<p><span style=\"color: #97b92e;\"><a class=\"RTE_URL_MEDIACAT_Link\" title=\"http:\/\/www.nedzink.nl\/media\/technisch_advies\/25_flacheneinteilung.jpg\" href=\"https:\/\/www.nedzink.com\/wp-content\/uploads\/import\/cms\/userfiles\/files\/downloads\/de\/25_flacheneinteilung.jpg\" target=\"_blank\" rel=\"noopener noreferrer\">Abb. 1: Fl\u00e4cheneinteilung Dachgrundriss<\/a><\/span><\/p>\n<table border=\"1\" width=\"100%\">\n<tbody>\n<tr>\n<td width=\"100\"><\/td>\n<td width=\"100\"><\/td>\n<td colspan=\"3\" align=\"middle\"><b>Windsoglast W in N\/m\u00b2 (kp\/m\u00b2)<\/b><\/td>\n<\/tr>\n<tr>\n<td align=\"middle\"><b>Dachneigung<\/b><\/td>\n<td align=\"middle\"><b>Geb\u00e4udetraufh\u00f6he<br \/>\nm<\/b><\/td>\n<td align=\"middle\"><b>Eckbereich<\/b><\/td>\n<td align=\"middle\"><b>Randbereich<\/b><\/td>\n<td align=\"middle\"><b>Innenbereich<\/b><\/td>\n<\/tr>\n<tr>\n<td align=\"middle\">0 \u00b0 &#8211; 25 \u00b0<\/td>\n<td align=\"middle\">0 &#8211; 8<br \/>\n8 &#8211; 20<br \/>\n20 &#8211; 100<\/td>\n<td align=\"middle\">2400<br \/>\n3840<br \/>\n5280<\/td>\n<td align=\"middle\">1350<br \/>\n2160<br \/>\n2970<\/td>\n<td align=\"middle\">450<br \/>\n720<br \/>\n990<\/td>\n<\/tr>\n<tr>\n<td align=\"middle\">25 \u00b0 &#8211; 35 \u00b0<\/td>\n<td align=\"middle\">0 &#8211; 8<br \/>\n8 &#8211; 20<br \/>\n20 -100<\/td>\n<td align=\"middle\">1350<br \/>\n2160<br \/>\n2970<\/td>\n<td align=\"middle\">825<br \/>\n1320<br \/>\n1815<\/td>\n<td align=\"middle\">450<br \/>\n720<br \/>\n990<\/td>\n<\/tr>\n<\/tbody>\n<\/table>\n<p>&nbsp;<\/p>\n<p><span style=\"font-size: 8pt;\">Tabelle 1: M\u00f6gliche maximale Windsoglasten bei D\u00e4chern in Abh\u00e4ngigkeit von Dachneigung und Geb\u00e4udeh\u00f6he<\/span><\/p>\n<p><span style=\"color: #97b92e;\"><a class=\"RTE_URL_MEDIACAT_Link\" title=\"http:\/\/www.nedzink.nl\/media\/technisch_advies\/25_flacheneinteilung2.jpg\" href=\"https:\/\/www.nedzink.com\/wp-content\/uploads\/import\/cms\/userfiles\/files\/downloads\/de\/25_flacheneinteilung2.jpg\" target=\"_blank\" rel=\"noopener noreferrer\">Abb. 2: Aufteilung der Wandfl\u00e4che in Eck\/Rand- und Innenbereich<\/a><\/span><\/p>\n<table border=\"1\" width=\"100%\">\n<tbody>\n<tr>\n<td align=\"middle\"><b>Geb\u00e4udetraufh\u00f6he m<\/b><\/td>\n<td align=\"middle\"><b>Eck\/Randbereich<br \/>\nN\/m\u00b2<\/b><\/td>\n<td align=\"middle\"><b>N\/m\u00b2 Innenbereich<br \/>\nN\/m\u00b2<\/b><\/td>\n<\/tr>\n<tr>\n<td align=\"middle\">0 &#8211; 8<br \/>\n8 &#8211; 20<br \/>\n20 &#8211; 100<\/td>\n<td align=\"middle\">1500<br \/>\n2400<br \/>\n3300<\/td>\n<td align=\"middle\">375<br \/>\n600<br \/>\n825<\/td>\n<\/tr>\n<\/tbody>\n<\/table>\n<p><span style=\"font-size: 8pt;\">Tabelle 2: M\u00f6gliche maximale Windsoglasten bei Fassadenbekleidungen in Abh\u00e4ngigkeit von der Geb\u00e4udeh\u00f6he<\/span><\/p>\n<p>Bei vorgeh\u00e4ngten Fassaden ist die Verteilung der Dr\u00fccke von der Durch-und Hinterl\u00fcftung der Fassade abh\u00e4ngig. Auch hier sind die Eck- und Randbereiche am meisten gef\u00e4hrdet.<\/p>\n<h3>Geeignete Ma\u00dfnahmen gegen das Abheben durch Windsogkr\u00e4fte<\/h3>\n<p>Die f\u00fcr die Aufnahme der \u00e4u\u00dferen Belastungen durch max. Windsoglasten erforderlichen Ma\u00dfnahmen sind bei der Planung festzulegen und zu ber\u00fccksichtigen. Bei Geb\u00e4uden mit besonders exponierter Lage hinsichtlich der Windsoglasten ist vom Planer im Einzelfall vorzugeben, welche Ma\u00dfnahmen zur Befestigung der Eindeckung und\/oder Bekleidung gegen Abheben durch Windsog notwendig und zweckm\u00e4\u00dfig sind.<br \/>\nBauk\u00f6rper mit offenen Dachkonstruktionen oder solchen, die an einer oder mehreren Seiten ganz offen sind bzw. ge\u00f6ffnet werden k\u00f6nnen oder die an einer oder mehreren Seiten durch eine oder mehrere \u00d6ffnungen offen sind bzw. ge\u00f6ffnet werden k\u00f6nnen, gelten nicht als geschlossene Bauk\u00f6rper nach DIN 1055-4. Hierzu ist immer ein Einzelnachweis erforderlich.<\/p>\n<p>&nbsp;<\/p>\n<table style=\"text-align: center;\" border=\"1\" width=\"100%\">\n<tbody>\n<tr>\n<td colspan=\"2\"><b>Geb\u00e4ude m<\/b><\/td>\n<td colspan=\"5\"><b>bis 8 m<\/b><\/td>\n<td colspan=\"4\"><b>8 &#8211; 20 m<\/b><\/td>\n<td colspan=\"3\"><b>20 &#8211; 100 m<\/b><\/td>\n<\/tr>\n<tr>\n<td colspan=\"2\"><strong>Scharenbreite<\/strong> <span style=\"font-size: xx-small;\">1)<\/span><br \/>\n<strong>in mm<\/strong><\/td>\n<td>520<\/td>\n<td>590<\/td>\n<td>620<\/td>\n<td>720<\/td>\n<td>920<\/td>\n<td>520<\/td>\n<td>590<\/td>\n<td>620<\/td>\n<td>720<\/td>\n<td>520<\/td>\n<td>590<\/td>\n<td>620<\/td>\n<\/tr>\n<tr>\n<td><b>Werkstoff<\/b><\/td>\n<td><b>Scharen-<br \/>\nl\u00e4nge m<\/b><\/td>\n<td colspan=\"12\"><b>Mindestwerkstoffdicke<\/b><\/td>\n<\/tr>\n<tr>\n<td><b>Aluminium<br \/>\nKupfer<br \/>\nTitanzink<\/b><\/td>\n<td><b>\u226410<br \/>\n\u226410<br \/>\n\u226410<\/b><\/td>\n<td>0,7<br \/>\n0,6<br \/>\n0,7<\/td>\n<td>0,7<br \/>\n0,6<br \/>\n0,7<\/td>\n<td>0,8<br \/>\n0,6<br \/>\n0,7<\/td>\n<td>0,8<br \/>\n0,7<br \/>\n0,8<\/td>\n<td>_<span style=\"font-size: xx-small;\">2)<\/span><br \/>\n_<span style=\"font-size: xx-small;\">2)<\/span><br \/>\n_<span style=\"font-size: xx-small;\">2)<\/span><\/td>\n<td>0,7<br \/>\n0,6<br \/>\n0,7<\/td>\n<td>0,7<br \/>\n0,6<br \/>\n0,7<\/td>\n<td>0,8<br \/>\n0,6<br \/>\n0,7<\/td>\n<td>_<span style=\"font-size: xx-small;\">2)<\/span><br \/>\n_<span style=\"font-size: xx-small;\">2)<\/span><br \/>\n_<span style=\"font-size: xx-small;\">2)<\/span><\/td>\n<td>0,7<br \/>\n0,6<br \/>\n0,7<\/td>\n<td>0,7<br \/>\n0,6<br \/>\n0,7<\/td>\n<td>_<span style=\"font-size: xx-small;\">2)<\/span><br \/>\n_<span style=\"font-size: xx-small;\">2)<\/span><br \/>\n_<span style=\"font-size: xx-small;\">2)<\/span><\/td>\n<\/tr>\n<tr>\n<td><b>feuerver-<br \/>\nzinkter Stahl<\/b><\/td>\n<td><b>\u226414<\/b><\/td>\n<td>0,6<\/td>\n<td>0,6<\/td>\n<td>0,6<\/td>\n<td>0,6<\/td>\n<td>0,7<\/td>\n<td>0,6<\/td>\n<td>0,6<\/td>\n<td>0,6<\/td>\n<td>0,6<\/td>\n<td>0,6<\/td>\n<td>0,6<\/td>\n<td>0,6<\/td>\n<\/tr>\n<tr>\n<td><b>Edelstahl<\/b><\/td>\n<td><b>\u226414<\/b><\/td>\n<td>0,4<\/td>\n<td>0,5<\/td>\n<td>0,5<\/td>\n<td>_<span style=\"font-size: xx-small;\">2)<\/span><\/td>\n<td>_<span style=\"font-size: xx-small;\">2)<\/span><\/td>\n<td>0,4<\/td>\n<td>0,5<\/td>\n<td>0,5<\/td>\n<td>_<span style=\"font-size: xx-small;\">2)<\/span><\/td>\n<td>0,4<\/td>\n<td>0,5<\/td>\n<td>_<span style=\"font-size: xx-small;\">2)<\/span><\/td>\n<\/tr>\n<tr>\n<td colspan=\"2\"><b>Dachbereich<\/b><\/td>\n<td colspan=\"12\"><strong>Hafte, Anzahl und Abstand untereinander<\/strong> 3<span style=\"font-size: xx-small;\">)<\/span><\/td>\n<\/tr>\n<tr>\n<td><b><b>Mitte<\/b><\/b>Rand<\/td>\n<td><b>mm<br \/>\nStck\/Wm\u00b2<br \/>\nmm<br \/>\nStck\/Wm\u00b2<\/b><\/td>\n<td>500<br \/>\n3,9<br \/>\n500<br \/>\n3,9<\/td>\n<td>500<br \/>\n3,9<br \/>\n500<br \/>\n3,9<\/td>\n<td>400<br \/>\n4,0<br \/>\n400<br \/>\n4,0<\/td>\n<td>400<br \/>\n4,0<br \/>\n400<br \/>\n4,0<\/td>\n<td>280<br \/>\n3,9<br \/>\n280<br \/>\n3,9<\/td>\n<td>500<br \/>\n3,9<br \/>\n350<br \/>\n5,5<\/td>\n<td>500<br \/>\n3,9<br \/>\n350<br \/>\n5,5<\/td>\n<td>400<br \/>\n4,0<br \/>\n300<br \/>\n5,4<\/td>\n<td>400<br \/>\n4,0<br \/>\n300<br \/>\n5,4<\/td>\n<td>500<br \/>\n3,9<br \/>\n250<br \/>\n7,7<\/td>\n<td>500<br \/>\n3,9<br \/>\n200<br \/>\n8,5<\/td>\n<td>400<br \/>\n4,0<br \/>\n200<br \/>\n8,5<\/td>\n<\/tr>\n<tr>\n<td><b>Eck<\/b><\/td>\n<td><b>mm<br \/>\nStck\/Wm\u00b2<\/b><\/td>\n<td>300<br \/>\n6,4<\/td>\n<td>300<br \/>\n6,4<\/td>\n<td>250<br \/>\n6,4<\/td>\n<td>250<br \/>\n6,4<\/td>\n<td>150<br \/>\n7,2<\/td>\n<td>200<br \/>\n9,6<\/td>\n<td>200<br \/>\n9,6<\/td>\n<td>150<br \/>\n10,0<\/td>\n<td>150<br \/>\n10,0<\/td>\n<td>150<br \/>\n12,8<\/td>\n<td>150<br \/>\n12,8<\/td>\n<td>150<br \/>\n12,8<\/td>\n<\/tr>\n<\/tbody>\n<\/table>\n<p>&nbsp;<\/p>\n<p><span style=\"font-size: 8pt;\">Tabelle 3: Anzahl und Abstand der Hafte in Abh\u00e4ngigkeit von der Geb\u00e4udeh\u00f6he und vom Dachbereich, Werkstoffdicke und max. Breite der Scharen<\/span><\/p>\n<table>\n<tbody>\n<tr>\n<td><span style=\"font-size: xx-small;\">1)<\/span><\/td>\n<td>Die Scharenbreiten errechnen sich aus den Band- bzw. Blechbreiten von 600, 670, 700, 800 und 1000 mm abzgl. \u224880 mm bei Falzd\u00e4chern. Bei Einsatz einer Profiliermaschine ergeben sich \u224810 mm breitere Scharen. F\u00fcr Leistend\u00e4cher ergibt sich eine geringere Scharenbreite in Abh\u00e4ngigkeit vom Leistenquerschnitt<\/td>\n<\/tr>\n<tr>\n<td><span style=\"font-size: xx-small;\">2)<\/span><\/td>\n<td>Unzul\u00e4ssig<\/td>\n<\/tr>\n<tr>\n<td><span style=\"font-size: xx-small;\">3)<\/span><\/td>\n<td>Der angegebene Haftabstand in mm ist als Mittelwert \u00fcbe einen Bereich von 3 m einzuhalten.<\/td>\n<\/tr>\n<\/tbody>\n<\/table>\n<p>Der Randbereich beinhaltet einen h\u00f6heren Sicherheitsbeiwert.<br \/>\nAls Randbereiche gelten bei D\u00e4chern auch:<\/p>\n<ul>\n<li>First- und Gratbereiche<\/li>\n<li>Dachaus- und Dachaufbauten und deren An- und Abschl\u00fcsse<\/li>\n<li>Exponierte Teilbereiche, z.B. Pultdachaufbauten, Kuppeln, T\u00fcrme, Oberlichter<\/li>\n<li>Kircht\u00fcrme, Kirchend\u00e4cher und vergleichbar ausgef\u00fchrte Bauten<\/li>\n<\/ul>\n<h3><strong>Befestigungsmittel<\/strong><\/h3>\n<p><strong>Schrauben- und Nagelbefestigung<\/strong><br \/>\nUntersuchungen \u00fcber Auszugswerte haben ergeben, dass Hafte, welche mit zwei N\u00e4geln\/Drahtstiften befestigt sind, unter dynamischer Belastung einen mittleren Auszugswert von 400 N erreichen.<br \/>\nDieser Wert bezieht sich auf Deckunterlagen aus Vollholzschalung und Rauhpund lufttrocken<br \/>\n(\u226420% Feuchte) mit einer Einbaudicke von 24 mm.<\/p>\n<table border=\"0\" cellspacing=\"0\" cellpadding=\"0\">\n<tbody>\n<tr>\n<td>\n<ul>\n<li>gerillte N\u00e4gel\/Drahtstifte aus nichtrostendem Stahl<\/li>\n<li>feuerverzinkte Deckstifte\/Breitkopfstifte<\/li>\n<li>geraute Kupferstifte<\/li>\n<\/ul>\n<\/td>\n<td style=\"vertical-align: top;\">2,8 x 25<br \/>\n2,8 x 25<br \/>\n2,8 x 25<\/td>\n<\/tr>\n<\/tbody>\n<\/table>\n<p>&nbsp;<\/p>\n<p>Werden andere Nageltypen als die hier genannten verwendet, so sind nur solche mit gerautem Schaft, einem Schaftdurchmesser \u22652,8 mm und einer Einbindetiefe von min. 20 mm einzusetzen. Die Schraubbefestigung kann vereinfacht der Nagelbefestigung gleichgesetzt werden, obwohl diese eingeschraubt bessere Auszugswerte zeigen. Die L\u00e4nge der Stifte\/Schrauben ist so zu w\u00e4hlen, dass die Deckunterlage nicht nach innen durchsto\u00dfen wird. Damit wird eine Verminderung der Auszugswerte und ungewollte W\u00e4rmebr\u00fccken in den Dachraum verhindert.<\/p>\n<p><strong>Nieten<\/strong><br \/>\nBei Deckunterlagen aus Metall, z.B. Stahl-Trapezbleche, oder mineralisch gebundenen Spanplatten kann die Befestigung der Hafte durch Nieten erfolgen.<br \/>\nPraktikabel sind Nieten aus nichtrostendem Stahl:<\/p>\n<ul>\n<li>4 mm Durchmesser bei Metallunterkonstruktionen<\/li>\n<li>5 mm Durchmesser bei mineralisch gebundenen Spanplatten mit gro\u00dfem Nietkopfdurchmesser.<\/li>\n<\/ul>\n<p><strong>Kleben<\/strong><br \/>\nKleinformatige Profile wie z.B. Fensterb\u00e4nke und Abdeckungen k\u00f6nnen mit dauerplastischen Klebern auf bitumin\u00f6ser Basis befestigt werden. Die Verarbeitungsrichtlinien der Klebstoffhersteller, z.B. Enkewerk\/Enkolit sind zu beachten. F\u00fcr die fachgerechte Klebetechnik mit NedZink sind ebene, feste Deckunterlagen mit staub- und fettfreier Oberfl\u00e4che Voraussetzung. Solche vollfl\u00e4chigen Verklebungen k\u00f6nnen die K\u00f6rperschall-\u00dcbertragung vermindern, welche durch Hagel oder Gewitterregen auftreten kann.<\/p>\n<\/div>\n[\/vc_column_text][\/vc_column][\/vc_row]\n","protected":false},"excerpt":{"rendered":"<p>[vc_row][vc_column][vc_column_text css=&#8220;.vc_custom_1565701248380{margin-bottom: 0px !important;}&#8220;] Grunds\u00e4tzlichesDie Sicherung von NedZink Eindeckungen und Bekleidungen gegen Abheben durch Windlasten und Beanspruchungen durch Schneelasten erfolgt im Regelfalle durch mechanische Befestigung Verkleben auf der Deckunterlage. Die Unterkonstruktion einschlie\u00dflich der Deckunterlage muss f\u00fcr die Aufnahme der aus Windsog resultierenden Lasten geeignet sein. Die verwendeten Hafte und Befestigungsmittel sind auf die vorhandene Deckunterlage [&hellip;]<\/p>\n","protected":false},"author":9,"featured_media":0,"parent":0,"menu_order":710,"comment_status":"closed","ping_status":"closed","template":"template-import.php","meta":{"_acf_changed":false,"footnotes":""},"class_list":["post-30767","page","type-page","status-publish","hentry"],"acf":[],"yoast_head":"<!-- This site is optimized with the Yoast SEO plugin v26.8 - https:\/\/yoast.com\/product\/yoast-seo-wordpress\/ -->\n<title>Windlast \u2013 NedZink<\/title>\n<meta name=\"robots\" content=\"index, follow, max-snippet:-1, max-image-preview:large, max-video-preview:-1\" \/>\n<link rel=\"canonical\" href=\"https:\/\/www.nedzink.com\/de\/windlast\/\" \/>\n<meta property=\"og:locale\" content=\"de_DE\" \/>\n<meta property=\"og:type\" content=\"article\" \/>\n<meta property=\"og:title\" content=\"Windlast \u2013 NedZink\" \/>\n<meta property=\"og:description\" content=\"[vc_row][vc_column][vc_column_text css=&#8220;.vc_custom_1565701248380{margin-bottom: 0px !important;}&#8220;] Grunds\u00e4tzlichesDie Sicherung von NedZink Eindeckungen und Bekleidungen gegen Abheben durch Windlasten und Beanspruchungen durch Schneelasten erfolgt im Regelfalle durch mechanische Befestigung Verkleben auf der Deckunterlage. Die Unterkonstruktion einschlie\u00dflich der Deckunterlage muss f\u00fcr die Aufnahme der aus Windsog resultierenden Lasten geeignet sein. Die verwendeten Hafte und Befestigungsmittel sind auf die vorhandene Deckunterlage [&hellip;]\" \/>\n<meta property=\"og:url\" content=\"https:\/\/www.nedzink.com\/de\/windlast\/\" \/>\n<meta property=\"og:site_name\" content=\"NedZink\" \/>\n<meta property=\"article:modified_time\" content=\"2019-08-13T13:01:31+00:00\" \/>\n<meta name=\"twitter:card\" content=\"summary_large_image\" \/>\n<meta name=\"twitter:label1\" content=\"Gesch\u00e4tzte Lesezeit\" \/>\n\t<meta name=\"twitter:data1\" content=\"4\u00a0Minuten\" \/>\n<script type=\"application\/ld+json\" class=\"yoast-schema-graph\">{\"@context\":\"https:\/\/schema.org\",\"@graph\":[{\"@type\":\"WebPage\",\"@id\":\"https:\/\/www.nedzink.com\/de\/windlast\/\",\"url\":\"https:\/\/www.nedzink.com\/de\/windlast\/\",\"name\":\"Windlast \u2013 NedZink\",\"isPartOf\":{\"@id\":\"https:\/\/www.nedzink.com\/de\/#website\"},\"datePublished\":\"2019-06-04T12:54:34+00:00\",\"dateModified\":\"2019-08-13T13:01:31+00:00\",\"breadcrumb\":{\"@id\":\"https:\/\/www.nedzink.com\/de\/windlast\/#breadcrumb\"},\"inLanguage\":\"de\",\"potentialAction\":[{\"@type\":\"ReadAction\",\"target\":[\"https:\/\/www.nedzink.com\/de\/windlast\/\"]}]},{\"@type\":\"BreadcrumbList\",\"@id\":\"https:\/\/www.nedzink.com\/de\/windlast\/#breadcrumb\",\"itemListElement\":[{\"@type\":\"ListItem\",\"position\":1,\"name\":\"Home\",\"item\":\"https:\/\/www.nedzink.com\/de\/\"},{\"@type\":\"ListItem\",\"position\":2,\"name\":\"Windlast\"}]},{\"@type\":\"WebSite\",\"@id\":\"https:\/\/www.nedzink.com\/de\/#website\",\"url\":\"https:\/\/www.nedzink.com\/de\/\",\"name\":\"NedZink\",\"description\":\"Zink fabrikant\",\"publisher\":{\"@id\":\"https:\/\/www.nedzink.com\/de\/#organization\"},\"potentialAction\":[{\"@type\":\"SearchAction\",\"target\":{\"@type\":\"EntryPoint\",\"urlTemplate\":\"https:\/\/www.nedzink.com\/de\/?s={search_term_string}\"},\"query-input\":{\"@type\":\"PropertyValueSpecification\",\"valueRequired\":true,\"valueName\":\"search_term_string\"}}],\"inLanguage\":\"de\"},{\"@type\":\"Organization\",\"@id\":\"https:\/\/www.nedzink.com\/de\/#organization\",\"name\":\"NedZink\",\"url\":\"https:\/\/www.nedzink.com\/de\/\",\"logo\":{\"@type\":\"ImageObject\",\"inLanguage\":\"de\",\"@id\":\"https:\/\/www.nedzink.com\/de\/#\/schema\/logo\/image\/\",\"url\":\"https:\/\/www.nedzink.com\/wp-content\/uploads\/2019\/08\/logo-nedzink_fc_zk.jpg\",\"contentUrl\":\"https:\/\/www.nedzink.com\/wp-content\/uploads\/2019\/08\/logo-nedzink_fc_zk.jpg\",\"width\":2160,\"height\":688,\"caption\":\"NedZink\"},\"image\":{\"@id\":\"https:\/\/www.nedzink.com\/de\/#\/schema\/logo\/image\/\"}}]}<\/script>\n<!-- \/ Yoast SEO plugin. -->","yoast_head_json":{"title":"Windlast \u2013 NedZink","robots":{"index":"index","follow":"follow","max-snippet":"max-snippet:-1","max-image-preview":"max-image-preview:large","max-video-preview":"max-video-preview:-1"},"canonical":"https:\/\/www.nedzink.com\/de\/windlast\/","og_locale":"de_DE","og_type":"article","og_title":"Windlast \u2013 NedZink","og_description":"[vc_row][vc_column][vc_column_text css=&#8220;.vc_custom_1565701248380{margin-bottom: 0px !important;}&#8220;] Grunds\u00e4tzlichesDie Sicherung von NedZink Eindeckungen und Bekleidungen gegen Abheben durch Windlasten und Beanspruchungen durch Schneelasten erfolgt im Regelfalle durch mechanische Befestigung Verkleben auf der Deckunterlage. Die Unterkonstruktion einschlie\u00dflich der Deckunterlage muss f\u00fcr die Aufnahme der aus Windsog resultierenden Lasten geeignet sein. Die verwendeten Hafte und Befestigungsmittel sind auf die vorhandene Deckunterlage [&hellip;]","og_url":"https:\/\/www.nedzink.com\/de\/windlast\/","og_site_name":"NedZink","article_modified_time":"2019-08-13T13:01:31+00:00","twitter_card":"summary_large_image","twitter_misc":{"Gesch\u00e4tzte Lesezeit":"4\u00a0Minuten"},"schema":{"@context":"https:\/\/schema.org","@graph":[{"@type":"WebPage","@id":"https:\/\/www.nedzink.com\/de\/windlast\/","url":"https:\/\/www.nedzink.com\/de\/windlast\/","name":"Windlast \u2013 NedZink","isPartOf":{"@id":"https:\/\/www.nedzink.com\/de\/#website"},"datePublished":"2019-06-04T12:54:34+00:00","dateModified":"2019-08-13T13:01:31+00:00","breadcrumb":{"@id":"https:\/\/www.nedzink.com\/de\/windlast\/#breadcrumb"},"inLanguage":"de","potentialAction":[{"@type":"ReadAction","target":["https:\/\/www.nedzink.com\/de\/windlast\/"]}]},{"@type":"BreadcrumbList","@id":"https:\/\/www.nedzink.com\/de\/windlast\/#breadcrumb","itemListElement":[{"@type":"ListItem","position":1,"name":"Home","item":"https:\/\/www.nedzink.com\/de\/"},{"@type":"ListItem","position":2,"name":"Windlast"}]},{"@type":"WebSite","@id":"https:\/\/www.nedzink.com\/de\/#website","url":"https:\/\/www.nedzink.com\/de\/","name":"NedZink","description":"Zink fabrikant","publisher":{"@id":"https:\/\/www.nedzink.com\/de\/#organization"},"potentialAction":[{"@type":"SearchAction","target":{"@type":"EntryPoint","urlTemplate":"https:\/\/www.nedzink.com\/de\/?s={search_term_string}"},"query-input":{"@type":"PropertyValueSpecification","valueRequired":true,"valueName":"search_term_string"}}],"inLanguage":"de"},{"@type":"Organization","@id":"https:\/\/www.nedzink.com\/de\/#organization","name":"NedZink","url":"https:\/\/www.nedzink.com\/de\/","logo":{"@type":"ImageObject","inLanguage":"de","@id":"https:\/\/www.nedzink.com\/de\/#\/schema\/logo\/image\/","url":"https:\/\/www.nedzink.com\/wp-content\/uploads\/2019\/08\/logo-nedzink_fc_zk.jpg","contentUrl":"https:\/\/www.nedzink.com\/wp-content\/uploads\/2019\/08\/logo-nedzink_fc_zk.jpg","width":2160,"height":688,"caption":"NedZink"},"image":{"@id":"https:\/\/www.nedzink.com\/de\/#\/schema\/logo\/image\/"}}]}},"_links":{"self":[{"href":"https:\/\/www.nedzink.com\/de\/wp-json\/wp\/v2\/pages\/30767","targetHints":{"allow":["GET"]}}],"collection":[{"href":"https:\/\/www.nedzink.com\/de\/wp-json\/wp\/v2\/pages"}],"about":[{"href":"https:\/\/www.nedzink.com\/de\/wp-json\/wp\/v2\/types\/page"}],"author":[{"embeddable":true,"href":"https:\/\/www.nedzink.com\/de\/wp-json\/wp\/v2\/users\/9"}],"replies":[{"embeddable":true,"href":"https:\/\/www.nedzink.com\/de\/wp-json\/wp\/v2\/comments?post=30767"}],"version-history":[{"count":0,"href":"https:\/\/www.nedzink.com\/de\/wp-json\/wp\/v2\/pages\/30767\/revisions"}],"wp:attachment":[{"href":"https:\/\/www.nedzink.com\/de\/wp-json\/wp\/v2\/media?parent=30767"}],"curies":[{"name":"wp","href":"https:\/\/api.w.org\/{rel}","templated":true}]}}