{"id":30743,"date":"2019-06-04T14:54:26","date_gmt":"2019-06-04T12:54:26","guid":{"rendered":"http:\/\/136.144.181.85\/~nedzink\/techn-informationen\/bauphysik\/konstruktionen-ohne-hinterluftung\/"},"modified":"2019-08-13T14:57:52","modified_gmt":"2019-08-13T12:57:52","slug":"konstruktionen-ohne-hinterluftung","status":"publish","type":"page","link":"https:\/\/www.nedzink.com\/de\/konstruktionen-ohne-hinterluftung\/","title":{"rendered":"Konstruktionen ohne Hinterl\u00fcftung"},"content":{"rendered":"[vc_row][vc_column][vc_column_text css=&#8220;.vc_custom_1565701066506{margin-bottom: 0px !important;}&#8220;]Konstruktionen ohne Bel\u00fcftung sind nur nach objektbezogener Pr\u00fcfung, Planung und Detailplanung mit NedZink ausf\u00fchrbar. Je nach Dachtyp (z.B. flache Dachneigung; Neigungs\u00e4nderungen; verschnittene Dachfl\u00e4chen) kann es sinnvoll sein, die Konstruktion ohne Bel\u00fcftung vorzuziehen. Es werden hierbei hohe Anforderungen an die exakte Planung und Ausf\u00fchrung jedes Details gestellt.<\/p>\n<p><strong>Feuchtetransport<\/strong><br \/>\nDie unbel\u00fcftete NedZink Konstruktion ist nur in geringem Ma\u00dfe in der Lage, unter das Metall eingedrungene Feuchte nach au\u00dfen abzuleiten. Dies kann in der Regel nur durch den Dampfdurchgang durch die Stehfalze in der warmen Jahreszeit geschehen. Ist ein \u00fcberm\u00e4\u00dfiger Feuchte-Eintrag aber vorhanden, geschieht dies zu langsam, um einer etwa auftretenden R\u00fcckseitenkorrosion des Metalls, Korrosionssch\u00e4den der tragenden Unterkonstruktion oder einer Verminderung des W\u00e4rmedurchgangswiderstandes zu entgehen.<\/p>\n<p><strong>Somit ist ein Feuchte-Eintrag durch:<\/strong><\/p>\n<ul>\n<li>Baufeuchte der Baustoffe<\/li>\n<li>Feuchte-Eintrag w\u00e4hrend der Bauzeit<\/li>\n<li>Dampfdiffusion<\/li>\n<li>W\u00e4rmebr\u00fccken<\/li>\n<li>Handwerkliche Ausf\u00fchrung<\/li>\n<\/ul>\n<p>auszuschlie\u00dfen. Nicht vermeidbare Feuchte muss mit der Zeit schadenfrei nach au\u00dfen abgef\u00fchrt werden k\u00f6nnen.<\/p>\n<p><strong>Baufeuchte der Baustoffe<\/strong><br \/>\nDie verwendeten Baustoffe m\u00fcssen in ihrem Einbauzustand trocken sein und sind sowohl bei Lagerung, Transport und Einbau vor witterungsbedingter Durchfeuchtung zu sch\u00fctzen. Es sind genormte, temperatur- und formbest\u00e4ndige Baustoffe einzusetzen.<\/p>\n<p><strong>Feuchte-Eintrag w\u00e4hrend der Bauzeit<\/strong><br \/>\nW\u00e4hrend der Arbeiten sind die verwendeten Baustoffe, insbesondere speicherf\u00e4hige Materialien wie Holz und Mineralfaserwerkstoffe, mit geeigneten Mitteln gegen Durchfeuchtung zu sch\u00fctzen. Dies kann z.B. mit tempor\u00e4ren Schutzlagen aus Folien oder Planen erreicht werden.<\/p>\n<p><strong>Dampfdiffusion<\/strong><br \/>\nDie Verhinderung des Feuchte-Eintrags durch Diffusion aus dem Geb\u00e4udeinneren ist eine weitere wesentliche Voraussetzung zur bauphysikalischen Funktionssicherheit. Hierzu ist eine wind- und dampfdicht eingebaute und angeschlossene Damfsperre mit einem Sd-Wert \u2265100 m nach DIN 4108 vorzusehen. Dar\u00fcber hinaus sind die Vorgaben der DIN 4108,\u00a0WschVO und EnEV in ihrer jeweils g\u00fcltigen Form einzuhalten.<\/p>\n<p><strong>W\u00e4rmebr\u00fccken<\/strong><br \/>\nW\u00e4rmebr\u00fccken k\u00f6nnen vielf\u00e4ltige Ursachen haben und in ihrer Wirkung Tauwasser-Eintrag in die Konstruktion verursachen. Besonderes Augenmerk ist auf eine fugen- und durchdringungsfreie Verlegung der W\u00e4rmed\u00e4mmung zu richten. Durchdringende Befestigungsmittel sind so zu w\u00e4hlen und einzubauen, dass eine schadenfreie Funktion gew\u00e4hrleistet ist.<\/p>\n<p><strong>Handwerkliche Ausf\u00fchrung<\/strong><br \/>\nDie regelkonforme und sorgf\u00e4ltige Ausf\u00fchrung der Montagearbeiten, insbesondere der Anschlussdetails, ist f\u00fcr eine funktionierende Konstruktion unerl\u00e4sslich, da eingedrungene Feuchte unter der Metalleindeckung nur sehr langsam und in geringem Ma\u00dfe abgef\u00fchrt werden kann.<\/p>\n<p><strong>Trennlage<\/strong><br \/>\nBei Ausf\u00fchrung nicht bel\u00fcfteter Konstruktionen mit NedZink sind immer abstandhaltende, diffusionsoffene Trennlagen direkt unter dem Metall anzuordnen. So wird unter das Metall gelangte Feuchte verteilt und im Laufe der Zeit schadenfrei abgef\u00fchrt.<\/p>\n<p><strong>Unterseitige Beschichtung<\/strong><br \/>\nBei Konstruktionen mit erh\u00f6hten Anforderungen (z.B. Schwimmb\u00e4der; Gro\u00dfk\u00fcchen) stehen die Produkte NedZink NATUREL Pro-Tec und\u00a0NedZink NOVA Pro-Tec mit unterseitiger Schutzbeschichtung zur Verf\u00fcgung.[\/vc_column_text][\/vc_column][\/vc_row]\n","protected":false},"excerpt":{"rendered":"<p>[vc_row][vc_column][vc_column_text css=&#8220;.vc_custom_1565701066506{margin-bottom: 0px !important;}&#8220;]Konstruktionen ohne Bel\u00fcftung sind nur nach objektbezogener Pr\u00fcfung, Planung und Detailplanung mit NedZink ausf\u00fchrbar. Je nach Dachtyp (z.B. flache Dachneigung; Neigungs\u00e4nderungen; verschnittene Dachfl\u00e4chen) kann es sinnvoll sein, die Konstruktion ohne Bel\u00fcftung vorzuziehen. Es werden hierbei hohe Anforderungen an die exakte Planung und Ausf\u00fchrung jedes Details gestellt. Feuchtetransport Die unbel\u00fcftete NedZink Konstruktion ist [&hellip;]<\/p>\n","protected":false},"author":9,"featured_media":0,"parent":0,"menu_order":690,"comment_status":"closed","ping_status":"closed","template":"template-import.php","meta":{"_acf_changed":false,"footnotes":""},"class_list":["post-30743","page","type-page","status-publish","hentry"],"acf":[],"yoast_head":"<!-- This site is optimized with the Yoast SEO plugin v26.8 - https:\/\/yoast.com\/product\/yoast-seo-wordpress\/ -->\n<title>Konstruktionen ohne Hinterl\u00fcftung \u2013 NedZink<\/title>\n<meta name=\"robots\" content=\"index, follow, max-snippet:-1, max-image-preview:large, max-video-preview:-1\" \/>\n<link rel=\"canonical\" href=\"https:\/\/www.nedzink.com\/de\/konstruktionen-ohne-hinterluftung\/\" \/>\n<meta property=\"og:locale\" content=\"de_DE\" \/>\n<meta property=\"og:type\" content=\"article\" \/>\n<meta property=\"og:title\" content=\"Konstruktionen ohne Hinterl\u00fcftung \u2013 NedZink\" \/>\n<meta property=\"og:description\" content=\"[vc_row][vc_column][vc_column_text css=&#8220;.vc_custom_1565701066506{margin-bottom: 0px !important;}&#8220;]Konstruktionen ohne Bel\u00fcftung sind nur nach objektbezogener Pr\u00fcfung, Planung und Detailplanung mit NedZink ausf\u00fchrbar. Je nach Dachtyp (z.B. flache Dachneigung; Neigungs\u00e4nderungen; verschnittene Dachfl\u00e4chen) kann es sinnvoll sein, die Konstruktion ohne Bel\u00fcftung vorzuziehen. Es werden hierbei hohe Anforderungen an die exakte Planung und Ausf\u00fchrung jedes Details gestellt. Feuchtetransport Die unbel\u00fcftete NedZink Konstruktion ist [&hellip;]\" \/>\n<meta property=\"og:url\" content=\"https:\/\/www.nedzink.com\/de\/konstruktionen-ohne-hinterluftung\/\" \/>\n<meta property=\"og:site_name\" content=\"NedZink\" \/>\n<meta property=\"article:modified_time\" content=\"2019-08-13T12:57:52+00:00\" \/>\n<meta name=\"twitter:card\" content=\"summary_large_image\" \/>\n<meta name=\"twitter:label1\" content=\"Gesch\u00e4tzte Lesezeit\" \/>\n\t<meta name=\"twitter:data1\" content=\"2\u00a0Minuten\" \/>\n<script type=\"application\/ld+json\" class=\"yoast-schema-graph\">{\"@context\":\"https:\/\/schema.org\",\"@graph\":[{\"@type\":\"WebPage\",\"@id\":\"https:\/\/www.nedzink.com\/de\/konstruktionen-ohne-hinterluftung\/\",\"url\":\"https:\/\/www.nedzink.com\/de\/konstruktionen-ohne-hinterluftung\/\",\"name\":\"Konstruktionen ohne Hinterl\u00fcftung \u2013 NedZink\",\"isPartOf\":{\"@id\":\"https:\/\/www.nedzink.com\/de\/#website\"},\"datePublished\":\"2019-06-04T12:54:26+00:00\",\"dateModified\":\"2019-08-13T12:57:52+00:00\",\"breadcrumb\":{\"@id\":\"https:\/\/www.nedzink.com\/de\/konstruktionen-ohne-hinterluftung\/#breadcrumb\"},\"inLanguage\":\"de\",\"potentialAction\":[{\"@type\":\"ReadAction\",\"target\":[\"https:\/\/www.nedzink.com\/de\/konstruktionen-ohne-hinterluftung\/\"]}]},{\"@type\":\"BreadcrumbList\",\"@id\":\"https:\/\/www.nedzink.com\/de\/konstruktionen-ohne-hinterluftung\/#breadcrumb\",\"itemListElement\":[{\"@type\":\"ListItem\",\"position\":1,\"name\":\"Home\",\"item\":\"https:\/\/www.nedzink.com\/de\/\"},{\"@type\":\"ListItem\",\"position\":2,\"name\":\"Konstruktionen ohne Hinterl\u00fcftung\"}]},{\"@type\":\"WebSite\",\"@id\":\"https:\/\/www.nedzink.com\/de\/#website\",\"url\":\"https:\/\/www.nedzink.com\/de\/\",\"name\":\"NedZink\",\"description\":\"Zink fabrikant\",\"publisher\":{\"@id\":\"https:\/\/www.nedzink.com\/de\/#organization\"},\"potentialAction\":[{\"@type\":\"SearchAction\",\"target\":{\"@type\":\"EntryPoint\",\"urlTemplate\":\"https:\/\/www.nedzink.com\/de\/?s={search_term_string}\"},\"query-input\":{\"@type\":\"PropertyValueSpecification\",\"valueRequired\":true,\"valueName\":\"search_term_string\"}}],\"inLanguage\":\"de\"},{\"@type\":\"Organization\",\"@id\":\"https:\/\/www.nedzink.com\/de\/#organization\",\"name\":\"NedZink\",\"url\":\"https:\/\/www.nedzink.com\/de\/\",\"logo\":{\"@type\":\"ImageObject\",\"inLanguage\":\"de\",\"@id\":\"https:\/\/www.nedzink.com\/de\/#\/schema\/logo\/image\/\",\"url\":\"https:\/\/www.nedzink.com\/wp-content\/uploads\/2019\/08\/logo-nedzink_fc_zk.jpg\",\"contentUrl\":\"https:\/\/www.nedzink.com\/wp-content\/uploads\/2019\/08\/logo-nedzink_fc_zk.jpg\",\"width\":2160,\"height\":688,\"caption\":\"NedZink\"},\"image\":{\"@id\":\"https:\/\/www.nedzink.com\/de\/#\/schema\/logo\/image\/\"}}]}<\/script>\n<!-- \/ Yoast SEO plugin. -->","yoast_head_json":{"title":"Konstruktionen ohne Hinterl\u00fcftung \u2013 NedZink","robots":{"index":"index","follow":"follow","max-snippet":"max-snippet:-1","max-image-preview":"max-image-preview:large","max-video-preview":"max-video-preview:-1"},"canonical":"https:\/\/www.nedzink.com\/de\/konstruktionen-ohne-hinterluftung\/","og_locale":"de_DE","og_type":"article","og_title":"Konstruktionen ohne Hinterl\u00fcftung \u2013 NedZink","og_description":"[vc_row][vc_column][vc_column_text css=&#8220;.vc_custom_1565701066506{margin-bottom: 0px !important;}&#8220;]Konstruktionen ohne Bel\u00fcftung sind nur nach objektbezogener Pr\u00fcfung, Planung und Detailplanung mit NedZink ausf\u00fchrbar. Je nach Dachtyp (z.B. flache Dachneigung; Neigungs\u00e4nderungen; verschnittene Dachfl\u00e4chen) kann es sinnvoll sein, die Konstruktion ohne Bel\u00fcftung vorzuziehen. Es werden hierbei hohe Anforderungen an die exakte Planung und Ausf\u00fchrung jedes Details gestellt. Feuchtetransport Die unbel\u00fcftete NedZink Konstruktion ist [&hellip;]","og_url":"https:\/\/www.nedzink.com\/de\/konstruktionen-ohne-hinterluftung\/","og_site_name":"NedZink","article_modified_time":"2019-08-13T12:57:52+00:00","twitter_card":"summary_large_image","twitter_misc":{"Gesch\u00e4tzte Lesezeit":"2\u00a0Minuten"},"schema":{"@context":"https:\/\/schema.org","@graph":[{"@type":"WebPage","@id":"https:\/\/www.nedzink.com\/de\/konstruktionen-ohne-hinterluftung\/","url":"https:\/\/www.nedzink.com\/de\/konstruktionen-ohne-hinterluftung\/","name":"Konstruktionen ohne Hinterl\u00fcftung \u2013 NedZink","isPartOf":{"@id":"https:\/\/www.nedzink.com\/de\/#website"},"datePublished":"2019-06-04T12:54:26+00:00","dateModified":"2019-08-13T12:57:52+00:00","breadcrumb":{"@id":"https:\/\/www.nedzink.com\/de\/konstruktionen-ohne-hinterluftung\/#breadcrumb"},"inLanguage":"de","potentialAction":[{"@type":"ReadAction","target":["https:\/\/www.nedzink.com\/de\/konstruktionen-ohne-hinterluftung\/"]}]},{"@type":"BreadcrumbList","@id":"https:\/\/www.nedzink.com\/de\/konstruktionen-ohne-hinterluftung\/#breadcrumb","itemListElement":[{"@type":"ListItem","position":1,"name":"Home","item":"https:\/\/www.nedzink.com\/de\/"},{"@type":"ListItem","position":2,"name":"Konstruktionen ohne Hinterl\u00fcftung"}]},{"@type":"WebSite","@id":"https:\/\/www.nedzink.com\/de\/#website","url":"https:\/\/www.nedzink.com\/de\/","name":"NedZink","description":"Zink fabrikant","publisher":{"@id":"https:\/\/www.nedzink.com\/de\/#organization"},"potentialAction":[{"@type":"SearchAction","target":{"@type":"EntryPoint","urlTemplate":"https:\/\/www.nedzink.com\/de\/?s={search_term_string}"},"query-input":{"@type":"PropertyValueSpecification","valueRequired":true,"valueName":"search_term_string"}}],"inLanguage":"de"},{"@type":"Organization","@id":"https:\/\/www.nedzink.com\/de\/#organization","name":"NedZink","url":"https:\/\/www.nedzink.com\/de\/","logo":{"@type":"ImageObject","inLanguage":"de","@id":"https:\/\/www.nedzink.com\/de\/#\/schema\/logo\/image\/","url":"https:\/\/www.nedzink.com\/wp-content\/uploads\/2019\/08\/logo-nedzink_fc_zk.jpg","contentUrl":"https:\/\/www.nedzink.com\/wp-content\/uploads\/2019\/08\/logo-nedzink_fc_zk.jpg","width":2160,"height":688,"caption":"NedZink"},"image":{"@id":"https:\/\/www.nedzink.com\/de\/#\/schema\/logo\/image\/"}}]}},"_links":{"self":[{"href":"https:\/\/www.nedzink.com\/de\/wp-json\/wp\/v2\/pages\/30743","targetHints":{"allow":["GET"]}}],"collection":[{"href":"https:\/\/www.nedzink.com\/de\/wp-json\/wp\/v2\/pages"}],"about":[{"href":"https:\/\/www.nedzink.com\/de\/wp-json\/wp\/v2\/types\/page"}],"author":[{"embeddable":true,"href":"https:\/\/www.nedzink.com\/de\/wp-json\/wp\/v2\/users\/9"}],"replies":[{"embeddable":true,"href":"https:\/\/www.nedzink.com\/de\/wp-json\/wp\/v2\/comments?post=30743"}],"version-history":[{"count":0,"href":"https:\/\/www.nedzink.com\/de\/wp-json\/wp\/v2\/pages\/30743\/revisions"}],"wp:attachment":[{"href":"https:\/\/www.nedzink.com\/de\/wp-json\/wp\/v2\/media?parent=30743"}],"curies":[{"name":"wp","href":"https:\/\/api.w.org\/{rel}","templated":true}]}}