{"id":30733,"date":"2019-06-04T14:54:23","date_gmt":"2019-06-04T12:54:23","guid":{"rendered":"http:\/\/136.144.181.85\/~nedzink\/techn-informationen\/bauphysik\/hinterluftete-konstruktion\/"},"modified":"2019-08-13T14:56:20","modified_gmt":"2019-08-13T12:56:20","slug":"hinterluftete-konstruktion","status":"publish","type":"page","link":"https:\/\/www.nedzink.com\/de\/hinterluftete-konstruktion\/","title":{"rendered":"Hinterl\u00fcftete Konstruktion"},"content":{"rendered":"[vc_row][vc_column][vc_column_text css=&#8220;.vc_custom_1565700973849{margin-bottom: 0px !important;}&#8220;]Dach- und Wandkonstruktionen mit einer unterhalb der Deckunterlage angeordneten Hinterl\u00fcftungsebene sollen aufgrund einer funktionierenden Luftbewegung mittels Zu- und Abluft\u00f6ffnungen in die Konstruktion eingedrungene Feuchte abf\u00fchren.<\/p>\n<p>Um eine sichere und zuverl\u00e4ssige Funktion einer hinterl\u00fcfteten Konstruktion zu gew\u00e4hrleisten, sind einige <strong>Voraussetzungen <\/strong>zu beachten:<\/p>\n<ul>\n<li>Die Hinterl\u00fcftung kann Fehler und Vers\u00e4umnisse bei Luft- und Winddichtheit der Gesamtkonstruktion nicht ausgleichen.<\/li>\n<li>Es sind geeignete Luft- (Dampf-) und Windsperren einzubauen und luft- bzw. winddicht an anschlie\u00dfende und durchdringende Bauteile anzuschlie\u00dfen.<\/li>\n<li>Die Luftf\u00fchrung muss einen kontinuierlichen Luftstrom erm\u00f6glichen.<\/li>\n<li>Die verarbeiteten Baustoffe m\u00fcssen weitgehend trocken sein.<\/li>\n<li>W\u00e4hrend der Bauzeit sind offene Verbindungen und Fugen gegen eindringende Niederschlagsfeuchte vor\u00fcbergehend zu sch\u00fctzen.<\/li>\n<li>Fugendichte Verarbeitung der W\u00e4rmed\u00e4mmmaterialien.<\/li>\n<\/ul>\n<p><strong>Haupteinfl\u00fcsse <\/strong>einer funktionierenden Hinterl\u00fcftung:<\/p>\n<p><strong>Feuchtegehalt der Au\u00dfenluft<\/strong><br \/>\nJe nach Feuchtegehalt der einstr\u00f6menden Au\u00dfenluft kann mehr oder weniger Feuchtetransport aus<br \/>\nder Konstruktion bei gleicher Luftmenge nach au\u00dfen erfolgen.<\/p>\n<p><strong>F\u00fchrung des Luftstromes<\/strong><br \/>\nEs sind m\u00f6glichst geradlinige L\u00fcftungswege ohne zus\u00e4tzliche Behinderungen anzustreben.<\/p>\n<p><strong>Erw\u00e4rmung des Luftstromes durch Restw\u00e4rme aus dem Geb\u00e4udeinneren<\/strong><br \/>\nMit verbesserter Qualit\u00e4t der W\u00e4rmed\u00e4mmmaterialien, deren immer st\u00e4rkerer Dimensionierung und<br \/>\ndaraus folgendem besseren W\u00e4rmeschutz, gelangt immer weniger \u201eVerlustw\u00e4rme\u201c in den<br \/>\nHinterl\u00fcftungsraum. Dadurch entf\u00e4llt ein Faktor, welcher in der Vergangenheit die<br \/>\nHinterl\u00fcftungsthermik mit unterst\u00fctzt hatte.<\/p>\n<p><strong>H\u00f6he des Bel\u00fcftungsraumes<\/strong><br \/>\nAbh\u00e4ngig von der Neigung der Konstruktion sind minimale L\u00fcftungsraumh\u00f6hen einzuhalten.<\/p>\n<p><strong>Tabelle 1:<\/strong><\/p>\n<table style=\"width: 600px;\" border=\"1\" cellspacing=\"0\" cellpadding=\"0\">\n<tbody>\n<tr>\n<td>Neigung<\/td>\n<td>Freie H\u00f6he des<br \/>\nBel\u00fcftungsraumes<\/td>\n<td>Freie Zuluft\u00f6ffnung<br \/>\nder Dachfl\u00e4che<\/td>\n<td>Dachfl\u00e4che<br \/>\nFreie Abluft\u00f6ffnung der Dachfl\u00e4che<\/td>\n<\/tr>\n<tr>\n<td><\/td>\n<td><\/td>\n<td><\/td>\n<td><\/td>\n<\/tr>\n<tr>\n<td>\u22653\u00b0 \u226420\u00b0<\/td>\n<td>100 mm<\/td>\n<td>1\/500<\/td>\n<td>1\/400<\/td>\n<\/tr>\n<tr>\n<td>&gt;20\u00b0<\/td>\n<td>50 mm<\/td>\n<td>1\/500<\/td>\n<td>1\/400<\/td>\n<\/tr>\n<tr>\n<td>\u22653\u00b0 \u226410\u00b0<\/td>\n<td>100 mm Querl\u00fcftung<\/td>\n<td><\/td>\n<td><\/td>\n<\/tr>\n<tr>\n<td>Fassade 90\u00b0<\/td>\n<td>20 mm<\/td>\n<td>1\/1000<\/td>\n<td>1\/800<\/td>\n<\/tr>\n<\/tbody>\n<\/table>\n<p>&nbsp;<\/p>\n<p><strong>L\u00e4nge des Bel\u00fcftungsraumes<\/strong><br \/>\n\u00dcbersteigt die L\u00e4nge des Bel\u00fcftungsraumes ca. 15 m, kann der Bel\u00fcftungsstrom durch die Reibung an<br \/>\nangrenzenden Bauteilschichten zum Stillstand kommen.Sind solch gro\u00dfe Sparrenl\u00e4ngen geplant, sollte die Gesamtl\u00e4nge in Einzelabschnitte mit L\u00fcftungsfunktion aufgeteilt werden. Hierzu eignen sich z.B. bel\u00fcftete Gef\u00e4llespr\u00fcnge.<\/p>\n<p><strong>Neigung der Konstruktion<\/strong><br \/>\nWie in <i>Tabelle 1<\/i> dargestellt, hat die Dachneigung der geplanten Konstruktion einen entscheidenden<br \/>\nEinfluss auf die Funktionssicherheit der Hinterl\u00fcftung. Zus\u00e4tzlich ist darauf zu achten, dass Neigungs\u00e4nderungen in der Hinterl\u00fcftungsebene in die konstruktiven Ma\u00dfnahmen einbezogen werden.<\/p>\n<p><strong>Zu- und Abluft\u00f6ffnungen<\/strong><br \/>\nDie Entl\u00fcftungs\u00f6ffnungen sind jeweils am oberen und die Bel\u00fcftungs\u00f6ffnungen am unteren Endpunkt<br \/>\ndes Bel\u00fcftungsraumes anzuordnen, um eine m\u00f6glichst gro\u00dfe thermisch wirksame H\u00f6he zu erreichen.<br \/>\nDie \u00d6ffnungen sollen als durchgehende Schlitze ausgef\u00fchrt werden, da Einzel\u00f6ffnungen bei gleichem<br \/>\nL\u00fcftungsquerschnitt eine schlechtere thermische Wirkung aufweisen. Werden aus Gr\u00fcnden der Insekten- und Schneeabwehr L\u00fcftungsgitter eingesetzt, so ist darauf zu achten, dass der verbleibende freie L\u00fcftungsquerschnitt die erforderliche Gr\u00f6\u00dfe beh\u00e4lt. Ansonsten ist die Bemessung der L\u00fcftungsschlitze zu vergr\u00f6\u00dfern.[\/vc_column_text][\/vc_column][\/vc_row]\n","protected":false},"excerpt":{"rendered":"<p>[vc_row][vc_column][vc_column_text css=&#8220;.vc_custom_1565700973849{margin-bottom: 0px !important;}&#8220;]Dach- und Wandkonstruktionen mit einer unterhalb der Deckunterlage angeordneten Hinterl\u00fcftungsebene sollen aufgrund einer funktionierenden Luftbewegung mittels Zu- und Abluft\u00f6ffnungen in die Konstruktion eingedrungene Feuchte abf\u00fchren. Um eine sichere und zuverl\u00e4ssige Funktion einer hinterl\u00fcfteten Konstruktion zu gew\u00e4hrleisten, sind einige Voraussetzungen zu beachten: Die Hinterl\u00fcftung kann Fehler und Vers\u00e4umnisse bei Luft- und Winddichtheit der [&hellip;]<\/p>\n","protected":false},"author":9,"featured_media":0,"parent":0,"menu_order":680,"comment_status":"closed","ping_status":"closed","template":"template-import.php","meta":{"_acf_changed":false,"footnotes":""},"class_list":["post-30733","page","type-page","status-publish","hentry"],"acf":[],"yoast_head":"<!-- This site is optimized with the Yoast SEO plugin v26.8 - https:\/\/yoast.com\/product\/yoast-seo-wordpress\/ -->\n<title>Hinterl\u00fcftete Konstruktion \u2013 NedZink<\/title>\n<meta name=\"robots\" content=\"index, follow, max-snippet:-1, max-image-preview:large, max-video-preview:-1\" \/>\n<link rel=\"canonical\" href=\"https:\/\/www.nedzink.com\/de\/hinterluftete-konstruktion\/\" \/>\n<meta property=\"og:locale\" content=\"de_DE\" \/>\n<meta property=\"og:type\" content=\"article\" \/>\n<meta property=\"og:title\" content=\"Hinterl\u00fcftete Konstruktion \u2013 NedZink\" \/>\n<meta property=\"og:description\" content=\"[vc_row][vc_column][vc_column_text css=&#8220;.vc_custom_1565700973849{margin-bottom: 0px !important;}&#8220;]Dach- und Wandkonstruktionen mit einer unterhalb der Deckunterlage angeordneten Hinterl\u00fcftungsebene sollen aufgrund einer funktionierenden Luftbewegung mittels Zu- und Abluft\u00f6ffnungen in die Konstruktion eingedrungene Feuchte abf\u00fchren. Um eine sichere und zuverl\u00e4ssige Funktion einer hinterl\u00fcfteten Konstruktion zu gew\u00e4hrleisten, sind einige Voraussetzungen zu beachten: Die Hinterl\u00fcftung kann Fehler und Vers\u00e4umnisse bei Luft- und Winddichtheit der [&hellip;]\" \/>\n<meta property=\"og:url\" content=\"https:\/\/www.nedzink.com\/de\/hinterluftete-konstruktion\/\" \/>\n<meta property=\"og:site_name\" content=\"NedZink\" \/>\n<meta property=\"article:modified_time\" content=\"2019-08-13T12:56:20+00:00\" \/>\n<meta name=\"twitter:card\" content=\"summary_large_image\" \/>\n<meta name=\"twitter:label1\" content=\"Gesch\u00e4tzte Lesezeit\" \/>\n\t<meta name=\"twitter:data1\" content=\"2\u00a0Minuten\" \/>\n<script type=\"application\/ld+json\" class=\"yoast-schema-graph\">{\"@context\":\"https:\/\/schema.org\",\"@graph\":[{\"@type\":\"WebPage\",\"@id\":\"https:\/\/www.nedzink.com\/de\/hinterluftete-konstruktion\/\",\"url\":\"https:\/\/www.nedzink.com\/de\/hinterluftete-konstruktion\/\",\"name\":\"Hinterl\u00fcftete Konstruktion \u2013 NedZink\",\"isPartOf\":{\"@id\":\"https:\/\/www.nedzink.com\/de\/#website\"},\"datePublished\":\"2019-06-04T12:54:23+00:00\",\"dateModified\":\"2019-08-13T12:56:20+00:00\",\"breadcrumb\":{\"@id\":\"https:\/\/www.nedzink.com\/de\/hinterluftete-konstruktion\/#breadcrumb\"},\"inLanguage\":\"de\",\"potentialAction\":[{\"@type\":\"ReadAction\",\"target\":[\"https:\/\/www.nedzink.com\/de\/hinterluftete-konstruktion\/\"]}]},{\"@type\":\"BreadcrumbList\",\"@id\":\"https:\/\/www.nedzink.com\/de\/hinterluftete-konstruktion\/#breadcrumb\",\"itemListElement\":[{\"@type\":\"ListItem\",\"position\":1,\"name\":\"Home\",\"item\":\"https:\/\/www.nedzink.com\/de\/\"},{\"@type\":\"ListItem\",\"position\":2,\"name\":\"Hinterl\u00fcftete Konstruktion\"}]},{\"@type\":\"WebSite\",\"@id\":\"https:\/\/www.nedzink.com\/de\/#website\",\"url\":\"https:\/\/www.nedzink.com\/de\/\",\"name\":\"NedZink\",\"description\":\"Zink fabrikant\",\"publisher\":{\"@id\":\"https:\/\/www.nedzink.com\/de\/#organization\"},\"potentialAction\":[{\"@type\":\"SearchAction\",\"target\":{\"@type\":\"EntryPoint\",\"urlTemplate\":\"https:\/\/www.nedzink.com\/de\/?s={search_term_string}\"},\"query-input\":{\"@type\":\"PropertyValueSpecification\",\"valueRequired\":true,\"valueName\":\"search_term_string\"}}],\"inLanguage\":\"de\"},{\"@type\":\"Organization\",\"@id\":\"https:\/\/www.nedzink.com\/de\/#organization\",\"name\":\"NedZink\",\"url\":\"https:\/\/www.nedzink.com\/de\/\",\"logo\":{\"@type\":\"ImageObject\",\"inLanguage\":\"de\",\"@id\":\"https:\/\/www.nedzink.com\/de\/#\/schema\/logo\/image\/\",\"url\":\"https:\/\/www.nedzink.com\/wp-content\/uploads\/2019\/08\/logo-nedzink_fc_zk.jpg\",\"contentUrl\":\"https:\/\/www.nedzink.com\/wp-content\/uploads\/2019\/08\/logo-nedzink_fc_zk.jpg\",\"width\":2160,\"height\":688,\"caption\":\"NedZink\"},\"image\":{\"@id\":\"https:\/\/www.nedzink.com\/de\/#\/schema\/logo\/image\/\"}}]}<\/script>\n<!-- \/ Yoast SEO plugin. -->","yoast_head_json":{"title":"Hinterl\u00fcftete Konstruktion \u2013 NedZink","robots":{"index":"index","follow":"follow","max-snippet":"max-snippet:-1","max-image-preview":"max-image-preview:large","max-video-preview":"max-video-preview:-1"},"canonical":"https:\/\/www.nedzink.com\/de\/hinterluftete-konstruktion\/","og_locale":"de_DE","og_type":"article","og_title":"Hinterl\u00fcftete Konstruktion \u2013 NedZink","og_description":"[vc_row][vc_column][vc_column_text css=&#8220;.vc_custom_1565700973849{margin-bottom: 0px !important;}&#8220;]Dach- und Wandkonstruktionen mit einer unterhalb der Deckunterlage angeordneten Hinterl\u00fcftungsebene sollen aufgrund einer funktionierenden Luftbewegung mittels Zu- und Abluft\u00f6ffnungen in die Konstruktion eingedrungene Feuchte abf\u00fchren. Um eine sichere und zuverl\u00e4ssige Funktion einer hinterl\u00fcfteten Konstruktion zu gew\u00e4hrleisten, sind einige Voraussetzungen zu beachten: Die Hinterl\u00fcftung kann Fehler und Vers\u00e4umnisse bei Luft- und Winddichtheit der [&hellip;]","og_url":"https:\/\/www.nedzink.com\/de\/hinterluftete-konstruktion\/","og_site_name":"NedZink","article_modified_time":"2019-08-13T12:56:20+00:00","twitter_card":"summary_large_image","twitter_misc":{"Gesch\u00e4tzte Lesezeit":"2\u00a0Minuten"},"schema":{"@context":"https:\/\/schema.org","@graph":[{"@type":"WebPage","@id":"https:\/\/www.nedzink.com\/de\/hinterluftete-konstruktion\/","url":"https:\/\/www.nedzink.com\/de\/hinterluftete-konstruktion\/","name":"Hinterl\u00fcftete Konstruktion \u2013 NedZink","isPartOf":{"@id":"https:\/\/www.nedzink.com\/de\/#website"},"datePublished":"2019-06-04T12:54:23+00:00","dateModified":"2019-08-13T12:56:20+00:00","breadcrumb":{"@id":"https:\/\/www.nedzink.com\/de\/hinterluftete-konstruktion\/#breadcrumb"},"inLanguage":"de","potentialAction":[{"@type":"ReadAction","target":["https:\/\/www.nedzink.com\/de\/hinterluftete-konstruktion\/"]}]},{"@type":"BreadcrumbList","@id":"https:\/\/www.nedzink.com\/de\/hinterluftete-konstruktion\/#breadcrumb","itemListElement":[{"@type":"ListItem","position":1,"name":"Home","item":"https:\/\/www.nedzink.com\/de\/"},{"@type":"ListItem","position":2,"name":"Hinterl\u00fcftete Konstruktion"}]},{"@type":"WebSite","@id":"https:\/\/www.nedzink.com\/de\/#website","url":"https:\/\/www.nedzink.com\/de\/","name":"NedZink","description":"Zink fabrikant","publisher":{"@id":"https:\/\/www.nedzink.com\/de\/#organization"},"potentialAction":[{"@type":"SearchAction","target":{"@type":"EntryPoint","urlTemplate":"https:\/\/www.nedzink.com\/de\/?s={search_term_string}"},"query-input":{"@type":"PropertyValueSpecification","valueRequired":true,"valueName":"search_term_string"}}],"inLanguage":"de"},{"@type":"Organization","@id":"https:\/\/www.nedzink.com\/de\/#organization","name":"NedZink","url":"https:\/\/www.nedzink.com\/de\/","logo":{"@type":"ImageObject","inLanguage":"de","@id":"https:\/\/www.nedzink.com\/de\/#\/schema\/logo\/image\/","url":"https:\/\/www.nedzink.com\/wp-content\/uploads\/2019\/08\/logo-nedzink_fc_zk.jpg","contentUrl":"https:\/\/www.nedzink.com\/wp-content\/uploads\/2019\/08\/logo-nedzink_fc_zk.jpg","width":2160,"height":688,"caption":"NedZink"},"image":{"@id":"https:\/\/www.nedzink.com\/de\/#\/schema\/logo\/image\/"}}]}},"_links":{"self":[{"href":"https:\/\/www.nedzink.com\/de\/wp-json\/wp\/v2\/pages\/30733","targetHints":{"allow":["GET"]}}],"collection":[{"href":"https:\/\/www.nedzink.com\/de\/wp-json\/wp\/v2\/pages"}],"about":[{"href":"https:\/\/www.nedzink.com\/de\/wp-json\/wp\/v2\/types\/page"}],"author":[{"embeddable":true,"href":"https:\/\/www.nedzink.com\/de\/wp-json\/wp\/v2\/users\/9"}],"replies":[{"embeddable":true,"href":"https:\/\/www.nedzink.com\/de\/wp-json\/wp\/v2\/comments?post=30733"}],"version-history":[{"count":0,"href":"https:\/\/www.nedzink.com\/de\/wp-json\/wp\/v2\/pages\/30733\/revisions"}],"wp:attachment":[{"href":"https:\/\/www.nedzink.com\/de\/wp-json\/wp\/v2\/media?parent=30733"}],"curies":[{"name":"wp","href":"https:\/\/api.w.org\/{rel}","templated":true}]}}