{"id":30723,"date":"2019-06-04T14:54:20","date_gmt":"2019-06-04T12:54:20","guid":{"rendered":"http:\/\/136.144.181.85\/~nedzink\/techn-informationen\/bauphysik\/dampfdiffusion\/"},"modified":"2019-08-13T14:54:25","modified_gmt":"2019-08-13T12:54:25","slug":"dampfdiffusion","status":"publish","type":"page","link":"https:\/\/www.nedzink.com\/de\/dampfdiffusion\/","title":{"rendered":"Dampfdiffusion"},"content":{"rendered":"[vc_row][vc_column][vc_column_text css=&#8220;.vc_custom_1565700859871{margin-bottom: 0px !important;}&#8220;]Bestehende Temperaturunterschiede wie in Dach- und Wandkonstruktionen mit einem Temperaturgef\u00e4lle von z.B.:<\/p>\n<ul>\n<li>Sommer: von au\u00dfen nach innen<\/li>\n<li>Winter: von innen nach au\u00dfen<\/li>\n<\/ul>\n<p>haben immer das Bestreben, einen Temperaturausgleich vom h\u00f6heren zum niederen Niveau herzustellen.<\/p>\n<p>F\u00fcr Mitteleuropa bedeutet dies, dass in der \u00fcberwiegenden Mehrzahl der Jahresmonate W\u00e4rme aus dem Geb\u00e4udeinneren nach au\u00dfen abflie\u00dft.<\/p>\n<p>Die Baustoffe der Bauteilschichten einer Dach- oder Wandkonstruktion setzen diesem Abfluss von Energie in Form von W\u00e4rme und der Diffusion von Luft und Feuchte verschieden hohe Widerst\u00e4nde entgegen. Der W\u00e4rmeabfluss wird mit dem Rechenwert \u03bb\u03bb (W\/m x K) angegeben. Er bezeichnet die W\u00e4rmemenge, die in einer Stunde durch 1 m\u00b2 einer 1 m dicken Schicht eines Baustoffes flie\u00dft, wenn die Temperaturdifferenz zwischen beiden Fl\u00e4chen 1 \u00baK betr\u00e4gt. Detaillierte Angaben sind der DIN 4108 und der Energieeinsparungsverordnung in ihrer jeweils g\u00fcltigen Fassung zu entnehmen.<\/p>\n<p>Einhergehend mit dem beschriebenen W\u00e4rmedurchgang durch die Bauteile w\u00fcrde eine Diffusion von Luft und Feuchte erfolgen, wenn diese nicht durch konstruktive Ma\u00dfnahmen verhindert wird. Durch die Tatsache, dass Luft in Abh\u00e4ngigkeit von der Lufttemperatur mehr oder weniger Feuchte in Form von Wasserdampf aufnehmen und transportieren kann, entsteht in unseren Geb\u00e4uden \u00fcber die meiste Zeit des Jahres das Ph\u00e4nomen h\u00f6herer Innenraumtemperatur mit h\u00f6herem Wasserdampfdruck und niederer Au\u00dfentemperatur mit niederem Wasserdampfdruck. Diese Druckdifferenz bedingt wieder das Bestreben nach Ausgleich von innen nach au\u00dfen \u00e4hnlich des Temperaturausgleiches. Dieses Durchdiffundieren von gasf\u00f6rmigem Wasser durch die Bauteilschichten birgt die Gefahr der zu starken Abk\u00fchlung des Transportmittels Luft in den \u00e4u\u00dferen Bauteilschichten und nachfolgendem Ausfallen von Tauwasser mit Durchfeuchtung der Bauteile. Dieser Problematik ist durch geeignete konstruktive Ma\u00dfnahmen zu begegnen. Detaillierte Angaben sind der DIN 4108 und der W\u00e4rmeschutzverordnung in ihrer jeweils g\u00fcltigen Fassung zu entnehmen.[\/vc_column_text][\/vc_column][\/vc_row]\n","protected":false},"excerpt":{"rendered":"<p>[vc_row][vc_column][vc_column_text css=&#8220;.vc_custom_1565700859871{margin-bottom: 0px !important;}&#8220;]Bestehende Temperaturunterschiede wie in Dach- und Wandkonstruktionen mit einem Temperaturgef\u00e4lle von z.B.: Sommer: von au\u00dfen nach innen Winter: von innen nach au\u00dfen haben immer das Bestreben, einen Temperaturausgleich vom h\u00f6heren zum niederen Niveau herzustellen. F\u00fcr Mitteleuropa bedeutet dies, dass in der \u00fcberwiegenden Mehrzahl der Jahresmonate W\u00e4rme aus dem Geb\u00e4udeinneren nach au\u00dfen abflie\u00dft. [&hellip;]<\/p>\n","protected":false},"author":9,"featured_media":0,"parent":0,"menu_order":670,"comment_status":"closed","ping_status":"closed","template":"template-import.php","meta":{"_acf_changed":false,"footnotes":""},"class_list":["post-30723","page","type-page","status-publish","hentry"],"acf":[],"yoast_head":"<!-- This site is optimized with the Yoast SEO plugin v26.8 - https:\/\/yoast.com\/product\/yoast-seo-wordpress\/ -->\n<title>Dampfdiffusion &#8211; NedZink<\/title>\n<meta name=\"robots\" content=\"index, follow, max-snippet:-1, max-image-preview:large, max-video-preview:-1\" \/>\n<link rel=\"canonical\" href=\"https:\/\/www.nedzink.com\/de\/dampfdiffusion\/\" \/>\n<meta property=\"og:locale\" content=\"de_DE\" \/>\n<meta property=\"og:type\" content=\"article\" \/>\n<meta property=\"og:title\" content=\"Dampfdiffusion &#8211; NedZink\" \/>\n<meta property=\"og:description\" content=\"[vc_row][vc_column][vc_column_text css=&#8220;.vc_custom_1565700859871{margin-bottom: 0px !important;}&#8220;]Bestehende Temperaturunterschiede wie in Dach- und Wandkonstruktionen mit einem Temperaturgef\u00e4lle von z.B.: Sommer: von au\u00dfen nach innen Winter: von innen nach au\u00dfen haben immer das Bestreben, einen Temperaturausgleich vom h\u00f6heren zum niederen Niveau herzustellen. F\u00fcr Mitteleuropa bedeutet dies, dass in der \u00fcberwiegenden Mehrzahl der Jahresmonate W\u00e4rme aus dem Geb\u00e4udeinneren nach au\u00dfen abflie\u00dft. [&hellip;]\" \/>\n<meta property=\"og:url\" content=\"https:\/\/www.nedzink.com\/de\/dampfdiffusion\/\" \/>\n<meta property=\"og:site_name\" content=\"NedZink\" \/>\n<meta property=\"article:modified_time\" content=\"2019-08-13T12:54:25+00:00\" \/>\n<meta name=\"twitter:card\" content=\"summary_large_image\" \/>\n<meta name=\"twitter:label1\" content=\"Gesch\u00e4tzte Lesezeit\" \/>\n\t<meta name=\"twitter:data1\" content=\"2\u00a0Minuten\" \/>\n<script type=\"application\/ld+json\" class=\"yoast-schema-graph\">{\"@context\":\"https:\/\/schema.org\",\"@graph\":[{\"@type\":\"WebPage\",\"@id\":\"https:\/\/www.nedzink.com\/de\/dampfdiffusion\/\",\"url\":\"https:\/\/www.nedzink.com\/de\/dampfdiffusion\/\",\"name\":\"Dampfdiffusion &#8211; NedZink\",\"isPartOf\":{\"@id\":\"https:\/\/www.nedzink.com\/de\/#website\"},\"datePublished\":\"2019-06-04T12:54:20+00:00\",\"dateModified\":\"2019-08-13T12:54:25+00:00\",\"breadcrumb\":{\"@id\":\"https:\/\/www.nedzink.com\/de\/dampfdiffusion\/#breadcrumb\"},\"inLanguage\":\"de\",\"potentialAction\":[{\"@type\":\"ReadAction\",\"target\":[\"https:\/\/www.nedzink.com\/de\/dampfdiffusion\/\"]}]},{\"@type\":\"BreadcrumbList\",\"@id\":\"https:\/\/www.nedzink.com\/de\/dampfdiffusion\/#breadcrumb\",\"itemListElement\":[{\"@type\":\"ListItem\",\"position\":1,\"name\":\"Home\",\"item\":\"https:\/\/www.nedzink.com\/de\/\"},{\"@type\":\"ListItem\",\"position\":2,\"name\":\"Dampfdiffusion\"}]},{\"@type\":\"WebSite\",\"@id\":\"https:\/\/www.nedzink.com\/de\/#website\",\"url\":\"https:\/\/www.nedzink.com\/de\/\",\"name\":\"NedZink\",\"description\":\"Zink fabrikant\",\"publisher\":{\"@id\":\"https:\/\/www.nedzink.com\/de\/#organization\"},\"potentialAction\":[{\"@type\":\"SearchAction\",\"target\":{\"@type\":\"EntryPoint\",\"urlTemplate\":\"https:\/\/www.nedzink.com\/de\/?s={search_term_string}\"},\"query-input\":{\"@type\":\"PropertyValueSpecification\",\"valueRequired\":true,\"valueName\":\"search_term_string\"}}],\"inLanguage\":\"de\"},{\"@type\":\"Organization\",\"@id\":\"https:\/\/www.nedzink.com\/de\/#organization\",\"name\":\"NedZink\",\"url\":\"https:\/\/www.nedzink.com\/de\/\",\"logo\":{\"@type\":\"ImageObject\",\"inLanguage\":\"de\",\"@id\":\"https:\/\/www.nedzink.com\/de\/#\/schema\/logo\/image\/\",\"url\":\"https:\/\/www.nedzink.com\/wp-content\/uploads\/2019\/08\/logo-nedzink_fc_zk.jpg\",\"contentUrl\":\"https:\/\/www.nedzink.com\/wp-content\/uploads\/2019\/08\/logo-nedzink_fc_zk.jpg\",\"width\":2160,\"height\":688,\"caption\":\"NedZink\"},\"image\":{\"@id\":\"https:\/\/www.nedzink.com\/de\/#\/schema\/logo\/image\/\"}}]}<\/script>\n<!-- \/ Yoast SEO plugin. -->","yoast_head_json":{"title":"Dampfdiffusion &#8211; NedZink","robots":{"index":"index","follow":"follow","max-snippet":"max-snippet:-1","max-image-preview":"max-image-preview:large","max-video-preview":"max-video-preview:-1"},"canonical":"https:\/\/www.nedzink.com\/de\/dampfdiffusion\/","og_locale":"de_DE","og_type":"article","og_title":"Dampfdiffusion &#8211; NedZink","og_description":"[vc_row][vc_column][vc_column_text css=&#8220;.vc_custom_1565700859871{margin-bottom: 0px !important;}&#8220;]Bestehende Temperaturunterschiede wie in Dach- und Wandkonstruktionen mit einem Temperaturgef\u00e4lle von z.B.: Sommer: von au\u00dfen nach innen Winter: von innen nach au\u00dfen haben immer das Bestreben, einen Temperaturausgleich vom h\u00f6heren zum niederen Niveau herzustellen. F\u00fcr Mitteleuropa bedeutet dies, dass in der \u00fcberwiegenden Mehrzahl der Jahresmonate W\u00e4rme aus dem Geb\u00e4udeinneren nach au\u00dfen abflie\u00dft. [&hellip;]","og_url":"https:\/\/www.nedzink.com\/de\/dampfdiffusion\/","og_site_name":"NedZink","article_modified_time":"2019-08-13T12:54:25+00:00","twitter_card":"summary_large_image","twitter_misc":{"Gesch\u00e4tzte Lesezeit":"2\u00a0Minuten"},"schema":{"@context":"https:\/\/schema.org","@graph":[{"@type":"WebPage","@id":"https:\/\/www.nedzink.com\/de\/dampfdiffusion\/","url":"https:\/\/www.nedzink.com\/de\/dampfdiffusion\/","name":"Dampfdiffusion &#8211; NedZink","isPartOf":{"@id":"https:\/\/www.nedzink.com\/de\/#website"},"datePublished":"2019-06-04T12:54:20+00:00","dateModified":"2019-08-13T12:54:25+00:00","breadcrumb":{"@id":"https:\/\/www.nedzink.com\/de\/dampfdiffusion\/#breadcrumb"},"inLanguage":"de","potentialAction":[{"@type":"ReadAction","target":["https:\/\/www.nedzink.com\/de\/dampfdiffusion\/"]}]},{"@type":"BreadcrumbList","@id":"https:\/\/www.nedzink.com\/de\/dampfdiffusion\/#breadcrumb","itemListElement":[{"@type":"ListItem","position":1,"name":"Home","item":"https:\/\/www.nedzink.com\/de\/"},{"@type":"ListItem","position":2,"name":"Dampfdiffusion"}]},{"@type":"WebSite","@id":"https:\/\/www.nedzink.com\/de\/#website","url":"https:\/\/www.nedzink.com\/de\/","name":"NedZink","description":"Zink fabrikant","publisher":{"@id":"https:\/\/www.nedzink.com\/de\/#organization"},"potentialAction":[{"@type":"SearchAction","target":{"@type":"EntryPoint","urlTemplate":"https:\/\/www.nedzink.com\/de\/?s={search_term_string}"},"query-input":{"@type":"PropertyValueSpecification","valueRequired":true,"valueName":"search_term_string"}}],"inLanguage":"de"},{"@type":"Organization","@id":"https:\/\/www.nedzink.com\/de\/#organization","name":"NedZink","url":"https:\/\/www.nedzink.com\/de\/","logo":{"@type":"ImageObject","inLanguage":"de","@id":"https:\/\/www.nedzink.com\/de\/#\/schema\/logo\/image\/","url":"https:\/\/www.nedzink.com\/wp-content\/uploads\/2019\/08\/logo-nedzink_fc_zk.jpg","contentUrl":"https:\/\/www.nedzink.com\/wp-content\/uploads\/2019\/08\/logo-nedzink_fc_zk.jpg","width":2160,"height":688,"caption":"NedZink"},"image":{"@id":"https:\/\/www.nedzink.com\/de\/#\/schema\/logo\/image\/"}}]}},"_links":{"self":[{"href":"https:\/\/www.nedzink.com\/de\/wp-json\/wp\/v2\/pages\/30723","targetHints":{"allow":["GET"]}}],"collection":[{"href":"https:\/\/www.nedzink.com\/de\/wp-json\/wp\/v2\/pages"}],"about":[{"href":"https:\/\/www.nedzink.com\/de\/wp-json\/wp\/v2\/types\/page"}],"author":[{"embeddable":true,"href":"https:\/\/www.nedzink.com\/de\/wp-json\/wp\/v2\/users\/9"}],"replies":[{"embeddable":true,"href":"https:\/\/www.nedzink.com\/de\/wp-json\/wp\/v2\/comments?post=30723"}],"version-history":[{"count":0,"href":"https:\/\/www.nedzink.com\/de\/wp-json\/wp\/v2\/pages\/30723\/revisions"}],"wp:attachment":[{"href":"https:\/\/www.nedzink.com\/de\/wp-json\/wp\/v2\/media?parent=30723"}],"curies":[{"name":"wp","href":"https:\/\/api.w.org\/{rel}","templated":true}]}}