{"id":30703,"date":"2019-06-04T14:54:15","date_gmt":"2019-06-04T12:54:15","guid":{"rendered":"http:\/\/136.144.181.85\/~nedzink\/techn-informationen\/bauphysik\/"},"modified":"2019-08-13T14:52:51","modified_gmt":"2019-08-13T12:52:51","slug":"bauphysik","status":"publish","type":"page","link":"https:\/\/www.nedzink.com\/de\/bauphysik\/","title":{"rendered":"Bauphysik"},"content":{"rendered":"[vc_row][vc_column][vc_column_text css=&#8220;.vc_custom_1565700729009{margin-bottom: 0px !important;}&#8220;]\n<div class=\"contentStyle\" style=\"margin: 10px 0px 10px 0px;\">\n<p>Zur sicheren Errichtung und Betrieb von Geb\u00e4uden und Bauteilen ist die Ber\u00fccksichtigung bauphysikalischer Gegebenheiten und Gesetzm\u00e4\u00dfigkeiten zwingend notwendig. Im allgemeinen Baubetrieb beginnt dies schon bei der Bewertung des Baugrundes zur Standsicherheit und der regionalen Witterungsbedingungen.<\/p>\n<p>Speziell f\u00fcr den Einsatz unseres Materials Titanzink im Bauwesen stehen folgende Hauptkriterien im Vordergrund:<\/p>\n<p><strong>Diffusion von Feuchte<\/strong>: Der Durchgang von Bau- bzw. Nutzfeuchte durch die Konstruktion muss zuverl\u00e4ssig gesteuert bzw. verhindert werden.<br \/>\n<strong>Konstruktionen mit und ohne Bel\u00fcftung:<\/strong> Die beiden Grundkonstruktionen \u2013 welche beide auch mit NedZink einsetzbar sind \u2013 werden zur sicheren Funktion beschrieben und definiert.<br \/>\n<strong>Schall<\/strong>: Sowohl K\u00f6rperschall als auch Luftschall m\u00fcssen konstruktiv ber\u00fccksichtigt werden.<br \/>\n<strong>Windsicherheit<\/strong>: Eine der essentiellsten bauphysikalischen Bedingungen, welche durch aktuelle und zunehmende Starkwindereignisse immer mehr an Bedeutung gewinnt.<\/p>\n<p>Eine sichere und dauerhafte Bauarbeit ist nur m\u00f6glich bei der strikten Ber\u00fccksichtigung aller bauphysikalischen Aspekte.<\/p>\n<\/div>\n[\/vc_column_text][\/vc_column][\/vc_row]\n","protected":false},"excerpt":{"rendered":"<p>[vc_row][vc_column][vc_column_text css=&#8220;.vc_custom_1565700729009{margin-bottom: 0px !important;}&#8220;] Zur sicheren Errichtung und Betrieb von Geb\u00e4uden und Bauteilen ist die Ber\u00fccksichtigung bauphysikalischer Gegebenheiten und Gesetzm\u00e4\u00dfigkeiten zwingend notwendig. Im allgemeinen Baubetrieb beginnt dies schon bei der Bewertung des Baugrundes zur Standsicherheit und der regionalen Witterungsbedingungen. Speziell f\u00fcr den Einsatz unseres Materials Titanzink im Bauwesen stehen folgende Hauptkriterien im Vordergrund: Diffusion von [&hellip;]<\/p>\n","protected":false},"author":9,"featured_media":0,"parent":0,"menu_order":650,"comment_status":"closed","ping_status":"closed","template":"template-import.php","meta":{"_acf_changed":false,"footnotes":""},"class_list":["post-30703","page","type-page","status-publish","hentry"],"acf":[],"yoast_head":"<!-- This site is optimized with the Yoast SEO plugin v26.8 - https:\/\/yoast.com\/product\/yoast-seo-wordpress\/ -->\n<title>Bauphysik \u2013 NedZink<\/title>\n<meta name=\"robots\" content=\"index, follow, max-snippet:-1, max-image-preview:large, max-video-preview:-1\" \/>\n<link rel=\"canonical\" href=\"https:\/\/www.nedzink.com\/de\/bauphysik\/\" \/>\n<meta property=\"og:locale\" content=\"de_DE\" \/>\n<meta property=\"og:type\" content=\"article\" \/>\n<meta property=\"og:title\" content=\"Bauphysik \u2013 NedZink\" \/>\n<meta property=\"og:description\" content=\"[vc_row][vc_column][vc_column_text css=&#8220;.vc_custom_1565700729009{margin-bottom: 0px !important;}&#8220;] Zur sicheren Errichtung und Betrieb von Geb\u00e4uden und Bauteilen ist die Ber\u00fccksichtigung bauphysikalischer Gegebenheiten und Gesetzm\u00e4\u00dfigkeiten zwingend notwendig. Im allgemeinen Baubetrieb beginnt dies schon bei der Bewertung des Baugrundes zur Standsicherheit und der regionalen Witterungsbedingungen. Speziell f\u00fcr den Einsatz unseres Materials Titanzink im Bauwesen stehen folgende Hauptkriterien im Vordergrund: Diffusion von [&hellip;]\" \/>\n<meta property=\"og:url\" content=\"https:\/\/www.nedzink.com\/de\/bauphysik\/\" \/>\n<meta property=\"og:site_name\" content=\"NedZink\" \/>\n<meta property=\"article:modified_time\" content=\"2019-08-13T12:52:51+00:00\" \/>\n<meta name=\"twitter:card\" content=\"summary_large_image\" \/>\n<meta name=\"twitter:label1\" content=\"Gesch\u00e4tzte Lesezeit\" \/>\n\t<meta name=\"twitter:data1\" content=\"1\u00a0Minute\" \/>\n<script type=\"application\/ld+json\" class=\"yoast-schema-graph\">{\"@context\":\"https:\/\/schema.org\",\"@graph\":[{\"@type\":\"WebPage\",\"@id\":\"https:\/\/www.nedzink.com\/de\/bauphysik\/\",\"url\":\"https:\/\/www.nedzink.com\/de\/bauphysik\/\",\"name\":\"Bauphysik \u2013 NedZink\",\"isPartOf\":{\"@id\":\"https:\/\/www.nedzink.com\/de\/#website\"},\"datePublished\":\"2019-06-04T12:54:15+00:00\",\"dateModified\":\"2019-08-13T12:52:51+00:00\",\"breadcrumb\":{\"@id\":\"https:\/\/www.nedzink.com\/de\/bauphysik\/#breadcrumb\"},\"inLanguage\":\"de\",\"potentialAction\":[{\"@type\":\"ReadAction\",\"target\":[\"https:\/\/www.nedzink.com\/de\/bauphysik\/\"]}]},{\"@type\":\"BreadcrumbList\",\"@id\":\"https:\/\/www.nedzink.com\/de\/bauphysik\/#breadcrumb\",\"itemListElement\":[{\"@type\":\"ListItem\",\"position\":1,\"name\":\"Home\",\"item\":\"https:\/\/www.nedzink.com\/de\/\"},{\"@type\":\"ListItem\",\"position\":2,\"name\":\"Bauphysik\"}]},{\"@type\":\"WebSite\",\"@id\":\"https:\/\/www.nedzink.com\/de\/#website\",\"url\":\"https:\/\/www.nedzink.com\/de\/\",\"name\":\"NedZink\",\"description\":\"Zink fabrikant\",\"publisher\":{\"@id\":\"https:\/\/www.nedzink.com\/de\/#organization\"},\"potentialAction\":[{\"@type\":\"SearchAction\",\"target\":{\"@type\":\"EntryPoint\",\"urlTemplate\":\"https:\/\/www.nedzink.com\/de\/?s={search_term_string}\"},\"query-input\":{\"@type\":\"PropertyValueSpecification\",\"valueRequired\":true,\"valueName\":\"search_term_string\"}}],\"inLanguage\":\"de\"},{\"@type\":\"Organization\",\"@id\":\"https:\/\/www.nedzink.com\/de\/#organization\",\"name\":\"NedZink\",\"url\":\"https:\/\/www.nedzink.com\/de\/\",\"logo\":{\"@type\":\"ImageObject\",\"inLanguage\":\"de\",\"@id\":\"https:\/\/www.nedzink.com\/de\/#\/schema\/logo\/image\/\",\"url\":\"https:\/\/www.nedzink.com\/wp-content\/uploads\/2019\/08\/logo-nedzink_fc_zk.jpg\",\"contentUrl\":\"https:\/\/www.nedzink.com\/wp-content\/uploads\/2019\/08\/logo-nedzink_fc_zk.jpg\",\"width\":2160,\"height\":688,\"caption\":\"NedZink\"},\"image\":{\"@id\":\"https:\/\/www.nedzink.com\/de\/#\/schema\/logo\/image\/\"}}]}<\/script>\n<!-- \/ Yoast SEO plugin. -->","yoast_head_json":{"title":"Bauphysik \u2013 NedZink","robots":{"index":"index","follow":"follow","max-snippet":"max-snippet:-1","max-image-preview":"max-image-preview:large","max-video-preview":"max-video-preview:-1"},"canonical":"https:\/\/www.nedzink.com\/de\/bauphysik\/","og_locale":"de_DE","og_type":"article","og_title":"Bauphysik \u2013 NedZink","og_description":"[vc_row][vc_column][vc_column_text css=&#8220;.vc_custom_1565700729009{margin-bottom: 0px !important;}&#8220;] Zur sicheren Errichtung und Betrieb von Geb\u00e4uden und Bauteilen ist die Ber\u00fccksichtigung bauphysikalischer Gegebenheiten und Gesetzm\u00e4\u00dfigkeiten zwingend notwendig. Im allgemeinen Baubetrieb beginnt dies schon bei der Bewertung des Baugrundes zur Standsicherheit und der regionalen Witterungsbedingungen. Speziell f\u00fcr den Einsatz unseres Materials Titanzink im Bauwesen stehen folgende Hauptkriterien im Vordergrund: Diffusion von [&hellip;]","og_url":"https:\/\/www.nedzink.com\/de\/bauphysik\/","og_site_name":"NedZink","article_modified_time":"2019-08-13T12:52:51+00:00","twitter_card":"summary_large_image","twitter_misc":{"Gesch\u00e4tzte Lesezeit":"1\u00a0Minute"},"schema":{"@context":"https:\/\/schema.org","@graph":[{"@type":"WebPage","@id":"https:\/\/www.nedzink.com\/de\/bauphysik\/","url":"https:\/\/www.nedzink.com\/de\/bauphysik\/","name":"Bauphysik \u2013 NedZink","isPartOf":{"@id":"https:\/\/www.nedzink.com\/de\/#website"},"datePublished":"2019-06-04T12:54:15+00:00","dateModified":"2019-08-13T12:52:51+00:00","breadcrumb":{"@id":"https:\/\/www.nedzink.com\/de\/bauphysik\/#breadcrumb"},"inLanguage":"de","potentialAction":[{"@type":"ReadAction","target":["https:\/\/www.nedzink.com\/de\/bauphysik\/"]}]},{"@type":"BreadcrumbList","@id":"https:\/\/www.nedzink.com\/de\/bauphysik\/#breadcrumb","itemListElement":[{"@type":"ListItem","position":1,"name":"Home","item":"https:\/\/www.nedzink.com\/de\/"},{"@type":"ListItem","position":2,"name":"Bauphysik"}]},{"@type":"WebSite","@id":"https:\/\/www.nedzink.com\/de\/#website","url":"https:\/\/www.nedzink.com\/de\/","name":"NedZink","description":"Zink fabrikant","publisher":{"@id":"https:\/\/www.nedzink.com\/de\/#organization"},"potentialAction":[{"@type":"SearchAction","target":{"@type":"EntryPoint","urlTemplate":"https:\/\/www.nedzink.com\/de\/?s={search_term_string}"},"query-input":{"@type":"PropertyValueSpecification","valueRequired":true,"valueName":"search_term_string"}}],"inLanguage":"de"},{"@type":"Organization","@id":"https:\/\/www.nedzink.com\/de\/#organization","name":"NedZink","url":"https:\/\/www.nedzink.com\/de\/","logo":{"@type":"ImageObject","inLanguage":"de","@id":"https:\/\/www.nedzink.com\/de\/#\/schema\/logo\/image\/","url":"https:\/\/www.nedzink.com\/wp-content\/uploads\/2019\/08\/logo-nedzink_fc_zk.jpg","contentUrl":"https:\/\/www.nedzink.com\/wp-content\/uploads\/2019\/08\/logo-nedzink_fc_zk.jpg","width":2160,"height":688,"caption":"NedZink"},"image":{"@id":"https:\/\/www.nedzink.com\/de\/#\/schema\/logo\/image\/"}}]}},"_links":{"self":[{"href":"https:\/\/www.nedzink.com\/de\/wp-json\/wp\/v2\/pages\/30703","targetHints":{"allow":["GET"]}}],"collection":[{"href":"https:\/\/www.nedzink.com\/de\/wp-json\/wp\/v2\/pages"}],"about":[{"href":"https:\/\/www.nedzink.com\/de\/wp-json\/wp\/v2\/types\/page"}],"author":[{"embeddable":true,"href":"https:\/\/www.nedzink.com\/de\/wp-json\/wp\/v2\/users\/9"}],"replies":[{"embeddable":true,"href":"https:\/\/www.nedzink.com\/de\/wp-json\/wp\/v2\/comments?post=30703"}],"version-history":[{"count":0,"href":"https:\/\/www.nedzink.com\/de\/wp-json\/wp\/v2\/pages\/30703\/revisions"}],"wp:attachment":[{"href":"https:\/\/www.nedzink.com\/de\/wp-json\/wp\/v2\/media?parent=30703"}],"curies":[{"name":"wp","href":"https:\/\/api.w.org\/{rel}","templated":true}]}}