{"id":30693,"date":"2019-06-04T14:54:12","date_gmt":"2019-06-04T12:54:12","guid":{"rendered":"http:\/\/136.144.181.85\/~nedzink\/techn-informationen\/verarbeitungs-und-montagerichtlinien\/werkzeuge-und-maschinen\/maschinen\/"},"modified":"2019-08-13T14:50:11","modified_gmt":"2019-08-13T12:50:11","slug":"maschinen","status":"publish","type":"page","link":"https:\/\/www.nedzink.com\/de\/maschinen\/","title":{"rendered":"Maschinen"},"content":{"rendered":"[vc_row][vc_column][vc_column_text css=&#8220;.vc_custom_1565700602545{margin-bottom: 0px !important;}&#8220;]Der Maschineneinsatz beginnt bei den elektronischen Handger\u00e4ten in Form von Blechscheren, Nibbler und Falzschlie\u00dfautomaten, die die handwerkliche Arbeit, vor allem bei gr\u00f6\u00dferen Fl\u00e4chen, wesentlich erleichtern.<\/p>\n<p>Folgend sind im Einzelnen die g\u00e4ngigsten Maschinen, sortiert nach den unterschiedlichen Anwendungen, aufgef\u00fchrt:<\/p>\n<p><strong>Vorbereitung von Coils<\/strong><\/p>\n<ul>\n<li>Coilwagen mit manueller Schneidevorrichtung bis hin zu vollautomatischen Abcoilanlagen<\/li>\n<\/ul>\n<p><strong>Schneiden und Trennen<\/strong><\/p>\n<ul>\n<li>elektronische Blechscheren u.a. auch f\u00fcr den Einsatz auf der Baustelle<\/li>\n<li>mobile Hand-Nibbler, um beliebige Aussparungen im Blech vorzunehmen<\/li>\n<li>Schlagscheren mit L\u00e4ngen bis ca. 12 m<\/li>\n<li>Spaltanlagen zur Querteilung von Bandmaterial<\/li>\n<li>Metall-Kreiss\u00e4gen f\u00fcr z.B. vorgefertigte Profile, Fallrohre und Dachrinnen<\/li>\n<li>Trennverfahren durch Lasertechnik<\/li>\n<\/ul>\n<p><strong>Umformung durch Kanten, Biegen oder Profilieren<\/strong><br \/>\n(bei den Umformungen ist auf einen Mindestbiegeradius von 2,0 mm, sowie eine Mindestmetalltemperatur von 10\u00b0C zu achten!)<\/p>\n<ul>\n<li>Kantb\u00e4nke und Kantpressen mit Arbeitsbreiten von 1,0 \u2013 12 m. Diese reichen von kleinen Segment-Kantb\u00e4nken, bis hin zu vollautomatischen Biegezentren.<\/li>\n<li>Profiliermaschinen zur Herstellung von Falzscharen, Bauprofilen und Paneelsystemen<\/li>\n<li>Rundbogenmaschinen zum nachtr\u00e4glichen Runden von vorprofilierten Falzscharen<\/li>\n<li>Ausklinkautomaten bereiten durch die Arbeitsschritte, Ausklinken \u2013 Vortreiben \u2013 R\u00fcckkanten, den Falzabschluss von vorprofilierten Falzscharen vor<\/li>\n<li>Streck-, Stauch- und Dr\u00fcckger\u00e4te zur Herstellung von Radien<\/li>\n<li class=\"sub over\">Falzschlie\u00dfmaschinen zur Herstellung von Falzverbindungen (Winkel- oder Doppelstehfalz)<\/li>\n<\/ul>\n[\/vc_column_text][\/vc_column][\/vc_row]\n","protected":false},"excerpt":{"rendered":"<p>[vc_row][vc_column][vc_column_text css=&#8220;.vc_custom_1565700602545{margin-bottom: 0px !important;}&#8220;]Der Maschineneinsatz beginnt bei den elektronischen Handger\u00e4ten in Form von Blechscheren, Nibbler und Falzschlie\u00dfautomaten, die die handwerkliche Arbeit, vor allem bei gr\u00f6\u00dferen Fl\u00e4chen, wesentlich erleichtern. Folgend sind im Einzelnen die g\u00e4ngigsten Maschinen, sortiert nach den unterschiedlichen Anwendungen, aufgef\u00fchrt: Vorbereitung von Coils Coilwagen mit manueller Schneidevorrichtung bis hin zu vollautomatischen Abcoilanlagen Schneiden und [&hellip;]<\/p>\n","protected":false},"author":9,"featured_media":0,"parent":0,"menu_order":640,"comment_status":"closed","ping_status":"closed","template":"template-import.php","meta":{"_acf_changed":false,"footnotes":""},"class_list":["post-30693","page","type-page","status-publish","hentry"],"acf":[],"yoast_head":"<!-- This site is optimized with the Yoast SEO plugin v26.8 - https:\/\/yoast.com\/product\/yoast-seo-wordpress\/ -->\n<title>Maschinen \u2013 NedZink<\/title>\n<meta name=\"robots\" content=\"index, follow, max-snippet:-1, max-image-preview:large, max-video-preview:-1\" \/>\n<link rel=\"canonical\" href=\"https:\/\/www.nedzink.com\/de\/maschinen\/\" \/>\n<meta property=\"og:locale\" content=\"de_DE\" \/>\n<meta property=\"og:type\" content=\"article\" \/>\n<meta property=\"og:title\" content=\"Maschinen \u2013 NedZink\" \/>\n<meta property=\"og:description\" content=\"[vc_row][vc_column][vc_column_text css=&#8220;.vc_custom_1565700602545{margin-bottom: 0px !important;}&#8220;]Der Maschineneinsatz beginnt bei den elektronischen Handger\u00e4ten in Form von Blechscheren, Nibbler und Falzschlie\u00dfautomaten, die die handwerkliche Arbeit, vor allem bei gr\u00f6\u00dferen Fl\u00e4chen, wesentlich erleichtern. Folgend sind im Einzelnen die g\u00e4ngigsten Maschinen, sortiert nach den unterschiedlichen Anwendungen, aufgef\u00fchrt: Vorbereitung von Coils Coilwagen mit manueller Schneidevorrichtung bis hin zu vollautomatischen Abcoilanlagen Schneiden und [&hellip;]\" \/>\n<meta property=\"og:url\" content=\"https:\/\/www.nedzink.com\/de\/maschinen\/\" \/>\n<meta property=\"og:site_name\" content=\"NedZink\" \/>\n<meta property=\"article:modified_time\" content=\"2019-08-13T12:50:11+00:00\" \/>\n<meta name=\"twitter:card\" content=\"summary_large_image\" \/>\n<meta name=\"twitter:label1\" content=\"Gesch\u00e4tzte Lesezeit\" \/>\n\t<meta name=\"twitter:data1\" content=\"1\u00a0Minute\" \/>\n<script type=\"application\/ld+json\" class=\"yoast-schema-graph\">{\"@context\":\"https:\/\/schema.org\",\"@graph\":[{\"@type\":\"WebPage\",\"@id\":\"https:\/\/www.nedzink.com\/de\/maschinen\/\",\"url\":\"https:\/\/www.nedzink.com\/de\/maschinen\/\",\"name\":\"Maschinen \u2013 NedZink\",\"isPartOf\":{\"@id\":\"https:\/\/www.nedzink.com\/de\/#website\"},\"datePublished\":\"2019-06-04T12:54:12+00:00\",\"dateModified\":\"2019-08-13T12:50:11+00:00\",\"breadcrumb\":{\"@id\":\"https:\/\/www.nedzink.com\/de\/maschinen\/#breadcrumb\"},\"inLanguage\":\"de\",\"potentialAction\":[{\"@type\":\"ReadAction\",\"target\":[\"https:\/\/www.nedzink.com\/de\/maschinen\/\"]}]},{\"@type\":\"BreadcrumbList\",\"@id\":\"https:\/\/www.nedzink.com\/de\/maschinen\/#breadcrumb\",\"itemListElement\":[{\"@type\":\"ListItem\",\"position\":1,\"name\":\"Home\",\"item\":\"https:\/\/www.nedzink.com\/de\/\"},{\"@type\":\"ListItem\",\"position\":2,\"name\":\"Maschinen\"}]},{\"@type\":\"WebSite\",\"@id\":\"https:\/\/www.nedzink.com\/de\/#website\",\"url\":\"https:\/\/www.nedzink.com\/de\/\",\"name\":\"NedZink\",\"description\":\"Zink fabrikant\",\"publisher\":{\"@id\":\"https:\/\/www.nedzink.com\/de\/#organization\"},\"potentialAction\":[{\"@type\":\"SearchAction\",\"target\":{\"@type\":\"EntryPoint\",\"urlTemplate\":\"https:\/\/www.nedzink.com\/de\/?s={search_term_string}\"},\"query-input\":{\"@type\":\"PropertyValueSpecification\",\"valueRequired\":true,\"valueName\":\"search_term_string\"}}],\"inLanguage\":\"de\"},{\"@type\":\"Organization\",\"@id\":\"https:\/\/www.nedzink.com\/de\/#organization\",\"name\":\"NedZink\",\"url\":\"https:\/\/www.nedzink.com\/de\/\",\"logo\":{\"@type\":\"ImageObject\",\"inLanguage\":\"de\",\"@id\":\"https:\/\/www.nedzink.com\/de\/#\/schema\/logo\/image\/\",\"url\":\"https:\/\/www.nedzink.com\/wp-content\/uploads\/2019\/08\/logo-nedzink_fc_zk.jpg\",\"contentUrl\":\"https:\/\/www.nedzink.com\/wp-content\/uploads\/2019\/08\/logo-nedzink_fc_zk.jpg\",\"width\":2160,\"height\":688,\"caption\":\"NedZink\"},\"image\":{\"@id\":\"https:\/\/www.nedzink.com\/de\/#\/schema\/logo\/image\/\"}}]}<\/script>\n<!-- \/ Yoast SEO plugin. -->","yoast_head_json":{"title":"Maschinen \u2013 NedZink","robots":{"index":"index","follow":"follow","max-snippet":"max-snippet:-1","max-image-preview":"max-image-preview:large","max-video-preview":"max-video-preview:-1"},"canonical":"https:\/\/www.nedzink.com\/de\/maschinen\/","og_locale":"de_DE","og_type":"article","og_title":"Maschinen \u2013 NedZink","og_description":"[vc_row][vc_column][vc_column_text css=&#8220;.vc_custom_1565700602545{margin-bottom: 0px !important;}&#8220;]Der Maschineneinsatz beginnt bei den elektronischen Handger\u00e4ten in Form von Blechscheren, Nibbler und Falzschlie\u00dfautomaten, die die handwerkliche Arbeit, vor allem bei gr\u00f6\u00dferen Fl\u00e4chen, wesentlich erleichtern. Folgend sind im Einzelnen die g\u00e4ngigsten Maschinen, sortiert nach den unterschiedlichen Anwendungen, aufgef\u00fchrt: Vorbereitung von Coils Coilwagen mit manueller Schneidevorrichtung bis hin zu vollautomatischen Abcoilanlagen Schneiden und [&hellip;]","og_url":"https:\/\/www.nedzink.com\/de\/maschinen\/","og_site_name":"NedZink","article_modified_time":"2019-08-13T12:50:11+00:00","twitter_card":"summary_large_image","twitter_misc":{"Gesch\u00e4tzte Lesezeit":"1\u00a0Minute"},"schema":{"@context":"https:\/\/schema.org","@graph":[{"@type":"WebPage","@id":"https:\/\/www.nedzink.com\/de\/maschinen\/","url":"https:\/\/www.nedzink.com\/de\/maschinen\/","name":"Maschinen \u2013 NedZink","isPartOf":{"@id":"https:\/\/www.nedzink.com\/de\/#website"},"datePublished":"2019-06-04T12:54:12+00:00","dateModified":"2019-08-13T12:50:11+00:00","breadcrumb":{"@id":"https:\/\/www.nedzink.com\/de\/maschinen\/#breadcrumb"},"inLanguage":"de","potentialAction":[{"@type":"ReadAction","target":["https:\/\/www.nedzink.com\/de\/maschinen\/"]}]},{"@type":"BreadcrumbList","@id":"https:\/\/www.nedzink.com\/de\/maschinen\/#breadcrumb","itemListElement":[{"@type":"ListItem","position":1,"name":"Home","item":"https:\/\/www.nedzink.com\/de\/"},{"@type":"ListItem","position":2,"name":"Maschinen"}]},{"@type":"WebSite","@id":"https:\/\/www.nedzink.com\/de\/#website","url":"https:\/\/www.nedzink.com\/de\/","name":"NedZink","description":"Zink fabrikant","publisher":{"@id":"https:\/\/www.nedzink.com\/de\/#organization"},"potentialAction":[{"@type":"SearchAction","target":{"@type":"EntryPoint","urlTemplate":"https:\/\/www.nedzink.com\/de\/?s={search_term_string}"},"query-input":{"@type":"PropertyValueSpecification","valueRequired":true,"valueName":"search_term_string"}}],"inLanguage":"de"},{"@type":"Organization","@id":"https:\/\/www.nedzink.com\/de\/#organization","name":"NedZink","url":"https:\/\/www.nedzink.com\/de\/","logo":{"@type":"ImageObject","inLanguage":"de","@id":"https:\/\/www.nedzink.com\/de\/#\/schema\/logo\/image\/","url":"https:\/\/www.nedzink.com\/wp-content\/uploads\/2019\/08\/logo-nedzink_fc_zk.jpg","contentUrl":"https:\/\/www.nedzink.com\/wp-content\/uploads\/2019\/08\/logo-nedzink_fc_zk.jpg","width":2160,"height":688,"caption":"NedZink"},"image":{"@id":"https:\/\/www.nedzink.com\/de\/#\/schema\/logo\/image\/"}}]}},"_links":{"self":[{"href":"https:\/\/www.nedzink.com\/de\/wp-json\/wp\/v2\/pages\/30693","targetHints":{"allow":["GET"]}}],"collection":[{"href":"https:\/\/www.nedzink.com\/de\/wp-json\/wp\/v2\/pages"}],"about":[{"href":"https:\/\/www.nedzink.com\/de\/wp-json\/wp\/v2\/types\/page"}],"author":[{"embeddable":true,"href":"https:\/\/www.nedzink.com\/de\/wp-json\/wp\/v2\/users\/9"}],"replies":[{"embeddable":true,"href":"https:\/\/www.nedzink.com\/de\/wp-json\/wp\/v2\/comments?post=30693"}],"version-history":[{"count":0,"href":"https:\/\/www.nedzink.com\/de\/wp-json\/wp\/v2\/pages\/30693\/revisions"}],"wp:attachment":[{"href":"https:\/\/www.nedzink.com\/de\/wp-json\/wp\/v2\/media?parent=30693"}],"curies":[{"name":"wp","href":"https:\/\/api.w.org\/{rel}","templated":true}]}}