{"id":30683,"date":"2019-06-04T14:54:10","date_gmt":"2019-06-04T12:54:10","guid":{"rendered":"http:\/\/136.144.181.85\/~nedzink\/techn-informationen\/verarbeitungs-und-montagerichtlinien\/werkzeuge-und-maschinen\/werkzeuge\/"},"modified":"2019-08-13T14:48:23","modified_gmt":"2019-08-13T12:48:23","slug":"werkzeuge","status":"publish","type":"page","link":"https:\/\/www.nedzink.com\/de\/werkzeuge\/","title":{"rendered":"Werkzeuge"},"content":{"rendered":"[vc_row][vc_column][vc_column_text css=&#8220;.vc_custom_1565700498207{margin-bottom: 0px !important;}&#8220;]\n<div class=\"contentStyle\" style=\"margin: 10px 0px 10px 0px;\">\n<p>Speziell f\u00fcr die auch heute noch relevante, handwerkliche Verarbeitung von Titanzink auf der Baustelle, werden aus der Tradition entstandene Werkzeuge verwendet.<\/p>\n<p>Zu diesen z\u00e4hlen die klassischen Blechscheren f\u00fcr die folgenden, unterschiedlichen Anforderungen:<\/p>\n<table style=\"width: 600px;\" border=\"0\" cellspacing=\"1\" cellpadding=\"1\" align=\"middle\">\n<tbody>\n<tr>\n<td>\n<p align=\"center\"><strong>Idealscheren<\/strong><\/p>\n<\/td>\n<td>\n<p align=\"center\"><strong>Durchlaufscheren<\/strong><\/p>\n<\/td>\n<td>\n<p align=\"center\"><strong>Rundlochscheren<\/strong><\/p>\n<\/td>\n<td>\n<p align=\"center\"><strong>Winkellochscheren<\/strong><\/p>\n<\/td>\n<td>\n<p align=\"center\"><strong>Figurenscheren<\/strong><\/p>\n<\/td>\n<\/tr>\n<tr>\n<td><img decoding=\"async\" style=\"width: 100px; height: 100px; border-width: 0px; border-style: solid; margin: 10px;\" src=\"https:\/\/www.nedzink.com\/wp-content\/uploads\/import\/cms\/userfiles\/images\/schaar1.jpg\" alt=\"\" \/><\/td>\n<td><img decoding=\"async\" style=\"width: 100px; height: 100px; border-width: 0px; border-style: solid; margin: 10px;\" src=\"https:\/\/www.nedzink.com\/wp-content\/uploads\/import\/cms\/userfiles\/images\/schaar2.jpg\" alt=\"\" \/><\/td>\n<td><img decoding=\"async\" style=\"width: 100px; height: 100px; border-width: 0px; border-style: solid; margin: 10px;\" src=\"https:\/\/www.nedzink.com\/wp-content\/uploads\/import\/cms\/userfiles\/images\/schaar_3.jpg\" alt=\"\" \/><\/td>\n<td><img decoding=\"async\" style=\"width: 100px; height: 100px; border-width: 0px; border-style: solid; margin: 10px;\" src=\"https:\/\/www.nedzink.com\/wp-content\/uploads\/import\/cms\/userfiles\/images\/schaar4.jpg\" alt=\"\" \/><\/td>\n<td><img decoding=\"async\" style=\"width: 100px; height: 100px; border-width: 0px; border-style: solid; margin: 10px;\" src=\"https:\/\/www.nedzink.com\/wp-content\/uploads\/import\/cms\/userfiles\/images\/schaar5.jpg\" alt=\"\" \/><\/td>\n<\/tr>\n<tr>\n<td style=\"vertical-align: top;\">f\u00fcr gro\u00dfe Radien, zum Ausklinken<br \/>\nund f\u00fcr gerade durchlaufende Schnitte<\/td>\n<td style=\"vertical-align: top;\">f\u00fcr lange gerade durchlaufende Schnitte<\/td>\n<td style=\"vertical-align: top;\">f\u00fcr kreisf\u00f6rmige Schnitte<\/td>\n<td style=\"vertical-align: top;\">f\u00fcr Winkel-Ausschnitte<\/td>\n<td style=\"vertical-align: top;\">f\u00fcr kleine und gro\u00dfe Radien, zum Ausklinken<\/td>\n<\/tr>\n<\/tbody>\n<\/table>\n<p>&nbsp;<\/p>\n<p>Des Weiteren ist eine Auswahl, an zum Einsatz kommenden Biegewerkzeugen, in der nachfolgenden Grafik dargestellt.<\/p>\n<table style=\"width: 100%;\" border=\"0\" cellspacing=\"0\" cellpadding=\"0\">\n<tbody>\n<tr>\n<td><img decoding=\"async\" style=\"border-width: 0px; border-style: solid; width: 532px; height: 1259px;\" src=\"https:\/\/www.nedzink.com\/wp-content\/uploads\/import\/cms\/userfiles\/images\/werktuigen.jpg\" \/><\/td>\n<td style=\"vertical-align: top;\">\n<ol>\n<li>Scaleisen<\/li>\n<li>Doppelfalzeisen<\/li>\n<li>Eckschaleisen mit Falzhammer<\/li>\n<li>Quetschfalzeisen<\/li>\n<li>Faltenzieher<\/li>\n<li>Spitzzange<\/li>\n<li>Flachzange<\/li>\n<li>Aufstellzange<\/li>\n<li>Deckzange<\/li>\n<li>Deckzange, gekr\u00f6pft<\/li>\n<li>Falzzange<\/li>\n<li>Doppelfalzapparate<\/li>\n<li>Rinnenhalter-Biegeapparat<\/li>\n<\/ol>\n<\/td>\n<\/tr>\n<\/tbody>\n<\/table>\n<p><strong>Verbindungstechniken<\/strong><br \/>\nF\u00fcr die Verbindung der unterschiedlichen Titanzinkbauteile kommen in der Regel die Falzverbindung (Herstellung mit den o.g. Biegewerkzeugen) und L\u00f6tverbindung in Form des Weichl\u00f6tens in Frage. (siehe 8.0 L\u00f6ten)<br \/>\nEine ohne Zusatzma\u00dfnahmen nicht wasserdichte Verbindung ist das Nieten. Diese wird mittels Nietzange in der Regel im Blindnietverfahren hergestellt.<br \/>\nSeit 2003 ist zus\u00e4tzlich das \u201eKleben von Metallen in der Klempnertechnik\u201c mit in die Regelwerke des ZVSHK aufgenommen worden und als Verbindungstechnik anerkannt.<\/p>\n<\/div>\n[\/vc_column_text][\/vc_column][\/vc_row]\n","protected":false},"excerpt":{"rendered":"<p>[vc_row][vc_column][vc_column_text css=&#8220;.vc_custom_1565700498207{margin-bottom: 0px !important;}&#8220;] Speziell f\u00fcr die auch heute noch relevante, handwerkliche Verarbeitung von Titanzink auf der Baustelle, werden aus der Tradition entstandene Werkzeuge verwendet. Zu diesen z\u00e4hlen die klassischen Blechscheren f\u00fcr die folgenden, unterschiedlichen Anforderungen: Idealscheren Durchlaufscheren Rundlochscheren Winkellochscheren Figurenscheren f\u00fcr gro\u00dfe Radien, zum Ausklinken und f\u00fcr gerade durchlaufende Schnitte f\u00fcr lange gerade durchlaufende [&hellip;]<\/p>\n","protected":false},"author":9,"featured_media":0,"parent":0,"menu_order":630,"comment_status":"closed","ping_status":"closed","template":"template-import.php","meta":{"_acf_changed":false,"footnotes":""},"class_list":["post-30683","page","type-page","status-publish","hentry"],"acf":[],"yoast_head":"<!-- This site is optimized with the Yoast SEO plugin v26.8 - https:\/\/yoast.com\/product\/yoast-seo-wordpress\/ -->\n<title>Werkzeuge \u2013 NedZink<\/title>\n<meta name=\"robots\" content=\"index, follow, max-snippet:-1, max-image-preview:large, max-video-preview:-1\" \/>\n<link rel=\"canonical\" href=\"https:\/\/www.nedzink.com\/de\/werkzeuge\/\" \/>\n<meta property=\"og:locale\" content=\"de_DE\" \/>\n<meta property=\"og:type\" content=\"article\" \/>\n<meta property=\"og:title\" content=\"Werkzeuge \u2013 NedZink\" \/>\n<meta property=\"og:description\" content=\"[vc_row][vc_column][vc_column_text css=&#8220;.vc_custom_1565700498207{margin-bottom: 0px !important;}&#8220;] Speziell f\u00fcr die auch heute noch relevante, handwerkliche Verarbeitung von Titanzink auf der Baustelle, werden aus der Tradition entstandene Werkzeuge verwendet. Zu diesen z\u00e4hlen die klassischen Blechscheren f\u00fcr die folgenden, unterschiedlichen Anforderungen: Idealscheren Durchlaufscheren Rundlochscheren Winkellochscheren Figurenscheren f\u00fcr gro\u00dfe Radien, zum Ausklinken und f\u00fcr gerade durchlaufende Schnitte f\u00fcr lange gerade durchlaufende [&hellip;]\" \/>\n<meta property=\"og:url\" content=\"https:\/\/www.nedzink.com\/de\/werkzeuge\/\" \/>\n<meta property=\"og:site_name\" content=\"NedZink\" \/>\n<meta property=\"article:modified_time\" content=\"2019-08-13T12:48:23+00:00\" \/>\n<meta property=\"og:image\" content=\"https:\/\/www.nedzink.com\/wp-content\/uploads\/import\/cms\/userfiles\/images\/schaar1.jpg\" \/>\n<meta name=\"twitter:card\" content=\"summary_large_image\" \/>\n<meta name=\"twitter:label1\" content=\"Gesch\u00e4tzte Lesezeit\" \/>\n\t<meta name=\"twitter:data1\" content=\"1\u00a0Minute\" \/>\n<script type=\"application\/ld+json\" class=\"yoast-schema-graph\">{\"@context\":\"https:\/\/schema.org\",\"@graph\":[{\"@type\":\"WebPage\",\"@id\":\"https:\/\/www.nedzink.com\/de\/werkzeuge\/\",\"url\":\"https:\/\/www.nedzink.com\/de\/werkzeuge\/\",\"name\":\"Werkzeuge \u2013 NedZink\",\"isPartOf\":{\"@id\":\"https:\/\/www.nedzink.com\/de\/#website\"},\"primaryImageOfPage\":{\"@id\":\"https:\/\/www.nedzink.com\/de\/werkzeuge\/#primaryimage\"},\"image\":{\"@id\":\"https:\/\/www.nedzink.com\/de\/werkzeuge\/#primaryimage\"},\"thumbnailUrl\":\"https:\/\/www.nedzink.com\/wp-content\/uploads\/import\/cms\/userfiles\/images\/schaar1.jpg\",\"datePublished\":\"2019-06-04T12:54:10+00:00\",\"dateModified\":\"2019-08-13T12:48:23+00:00\",\"breadcrumb\":{\"@id\":\"https:\/\/www.nedzink.com\/de\/werkzeuge\/#breadcrumb\"},\"inLanguage\":\"de\",\"potentialAction\":[{\"@type\":\"ReadAction\",\"target\":[\"https:\/\/www.nedzink.com\/de\/werkzeuge\/\"]}]},{\"@type\":\"ImageObject\",\"inLanguage\":\"de\",\"@id\":\"https:\/\/www.nedzink.com\/de\/werkzeuge\/#primaryimage\",\"url\":\"https:\/\/www.nedzink.com\/wp-content\/uploads\/import\/cms\/userfiles\/images\/schaar1.jpg\",\"contentUrl\":\"https:\/\/www.nedzink.com\/wp-content\/uploads\/import\/cms\/userfiles\/images\/schaar1.jpg\"},{\"@type\":\"BreadcrumbList\",\"@id\":\"https:\/\/www.nedzink.com\/de\/werkzeuge\/#breadcrumb\",\"itemListElement\":[{\"@type\":\"ListItem\",\"position\":1,\"name\":\"Home\",\"item\":\"https:\/\/www.nedzink.com\/de\/\"},{\"@type\":\"ListItem\",\"position\":2,\"name\":\"Werkzeuge\"}]},{\"@type\":\"WebSite\",\"@id\":\"https:\/\/www.nedzink.com\/de\/#website\",\"url\":\"https:\/\/www.nedzink.com\/de\/\",\"name\":\"NedZink\",\"description\":\"Zink fabrikant\",\"publisher\":{\"@id\":\"https:\/\/www.nedzink.com\/de\/#organization\"},\"potentialAction\":[{\"@type\":\"SearchAction\",\"target\":{\"@type\":\"EntryPoint\",\"urlTemplate\":\"https:\/\/www.nedzink.com\/de\/?s={search_term_string}\"},\"query-input\":{\"@type\":\"PropertyValueSpecification\",\"valueRequired\":true,\"valueName\":\"search_term_string\"}}],\"inLanguage\":\"de\"},{\"@type\":\"Organization\",\"@id\":\"https:\/\/www.nedzink.com\/de\/#organization\",\"name\":\"NedZink\",\"url\":\"https:\/\/www.nedzink.com\/de\/\",\"logo\":{\"@type\":\"ImageObject\",\"inLanguage\":\"de\",\"@id\":\"https:\/\/www.nedzink.com\/de\/#\/schema\/logo\/image\/\",\"url\":\"https:\/\/www.nedzink.com\/wp-content\/uploads\/2019\/08\/logo-nedzink_fc_zk.jpg\",\"contentUrl\":\"https:\/\/www.nedzink.com\/wp-content\/uploads\/2019\/08\/logo-nedzink_fc_zk.jpg\",\"width\":2160,\"height\":688,\"caption\":\"NedZink\"},\"image\":{\"@id\":\"https:\/\/www.nedzink.com\/de\/#\/schema\/logo\/image\/\"}}]}<\/script>\n<!-- \/ Yoast SEO plugin. -->","yoast_head_json":{"title":"Werkzeuge \u2013 NedZink","robots":{"index":"index","follow":"follow","max-snippet":"max-snippet:-1","max-image-preview":"max-image-preview:large","max-video-preview":"max-video-preview:-1"},"canonical":"https:\/\/www.nedzink.com\/de\/werkzeuge\/","og_locale":"de_DE","og_type":"article","og_title":"Werkzeuge \u2013 NedZink","og_description":"[vc_row][vc_column][vc_column_text css=&#8220;.vc_custom_1565700498207{margin-bottom: 0px !important;}&#8220;] Speziell f\u00fcr die auch heute noch relevante, handwerkliche Verarbeitung von Titanzink auf der Baustelle, werden aus der Tradition entstandene Werkzeuge verwendet. Zu diesen z\u00e4hlen die klassischen Blechscheren f\u00fcr die folgenden, unterschiedlichen Anforderungen: Idealscheren Durchlaufscheren Rundlochscheren Winkellochscheren Figurenscheren f\u00fcr gro\u00dfe Radien, zum Ausklinken und f\u00fcr gerade durchlaufende Schnitte f\u00fcr lange gerade durchlaufende [&hellip;]","og_url":"https:\/\/www.nedzink.com\/de\/werkzeuge\/","og_site_name":"NedZink","article_modified_time":"2019-08-13T12:48:23+00:00","og_image":[{"url":"https:\/\/www.nedzink.com\/wp-content\/uploads\/import\/cms\/userfiles\/images\/schaar1.jpg","type":"","width":"","height":""}],"twitter_card":"summary_large_image","twitter_misc":{"Gesch\u00e4tzte Lesezeit":"1\u00a0Minute"},"schema":{"@context":"https:\/\/schema.org","@graph":[{"@type":"WebPage","@id":"https:\/\/www.nedzink.com\/de\/werkzeuge\/","url":"https:\/\/www.nedzink.com\/de\/werkzeuge\/","name":"Werkzeuge \u2013 NedZink","isPartOf":{"@id":"https:\/\/www.nedzink.com\/de\/#website"},"primaryImageOfPage":{"@id":"https:\/\/www.nedzink.com\/de\/werkzeuge\/#primaryimage"},"image":{"@id":"https:\/\/www.nedzink.com\/de\/werkzeuge\/#primaryimage"},"thumbnailUrl":"https:\/\/www.nedzink.com\/wp-content\/uploads\/import\/cms\/userfiles\/images\/schaar1.jpg","datePublished":"2019-06-04T12:54:10+00:00","dateModified":"2019-08-13T12:48:23+00:00","breadcrumb":{"@id":"https:\/\/www.nedzink.com\/de\/werkzeuge\/#breadcrumb"},"inLanguage":"de","potentialAction":[{"@type":"ReadAction","target":["https:\/\/www.nedzink.com\/de\/werkzeuge\/"]}]},{"@type":"ImageObject","inLanguage":"de","@id":"https:\/\/www.nedzink.com\/de\/werkzeuge\/#primaryimage","url":"https:\/\/www.nedzink.com\/wp-content\/uploads\/import\/cms\/userfiles\/images\/schaar1.jpg","contentUrl":"https:\/\/www.nedzink.com\/wp-content\/uploads\/import\/cms\/userfiles\/images\/schaar1.jpg"},{"@type":"BreadcrumbList","@id":"https:\/\/www.nedzink.com\/de\/werkzeuge\/#breadcrumb","itemListElement":[{"@type":"ListItem","position":1,"name":"Home","item":"https:\/\/www.nedzink.com\/de\/"},{"@type":"ListItem","position":2,"name":"Werkzeuge"}]},{"@type":"WebSite","@id":"https:\/\/www.nedzink.com\/de\/#website","url":"https:\/\/www.nedzink.com\/de\/","name":"NedZink","description":"Zink fabrikant","publisher":{"@id":"https:\/\/www.nedzink.com\/de\/#organization"},"potentialAction":[{"@type":"SearchAction","target":{"@type":"EntryPoint","urlTemplate":"https:\/\/www.nedzink.com\/de\/?s={search_term_string}"},"query-input":{"@type":"PropertyValueSpecification","valueRequired":true,"valueName":"search_term_string"}}],"inLanguage":"de"},{"@type":"Organization","@id":"https:\/\/www.nedzink.com\/de\/#organization","name":"NedZink","url":"https:\/\/www.nedzink.com\/de\/","logo":{"@type":"ImageObject","inLanguage":"de","@id":"https:\/\/www.nedzink.com\/de\/#\/schema\/logo\/image\/","url":"https:\/\/www.nedzink.com\/wp-content\/uploads\/2019\/08\/logo-nedzink_fc_zk.jpg","contentUrl":"https:\/\/www.nedzink.com\/wp-content\/uploads\/2019\/08\/logo-nedzink_fc_zk.jpg","width":2160,"height":688,"caption":"NedZink"},"image":{"@id":"https:\/\/www.nedzink.com\/de\/#\/schema\/logo\/image\/"}}]}},"_links":{"self":[{"href":"https:\/\/www.nedzink.com\/de\/wp-json\/wp\/v2\/pages\/30683","targetHints":{"allow":["GET"]}}],"collection":[{"href":"https:\/\/www.nedzink.com\/de\/wp-json\/wp\/v2\/pages"}],"about":[{"href":"https:\/\/www.nedzink.com\/de\/wp-json\/wp\/v2\/types\/page"}],"author":[{"embeddable":true,"href":"https:\/\/www.nedzink.com\/de\/wp-json\/wp\/v2\/users\/9"}],"replies":[{"embeddable":true,"href":"https:\/\/www.nedzink.com\/de\/wp-json\/wp\/v2\/comments?post=30683"}],"version-history":[{"count":0,"href":"https:\/\/www.nedzink.com\/de\/wp-json\/wp\/v2\/pages\/30683\/revisions"}],"wp:attachment":[{"href":"https:\/\/www.nedzink.com\/de\/wp-json\/wp\/v2\/media?parent=30683"}],"curies":[{"name":"wp","href":"https:\/\/api.w.org\/{rel}","templated":true}]}}