{"id":30663,"date":"2019-06-04T14:54:05","date_gmt":"2019-06-04T12:54:05","guid":{"rendered":"http:\/\/136.144.181.85\/~nedzink\/techn-informationen\/verarbeitungs-und-montagerichtlinien\/werkzeuge-und-maschinen\/"},"modified":"2019-08-13T14:46:07","modified_gmt":"2019-08-13T12:46:07","slug":"werkzeuge-und-maschinen","status":"publish","type":"page","link":"https:\/\/www.nedzink.com\/de\/werkzeuge-und-maschinen\/","title":{"rendered":"Werkzeuge und Maschinen"},"content":{"rendered":"[vc_row][vc_column][vc_column_text css=&#8220;.vc_custom_1565700360323{margin-bottom: 0px !important;}&#8220;]\n<div class=\"contentStyle\" style=\"margin: 10px 0px 10px 0px;\">\n<p>Die Wurzeln des Klempnerhandwerks lassen sich bis ins sp\u00e4te 14. Jahrhundert zur\u00fcckverfolgen. Mit der Herstellung von Zinkblechen ab 1810 wurde ein neuer Grundstein f\u00fcr das Baugewerbe gelegt und entsprechend sind Schritt f\u00fcr Schritt neue Produkte wie Regenrinnen, Ablaufrohre und Ornamente entstanden. F\u00fcr die Verarbeitung der Metallbleche und Herstellung von Produkten, ist parallel die Entwicklung der Werkzeuge und Maschinen fortgeschritten. Was damals in m\u00fchsamer und zeitaufw\u00e4ndiger Handarbeit erstellt wurde, wird heute mit modernen Methoden der Blechumformung, -verarbeitung und Blechverbindungs-techniken erreicht. Aus wirtschaftlichen Gr\u00fcnden hat die industrielle Vorfertigung der Produkte und Serienfertigung immer mehr an Bedeutung gewonnen. Dadurch sind inzwischen sogar computergesteuerte Fertigungsanlagen inkl. Roboterunterst\u00fctzung f\u00fcr z.B. die Herstellung von Dachentw\u00e4sserungszubeh\u00f6r im Einsatz.<\/p>\n<p>Um eine fachgerechte, saubere und wirtschaftliche Arbeit abliefern zu k\u00f6nnen, sind entsprechende Werkzeuge und Maschinen unumg\u00e4nglich. Allerdings besteht auch die M\u00f6glichkeit, Falzscharen, Kassetten, Paneele und Bauprofile bei Metallverarbeitungs- und Kantbetrieben vorfertigen zu lassen.<\/p>\n<\/div>\n[\/vc_column_text][\/vc_column][\/vc_row]\n","protected":false},"excerpt":{"rendered":"<p>[vc_row][vc_column][vc_column_text css=&#8220;.vc_custom_1565700360323{margin-bottom: 0px !important;}&#8220;] Die Wurzeln des Klempnerhandwerks lassen sich bis ins sp\u00e4te 14. Jahrhundert zur\u00fcckverfolgen. Mit der Herstellung von Zinkblechen ab 1810 wurde ein neuer Grundstein f\u00fcr das Baugewerbe gelegt und entsprechend sind Schritt f\u00fcr Schritt neue Produkte wie Regenrinnen, Ablaufrohre und Ornamente entstanden. F\u00fcr die Verarbeitung der Metallbleche und Herstellung von Produkten, ist [&hellip;]<\/p>\n","protected":false},"author":9,"featured_media":0,"parent":0,"menu_order":610,"comment_status":"closed","ping_status":"closed","template":"template-import.php","meta":{"_acf_changed":false,"footnotes":""},"class_list":["post-30663","page","type-page","status-publish","hentry"],"acf":[],"yoast_head":"<!-- This site is optimized with the Yoast SEO plugin v26.8 - https:\/\/yoast.com\/product\/yoast-seo-wordpress\/ -->\n<title>Werkzeuge und Maschinen \u2013 NedZink<\/title>\n<meta name=\"robots\" content=\"index, follow, max-snippet:-1, max-image-preview:large, max-video-preview:-1\" \/>\n<link rel=\"canonical\" href=\"https:\/\/www.nedzink.com\/de\/werkzeuge-und-maschinen\/\" \/>\n<meta property=\"og:locale\" content=\"de_DE\" \/>\n<meta property=\"og:type\" content=\"article\" \/>\n<meta property=\"og:title\" content=\"Werkzeuge und Maschinen \u2013 NedZink\" \/>\n<meta property=\"og:description\" content=\"[vc_row][vc_column][vc_column_text css=&#8220;.vc_custom_1565700360323{margin-bottom: 0px !important;}&#8220;] Die Wurzeln des Klempnerhandwerks lassen sich bis ins sp\u00e4te 14. Jahrhundert zur\u00fcckverfolgen. Mit der Herstellung von Zinkblechen ab 1810 wurde ein neuer Grundstein f\u00fcr das Baugewerbe gelegt und entsprechend sind Schritt f\u00fcr Schritt neue Produkte wie Regenrinnen, Ablaufrohre und Ornamente entstanden. F\u00fcr die Verarbeitung der Metallbleche und Herstellung von Produkten, ist [&hellip;]\" \/>\n<meta property=\"og:url\" content=\"https:\/\/www.nedzink.com\/de\/werkzeuge-und-maschinen\/\" \/>\n<meta property=\"og:site_name\" content=\"NedZink\" \/>\n<meta property=\"article:modified_time\" content=\"2019-08-13T12:46:07+00:00\" \/>\n<meta name=\"twitter:card\" content=\"summary_large_image\" \/>\n<meta name=\"twitter:label1\" content=\"Gesch\u00e4tzte Lesezeit\" \/>\n\t<meta name=\"twitter:data1\" content=\"1\u00a0Minute\" \/>\n<script type=\"application\/ld+json\" class=\"yoast-schema-graph\">{\"@context\":\"https:\/\/schema.org\",\"@graph\":[{\"@type\":\"WebPage\",\"@id\":\"https:\/\/www.nedzink.com\/de\/werkzeuge-und-maschinen\/\",\"url\":\"https:\/\/www.nedzink.com\/de\/werkzeuge-und-maschinen\/\",\"name\":\"Werkzeuge und Maschinen \u2013 NedZink\",\"isPartOf\":{\"@id\":\"https:\/\/www.nedzink.com\/de\/#website\"},\"datePublished\":\"2019-06-04T12:54:05+00:00\",\"dateModified\":\"2019-08-13T12:46:07+00:00\",\"breadcrumb\":{\"@id\":\"https:\/\/www.nedzink.com\/de\/werkzeuge-und-maschinen\/#breadcrumb\"},\"inLanguage\":\"de\",\"potentialAction\":[{\"@type\":\"ReadAction\",\"target\":[\"https:\/\/www.nedzink.com\/de\/werkzeuge-und-maschinen\/\"]}]},{\"@type\":\"BreadcrumbList\",\"@id\":\"https:\/\/www.nedzink.com\/de\/werkzeuge-und-maschinen\/#breadcrumb\",\"itemListElement\":[{\"@type\":\"ListItem\",\"position\":1,\"name\":\"Home\",\"item\":\"https:\/\/www.nedzink.com\/de\/\"},{\"@type\":\"ListItem\",\"position\":2,\"name\":\"Werkzeuge und Maschinen\"}]},{\"@type\":\"WebSite\",\"@id\":\"https:\/\/www.nedzink.com\/de\/#website\",\"url\":\"https:\/\/www.nedzink.com\/de\/\",\"name\":\"NedZink\",\"description\":\"Zink fabrikant\",\"publisher\":{\"@id\":\"https:\/\/www.nedzink.com\/de\/#organization\"},\"potentialAction\":[{\"@type\":\"SearchAction\",\"target\":{\"@type\":\"EntryPoint\",\"urlTemplate\":\"https:\/\/www.nedzink.com\/de\/?s={search_term_string}\"},\"query-input\":{\"@type\":\"PropertyValueSpecification\",\"valueRequired\":true,\"valueName\":\"search_term_string\"}}],\"inLanguage\":\"de\"},{\"@type\":\"Organization\",\"@id\":\"https:\/\/www.nedzink.com\/de\/#organization\",\"name\":\"NedZink\",\"url\":\"https:\/\/www.nedzink.com\/de\/\",\"logo\":{\"@type\":\"ImageObject\",\"inLanguage\":\"de\",\"@id\":\"https:\/\/www.nedzink.com\/de\/#\/schema\/logo\/image\/\",\"url\":\"https:\/\/www.nedzink.com\/wp-content\/uploads\/2019\/08\/logo-nedzink_fc_zk.jpg\",\"contentUrl\":\"https:\/\/www.nedzink.com\/wp-content\/uploads\/2019\/08\/logo-nedzink_fc_zk.jpg\",\"width\":2160,\"height\":688,\"caption\":\"NedZink\"},\"image\":{\"@id\":\"https:\/\/www.nedzink.com\/de\/#\/schema\/logo\/image\/\"}}]}<\/script>\n<!-- \/ Yoast SEO plugin. -->","yoast_head_json":{"title":"Werkzeuge und Maschinen \u2013 NedZink","robots":{"index":"index","follow":"follow","max-snippet":"max-snippet:-1","max-image-preview":"max-image-preview:large","max-video-preview":"max-video-preview:-1"},"canonical":"https:\/\/www.nedzink.com\/de\/werkzeuge-und-maschinen\/","og_locale":"de_DE","og_type":"article","og_title":"Werkzeuge und Maschinen \u2013 NedZink","og_description":"[vc_row][vc_column][vc_column_text css=&#8220;.vc_custom_1565700360323{margin-bottom: 0px !important;}&#8220;] Die Wurzeln des Klempnerhandwerks lassen sich bis ins sp\u00e4te 14. Jahrhundert zur\u00fcckverfolgen. Mit der Herstellung von Zinkblechen ab 1810 wurde ein neuer Grundstein f\u00fcr das Baugewerbe gelegt und entsprechend sind Schritt f\u00fcr Schritt neue Produkte wie Regenrinnen, Ablaufrohre und Ornamente entstanden. F\u00fcr die Verarbeitung der Metallbleche und Herstellung von Produkten, ist [&hellip;]","og_url":"https:\/\/www.nedzink.com\/de\/werkzeuge-und-maschinen\/","og_site_name":"NedZink","article_modified_time":"2019-08-13T12:46:07+00:00","twitter_card":"summary_large_image","twitter_misc":{"Gesch\u00e4tzte Lesezeit":"1\u00a0Minute"},"schema":{"@context":"https:\/\/schema.org","@graph":[{"@type":"WebPage","@id":"https:\/\/www.nedzink.com\/de\/werkzeuge-und-maschinen\/","url":"https:\/\/www.nedzink.com\/de\/werkzeuge-und-maschinen\/","name":"Werkzeuge und Maschinen \u2013 NedZink","isPartOf":{"@id":"https:\/\/www.nedzink.com\/de\/#website"},"datePublished":"2019-06-04T12:54:05+00:00","dateModified":"2019-08-13T12:46:07+00:00","breadcrumb":{"@id":"https:\/\/www.nedzink.com\/de\/werkzeuge-und-maschinen\/#breadcrumb"},"inLanguage":"de","potentialAction":[{"@type":"ReadAction","target":["https:\/\/www.nedzink.com\/de\/werkzeuge-und-maschinen\/"]}]},{"@type":"BreadcrumbList","@id":"https:\/\/www.nedzink.com\/de\/werkzeuge-und-maschinen\/#breadcrumb","itemListElement":[{"@type":"ListItem","position":1,"name":"Home","item":"https:\/\/www.nedzink.com\/de\/"},{"@type":"ListItem","position":2,"name":"Werkzeuge und Maschinen"}]},{"@type":"WebSite","@id":"https:\/\/www.nedzink.com\/de\/#website","url":"https:\/\/www.nedzink.com\/de\/","name":"NedZink","description":"Zink fabrikant","publisher":{"@id":"https:\/\/www.nedzink.com\/de\/#organization"},"potentialAction":[{"@type":"SearchAction","target":{"@type":"EntryPoint","urlTemplate":"https:\/\/www.nedzink.com\/de\/?s={search_term_string}"},"query-input":{"@type":"PropertyValueSpecification","valueRequired":true,"valueName":"search_term_string"}}],"inLanguage":"de"},{"@type":"Organization","@id":"https:\/\/www.nedzink.com\/de\/#organization","name":"NedZink","url":"https:\/\/www.nedzink.com\/de\/","logo":{"@type":"ImageObject","inLanguage":"de","@id":"https:\/\/www.nedzink.com\/de\/#\/schema\/logo\/image\/","url":"https:\/\/www.nedzink.com\/wp-content\/uploads\/2019\/08\/logo-nedzink_fc_zk.jpg","contentUrl":"https:\/\/www.nedzink.com\/wp-content\/uploads\/2019\/08\/logo-nedzink_fc_zk.jpg","width":2160,"height":688,"caption":"NedZink"},"image":{"@id":"https:\/\/www.nedzink.com\/de\/#\/schema\/logo\/image\/"}}]}},"_links":{"self":[{"href":"https:\/\/www.nedzink.com\/de\/wp-json\/wp\/v2\/pages\/30663","targetHints":{"allow":["GET"]}}],"collection":[{"href":"https:\/\/www.nedzink.com\/de\/wp-json\/wp\/v2\/pages"}],"about":[{"href":"https:\/\/www.nedzink.com\/de\/wp-json\/wp\/v2\/types\/page"}],"author":[{"embeddable":true,"href":"https:\/\/www.nedzink.com\/de\/wp-json\/wp\/v2\/users\/9"}],"replies":[{"embeddable":true,"href":"https:\/\/www.nedzink.com\/de\/wp-json\/wp\/v2\/comments?post=30663"}],"version-history":[{"count":0,"href":"https:\/\/www.nedzink.com\/de\/wp-json\/wp\/v2\/pages\/30663\/revisions"}],"wp:attachment":[{"href":"https:\/\/www.nedzink.com\/de\/wp-json\/wp\/v2\/media?parent=30663"}],"curies":[{"name":"wp","href":"https:\/\/api.w.org\/{rel}","templated":true}]}}