{"id":30653,"date":"2019-06-04T14:54:03","date_gmt":"2019-06-04T12:54:03","guid":{"rendered":"http:\/\/136.144.181.85\/~nedzink\/techn-informationen\/verarbeitungs-und-montagerichtlinien\/loten\/"},"modified":"2024-05-28T14:54:53","modified_gmt":"2024-05-28T12:54:53","slug":"loten","status":"publish","type":"page","link":"https:\/\/www.nedzink.com\/de\/loten\/","title":{"rendered":"L\u00f6ten"},"content":{"rendered":"[vc_row][vc_column][vc_column_text css=&#8220;.vc_custom_1716900768935{margin-bottom: 0px !important;}&#8220;]\n<div class=\"contentStyle\" style=\"margin: 10px 0px 10px 0px;\">\n<p>Ein gro\u00dfer Vorteil von NedZink liegt in der M\u00f6glichkeit, die F\u00fcgetechnik \u201eWeichl\u00f6ten\u201c als Verbindungstechnik einzusetzen.<br \/>\nIn Bereichen mit der Anforderung an dauerhaft feste und wasserdichte Verbindungen (z.B. Rinnen) wird mittels eines Kupferl\u00f6tkolbens und Blei-Zinnlot gearbeitet.<\/p>\n<p>Der L\u00f6tvorgang f\u00fcr das Weichl\u00f6ten von NedZink spezifiziert sich f\u00fcr drei vorkommende Oberfl\u00e4chen:<\/p>\n<p><strong>NedZink NATUREL<\/strong> \u2013 walzblank<br \/>\n<strong>NedZink NOVA<\/strong> \u2013 vorbewittert<br \/>\n<strong>Nat\u00fcrlich bewitterte NedZink Oberfl\u00e4chen<\/strong> \u2013 Reparatur<br \/>\n<strong>NedZink NOIR<\/strong>\u00a0\u2013\u00a0vorbewittert<br \/>\n<strong>NedZink Pro-Tec<\/strong>\u00a0\u2013 r\u00fcckseitenbeschichtet<\/p>\n<p><span style=\"font-size: 16px;\"><strong>Lot:<\/strong><\/span><br \/>\nBlei-Zinn Lot: S \u2013 Pb60 Sn40 (Sb) nach DIN EN 29453<br \/>\nSchmelzbereich: 183 \u00b0C &#8211; 235 \u00b0C<\/p>\n<p><span style=\"font-size: 16px;\"><strong>Flussmittel:<\/strong><\/span><br \/>\n<strong>Walzblank\/Reparatur:<\/strong><br \/>\nAlle Flussmittel f\u00fcr Zink\/Feinzink F-SW 11 nach DIN EN 29454.1 3.2.2 A; sowie bei Reparaturen auch Felder \u201eZD-spezial\u201c \u2013 oder gleichwertig.<br \/>\n<u><strong><br \/>\n<\/strong><\/u><strong>NedZink NOVA; NedZink NEO; NedZink NOIR; NedZink Pro-Tec:<\/strong><br \/>\nTOP FENIX 500 MS \/ Oberhausen; F-SW 11 nach DIN EN 29454.1 2.2.2 A \u2013 oder gleichwertig.<u><\/u><\/p>\n<p><u><strong><br \/>\n<\/strong><\/u><span style=\"font-size: 16px;\"><strong>Nahtvorbereitung:<br \/>\n<\/strong><\/span>Alle zu l\u00f6tenden Nahtbereiche m\u00fcssen frei von Schmutz, Fett\/\u00d6l und Wasser sein. Bei schon vormontierten Bauteilen auf der Baustelle sind diese ggf. zu reinigen.<\/p>\n<p>Die Nahtvorbereitung f\u00fcr die vorbewitterten Oberfl\u00e4chen unterscheidet sich grundlegend vom Vorgehen f\u00fcr die walzblanke Oberfl\u00e4che von NedZink NATUREL. Bei den Oberfl\u00e4chen NedZink NOVA, NedZink NOIR, NedZink NEO und NedZink Pro-Tec sind ggf. sowohl die Schicht der Vorbewitterung, als auch die zus\u00e4tzliche tempor\u00e4re transparente Schutzschicht vollst\u00e4ndig zu entfernen. Dies erfordert f\u00fcr solche L\u00f6tn\u00e4hte einen erh\u00f6hten Zeit- als auch Arbeitsaufwand, welcher ggf. kalkulatorisch zu ber\u00fccksichtigen ist.<\/p>\n<p><strong>Walzblank <\/strong>\u2013 Bei NedZink NATUREL ist keine spezielle Nahtvorbereitung erforderlich. Die Nahtzone dreiseitig mit L\u00f6twasser einstreichen.<br \/>\n<strong>NedZink NOVA &#8211; NedZink NEO &#8211; NedZink NOIR &#8211; NedZink Pro-Tec<\/strong> \u2013 Bei NedZink NOVA , -NEO, -NOIR und -Pro-Tec sind sowohl die tempor\u00e4re, transparente Schutzschicht, als auch die Vorpatinierung chemisch zu entfernen. Dies kann mit verschiedenen Ma\u00dfnahmen erfolgen:<\/p>\n<ul>\n<li>L\u00f6twasser &#8222;TOP FENIX 500 MS&#8220; dreiseitig (Unterdeckung oben \/ \u00dcberdeckung oben \/ \u00dcberdeckung unten) \u2013 auftragen und einwirken lassen. Dann die gel\u00f6ste Oberfl\u00e4che mit einem trockenen Tuch abwischen. Vorgang ggf. wiederholen.<\/li>\n<li>Die Nahtzone bei beiden zu verbindenden Blechen abrasiv mit Schaber oder Schleifvlies bzw. NiRo Stahlwolle walzblank ohne R\u00fcckst\u00e4nde vorbereiten.<\/li>\n<\/ul>\n<p><strong><span style=\"font-size: 16px;\">Reparatur<\/span>\u00a0<\/strong>\u2013\u00a0Es empfiehlt sich immer, die vorhandenen Oxyd- und Schmutzschichten abrasiv, z.B. mit einem Schaber zu entfernen. Die blanke Nahtzone dann von Schmutz\/Staub gr\u00fcndlich s\u00e4ubern. Die Nahtzone dreiseitig mit L\u00f6twasser einstreichen.<\/p>\n<p><span style=\"font-size: 16px;\"><strong>Nahtbreite\/\u00dcberlappung:<\/strong><\/span><br \/>\nHorizontal: 10 mm<br \/>\nVertikal: 5 mm<\/p>\n<p><span style=\"font-size: 16px;\"><strong>L\u00f6tspalt:<\/strong><\/span><br \/>\n\u22640,5 mm<\/p>\n<p><span style=\"font-size: 16px;\"><strong>L\u00f6tkolben:<\/strong><\/span><br \/>\nL\u00f6tkolben aus Kupfer.<br \/>\nGewicht = min. 350 g mit gegl\u00e4tteter und verzinnter Finne<\/p>\n<p><span style=\"font-size: 16px;\"><strong>L\u00f6tvorgang:<br \/>\n<\/strong><\/span><strong>Walzblank: <\/strong>Die Naht ist in einem L\u00f6tvorgang durchzul\u00f6ten. Die Nahtbreite ist vollst\u00e4ndig mit Lot auszuf\u00fcllen. \u201eLotbesatz\u201c auf der Nahtoberfl\u00e4che ergibt keine zus\u00e4tzliche Festigkeit.<br \/>\n<strong>Vorpatiniert\/Reparatur:<\/strong> Zus\u00e4tzlich zum vorgesagten, ist die Naht mit einem nochmaligen Auftrag von L\u00f6twasser zu versehen. Die Temperatur des L\u00f6tkolbens sollte etwas \u00fcber der f\u00fcr walzblanke\u00a0Oberfl\u00e4chen liegen.<\/p>\n<p><span style=\"font-size: 16px;\"><strong>Nahtreinigung:<\/strong><\/span><br \/>\nEs ist darauf zu achten, dass die Oberfl\u00e4chen nicht durch verschmierte bzw. herunterlaufende Flussmittelreste optisch beeintr\u00e4chtigt werden.\u00a0L\u00f6twasser- bzw. Flussmittelreste sind sofort nach Beendigung des L\u00f6tvorganges sorgf\u00e4ltig mit Wasser und saugf\u00e4higem Lappen zu entfernen.<\/p>\n<\/div>\n[\/vc_column_text][\/vc_column][\/vc_row]\n","protected":false},"excerpt":{"rendered":"<p>[vc_row][vc_column][vc_column_text css=&#8220;.vc_custom_1716900768935{margin-bottom: 0px !important;}&#8220;] Ein gro\u00dfer Vorteil von NedZink liegt in der M\u00f6glichkeit, die F\u00fcgetechnik \u201eWeichl\u00f6ten\u201c als Verbindungstechnik einzusetzen. In Bereichen mit der Anforderung an dauerhaft feste und wasserdichte Verbindungen (z.B. Rinnen) wird mittels eines Kupferl\u00f6tkolbens und Blei-Zinnlot gearbeitet. Der L\u00f6tvorgang f\u00fcr das Weichl\u00f6ten von NedZink spezifiziert sich f\u00fcr drei vorkommende Oberfl\u00e4chen: NedZink NATUREL \u2013 [&hellip;]<\/p>\n","protected":false},"author":9,"featured_media":0,"parent":0,"menu_order":600,"comment_status":"closed","ping_status":"closed","template":"template-import.php","meta":{"_acf_changed":false,"footnotes":""},"class_list":["post-30653","page","type-page","status-publish","hentry"],"acf":[],"yoast_head":"<!-- This site is optimized with the Yoast SEO plugin v26.8 - https:\/\/yoast.com\/product\/yoast-seo-wordpress\/ -->\n<title>L\u00f6ten \u2013 NedZink<\/title>\n<meta name=\"robots\" content=\"index, follow, max-snippet:-1, max-image-preview:large, max-video-preview:-1\" \/>\n<link rel=\"canonical\" href=\"https:\/\/www.nedzink.com\/de\/loten\/\" \/>\n<meta property=\"og:locale\" content=\"de_DE\" \/>\n<meta property=\"og:type\" content=\"article\" \/>\n<meta property=\"og:title\" content=\"L\u00f6ten \u2013 NedZink\" \/>\n<meta property=\"og:description\" content=\"[vc_row][vc_column][vc_column_text css=&#8220;.vc_custom_1716900768935{margin-bottom: 0px !important;}&#8220;] Ein gro\u00dfer Vorteil von NedZink liegt in der M\u00f6glichkeit, die F\u00fcgetechnik \u201eWeichl\u00f6ten\u201c als Verbindungstechnik einzusetzen. In Bereichen mit der Anforderung an dauerhaft feste und wasserdichte Verbindungen (z.B. Rinnen) wird mittels eines Kupferl\u00f6tkolbens und Blei-Zinnlot gearbeitet. Der L\u00f6tvorgang f\u00fcr das Weichl\u00f6ten von NedZink spezifiziert sich f\u00fcr drei vorkommende Oberfl\u00e4chen: NedZink NATUREL \u2013 [&hellip;]\" \/>\n<meta property=\"og:url\" content=\"https:\/\/www.nedzink.com\/de\/loten\/\" \/>\n<meta property=\"og:site_name\" content=\"NedZink\" \/>\n<meta property=\"article:modified_time\" content=\"2024-05-28T12:54:53+00:00\" \/>\n<meta name=\"twitter:card\" content=\"summary_large_image\" \/>\n<meta name=\"twitter:label1\" content=\"Gesch\u00e4tzte Lesezeit\" \/>\n\t<meta name=\"twitter:data1\" content=\"3\u00a0Minuten\" \/>\n<script type=\"application\/ld+json\" class=\"yoast-schema-graph\">{\"@context\":\"https:\/\/schema.org\",\"@graph\":[{\"@type\":\"WebPage\",\"@id\":\"https:\/\/www.nedzink.com\/de\/loten\/\",\"url\":\"https:\/\/www.nedzink.com\/de\/loten\/\",\"name\":\"L\u00f6ten \u2013 NedZink\",\"isPartOf\":{\"@id\":\"https:\/\/www.nedzink.com\/de\/#website\"},\"datePublished\":\"2019-06-04T12:54:03+00:00\",\"dateModified\":\"2024-05-28T12:54:53+00:00\",\"breadcrumb\":{\"@id\":\"https:\/\/www.nedzink.com\/de\/loten\/#breadcrumb\"},\"inLanguage\":\"de\",\"potentialAction\":[{\"@type\":\"ReadAction\",\"target\":[\"https:\/\/www.nedzink.com\/de\/loten\/\"]}]},{\"@type\":\"BreadcrumbList\",\"@id\":\"https:\/\/www.nedzink.com\/de\/loten\/#breadcrumb\",\"itemListElement\":[{\"@type\":\"ListItem\",\"position\":1,\"name\":\"Home\",\"item\":\"https:\/\/www.nedzink.com\/de\/\"},{\"@type\":\"ListItem\",\"position\":2,\"name\":\"L\u00f6ten\"}]},{\"@type\":\"WebSite\",\"@id\":\"https:\/\/www.nedzink.com\/de\/#website\",\"url\":\"https:\/\/www.nedzink.com\/de\/\",\"name\":\"NedZink\",\"description\":\"Zink fabrikant\",\"publisher\":{\"@id\":\"https:\/\/www.nedzink.com\/de\/#organization\"},\"potentialAction\":[{\"@type\":\"SearchAction\",\"target\":{\"@type\":\"EntryPoint\",\"urlTemplate\":\"https:\/\/www.nedzink.com\/de\/?s={search_term_string}\"},\"query-input\":{\"@type\":\"PropertyValueSpecification\",\"valueRequired\":true,\"valueName\":\"search_term_string\"}}],\"inLanguage\":\"de\"},{\"@type\":\"Organization\",\"@id\":\"https:\/\/www.nedzink.com\/de\/#organization\",\"name\":\"NedZink\",\"url\":\"https:\/\/www.nedzink.com\/de\/\",\"logo\":{\"@type\":\"ImageObject\",\"inLanguage\":\"de\",\"@id\":\"https:\/\/www.nedzink.com\/de\/#\/schema\/logo\/image\/\",\"url\":\"https:\/\/www.nedzink.com\/wp-content\/uploads\/2019\/08\/logo-nedzink_fc_zk.jpg\",\"contentUrl\":\"https:\/\/www.nedzink.com\/wp-content\/uploads\/2019\/08\/logo-nedzink_fc_zk.jpg\",\"width\":2160,\"height\":688,\"caption\":\"NedZink\"},\"image\":{\"@id\":\"https:\/\/www.nedzink.com\/de\/#\/schema\/logo\/image\/\"}}]}<\/script>\n<!-- \/ Yoast SEO plugin. -->","yoast_head_json":{"title":"L\u00f6ten \u2013 NedZink","robots":{"index":"index","follow":"follow","max-snippet":"max-snippet:-1","max-image-preview":"max-image-preview:large","max-video-preview":"max-video-preview:-1"},"canonical":"https:\/\/www.nedzink.com\/de\/loten\/","og_locale":"de_DE","og_type":"article","og_title":"L\u00f6ten \u2013 NedZink","og_description":"[vc_row][vc_column][vc_column_text css=&#8220;.vc_custom_1716900768935{margin-bottom: 0px !important;}&#8220;] Ein gro\u00dfer Vorteil von NedZink liegt in der M\u00f6glichkeit, die F\u00fcgetechnik \u201eWeichl\u00f6ten\u201c als Verbindungstechnik einzusetzen. In Bereichen mit der Anforderung an dauerhaft feste und wasserdichte Verbindungen (z.B. Rinnen) wird mittels eines Kupferl\u00f6tkolbens und Blei-Zinnlot gearbeitet. Der L\u00f6tvorgang f\u00fcr das Weichl\u00f6ten von NedZink spezifiziert sich f\u00fcr drei vorkommende Oberfl\u00e4chen: NedZink NATUREL \u2013 [&hellip;]","og_url":"https:\/\/www.nedzink.com\/de\/loten\/","og_site_name":"NedZink","article_modified_time":"2024-05-28T12:54:53+00:00","twitter_card":"summary_large_image","twitter_misc":{"Gesch\u00e4tzte Lesezeit":"3\u00a0Minuten"},"schema":{"@context":"https:\/\/schema.org","@graph":[{"@type":"WebPage","@id":"https:\/\/www.nedzink.com\/de\/loten\/","url":"https:\/\/www.nedzink.com\/de\/loten\/","name":"L\u00f6ten \u2013 NedZink","isPartOf":{"@id":"https:\/\/www.nedzink.com\/de\/#website"},"datePublished":"2019-06-04T12:54:03+00:00","dateModified":"2024-05-28T12:54:53+00:00","breadcrumb":{"@id":"https:\/\/www.nedzink.com\/de\/loten\/#breadcrumb"},"inLanguage":"de","potentialAction":[{"@type":"ReadAction","target":["https:\/\/www.nedzink.com\/de\/loten\/"]}]},{"@type":"BreadcrumbList","@id":"https:\/\/www.nedzink.com\/de\/loten\/#breadcrumb","itemListElement":[{"@type":"ListItem","position":1,"name":"Home","item":"https:\/\/www.nedzink.com\/de\/"},{"@type":"ListItem","position":2,"name":"L\u00f6ten"}]},{"@type":"WebSite","@id":"https:\/\/www.nedzink.com\/de\/#website","url":"https:\/\/www.nedzink.com\/de\/","name":"NedZink","description":"Zink fabrikant","publisher":{"@id":"https:\/\/www.nedzink.com\/de\/#organization"},"potentialAction":[{"@type":"SearchAction","target":{"@type":"EntryPoint","urlTemplate":"https:\/\/www.nedzink.com\/de\/?s={search_term_string}"},"query-input":{"@type":"PropertyValueSpecification","valueRequired":true,"valueName":"search_term_string"}}],"inLanguage":"de"},{"@type":"Organization","@id":"https:\/\/www.nedzink.com\/de\/#organization","name":"NedZink","url":"https:\/\/www.nedzink.com\/de\/","logo":{"@type":"ImageObject","inLanguage":"de","@id":"https:\/\/www.nedzink.com\/de\/#\/schema\/logo\/image\/","url":"https:\/\/www.nedzink.com\/wp-content\/uploads\/2019\/08\/logo-nedzink_fc_zk.jpg","contentUrl":"https:\/\/www.nedzink.com\/wp-content\/uploads\/2019\/08\/logo-nedzink_fc_zk.jpg","width":2160,"height":688,"caption":"NedZink"},"image":{"@id":"https:\/\/www.nedzink.com\/de\/#\/schema\/logo\/image\/"}}]}},"_links":{"self":[{"href":"https:\/\/www.nedzink.com\/de\/wp-json\/wp\/v2\/pages\/30653","targetHints":{"allow":["GET"]}}],"collection":[{"href":"https:\/\/www.nedzink.com\/de\/wp-json\/wp\/v2\/pages"}],"about":[{"href":"https:\/\/www.nedzink.com\/de\/wp-json\/wp\/v2\/types\/page"}],"author":[{"embeddable":true,"href":"https:\/\/www.nedzink.com\/de\/wp-json\/wp\/v2\/users\/9"}],"replies":[{"embeddable":true,"href":"https:\/\/www.nedzink.com\/de\/wp-json\/wp\/v2\/comments?post=30653"}],"version-history":[{"count":4,"href":"https:\/\/www.nedzink.com\/de\/wp-json\/wp\/v2\/pages\/30653\/revisions"}],"predecessor-version":[{"id":130807,"href":"https:\/\/www.nedzink.com\/de\/wp-json\/wp\/v2\/pages\/30653\/revisions\/130807"}],"wp:attachment":[{"href":"https:\/\/www.nedzink.com\/de\/wp-json\/wp\/v2\/media?parent=30653"}],"curies":[{"name":"wp","href":"https:\/\/api.w.org\/{rel}","templated":true}]}}